{"id":383,"date":"2018-05-21T14:16:53","date_gmt":"2018-05-21T12:16:53","guid":{"rendered":"http:\/\/www.beloved.si\/?page_id=383"},"modified":"2024-07-10T22:13:19","modified_gmt":"2024-07-10T20:13:19","slug":"zasady-ochrany-osobnich-udajui-2","status":"publish","type":"page","link":"https:\/\/belovedlingerie.com\/cz\/zasady-ochrany-osobnich-udajui-2\/","title":{"rendered":"Z\u00e1sady ochrany osobn\u00edch \u00fadaj\u016f"},"content":{"rendered":"<div class=\"container section-title-container\" ><h3 class=\"section-title section-title-center\"><b><\/b><span class=\"section-title-main\" ><i class=\"icon-heart\" ><\/i>Z\u00c1SADY OCHRANY OSOBN\u00cdCH \u00daDAJ\u016e<\/span><b><\/b><\/h3><\/div>\n<ol>\n<li><strong>Z\u00e1kladn\u00ed ustanoven\u00ed<\/strong><\/li>\n<\/ol>\n<p>V souladu se Z\u00e1konem o ochran\u011b osobn\u00edch \u00fadaj\u016f (ZVOP) se spole\u010dnost zavazuje chr\u00e1nit d\u016fv\u011brnost osobn\u00edch \u00fadaj\u016f a soukrom\u00ed u\u017eivatel\u016f internetov\u00e9ho obchodu Belovedfashion.cz. Spole\u010dnost shroma\u017e\u010fuje osobn\u00ed \u00fadaje pouze v p\u0159\u00edpad\u011b, \u017ee je u\u017eivatel poskytne dobrovoln\u011b a podep\u00ed\u0161e prohl\u00e1\u0161en\u00ed o opr\u00e1vn\u011bn\u00ed ke shroma\u017e\u010fov\u00e1n\u00ed, uchov\u00e1v\u00e1n\u00ed a zpracov\u00e1v\u00e1n\u00ed osobn\u00edch \u00fadaj\u016f v souladu se z\u00e1konem. Spole\u010dnost se zavazuje uchov\u00e1vat a pou\u017e\u00edvat shrom\u00e1\u017ed\u011bn\u00e9 \u00fadaje pouze po dobu nezbytn\u011b nutnou k dosa\u017een\u00ed \u00fa\u010delu, pro kter\u00fd byly shrom\u00e1\u017ed\u011bny. Spole\u010dnost nep\u0159ed\u00e1v\u00e1 osobn\u00ed \u00fadaje u\u017eivatel\u016f \u017e\u00e1dn\u00e9 jin\u00e9 fyzick\u00e9 ani pr\u00e1vnick\u00e9 osob\u011b.<\/p>\n<ol start=\"2\">\n<li><strong>Pou\u017eit\u00ed osobn\u00edch \u00fadaj\u016f<\/strong><\/li>\n<\/ol>\n<p>Spole\u010dnost shroma\u017e\u010fuje, spravuje, zpracov\u00e1v\u00e1 a uchov\u00e1v\u00e1 n\u00e1sleduj\u00edc\u00ed u\u017eivatelsk\u00e1 data za \u00fa\u010delem poskytov\u00e1n\u00ed slu\u017eeb, kter\u00e9 nab\u00edz\u00ed:<\/p>\n<ul>\n<li>jm\u00e9no a p\u0159\u00edjmen\u00ed;<\/li>\n<li>dodac\u00ed adresy;<\/li>\n<li>spole\u010dnost nebo n\u00e1zev pr\u00e1vnick\u00e9 osoby (je-li u\u017eivatelem pr\u00e1vnick\u00e1 osoba);<\/li>\n<li>da\u0148ov\u00e9 \u010d\u00edslo pr\u00e1vnick\u00e9 osoby (je-li u\u017eivatelem pr\u00e1vnick\u00e1 osoba);<\/li>\n<li>e-mailov\u00e1 adresa (u\u017eivatelsk\u00e9 jm\u00e9no);<\/li>\n<li>heslo v za\u0161ifrovan\u00e9 podob\u011b;<\/li>\n<li>kontaktn\u00ed telefonn\u00ed \u010d\u00edslo;<\/li>\n<li>zem\u011b trval\u00e9ho pobytu;<\/li>\n<li>dal\u0161\u00ed \u00fadaje, kter\u00e9 u\u017eivatel zad\u00e1v\u00e1 dobrovoln\u011b do formul\u00e1\u0159\u016f v internetov\u00e9m obchod\u011b;<\/li>\n<li>dal\u0161\u00ed \u00fadaje, kter\u00e9 u\u017eivatel dobrovoln\u011b p\u0159id\u00e1 pozd\u011bji do sv\u00e9ho profilu.<\/li>\n<\/ul>\n<p>Spole\u010dnost neodpov\u00edd\u00e1 za spr\u00e1vnost, \u00faplnost a aktu\u00e1lnost \u00fadaj\u016f zad\u00e1van\u00fdch u\u017eivateli.<\/p>\n<p>Na za\u010d\u00e1tku ka\u017ed\u00e9ho pou\u017e\u00edv\u00e1n\u00ed internetov\u00e9ho obchodu prodejce p\u0159i\u0159ad\u00ed cookie k identifikaci, sledov\u00e1n\u00ed n\u00e1kupn\u00edho ko\u0161\u00edku a zaji\u0161t\u011bn\u00ed sledovatelnosti (tj. \u201ecookie\u201c), kter\u00fd je ulo\u017een v pam\u011bti serveru pouze po dobu n\u00e1v\u0161t\u011bvy internetov\u00e9ho obchodu a sma\u017ee se, po jedn\u00e9 hodin\u011b ne\u010dinnosti. Prodejce m\u016f\u017ee tak\u00e9 ukl\u00e1dat ur\u010dit\u00e9 trval\u00e9 soubory cookie na osobn\u00ed po\u010d\u00edta\u010d z\u00e1kazn\u00edka, jako je nap\u0159. identifika\u010dn\u00ed \u010d\u00edslo u\u017eivatele v za\u0161ifrovan\u00e9 podob\u011b pro identifikaci p\u0159i p\u0159\u00ed\u0161t\u00ed n\u00e1v\u0161t\u011bv\u011b internetov\u00e9ho obchodu nebo hodnocen\u00ed zbo\u017e\u00ed, pomoc\u00ed kter\u00e9ho kupec v\u00ed, kter\u00e9 polo\u017eky ji\u017e byly hodnoceny, a nep\u0159\u00edmo extern\u00ed cookies Google Analytics pou\u017e\u00edvan\u00e9 k anal\u00fdze n\u00e1v\u0161t\u011bvnosti webu. Prodejce m\u016f\u017ee tyto \u00fadaje pou\u017e\u00edt v anonymizovan\u00e9m souhrnn\u00e9m formul\u00e1\u0159i pro \u00fa\u010dely statistick\u00e9 anal\u00fdzy. Prodejce pro \u00fa\u010dely zaji\u0161t\u011bn\u00ed online bezpe\u010dnosti shroma\u017e\u010fuje tak\u00e9 IP adresy, ze kter\u00fdch u\u017eivatel\u00e9 p\u0159istupuj\u00ed do internetov\u00e9ho obchodu.<\/p>\n<ol start=\"3\">\n<li><strong>\u00da\u010del pou\u017eit\u00ed<\/strong><\/li>\n<\/ol>\n<p>Osobn\u00ed \u00fadaje z\u00edskan\u00e9 prost\u0159ednictv\u00edm webov\u00fd str\u00e1nky https:\/\/belovedlingerie.com\/cz\/ za \u00fa\u010delem online n\u00e1kupu slou\u017e\u00ed v\u00fdhradn\u011b pro \u00fa\u010dely uskute\u010dn\u011bn\u00ed a doru\u010den\u00ed objedn\u00e1vky.<\/p>\n<p>Souhlas s uchov\u00e1v\u00e1n\u00edm, zpracov\u00e1n\u00edm a p\u0159enosem osobn\u00edch \u00fadaj\u016f \u00fa\u010dast\u00ed v sout\u011b\u017ey nebo p\u0159ihl\u00e1\u0161en\u00edm k odb\u011bru novinek prost\u0159ednictv\u00edm e-mailu umo\u017e\u0148uje u\u017eivatel spole\u010dnosti Beloved d.o.o. zpracov\u00e1n\u00ed a uchov\u00e1v\u00e1n\u00ed p\u0159ed\u00e1van\u00fdch osobn\u00edch \u00fadaj\u016f v souladu se Z\u00e1konem o ochran\u011b osobn\u00edch \u00fadaj\u016f. U\u017eivatel ud\u011blen\u00fdm souhlasem umo\u017e\u0148uje spole\u010dnosti Beloved d.o.o., jako\u017eto spr\u00e1vci osobn\u00ed datab\u00e1ze, zpracov\u00e1vat shrom\u00e1\u017ed\u011bn\u00e9 osobn\u00ed \u00fadaje pro \u00fa\u010dely vzorkov\u00e1n\u00ed, pr\u016fzkum\u016f a statistick\u00e9ho zpracov\u00e1n\u00ed dat, zji\u0161\u0165ovat vyu\u017eit\u00ed slu\u017eeb, upravovat nab\u00eddku a segmentaci, pr\u016fzkum trhu, nab\u00eddkov\u00e9 informace, novinky a v\u00fdhody, za zas\u00edl\u00e1n\u00ed novinek prost\u0159ednictv\u00edm e-mailu, telefonn\u00edho \u010d\u00edsla a jin\u00fdch reklamn\u00edch materi\u00e1l\u016f, informov\u00e1n\u00ed u\u017eivatel\u016f o slu\u017eb\u00e1ch internetov\u00e9ho obchodu https:\/\/belovedlingerie.com\/cz\/ a spole\u010dnosti Beloved d.o.o. a pro dal\u0161\u00ed formy vyu\u017eit\u00ed poskytnut\u00fdch \u00fadaj\u016f, se kter\u00fdmi u\u017eivatel webu v\u00fdslovn\u011b souhlas\u00ed. Shrom\u00e1\u017ed\u011bn\u00e9 \u00fadaje nebudou p\u0159ed\u00e1ny t\u0159et\u00edm stran\u00e1m.<\/p>\n<p>Uveden\u00e9 \u00fadaje m\u016f\u017ee spole\u010dnost pro vlastn\u00ed pot\u0159ebu zpracov\u00e1vat a\u017e do odvol\u00e1n\u00ed souhlasu s \u017e\u00e1dost\u00ed o odstran\u011bn\u00ed osobn\u00edch \u00fadaj\u016f z datab\u00e1ze, jinak pouze po dobu nezbytn\u011b nutnou k dosa\u017een\u00ed \u00fa\u010delu, pro kter\u00fd byly \u00fadaje shrom\u00e1\u017ed\u011bny, tzn. 10 let pro registrovan\u00e9 u\u017eivatele webu https:\/\/belovedlingerie.com\/cz\/, 10 m\u011bs\u00edc\u016f pro \u00fa\u010dastn\u00edky sout\u011b\u017ei, 10 let pro v\u00edt\u011bze sout\u011b\u017ei a dokud se odb\u011bratel neodhl\u00e1s\u00ed z odb\u011bru novinek nebo dokud provozovatel neukon\u010d\u00ed \u010dinnost na trhu. P\u0159i spr\u00e1v\u011b osobn\u00edch \u00fadaj\u016f m\u00e1 fyzick\u00e1 osoba mo\u017enost na vy\u017e\u00e1d\u00e1n\u00ed nahl\u00ed\u017eet a aktualizovat \u00fadaje v datab\u00e1zi.<\/p>\n<ol start=\"4\">\n<li><strong>P\u0159\u00edjemci osobn\u00edch \u00fadaj\u016f<\/strong><\/li>\n<\/ol>\n<p>Va\u0161e osobn\u00ed \u00fadaje jsou u\u017e\u00edv\u00e1ny v\u00fdhradn\u011b pro na\u0161e intern\u00ed pot\u0159eby, a to pouze z v\u00fd\u0161e uveden\u00fdch d\u016fvod\u016f. Ve\u0161ker\u00e9 nezbytn\u00e9 slu\u017eby ohledn\u011b osobn\u00edch \u00fadaj\u016f v\u0161ak nezaji\u0161t\u030cujeme pouze vlastn\u00edmi silami, vyu\u017e\u00edv\u00e1me i slu\u017eeb t\u0159et\u00edch stran (specializovan\u00fdch spole\u010dnost\u00ed). Se t\u0159et\u00edmi stranami, kter\u00fdm Va\u0161e osobn\u00ed \u00fadaje poskytneme, m\u00e1me uzav\u0159enou smlouvu, na z\u00e1klad\u011b, kter\u00e9 jsme schopni zajistit a chr\u00e1nit Va\u0161e pr\u00e1va v oblasti ochrany osobn\u00edch \u00fadaj\u016f.<\/p>\n<p>V r\u00e1mci Va\u0161\u00ed objedn\u00e1vky proto mohou b\u00fdt osobn\u00ed \u00fadaje p\u0159ed\u00e1v\u00e1ny dopravn\u00edm spole\u010dnostem. Mimo objedn\u00e1vku zpracov\u00e1v\u00e1me Va\u0161e osobn\u00ed \u00fadaje v informa\u010dn\u00edch, analytick\u00fdch a marketingov\u00fdch syst\u00e9mech t\u0159et\u00edch stran, kter\u00e9 nezbytn\u011b pot\u0159ebujeme pro na\u0161e podnik\u00e1n\u00ed.<\/p>\n<p>\u017d\u00e1dn\u00e9 t\u0159et\u00ed stran\u011b p\u0159itom osobn\u00ed \u00fadaje nep\u0159ed\u00e1v\u00e1me za \u00fa\u010delem jejich dal\u0161\u00edho zpracov\u00e1n\u00ed.<\/p>\n<ol start=\"5\">\n<li><strong>Implementace z\u00e1sad ochrany osobn\u00edch \u00fadaj\u016f<\/strong><\/li>\n<\/ol>\n<p>V\u0161ichni zam\u011bstnanci spole\u010dnosti, kte\u0159\u00ed maj\u00ed p\u0159\u00edstup k osobn\u00edm a jin\u00fdm \u00fadaj\u016fm u\u017eivatel\u016f, jsou si v\u011bdomi povinnosti chr\u00e1nit osobn\u00ed a jin\u00e9 \u00fadaje a jsou povinni dodr\u017eovat tato ustanoven\u00ed o ochran\u011b d\u016fv\u011brnosti osobn\u00edch \u00fadaj\u016f a soukrom\u00ed u\u017eivatel\u016f internetov\u00e9ho obchodu. Povinnost chr\u00e1nit osobn\u00ed a dal\u0161\u00ed \u00fadaje plat\u00ed po neomezenou dobu, a to i po ukon\u010den\u00ed pracovn\u00edho pom\u011bru se spole\u010dnost\u00ed.<\/p>\n<p>Registrovan\u00ed u\u017eivatel\u00e9 mohou kdykoli p\u0159estat pou\u017e\u00edvat internetov\u00fd obchod a mohou svou registraci zru\u0161it. \u010cin\u00ed tak p\u00edsemn\u00fdm ozn\u00e1men\u00edm spole\u010dnosti o zru\u0161en\u00ed registrace. P\u0159ed pod\u00e1n\u00edm prohl\u00e1\u0161en\u00ed o zru\u0161en\u00ed registrace mus\u00ed u\u017eivatel uhradit ve\u0161ker\u00e9 neuhrazen\u00e9 platby z n\u00e1kup\u016f v internetov\u00e9m obchod\u011b https:\/\/belovedlingerie.com\/cz\/. V r\u00e1mci t\u011bchto z\u00e1sad ochrany osobn\u00edch \u00fadaj\u016f bude spole\u010dnost chr\u00e1nit d\u016fv\u011brnost osobn\u00edch \u00fadaj\u016f a soukrom\u00ed u\u017eivatel\u016f internetov\u00e9ho obchodu i v p\u0159\u00edpad\u011b zru\u0161en\u00ed registrace.<\/p>\n<ol start=\"6\">\n<li><strong>Dal\u0161\u00ed vysv\u011btlen\u00ed<\/strong><\/li>\n<\/ol>\n<p>Ve\u0161ker\u00e9 dotazy t\u00fdkaj\u00edc\u00ed se d\u016fv\u011brnosti va\u0161ich \u00fadaj\u016f, zp\u016fsobu shroma\u017e\u010fov\u00e1n\u00ed a zpracov\u00e1n\u00ed \u00fadaj\u016f nebo sv\u00e9 \u017e\u00e1dosti o uplatn\u011bn\u00ed pr\u00e1v v souvislosti s va\u0161imi \u00fadaji m\u016f\u017eete sm\u011b\u0159ovat na na\u0161i e-mailovou adresu info@belovedlingerie.com.<\/p>\n","protected":false},"excerpt":{"rendered":"<p>Z\u00e1kladn\u00ed ustanoven\u00ed V souladu se Z\u00e1konem o ochran\u011b osobn\u00edch \u00fadaj\u016f (ZVOP) se spole\u010dnost zavazuje chr\u00e1nit d\u016fv\u011brnost osobn\u00edch \u00fadaj\u016f a soukrom\u00ed u\u017eivatel\u016f internetov\u00e9ho obchodu Belovedfashion.cz. Spole\u010dnost shroma\u017e\u010fuje osobn\u00ed \u00fadaje pouze v p\u0159\u00edpad\u011b, \u017ee je u\u017eivatel poskytne dobrovoln\u011b a podep\u00ed\u0161e prohl\u00e1\u0161en\u00ed o opr\u00e1vn\u011bn\u00ed ke shroma\u017e\u010fov\u00e1n\u00ed, uchov\u00e1v\u00e1n\u00ed a zpracov\u00e1v\u00e1n\u00ed osobn\u00edch \u00fadaj\u016f v souladu se z\u00e1konem. Spole\u010dnost se zavazuje [&#8230;]\n","protected":false},"author":5,"featured_media":0,"parent":0,"menu_order":0,"comment_status":"closed","ping_status":"closed","template":"","meta":{"_acf_changed":false,"footnotes":""},"class_list":["post-383","page","type-page","status-publish","hentry"],"acf":[],"yoast_head":"<!-- This site is optimized with the Yoast SEO plugin v22.3 - https:\/\/yoast.com\/wordpress\/plugins\/seo\/ -->\n<title>Z\u00e1sady ochrany osobn\u00edch \u00fadaj\u016f - Beloved Lingerie<\/title>\n<meta name=\"robots\" content=\"index, follow, max-snippet:-1, max-image-preview:large, max-video-preview:-1\" \/>\n<link rel=\"canonical\" href=\"https:\/\/belovedlingerie.com\/cz\/zasady-ochrany-osobnich-udajui-2\/\" \/>\n<meta property=\"og:locale\" content=\"cs_CZ\" \/>\n<meta property=\"og:type\" content=\"article\" \/>\n<meta property=\"og:title\" content=\"Z\u00e1sady ochrany osobn\u00edch \u00fadaj\u016f - Beloved Lingerie\" \/>\n<meta property=\"og:description\" content=\"Z\u00e1kladn\u00ed ustanoven\u00ed V souladu se Z\u00e1konem o ochran\u011b osobn\u00edch \u00fadaj\u016f (ZVOP) se spole\u010dnost zavazuje chr\u00e1nit d\u016fv\u011brnost osobn\u00edch \u00fadaj\u016f a soukrom\u00ed u\u017eivatel\u016f internetov\u00e9ho obchodu Belovedfashion.cz. Spole\u010dnost shroma\u017e\u010fuje osobn\u00ed \u00fadaje pouze v p\u0159\u00edpad\u011b, \u017ee je u\u017eivatel poskytne dobrovoln\u011b a podep\u00ed\u0161e prohl\u00e1\u0161en\u00ed o opr\u00e1vn\u011bn\u00ed ke shroma\u017e\u010fov\u00e1n\u00ed, uchov\u00e1v\u00e1n\u00ed a zpracov\u00e1v\u00e1n\u00ed osobn\u00edch \u00fadaj\u016f v souladu se z\u00e1konem. Spole\u010dnost se zavazuje [...]\" \/>\n<meta property=\"og:url\" content=\"https:\/\/belovedlingerie.com\/cz\/zasady-ochrany-osobnich-udajui-2\/\" \/>\n<meta property=\"og:site_name\" content=\"Beloved Lingerie\" \/>\n<meta property=\"article:modified_time\" content=\"2024-07-10T20:13:19+00:00\" \/>\n<meta name=\"twitter:card\" content=\"summary_large_image\" \/>\n<meta name=\"twitter:label1\" content=\"Odhadovan\u00e1 doba \u010dten\u00ed\" \/>\n\t<meta name=\"twitter:data1\" content=\"5 minut\" \/>\n<script type=\"application\/ld+json\" class=\"yoast-schema-graph\">{\"@context\":\"https:\/\/schema.org\",\"@graph\":[{\"@type\":\"WebPage\",\"@id\":\"https:\/\/belovedlingerie.com\/cz\/zasady-ochrany-osobnich-udajui-2\/\",\"url\":\"https:\/\/belovedlingerie.com\/cz\/zasady-ochrany-osobnich-udajui-2\/\",\"name\":\"Z\u00e1sady ochrany osobn\u00edch \u00fadaj\u016f - Beloved Lingerie\",\"isPartOf\":{\"@id\":\"https:\/\/belovedlingerie.com\/cz\/#website\"},\"datePublished\":\"2018-05-21T12:16:53+00:00\",\"dateModified\":\"2024-07-10T20:13:19+00:00\",\"breadcrumb\":{\"@id\":\"https:\/\/belovedlingerie.com\/cz\/zasady-ochrany-osobnich-udajui-2\/#breadcrumb\"},\"inLanguage\":\"cs\",\"potentialAction\":[{\"@type\":\"ReadAction\",\"target\":[\"https:\/\/belovedlingerie.com\/cz\/zasady-ochrany-osobnich-udajui-2\/\"]}]},{\"@type\":\"BreadcrumbList\",\"@id\":\"https:\/\/belovedlingerie.com\/cz\/zasady-ochrany-osobnich-udajui-2\/#breadcrumb\",\"itemListElement\":[{\"@type\":\"ListItem\",\"position\":1,\"name\":\"Home\",\"item\":\"https:\/\/belovedlingerie.com\/cz\/\"},{\"@type\":\"ListItem\",\"position\":2,\"name\":\"Z\u00e1sady ochrany osobn\u00edch \u00fadaj\u016f\"}]},{\"@type\":\"WebSite\",\"@id\":\"https:\/\/belovedlingerie.com\/cz\/#website\",\"url\":\"https:\/\/belovedlingerie.com\/cz\/\",\"name\":\"Beloved Lingerie\",\"description\":\"Your beloved fashion store!\",\"potentialAction\":[{\"@type\":\"SearchAction\",\"target\":{\"@type\":\"EntryPoint\",\"urlTemplate\":\"https:\/\/belovedlingerie.com\/cz\/?s={search_term_string}\"},\"query-input\":\"required name=search_term_string\"}],\"inLanguage\":\"cs\"}]}<\/script>\n<!-- \/ Yoast SEO plugin. -->","yoast_head_json":{"title":"Z\u00e1sady ochrany osobn\u00edch \u00fadaj\u016f - Beloved Lingerie","robots":{"index":"index","follow":"follow","max-snippet":"max-snippet:-1","max-image-preview":"max-image-preview:large","max-video-preview":"max-video-preview:-1"},"canonical":"https:\/\/belovedlingerie.com\/cz\/zasady-ochrany-osobnich-udajui-2\/","og_locale":"cs_CZ","og_type":"article","og_title":"Z\u00e1sady ochrany osobn\u00edch \u00fadaj\u016f - Beloved Lingerie","og_description":"Z\u00e1kladn\u00ed ustanoven\u00ed V souladu se Z\u00e1konem o ochran\u011b osobn\u00edch \u00fadaj\u016f (ZVOP) se spole\u010dnost zavazuje chr\u00e1nit d\u016fv\u011brnost osobn\u00edch \u00fadaj\u016f a soukrom\u00ed u\u017eivatel\u016f internetov\u00e9ho obchodu Belovedfashion.cz. Spole\u010dnost shroma\u017e\u010fuje osobn\u00ed \u00fadaje pouze v p\u0159\u00edpad\u011b, \u017ee je u\u017eivatel poskytne dobrovoln\u011b a podep\u00ed\u0161e prohl\u00e1\u0161en\u00ed o opr\u00e1vn\u011bn\u00ed ke shroma\u017e\u010fov\u00e1n\u00ed, uchov\u00e1v\u00e1n\u00ed a zpracov\u00e1v\u00e1n\u00ed osobn\u00edch \u00fadaj\u016f v souladu se z\u00e1konem. Spole\u010dnost se zavazuje [...]","og_url":"https:\/\/belovedlingerie.com\/cz\/zasady-ochrany-osobnich-udajui-2\/","og_site_name":"Beloved Lingerie","article_modified_time":"2024-07-10T20:13:19+00:00","twitter_card":"summary_large_image","twitter_misc":{"Odhadovan\u00e1 doba \u010dten\u00ed":"5 minut"},"schema":{"@context":"https:\/\/schema.org","@graph":[{"@type":"WebPage","@id":"https:\/\/belovedlingerie.com\/cz\/zasady-ochrany-osobnich-udajui-2\/","url":"https:\/\/belovedlingerie.com\/cz\/zasady-ochrany-osobnich-udajui-2\/","name":"Z\u00e1sady ochrany osobn\u00edch \u00fadaj\u016f - Beloved Lingerie","isPartOf":{"@id":"https:\/\/belovedlingerie.com\/cz\/#website"},"datePublished":"2018-05-21T12:16:53+00:00","dateModified":"2024-07-10T20:13:19+00:00","breadcrumb":{"@id":"https:\/\/belovedlingerie.com\/cz\/zasady-ochrany-osobnich-udajui-2\/#breadcrumb"},"inLanguage":"cs","potentialAction":[{"@type":"ReadAction","target":["https:\/\/belovedlingerie.com\/cz\/zasady-ochrany-osobnich-udajui-2\/"]}]},{"@type":"BreadcrumbList","@id":"https:\/\/belovedlingerie.com\/cz\/zasady-ochrany-osobnich-udajui-2\/#breadcrumb","itemListElement":[{"@type":"ListItem","position":1,"name":"Home","item":"https:\/\/belovedlingerie.com\/cz\/"},{"@type":"ListItem","position":2,"name":"Z\u00e1sady ochrany osobn\u00edch \u00fadaj\u016f"}]},{"@type":"WebSite","@id":"https:\/\/belovedlingerie.com\/cz\/#website","url":"https:\/\/belovedlingerie.com\/cz\/","name":"Beloved Lingerie","description":"Your beloved fashion store!","potentialAction":[{"@type":"SearchAction","target":{"@type":"EntryPoint","urlTemplate":"https:\/\/belovedlingerie.com\/cz\/?s={search_term_string}"},"query-input":"required name=search_term_string"}],"inLanguage":"cs"}]}},"_links":{"self":[{"href":"https:\/\/belovedlingerie.com\/cz\/wp-json\/wp\/v2\/pages\/383","targetHints":{"allow":["GET"]}}],"collection":[{"href":"https:\/\/belovedlingerie.com\/cz\/wp-json\/wp\/v2\/pages"}],"about":[{"href":"https:\/\/belovedlingerie.com\/cz\/wp-json\/wp\/v2\/types\/page"}],"author":[{"embeddable":true,"href":"https:\/\/belovedlingerie.com\/cz\/wp-json\/wp\/v2\/users\/5"}],"replies":[{"embeddable":true,"href":"https:\/\/belovedlingerie.com\/cz\/wp-json\/wp\/v2\/comments?post=383"}],"version-history":[{"count":2,"href":"https:\/\/belovedlingerie.com\/cz\/wp-json\/wp\/v2\/pages\/383\/revisions"}],"predecessor-version":[{"id":10060791,"href":"https:\/\/belovedlingerie.com\/cz\/wp-json\/wp\/v2\/pages\/383\/revisions\/10060791"}],"wp:attachment":[{"href":"https:\/\/belovedlingerie.com\/cz\/wp-json\/wp\/v2\/media?parent=383"}],"curies":[{"name":"wp","href":"https:\/\/api.w.org\/{rel}","templated":true}]}}