{"id":436,"date":"2018-05-22T11:09:01","date_gmt":"2018-05-22T09:09:01","guid":{"rendered":"http:\/\/www.beloved.si\/?page_id=436"},"modified":"2025-08-17T17:22:18","modified_gmt":"2025-08-17T15:22:18","slug":"kontakt","status":"publish","type":"page","link":"https:\/\/belovedlingerie.com\/cz\/kontakt\/","title":{"rendered":"Kontakt"},"content":{"rendered":"\r\n<div class=\"container section-title-container\" ><h3 class=\"section-title section-title-center\"><b><\/b><span class=\"section-title-main\" ><i class=\"icon-heart\" ><\/i>KONTAKT<\/span><b><\/b><\/h3><\/div> <div class=\"row align-equal row-box-shadow-3\"  id=\"row-556955852\"> <\/div>\r\n<p data-start=\"62\" data-end=\"373\"><strong data-start=\"62\" data-end=\"84\">N\u00e1zev spole\u010dnosti:<\/strong> BELOVED, spletna prodaja in druge storitve, d.o.o.<br data-start=\"135\" data-end=\"138\" \/><strong data-start=\"138\" data-end=\"149\">Adresa:<\/strong> Jezdarska ulica 8a, 2000 Maribor, Slovinsko<br data-start=\"193\" data-end=\"196\" \/><strong data-start=\"196\" data-end=\"217\">DI\u010c (ID pro DPH):<\/strong> SI65892267<br data-start=\"228\" data-end=\"231\" \/><strong data-start=\"231\" data-end=\"249\" data-is-only-node=\"\">Mati\u010dn\u00ed \u010d\u00edslo:<\/strong> 8563349000<br data-start=\"260\" data-end=\"263\" \/><strong data-start=\"263\" data-end=\"282\">Registrov\u00e1no u:<\/strong> Okresn\u00edho soudu v Mariboru<br data-start=\"309\" data-end=\"312\" \/><strong data-start=\"312\" data-end=\"321\">IBAN:<\/strong> SI56 0400 0028 1414 110 (vedeno u OTP banka d.d.)<\/p>\r\n<p data-start=\"375\" data-end=\"483\">\ud83d\udce7 <strong data-start=\"378\" data-end=\"389\">E-mail:<\/strong> <a class=\"cursor-pointer\" rel=\"noopener\" data-start=\"390\" data-end=\"405\">info@belovedlingerie.com<\/a><br data-start=\"439\" data-end=\"442\" \/>\ud83d\udd52 <strong data-start=\"445\" data-end=\"463\" data-is-only-node=\"\">Pracovn\u00ed doba:<\/strong> Po\u2013P\u00e1: 7:00\u201315:00<\/p>\r\n<p data-start=\"485\" data-end=\"536\"><strong data-start=\"485\" data-end=\"502\">Sledujte n\u00e1s:<\/strong><br data-start=\"502\" data-end=\"505\" \/><a href=\"https:\/\/www.instagram.com\/yourbelovedlingerie\/?hl=en\">Instagram<\/a> | <a href=\"https:\/\/web.facebook.com\/belovedlingerie\/?_rdc=1&amp;_rdr#\">Facebook\u00a0<\/a><\/p>\r\n","protected":false},"excerpt":{"rendered":"","protected":false},"author":5,"featured_media":0,"parent":0,"menu_order":0,"comment_status":"closed","ping_status":"closed","template":"","meta":{"_acf_changed":false,"footnotes":""},"class_list":["post-436","page","type-page","status-publish","hentry"],"acf":[],"yoast_head":"<!-- This site is optimized with the Yoast SEO plugin v22.3 - https:\/\/yoast.com\/wordpress\/plugins\/seo\/ -->\n<title>Kontakt - Beloved Lingerie<\/title>\n<meta name=\"robots\" content=\"index, follow, max-snippet:-1, max-image-preview:large, max-video-preview:-1\" \/>\n<link rel=\"canonical\" href=\"https:\/\/belovedlingerie.com\/cz\/kontakt\/\" \/>\n<meta property=\"og:locale\" content=\"cs_CZ\" \/>\n<meta property=\"og:type\" content=\"article\" \/>\n<meta property=\"og:title\" content=\"Kontakt - Beloved Lingerie\" \/>\n<meta property=\"og:url\" content=\"https:\/\/belovedlingerie.com\/cz\/kontakt\/\" \/>\n<meta property=\"og:site_name\" content=\"Beloved Lingerie\" \/>\n<meta property=\"article:modified_time\" content=\"2025-08-17T15:22:18+00:00\" \/>\n<meta name=\"twitter:card\" content=\"summary_large_image\" \/>\n<meta name=\"twitter:label1\" content=\"Odhadovan\u00e1 doba \u010dten\u00ed\" \/>\n\t<meta name=\"twitter:data1\" content=\"1 minuta\" \/>\n<script type=\"application\/ld+json\" class=\"yoast-schema-graph\">{\"@context\":\"https:\/\/schema.org\",\"@graph\":[{\"@type\":\"WebPage\",\"@id\":\"https:\/\/belovedlingerie.com\/cz\/kontakt\/\",\"url\":\"https:\/\/belovedlingerie.com\/cz\/kontakt\/\",\"name\":\"Kontakt - Beloved Lingerie\",\"isPartOf\":{\"@id\":\"https:\/\/belovedlingerie.com\/cz\/#website\"},\"datePublished\":\"2018-05-22T09:09:01+00:00\",\"dateModified\":\"2025-08-17T15:22:18+00:00\",\"breadcrumb\":{\"@id\":\"https:\/\/belovedlingerie.com\/cz\/kontakt\/#breadcrumb\"},\"inLanguage\":\"cs\",\"potentialAction\":[{\"@type\":\"ReadAction\",\"target\":[\"https:\/\/belovedlingerie.com\/cz\/kontakt\/\"]}]},{\"@type\":\"BreadcrumbList\",\"@id\":\"https:\/\/belovedlingerie.com\/cz\/kontakt\/#breadcrumb\",\"itemListElement\":[{\"@type\":\"ListItem\",\"position\":1,\"name\":\"Home\",\"item\":\"https:\/\/belovedlingerie.com\/cz\/\"},{\"@type\":\"ListItem\",\"position\":2,\"name\":\"Kontakt\"}]},{\"@type\":\"WebSite\",\"@id\":\"https:\/\/belovedlingerie.com\/cz\/#website\",\"url\":\"https:\/\/belovedlingerie.com\/cz\/\",\"name\":\"Beloved Lingerie\",\"description\":\"Your beloved fashion store!\",\"potentialAction\":[{\"@type\":\"SearchAction\",\"target\":{\"@type\":\"EntryPoint\",\"urlTemplate\":\"https:\/\/belovedlingerie.com\/cz\/?s={search_term_string}\"},\"query-input\":\"required name=search_term_string\"}],\"inLanguage\":\"cs\"}]}<\/script>\n<!-- \/ Yoast SEO plugin. -->","yoast_head_json":{"title":"Kontakt - Beloved Lingerie","robots":{"index":"index","follow":"follow","max-snippet":"max-snippet:-1","max-image-preview":"max-image-preview:large","max-video-preview":"max-video-preview:-1"},"canonical":"https:\/\/belovedlingerie.com\/cz\/kontakt\/","og_locale":"cs_CZ","og_type":"article","og_title":"Kontakt - Beloved Lingerie","og_url":"https:\/\/belovedlingerie.com\/cz\/kontakt\/","og_site_name":"Beloved Lingerie","article_modified_time":"2025-08-17T15:22:18+00:00","twitter_card":"summary_large_image","twitter_misc":{"Odhadovan\u00e1 doba \u010dten\u00ed":"1 minuta"},"schema":{"@context":"https:\/\/schema.org","@graph":[{"@type":"WebPage","@id":"https:\/\/belovedlingerie.com\/cz\/kontakt\/","url":"https:\/\/belovedlingerie.com\/cz\/kontakt\/","name":"Kontakt - Beloved Lingerie","isPartOf":{"@id":"https:\/\/belovedlingerie.com\/cz\/#website"},"datePublished":"2018-05-22T09:09:01+00:00","dateModified":"2025-08-17T15:22:18+00:00","breadcrumb":{"@id":"https:\/\/belovedlingerie.com\/cz\/kontakt\/#breadcrumb"},"inLanguage":"cs","potentialAction":[{"@type":"ReadAction","target":["https:\/\/belovedlingerie.com\/cz\/kontakt\/"]}]},{"@type":"BreadcrumbList","@id":"https:\/\/belovedlingerie.com\/cz\/kontakt\/#breadcrumb","itemListElement":[{"@type":"ListItem","position":1,"name":"Home","item":"https:\/\/belovedlingerie.com\/cz\/"},{"@type":"ListItem","position":2,"name":"Kontakt"}]},{"@type":"WebSite","@id":"https:\/\/belovedlingerie.com\/cz\/#website","url":"https:\/\/belovedlingerie.com\/cz\/","name":"Beloved Lingerie","description":"Your beloved fashion store!","potentialAction":[{"@type":"SearchAction","target":{"@type":"EntryPoint","urlTemplate":"https:\/\/belovedlingerie.com\/cz\/?s={search_term_string}"},"query-input":"required name=search_term_string"}],"inLanguage":"cs"}]}},"_links":{"self":[{"href":"https:\/\/belovedlingerie.com\/cz\/wp-json\/wp\/v2\/pages\/436","targetHints":{"allow":["GET"]}}],"collection":[{"href":"https:\/\/belovedlingerie.com\/cz\/wp-json\/wp\/v2\/pages"}],"about":[{"href":"https:\/\/belovedlingerie.com\/cz\/wp-json\/wp\/v2\/types\/page"}],"author":[{"embeddable":true,"href":"https:\/\/belovedlingerie.com\/cz\/wp-json\/wp\/v2\/users\/5"}],"replies":[{"embeddable":true,"href":"https:\/\/belovedlingerie.com\/cz\/wp-json\/wp\/v2\/comments?post=436"}],"version-history":[{"count":4,"href":"https:\/\/belovedlingerie.com\/cz\/wp-json\/wp\/v2\/pages\/436\/revisions"}],"predecessor-version":[{"id":10070858,"href":"https:\/\/belovedlingerie.com\/cz\/wp-json\/wp\/v2\/pages\/436\/revisions\/10070858"}],"wp:attachment":[{"href":"https:\/\/belovedlingerie.com\/cz\/wp-json\/wp\/v2\/media?parent=436"}],"curies":[{"name":"wp","href":"https:\/\/api.w.org\/{rel}","templated":true}]}}