{"id":10060573,"date":"2024-04-05T07:04:35","date_gmt":"2024-04-05T05:04:35","guid":{"rendered":"https:\/\/belovedlingerie.com\/cz\/izdelek\/bezdratova-podprsenka-victoria-bezova\/"},"modified":"2025-11-26T11:07:59","modified_gmt":"2025-11-26T10:07:59","slug":"bezdratova-podprsenka-victoria-bezova","status":"publish","type":"product","link":"https:\/\/belovedlingerie.com\/cz\/izdelek\/bezdratova-podprsenka-victoria-bezova\/","title":{"rendered":"Bezdr\u00e1tov\u00e1 podprsenka VICTORIA b\u00e9\u017eov\u00e1"},"content":{"rendered":"<ul>\n<li><span class=\"Y2IQFc\" lang=\"cs\">Bezdr\u00e1tov\u00e1 podprsenka z p\u0159\u00edjemn\u00fdch materi\u00e1l\u016f. <\/span><\/li>\n<li>Stre\u010dov\u00e1 podprsenka neobsahuje podp\u016frn\u00fd dr\u00e1t, je pohodln\u00e1 pro ka\u017edodenn\u00ed no\u0161en\u00ed a nen\u00ed pod oble\u010den\u00edm vid\u011bt.<\/li>\n<li>Pohodln\u00e1 a stylov\u00e1.<\/li>\n<li>Nastaviteln\u00fd ramenn\u00ed popruh.<\/li>\n<li>Detail krajky.<\/li>\n<li>Barva: b\u00e9\u017eov\u00e1.<\/li>\n<li><span class=\"Y2IQFc\" lang=\"cs\">Vyrobeno z m\u011bkk\u00fdch materi\u00e1l\u016f \u0161etrn\u00fdch k poko\u017ece.<\/span><\/li>\n<li>Modelka m\u00e1 na sob\u011b \u010d\u00edslo S.<\/li>\n<li>Barvy spodn\u00edho pr\u00e1dla na obr\u00e1zc\u00edch se mohou m\u00edrn\u011b li\u0161it od skute\u010dn\u00fdch barev v d\u016fsledku nastaven\u00ed telefonu nebo po\u010d\u00edta\u010de.<\/li>\n<li>Slo\u017een\u00ed: Pod\u0161\u00edvka: 82% nylon, 18% spandex; Vn\u011bj\u0161\u00ed 1: 90 % modal, 10 % Spandex, Vn\u011bj\u0161\u00ed 2: 83 % Nylon, 17 % Spandex.<\/li>\n<\/ul>\n","protected":false},"excerpt":{"rendered":"<p>Bezdr\u00e1tov\u00e1 podprsenka z p\u0159\u00edjemn\u00fdch materi\u00e1l\u016f. Stre\u010dov\u00e1 podprsenka neobsahuje podp\u016frn\u00fd dr\u00e1t, je pohodln\u00e1 pro ka\u017edodenn\u00ed no\u0161en\u00ed a nen\u00ed pod oble\u010den\u00edm vid\u011bt. Pohodln\u00e1 a stylov\u00e1. Nastaviteln\u00fd ramenn\u00ed popruh. Detail krajky. Barva: b\u00e9\u017eov\u00e1. Vyrobeno z m\u011bkk\u00fdch materi\u00e1l\u016f \u0161etrn\u00fdch k poko\u017ece. Modelka m\u00e1 na sob\u011b \u010d\u00edslo S. Barvy spodn\u00edho pr\u00e1dla na obr\u00e1zc\u00edch se mohou m\u00edrn\u011b li\u0161it od skute\u010dn\u00fdch barev [&#8230;]\n","protected":false},"featured_media":10060143,"comment_status":"open","ping_status":"closed","template":"","meta":{"_acf_changed":false},"product_cat":[198,227,199],"product_tag":[],"class_list":{"0":"post-10060573","1":"product","2":"type-product","3":"status-publish","4":"has-post-thumbnail","6":"product_cat-back-to-basics","7":"product_cat-bezesve-spodni-pradlo","8":"product_cat-podprsenky","10":"first","11":"outofstock","12":"taxable","13":"shipping-taxable","14":"purchasable","15":"product-type-variable"},"bundled_by":[],"bundle_stock_status":"outofstock","bundle_stock_quantity":null,"bundle_virtual":false,"bundle_layout":"","bundle_add_to_cart_form_location":"","bundle_editable_in_cart":false,"bundle_sold_individually_context":"","bundle_item_grouping":"","bundle_min_size":"","bundle_max_size":"","bundle_price":[],"bundled_items":[],"bundle_sell_ids":[],"acf":[],"yoast_head":"<!-- This site is optimized with the Yoast SEO plugin v22.3 - https:\/\/yoast.com\/wordpress\/plugins\/seo\/ -->\n<title>Bezdr\u00e1tov\u00e1 podprsenka VICTORIA b\u00e9\u017eov\u00e1 - Beloved Lingerie<\/title>\n<meta name=\"robots\" content=\"index, follow, max-snippet:-1, max-image-preview:large, max-video-preview:-1\" \/>\n<link rel=\"canonical\" href=\"https:\/\/belovedlingerie.com\/cz\/izdelek\/bezdratova-podprsenka-victoria-bezova\/\" \/>\n<meta property=\"og:locale\" content=\"cs_CZ\" \/>\n<meta property=\"og:type\" content=\"article\" \/>\n<meta property=\"og:title\" content=\"Bezdr\u00e1tov\u00e1 podprsenka VICTORIA b\u00e9\u017eov\u00e1 - Beloved Lingerie\" \/>\n<meta property=\"og:description\" content=\"Bezdr\u00e1tov\u00e1 podprsenka z p\u0159\u00edjemn\u00fdch materi\u00e1l\u016f. Stre\u010dov\u00e1 podprsenka neobsahuje podp\u016frn\u00fd dr\u00e1t, je pohodln\u00e1 pro ka\u017edodenn\u00ed no\u0161en\u00ed a nen\u00ed pod oble\u010den\u00edm vid\u011bt. Pohodln\u00e1 a stylov\u00e1. Nastaviteln\u00fd ramenn\u00ed popruh. Detail krajky. Barva: b\u00e9\u017eov\u00e1. Vyrobeno z m\u011bkk\u00fdch materi\u00e1l\u016f \u0161etrn\u00fdch k poko\u017ece. Modelka m\u00e1 na sob\u011b \u010d\u00edslo S. Barvy spodn\u00edho pr\u00e1dla na obr\u00e1zc\u00edch se mohou m\u00edrn\u011b li\u0161it od skute\u010dn\u00fdch barev [...]\" \/>\n<meta property=\"og:url\" content=\"https:\/\/belovedlingerie.com\/cz\/izdelek\/bezdratova-podprsenka-victoria-bezova\/\" \/>\n<meta property=\"og:site_name\" content=\"Beloved Lingerie\" \/>\n<meta property=\"article:modified_time\" content=\"2025-11-26T10:07:59+00:00\" \/>\n<meta property=\"og:image\" content=\"https:\/\/belovedlingerie.com\/cz\/wp-content\/uploads\/2024\/03\/Brezzicni-nedrcek-VICTORIA-bez-12.jpg\" \/>\n\t<meta property=\"og:image:width\" content=\"1568\" \/>\n\t<meta property=\"og:image:height\" content=\"2352\" \/>\n\t<meta property=\"og:image:type\" content=\"image\/jpeg\" \/>\n<meta name=\"twitter:card\" content=\"summary_large_image\" \/>\n<meta name=\"twitter:label1\" content=\"Odhadovan\u00e1 doba \u010dten\u00ed\" \/>\n\t<meta name=\"twitter:data1\" content=\"1 minuta\" \/>\n<script type=\"application\/ld+json\" class=\"yoast-schema-graph\">{\"@context\":\"https:\/\/schema.org\",\"@graph\":[{\"@type\":\"WebPage\",\"@id\":\"https:\/\/belovedlingerie.com\/cz\/izdelek\/bezdratova-podprsenka-victoria-bezova\/\",\"url\":\"https:\/\/belovedlingerie.com\/cz\/izdelek\/bezdratova-podprsenka-victoria-bezova\/\",\"name\":\"Bezdr\u00e1tov\u00e1 podprsenka VICTORIA b\u00e9\u017eov\u00e1 - Beloved Lingerie\",\"isPartOf\":{\"@id\":\"https:\/\/belovedlingerie.com\/cz\/#website\"},\"primaryImageOfPage\":{\"@id\":\"https:\/\/belovedlingerie.com\/cz\/izdelek\/bezdratova-podprsenka-victoria-bezova\/#primaryimage\"},\"image\":{\"@id\":\"https:\/\/belovedlingerie.com\/cz\/izdelek\/bezdratova-podprsenka-victoria-bezova\/#primaryimage\"},\"thumbnailUrl\":\"https:\/\/belovedlingerie.com\/cz\/wp-content\/uploads\/2024\/03\/Brezzicni-nedrcek-VICTORIA-bez-12.jpg\",\"datePublished\":\"2024-04-05T05:04:35+00:00\",\"dateModified\":\"2025-11-26T10:07:59+00:00\",\"breadcrumb\":{\"@id\":\"https:\/\/belovedlingerie.com\/cz\/izdelek\/bezdratova-podprsenka-victoria-bezova\/#breadcrumb\"},\"inLanguage\":\"cs\",\"potentialAction\":[{\"@type\":\"ReadAction\",\"target\":[\"https:\/\/belovedlingerie.com\/cz\/izdelek\/bezdratova-podprsenka-victoria-bezova\/\"]}]},{\"@type\":\"ImageObject\",\"inLanguage\":\"cs\",\"@id\":\"https:\/\/belovedlingerie.com\/cz\/izdelek\/bezdratova-podprsenka-victoria-bezova\/#primaryimage\",\"url\":\"https:\/\/belovedlingerie.com\/cz\/wp-content\/uploads\/2024\/03\/Brezzicni-nedrcek-VICTORIA-bez-12.jpg\",\"contentUrl\":\"https:\/\/belovedlingerie.com\/cz\/wp-content\/uploads\/2024\/03\/Brezzicni-nedrcek-VICTORIA-bez-12.jpg\",\"width\":1568,\"height\":2352},{\"@type\":\"BreadcrumbList\",\"@id\":\"https:\/\/belovedlingerie.com\/cz\/izdelek\/bezdratova-podprsenka-victoria-bezova\/#breadcrumb\",\"itemListElement\":[{\"@type\":\"ListItem\",\"position\":1,\"name\":\"Home\",\"item\":\"https:\/\/belovedlingerie.com\/cz\/\"},{\"@type\":\"ListItem\",\"position\":2,\"name\":\"Shop\",\"item\":\"https:\/\/belovedlingerie.com\/cz\/shop\/\"},{\"@type\":\"ListItem\",\"position\":3,\"name\":\"Bezdr\u00e1tov\u00e1 podprsenka VICTORIA b\u00e9\u017eov\u00e1\"}]},{\"@type\":\"WebSite\",\"@id\":\"https:\/\/belovedlingerie.com\/cz\/#website\",\"url\":\"https:\/\/belovedlingerie.com\/cz\/\",\"name\":\"Beloved Lingerie\",\"description\":\"Your beloved fashion store!\",\"potentialAction\":[{\"@type\":\"SearchAction\",\"target\":{\"@type\":\"EntryPoint\",\"urlTemplate\":\"https:\/\/belovedlingerie.com\/cz\/?s={search_term_string}\"},\"query-input\":\"required name=search_term_string\"}],\"inLanguage\":\"cs\"}]}<\/script>\n<!-- \/ Yoast SEO plugin. -->","yoast_head_json":{"title":"Bezdr\u00e1tov\u00e1 podprsenka VICTORIA b\u00e9\u017eov\u00e1 - Beloved Lingerie","robots":{"index":"index","follow":"follow","max-snippet":"max-snippet:-1","max-image-preview":"max-image-preview:large","max-video-preview":"max-video-preview:-1"},"canonical":"https:\/\/belovedlingerie.com\/cz\/izdelek\/bezdratova-podprsenka-victoria-bezova\/","og_locale":"cs_CZ","og_type":"article","og_title":"Bezdr\u00e1tov\u00e1 podprsenka VICTORIA b\u00e9\u017eov\u00e1 - Beloved Lingerie","og_description":"Bezdr\u00e1tov\u00e1 podprsenka z p\u0159\u00edjemn\u00fdch materi\u00e1l\u016f. Stre\u010dov\u00e1 podprsenka neobsahuje podp\u016frn\u00fd dr\u00e1t, je pohodln\u00e1 pro ka\u017edodenn\u00ed no\u0161en\u00ed a nen\u00ed pod oble\u010den\u00edm vid\u011bt. Pohodln\u00e1 a stylov\u00e1. Nastaviteln\u00fd ramenn\u00ed popruh. Detail krajky. Barva: b\u00e9\u017eov\u00e1. Vyrobeno z m\u011bkk\u00fdch materi\u00e1l\u016f \u0161etrn\u00fdch k poko\u017ece. Modelka m\u00e1 na sob\u011b \u010d\u00edslo S. Barvy spodn\u00edho pr\u00e1dla na obr\u00e1zc\u00edch se mohou m\u00edrn\u011b li\u0161it od skute\u010dn\u00fdch barev [...]","og_url":"https:\/\/belovedlingerie.com\/cz\/izdelek\/bezdratova-podprsenka-victoria-bezova\/","og_site_name":"Beloved Lingerie","article_modified_time":"2025-11-26T10:07:59+00:00","og_image":[{"width":1568,"height":2352,"url":"https:\/\/belovedlingerie.com\/cz\/wp-content\/uploads\/2024\/03\/Brezzicni-nedrcek-VICTORIA-bez-12.jpg","type":"image\/jpeg"}],"twitter_card":"summary_large_image","twitter_misc":{"Odhadovan\u00e1 doba \u010dten\u00ed":"1 minuta"},"schema":{"@context":"https:\/\/schema.org","@graph":[{"@type":"WebPage","@id":"https:\/\/belovedlingerie.com\/cz\/izdelek\/bezdratova-podprsenka-victoria-bezova\/","url":"https:\/\/belovedlingerie.com\/cz\/izdelek\/bezdratova-podprsenka-victoria-bezova\/","name":"Bezdr\u00e1tov\u00e1 podprsenka VICTORIA b\u00e9\u017eov\u00e1 - Beloved Lingerie","isPartOf":{"@id":"https:\/\/belovedlingerie.com\/cz\/#website"},"primaryImageOfPage":{"@id":"https:\/\/belovedlingerie.com\/cz\/izdelek\/bezdratova-podprsenka-victoria-bezova\/#primaryimage"},"image":{"@id":"https:\/\/belovedlingerie.com\/cz\/izdelek\/bezdratova-podprsenka-victoria-bezova\/#primaryimage"},"thumbnailUrl":"https:\/\/belovedlingerie.com\/cz\/wp-content\/uploads\/2024\/03\/Brezzicni-nedrcek-VICTORIA-bez-12.jpg","datePublished":"2024-04-05T05:04:35+00:00","dateModified":"2025-11-26T10:07:59+00:00","breadcrumb":{"@id":"https:\/\/belovedlingerie.com\/cz\/izdelek\/bezdratova-podprsenka-victoria-bezova\/#breadcrumb"},"inLanguage":"cs","potentialAction":[{"@type":"ReadAction","target":["https:\/\/belovedlingerie.com\/cz\/izdelek\/bezdratova-podprsenka-victoria-bezova\/"]}]},{"@type":"ImageObject","inLanguage":"cs","@id":"https:\/\/belovedlingerie.com\/cz\/izdelek\/bezdratova-podprsenka-victoria-bezova\/#primaryimage","url":"https:\/\/belovedlingerie.com\/cz\/wp-content\/uploads\/2024\/03\/Brezzicni-nedrcek-VICTORIA-bez-12.jpg","contentUrl":"https:\/\/belovedlingerie.com\/cz\/wp-content\/uploads\/2024\/03\/Brezzicni-nedrcek-VICTORIA-bez-12.jpg","width":1568,"height":2352},{"@type":"BreadcrumbList","@id":"https:\/\/belovedlingerie.com\/cz\/izdelek\/bezdratova-podprsenka-victoria-bezova\/#breadcrumb","itemListElement":[{"@type":"ListItem","position":1,"name":"Home","item":"https:\/\/belovedlingerie.com\/cz\/"},{"@type":"ListItem","position":2,"name":"Shop","item":"https:\/\/belovedlingerie.com\/cz\/shop\/"},{"@type":"ListItem","position":3,"name":"Bezdr\u00e1tov\u00e1 podprsenka VICTORIA b\u00e9\u017eov\u00e1"}]},{"@type":"WebSite","@id":"https:\/\/belovedlingerie.com\/cz\/#website","url":"https:\/\/belovedlingerie.com\/cz\/","name":"Beloved Lingerie","description":"Your beloved fashion store!","potentialAction":[{"@type":"SearchAction","target":{"@type":"EntryPoint","urlTemplate":"https:\/\/belovedlingerie.com\/cz\/?s={search_term_string}"},"query-input":"required name=search_term_string"}],"inLanguage":"cs"}]}},"_links":{"self":[{"href":"https:\/\/belovedlingerie.com\/cz\/wp-json\/wp\/v2\/product\/10060573","targetHints":{"allow":["GET"]}}],"collection":[{"href":"https:\/\/belovedlingerie.com\/cz\/wp-json\/wp\/v2\/product"}],"about":[{"href":"https:\/\/belovedlingerie.com\/cz\/wp-json\/wp\/v2\/types\/product"}],"replies":[{"embeddable":true,"href":"https:\/\/belovedlingerie.com\/cz\/wp-json\/wp\/v2\/comments?post=10060573"}],"wp:featuredmedia":[{"embeddable":true,"href":"https:\/\/belovedlingerie.com\/cz\/wp-json\/wp\/v2\/media\/10060143"}],"wp:attachment":[{"href":"https:\/\/belovedlingerie.com\/cz\/wp-json\/wp\/v2\/media?parent=10060573"}],"wp:term":[{"taxonomy":"product_cat","embeddable":true,"href":"https:\/\/belovedlingerie.com\/cz\/wp-json\/wp\/v2\/product_cat?post=10060573"},{"taxonomy":"product_tag","embeddable":true,"href":"https:\/\/belovedlingerie.com\/cz\/wp-json\/wp\/v2\/product_tag?post=10060573"}],"curies":[{"name":"wp","href":"https:\/\/api.w.org\/{rel}","templated":true}]}}