{"id":10060688,"date":"2024-04-05T07:13:04","date_gmt":"2024-04-05T05:13:04","guid":{"rendered":"https:\/\/belovedlingerie.com\/cz\/izdelek\/sada-bezesveho-spodniho-pradla-eleanora-bezova\/"},"modified":"2026-05-11T12:29:27","modified_gmt":"2026-05-11T10:29:27","slug":"sada-bezesveho-spodniho-pradla-eleanora-bezova","status":"publish","type":"product","link":"https:\/\/belovedlingerie.com\/cz\/izdelek\/sada-bezesveho-spodniho-pradla-eleanora-bezova\/","title":{"rendered":"Sada beze\u0161v\u00e9ho spodn\u00edho pr\u00e1dla ELEANORA b\u00e9\u017eov\u00e1"},"content":{"rendered":"<ul>\n<li>Beze\u0161v\u00e9 spodn\u00ed pr\u00e1dlo.<\/li>\n<li>Pochoz\u00ed pro ka\u017edodenn\u00ed no\u0161en\u00ed, ale pod oble\u010den\u00edm neviditeln\u00e9.<\/li>\n<li><span class=\"Y2IQFc\" lang=\"cs\">Vyrobeno z m\u011bkk\u00fdch materi\u00e1l\u016f \u0161etrn\u00fdch k poko\u017ece.<\/span><\/li>\n<li>Podprsenka m\u00e1 nastaviteln\u00e1 ram\u00ednka.<\/li>\n<li>Typ kalhot: Brazilky.<\/li>\n<li>Barva: b\u00e9\u017eov\u00e1.<\/li>\n<li>Modelka m\u00e1 na sob\u011b \u010d\u00edslo S.<\/li>\n<li>Barvy spodn\u00edho pr\u00e1dla na obr\u00e1zc\u00edch se mohou m\u00edrn\u011b li\u0161it od skute\u010dn\u00fdch barev v d\u016fsledku nastaven\u00ed telefonu nebo po\u010d\u00edta\u010de.<\/li>\n<li>Slo\u017een\u00ed: 85 % polyamid, 15 % elastan.<\/li>\n<\/ul>\n","protected":false},"excerpt":{"rendered":"<p>Beze\u0161v\u00e9 spodn\u00ed pr\u00e1dlo. Pochoz\u00ed pro ka\u017edodenn\u00ed no\u0161en\u00ed, ale pod oble\u010den\u00edm neviditeln\u00e9. Vyrobeno z m\u011bkk\u00fdch materi\u00e1l\u016f \u0161etrn\u00fdch k poko\u017ece. Podprsenka m\u00e1 nastaviteln\u00e1 ram\u00ednka. Typ kalhot: Brazilky. Barva: b\u00e9\u017eov\u00e1. Modelka m\u00e1 na sob\u011b \u010d\u00edslo S. Barvy spodn\u00edho pr\u00e1dla na obr\u00e1zc\u00edch se mohou m\u00edrn\u011b li\u0161it od skute\u010dn\u00fdch barev v d\u016fsledku nastaven\u00ed telefonu nebo po\u010d\u00edta\u010de. Slo\u017een\u00ed: 85 % polyamid, [&#8230;]\n","protected":false},"featured_media":10060423,"comment_status":"open","ping_status":"closed","template":"","meta":{"_acf_changed":false},"product_cat":[198,158,227,205],"product_tag":[],"class_list":{"0":"post-10060688","1":"product","2":"type-product","3":"status-publish","4":"has-post-thumbnail","6":"product_cat-back-to-basics","7":"product_cat-bestsellers","8":"product_cat-bezesve-spodni-pradlo","9":"product_cat-komplety","11":"first","12":"instock","13":"taxable","14":"shipping-taxable","15":"purchasable","16":"product-type-variable"},"bundled_by":["10072123"],"bundle_stock_status":"instock","bundle_stock_quantity":null,"bundle_virtual":false,"bundle_layout":"","bundle_add_to_cart_form_location":"","bundle_editable_in_cart":false,"bundle_sold_individually_context":"","bundle_item_grouping":"","bundle_min_size":"","bundle_max_size":"","bundle_price":[],"bundled_items":[],"bundle_sell_ids":[],"acf":[],"yoast_head":"<!-- This site is optimized with the Yoast SEO plugin v22.3 - https:\/\/yoast.com\/wordpress\/plugins\/seo\/ -->\n<title>Sada beze\u0161v\u00e9ho spodn\u00edho pr\u00e1dla ELEANORA b\u00e9\u017eov\u00e1 - Beloved Lingerie<\/title>\n<meta name=\"robots\" content=\"index, follow, max-snippet:-1, max-image-preview:large, max-video-preview:-1\" \/>\n<link rel=\"canonical\" href=\"https:\/\/belovedlingerie.com\/cz\/izdelek\/sada-bezesveho-spodniho-pradla-eleanora-bezova\/\" \/>\n<meta property=\"og:locale\" content=\"cs_CZ\" \/>\n<meta property=\"og:type\" content=\"article\" \/>\n<meta property=\"og:title\" content=\"Sada beze\u0161v\u00e9ho spodn\u00edho pr\u00e1dla ELEANORA b\u00e9\u017eov\u00e1 - Beloved Lingerie\" \/>\n<meta property=\"og:description\" content=\"Beze\u0161v\u00e9 spodn\u00ed pr\u00e1dlo. Pochoz\u00ed pro ka\u017edodenn\u00ed no\u0161en\u00ed, ale pod oble\u010den\u00edm neviditeln\u00e9. Vyrobeno z m\u011bkk\u00fdch materi\u00e1l\u016f \u0161etrn\u00fdch k poko\u017ece. Podprsenka m\u00e1 nastaviteln\u00e1 ram\u00ednka. Typ kalhot: Brazilky. Barva: b\u00e9\u017eov\u00e1. Modelka m\u00e1 na sob\u011b \u010d\u00edslo S. Barvy spodn\u00edho pr\u00e1dla na obr\u00e1zc\u00edch se mohou m\u00edrn\u011b li\u0161it od skute\u010dn\u00fdch barev v d\u016fsledku nastaven\u00ed telefonu nebo po\u010d\u00edta\u010de. Slo\u017een\u00ed: 85 % polyamid, [...]\" \/>\n<meta property=\"og:url\" content=\"https:\/\/belovedlingerie.com\/cz\/izdelek\/sada-bezesveho-spodniho-pradla-eleanora-bezova\/\" \/>\n<meta property=\"og:site_name\" content=\"Beloved Lingerie\" \/>\n<meta property=\"article:modified_time\" content=\"2026-05-11T10:29:27+00:00\" \/>\n<meta property=\"og:image\" content=\"https:\/\/belovedlingerie.com\/cz\/wp-content\/uploads\/2024\/03\/Komplet-brezsivnega-spodnjega-perila-ELEANORA-bez-4.jpg\" \/>\n\t<meta property=\"og:image:width\" content=\"1568\" \/>\n\t<meta property=\"og:image:height\" content=\"2352\" \/>\n\t<meta property=\"og:image:type\" content=\"image\/jpeg\" \/>\n<meta name=\"twitter:card\" content=\"summary_large_image\" \/>\n<meta name=\"twitter:label1\" content=\"Odhadovan\u00e1 doba \u010dten\u00ed\" \/>\n\t<meta name=\"twitter:data1\" content=\"1 minuta\" \/>\n<script type=\"application\/ld+json\" class=\"yoast-schema-graph\">{\"@context\":\"https:\/\/schema.org\",\"@graph\":[{\"@type\":\"WebPage\",\"@id\":\"https:\/\/belovedlingerie.com\/cz\/izdelek\/sada-bezesveho-spodniho-pradla-eleanora-bezova\/\",\"url\":\"https:\/\/belovedlingerie.com\/cz\/izdelek\/sada-bezesveho-spodniho-pradla-eleanora-bezova\/\",\"name\":\"Sada beze\u0161v\u00e9ho spodn\u00edho pr\u00e1dla ELEANORA b\u00e9\u017eov\u00e1 - Beloved Lingerie\",\"isPartOf\":{\"@id\":\"https:\/\/belovedlingerie.com\/cz\/#website\"},\"primaryImageOfPage\":{\"@id\":\"https:\/\/belovedlingerie.com\/cz\/izdelek\/sada-bezesveho-spodniho-pradla-eleanora-bezova\/#primaryimage\"},\"image\":{\"@id\":\"https:\/\/belovedlingerie.com\/cz\/izdelek\/sada-bezesveho-spodniho-pradla-eleanora-bezova\/#primaryimage\"},\"thumbnailUrl\":\"https:\/\/belovedlingerie.com\/cz\/wp-content\/uploads\/2024\/03\/Komplet-brezsivnega-spodnjega-perila-ELEANORA-bez-4.jpg\",\"datePublished\":\"2024-04-05T05:13:04+00:00\",\"dateModified\":\"2026-05-11T10:29:27+00:00\",\"breadcrumb\":{\"@id\":\"https:\/\/belovedlingerie.com\/cz\/izdelek\/sada-bezesveho-spodniho-pradla-eleanora-bezova\/#breadcrumb\"},\"inLanguage\":\"cs\",\"potentialAction\":[{\"@type\":\"ReadAction\",\"target\":[\"https:\/\/belovedlingerie.com\/cz\/izdelek\/sada-bezesveho-spodniho-pradla-eleanora-bezova\/\"]}]},{\"@type\":\"ImageObject\",\"inLanguage\":\"cs\",\"@id\":\"https:\/\/belovedlingerie.com\/cz\/izdelek\/sada-bezesveho-spodniho-pradla-eleanora-bezova\/#primaryimage\",\"url\":\"https:\/\/belovedlingerie.com\/cz\/wp-content\/uploads\/2024\/03\/Komplet-brezsivnega-spodnjega-perila-ELEANORA-bez-4.jpg\",\"contentUrl\":\"https:\/\/belovedlingerie.com\/cz\/wp-content\/uploads\/2024\/03\/Komplet-brezsivnega-spodnjega-perila-ELEANORA-bez-4.jpg\",\"width\":1568,\"height\":2352},{\"@type\":\"BreadcrumbList\",\"@id\":\"https:\/\/belovedlingerie.com\/cz\/izdelek\/sada-bezesveho-spodniho-pradla-eleanora-bezova\/#breadcrumb\",\"itemListElement\":[{\"@type\":\"ListItem\",\"position\":1,\"name\":\"Home\",\"item\":\"https:\/\/belovedlingerie.com\/cz\/\"},{\"@type\":\"ListItem\",\"position\":2,\"name\":\"Shop\",\"item\":\"https:\/\/belovedlingerie.com\/cz\/shop\/\"},{\"@type\":\"ListItem\",\"position\":3,\"name\":\"Sada beze\u0161v\u00e9ho spodn\u00edho pr\u00e1dla ELEANORA b\u00e9\u017eov\u00e1\"}]},{\"@type\":\"WebSite\",\"@id\":\"https:\/\/belovedlingerie.com\/cz\/#website\",\"url\":\"https:\/\/belovedlingerie.com\/cz\/\",\"name\":\"Beloved Lingerie\",\"description\":\"Your beloved fashion store!\",\"potentialAction\":[{\"@type\":\"SearchAction\",\"target\":{\"@type\":\"EntryPoint\",\"urlTemplate\":\"https:\/\/belovedlingerie.com\/cz\/?s={search_term_string}\"},\"query-input\":\"required name=search_term_string\"}],\"inLanguage\":\"cs\"}]}<\/script>\n<!-- \/ Yoast SEO plugin. -->","yoast_head_json":{"title":"Sada beze\u0161v\u00e9ho spodn\u00edho pr\u00e1dla ELEANORA b\u00e9\u017eov\u00e1 - Beloved Lingerie","robots":{"index":"index","follow":"follow","max-snippet":"max-snippet:-1","max-image-preview":"max-image-preview:large","max-video-preview":"max-video-preview:-1"},"canonical":"https:\/\/belovedlingerie.com\/cz\/izdelek\/sada-bezesveho-spodniho-pradla-eleanora-bezova\/","og_locale":"cs_CZ","og_type":"article","og_title":"Sada beze\u0161v\u00e9ho spodn\u00edho pr\u00e1dla ELEANORA b\u00e9\u017eov\u00e1 - Beloved Lingerie","og_description":"Beze\u0161v\u00e9 spodn\u00ed pr\u00e1dlo. Pochoz\u00ed pro ka\u017edodenn\u00ed no\u0161en\u00ed, ale pod oble\u010den\u00edm neviditeln\u00e9. Vyrobeno z m\u011bkk\u00fdch materi\u00e1l\u016f \u0161etrn\u00fdch k poko\u017ece. Podprsenka m\u00e1 nastaviteln\u00e1 ram\u00ednka. Typ kalhot: Brazilky. Barva: b\u00e9\u017eov\u00e1. Modelka m\u00e1 na sob\u011b \u010d\u00edslo S. Barvy spodn\u00edho pr\u00e1dla na obr\u00e1zc\u00edch se mohou m\u00edrn\u011b li\u0161it od skute\u010dn\u00fdch barev v d\u016fsledku nastaven\u00ed telefonu nebo po\u010d\u00edta\u010de. Slo\u017een\u00ed: 85 % polyamid, [...]","og_url":"https:\/\/belovedlingerie.com\/cz\/izdelek\/sada-bezesveho-spodniho-pradla-eleanora-bezova\/","og_site_name":"Beloved Lingerie","article_modified_time":"2026-05-11T10:29:27+00:00","og_image":[{"width":1568,"height":2352,"url":"https:\/\/belovedlingerie.com\/cz\/wp-content\/uploads\/2024\/03\/Komplet-brezsivnega-spodnjega-perila-ELEANORA-bez-4.jpg","type":"image\/jpeg"}],"twitter_card":"summary_large_image","twitter_misc":{"Odhadovan\u00e1 doba \u010dten\u00ed":"1 minuta"},"schema":{"@context":"https:\/\/schema.org","@graph":[{"@type":"WebPage","@id":"https:\/\/belovedlingerie.com\/cz\/izdelek\/sada-bezesveho-spodniho-pradla-eleanora-bezova\/","url":"https:\/\/belovedlingerie.com\/cz\/izdelek\/sada-bezesveho-spodniho-pradla-eleanora-bezova\/","name":"Sada beze\u0161v\u00e9ho spodn\u00edho pr\u00e1dla ELEANORA b\u00e9\u017eov\u00e1 - Beloved Lingerie","isPartOf":{"@id":"https:\/\/belovedlingerie.com\/cz\/#website"},"primaryImageOfPage":{"@id":"https:\/\/belovedlingerie.com\/cz\/izdelek\/sada-bezesveho-spodniho-pradla-eleanora-bezova\/#primaryimage"},"image":{"@id":"https:\/\/belovedlingerie.com\/cz\/izdelek\/sada-bezesveho-spodniho-pradla-eleanora-bezova\/#primaryimage"},"thumbnailUrl":"https:\/\/belovedlingerie.com\/cz\/wp-content\/uploads\/2024\/03\/Komplet-brezsivnega-spodnjega-perila-ELEANORA-bez-4.jpg","datePublished":"2024-04-05T05:13:04+00:00","dateModified":"2026-05-11T10:29:27+00:00","breadcrumb":{"@id":"https:\/\/belovedlingerie.com\/cz\/izdelek\/sada-bezesveho-spodniho-pradla-eleanora-bezova\/#breadcrumb"},"inLanguage":"cs","potentialAction":[{"@type":"ReadAction","target":["https:\/\/belovedlingerie.com\/cz\/izdelek\/sada-bezesveho-spodniho-pradla-eleanora-bezova\/"]}]},{"@type":"ImageObject","inLanguage":"cs","@id":"https:\/\/belovedlingerie.com\/cz\/izdelek\/sada-bezesveho-spodniho-pradla-eleanora-bezova\/#primaryimage","url":"https:\/\/belovedlingerie.com\/cz\/wp-content\/uploads\/2024\/03\/Komplet-brezsivnega-spodnjega-perila-ELEANORA-bez-4.jpg","contentUrl":"https:\/\/belovedlingerie.com\/cz\/wp-content\/uploads\/2024\/03\/Komplet-brezsivnega-spodnjega-perila-ELEANORA-bez-4.jpg","width":1568,"height":2352},{"@type":"BreadcrumbList","@id":"https:\/\/belovedlingerie.com\/cz\/izdelek\/sada-bezesveho-spodniho-pradla-eleanora-bezova\/#breadcrumb","itemListElement":[{"@type":"ListItem","position":1,"name":"Home","item":"https:\/\/belovedlingerie.com\/cz\/"},{"@type":"ListItem","position":2,"name":"Shop","item":"https:\/\/belovedlingerie.com\/cz\/shop\/"},{"@type":"ListItem","position":3,"name":"Sada beze\u0161v\u00e9ho spodn\u00edho pr\u00e1dla ELEANORA b\u00e9\u017eov\u00e1"}]},{"@type":"WebSite","@id":"https:\/\/belovedlingerie.com\/cz\/#website","url":"https:\/\/belovedlingerie.com\/cz\/","name":"Beloved Lingerie","description":"Your beloved fashion store!","potentialAction":[{"@type":"SearchAction","target":{"@type":"EntryPoint","urlTemplate":"https:\/\/belovedlingerie.com\/cz\/?s={search_term_string}"},"query-input":"required name=search_term_string"}],"inLanguage":"cs"}]}},"_links":{"self":[{"href":"https:\/\/belovedlingerie.com\/cz\/wp-json\/wp\/v2\/product\/10060688","targetHints":{"allow":["GET"]}}],"collection":[{"href":"https:\/\/belovedlingerie.com\/cz\/wp-json\/wp\/v2\/product"}],"about":[{"href":"https:\/\/belovedlingerie.com\/cz\/wp-json\/wp\/v2\/types\/product"}],"replies":[{"embeddable":true,"href":"https:\/\/belovedlingerie.com\/cz\/wp-json\/wp\/v2\/comments?post=10060688"}],"wp:featuredmedia":[{"embeddable":true,"href":"https:\/\/belovedlingerie.com\/cz\/wp-json\/wp\/v2\/media\/10060423"}],"wp:attachment":[{"href":"https:\/\/belovedlingerie.com\/cz\/wp-json\/wp\/v2\/media?parent=10060688"}],"wp:term":[{"taxonomy":"product_cat","embeddable":true,"href":"https:\/\/belovedlingerie.com\/cz\/wp-json\/wp\/v2\/product_cat?post=10060688"},{"taxonomy":"product_tag","embeddable":true,"href":"https:\/\/belovedlingerie.com\/cz\/wp-json\/wp\/v2\/product_tag?post=10060688"}],"curies":[{"name":"wp","href":"https:\/\/api.w.org\/{rel}","templated":true}]}}