{"id":10064311,"date":"2024-09-17T09:32:04","date_gmt":"2024-09-17T07:32:04","guid":{"rendered":"https:\/\/belovedlingerie.com\/cz\/?post_type=product&#038;p=10064311"},"modified":"2026-05-11T12:32:23","modified_gmt":"2026-05-11T10:32:23","slug":"bezesva-podprsenka-eloise-bezova","status":"publish","type":"product","link":"https:\/\/belovedlingerie.com\/cz\/izdelek\/bezesva-podprsenka-eloise-bezova\/","title":{"rendered":"Beze\u0161v\u00e1 podprsenka ELOISE b\u00e9\u017eov\u00e1"},"content":{"rendered":"<ul>\n<li><span class=\"Y2IQFc\" lang=\"cs\">Bezdr\u00e1tov\u00e1 podprsenka z pohodln\u00fdch materi\u00e1l\u016f.<\/span><\/li>\n<li><span class=\"Y2IQFc\" lang=\"cs\">Proto\u017ee neobsahuje podp\u016frn\u00fd dr\u00e1t, je pohodln\u00e1 pro ka\u017edodenn\u00ed no\u0161en\u00ed a neviditeln\u00e1 pod oble\u010den\u00edm.<\/span><\/li>\n<li><span class=\"Y2IQFc\" lang=\"cs\">Pohodln\u00e1 a elegantn\u00ed.<\/span><\/li>\n<li>Nastaviteln\u00e9 ram\u00ednka.<\/li>\n<li>Barva: b\u00e9\u017eov\u00e1.<\/li>\n<li><span class=\"Y2IQFc\" lang=\"cs\">Vyrobeno z m\u011bkk\u00fdch, k poko\u017ece \u0161etrn\u00fdch materi\u00e1l\u016f.<\/span><\/li>\n<li>Modelka nos\u00ed konfek\u010dn\u00ed velikost S.<\/li>\n<li>Barvy spodn\u00edho pr\u00e1dla na obr\u00e1zc\u00edch se mohou m\u00edrn\u011b li\u0161it od skute\u010dn\u00fdch barev kv\u016fli nastaven\u00ed telefonu nebo po\u010d\u00edta\u010de.<\/li>\n<li>Slo\u017een\u00ed: Pol\u0161t\u00e1\u0159ek: 82% nylon, 18% spandex; Vn\u011bj\u0161\u00ed \u010d\u00e1st: 80% polyamid, 20% spandex.<\/li>\n<\/ul>\n","protected":false},"excerpt":{"rendered":"<p>Bezdr\u00e1tov\u00e1 podprsenka z pohodln\u00fdch materi\u00e1l\u016f. Proto\u017ee neobsahuje podp\u016frn\u00fd dr\u00e1t, je pohodln\u00e1 pro ka\u017edodenn\u00ed no\u0161en\u00ed a neviditeln\u00e1 pod oble\u010den\u00edm. Pohodln\u00e1 a elegantn\u00ed. Nastaviteln\u00e9 ram\u00ednka. Barva: b\u00e9\u017eov\u00e1. Vyrobeno z m\u011bkk\u00fdch, k poko\u017ece \u0161etrn\u00fdch materi\u00e1l\u016f. Modelka nos\u00ed konfek\u010dn\u00ed velikost S. Barvy spodn\u00edho pr\u00e1dla na obr\u00e1zc\u00edch se mohou m\u00edrn\u011b li\u0161it od skute\u010dn\u00fdch barev kv\u016fli nastaven\u00ed telefonu nebo po\u010d\u00edta\u010de. Slo\u017een\u00ed: [&#8230;]\n","protected":false},"featured_media":10064312,"comment_status":"open","ping_status":"closed","template":"","meta":{"_acf_changed":false},"product_cat":[198,227,199],"product_tag":[],"class_list":{"0":"post-10064311","1":"product","2":"type-product","3":"status-publish","4":"has-post-thumbnail","6":"product_cat-back-to-basics","7":"product_cat-bezesve-spodni-pradlo","8":"product_cat-podprsenky","10":"first","11":"instock","12":"taxable","13":"shipping-taxable","14":"purchasable","15":"product-type-variable"},"bundled_by":["10072113"],"bundle_stock_status":"instock","bundle_stock_quantity":null,"bundle_virtual":false,"bundle_layout":"","bundle_add_to_cart_form_location":"","bundle_editable_in_cart":false,"bundle_sold_individually_context":"","bundle_item_grouping":"","bundle_min_size":"","bundle_max_size":"","bundle_price":[],"bundled_items":[],"bundle_sell_ids":[],"acf":[],"yoast_head":"<!-- This site is optimized with the Yoast SEO plugin v22.3 - https:\/\/yoast.com\/wordpress\/plugins\/seo\/ -->\n<title>Beze\u0161v\u00e1 podprsenka ELOISE b\u00e9\u017eov\u00e1 - Beloved Lingerie<\/title>\n<meta name=\"robots\" content=\"index, follow, max-snippet:-1, max-image-preview:large, max-video-preview:-1\" \/>\n<link rel=\"canonical\" href=\"https:\/\/belovedlingerie.com\/cz\/izdelek\/bezesva-podprsenka-eloise-bezova\/\" \/>\n<meta property=\"og:locale\" content=\"cs_CZ\" \/>\n<meta property=\"og:type\" content=\"article\" \/>\n<meta property=\"og:title\" content=\"Beze\u0161v\u00e1 podprsenka ELOISE b\u00e9\u017eov\u00e1 - Beloved Lingerie\" \/>\n<meta property=\"og:description\" content=\"Bezdr\u00e1tov\u00e1 podprsenka z pohodln\u00fdch materi\u00e1l\u016f. Proto\u017ee neobsahuje podp\u016frn\u00fd dr\u00e1t, je pohodln\u00e1 pro ka\u017edodenn\u00ed no\u0161en\u00ed a neviditeln\u00e1 pod oble\u010den\u00edm. Pohodln\u00e1 a elegantn\u00ed. Nastaviteln\u00e9 ram\u00ednka. Barva: b\u00e9\u017eov\u00e1. Vyrobeno z m\u011bkk\u00fdch, k poko\u017ece \u0161etrn\u00fdch materi\u00e1l\u016f. Modelka nos\u00ed konfek\u010dn\u00ed velikost S. Barvy spodn\u00edho pr\u00e1dla na obr\u00e1zc\u00edch se mohou m\u00edrn\u011b li\u0161it od skute\u010dn\u00fdch barev kv\u016fli nastaven\u00ed telefonu nebo po\u010d\u00edta\u010de. Slo\u017een\u00ed: [...]\" \/>\n<meta property=\"og:url\" content=\"https:\/\/belovedlingerie.com\/cz\/izdelek\/bezesva-podprsenka-eloise-bezova\/\" \/>\n<meta property=\"og:site_name\" content=\"Beloved Lingerie\" \/>\n<meta property=\"article:modified_time\" content=\"2026-05-11T10:32:23+00:00\" \/>\n<meta property=\"og:image\" content=\"https:\/\/belovedlingerie.com\/cz\/wp-content\/uploads\/2024\/09\/Brezzicni-nedrcek-ELOISE-bez-6-scaled-2.jpg\" \/>\n\t<meta property=\"og:image:width\" content=\"1707\" \/>\n\t<meta property=\"og:image:height\" content=\"2560\" \/>\n\t<meta property=\"og:image:type\" content=\"image\/jpeg\" \/>\n<meta name=\"twitter:card\" content=\"summary_large_image\" \/>\n<meta name=\"twitter:label1\" content=\"Odhadovan\u00e1 doba \u010dten\u00ed\" \/>\n\t<meta name=\"twitter:data1\" content=\"1 minuta\" \/>\n<script type=\"application\/ld+json\" class=\"yoast-schema-graph\">{\"@context\":\"https:\/\/schema.org\",\"@graph\":[{\"@type\":\"WebPage\",\"@id\":\"https:\/\/belovedlingerie.com\/cz\/izdelek\/bezesva-podprsenka-eloise-bezova\/\",\"url\":\"https:\/\/belovedlingerie.com\/cz\/izdelek\/bezesva-podprsenka-eloise-bezova\/\",\"name\":\"Beze\u0161v\u00e1 podprsenka ELOISE b\u00e9\u017eov\u00e1 - Beloved Lingerie\",\"isPartOf\":{\"@id\":\"https:\/\/belovedlingerie.com\/cz\/#website\"},\"primaryImageOfPage\":{\"@id\":\"https:\/\/belovedlingerie.com\/cz\/izdelek\/bezesva-podprsenka-eloise-bezova\/#primaryimage\"},\"image\":{\"@id\":\"https:\/\/belovedlingerie.com\/cz\/izdelek\/bezesva-podprsenka-eloise-bezova\/#primaryimage\"},\"thumbnailUrl\":\"https:\/\/belovedlingerie.com\/cz\/wp-content\/uploads\/2024\/09\/Brezzicni-nedrcek-ELOISE-bez-6-scaled-2.jpg\",\"datePublished\":\"2024-09-17T07:32:04+00:00\",\"dateModified\":\"2026-05-11T10:32:23+00:00\",\"breadcrumb\":{\"@id\":\"https:\/\/belovedlingerie.com\/cz\/izdelek\/bezesva-podprsenka-eloise-bezova\/#breadcrumb\"},\"inLanguage\":\"cs\",\"potentialAction\":[{\"@type\":\"ReadAction\",\"target\":[\"https:\/\/belovedlingerie.com\/cz\/izdelek\/bezesva-podprsenka-eloise-bezova\/\"]}]},{\"@type\":\"ImageObject\",\"inLanguage\":\"cs\",\"@id\":\"https:\/\/belovedlingerie.com\/cz\/izdelek\/bezesva-podprsenka-eloise-bezova\/#primaryimage\",\"url\":\"https:\/\/belovedlingerie.com\/cz\/wp-content\/uploads\/2024\/09\/Brezzicni-nedrcek-ELOISE-bez-6-scaled-2.jpg\",\"contentUrl\":\"https:\/\/belovedlingerie.com\/cz\/wp-content\/uploads\/2024\/09\/Brezzicni-nedrcek-ELOISE-bez-6-scaled-2.jpg\",\"width\":1707,\"height\":2560},{\"@type\":\"BreadcrumbList\",\"@id\":\"https:\/\/belovedlingerie.com\/cz\/izdelek\/bezesva-podprsenka-eloise-bezova\/#breadcrumb\",\"itemListElement\":[{\"@type\":\"ListItem\",\"position\":1,\"name\":\"Home\",\"item\":\"https:\/\/belovedlingerie.com\/cz\/\"},{\"@type\":\"ListItem\",\"position\":2,\"name\":\"Shop\",\"item\":\"https:\/\/belovedlingerie.com\/cz\/shop\/\"},{\"@type\":\"ListItem\",\"position\":3,\"name\":\"Beze\u0161v\u00e1 podprsenka ELOISE b\u00e9\u017eov\u00e1\"}]},{\"@type\":\"WebSite\",\"@id\":\"https:\/\/belovedlingerie.com\/cz\/#website\",\"url\":\"https:\/\/belovedlingerie.com\/cz\/\",\"name\":\"Beloved Lingerie\",\"description\":\"Your beloved fashion store!\",\"potentialAction\":[{\"@type\":\"SearchAction\",\"target\":{\"@type\":\"EntryPoint\",\"urlTemplate\":\"https:\/\/belovedlingerie.com\/cz\/?s={search_term_string}\"},\"query-input\":\"required name=search_term_string\"}],\"inLanguage\":\"cs\"}]}<\/script>\n<!-- \/ Yoast SEO plugin. -->","yoast_head_json":{"title":"Beze\u0161v\u00e1 podprsenka ELOISE b\u00e9\u017eov\u00e1 - Beloved Lingerie","robots":{"index":"index","follow":"follow","max-snippet":"max-snippet:-1","max-image-preview":"max-image-preview:large","max-video-preview":"max-video-preview:-1"},"canonical":"https:\/\/belovedlingerie.com\/cz\/izdelek\/bezesva-podprsenka-eloise-bezova\/","og_locale":"cs_CZ","og_type":"article","og_title":"Beze\u0161v\u00e1 podprsenka ELOISE b\u00e9\u017eov\u00e1 - Beloved Lingerie","og_description":"Bezdr\u00e1tov\u00e1 podprsenka z pohodln\u00fdch materi\u00e1l\u016f. Proto\u017ee neobsahuje podp\u016frn\u00fd dr\u00e1t, je pohodln\u00e1 pro ka\u017edodenn\u00ed no\u0161en\u00ed a neviditeln\u00e1 pod oble\u010den\u00edm. Pohodln\u00e1 a elegantn\u00ed. Nastaviteln\u00e9 ram\u00ednka. Barva: b\u00e9\u017eov\u00e1. Vyrobeno z m\u011bkk\u00fdch, k poko\u017ece \u0161etrn\u00fdch materi\u00e1l\u016f. Modelka nos\u00ed konfek\u010dn\u00ed velikost S. Barvy spodn\u00edho pr\u00e1dla na obr\u00e1zc\u00edch se mohou m\u00edrn\u011b li\u0161it od skute\u010dn\u00fdch barev kv\u016fli nastaven\u00ed telefonu nebo po\u010d\u00edta\u010de. Slo\u017een\u00ed: [...]","og_url":"https:\/\/belovedlingerie.com\/cz\/izdelek\/bezesva-podprsenka-eloise-bezova\/","og_site_name":"Beloved Lingerie","article_modified_time":"2026-05-11T10:32:23+00:00","og_image":[{"width":1707,"height":2560,"url":"https:\/\/belovedlingerie.com\/cz\/wp-content\/uploads\/2024\/09\/Brezzicni-nedrcek-ELOISE-bez-6-scaled-2.jpg","type":"image\/jpeg"}],"twitter_card":"summary_large_image","twitter_misc":{"Odhadovan\u00e1 doba \u010dten\u00ed":"1 minuta"},"schema":{"@context":"https:\/\/schema.org","@graph":[{"@type":"WebPage","@id":"https:\/\/belovedlingerie.com\/cz\/izdelek\/bezesva-podprsenka-eloise-bezova\/","url":"https:\/\/belovedlingerie.com\/cz\/izdelek\/bezesva-podprsenka-eloise-bezova\/","name":"Beze\u0161v\u00e1 podprsenka ELOISE b\u00e9\u017eov\u00e1 - Beloved Lingerie","isPartOf":{"@id":"https:\/\/belovedlingerie.com\/cz\/#website"},"primaryImageOfPage":{"@id":"https:\/\/belovedlingerie.com\/cz\/izdelek\/bezesva-podprsenka-eloise-bezova\/#primaryimage"},"image":{"@id":"https:\/\/belovedlingerie.com\/cz\/izdelek\/bezesva-podprsenka-eloise-bezova\/#primaryimage"},"thumbnailUrl":"https:\/\/belovedlingerie.com\/cz\/wp-content\/uploads\/2024\/09\/Brezzicni-nedrcek-ELOISE-bez-6-scaled-2.jpg","datePublished":"2024-09-17T07:32:04+00:00","dateModified":"2026-05-11T10:32:23+00:00","breadcrumb":{"@id":"https:\/\/belovedlingerie.com\/cz\/izdelek\/bezesva-podprsenka-eloise-bezova\/#breadcrumb"},"inLanguage":"cs","potentialAction":[{"@type":"ReadAction","target":["https:\/\/belovedlingerie.com\/cz\/izdelek\/bezesva-podprsenka-eloise-bezova\/"]}]},{"@type":"ImageObject","inLanguage":"cs","@id":"https:\/\/belovedlingerie.com\/cz\/izdelek\/bezesva-podprsenka-eloise-bezova\/#primaryimage","url":"https:\/\/belovedlingerie.com\/cz\/wp-content\/uploads\/2024\/09\/Brezzicni-nedrcek-ELOISE-bez-6-scaled-2.jpg","contentUrl":"https:\/\/belovedlingerie.com\/cz\/wp-content\/uploads\/2024\/09\/Brezzicni-nedrcek-ELOISE-bez-6-scaled-2.jpg","width":1707,"height":2560},{"@type":"BreadcrumbList","@id":"https:\/\/belovedlingerie.com\/cz\/izdelek\/bezesva-podprsenka-eloise-bezova\/#breadcrumb","itemListElement":[{"@type":"ListItem","position":1,"name":"Home","item":"https:\/\/belovedlingerie.com\/cz\/"},{"@type":"ListItem","position":2,"name":"Shop","item":"https:\/\/belovedlingerie.com\/cz\/shop\/"},{"@type":"ListItem","position":3,"name":"Beze\u0161v\u00e1 podprsenka ELOISE b\u00e9\u017eov\u00e1"}]},{"@type":"WebSite","@id":"https:\/\/belovedlingerie.com\/cz\/#website","url":"https:\/\/belovedlingerie.com\/cz\/","name":"Beloved Lingerie","description":"Your beloved fashion store!","potentialAction":[{"@type":"SearchAction","target":{"@type":"EntryPoint","urlTemplate":"https:\/\/belovedlingerie.com\/cz\/?s={search_term_string}"},"query-input":"required name=search_term_string"}],"inLanguage":"cs"}]}},"_links":{"self":[{"href":"https:\/\/belovedlingerie.com\/cz\/wp-json\/wp\/v2\/product\/10064311","targetHints":{"allow":["GET"]}}],"collection":[{"href":"https:\/\/belovedlingerie.com\/cz\/wp-json\/wp\/v2\/product"}],"about":[{"href":"https:\/\/belovedlingerie.com\/cz\/wp-json\/wp\/v2\/types\/product"}],"replies":[{"embeddable":true,"href":"https:\/\/belovedlingerie.com\/cz\/wp-json\/wp\/v2\/comments?post=10064311"}],"wp:featuredmedia":[{"embeddable":true,"href":"https:\/\/belovedlingerie.com\/cz\/wp-json\/wp\/v2\/media\/10064312"}],"wp:attachment":[{"href":"https:\/\/belovedlingerie.com\/cz\/wp-json\/wp\/v2\/media?parent=10064311"}],"wp:term":[{"taxonomy":"product_cat","embeddable":true,"href":"https:\/\/belovedlingerie.com\/cz\/wp-json\/wp\/v2\/product_cat?post=10064311"},{"taxonomy":"product_tag","embeddable":true,"href":"https:\/\/belovedlingerie.com\/cz\/wp-json\/wp\/v2\/product_tag?post=10064311"}],"curies":[{"name":"wp","href":"https:\/\/api.w.org\/{rel}","templated":true}]}}