{"id":10064731,"date":"2024-09-17T09:32:07","date_gmt":"2024-09-17T07:32:07","guid":{"rendered":"https:\/\/belovedlingerie.com\/cz\/?post_type=product&#038;p=10064731"},"modified":"2025-09-24T13:40:23","modified_gmt":"2025-09-24T11:40:23","slug":"shapewear-kalhotky-hourglass-cerne","status":"publish","type":"product","link":"https:\/\/belovedlingerie.com\/cz\/izdelek\/shapewear-kalhotky-hourglass-cerne\/","title":{"rendered":"Shapewear kalhotky HOURGLASS \u010dern\u00e9"},"content":{"rendered":"<ul>\n<li class=\"uspikona\">Hedv\u00e1bn\u011b m\u011bkk\u00fd materi\u00e1l, p\u0159\u00edjemn\u00fd na dotek<\/li>\n<li class=\"uspikona\">Extr\u00e9mn\u011b pru\u017en\u00fd a velmi odoln\u00fd materi\u00e1l<\/li>\n<li class=\"uspikona\">Vysok\u00fd pas<\/li>\n<li class=\"uspikona\">Tvaruje b\u0159icho a pas.<\/li>\n<li>Barva: \u010dern\u00e1.<\/li>\n<li>Typ kalhotek: tanga.<\/li>\n<li class=\"uspikona\">Silikonov\u00fd p\u00e1sek na vnit\u0159n\u00ed stran\u011b zabra\u0148uje rolov\u00e1n\u00ed<\/li>\n<li class=\"uspikona\">C\u00edlen\u00e1 komprese pro \u0161t\u00edhlou \u017eenskou siluetu.<\/li>\n<li>Modelka nos\u00ed konfek\u010dn\u00ed velikost S.<\/li>\n<li>Barvy spodn\u00edho pr\u00e1dla na obr\u00e1zc\u00edch se mohou m\u00edrn\u011b li\u0161it od skute\u010dn\u00fdch barev, kv\u016fli nastaven\u00ed telefonu nebo po\u010d\u00edta\u010de.<\/li>\n<li>Slo\u017een\u00ed: 90% polyester, 10% spandex.<\/li>\n<\/ul>\n","protected":false},"excerpt":{"rendered":"<p>Hedv\u00e1bn\u011b m\u011bkk\u00fd materi\u00e1l, p\u0159\u00edjemn\u00fd na dotek Extr\u00e9mn\u011b pru\u017en\u00fd a velmi odoln\u00fd materi\u00e1l Vysok\u00fd pas Tvaruje b\u0159icho a pas. Barva: \u010dern\u00e1. Typ kalhotek: tanga. Silikonov\u00fd p\u00e1sek na vnit\u0159n\u00ed stran\u011b zabra\u0148uje rolov\u00e1n\u00ed C\u00edlen\u00e1 komprese pro \u0161t\u00edhlou \u017eenskou siluetu. Modelka nos\u00ed konfek\u010dn\u00ed velikost S. Barvy spodn\u00edho pr\u00e1dla na obr\u00e1zc\u00edch se mohou m\u00edrn\u011b li\u0161it od skute\u010dn\u00fdch barev, kv\u016fli nastaven\u00ed [&#8230;]\n","protected":false},"featured_media":10064732,"comment_status":"open","ping_status":"closed","template":"","meta":{"_acf_changed":false},"product_cat":[232],"product_tag":[],"class_list":{"0":"post-10064731","1":"product","2":"type-product","3":"status-publish","4":"has-post-thumbnail","6":"product_cat-pradlo-na-tvarovani-postavy","8":"first","9":"instock","10":"taxable","11":"shipping-taxable","12":"purchasable","13":"product-type-variable"},"bundled_by":[],"bundle_stock_status":"instock","bundle_stock_quantity":null,"bundle_virtual":false,"bundle_layout":"","bundle_add_to_cart_form_location":"","bundle_editable_in_cart":false,"bundle_sold_individually_context":"","bundle_item_grouping":"","bundle_min_size":"","bundle_max_size":"","bundle_price":[],"bundled_items":[],"bundle_sell_ids":[],"acf":[],"yoast_head":"<!-- This site is optimized with the Yoast SEO plugin v22.3 - https:\/\/yoast.com\/wordpress\/plugins\/seo\/ -->\n<title>Shapewear kalhotky HOURGLASS \u010dern\u00e9 - Beloved Lingerie<\/title>\n<meta name=\"robots\" content=\"index, follow, max-snippet:-1, max-image-preview:large, max-video-preview:-1\" \/>\n<link rel=\"canonical\" href=\"https:\/\/belovedlingerie.com\/cz\/izdelek\/shapewear-kalhotky-hourglass-cerne\/\" \/>\n<meta property=\"og:locale\" content=\"cs_CZ\" \/>\n<meta property=\"og:type\" content=\"article\" \/>\n<meta property=\"og:title\" content=\"Shapewear kalhotky HOURGLASS \u010dern\u00e9 - Beloved Lingerie\" \/>\n<meta property=\"og:description\" content=\"Hedv\u00e1bn\u011b m\u011bkk\u00fd materi\u00e1l, p\u0159\u00edjemn\u00fd na dotek Extr\u00e9mn\u011b pru\u017en\u00fd a velmi odoln\u00fd materi\u00e1l Vysok\u00fd pas Tvaruje b\u0159icho a pas. Barva: \u010dern\u00e1. Typ kalhotek: tanga. Silikonov\u00fd p\u00e1sek na vnit\u0159n\u00ed stran\u011b zabra\u0148uje rolov\u00e1n\u00ed C\u00edlen\u00e1 komprese pro \u0161t\u00edhlou \u017eenskou siluetu. Modelka nos\u00ed konfek\u010dn\u00ed velikost S. Barvy spodn\u00edho pr\u00e1dla na obr\u00e1zc\u00edch se mohou m\u00edrn\u011b li\u0161it od skute\u010dn\u00fdch barev, kv\u016fli nastaven\u00ed [...]\" \/>\n<meta property=\"og:url\" content=\"https:\/\/belovedlingerie.com\/cz\/izdelek\/shapewear-kalhotky-hourglass-cerne\/\" \/>\n<meta property=\"og:site_name\" content=\"Beloved Lingerie\" \/>\n<meta property=\"article:modified_time\" content=\"2025-09-24T11:40:23+00:00\" \/>\n<meta property=\"og:image\" content=\"https:\/\/belovedlingerie.com\/cz\/wp-content\/uploads\/2024\/09\/Shapewear-hlacke-HOURGLASS-crne-4-scaled-4.jpg\" \/>\n\t<meta property=\"og:image:width\" content=\"1707\" \/>\n\t<meta property=\"og:image:height\" content=\"2560\" \/>\n\t<meta property=\"og:image:type\" content=\"image\/jpeg\" \/>\n<meta name=\"twitter:card\" content=\"summary_large_image\" \/>\n<meta name=\"twitter:label1\" content=\"Odhadovan\u00e1 doba \u010dten\u00ed\" \/>\n\t<meta name=\"twitter:data1\" content=\"1 minuta\" \/>\n<script type=\"application\/ld+json\" class=\"yoast-schema-graph\">{\"@context\":\"https:\/\/schema.org\",\"@graph\":[{\"@type\":\"WebPage\",\"@id\":\"https:\/\/belovedlingerie.com\/cz\/izdelek\/shapewear-kalhotky-hourglass-cerne\/\",\"url\":\"https:\/\/belovedlingerie.com\/cz\/izdelek\/shapewear-kalhotky-hourglass-cerne\/\",\"name\":\"Shapewear kalhotky HOURGLASS \u010dern\u00e9 - Beloved Lingerie\",\"isPartOf\":{\"@id\":\"https:\/\/belovedlingerie.com\/cz\/#website\"},\"primaryImageOfPage\":{\"@id\":\"https:\/\/belovedlingerie.com\/cz\/izdelek\/shapewear-kalhotky-hourglass-cerne\/#primaryimage\"},\"image\":{\"@id\":\"https:\/\/belovedlingerie.com\/cz\/izdelek\/shapewear-kalhotky-hourglass-cerne\/#primaryimage\"},\"thumbnailUrl\":\"https:\/\/belovedlingerie.com\/cz\/wp-content\/uploads\/2024\/09\/Shapewear-hlacke-HOURGLASS-crne-4-scaled-4.jpg\",\"datePublished\":\"2024-09-17T07:32:07+00:00\",\"dateModified\":\"2025-09-24T11:40:23+00:00\",\"breadcrumb\":{\"@id\":\"https:\/\/belovedlingerie.com\/cz\/izdelek\/shapewear-kalhotky-hourglass-cerne\/#breadcrumb\"},\"inLanguage\":\"cs\",\"potentialAction\":[{\"@type\":\"ReadAction\",\"target\":[\"https:\/\/belovedlingerie.com\/cz\/izdelek\/shapewear-kalhotky-hourglass-cerne\/\"]}]},{\"@type\":\"ImageObject\",\"inLanguage\":\"cs\",\"@id\":\"https:\/\/belovedlingerie.com\/cz\/izdelek\/shapewear-kalhotky-hourglass-cerne\/#primaryimage\",\"url\":\"https:\/\/belovedlingerie.com\/cz\/wp-content\/uploads\/2024\/09\/Shapewear-hlacke-HOURGLASS-crne-4-scaled-4.jpg\",\"contentUrl\":\"https:\/\/belovedlingerie.com\/cz\/wp-content\/uploads\/2024\/09\/Shapewear-hlacke-HOURGLASS-crne-4-scaled-4.jpg\",\"width\":1707,\"height\":2560},{\"@type\":\"BreadcrumbList\",\"@id\":\"https:\/\/belovedlingerie.com\/cz\/izdelek\/shapewear-kalhotky-hourglass-cerne\/#breadcrumb\",\"itemListElement\":[{\"@type\":\"ListItem\",\"position\":1,\"name\":\"Home\",\"item\":\"https:\/\/belovedlingerie.com\/cz\/\"},{\"@type\":\"ListItem\",\"position\":2,\"name\":\"Shop\",\"item\":\"https:\/\/belovedlingerie.com\/cz\/shop\/\"},{\"@type\":\"ListItem\",\"position\":3,\"name\":\"Shapewear kalhotky HOURGLASS \u010dern\u00e9\"}]},{\"@type\":\"WebSite\",\"@id\":\"https:\/\/belovedlingerie.com\/cz\/#website\",\"url\":\"https:\/\/belovedlingerie.com\/cz\/\",\"name\":\"Beloved Lingerie\",\"description\":\"Your beloved fashion store!\",\"potentialAction\":[{\"@type\":\"SearchAction\",\"target\":{\"@type\":\"EntryPoint\",\"urlTemplate\":\"https:\/\/belovedlingerie.com\/cz\/?s={search_term_string}\"},\"query-input\":\"required name=search_term_string\"}],\"inLanguage\":\"cs\"}]}<\/script>\n<!-- \/ Yoast SEO plugin. -->","yoast_head_json":{"title":"Shapewear kalhotky HOURGLASS \u010dern\u00e9 - Beloved Lingerie","robots":{"index":"index","follow":"follow","max-snippet":"max-snippet:-1","max-image-preview":"max-image-preview:large","max-video-preview":"max-video-preview:-1"},"canonical":"https:\/\/belovedlingerie.com\/cz\/izdelek\/shapewear-kalhotky-hourglass-cerne\/","og_locale":"cs_CZ","og_type":"article","og_title":"Shapewear kalhotky HOURGLASS \u010dern\u00e9 - Beloved Lingerie","og_description":"Hedv\u00e1bn\u011b m\u011bkk\u00fd materi\u00e1l, p\u0159\u00edjemn\u00fd na dotek Extr\u00e9mn\u011b pru\u017en\u00fd a velmi odoln\u00fd materi\u00e1l Vysok\u00fd pas Tvaruje b\u0159icho a pas. Barva: \u010dern\u00e1. Typ kalhotek: tanga. Silikonov\u00fd p\u00e1sek na vnit\u0159n\u00ed stran\u011b zabra\u0148uje rolov\u00e1n\u00ed C\u00edlen\u00e1 komprese pro \u0161t\u00edhlou \u017eenskou siluetu. Modelka nos\u00ed konfek\u010dn\u00ed velikost S. Barvy spodn\u00edho pr\u00e1dla na obr\u00e1zc\u00edch se mohou m\u00edrn\u011b li\u0161it od skute\u010dn\u00fdch barev, kv\u016fli nastaven\u00ed [...]","og_url":"https:\/\/belovedlingerie.com\/cz\/izdelek\/shapewear-kalhotky-hourglass-cerne\/","og_site_name":"Beloved Lingerie","article_modified_time":"2025-09-24T11:40:23+00:00","og_image":[{"width":1707,"height":2560,"url":"https:\/\/belovedlingerie.com\/cz\/wp-content\/uploads\/2024\/09\/Shapewear-hlacke-HOURGLASS-crne-4-scaled-4.jpg","type":"image\/jpeg"}],"twitter_card":"summary_large_image","twitter_misc":{"Odhadovan\u00e1 doba \u010dten\u00ed":"1 minuta"},"schema":{"@context":"https:\/\/schema.org","@graph":[{"@type":"WebPage","@id":"https:\/\/belovedlingerie.com\/cz\/izdelek\/shapewear-kalhotky-hourglass-cerne\/","url":"https:\/\/belovedlingerie.com\/cz\/izdelek\/shapewear-kalhotky-hourglass-cerne\/","name":"Shapewear kalhotky HOURGLASS \u010dern\u00e9 - Beloved Lingerie","isPartOf":{"@id":"https:\/\/belovedlingerie.com\/cz\/#website"},"primaryImageOfPage":{"@id":"https:\/\/belovedlingerie.com\/cz\/izdelek\/shapewear-kalhotky-hourglass-cerne\/#primaryimage"},"image":{"@id":"https:\/\/belovedlingerie.com\/cz\/izdelek\/shapewear-kalhotky-hourglass-cerne\/#primaryimage"},"thumbnailUrl":"https:\/\/belovedlingerie.com\/cz\/wp-content\/uploads\/2024\/09\/Shapewear-hlacke-HOURGLASS-crne-4-scaled-4.jpg","datePublished":"2024-09-17T07:32:07+00:00","dateModified":"2025-09-24T11:40:23+00:00","breadcrumb":{"@id":"https:\/\/belovedlingerie.com\/cz\/izdelek\/shapewear-kalhotky-hourglass-cerne\/#breadcrumb"},"inLanguage":"cs","potentialAction":[{"@type":"ReadAction","target":["https:\/\/belovedlingerie.com\/cz\/izdelek\/shapewear-kalhotky-hourglass-cerne\/"]}]},{"@type":"ImageObject","inLanguage":"cs","@id":"https:\/\/belovedlingerie.com\/cz\/izdelek\/shapewear-kalhotky-hourglass-cerne\/#primaryimage","url":"https:\/\/belovedlingerie.com\/cz\/wp-content\/uploads\/2024\/09\/Shapewear-hlacke-HOURGLASS-crne-4-scaled-4.jpg","contentUrl":"https:\/\/belovedlingerie.com\/cz\/wp-content\/uploads\/2024\/09\/Shapewear-hlacke-HOURGLASS-crne-4-scaled-4.jpg","width":1707,"height":2560},{"@type":"BreadcrumbList","@id":"https:\/\/belovedlingerie.com\/cz\/izdelek\/shapewear-kalhotky-hourglass-cerne\/#breadcrumb","itemListElement":[{"@type":"ListItem","position":1,"name":"Home","item":"https:\/\/belovedlingerie.com\/cz\/"},{"@type":"ListItem","position":2,"name":"Shop","item":"https:\/\/belovedlingerie.com\/cz\/shop\/"},{"@type":"ListItem","position":3,"name":"Shapewear kalhotky HOURGLASS \u010dern\u00e9"}]},{"@type":"WebSite","@id":"https:\/\/belovedlingerie.com\/cz\/#website","url":"https:\/\/belovedlingerie.com\/cz\/","name":"Beloved Lingerie","description":"Your beloved fashion store!","potentialAction":[{"@type":"SearchAction","target":{"@type":"EntryPoint","urlTemplate":"https:\/\/belovedlingerie.com\/cz\/?s={search_term_string}"},"query-input":"required name=search_term_string"}],"inLanguage":"cs"}]}},"_links":{"self":[{"href":"https:\/\/belovedlingerie.com\/cz\/wp-json\/wp\/v2\/product\/10064731","targetHints":{"allow":["GET"]}}],"collection":[{"href":"https:\/\/belovedlingerie.com\/cz\/wp-json\/wp\/v2\/product"}],"about":[{"href":"https:\/\/belovedlingerie.com\/cz\/wp-json\/wp\/v2\/types\/product"}],"replies":[{"embeddable":true,"href":"https:\/\/belovedlingerie.com\/cz\/wp-json\/wp\/v2\/comments?post=10064731"}],"wp:featuredmedia":[{"embeddable":true,"href":"https:\/\/belovedlingerie.com\/cz\/wp-json\/wp\/v2\/media\/10064732"}],"wp:attachment":[{"href":"https:\/\/belovedlingerie.com\/cz\/wp-json\/wp\/v2\/media?parent=10064731"}],"wp:term":[{"taxonomy":"product_cat","embeddable":true,"href":"https:\/\/belovedlingerie.com\/cz\/wp-json\/wp\/v2\/product_cat?post=10064731"},{"taxonomy":"product_tag","embeddable":true,"href":"https:\/\/belovedlingerie.com\/cz\/wp-json\/wp\/v2\/product_tag?post=10064731"}],"curies":[{"name":"wp","href":"https:\/\/api.w.org\/{rel}","templated":true}]}}