{"id":10069138,"date":"2025-04-28T20:32:30","date_gmt":"2025-04-28T18:32:30","guid":{"rendered":"https:\/\/belovedlingerie.com\/cz\/?post_type=product&#038;p=10069138"},"modified":"2025-09-24T13:40:22","modified_gmt":"2025-09-24T11:40:22","slug":"dvoudilne-plavky-tayrona-bezove","status":"publish","type":"product","link":"https:\/\/belovedlingerie.com\/cz\/izdelek\/dvoudilne-plavky-tayrona-bezove\/","title":{"rendered":"Dvoud\u00edln\u00e9 plavky TAYRONA b\u00e9\u017eov\u00e9"},"content":{"rendered":"<ul>\n<li>Dvoud\u00edln\u00e9 bikiny plavky.<\/li>\n<li>Polstrovan\u00e9 ram\u00ednka.<\/li>\n<li>Regulace ram\u00ednek.<\/li>\n<li>Slo\u017een\u00ed: 80% polyamid, 20% elastan.<\/li>\n<\/ul>\n","protected":false},"excerpt":{"rendered":"<p>Dvoud\u00edln\u00e9 bikiny plavky. Polstrovan\u00e9 ram\u00ednka. Regulace ram\u00ednek. Slo\u017een\u00ed: 80% polyamid, 20% elastan.<\/p>\n","protected":false},"featured_media":10069329,"comment_status":"open","ping_status":"closed","template":"","meta":{"_acf_changed":false},"product_cat":[257,239],"product_tag":[],"class_list":{"0":"post-10069138","1":"product","2":"type-product","3":"status-publish","4":"has-post-thumbnail","6":"product_cat-plavky","7":"product_cat-tulum-kolekce","9":"first","10":"instock","11":"taxable","12":"shipping-taxable","13":"purchasable","14":"product-type-variable"},"bundled_by":[],"bundle_stock_status":"instock","bundle_stock_quantity":null,"bundle_virtual":false,"bundle_layout":"","bundle_add_to_cart_form_location":"","bundle_editable_in_cart":false,"bundle_sold_individually_context":"","bundle_item_grouping":"","bundle_min_size":"","bundle_max_size":"","bundle_price":[],"bundled_items":[],"bundle_sell_ids":[],"acf":[],"yoast_head":"<!-- This site is optimized with the Yoast SEO plugin v22.3 - https:\/\/yoast.com\/wordpress\/plugins\/seo\/ -->\n<title>Dvoud\u00edln\u00e9 plavky TAYRONA b\u00e9\u017eov\u00e9 - Beloved Lingerie<\/title>\n<meta name=\"robots\" content=\"index, follow, max-snippet:-1, max-image-preview:large, max-video-preview:-1\" \/>\n<link rel=\"canonical\" href=\"https:\/\/belovedlingerie.com\/cz\/izdelek\/dvoudilne-plavky-tayrona-bezove\/\" \/>\n<meta property=\"og:locale\" content=\"cs_CZ\" \/>\n<meta property=\"og:type\" content=\"article\" \/>\n<meta property=\"og:title\" content=\"Dvoud\u00edln\u00e9 plavky TAYRONA b\u00e9\u017eov\u00e9 - Beloved Lingerie\" \/>\n<meta property=\"og:description\" content=\"Dvoud\u00edln\u00e9 bikiny plavky. Polstrovan\u00e9 ram\u00ednka. Regulace ram\u00ednek. Slo\u017een\u00ed: 80% polyamid, 20% elastan.\" \/>\n<meta property=\"og:url\" content=\"https:\/\/belovedlingerie.com\/cz\/izdelek\/dvoudilne-plavky-tayrona-bezove\/\" \/>\n<meta property=\"og:site_name\" content=\"Beloved Lingerie\" \/>\n<meta property=\"article:modified_time\" content=\"2025-09-24T11:40:22+00:00\" \/>\n<meta property=\"og:image\" content=\"https:\/\/belovedlingerie.com\/cz\/wp-content\/uploads\/2025\/04\/dvoudilne-plavky-105.jpg\" \/>\n\t<meta property=\"og:image:width\" content=\"1316\" \/>\n\t<meta property=\"og:image:height\" content=\"1647\" \/>\n\t<meta property=\"og:image:type\" content=\"image\/jpeg\" \/>\n<meta name=\"twitter:card\" content=\"summary_large_image\" \/>\n<meta name=\"twitter:label1\" content=\"Odhadovan\u00e1 doba \u010dten\u00ed\" \/>\n\t<meta name=\"twitter:data1\" content=\"1 minuta\" \/>\n<script type=\"application\/ld+json\" class=\"yoast-schema-graph\">{\"@context\":\"https:\/\/schema.org\",\"@graph\":[{\"@type\":\"WebPage\",\"@id\":\"https:\/\/belovedlingerie.com\/cz\/izdelek\/dvoudilne-plavky-tayrona-bezove\/\",\"url\":\"https:\/\/belovedlingerie.com\/cz\/izdelek\/dvoudilne-plavky-tayrona-bezove\/\",\"name\":\"Dvoud\u00edln\u00e9 plavky TAYRONA b\u00e9\u017eov\u00e9 - Beloved Lingerie\",\"isPartOf\":{\"@id\":\"https:\/\/belovedlingerie.com\/cz\/#website\"},\"primaryImageOfPage\":{\"@id\":\"https:\/\/belovedlingerie.com\/cz\/izdelek\/dvoudilne-plavky-tayrona-bezove\/#primaryimage\"},\"image\":{\"@id\":\"https:\/\/belovedlingerie.com\/cz\/izdelek\/dvoudilne-plavky-tayrona-bezove\/#primaryimage\"},\"thumbnailUrl\":\"https:\/\/belovedlingerie.com\/cz\/wp-content\/uploads\/2025\/04\/dvoudilne-plavky-105.jpg\",\"datePublished\":\"2025-04-28T18:32:30+00:00\",\"dateModified\":\"2025-09-24T11:40:22+00:00\",\"breadcrumb\":{\"@id\":\"https:\/\/belovedlingerie.com\/cz\/izdelek\/dvoudilne-plavky-tayrona-bezove\/#breadcrumb\"},\"inLanguage\":\"cs\",\"potentialAction\":[{\"@type\":\"ReadAction\",\"target\":[\"https:\/\/belovedlingerie.com\/cz\/izdelek\/dvoudilne-plavky-tayrona-bezove\/\"]}]},{\"@type\":\"ImageObject\",\"inLanguage\":\"cs\",\"@id\":\"https:\/\/belovedlingerie.com\/cz\/izdelek\/dvoudilne-plavky-tayrona-bezove\/#primaryimage\",\"url\":\"https:\/\/belovedlingerie.com\/cz\/wp-content\/uploads\/2025\/04\/dvoudilne-plavky-105.jpg\",\"contentUrl\":\"https:\/\/belovedlingerie.com\/cz\/wp-content\/uploads\/2025\/04\/dvoudilne-plavky-105.jpg\",\"width\":1316,\"height\":1647},{\"@type\":\"BreadcrumbList\",\"@id\":\"https:\/\/belovedlingerie.com\/cz\/izdelek\/dvoudilne-plavky-tayrona-bezove\/#breadcrumb\",\"itemListElement\":[{\"@type\":\"ListItem\",\"position\":1,\"name\":\"Home\",\"item\":\"https:\/\/belovedlingerie.com\/cz\/\"},{\"@type\":\"ListItem\",\"position\":2,\"name\":\"Shop\",\"item\":\"https:\/\/belovedlingerie.com\/cz\/shop\/\"},{\"@type\":\"ListItem\",\"position\":3,\"name\":\"Dvoud\u00edln\u00e9 plavky TAYRONA b\u00e9\u017eov\u00e9\"}]},{\"@type\":\"WebSite\",\"@id\":\"https:\/\/belovedlingerie.com\/cz\/#website\",\"url\":\"https:\/\/belovedlingerie.com\/cz\/\",\"name\":\"Beloved Lingerie\",\"description\":\"Your beloved fashion store!\",\"potentialAction\":[{\"@type\":\"SearchAction\",\"target\":{\"@type\":\"EntryPoint\",\"urlTemplate\":\"https:\/\/belovedlingerie.com\/cz\/?s={search_term_string}\"},\"query-input\":\"required name=search_term_string\"}],\"inLanguage\":\"cs\"}]}<\/script>\n<!-- \/ Yoast SEO plugin. -->","yoast_head_json":{"title":"Dvoud\u00edln\u00e9 plavky TAYRONA b\u00e9\u017eov\u00e9 - Beloved Lingerie","robots":{"index":"index","follow":"follow","max-snippet":"max-snippet:-1","max-image-preview":"max-image-preview:large","max-video-preview":"max-video-preview:-1"},"canonical":"https:\/\/belovedlingerie.com\/cz\/izdelek\/dvoudilne-plavky-tayrona-bezove\/","og_locale":"cs_CZ","og_type":"article","og_title":"Dvoud\u00edln\u00e9 plavky TAYRONA b\u00e9\u017eov\u00e9 - Beloved Lingerie","og_description":"Dvoud\u00edln\u00e9 bikiny plavky. Polstrovan\u00e9 ram\u00ednka. Regulace ram\u00ednek. Slo\u017een\u00ed: 80% polyamid, 20% elastan.","og_url":"https:\/\/belovedlingerie.com\/cz\/izdelek\/dvoudilne-plavky-tayrona-bezove\/","og_site_name":"Beloved Lingerie","article_modified_time":"2025-09-24T11:40:22+00:00","og_image":[{"width":1316,"height":1647,"url":"https:\/\/belovedlingerie.com\/cz\/wp-content\/uploads\/2025\/04\/dvoudilne-plavky-105.jpg","type":"image\/jpeg"}],"twitter_card":"summary_large_image","twitter_misc":{"Odhadovan\u00e1 doba \u010dten\u00ed":"1 minuta"},"schema":{"@context":"https:\/\/schema.org","@graph":[{"@type":"WebPage","@id":"https:\/\/belovedlingerie.com\/cz\/izdelek\/dvoudilne-plavky-tayrona-bezove\/","url":"https:\/\/belovedlingerie.com\/cz\/izdelek\/dvoudilne-plavky-tayrona-bezove\/","name":"Dvoud\u00edln\u00e9 plavky TAYRONA b\u00e9\u017eov\u00e9 - Beloved Lingerie","isPartOf":{"@id":"https:\/\/belovedlingerie.com\/cz\/#website"},"primaryImageOfPage":{"@id":"https:\/\/belovedlingerie.com\/cz\/izdelek\/dvoudilne-plavky-tayrona-bezove\/#primaryimage"},"image":{"@id":"https:\/\/belovedlingerie.com\/cz\/izdelek\/dvoudilne-plavky-tayrona-bezove\/#primaryimage"},"thumbnailUrl":"https:\/\/belovedlingerie.com\/cz\/wp-content\/uploads\/2025\/04\/dvoudilne-plavky-105.jpg","datePublished":"2025-04-28T18:32:30+00:00","dateModified":"2025-09-24T11:40:22+00:00","breadcrumb":{"@id":"https:\/\/belovedlingerie.com\/cz\/izdelek\/dvoudilne-plavky-tayrona-bezove\/#breadcrumb"},"inLanguage":"cs","potentialAction":[{"@type":"ReadAction","target":["https:\/\/belovedlingerie.com\/cz\/izdelek\/dvoudilne-plavky-tayrona-bezove\/"]}]},{"@type":"ImageObject","inLanguage":"cs","@id":"https:\/\/belovedlingerie.com\/cz\/izdelek\/dvoudilne-plavky-tayrona-bezove\/#primaryimage","url":"https:\/\/belovedlingerie.com\/cz\/wp-content\/uploads\/2025\/04\/dvoudilne-plavky-105.jpg","contentUrl":"https:\/\/belovedlingerie.com\/cz\/wp-content\/uploads\/2025\/04\/dvoudilne-plavky-105.jpg","width":1316,"height":1647},{"@type":"BreadcrumbList","@id":"https:\/\/belovedlingerie.com\/cz\/izdelek\/dvoudilne-plavky-tayrona-bezove\/#breadcrumb","itemListElement":[{"@type":"ListItem","position":1,"name":"Home","item":"https:\/\/belovedlingerie.com\/cz\/"},{"@type":"ListItem","position":2,"name":"Shop","item":"https:\/\/belovedlingerie.com\/cz\/shop\/"},{"@type":"ListItem","position":3,"name":"Dvoud\u00edln\u00e9 plavky TAYRONA b\u00e9\u017eov\u00e9"}]},{"@type":"WebSite","@id":"https:\/\/belovedlingerie.com\/cz\/#website","url":"https:\/\/belovedlingerie.com\/cz\/","name":"Beloved Lingerie","description":"Your beloved fashion store!","potentialAction":[{"@type":"SearchAction","target":{"@type":"EntryPoint","urlTemplate":"https:\/\/belovedlingerie.com\/cz\/?s={search_term_string}"},"query-input":"required name=search_term_string"}],"inLanguage":"cs"}]}},"_links":{"self":[{"href":"https:\/\/belovedlingerie.com\/cz\/wp-json\/wp\/v2\/product\/10069138","targetHints":{"allow":["GET"]}}],"collection":[{"href":"https:\/\/belovedlingerie.com\/cz\/wp-json\/wp\/v2\/product"}],"about":[{"href":"https:\/\/belovedlingerie.com\/cz\/wp-json\/wp\/v2\/types\/product"}],"replies":[{"embeddable":true,"href":"https:\/\/belovedlingerie.com\/cz\/wp-json\/wp\/v2\/comments?post=10069138"}],"wp:featuredmedia":[{"embeddable":true,"href":"https:\/\/belovedlingerie.com\/cz\/wp-json\/wp\/v2\/media\/10069329"}],"wp:attachment":[{"href":"https:\/\/belovedlingerie.com\/cz\/wp-json\/wp\/v2\/media?parent=10069138"}],"wp:term":[{"taxonomy":"product_cat","embeddable":true,"href":"https:\/\/belovedlingerie.com\/cz\/wp-json\/wp\/v2\/product_cat?post=10069138"},{"taxonomy":"product_tag","embeddable":true,"href":"https:\/\/belovedlingerie.com\/cz\/wp-json\/wp\/v2\/product_tag?post=10069138"}],"curies":[{"name":"wp","href":"https:\/\/api.w.org\/{rel}","templated":true}]}}