{"id":10069168,"date":"2025-04-28T20:32:30","date_gmt":"2025-04-28T18:32:30","guid":{"rendered":"https:\/\/belovedlingerie.com\/cz\/?post_type=product&#038;p=10069168"},"modified":"2026-05-11T12:28:53","modified_gmt":"2026-05-11T10:28:53","slug":"dvoudilne-plavky-honolulu-smaragdove","status":"publish","type":"product","link":"https:\/\/belovedlingerie.com\/cz\/izdelek\/dvoudilne-plavky-honolulu-smaragdove\/","title":{"rendered":"Dvoud\u00edln\u00e9 plavky HONOLULU smaragdov\u00e9"},"content":{"rendered":"<ul>\n<li>M\u00f3dn\u00ed dvoud\u00edln\u00e9 plavky.<\/li>\n<li>Mo\u017enost regulace ram\u00ednek.<\/li>\n<li>Vyztu\u017een\u00e9 ko\u0161\u00ed\u010dky, kter\u00e9 lze podle pot\u0159eby vyjmout.<\/li>\n<li>Barva: smaragdov\u00e1.<\/li>\n<li>Slo\u017een\u00ed: 82% polyamid, 18% elastan.<\/li>\n<\/ul>\n","protected":false},"excerpt":{"rendered":"<p>M\u00f3dn\u00ed dvoud\u00edln\u00e9 plavky. Mo\u017enost regulace ram\u00ednek. Vyztu\u017een\u00e9 ko\u0161\u00ed\u010dky, kter\u00e9 lze podle pot\u0159eby vyjmout. Barva: smaragdov\u00e1. Slo\u017een\u00ed: 82% polyamid, 18% elastan.<\/p>\n","protected":false},"featured_media":10069244,"comment_status":"open","ping_status":"closed","template":"","meta":{"_acf_changed":false},"product_cat":[257,239],"product_tag":[],"class_list":{"0":"post-10069168","1":"product","2":"type-product","3":"status-publish","4":"has-post-thumbnail","6":"product_cat-plavky","7":"product_cat-tulum-kolekce","9":"first","10":"instock","11":"taxable","12":"shipping-taxable","13":"purchasable","14":"product-type-variable"},"bundled_by":[],"bundle_stock_status":"instock","bundle_stock_quantity":null,"bundle_virtual":false,"bundle_layout":"","bundle_add_to_cart_form_location":"","bundle_editable_in_cart":false,"bundle_sold_individually_context":"","bundle_item_grouping":"","bundle_min_size":"","bundle_max_size":"","bundle_price":[],"bundled_items":[],"bundle_sell_ids":[],"acf":[],"yoast_head":"<!-- This site is optimized with the Yoast SEO plugin v22.3 - https:\/\/yoast.com\/wordpress\/plugins\/seo\/ -->\n<title>Dvoud\u00edln\u00e9 plavky HONOLULU smaragdov\u00e9 - Beloved Lingerie<\/title>\n<meta name=\"robots\" content=\"index, follow, max-snippet:-1, max-image-preview:large, max-video-preview:-1\" \/>\n<link rel=\"canonical\" href=\"https:\/\/belovedlingerie.com\/cz\/izdelek\/dvoudilne-plavky-honolulu-smaragdove\/\" \/>\n<meta property=\"og:locale\" content=\"cs_CZ\" \/>\n<meta property=\"og:type\" content=\"article\" \/>\n<meta property=\"og:title\" content=\"Dvoud\u00edln\u00e9 plavky HONOLULU smaragdov\u00e9 - Beloved Lingerie\" \/>\n<meta property=\"og:description\" content=\"M\u00f3dn\u00ed dvoud\u00edln\u00e9 plavky. Mo\u017enost regulace ram\u00ednek. Vyztu\u017een\u00e9 ko\u0161\u00ed\u010dky, kter\u00e9 lze podle pot\u0159eby vyjmout. Barva: smaragdov\u00e1. Slo\u017een\u00ed: 82% polyamid, 18% elastan.\" \/>\n<meta property=\"og:url\" content=\"https:\/\/belovedlingerie.com\/cz\/izdelek\/dvoudilne-plavky-honolulu-smaragdove\/\" \/>\n<meta property=\"og:site_name\" content=\"Beloved Lingerie\" \/>\n<meta property=\"article:modified_time\" content=\"2026-05-11T10:28:53+00:00\" \/>\n<meta property=\"og:image\" content=\"https:\/\/belovedlingerie.com\/cz\/wp-content\/uploads\/2025\/04\/dvoudilne-plavky-20.jpg\" \/>\n\t<meta property=\"og:image:width\" content=\"1470\" \/>\n\t<meta property=\"og:image:height\" content=\"2156\" \/>\n\t<meta property=\"og:image:type\" content=\"image\/jpeg\" \/>\n<meta name=\"twitter:card\" content=\"summary_large_image\" \/>\n<meta name=\"twitter:label1\" content=\"Odhadovan\u00e1 doba \u010dten\u00ed\" \/>\n\t<meta name=\"twitter:data1\" content=\"1 minuta\" \/>\n<script type=\"application\/ld+json\" class=\"yoast-schema-graph\">{\"@context\":\"https:\/\/schema.org\",\"@graph\":[{\"@type\":\"WebPage\",\"@id\":\"https:\/\/belovedlingerie.com\/cz\/izdelek\/dvoudilne-plavky-honolulu-smaragdove\/\",\"url\":\"https:\/\/belovedlingerie.com\/cz\/izdelek\/dvoudilne-plavky-honolulu-smaragdove\/\",\"name\":\"Dvoud\u00edln\u00e9 plavky HONOLULU smaragdov\u00e9 - Beloved Lingerie\",\"isPartOf\":{\"@id\":\"https:\/\/belovedlingerie.com\/cz\/#website\"},\"primaryImageOfPage\":{\"@id\":\"https:\/\/belovedlingerie.com\/cz\/izdelek\/dvoudilne-plavky-honolulu-smaragdove\/#primaryimage\"},\"image\":{\"@id\":\"https:\/\/belovedlingerie.com\/cz\/izdelek\/dvoudilne-plavky-honolulu-smaragdove\/#primaryimage\"},\"thumbnailUrl\":\"https:\/\/belovedlingerie.com\/cz\/wp-content\/uploads\/2025\/04\/dvoudilne-plavky-20.jpg\",\"datePublished\":\"2025-04-28T18:32:30+00:00\",\"dateModified\":\"2026-05-11T10:28:53+00:00\",\"breadcrumb\":{\"@id\":\"https:\/\/belovedlingerie.com\/cz\/izdelek\/dvoudilne-plavky-honolulu-smaragdove\/#breadcrumb\"},\"inLanguage\":\"cs\",\"potentialAction\":[{\"@type\":\"ReadAction\",\"target\":[\"https:\/\/belovedlingerie.com\/cz\/izdelek\/dvoudilne-plavky-honolulu-smaragdove\/\"]}]},{\"@type\":\"ImageObject\",\"inLanguage\":\"cs\",\"@id\":\"https:\/\/belovedlingerie.com\/cz\/izdelek\/dvoudilne-plavky-honolulu-smaragdove\/#primaryimage\",\"url\":\"https:\/\/belovedlingerie.com\/cz\/wp-content\/uploads\/2025\/04\/dvoudilne-plavky-20.jpg\",\"contentUrl\":\"https:\/\/belovedlingerie.com\/cz\/wp-content\/uploads\/2025\/04\/dvoudilne-plavky-20.jpg\",\"width\":1470,\"height\":2156},{\"@type\":\"BreadcrumbList\",\"@id\":\"https:\/\/belovedlingerie.com\/cz\/izdelek\/dvoudilne-plavky-honolulu-smaragdove\/#breadcrumb\",\"itemListElement\":[{\"@type\":\"ListItem\",\"position\":1,\"name\":\"Home\",\"item\":\"https:\/\/belovedlingerie.com\/cz\/\"},{\"@type\":\"ListItem\",\"position\":2,\"name\":\"Shop\",\"item\":\"https:\/\/belovedlingerie.com\/cz\/shop\/\"},{\"@type\":\"ListItem\",\"position\":3,\"name\":\"Dvoud\u00edln\u00e9 plavky HONOLULU smaragdov\u00e9\"}]},{\"@type\":\"WebSite\",\"@id\":\"https:\/\/belovedlingerie.com\/cz\/#website\",\"url\":\"https:\/\/belovedlingerie.com\/cz\/\",\"name\":\"Beloved Lingerie\",\"description\":\"Your beloved fashion store!\",\"potentialAction\":[{\"@type\":\"SearchAction\",\"target\":{\"@type\":\"EntryPoint\",\"urlTemplate\":\"https:\/\/belovedlingerie.com\/cz\/?s={search_term_string}\"},\"query-input\":\"required name=search_term_string\"}],\"inLanguage\":\"cs\"}]}<\/script>\n<!-- \/ Yoast SEO plugin. -->","yoast_head_json":{"title":"Dvoud\u00edln\u00e9 plavky HONOLULU smaragdov\u00e9 - Beloved Lingerie","robots":{"index":"index","follow":"follow","max-snippet":"max-snippet:-1","max-image-preview":"max-image-preview:large","max-video-preview":"max-video-preview:-1"},"canonical":"https:\/\/belovedlingerie.com\/cz\/izdelek\/dvoudilne-plavky-honolulu-smaragdove\/","og_locale":"cs_CZ","og_type":"article","og_title":"Dvoud\u00edln\u00e9 plavky HONOLULU smaragdov\u00e9 - Beloved Lingerie","og_description":"M\u00f3dn\u00ed dvoud\u00edln\u00e9 plavky. Mo\u017enost regulace ram\u00ednek. Vyztu\u017een\u00e9 ko\u0161\u00ed\u010dky, kter\u00e9 lze podle pot\u0159eby vyjmout. Barva: smaragdov\u00e1. Slo\u017een\u00ed: 82% polyamid, 18% elastan.","og_url":"https:\/\/belovedlingerie.com\/cz\/izdelek\/dvoudilne-plavky-honolulu-smaragdove\/","og_site_name":"Beloved Lingerie","article_modified_time":"2026-05-11T10:28:53+00:00","og_image":[{"width":1470,"height":2156,"url":"https:\/\/belovedlingerie.com\/cz\/wp-content\/uploads\/2025\/04\/dvoudilne-plavky-20.jpg","type":"image\/jpeg"}],"twitter_card":"summary_large_image","twitter_misc":{"Odhadovan\u00e1 doba \u010dten\u00ed":"1 minuta"},"schema":{"@context":"https:\/\/schema.org","@graph":[{"@type":"WebPage","@id":"https:\/\/belovedlingerie.com\/cz\/izdelek\/dvoudilne-plavky-honolulu-smaragdove\/","url":"https:\/\/belovedlingerie.com\/cz\/izdelek\/dvoudilne-plavky-honolulu-smaragdove\/","name":"Dvoud\u00edln\u00e9 plavky HONOLULU smaragdov\u00e9 - Beloved Lingerie","isPartOf":{"@id":"https:\/\/belovedlingerie.com\/cz\/#website"},"primaryImageOfPage":{"@id":"https:\/\/belovedlingerie.com\/cz\/izdelek\/dvoudilne-plavky-honolulu-smaragdove\/#primaryimage"},"image":{"@id":"https:\/\/belovedlingerie.com\/cz\/izdelek\/dvoudilne-plavky-honolulu-smaragdove\/#primaryimage"},"thumbnailUrl":"https:\/\/belovedlingerie.com\/cz\/wp-content\/uploads\/2025\/04\/dvoudilne-plavky-20.jpg","datePublished":"2025-04-28T18:32:30+00:00","dateModified":"2026-05-11T10:28:53+00:00","breadcrumb":{"@id":"https:\/\/belovedlingerie.com\/cz\/izdelek\/dvoudilne-plavky-honolulu-smaragdove\/#breadcrumb"},"inLanguage":"cs","potentialAction":[{"@type":"ReadAction","target":["https:\/\/belovedlingerie.com\/cz\/izdelek\/dvoudilne-plavky-honolulu-smaragdove\/"]}]},{"@type":"ImageObject","inLanguage":"cs","@id":"https:\/\/belovedlingerie.com\/cz\/izdelek\/dvoudilne-plavky-honolulu-smaragdove\/#primaryimage","url":"https:\/\/belovedlingerie.com\/cz\/wp-content\/uploads\/2025\/04\/dvoudilne-plavky-20.jpg","contentUrl":"https:\/\/belovedlingerie.com\/cz\/wp-content\/uploads\/2025\/04\/dvoudilne-plavky-20.jpg","width":1470,"height":2156},{"@type":"BreadcrumbList","@id":"https:\/\/belovedlingerie.com\/cz\/izdelek\/dvoudilne-plavky-honolulu-smaragdove\/#breadcrumb","itemListElement":[{"@type":"ListItem","position":1,"name":"Home","item":"https:\/\/belovedlingerie.com\/cz\/"},{"@type":"ListItem","position":2,"name":"Shop","item":"https:\/\/belovedlingerie.com\/cz\/shop\/"},{"@type":"ListItem","position":3,"name":"Dvoud\u00edln\u00e9 plavky HONOLULU smaragdov\u00e9"}]},{"@type":"WebSite","@id":"https:\/\/belovedlingerie.com\/cz\/#website","url":"https:\/\/belovedlingerie.com\/cz\/","name":"Beloved Lingerie","description":"Your beloved fashion store!","potentialAction":[{"@type":"SearchAction","target":{"@type":"EntryPoint","urlTemplate":"https:\/\/belovedlingerie.com\/cz\/?s={search_term_string}"},"query-input":"required name=search_term_string"}],"inLanguage":"cs"}]}},"_links":{"self":[{"href":"https:\/\/belovedlingerie.com\/cz\/wp-json\/wp\/v2\/product\/10069168","targetHints":{"allow":["GET"]}}],"collection":[{"href":"https:\/\/belovedlingerie.com\/cz\/wp-json\/wp\/v2\/product"}],"about":[{"href":"https:\/\/belovedlingerie.com\/cz\/wp-json\/wp\/v2\/types\/product"}],"replies":[{"embeddable":true,"href":"https:\/\/belovedlingerie.com\/cz\/wp-json\/wp\/v2\/comments?post=10069168"}],"wp:featuredmedia":[{"embeddable":true,"href":"https:\/\/belovedlingerie.com\/cz\/wp-json\/wp\/v2\/media\/10069244"}],"wp:attachment":[{"href":"https:\/\/belovedlingerie.com\/cz\/wp-json\/wp\/v2\/media?parent=10069168"}],"wp:term":[{"taxonomy":"product_cat","embeddable":true,"href":"https:\/\/belovedlingerie.com\/cz\/wp-json\/wp\/v2\/product_cat?post=10069168"},{"taxonomy":"product_tag","embeddable":true,"href":"https:\/\/belovedlingerie.com\/cz\/wp-json\/wp\/v2\/product_tag?post=10069168"}],"curies":[{"name":"wp","href":"https:\/\/api.w.org\/{rel}","templated":true}]}}