{"id":57933,"date":"2023-03-07T14:19:25","date_gmt":"2023-03-07T13:19:25","guid":{"rendered":"https:\/\/belovedlingerie.com\/cz\/?post_type=product&#038;p=57933"},"modified":"2026-02-19T14:51:20","modified_gmt":"2026-02-19T13:51:20","slug":"sada-spodniho-pradla-anastasia","status":"publish","type":"product","link":"https:\/\/belovedlingerie.com\/cz\/izdelek\/sada-spodniho-pradla-anastasia\/","title":{"rendered":"Sada spodn\u00edho pr\u00e1dla  ANASTASIA"},"content":{"rendered":"<p><strong>Sada spodn\u00edho pr\u00e1dla ANASTASIA<\/strong><\/p>\n<ul>\n<li>T\u0159\u00edd\u00edln\u00e1 sada obsahuje: podprsenku, kalhotky a p\u00e1sek s dr\u017e\u00e1ky na pun\u010dochy nebo podvazky.<\/li>\n<li>D\u00c1REK: Odpov\u00eddaj\u00edc\u00ed podvazky.<\/li>\n<li>Lehk\u00e1 podprsenka s kostic\u00ed.<\/li>\n<li>Bez v\u00fdztu\u017ee.<\/li>\n<li>S\u00ed\u0165ovan\u00fd materi\u00e1l s kv\u011btinov\u00fdm vzorem.<\/li>\n<li>Nastaviteln\u00e1 ram\u00ednka.<\/li>\n<li>Mo\u017enost nastaven\u00ed objemu podprsenky a p\u00e1sku s \u00fachyty.<\/li>\n<li>Mo\u017enost regulace velikosti spodk\u016f.<\/li>\n<li>Mo\u017enost nastaven\u00ed d\u00e9lky dr\u017eadel podvazku.<\/li>\n<li>Transparentn\u00ed.<\/li>\n<li>Typ kalhotek: tanga.<\/li>\n<li>Doporu\u010dujeme kombinovat s voln\u011b stoj\u00edc\u00edmi pun\u010dochami.<\/li>\n<li>Barva: V\u00edcebarevn\u00e1.<\/li>\n<li>Elena nos\u00ed konfek\u010dn\u00ed \u010d\u00edslo S.<\/li>\n<li>Barvy spodn\u00edho pr\u00e1dla na obr\u00e1zc\u00edch se mohou m\u00edrn\u011b li\u0161it od skute\u010dn\u00fdch barev v d\u016fsledku nastaven\u00ed telefonu nebo po\u010d\u00edta\u010de.<\/li>\n<li>Slo\u017een\u00ed: 95 % polyester, 5 % elastan.<\/li>\n<\/ul>\n<h2><\/h2>\n","protected":false},"excerpt":{"rendered":"<p>Sada spodn\u00edho pr\u00e1dla ANASTASIA T\u0159\u00edd\u00edln\u00e1 sada obsahuje: podprsenku, kalhotky a p\u00e1sek s dr\u017e\u00e1ky na pun\u010dochy nebo podvazky. D\u00c1REK: Odpov\u00eddaj\u00edc\u00ed podvazky. Lehk\u00e1 podprsenka s kostic\u00ed. Bez v\u00fdztu\u017ee. S\u00ed\u0165ovan\u00fd materi\u00e1l s kv\u011btinov\u00fdm vzorem. Nastaviteln\u00e1 ram\u00ednka. Mo\u017enost nastaven\u00ed objemu podprsenky a p\u00e1sku s \u00fachyty. Mo\u017enost regulace velikosti spodk\u016f. Mo\u017enost nastaven\u00ed d\u00e9lky dr\u017eadel podvazku. Transparentn\u00ed. Typ kalhotek: tanga. Doporu\u010dujeme [&#8230;]\n","protected":false},"featured_media":57611,"comment_status":"open","ping_status":"open","template":"","meta":{"_acf_changed":false},"product_cat":[187,189],"product_tag":[],"class_list":{"0":"post-57933","1":"product","2":"type-product","3":"status-publish","4":"has-post-thumbnail","6":"product_cat-spodni-pradlo","7":"product_cat-tridilne-soupravy","9":"first","10":"instock","11":"taxable","12":"shipping-taxable","13":"purchasable","14":"product-type-variable"},"bundled_by":[],"bundle_stock_status":"instock","bundle_stock_quantity":null,"bundle_virtual":false,"bundle_layout":"","bundle_add_to_cart_form_location":"","bundle_editable_in_cart":false,"bundle_sold_individually_context":"","bundle_item_grouping":"","bundle_min_size":"","bundle_max_size":"","bundle_price":[],"bundled_items":[],"bundle_sell_ids":[],"acf":[],"yoast_head":"<!-- This site is optimized with the Yoast SEO plugin v22.3 - https:\/\/yoast.com\/wordpress\/plugins\/seo\/ -->\n<title>Sada spodn\u00edho pr\u00e1dla ANASTASIA - Beloved Lingerie<\/title>\n<meta name=\"description\" content=\"Komplet spodnjega perila ANASTASIA je tridelni komplet. Vklju\u010duje modr\u010dek, spodnje hla\u010dke in pas z dr\u017eki za nogavice. Mre\u017east material s cvetli\u010dnim vzorcem.\" \/>\n<meta name=\"robots\" content=\"index, follow, max-snippet:-1, max-image-preview:large, max-video-preview:-1\" \/>\n<link rel=\"canonical\" href=\"https:\/\/belovedlingerie.com\/cz\/izdelek\/sada-spodniho-pradla-anastasia\/\" \/>\n<meta property=\"og:locale\" content=\"cs_CZ\" \/>\n<meta property=\"og:type\" content=\"article\" \/>\n<meta property=\"og:title\" content=\"Sada spodn\u00edho pr\u00e1dla ANASTASIA - Beloved Lingerie\" \/>\n<meta property=\"og:description\" content=\"Komplet spodnjega perila ANASTASIA je tridelni komplet. Vklju\u010duje modr\u010dek, spodnje hla\u010dke in pas z dr\u017eki za nogavice. Mre\u017east material s cvetli\u010dnim vzorcem.\" \/>\n<meta property=\"og:url\" content=\"https:\/\/belovedlingerie.com\/cz\/izdelek\/sada-spodniho-pradla-anastasia\/\" \/>\n<meta property=\"og:site_name\" content=\"Beloved Lingerie\" \/>\n<meta property=\"article:modified_time\" content=\"2026-02-19T13:51:20+00:00\" \/>\n<meta property=\"og:image\" content=\"https:\/\/belovedlingerie.com\/cz\/wp-content\/uploads\/2023\/02\/DSC07360.jpg\" \/>\n\t<meta property=\"og:image:width\" content=\"1365\" \/>\n\t<meta property=\"og:image:height\" content=\"2048\" \/>\n\t<meta property=\"og:image:type\" content=\"image\/jpeg\" \/>\n<meta name=\"twitter:card\" content=\"summary_large_image\" \/>\n<meta name=\"twitter:label1\" content=\"Odhadovan\u00e1 doba \u010dten\u00ed\" \/>\n\t<meta name=\"twitter:data1\" content=\"1 minuta\" \/>\n<script type=\"application\/ld+json\" class=\"yoast-schema-graph\">{\"@context\":\"https:\/\/schema.org\",\"@graph\":[{\"@type\":\"WebPage\",\"@id\":\"https:\/\/belovedlingerie.com\/cz\/izdelek\/sada-spodniho-pradla-anastasia\/\",\"url\":\"https:\/\/belovedlingerie.com\/cz\/izdelek\/sada-spodniho-pradla-anastasia\/\",\"name\":\"Sada spodn\u00edho pr\u00e1dla ANASTASIA - Beloved Lingerie\",\"isPartOf\":{\"@id\":\"https:\/\/belovedlingerie.com\/cz\/#website\"},\"primaryImageOfPage\":{\"@id\":\"https:\/\/belovedlingerie.com\/cz\/izdelek\/sada-spodniho-pradla-anastasia\/#primaryimage\"},\"image\":{\"@id\":\"https:\/\/belovedlingerie.com\/cz\/izdelek\/sada-spodniho-pradla-anastasia\/#primaryimage\"},\"thumbnailUrl\":\"https:\/\/belovedlingerie.com\/cz\/wp-content\/uploads\/2023\/02\/DSC07360.jpg\",\"datePublished\":\"2023-03-07T13:19:25+00:00\",\"dateModified\":\"2026-02-19T13:51:20+00:00\",\"description\":\"Komplet spodnjega perila ANASTASIA je tridelni komplet. Vklju\u010duje modr\u010dek, spodnje hla\u010dke in pas z dr\u017eki za nogavice. Mre\u017east material s cvetli\u010dnim vzorcem.\",\"breadcrumb\":{\"@id\":\"https:\/\/belovedlingerie.com\/cz\/izdelek\/sada-spodniho-pradla-anastasia\/#breadcrumb\"},\"inLanguage\":\"cs\",\"potentialAction\":[{\"@type\":\"ReadAction\",\"target\":[\"https:\/\/belovedlingerie.com\/cz\/izdelek\/sada-spodniho-pradla-anastasia\/\"]}]},{\"@type\":\"ImageObject\",\"inLanguage\":\"cs\",\"@id\":\"https:\/\/belovedlingerie.com\/cz\/izdelek\/sada-spodniho-pradla-anastasia\/#primaryimage\",\"url\":\"https:\/\/belovedlingerie.com\/cz\/wp-content\/uploads\/2023\/02\/DSC07360.jpg\",\"contentUrl\":\"https:\/\/belovedlingerie.com\/cz\/wp-content\/uploads\/2023\/02\/DSC07360.jpg\",\"width\":1365,\"height\":2048,\"caption\":\"Komplet spodnjega perila ANASTASIA\"},{\"@type\":\"BreadcrumbList\",\"@id\":\"https:\/\/belovedlingerie.com\/cz\/izdelek\/sada-spodniho-pradla-anastasia\/#breadcrumb\",\"itemListElement\":[{\"@type\":\"ListItem\",\"position\":1,\"name\":\"Home\",\"item\":\"https:\/\/belovedlingerie.com\/cz\/\"},{\"@type\":\"ListItem\",\"position\":2,\"name\":\"Shop\",\"item\":\"https:\/\/belovedlingerie.com\/cz\/shop\/\"},{\"@type\":\"ListItem\",\"position\":3,\"name\":\"Sada spodn\u00edho pr\u00e1dla ANASTASIA\"}]},{\"@type\":\"WebSite\",\"@id\":\"https:\/\/belovedlingerie.com\/cz\/#website\",\"url\":\"https:\/\/belovedlingerie.com\/cz\/\",\"name\":\"Beloved Lingerie\",\"description\":\"Your beloved fashion store!\",\"potentialAction\":[{\"@type\":\"SearchAction\",\"target\":{\"@type\":\"EntryPoint\",\"urlTemplate\":\"https:\/\/belovedlingerie.com\/cz\/?s={search_term_string}\"},\"query-input\":\"required name=search_term_string\"}],\"inLanguage\":\"cs\"}]}<\/script>\n<!-- \/ Yoast SEO plugin. -->","yoast_head_json":{"title":"Sada spodn\u00edho pr\u00e1dla ANASTASIA - Beloved Lingerie","description":"Komplet spodnjega perila ANASTASIA je tridelni komplet. Vklju\u010duje modr\u010dek, spodnje hla\u010dke in pas z dr\u017eki za nogavice. Mre\u017east material s cvetli\u010dnim vzorcem.","robots":{"index":"index","follow":"follow","max-snippet":"max-snippet:-1","max-image-preview":"max-image-preview:large","max-video-preview":"max-video-preview:-1"},"canonical":"https:\/\/belovedlingerie.com\/cz\/izdelek\/sada-spodniho-pradla-anastasia\/","og_locale":"cs_CZ","og_type":"article","og_title":"Sada spodn\u00edho pr\u00e1dla ANASTASIA - Beloved Lingerie","og_description":"Komplet spodnjega perila ANASTASIA je tridelni komplet. Vklju\u010duje modr\u010dek, spodnje hla\u010dke in pas z dr\u017eki za nogavice. Mre\u017east material s cvetli\u010dnim vzorcem.","og_url":"https:\/\/belovedlingerie.com\/cz\/izdelek\/sada-spodniho-pradla-anastasia\/","og_site_name":"Beloved Lingerie","article_modified_time":"2026-02-19T13:51:20+00:00","og_image":[{"width":1365,"height":2048,"url":"https:\/\/belovedlingerie.com\/cz\/wp-content\/uploads\/2023\/02\/DSC07360.jpg","type":"image\/jpeg"}],"twitter_card":"summary_large_image","twitter_misc":{"Odhadovan\u00e1 doba \u010dten\u00ed":"1 minuta"},"schema":{"@context":"https:\/\/schema.org","@graph":[{"@type":"WebPage","@id":"https:\/\/belovedlingerie.com\/cz\/izdelek\/sada-spodniho-pradla-anastasia\/","url":"https:\/\/belovedlingerie.com\/cz\/izdelek\/sada-spodniho-pradla-anastasia\/","name":"Sada spodn\u00edho pr\u00e1dla ANASTASIA - Beloved Lingerie","isPartOf":{"@id":"https:\/\/belovedlingerie.com\/cz\/#website"},"primaryImageOfPage":{"@id":"https:\/\/belovedlingerie.com\/cz\/izdelek\/sada-spodniho-pradla-anastasia\/#primaryimage"},"image":{"@id":"https:\/\/belovedlingerie.com\/cz\/izdelek\/sada-spodniho-pradla-anastasia\/#primaryimage"},"thumbnailUrl":"https:\/\/belovedlingerie.com\/cz\/wp-content\/uploads\/2023\/02\/DSC07360.jpg","datePublished":"2023-03-07T13:19:25+00:00","dateModified":"2026-02-19T13:51:20+00:00","description":"Komplet spodnjega perila ANASTASIA je tridelni komplet. Vklju\u010duje modr\u010dek, spodnje hla\u010dke in pas z dr\u017eki za nogavice. Mre\u017east material s cvetli\u010dnim vzorcem.","breadcrumb":{"@id":"https:\/\/belovedlingerie.com\/cz\/izdelek\/sada-spodniho-pradla-anastasia\/#breadcrumb"},"inLanguage":"cs","potentialAction":[{"@type":"ReadAction","target":["https:\/\/belovedlingerie.com\/cz\/izdelek\/sada-spodniho-pradla-anastasia\/"]}]},{"@type":"ImageObject","inLanguage":"cs","@id":"https:\/\/belovedlingerie.com\/cz\/izdelek\/sada-spodniho-pradla-anastasia\/#primaryimage","url":"https:\/\/belovedlingerie.com\/cz\/wp-content\/uploads\/2023\/02\/DSC07360.jpg","contentUrl":"https:\/\/belovedlingerie.com\/cz\/wp-content\/uploads\/2023\/02\/DSC07360.jpg","width":1365,"height":2048,"caption":"Komplet spodnjega perila ANASTASIA"},{"@type":"BreadcrumbList","@id":"https:\/\/belovedlingerie.com\/cz\/izdelek\/sada-spodniho-pradla-anastasia\/#breadcrumb","itemListElement":[{"@type":"ListItem","position":1,"name":"Home","item":"https:\/\/belovedlingerie.com\/cz\/"},{"@type":"ListItem","position":2,"name":"Shop","item":"https:\/\/belovedlingerie.com\/cz\/shop\/"},{"@type":"ListItem","position":3,"name":"Sada spodn\u00edho pr\u00e1dla ANASTASIA"}]},{"@type":"WebSite","@id":"https:\/\/belovedlingerie.com\/cz\/#website","url":"https:\/\/belovedlingerie.com\/cz\/","name":"Beloved Lingerie","description":"Your beloved fashion store!","potentialAction":[{"@type":"SearchAction","target":{"@type":"EntryPoint","urlTemplate":"https:\/\/belovedlingerie.com\/cz\/?s={search_term_string}"},"query-input":"required name=search_term_string"}],"inLanguage":"cs"}]}},"_links":{"self":[{"href":"https:\/\/belovedlingerie.com\/cz\/wp-json\/wp\/v2\/product\/57933","targetHints":{"allow":["GET"]}}],"collection":[{"href":"https:\/\/belovedlingerie.com\/cz\/wp-json\/wp\/v2\/product"}],"about":[{"href":"https:\/\/belovedlingerie.com\/cz\/wp-json\/wp\/v2\/types\/product"}],"replies":[{"embeddable":true,"href":"https:\/\/belovedlingerie.com\/cz\/wp-json\/wp\/v2\/comments?post=57933"}],"wp:featuredmedia":[{"embeddable":true,"href":"https:\/\/belovedlingerie.com\/cz\/wp-json\/wp\/v2\/media\/57611"}],"wp:attachment":[{"href":"https:\/\/belovedlingerie.com\/cz\/wp-json\/wp\/v2\/media?parent=57933"}],"wp:term":[{"taxonomy":"product_cat","embeddable":true,"href":"https:\/\/belovedlingerie.com\/cz\/wp-json\/wp\/v2\/product_cat?post=57933"},{"taxonomy":"product_tag","embeddable":true,"href":"https:\/\/belovedlingerie.com\/cz\/wp-json\/wp\/v2\/product_tag?post=57933"}],"curies":[{"name":"wp","href":"https:\/\/api.w.org\/{rel}","templated":true}]}}