{"id":58064,"date":"2023-03-07T19:40:40","date_gmt":"2023-03-07T18:40:40","guid":{"rendered":"https:\/\/belovedlingerie.com\/cz\/?post_type=product&#038;p=58064"},"modified":"2026-03-31T07:24:11","modified_gmt":"2026-03-31T05:24:11","slug":"sada-spodniho-pradla-francesca","status":"publish","type":"product","link":"https:\/\/belovedlingerie.com\/cz\/izdelek\/sada-spodniho-pradla-francesca\/","title":{"rendered":"Sada spodn\u00edho pr\u00e1dla FRANCESCA"},"content":{"rendered":"<p><strong>Souprava spodn\u00edho pr\u00e1dla FRANCESCA<\/strong><\/p>\n<ul>\n<li>T\u0159\u00edd\u00edln\u00e1 sada obsahuje: podprsenku, kalhotky a p\u00e1sek s p\u00e9\u0159ov\u00fdmi \u00fachyty na pun\u010dochy nebo podvazky.<\/li>\n<li>Lehk\u00e1 podprsenka s kostic\u00ed a elastick\u00fdmi ram\u00ednky.<\/li>\n<li>Bez pod\u0161\u00edvky.<\/li>\n<li>S\u00ed\u0165ovan\u00fd materi\u00e1l s punt\u00edkovan\u00fdm vzorem.<\/li>\n<li>Spodky s elastick\u00fdmi p\u00e1sky.<\/li>\n<li>Nastaviteln\u00e9 popruhy.<\/li>\n<li>Mo\u017enost nastaven\u00ed objemu podprsenky a p\u00e1sku s \u00fachyty.<\/li>\n<li>Mo\u017enost regulace velikosti spodk\u016f.<\/li>\n<li>Mo\u017enost nastaven\u00ed d\u00e9lky dr\u017eadel podvazku.<\/li>\n<li>\u010c\u00e1ste\u010dn\u011b pr\u016fhledn\u00e9.<\/li>\n<li>Typ kalhotek: tanga.<\/li>\n<li>Doporu\u010dujeme kombinovat s voln\u011b stoj\u00edc\u00edmi pun\u010dochami.<\/li>\n<li>Barva: \u010dern\u00e1.<\/li>\n<li>Nika nos\u00ed konfek\u010dn\u00ed \u010d\u00edslo S.<\/li>\n<li>Barvy spodn\u00edho pr\u00e1dla na obr\u00e1zc\u00edch se mohou m\u00edrn\u011b li\u0161it od skute\u010dn\u00fdch barev v d\u016fsledku nastaven\u00ed telefonu nebo po\u010d\u00edta\u010de.<\/li>\n<li>Slo\u017een\u00ed: 50 % visk\u00f3za, 28 % polyester, 22 % nylon.<\/li>\n<\/ul>\n","protected":false},"excerpt":{"rendered":"<p>Souprava spodn\u00edho pr\u00e1dla FRANCESCA T\u0159\u00edd\u00edln\u00e1 sada obsahuje: podprsenku, kalhotky a p\u00e1sek s p\u00e9\u0159ov\u00fdmi \u00fachyty na pun\u010dochy nebo podvazky. Lehk\u00e1 podprsenka s kostic\u00ed a elastick\u00fdmi ram\u00ednky. Bez pod\u0161\u00edvky. S\u00ed\u0165ovan\u00fd materi\u00e1l s punt\u00edkovan\u00fdm vzorem. Spodky s elastick\u00fdmi p\u00e1sky. Nastaviteln\u00e9 popruhy. Mo\u017enost nastaven\u00ed objemu podprsenky a p\u00e1sku s \u00fachyty. Mo\u017enost regulace velikosti spodk\u016f. Mo\u017enost nastaven\u00ed d\u00e9lky dr\u017eadel podvazku. [&#8230;]\n","protected":false},"featured_media":57675,"comment_status":"open","ping_status":"open","template":"","meta":{"_acf_changed":false},"product_cat":[187,189],"product_tag":[],"class_list":{"0":"post-58064","1":"product","2":"type-product","3":"status-publish","4":"has-post-thumbnail","6":"product_cat-spodni-pradlo","7":"product_cat-tridilne-soupravy","9":"first","10":"instock","11":"taxable","12":"shipping-taxable","13":"purchasable","14":"product-type-variable"},"bundled_by":[],"bundle_stock_status":"instock","bundle_stock_quantity":null,"bundle_virtual":false,"bundle_layout":"","bundle_add_to_cart_form_location":"","bundle_editable_in_cart":false,"bundle_sold_individually_context":"","bundle_item_grouping":"","bundle_min_size":"","bundle_max_size":"","bundle_price":[],"bundled_items":[],"bundle_sell_ids":[],"acf":[],"yoast_head":"<!-- This site is optimized with the Yoast SEO plugin v22.3 - https:\/\/yoast.com\/wordpress\/plugins\/seo\/ -->\n<title>Sada spodn\u00edho pr\u00e1dla FRANCESCA - Beloved Lingerie<\/title>\n<meta name=\"description\" content=\"Komplet spodnjega perila FRANCESCA je tridelni komplet. Vklju\u010duje modr\u010dek, spodnje hla\u010dke in pas z dr\u017eki s perjem. Mre\u017east material s pik\u010dastim vzorcem.\" \/>\n<meta name=\"robots\" content=\"index, follow, max-snippet:-1, max-image-preview:large, max-video-preview:-1\" \/>\n<link rel=\"canonical\" href=\"https:\/\/belovedlingerie.com\/cz\/izdelek\/sada-spodniho-pradla-francesca\/\" \/>\n<meta property=\"og:locale\" content=\"cs_CZ\" \/>\n<meta property=\"og:type\" content=\"article\" \/>\n<meta property=\"og:title\" content=\"Sada spodn\u00edho pr\u00e1dla FRANCESCA - Beloved Lingerie\" \/>\n<meta property=\"og:description\" content=\"Komplet spodnjega perila FRANCESCA je tridelni komplet. Vklju\u010duje modr\u010dek, spodnje hla\u010dke in pas z dr\u017eki s perjem. Mre\u017east material s pik\u010dastim vzorcem.\" \/>\n<meta property=\"og:url\" content=\"https:\/\/belovedlingerie.com\/cz\/izdelek\/sada-spodniho-pradla-francesca\/\" \/>\n<meta property=\"og:site_name\" content=\"Beloved Lingerie\" \/>\n<meta property=\"article:modified_time\" content=\"2026-03-31T05:24:11+00:00\" \/>\n<meta property=\"og:image\" content=\"https:\/\/belovedlingerie.com\/cz\/wp-content\/uploads\/2023\/02\/DSC09471.jpg\" \/>\n\t<meta property=\"og:image:width\" content=\"1365\" \/>\n\t<meta property=\"og:image:height\" content=\"2048\" \/>\n\t<meta property=\"og:image:type\" content=\"image\/jpeg\" \/>\n<meta name=\"twitter:card\" content=\"summary_large_image\" \/>\n<meta name=\"twitter:label1\" content=\"Odhadovan\u00e1 doba \u010dten\u00ed\" \/>\n\t<meta name=\"twitter:data1\" content=\"1 minuta\" \/>\n<script type=\"application\/ld+json\" class=\"yoast-schema-graph\">{\"@context\":\"https:\/\/schema.org\",\"@graph\":[{\"@type\":\"WebPage\",\"@id\":\"https:\/\/belovedlingerie.com\/cz\/izdelek\/sada-spodniho-pradla-francesca\/\",\"url\":\"https:\/\/belovedlingerie.com\/cz\/izdelek\/sada-spodniho-pradla-francesca\/\",\"name\":\"Sada spodn\u00edho pr\u00e1dla FRANCESCA - Beloved Lingerie\",\"isPartOf\":{\"@id\":\"https:\/\/belovedlingerie.com\/cz\/#website\"},\"primaryImageOfPage\":{\"@id\":\"https:\/\/belovedlingerie.com\/cz\/izdelek\/sada-spodniho-pradla-francesca\/#primaryimage\"},\"image\":{\"@id\":\"https:\/\/belovedlingerie.com\/cz\/izdelek\/sada-spodniho-pradla-francesca\/#primaryimage\"},\"thumbnailUrl\":\"https:\/\/belovedlingerie.com\/cz\/wp-content\/uploads\/2023\/02\/DSC09471.jpg\",\"datePublished\":\"2023-03-07T18:40:40+00:00\",\"dateModified\":\"2026-03-31T05:24:11+00:00\",\"description\":\"Komplet spodnjega perila FRANCESCA je tridelni komplet. Vklju\u010duje modr\u010dek, spodnje hla\u010dke in pas z dr\u017eki s perjem. Mre\u017east material s pik\u010dastim vzorcem.\",\"breadcrumb\":{\"@id\":\"https:\/\/belovedlingerie.com\/cz\/izdelek\/sada-spodniho-pradla-francesca\/#breadcrumb\"},\"inLanguage\":\"cs\",\"potentialAction\":[{\"@type\":\"ReadAction\",\"target\":[\"https:\/\/belovedlingerie.com\/cz\/izdelek\/sada-spodniho-pradla-francesca\/\"]}]},{\"@type\":\"ImageObject\",\"inLanguage\":\"cs\",\"@id\":\"https:\/\/belovedlingerie.com\/cz\/izdelek\/sada-spodniho-pradla-francesca\/#primaryimage\",\"url\":\"https:\/\/belovedlingerie.com\/cz\/wp-content\/uploads\/2023\/02\/DSC09471.jpg\",\"contentUrl\":\"https:\/\/belovedlingerie.com\/cz\/wp-content\/uploads\/2023\/02\/DSC09471.jpg\",\"width\":1365,\"height\":2048,\"caption\":\"Komplet spodnjega perila FRANCESCA\"},{\"@type\":\"BreadcrumbList\",\"@id\":\"https:\/\/belovedlingerie.com\/cz\/izdelek\/sada-spodniho-pradla-francesca\/#breadcrumb\",\"itemListElement\":[{\"@type\":\"ListItem\",\"position\":1,\"name\":\"Home\",\"item\":\"https:\/\/belovedlingerie.com\/cz\/\"},{\"@type\":\"ListItem\",\"position\":2,\"name\":\"Shop\",\"item\":\"https:\/\/belovedlingerie.com\/cz\/shop\/\"},{\"@type\":\"ListItem\",\"position\":3,\"name\":\"Sada spodn\u00edho pr\u00e1dla FRANCESCA\"}]},{\"@type\":\"WebSite\",\"@id\":\"https:\/\/belovedlingerie.com\/cz\/#website\",\"url\":\"https:\/\/belovedlingerie.com\/cz\/\",\"name\":\"Beloved Lingerie\",\"description\":\"Your beloved fashion store!\",\"potentialAction\":[{\"@type\":\"SearchAction\",\"target\":{\"@type\":\"EntryPoint\",\"urlTemplate\":\"https:\/\/belovedlingerie.com\/cz\/?s={search_term_string}\"},\"query-input\":\"required name=search_term_string\"}],\"inLanguage\":\"cs\"}]}<\/script>\n<!-- \/ Yoast SEO plugin. -->","yoast_head_json":{"title":"Sada spodn\u00edho pr\u00e1dla FRANCESCA - Beloved Lingerie","description":"Komplet spodnjega perila FRANCESCA je tridelni komplet. Vklju\u010duje modr\u010dek, spodnje hla\u010dke in pas z dr\u017eki s perjem. Mre\u017east material s pik\u010dastim vzorcem.","robots":{"index":"index","follow":"follow","max-snippet":"max-snippet:-1","max-image-preview":"max-image-preview:large","max-video-preview":"max-video-preview:-1"},"canonical":"https:\/\/belovedlingerie.com\/cz\/izdelek\/sada-spodniho-pradla-francesca\/","og_locale":"cs_CZ","og_type":"article","og_title":"Sada spodn\u00edho pr\u00e1dla FRANCESCA - Beloved Lingerie","og_description":"Komplet spodnjega perila FRANCESCA je tridelni komplet. Vklju\u010duje modr\u010dek, spodnje hla\u010dke in pas z dr\u017eki s perjem. Mre\u017east material s pik\u010dastim vzorcem.","og_url":"https:\/\/belovedlingerie.com\/cz\/izdelek\/sada-spodniho-pradla-francesca\/","og_site_name":"Beloved Lingerie","article_modified_time":"2026-03-31T05:24:11+00:00","og_image":[{"width":1365,"height":2048,"url":"https:\/\/belovedlingerie.com\/cz\/wp-content\/uploads\/2023\/02\/DSC09471.jpg","type":"image\/jpeg"}],"twitter_card":"summary_large_image","twitter_misc":{"Odhadovan\u00e1 doba \u010dten\u00ed":"1 minuta"},"schema":{"@context":"https:\/\/schema.org","@graph":[{"@type":"WebPage","@id":"https:\/\/belovedlingerie.com\/cz\/izdelek\/sada-spodniho-pradla-francesca\/","url":"https:\/\/belovedlingerie.com\/cz\/izdelek\/sada-spodniho-pradla-francesca\/","name":"Sada spodn\u00edho pr\u00e1dla FRANCESCA - Beloved Lingerie","isPartOf":{"@id":"https:\/\/belovedlingerie.com\/cz\/#website"},"primaryImageOfPage":{"@id":"https:\/\/belovedlingerie.com\/cz\/izdelek\/sada-spodniho-pradla-francesca\/#primaryimage"},"image":{"@id":"https:\/\/belovedlingerie.com\/cz\/izdelek\/sada-spodniho-pradla-francesca\/#primaryimage"},"thumbnailUrl":"https:\/\/belovedlingerie.com\/cz\/wp-content\/uploads\/2023\/02\/DSC09471.jpg","datePublished":"2023-03-07T18:40:40+00:00","dateModified":"2026-03-31T05:24:11+00:00","description":"Komplet spodnjega perila FRANCESCA je tridelni komplet. Vklju\u010duje modr\u010dek, spodnje hla\u010dke in pas z dr\u017eki s perjem. Mre\u017east material s pik\u010dastim vzorcem.","breadcrumb":{"@id":"https:\/\/belovedlingerie.com\/cz\/izdelek\/sada-spodniho-pradla-francesca\/#breadcrumb"},"inLanguage":"cs","potentialAction":[{"@type":"ReadAction","target":["https:\/\/belovedlingerie.com\/cz\/izdelek\/sada-spodniho-pradla-francesca\/"]}]},{"@type":"ImageObject","inLanguage":"cs","@id":"https:\/\/belovedlingerie.com\/cz\/izdelek\/sada-spodniho-pradla-francesca\/#primaryimage","url":"https:\/\/belovedlingerie.com\/cz\/wp-content\/uploads\/2023\/02\/DSC09471.jpg","contentUrl":"https:\/\/belovedlingerie.com\/cz\/wp-content\/uploads\/2023\/02\/DSC09471.jpg","width":1365,"height":2048,"caption":"Komplet spodnjega perila FRANCESCA"},{"@type":"BreadcrumbList","@id":"https:\/\/belovedlingerie.com\/cz\/izdelek\/sada-spodniho-pradla-francesca\/#breadcrumb","itemListElement":[{"@type":"ListItem","position":1,"name":"Home","item":"https:\/\/belovedlingerie.com\/cz\/"},{"@type":"ListItem","position":2,"name":"Shop","item":"https:\/\/belovedlingerie.com\/cz\/shop\/"},{"@type":"ListItem","position":3,"name":"Sada spodn\u00edho pr\u00e1dla FRANCESCA"}]},{"@type":"WebSite","@id":"https:\/\/belovedlingerie.com\/cz\/#website","url":"https:\/\/belovedlingerie.com\/cz\/","name":"Beloved Lingerie","description":"Your beloved fashion store!","potentialAction":[{"@type":"SearchAction","target":{"@type":"EntryPoint","urlTemplate":"https:\/\/belovedlingerie.com\/cz\/?s={search_term_string}"},"query-input":"required name=search_term_string"}],"inLanguage":"cs"}]}},"_links":{"self":[{"href":"https:\/\/belovedlingerie.com\/cz\/wp-json\/wp\/v2\/product\/58064","targetHints":{"allow":["GET"]}}],"collection":[{"href":"https:\/\/belovedlingerie.com\/cz\/wp-json\/wp\/v2\/product"}],"about":[{"href":"https:\/\/belovedlingerie.com\/cz\/wp-json\/wp\/v2\/types\/product"}],"replies":[{"embeddable":true,"href":"https:\/\/belovedlingerie.com\/cz\/wp-json\/wp\/v2\/comments?post=58064"}],"wp:featuredmedia":[{"embeddable":true,"href":"https:\/\/belovedlingerie.com\/cz\/wp-json\/wp\/v2\/media\/57675"}],"wp:attachment":[{"href":"https:\/\/belovedlingerie.com\/cz\/wp-json\/wp\/v2\/media?parent=58064"}],"wp:term":[{"taxonomy":"product_cat","embeddable":true,"href":"https:\/\/belovedlingerie.com\/cz\/wp-json\/wp\/v2\/product_cat?post=58064"},{"taxonomy":"product_tag","embeddable":true,"href":"https:\/\/belovedlingerie.com\/cz\/wp-json\/wp\/v2\/product_tag?post=58064"}],"curies":[{"name":"wp","href":"https:\/\/api.w.org\/{rel}","templated":true}]}}