{"id":58102,"date":"2023-02-28T19:12:14","date_gmt":"2023-02-28T18:12:14","guid":{"rendered":"https:\/\/belovedlingerie.com\/cz\/?post_type=product&#038;p=58102"},"modified":"2026-04-07T07:16:24","modified_gmt":"2026-04-07T05:16:24","slug":"body-elena","status":"publish","type":"product","link":"https:\/\/belovedlingerie.com\/cz\/izdelek\/body-elena\/","title":{"rendered":"Body ELENA"},"content":{"rendered":"<p><strong>Bu\u010fte ELENA<\/strong><\/p>\n<ul>\n<li>N\u011b\u017en\u00e1, \u017eensk\u00e1 a sv\u016fdn\u00e1 krajka.<\/li>\n<li>Bezdr\u00e1tov\u00e1 podprsenka.<\/li>\n<li>Bez v\u00fdztu\u017ee.<\/li>\n<li>Nastaviteln\u00e1 ram\u00ednka.<\/li>\n<li>Otev\u0159en\u00e1 z\u00e1da a p\u0159ek\u0159\u00ed\u017een\u00e1 ram\u00ednka.<\/li>\n<li>Typ kalhotek: brazilky.<\/li>\n<li>\u010c\u00e1ste\u010dn\u011b pr\u016fhledn\u00e9.<\/li>\n<li>2 zp\u016fsoby no\u0161en\u00ed body: jako spodn\u00ed pr\u00e1dlo nebo ka\u017edodenn\u00ed no\u0161en\u00ed.<\/li>\n<li>Barva: \u010dern\u00e1.<\/li>\n<li>Elena nos\u00ed konfek\u010dn\u00ed \u010d\u00edslo S.<\/li>\n<li>Barvy spodn\u00edho pr\u00e1dla na obr\u00e1zc\u00edch se mohou m\u00edrn\u011b li\u0161it od skute\u010dn\u00fdch barev v d\u016fsledku nastaven\u00ed telefonu nebo po\u010d\u00edta\u010de.<\/li>\n<li>Slo\u017een\u00ed: 95 % polyester, 5 % elastan.<\/li>\n<\/ul>\n","protected":false},"excerpt":{"rendered":"<p>Bu\u010fte ELENA N\u011b\u017en\u00e1, \u017eensk\u00e1 a sv\u016fdn\u00e1 krajka. Bezdr\u00e1tov\u00e1 podprsenka. Bez v\u00fdztu\u017ee. Nastaviteln\u00e1 ram\u00ednka. Otev\u0159en\u00e1 z\u00e1da a p\u0159ek\u0159\u00ed\u017een\u00e1 ram\u00ednka. Typ kalhotek: brazilky. \u010c\u00e1ste\u010dn\u011b pr\u016fhledn\u00e9. 2 zp\u016fsoby no\u0161en\u00ed body: jako spodn\u00ed pr\u00e1dlo nebo ka\u017edodenn\u00ed no\u0161en\u00ed. Barva: \u010dern\u00e1. Elena nos\u00ed konfek\u010dn\u00ed \u010d\u00edslo S. Barvy spodn\u00edho pr\u00e1dla na obr\u00e1zc\u00edch se mohou m\u00edrn\u011b li\u0161it od skute\u010dn\u00fdch barev v d\u016fsledku nastaven\u00ed [&#8230;]\n","protected":false},"featured_media":57534,"comment_status":"open","ping_status":"open","template":"","meta":{"_acf_changed":false},"product_cat":[190,187],"product_tag":[],"class_list":{"0":"post-58102","1":"product","2":"type-product","3":"status-publish","4":"has-post-thumbnail","6":"product_cat-body","7":"product_cat-spodni-pradlo","9":"first","10":"instock","11":"taxable","12":"shipping-taxable","13":"purchasable","14":"product-type-variable"},"bundled_by":[],"bundle_stock_status":"instock","bundle_stock_quantity":null,"bundle_virtual":false,"bundle_layout":"","bundle_add_to_cart_form_location":"","bundle_editable_in_cart":false,"bundle_sold_individually_context":"","bundle_item_grouping":"","bundle_min_size":"","bundle_max_size":"","bundle_price":[],"bundled_items":[],"bundle_sell_ids":[],"acf":[],"yoast_head":"<!-- This site is optimized with the Yoast SEO plugin v22.3 - https:\/\/yoast.com\/wordpress\/plugins\/seo\/ -->\n<title>Body ELENA - Beloved Lingerie<\/title>\n<meta name=\"description\" content=\"Bodi ELENA z ne\u017eno, \u017eenstveno in zapeljivo \u010dipko. Brez\u017ei\u010dne ko\u0161arice in odprt hrbet. Prekri\u017eane naramnice. Delno transparenten. Brazilke.\" \/>\n<meta name=\"robots\" content=\"index, follow, max-snippet:-1, max-image-preview:large, max-video-preview:-1\" \/>\n<link rel=\"canonical\" href=\"https:\/\/belovedlingerie.com\/cz\/izdelek\/body-elena\/\" \/>\n<meta property=\"og:locale\" content=\"cs_CZ\" \/>\n<meta property=\"og:type\" content=\"article\" \/>\n<meta property=\"og:title\" content=\"Body ELENA - Beloved Lingerie\" \/>\n<meta property=\"og:description\" content=\"Bodi ELENA z ne\u017eno, \u017eenstveno in zapeljivo \u010dipko. Brez\u017ei\u010dne ko\u0161arice in odprt hrbet. Prekri\u017eane naramnice. Delno transparenten. Brazilke.\" \/>\n<meta property=\"og:url\" content=\"https:\/\/belovedlingerie.com\/cz\/izdelek\/body-elena\/\" \/>\n<meta property=\"og:site_name\" content=\"Beloved Lingerie\" \/>\n<meta property=\"article:modified_time\" content=\"2026-04-07T05:16:24+00:00\" \/>\n<meta property=\"og:image\" content=\"https:\/\/belovedlingerie.com\/cz\/wp-content\/uploads\/2023\/02\/DSC01309.jpg\" \/>\n\t<meta property=\"og:image:width\" content=\"1365\" \/>\n\t<meta property=\"og:image:height\" content=\"2048\" \/>\n\t<meta property=\"og:image:type\" content=\"image\/jpeg\" \/>\n<meta name=\"twitter:card\" content=\"summary_large_image\" \/>\n<meta name=\"twitter:label1\" content=\"Odhadovan\u00e1 doba \u010dten\u00ed\" \/>\n\t<meta name=\"twitter:data1\" content=\"1 minuta\" \/>\n<script type=\"application\/ld+json\" class=\"yoast-schema-graph\">{\"@context\":\"https:\/\/schema.org\",\"@graph\":[{\"@type\":\"WebPage\",\"@id\":\"https:\/\/belovedlingerie.com\/cz\/izdelek\/body-elena\/\",\"url\":\"https:\/\/belovedlingerie.com\/cz\/izdelek\/body-elena\/\",\"name\":\"Body ELENA - Beloved Lingerie\",\"isPartOf\":{\"@id\":\"https:\/\/belovedlingerie.com\/cz\/#website\"},\"primaryImageOfPage\":{\"@id\":\"https:\/\/belovedlingerie.com\/cz\/izdelek\/body-elena\/#primaryimage\"},\"image\":{\"@id\":\"https:\/\/belovedlingerie.com\/cz\/izdelek\/body-elena\/#primaryimage\"},\"thumbnailUrl\":\"https:\/\/belovedlingerie.com\/cz\/wp-content\/uploads\/2023\/02\/DSC01309.jpg\",\"datePublished\":\"2023-02-28T18:12:14+00:00\",\"dateModified\":\"2026-04-07T05:16:24+00:00\",\"description\":\"Bodi ELENA z ne\u017eno, \u017eenstveno in zapeljivo \u010dipko. Brez\u017ei\u010dne ko\u0161arice in odprt hrbet. Prekri\u017eane naramnice. Delno transparenten. Brazilke.\",\"breadcrumb\":{\"@id\":\"https:\/\/belovedlingerie.com\/cz\/izdelek\/body-elena\/#breadcrumb\"},\"inLanguage\":\"cs\",\"potentialAction\":[{\"@type\":\"ReadAction\",\"target\":[\"https:\/\/belovedlingerie.com\/cz\/izdelek\/body-elena\/\"]}]},{\"@type\":\"ImageObject\",\"inLanguage\":\"cs\",\"@id\":\"https:\/\/belovedlingerie.com\/cz\/izdelek\/body-elena\/#primaryimage\",\"url\":\"https:\/\/belovedlingerie.com\/cz\/wp-content\/uploads\/2023\/02\/DSC01309.jpg\",\"contentUrl\":\"https:\/\/belovedlingerie.com\/cz\/wp-content\/uploads\/2023\/02\/DSC01309.jpg\",\"width\":1365,\"height\":2048,\"caption\":\"Bodi ELENA\"},{\"@type\":\"BreadcrumbList\",\"@id\":\"https:\/\/belovedlingerie.com\/cz\/izdelek\/body-elena\/#breadcrumb\",\"itemListElement\":[{\"@type\":\"ListItem\",\"position\":1,\"name\":\"Home\",\"item\":\"https:\/\/belovedlingerie.com\/cz\/\"},{\"@type\":\"ListItem\",\"position\":2,\"name\":\"Shop\",\"item\":\"https:\/\/belovedlingerie.com\/cz\/shop\/\"},{\"@type\":\"ListItem\",\"position\":3,\"name\":\"Body ELENA\"}]},{\"@type\":\"WebSite\",\"@id\":\"https:\/\/belovedlingerie.com\/cz\/#website\",\"url\":\"https:\/\/belovedlingerie.com\/cz\/\",\"name\":\"Beloved Lingerie\",\"description\":\"Your beloved fashion store!\",\"potentialAction\":[{\"@type\":\"SearchAction\",\"target\":{\"@type\":\"EntryPoint\",\"urlTemplate\":\"https:\/\/belovedlingerie.com\/cz\/?s={search_term_string}\"},\"query-input\":\"required name=search_term_string\"}],\"inLanguage\":\"cs\"}]}<\/script>\n<!-- \/ Yoast SEO plugin. -->","yoast_head_json":{"title":"Body ELENA - Beloved Lingerie","description":"Bodi ELENA z ne\u017eno, \u017eenstveno in zapeljivo \u010dipko. Brez\u017ei\u010dne ko\u0161arice in odprt hrbet. Prekri\u017eane naramnice. Delno transparenten. Brazilke.","robots":{"index":"index","follow":"follow","max-snippet":"max-snippet:-1","max-image-preview":"max-image-preview:large","max-video-preview":"max-video-preview:-1"},"canonical":"https:\/\/belovedlingerie.com\/cz\/izdelek\/body-elena\/","og_locale":"cs_CZ","og_type":"article","og_title":"Body ELENA - Beloved Lingerie","og_description":"Bodi ELENA z ne\u017eno, \u017eenstveno in zapeljivo \u010dipko. Brez\u017ei\u010dne ko\u0161arice in odprt hrbet. Prekri\u017eane naramnice. Delno transparenten. Brazilke.","og_url":"https:\/\/belovedlingerie.com\/cz\/izdelek\/body-elena\/","og_site_name":"Beloved Lingerie","article_modified_time":"2026-04-07T05:16:24+00:00","og_image":[{"width":1365,"height":2048,"url":"https:\/\/belovedlingerie.com\/cz\/wp-content\/uploads\/2023\/02\/DSC01309.jpg","type":"image\/jpeg"}],"twitter_card":"summary_large_image","twitter_misc":{"Odhadovan\u00e1 doba \u010dten\u00ed":"1 minuta"},"schema":{"@context":"https:\/\/schema.org","@graph":[{"@type":"WebPage","@id":"https:\/\/belovedlingerie.com\/cz\/izdelek\/body-elena\/","url":"https:\/\/belovedlingerie.com\/cz\/izdelek\/body-elena\/","name":"Body ELENA - Beloved Lingerie","isPartOf":{"@id":"https:\/\/belovedlingerie.com\/cz\/#website"},"primaryImageOfPage":{"@id":"https:\/\/belovedlingerie.com\/cz\/izdelek\/body-elena\/#primaryimage"},"image":{"@id":"https:\/\/belovedlingerie.com\/cz\/izdelek\/body-elena\/#primaryimage"},"thumbnailUrl":"https:\/\/belovedlingerie.com\/cz\/wp-content\/uploads\/2023\/02\/DSC01309.jpg","datePublished":"2023-02-28T18:12:14+00:00","dateModified":"2026-04-07T05:16:24+00:00","description":"Bodi ELENA z ne\u017eno, \u017eenstveno in zapeljivo \u010dipko. Brez\u017ei\u010dne ko\u0161arice in odprt hrbet. Prekri\u017eane naramnice. Delno transparenten. Brazilke.","breadcrumb":{"@id":"https:\/\/belovedlingerie.com\/cz\/izdelek\/body-elena\/#breadcrumb"},"inLanguage":"cs","potentialAction":[{"@type":"ReadAction","target":["https:\/\/belovedlingerie.com\/cz\/izdelek\/body-elena\/"]}]},{"@type":"ImageObject","inLanguage":"cs","@id":"https:\/\/belovedlingerie.com\/cz\/izdelek\/body-elena\/#primaryimage","url":"https:\/\/belovedlingerie.com\/cz\/wp-content\/uploads\/2023\/02\/DSC01309.jpg","contentUrl":"https:\/\/belovedlingerie.com\/cz\/wp-content\/uploads\/2023\/02\/DSC01309.jpg","width":1365,"height":2048,"caption":"Bodi ELENA"},{"@type":"BreadcrumbList","@id":"https:\/\/belovedlingerie.com\/cz\/izdelek\/body-elena\/#breadcrumb","itemListElement":[{"@type":"ListItem","position":1,"name":"Home","item":"https:\/\/belovedlingerie.com\/cz\/"},{"@type":"ListItem","position":2,"name":"Shop","item":"https:\/\/belovedlingerie.com\/cz\/shop\/"},{"@type":"ListItem","position":3,"name":"Body ELENA"}]},{"@type":"WebSite","@id":"https:\/\/belovedlingerie.com\/cz\/#website","url":"https:\/\/belovedlingerie.com\/cz\/","name":"Beloved Lingerie","description":"Your beloved fashion store!","potentialAction":[{"@type":"SearchAction","target":{"@type":"EntryPoint","urlTemplate":"https:\/\/belovedlingerie.com\/cz\/?s={search_term_string}"},"query-input":"required name=search_term_string"}],"inLanguage":"cs"}]}},"_links":{"self":[{"href":"https:\/\/belovedlingerie.com\/cz\/wp-json\/wp\/v2\/product\/58102","targetHints":{"allow":["GET"]}}],"collection":[{"href":"https:\/\/belovedlingerie.com\/cz\/wp-json\/wp\/v2\/product"}],"about":[{"href":"https:\/\/belovedlingerie.com\/cz\/wp-json\/wp\/v2\/types\/product"}],"replies":[{"embeddable":true,"href":"https:\/\/belovedlingerie.com\/cz\/wp-json\/wp\/v2\/comments?post=58102"}],"wp:featuredmedia":[{"embeddable":true,"href":"https:\/\/belovedlingerie.com\/cz\/wp-json\/wp\/v2\/media\/57534"}],"wp:attachment":[{"href":"https:\/\/belovedlingerie.com\/cz\/wp-json\/wp\/v2\/media?parent=58102"}],"wp:term":[{"taxonomy":"product_cat","embeddable":true,"href":"https:\/\/belovedlingerie.com\/cz\/wp-json\/wp\/v2\/product_cat?post=58102"},{"taxonomy":"product_tag","embeddable":true,"href":"https:\/\/belovedlingerie.com\/cz\/wp-json\/wp\/v2\/product_tag?post=58102"}],"curies":[{"name":"wp","href":"https:\/\/api.w.org\/{rel}","templated":true}]}}