{"id":58192,"date":"2023-03-07T20:07:10","date_gmt":"2023-03-07T19:07:10","guid":{"rendered":"https:\/\/belovedlingerie.com\/cz\/?post_type=product&#038;p=58192"},"modified":"2026-05-11T08:37:59","modified_gmt":"2026-05-11T06:37:59","slug":"sada-spodniho-pradla-catalina","status":"publish","type":"product","link":"https:\/\/belovedlingerie.com\/cz\/izdelek\/sada-spodniho-pradla-catalina\/","title":{"rendered":"Sada spodn\u00edho pr\u00e1dla CATALINA"},"content":{"rendered":"<p><strong>Sada spodn\u00edho pr\u00e1dla CATALINA<\/strong><\/p>\n<ul>\n<li>T\u0159\u00edd\u00edln\u00e1 sada obsahuje: podprsenku, kalhotky a p\u00e1sek s dr\u017e\u00e1ky na pun\u010dochy nebo podvazky.<\/li>\n<li>Lehk\u00e1 podprsenka s kostic\u00ed a elastick\u00fdmi ram\u00ednky.<\/li>\n<li>N\u011b\u017en\u00e1, \u017eensk\u00e1 a sv\u016fdn\u00e1 krajka.<\/li>\n<li>Bez v\u00fdztu\u017ee.<\/li>\n<li>S\u00ed\u0165ovan\u00fd materi\u00e1l s v\u00fdztu\u017e\u00ed z nepr\u016fhledn\u00e9 l\u00e1tky.<\/li>\n<li>Zlat\u00e9 detaily.<\/li>\n<li>Nastaviteln\u00e1 ram\u00ednka.<\/li>\n<li>Mo\u017enost nastaven\u00ed objemu podprsenky a p\u00e1sku s \u00fachyty.<\/li>\n<li>Mo\u017enost nastaven\u00ed d\u00e9lky dr\u017eadel podvazku.<\/li>\n<li>Typ kalhotek: tanga.<\/li>\n<li>\u010c\u00e1ste\u010dn\u011b pr\u016fhledn\u00e9 kalhotky.<\/li>\n<li>Doporu\u010dujeme kombinovat s voln\u011b stoj\u00edc\u00edmi pun\u010dochami.<\/li>\n<li>Barva: \u010dern\u00e1.<\/li>\n<li>Elena nos\u00ed konfek\u010dn\u00ed \u010d\u00edslo S.<\/li>\n<li>Barvy spodn\u00edho pr\u00e1dla na obr\u00e1zc\u00edch se mohou m\u00edrn\u011b li\u0161it od skute\u010dn\u00fdch barev v d\u016fsledku nastaven\u00ed telefonu nebo po\u010d\u00edta\u010de.<\/li>\n<li>Slo\u017een\u00ed: 95 % polyester, 5 % elastan.<\/li>\n<\/ul>\n","protected":false},"excerpt":{"rendered":"<p>Sada spodn\u00edho pr\u00e1dla CATALINA T\u0159\u00edd\u00edln\u00e1 sada obsahuje: podprsenku, kalhotky a p\u00e1sek s dr\u017e\u00e1ky na pun\u010dochy nebo podvazky. Lehk\u00e1 podprsenka s kostic\u00ed a elastick\u00fdmi ram\u00ednky. N\u011b\u017en\u00e1, \u017eensk\u00e1 a sv\u016fdn\u00e1 krajka. Bez v\u00fdztu\u017ee. S\u00ed\u0165ovan\u00fd materi\u00e1l s v\u00fdztu\u017e\u00ed z nepr\u016fhledn\u00e9 l\u00e1tky. Zlat\u00e9 detaily. Nastaviteln\u00e1 ram\u00ednka. Mo\u017enost nastaven\u00ed objemu podprsenky a p\u00e1sku s \u00fachyty. Mo\u017enost nastaven\u00ed d\u00e9lky dr\u017eadel podvazku. [&#8230;]\n","protected":false},"featured_media":57566,"comment_status":"open","ping_status":"open","template":"","meta":{"_acf_changed":false},"product_cat":[158,187,189],"product_tag":[],"class_list":{"0":"post-58192","1":"product","2":"type-product","3":"status-publish","4":"has-post-thumbnail","6":"product_cat-bestsellers","7":"product_cat-spodni-pradlo","8":"product_cat-tridilne-soupravy","10":"first","11":"instock","12":"taxable","13":"shipping-taxable","14":"purchasable","15":"product-type-variable"},"bundled_by":[],"bundle_stock_status":"instock","bundle_stock_quantity":null,"bundle_virtual":false,"bundle_layout":"","bundle_add_to_cart_form_location":"","bundle_editable_in_cart":false,"bundle_sold_individually_context":"","bundle_item_grouping":"","bundle_min_size":"","bundle_max_size":"","bundle_price":[],"bundled_items":[],"bundle_sell_ids":[],"acf":[],"yoast_head":"<!-- This site is optimized with the Yoast SEO plugin v22.3 - https:\/\/yoast.com\/wordpress\/plugins\/seo\/ -->\n<title>Sada spodn\u00edho pr\u00e1dla CATALINA - Beloved Lingerie<\/title>\n<meta name=\"description\" content=\"Komplet spodnjega perila CATALINA je tridelni komplet. Vklju\u010duje modr\u010dek, spodnje hla\u010dke in pas z dr\u017eki za podvezice. Zapeljiva \u010dipka. Zlati detajli.\" \/>\n<meta name=\"robots\" content=\"index, follow, max-snippet:-1, max-image-preview:large, max-video-preview:-1\" \/>\n<link rel=\"canonical\" href=\"https:\/\/belovedlingerie.com\/cz\/izdelek\/sada-spodniho-pradla-catalina\/\" \/>\n<meta property=\"og:locale\" content=\"cs_CZ\" \/>\n<meta property=\"og:type\" content=\"article\" \/>\n<meta property=\"og:title\" content=\"Sada spodn\u00edho pr\u00e1dla CATALINA - Beloved Lingerie\" \/>\n<meta property=\"og:description\" content=\"Komplet spodnjega perila CATALINA je tridelni komplet. Vklju\u010duje modr\u010dek, spodnje hla\u010dke in pas z dr\u017eki za podvezice. Zapeljiva \u010dipka. Zlati detajli.\" \/>\n<meta property=\"og:url\" content=\"https:\/\/belovedlingerie.com\/cz\/izdelek\/sada-spodniho-pradla-catalina\/\" \/>\n<meta property=\"og:site_name\" content=\"Beloved Lingerie\" \/>\n<meta property=\"article:modified_time\" content=\"2026-05-11T06:37:59+00:00\" \/>\n<meta property=\"og:image\" content=\"https:\/\/belovedlingerie.com\/cz\/wp-content\/uploads\/2023\/02\/DSC05573.jpg\" \/>\n\t<meta property=\"og:image:width\" content=\"1365\" \/>\n\t<meta property=\"og:image:height\" content=\"2048\" \/>\n\t<meta property=\"og:image:type\" content=\"image\/jpeg\" \/>\n<meta name=\"twitter:card\" content=\"summary_large_image\" \/>\n<meta name=\"twitter:label1\" content=\"Odhadovan\u00e1 doba \u010dten\u00ed\" \/>\n\t<meta name=\"twitter:data1\" content=\"1 minuta\" \/>\n<script type=\"application\/ld+json\" class=\"yoast-schema-graph\">{\"@context\":\"https:\/\/schema.org\",\"@graph\":[{\"@type\":\"WebPage\",\"@id\":\"https:\/\/belovedlingerie.com\/cz\/izdelek\/sada-spodniho-pradla-catalina\/\",\"url\":\"https:\/\/belovedlingerie.com\/cz\/izdelek\/sada-spodniho-pradla-catalina\/\",\"name\":\"Sada spodn\u00edho pr\u00e1dla CATALINA - Beloved Lingerie\",\"isPartOf\":{\"@id\":\"https:\/\/belovedlingerie.com\/cz\/#website\"},\"primaryImageOfPage\":{\"@id\":\"https:\/\/belovedlingerie.com\/cz\/izdelek\/sada-spodniho-pradla-catalina\/#primaryimage\"},\"image\":{\"@id\":\"https:\/\/belovedlingerie.com\/cz\/izdelek\/sada-spodniho-pradla-catalina\/#primaryimage\"},\"thumbnailUrl\":\"https:\/\/belovedlingerie.com\/cz\/wp-content\/uploads\/2023\/02\/DSC05573.jpg\",\"datePublished\":\"2023-03-07T19:07:10+00:00\",\"dateModified\":\"2026-05-11T06:37:59+00:00\",\"description\":\"Komplet spodnjega perila CATALINA je tridelni komplet. Vklju\u010duje modr\u010dek, spodnje hla\u010dke in pas z dr\u017eki za podvezice. Zapeljiva \u010dipka. Zlati detajli.\",\"breadcrumb\":{\"@id\":\"https:\/\/belovedlingerie.com\/cz\/izdelek\/sada-spodniho-pradla-catalina\/#breadcrumb\"},\"inLanguage\":\"cs\",\"potentialAction\":[{\"@type\":\"ReadAction\",\"target\":[\"https:\/\/belovedlingerie.com\/cz\/izdelek\/sada-spodniho-pradla-catalina\/\"]}]},{\"@type\":\"ImageObject\",\"inLanguage\":\"cs\",\"@id\":\"https:\/\/belovedlingerie.com\/cz\/izdelek\/sada-spodniho-pradla-catalina\/#primaryimage\",\"url\":\"https:\/\/belovedlingerie.com\/cz\/wp-content\/uploads\/2023\/02\/DSC05573.jpg\",\"contentUrl\":\"https:\/\/belovedlingerie.com\/cz\/wp-content\/uploads\/2023\/02\/DSC05573.jpg\",\"width\":1365,\"height\":2048,\"caption\":\"Komplet spodnjega perila CATALINA\"},{\"@type\":\"BreadcrumbList\",\"@id\":\"https:\/\/belovedlingerie.com\/cz\/izdelek\/sada-spodniho-pradla-catalina\/#breadcrumb\",\"itemListElement\":[{\"@type\":\"ListItem\",\"position\":1,\"name\":\"Home\",\"item\":\"https:\/\/belovedlingerie.com\/cz\/\"},{\"@type\":\"ListItem\",\"position\":2,\"name\":\"Shop\",\"item\":\"https:\/\/belovedlingerie.com\/cz\/shop\/\"},{\"@type\":\"ListItem\",\"position\":3,\"name\":\"Sada spodn\u00edho pr\u00e1dla CATALINA\"}]},{\"@type\":\"WebSite\",\"@id\":\"https:\/\/belovedlingerie.com\/cz\/#website\",\"url\":\"https:\/\/belovedlingerie.com\/cz\/\",\"name\":\"Beloved Lingerie\",\"description\":\"Your beloved fashion store!\",\"potentialAction\":[{\"@type\":\"SearchAction\",\"target\":{\"@type\":\"EntryPoint\",\"urlTemplate\":\"https:\/\/belovedlingerie.com\/cz\/?s={search_term_string}\"},\"query-input\":\"required name=search_term_string\"}],\"inLanguage\":\"cs\"}]}<\/script>\n<!-- \/ Yoast SEO plugin. -->","yoast_head_json":{"title":"Sada spodn\u00edho pr\u00e1dla CATALINA - Beloved Lingerie","description":"Komplet spodnjega perila CATALINA je tridelni komplet. Vklju\u010duje modr\u010dek, spodnje hla\u010dke in pas z dr\u017eki za podvezice. Zapeljiva \u010dipka. Zlati detajli.","robots":{"index":"index","follow":"follow","max-snippet":"max-snippet:-1","max-image-preview":"max-image-preview:large","max-video-preview":"max-video-preview:-1"},"canonical":"https:\/\/belovedlingerie.com\/cz\/izdelek\/sada-spodniho-pradla-catalina\/","og_locale":"cs_CZ","og_type":"article","og_title":"Sada spodn\u00edho pr\u00e1dla CATALINA - Beloved Lingerie","og_description":"Komplet spodnjega perila CATALINA je tridelni komplet. Vklju\u010duje modr\u010dek, spodnje hla\u010dke in pas z dr\u017eki za podvezice. Zapeljiva \u010dipka. Zlati detajli.","og_url":"https:\/\/belovedlingerie.com\/cz\/izdelek\/sada-spodniho-pradla-catalina\/","og_site_name":"Beloved Lingerie","article_modified_time":"2026-05-11T06:37:59+00:00","og_image":[{"width":1365,"height":2048,"url":"https:\/\/belovedlingerie.com\/cz\/wp-content\/uploads\/2023\/02\/DSC05573.jpg","type":"image\/jpeg"}],"twitter_card":"summary_large_image","twitter_misc":{"Odhadovan\u00e1 doba \u010dten\u00ed":"1 minuta"},"schema":{"@context":"https:\/\/schema.org","@graph":[{"@type":"WebPage","@id":"https:\/\/belovedlingerie.com\/cz\/izdelek\/sada-spodniho-pradla-catalina\/","url":"https:\/\/belovedlingerie.com\/cz\/izdelek\/sada-spodniho-pradla-catalina\/","name":"Sada spodn\u00edho pr\u00e1dla CATALINA - Beloved Lingerie","isPartOf":{"@id":"https:\/\/belovedlingerie.com\/cz\/#website"},"primaryImageOfPage":{"@id":"https:\/\/belovedlingerie.com\/cz\/izdelek\/sada-spodniho-pradla-catalina\/#primaryimage"},"image":{"@id":"https:\/\/belovedlingerie.com\/cz\/izdelek\/sada-spodniho-pradla-catalina\/#primaryimage"},"thumbnailUrl":"https:\/\/belovedlingerie.com\/cz\/wp-content\/uploads\/2023\/02\/DSC05573.jpg","datePublished":"2023-03-07T19:07:10+00:00","dateModified":"2026-05-11T06:37:59+00:00","description":"Komplet spodnjega perila CATALINA je tridelni komplet. Vklju\u010duje modr\u010dek, spodnje hla\u010dke in pas z dr\u017eki za podvezice. Zapeljiva \u010dipka. Zlati detajli.","breadcrumb":{"@id":"https:\/\/belovedlingerie.com\/cz\/izdelek\/sada-spodniho-pradla-catalina\/#breadcrumb"},"inLanguage":"cs","potentialAction":[{"@type":"ReadAction","target":["https:\/\/belovedlingerie.com\/cz\/izdelek\/sada-spodniho-pradla-catalina\/"]}]},{"@type":"ImageObject","inLanguage":"cs","@id":"https:\/\/belovedlingerie.com\/cz\/izdelek\/sada-spodniho-pradla-catalina\/#primaryimage","url":"https:\/\/belovedlingerie.com\/cz\/wp-content\/uploads\/2023\/02\/DSC05573.jpg","contentUrl":"https:\/\/belovedlingerie.com\/cz\/wp-content\/uploads\/2023\/02\/DSC05573.jpg","width":1365,"height":2048,"caption":"Komplet spodnjega perila CATALINA"},{"@type":"BreadcrumbList","@id":"https:\/\/belovedlingerie.com\/cz\/izdelek\/sada-spodniho-pradla-catalina\/#breadcrumb","itemListElement":[{"@type":"ListItem","position":1,"name":"Home","item":"https:\/\/belovedlingerie.com\/cz\/"},{"@type":"ListItem","position":2,"name":"Shop","item":"https:\/\/belovedlingerie.com\/cz\/shop\/"},{"@type":"ListItem","position":3,"name":"Sada spodn\u00edho pr\u00e1dla CATALINA"}]},{"@type":"WebSite","@id":"https:\/\/belovedlingerie.com\/cz\/#website","url":"https:\/\/belovedlingerie.com\/cz\/","name":"Beloved Lingerie","description":"Your beloved fashion store!","potentialAction":[{"@type":"SearchAction","target":{"@type":"EntryPoint","urlTemplate":"https:\/\/belovedlingerie.com\/cz\/?s={search_term_string}"},"query-input":"required name=search_term_string"}],"inLanguage":"cs"}]}},"_links":{"self":[{"href":"https:\/\/belovedlingerie.com\/cz\/wp-json\/wp\/v2\/product\/58192","targetHints":{"allow":["GET"]}}],"collection":[{"href":"https:\/\/belovedlingerie.com\/cz\/wp-json\/wp\/v2\/product"}],"about":[{"href":"https:\/\/belovedlingerie.com\/cz\/wp-json\/wp\/v2\/types\/product"}],"replies":[{"embeddable":true,"href":"https:\/\/belovedlingerie.com\/cz\/wp-json\/wp\/v2\/comments?post=58192"}],"wp:featuredmedia":[{"embeddable":true,"href":"https:\/\/belovedlingerie.com\/cz\/wp-json\/wp\/v2\/media\/57566"}],"wp:attachment":[{"href":"https:\/\/belovedlingerie.com\/cz\/wp-json\/wp\/v2\/media?parent=58192"}],"wp:term":[{"taxonomy":"product_cat","embeddable":true,"href":"https:\/\/belovedlingerie.com\/cz\/wp-json\/wp\/v2\/product_cat?post=58192"},{"taxonomy":"product_tag","embeddable":true,"href":"https:\/\/belovedlingerie.com\/cz\/wp-json\/wp\/v2\/product_tag?post=58192"}],"curies":[{"name":"wp","href":"https:\/\/api.w.org\/{rel}","templated":true}]}}