{"id":385,"date":"2018-05-21T14:18:51","date_gmt":"2018-05-21T12:18:51","guid":{"rendered":"http:\/\/www.beloved.si\/?page_id=385"},"modified":"2024-04-19T14:23:25","modified_gmt":"2024-04-19T12:23:25","slug":"placanje-i-dostava","status":"publish","type":"page","link":"https:\/\/belovedlingerie.com\/hr\/placanje-i-dostava\/","title":{"rendered":"Pla\u0107anje i dostava"},"content":{"rendered":"<div class=\"container section-title-container\" ><h3 class=\"section-title section-title-center\"><b><\/b><span class=\"section-title-main\" ><i class=\"icon-heart\" ><\/i>Pla\u010dilo i dostava<\/span><b><\/b><\/h3><\/div>\n<h3><strong>1. Dostava<\/strong><\/h3>\n<p>Cijena za neograni\u010den broj artikala na podru\u010dju Republike Hrvatske iznosi 3,50\u20ac.<\/p>\n<p>Dostava je besplatna za sve narud\u017ebe iznad 50\u20ac.<\/p>\n<p>Cijena dostave odnosi se samo na teritorij Republike Hrvatske.<\/p>\n<p>Beloved d.o.o. se obvezuje isporu\u010diti naru\u010denu robu u roku od 3-5 radnih dana na podru\u010dju Republike Hrvatske. Dostava se obavlja prema uvjetima kori\u0161tenja usluga dostavne slu\u017ebe, a smatra se izvr\u0161enom u trenutku predaje robe dostavnoj slu\u017ebi.<\/p>\n<p>Dostava se vr\u0161i preko dostavne slu\u017ebe GLS.<\/p>\n<p>U slu\u010daju neuspjelog poku\u0161aja dostave primatelj dobiva obavijest i mo\u017ee odabrati jednu od 5 mogu\u0107nosti za naredni poku\u0161aj dostave:<\/p>\n<ul>\n<li>dostava na novu adresu,<\/li>\n<li>dostava u drugo vrijeme,<\/li>\n<li>osobno preuzimanje u GLS depou,<\/li>\n<li>odbitak po\u0161iljke,<\/li>\n<li>davanje suglasnosti da se paket ostavi na dogovorenom mjestu, te isporuka u Paketomat \/ PaketSHOP.<\/li>\n<\/ul>\n<h3><strong>2. Na\u010din pla\u0107anja<\/strong><\/h3>\n<p>Nudimo vi\u0161e na\u010dina pla\u0107anja:<\/p>\n<ul>\n<li>pla\u0107anje pouze\u0107em<\/li>\n<li>pla\u0107anje putem sistema PayPal<\/li>\n<li>kreditne kartice<\/li>\n<\/ul>\n","protected":false},"excerpt":{"rendered":"<p>1. Dostava Cijena za neograni\u010den broj artikala na podru\u010dju Republike Hrvatske iznosi 3,50\u20ac. Dostava je besplatna za sve narud\u017ebe iznad 50\u20ac. Cijena dostave odnosi se samo na teritorij Republike Hrvatske. Beloved d.o.o. se obvezuje isporu\u010diti naru\u010denu robu u roku od 3-5 radnih dana na podru\u010dju Republike Hrvatske. Dostava se obavlja prema uvjetima kori\u0161tenja usluga dostavne [&#8230;]\n","protected":false},"author":1,"featured_media":0,"parent":0,"menu_order":0,"comment_status":"closed","ping_status":"closed","template":"","meta":{"_acf_changed":false,"footnotes":""},"class_list":["post-385","page","type-page","status-publish","hentry"],"acf":[],"yoast_head":"<!-- This site is optimized with the Yoast SEO plugin v22.3 - https:\/\/yoast.com\/wordpress\/plugins\/seo\/ -->\n<title>Pla\u0107anje i dostava - Beloved Lingerie<\/title>\n<meta name=\"robots\" content=\"index, follow, max-snippet:-1, max-image-preview:large, max-video-preview:-1\" \/>\n<link rel=\"canonical\" href=\"https:\/\/belovedlingerie.com\/hr\/placanje-i-dostava\/\" \/>\n<meta property=\"og:locale\" content=\"hr_HR\" \/>\n<meta property=\"og:type\" content=\"article\" \/>\n<meta property=\"og:title\" content=\"Pla\u0107anje i dostava - Beloved Lingerie\" \/>\n<meta property=\"og:description\" content=\"1. Dostava Cijena za neograni\u010den broj artikala na podru\u010dju Republike Hrvatske iznosi 3,50\u20ac. Dostava je besplatna za sve narud\u017ebe iznad 50\u20ac. Cijena dostave odnosi se samo na teritorij Republike Hrvatske. Beloved d.o.o. se obvezuje isporu\u010diti naru\u010denu robu u roku od 3-5 radnih dana na podru\u010dju Republike Hrvatske. Dostava se obavlja prema uvjetima kori\u0161tenja usluga dostavne [...]\" \/>\n<meta property=\"og:url\" content=\"https:\/\/belovedlingerie.com\/hr\/placanje-i-dostava\/\" \/>\n<meta property=\"og:site_name\" content=\"Beloved Lingerie\" \/>\n<meta property=\"article:modified_time\" content=\"2024-04-19T12:23:25+00:00\" \/>\n<meta name=\"twitter:card\" content=\"summary_large_image\" \/>\n<meta name=\"twitter:label1\" content=\"Procijenjeno vrijeme \u010ditanja\" \/>\n\t<meta name=\"twitter:data1\" content=\"1 minuta\" \/>\n<script type=\"application\/ld+json\" class=\"yoast-schema-graph\">{\"@context\":\"https:\/\/schema.org\",\"@graph\":[{\"@type\":\"WebPage\",\"@id\":\"https:\/\/belovedlingerie.com\/hr\/placanje-i-dostava\/\",\"url\":\"https:\/\/belovedlingerie.com\/hr\/placanje-i-dostava\/\",\"name\":\"Pla\u0107anje i dostava - Beloved Lingerie\",\"isPartOf\":{\"@id\":\"https:\/\/belovedlingerie.com\/hr\/#website\"},\"datePublished\":\"2018-05-21T12:18:51+00:00\",\"dateModified\":\"2024-04-19T12:23:25+00:00\",\"breadcrumb\":{\"@id\":\"https:\/\/belovedlingerie.com\/hr\/placanje-i-dostava\/#breadcrumb\"},\"inLanguage\":\"hr\",\"potentialAction\":[{\"@type\":\"ReadAction\",\"target\":[\"https:\/\/belovedlingerie.com\/hr\/placanje-i-dostava\/\"]}]},{\"@type\":\"BreadcrumbList\",\"@id\":\"https:\/\/belovedlingerie.com\/hr\/placanje-i-dostava\/#breadcrumb\",\"itemListElement\":[{\"@type\":\"ListItem\",\"position\":1,\"name\":\"Home\",\"item\":\"https:\/\/belovedlingerie.com\/hr\/\"},{\"@type\":\"ListItem\",\"position\":2,\"name\":\"Pla\u0107anje i dostava\"}]},{\"@type\":\"WebSite\",\"@id\":\"https:\/\/belovedlingerie.com\/hr\/#website\",\"url\":\"https:\/\/belovedlingerie.com\/hr\/\",\"name\":\"Beloved Lingerie\",\"description\":\"Your beloved fashion store!\",\"potentialAction\":[{\"@type\":\"SearchAction\",\"target\":{\"@type\":\"EntryPoint\",\"urlTemplate\":\"https:\/\/belovedlingerie.com\/hr\/?s={search_term_string}\"},\"query-input\":\"required name=search_term_string\"}],\"inLanguage\":\"hr\"}]}<\/script>\n<!-- \/ Yoast SEO plugin. -->","yoast_head_json":{"title":"Pla\u0107anje i dostava - Beloved Lingerie","robots":{"index":"index","follow":"follow","max-snippet":"max-snippet:-1","max-image-preview":"max-image-preview:large","max-video-preview":"max-video-preview:-1"},"canonical":"https:\/\/belovedlingerie.com\/hr\/placanje-i-dostava\/","og_locale":"hr_HR","og_type":"article","og_title":"Pla\u0107anje i dostava - Beloved Lingerie","og_description":"1. Dostava Cijena za neograni\u010den broj artikala na podru\u010dju Republike Hrvatske iznosi 3,50\u20ac. Dostava je besplatna za sve narud\u017ebe iznad 50\u20ac. Cijena dostave odnosi se samo na teritorij Republike Hrvatske. Beloved d.o.o. se obvezuje isporu\u010diti naru\u010denu robu u roku od 3-5 radnih dana na podru\u010dju Republike Hrvatske. Dostava se obavlja prema uvjetima kori\u0161tenja usluga dostavne [...]","og_url":"https:\/\/belovedlingerie.com\/hr\/placanje-i-dostava\/","og_site_name":"Beloved Lingerie","article_modified_time":"2024-04-19T12:23:25+00:00","twitter_card":"summary_large_image","twitter_misc":{"Procijenjeno vrijeme \u010ditanja":"1 minuta"},"schema":{"@context":"https:\/\/schema.org","@graph":[{"@type":"WebPage","@id":"https:\/\/belovedlingerie.com\/hr\/placanje-i-dostava\/","url":"https:\/\/belovedlingerie.com\/hr\/placanje-i-dostava\/","name":"Pla\u0107anje i dostava - Beloved Lingerie","isPartOf":{"@id":"https:\/\/belovedlingerie.com\/hr\/#website"},"datePublished":"2018-05-21T12:18:51+00:00","dateModified":"2024-04-19T12:23:25+00:00","breadcrumb":{"@id":"https:\/\/belovedlingerie.com\/hr\/placanje-i-dostava\/#breadcrumb"},"inLanguage":"hr","potentialAction":[{"@type":"ReadAction","target":["https:\/\/belovedlingerie.com\/hr\/placanje-i-dostava\/"]}]},{"@type":"BreadcrumbList","@id":"https:\/\/belovedlingerie.com\/hr\/placanje-i-dostava\/#breadcrumb","itemListElement":[{"@type":"ListItem","position":1,"name":"Home","item":"https:\/\/belovedlingerie.com\/hr\/"},{"@type":"ListItem","position":2,"name":"Pla\u0107anje i dostava"}]},{"@type":"WebSite","@id":"https:\/\/belovedlingerie.com\/hr\/#website","url":"https:\/\/belovedlingerie.com\/hr\/","name":"Beloved Lingerie","description":"Your beloved fashion store!","potentialAction":[{"@type":"SearchAction","target":{"@type":"EntryPoint","urlTemplate":"https:\/\/belovedlingerie.com\/hr\/?s={search_term_string}"},"query-input":"required name=search_term_string"}],"inLanguage":"hr"}]}},"_links":{"self":[{"href":"https:\/\/belovedlingerie.com\/hr\/wp-json\/wp\/v2\/pages\/385","targetHints":{"allow":["GET"]}}],"collection":[{"href":"https:\/\/belovedlingerie.com\/hr\/wp-json\/wp\/v2\/pages"}],"about":[{"href":"https:\/\/belovedlingerie.com\/hr\/wp-json\/wp\/v2\/types\/page"}],"author":[{"embeddable":true,"href":"https:\/\/belovedlingerie.com\/hr\/wp-json\/wp\/v2\/users\/1"}],"replies":[{"embeddable":true,"href":"https:\/\/belovedlingerie.com\/hr\/wp-json\/wp\/v2\/comments?post=385"}],"version-history":[{"count":2,"href":"https:\/\/belovedlingerie.com\/hr\/wp-json\/wp\/v2\/pages\/385\/revisions"}],"predecessor-version":[{"id":10061159,"href":"https:\/\/belovedlingerie.com\/hr\/wp-json\/wp\/v2\/pages\/385\/revisions\/10061159"}],"wp:attachment":[{"href":"https:\/\/belovedlingerie.com\/hr\/wp-json\/wp\/v2\/media?parent=385"}],"curies":[{"name":"wp","href":"https:\/\/api.w.org\/{rel}","templated":true}]}}