{"id":4263,"date":"2019-03-28T13:48:03","date_gmt":"2019-03-28T12:48:03","guid":{"rendered":"https:\/\/www.beloved.si\/splosni-pogoji\/"},"modified":"2024-11-11T11:19:49","modified_gmt":"2024-11-11T10:19:49","slug":"uvjeti-poslovanja","status":"publish","type":"page","link":"https:\/\/belovedlingerie.com\/hr\/uvjeti-poslovanja\/","title":{"rendered":"Uvjeti Poslovanja"},"content":{"rendered":"<div class=\"container section-title-container\" ><h3 class=\"section-title section-title-center\"><b><\/b><span class=\"section-title-main\" ><i class=\"icon-heart\" ><\/i>UVJETI POSLOVANJA<\/span><b><\/b><\/h3><\/div>\n<p>Op\u0107i uvjeti poslovanja internetske trgovine https:\/\/belovedlingerie.com\/hr\/ sastavljeni su u skladu sa Zakonom o za\u0161titi potro\u0161a\u010da. Zadr\u017eavamo pravo izmjene op\u0107ih uvjeta.<\/p>\n<h3><strong>1. Dostava<\/strong><\/h3>\n<div class=\"box-simple-html\">\n<p>Cijena po\u0161tarine za narud\u017ebe ispod 50\u20ac iznosi 3,50\u20ac.<\/p>\n<p>Tro\u0161ak po\u0161tarine za narud\u017ebe iznad 50\u20ac je besplatan.<\/p>\n<p>Cijena dostave odnosi se samo na teritorij Republike Hrvatske.<\/p>\n<p>Beloved d.o.o. se obvezuje isporu\u010diti naru\u010denu robu u roku od 3-5 radnih dana na podru\u010dju Republike Hrvatske. Dostava se obavlja prema uvjetima kori\u0161tenja usluga dostavne slu\u017ebe, a smatra se izvr\u0161enom u trenutku predaje robe dostavnoj slu\u017ebi.<\/p>\n<p>Dostava se vr\u0161i preko dostavne slu\u017ebe DPD.<\/p>\n<p>U slu\u010daju neuspjelog poku\u0161aja dostave primatelj dobiva obavijest i mo\u017ee odabrati jednu od 5 mogu\u0107nosti za naredni poku\u0161aj dostave:<\/p>\n<ul>\n<li>dostava na novu adresu,<\/li>\n<li>dostava u drugo vrijeme,<\/li>\n<li>osobno preuzimanje u DPD depou,<\/li>\n<li>odbitak po\u0161iljke,<\/li>\n<li>davanje suglasnosti da se paket ostavi na dogovorenom mjestu, te isporuka u Paketomat \/ PaketSHOP.<\/li>\n<\/ul>\n<h3><strong>2. Na\u010din pla\u0107anja<\/strong><\/h3>\n<p>Nudimo vi\u0161e na\u010dina pla\u0107anja:<\/p>\n<ul>\n<li>pla\u0107anje pouze\u0107em<\/li>\n<li>pla\u0107anje putem sistema PayPal<\/li>\n<li>kreditne kartice<\/li>\n<\/ul>\n<h3><strong>3. Povrat robe<\/strong><\/h3>\n<p>Sukladno Zakonu o za\u0161titi potro\u0161a\u010da, kupac ima pravo na povrat isporu\u010dene robe u roku od 14 dana od dana primitka robe. U tom slu\u010daju potrebno je da nas kupac kontaktira na na\u0161u adresu info@belovedlingerie.com.<\/p>\n<p>Povrat novca se upla\u0107uje na bankovni ra\u010dun stranke i to u roku od 14 dana od primitka povrata.<\/p>\n<p>Ne prihva\u0107aju se vra\u0107eni paketi s otkupninom.<\/p>\n<p>Povrat robe je mogu\u0107e pod sljede\u0107im uvjetima:<\/p>\n<ul>\n<li>uz predo\u010denje ra\u010duna;<\/li>\n<li>ako je roba neo\u0161te\u0107ena i s etiketom.<\/li>\n<\/ul>\n<p>Ako ispunjavate navedene uvjete, vratit \u0107emo vam cjelokupan nov\u010dani iznos ili vam poslati zamjenski artikl.<\/p>\n<p data-line-height=\"xs\">Vra\u0107enu robu po\u0161aljite na na\u0161u adresu:<\/p>\n<\/div>\n<table border=\"0\" width=\"124\" cellspacing=\"0\" cellpadding=\"0\">\n<colgroup>\n<col width=\"124\" \/><\/colgroup>\n<tbody>\n<tr>\n<td class=\"xl63\" width=\"124\" height=\"20\"><strong>Beloved d.o.o.<\/strong><\/td>\n<\/tr>\n<tr>\n<td class=\"xl63\" height=\"20\"><strong>Jezdarska ulica 13<\/strong><\/td>\n<\/tr>\n<tr>\n<td class=\"xl63\" height=\"20\"><strong>2000 Maribor<\/strong><\/td>\n<\/tr>\n<tr>\n<td class=\"xl63\" height=\"20\"><strong>Slovenija<\/strong><\/td>\n<\/tr>\n<\/tbody>\n<\/table>\n<p>Prilikom povrata naru\u010denog artikla kupac snosi tro\u0161ak povrata.<\/p>\n<div class=\"box-simple-html\">\n<h3><strong>4. Reklamacija<\/strong><\/h3>\n<p>Kupac ima pravo na reklamaciju narud\u017ebe u roku od 14 dana ako je primio pogre\u0161nu koli\u010dinu artikala, pogre\u0161nu boju ili pogre\u0161ne artikle.<\/p>\n<h3><b>5. Cijene<\/b><\/h3>\n<p><b><\/b>Sve cijene su izra\u017eene<strong> u EUR <\/strong>s uklju\u010denim PDV-om.<\/p>\n<p>Akcijske ponude va\u017ee do isteka zalihe.<br \/>\nZadr\u017eavamo pravo izmjene cijena bez prethodne najave.<\/p>\n<h3><strong>6. Postupak narud\u017ebe<\/strong><\/h3>\n<p>Narud\u017eba je u elektronskom obliku pohranjena na poslu\u017eitelju i dostupna je kupcu u sjedi\u0161tu tvrtke. Ispunjavanjem narud\u017ebe smatra se da ste u potpunosti upoznati i suglasni s uvjetima poslovanja internetske trgovine https:\/\/belovedlingerie.com\/hr\/.\u00a0Zadr\u017eavamo pravo izmjene i gre\u0161aka u cijenama i tiskarskim gre\u0161kama. Unaprijed se ispri\u010davamo za mogu\u0107e gre\u0161ke.<\/p>\n<p>U svrhu poslovanja, BELOVED d.o.o., Jezdarska ulica 8a, 2000 Maribor, Slovenija prikuplja sljede\u0107e korisni\u010dke podatke:<\/p>\n<ul>\n<li>ime i prezime,<\/li>\n<li>adresa, mjesto i dr\u017eava<\/li>\n<li>e-po\u0161ta<\/li>\n<li>telefonski kontakt broj,<\/li>\n<li>lozinka u \u0161ifriranom formatu (za registrirane korisnike)<\/li>\n<\/ul>\n<p>U sigurnosne svrhe tako\u0111er se prikupljaju IP adrese sa kojih korisnici pristupaju web mjestu.<\/p>\n<p>U\u017eivajte u kupnji!<\/p>\n<\/div>\n","protected":false},"excerpt":{"rendered":"<p>Op\u0107i uvjeti poslovanja internetske trgovine https:\/\/belovedlingerie.com\/hr\/ sastavljeni su u skladu sa Zakonom o za\u0161titi potro\u0161a\u010da. Zadr\u017eavamo pravo izmjene op\u0107ih uvjeta. 1. Dostava Cijena po\u0161tarine za narud\u017ebe ispod 50\u20ac iznosi 3,50\u20ac. Tro\u0161ak po\u0161tarine za narud\u017ebe iznad 50\u20ac je besplatan. Cijena dostave odnosi se samo na teritorij Republike Hrvatske. Beloved d.o.o. se obvezuje isporu\u010diti naru\u010denu robu u [&#8230;]\n","protected":false},"author":1,"featured_media":0,"parent":0,"menu_order":0,"comment_status":"closed","ping_status":"closed","template":"","meta":{"_acf_changed":false,"footnotes":""},"class_list":["post-4263","page","type-page","status-publish","hentry"],"acf":[],"yoast_head":"<!-- This site is optimized with the Yoast SEO plugin v22.3 - https:\/\/yoast.com\/wordpress\/plugins\/seo\/ -->\n<title>Uvjeti Poslovanja - Beloved Lingerie<\/title>\n<meta name=\"robots\" content=\"index, follow, max-snippet:-1, max-image-preview:large, max-video-preview:-1\" \/>\n<link rel=\"canonical\" href=\"https:\/\/belovedlingerie.com\/hr\/uvjeti-poslovanja\/\" \/>\n<meta property=\"og:locale\" content=\"hr_HR\" \/>\n<meta property=\"og:type\" content=\"article\" \/>\n<meta property=\"og:title\" content=\"Uvjeti Poslovanja - Beloved Lingerie\" \/>\n<meta property=\"og:description\" content=\"Op\u0107i uvjeti poslovanja internetske trgovine https:\/\/belovedlingerie.com\/hr\/ sastavljeni su u skladu sa Zakonom o za\u0161titi potro\u0161a\u010da. Zadr\u017eavamo pravo izmjene op\u0107ih uvjeta. 1. Dostava Cijena po\u0161tarine za narud\u017ebe ispod 50\u20ac iznosi 3,50\u20ac. Tro\u0161ak po\u0161tarine za narud\u017ebe iznad 50\u20ac je besplatan. Cijena dostave odnosi se samo na teritorij Republike Hrvatske. Beloved d.o.o. se obvezuje isporu\u010diti naru\u010denu robu u [...]\" \/>\n<meta property=\"og:url\" content=\"https:\/\/belovedlingerie.com\/hr\/uvjeti-poslovanja\/\" \/>\n<meta property=\"og:site_name\" content=\"Beloved Lingerie\" \/>\n<meta property=\"article:modified_time\" content=\"2024-11-11T10:19:49+00:00\" \/>\n<meta name=\"twitter:card\" content=\"summary_large_image\" \/>\n<meta name=\"twitter:label1\" content=\"Procijenjeno vrijeme \u010ditanja\" \/>\n\t<meta name=\"twitter:data1\" content=\"3 minute\" \/>\n<script type=\"application\/ld+json\" class=\"yoast-schema-graph\">{\"@context\":\"https:\/\/schema.org\",\"@graph\":[{\"@type\":\"WebPage\",\"@id\":\"https:\/\/belovedlingerie.com\/hr\/uvjeti-poslovanja\/\",\"url\":\"https:\/\/belovedlingerie.com\/hr\/uvjeti-poslovanja\/\",\"name\":\"Uvjeti Poslovanja - Beloved Lingerie\",\"isPartOf\":{\"@id\":\"https:\/\/belovedlingerie.com\/hr\/#website\"},\"datePublished\":\"2019-03-28T12:48:03+00:00\",\"dateModified\":\"2024-11-11T10:19:49+00:00\",\"breadcrumb\":{\"@id\":\"https:\/\/belovedlingerie.com\/hr\/uvjeti-poslovanja\/#breadcrumb\"},\"inLanguage\":\"hr\",\"potentialAction\":[{\"@type\":\"ReadAction\",\"target\":[\"https:\/\/belovedlingerie.com\/hr\/uvjeti-poslovanja\/\"]}]},{\"@type\":\"BreadcrumbList\",\"@id\":\"https:\/\/belovedlingerie.com\/hr\/uvjeti-poslovanja\/#breadcrumb\",\"itemListElement\":[{\"@type\":\"ListItem\",\"position\":1,\"name\":\"Home\",\"item\":\"https:\/\/belovedlingerie.com\/hr\/\"},{\"@type\":\"ListItem\",\"position\":2,\"name\":\"Uvjeti Poslovanja\"}]},{\"@type\":\"WebSite\",\"@id\":\"https:\/\/belovedlingerie.com\/hr\/#website\",\"url\":\"https:\/\/belovedlingerie.com\/hr\/\",\"name\":\"Beloved Lingerie\",\"description\":\"Your beloved fashion store!\",\"potentialAction\":[{\"@type\":\"SearchAction\",\"target\":{\"@type\":\"EntryPoint\",\"urlTemplate\":\"https:\/\/belovedlingerie.com\/hr\/?s={search_term_string}\"},\"query-input\":\"required name=search_term_string\"}],\"inLanguage\":\"hr\"}]}<\/script>\n<!-- \/ Yoast SEO plugin. -->","yoast_head_json":{"title":"Uvjeti Poslovanja - Beloved Lingerie","robots":{"index":"index","follow":"follow","max-snippet":"max-snippet:-1","max-image-preview":"max-image-preview:large","max-video-preview":"max-video-preview:-1"},"canonical":"https:\/\/belovedlingerie.com\/hr\/uvjeti-poslovanja\/","og_locale":"hr_HR","og_type":"article","og_title":"Uvjeti Poslovanja - Beloved Lingerie","og_description":"Op\u0107i uvjeti poslovanja internetske trgovine https:\/\/belovedlingerie.com\/hr\/ sastavljeni su u skladu sa Zakonom o za\u0161titi potro\u0161a\u010da. Zadr\u017eavamo pravo izmjene op\u0107ih uvjeta. 1. Dostava Cijena po\u0161tarine za narud\u017ebe ispod 50\u20ac iznosi 3,50\u20ac. Tro\u0161ak po\u0161tarine za narud\u017ebe iznad 50\u20ac je besplatan. Cijena dostave odnosi se samo na teritorij Republike Hrvatske. Beloved d.o.o. se obvezuje isporu\u010diti naru\u010denu robu u [...]","og_url":"https:\/\/belovedlingerie.com\/hr\/uvjeti-poslovanja\/","og_site_name":"Beloved Lingerie","article_modified_time":"2024-11-11T10:19:49+00:00","twitter_card":"summary_large_image","twitter_misc":{"Procijenjeno vrijeme \u010ditanja":"3 minute"},"schema":{"@context":"https:\/\/schema.org","@graph":[{"@type":"WebPage","@id":"https:\/\/belovedlingerie.com\/hr\/uvjeti-poslovanja\/","url":"https:\/\/belovedlingerie.com\/hr\/uvjeti-poslovanja\/","name":"Uvjeti Poslovanja - Beloved Lingerie","isPartOf":{"@id":"https:\/\/belovedlingerie.com\/hr\/#website"},"datePublished":"2019-03-28T12:48:03+00:00","dateModified":"2024-11-11T10:19:49+00:00","breadcrumb":{"@id":"https:\/\/belovedlingerie.com\/hr\/uvjeti-poslovanja\/#breadcrumb"},"inLanguage":"hr","potentialAction":[{"@type":"ReadAction","target":["https:\/\/belovedlingerie.com\/hr\/uvjeti-poslovanja\/"]}]},{"@type":"BreadcrumbList","@id":"https:\/\/belovedlingerie.com\/hr\/uvjeti-poslovanja\/#breadcrumb","itemListElement":[{"@type":"ListItem","position":1,"name":"Home","item":"https:\/\/belovedlingerie.com\/hr\/"},{"@type":"ListItem","position":2,"name":"Uvjeti Poslovanja"}]},{"@type":"WebSite","@id":"https:\/\/belovedlingerie.com\/hr\/#website","url":"https:\/\/belovedlingerie.com\/hr\/","name":"Beloved Lingerie","description":"Your beloved fashion store!","potentialAction":[{"@type":"SearchAction","target":{"@type":"EntryPoint","urlTemplate":"https:\/\/belovedlingerie.com\/hr\/?s={search_term_string}"},"query-input":"required name=search_term_string"}],"inLanguage":"hr"}]}},"_links":{"self":[{"href":"https:\/\/belovedlingerie.com\/hr\/wp-json\/wp\/v2\/pages\/4263","targetHints":{"allow":["GET"]}}],"collection":[{"href":"https:\/\/belovedlingerie.com\/hr\/wp-json\/wp\/v2\/pages"}],"about":[{"href":"https:\/\/belovedlingerie.com\/hr\/wp-json\/wp\/v2\/types\/page"}],"author":[{"embeddable":true,"href":"https:\/\/belovedlingerie.com\/hr\/wp-json\/wp\/v2\/users\/1"}],"replies":[{"embeddable":true,"href":"https:\/\/belovedlingerie.com\/hr\/wp-json\/wp\/v2\/comments?post=4263"}],"version-history":[{"count":5,"href":"https:\/\/belovedlingerie.com\/hr\/wp-json\/wp\/v2\/pages\/4263\/revisions"}],"predecessor-version":[{"id":10063631,"href":"https:\/\/belovedlingerie.com\/hr\/wp-json\/wp\/v2\/pages\/4263\/revisions\/10063631"}],"wp:attachment":[{"href":"https:\/\/belovedlingerie.com\/hr\/wp-json\/wp\/v2\/media?parent=4263"}],"curies":[{"name":"wp","href":"https:\/\/api.w.org\/{rel}","templated":true}]}}