{"id":436,"date":"2018-05-22T11:09:01","date_gmt":"2018-05-22T09:09:01","guid":{"rendered":"http:\/\/www.beloved.si\/?page_id=436"},"modified":"2023-08-29T11:22:02","modified_gmt":"2023-08-29T09:22:02","slug":"kontakt","status":"publish","type":"page","link":"https:\/\/belovedlingerie.com\/hr\/kontakt\/","title":{"rendered":"Kontakt"},"content":{"rendered":"\n<div class=\"container section-title-container\" ><h3 class=\"section-title section-title-center\"><b><\/b><span class=\"section-title-main\" ><i class=\"icon-heart\" ><\/i>KONTAKT<\/span><b><\/b><\/h3><\/div>\n\n<div class=\"row align-equal row-box-shadow-3\"  id=\"row-1275465283\">\n\n\n<\/div>\n<p>Za sva pitanja ili savjete uvijek nam se mo\u017ee\u0161 obratiti putem ni\u017ee navedenih kontakt-podataka:<\/p>\n<p>\u00a0<\/p>\n<p>Adresa tvrtke:<strong> BELOVED d.o.o., Jezdarska ulica 8a, 2000 Maribor, Slovenija<\/strong><\/p>\n<p style=\"text-align: justify;\">Porezni broj: SI65892267<\/p>\n<p style=\"text-align: justify;\">Mati\u010dni broj: 8563349000<\/p>\n<p style=\"text-align: justify;\">IBAN SI56 0400 0026 6060 853 (otvoren u banci Nova KBM d.d.)<\/p>\n<p>\u00a0<\/p>\n<p>E-mail: <strong>info@belovedlingerie.com<\/strong><\/p>\n<p>Na e-poruku odgovorit \u0107emo u najkra\u0107em mogu\u0107em roku ili najkasnije u roku od 24 sata.<\/p>\n<p>\u00a0<\/p>\n<p style=\"text-align: justify;\">Facebook: <strong>@belovedlingerie<\/strong><\/p>\n<p>Na poruku \u0107emo odgovoriti u najkra\u0107em mogu\u0107em roku ili najkasnije u roku od 24 sata.<\/p>\n<p>\u00a0<\/p>\n<p>Instagram: <strong>@yourbelovedlingerie<\/strong><\/p>\n<p>Na poruku \u0107emo odgovoriti u najkra\u0107em mogu\u0107em roku ili najkasnije u roku od 24 sata.<\/p>\n<p>\u00a0<\/p>\n\n","protected":false},"excerpt":{"rendered":"","protected":false},"author":1,"featured_media":0,"parent":0,"menu_order":0,"comment_status":"closed","ping_status":"closed","template":"","meta":{"_acf_changed":false,"footnotes":""},"class_list":["post-436","page","type-page","status-publish","hentry"],"acf":[],"yoast_head":"<!-- This site is optimized with the Yoast SEO plugin v22.3 - https:\/\/yoast.com\/wordpress\/plugins\/seo\/ -->\n<title>Kontakt - Beloved Lingerie<\/title>\n<meta name=\"robots\" content=\"index, follow, max-snippet:-1, max-image-preview:large, max-video-preview:-1\" \/>\n<link rel=\"canonical\" href=\"https:\/\/belovedlingerie.com\/hr\/kontakt\/\" \/>\n<meta property=\"og:locale\" content=\"hr_HR\" \/>\n<meta property=\"og:type\" content=\"article\" \/>\n<meta property=\"og:title\" content=\"Kontakt - Beloved Lingerie\" \/>\n<meta property=\"og:url\" content=\"https:\/\/belovedlingerie.com\/hr\/kontakt\/\" \/>\n<meta property=\"og:site_name\" content=\"Beloved Lingerie\" \/>\n<meta property=\"article:modified_time\" content=\"2023-08-29T09:22:02+00:00\" \/>\n<meta name=\"twitter:card\" content=\"summary_large_image\" \/>\n<meta name=\"twitter:label1\" content=\"Procijenjeno vrijeme \u010ditanja\" \/>\n\t<meta name=\"twitter:data1\" content=\"1 minuta\" \/>\n<script type=\"application\/ld+json\" class=\"yoast-schema-graph\">{\"@context\":\"https:\/\/schema.org\",\"@graph\":[{\"@type\":\"WebPage\",\"@id\":\"https:\/\/belovedlingerie.com\/hr\/kontakt\/\",\"url\":\"https:\/\/belovedlingerie.com\/hr\/kontakt\/\",\"name\":\"Kontakt - Beloved Lingerie\",\"isPartOf\":{\"@id\":\"https:\/\/belovedlingerie.com\/hr\/#website\"},\"datePublished\":\"2018-05-22T09:09:01+00:00\",\"dateModified\":\"2023-08-29T09:22:02+00:00\",\"breadcrumb\":{\"@id\":\"https:\/\/belovedlingerie.com\/hr\/kontakt\/#breadcrumb\"},\"inLanguage\":\"hr\",\"potentialAction\":[{\"@type\":\"ReadAction\",\"target\":[\"https:\/\/belovedlingerie.com\/hr\/kontakt\/\"]}]},{\"@type\":\"BreadcrumbList\",\"@id\":\"https:\/\/belovedlingerie.com\/hr\/kontakt\/#breadcrumb\",\"itemListElement\":[{\"@type\":\"ListItem\",\"position\":1,\"name\":\"Home\",\"item\":\"https:\/\/belovedlingerie.com\/hr\/\"},{\"@type\":\"ListItem\",\"position\":2,\"name\":\"Kontakt\"}]},{\"@type\":\"WebSite\",\"@id\":\"https:\/\/belovedlingerie.com\/hr\/#website\",\"url\":\"https:\/\/belovedlingerie.com\/hr\/\",\"name\":\"Beloved Lingerie\",\"description\":\"Your beloved fashion store!\",\"potentialAction\":[{\"@type\":\"SearchAction\",\"target\":{\"@type\":\"EntryPoint\",\"urlTemplate\":\"https:\/\/belovedlingerie.com\/hr\/?s={search_term_string}\"},\"query-input\":\"required name=search_term_string\"}],\"inLanguage\":\"hr\"}]}<\/script>\n<!-- \/ Yoast SEO plugin. -->","yoast_head_json":{"title":"Kontakt - Beloved Lingerie","robots":{"index":"index","follow":"follow","max-snippet":"max-snippet:-1","max-image-preview":"max-image-preview:large","max-video-preview":"max-video-preview:-1"},"canonical":"https:\/\/belovedlingerie.com\/hr\/kontakt\/","og_locale":"hr_HR","og_type":"article","og_title":"Kontakt - Beloved Lingerie","og_url":"https:\/\/belovedlingerie.com\/hr\/kontakt\/","og_site_name":"Beloved Lingerie","article_modified_time":"2023-08-29T09:22:02+00:00","twitter_card":"summary_large_image","twitter_misc":{"Procijenjeno vrijeme \u010ditanja":"1 minuta"},"schema":{"@context":"https:\/\/schema.org","@graph":[{"@type":"WebPage","@id":"https:\/\/belovedlingerie.com\/hr\/kontakt\/","url":"https:\/\/belovedlingerie.com\/hr\/kontakt\/","name":"Kontakt - Beloved Lingerie","isPartOf":{"@id":"https:\/\/belovedlingerie.com\/hr\/#website"},"datePublished":"2018-05-22T09:09:01+00:00","dateModified":"2023-08-29T09:22:02+00:00","breadcrumb":{"@id":"https:\/\/belovedlingerie.com\/hr\/kontakt\/#breadcrumb"},"inLanguage":"hr","potentialAction":[{"@type":"ReadAction","target":["https:\/\/belovedlingerie.com\/hr\/kontakt\/"]}]},{"@type":"BreadcrumbList","@id":"https:\/\/belovedlingerie.com\/hr\/kontakt\/#breadcrumb","itemListElement":[{"@type":"ListItem","position":1,"name":"Home","item":"https:\/\/belovedlingerie.com\/hr\/"},{"@type":"ListItem","position":2,"name":"Kontakt"}]},{"@type":"WebSite","@id":"https:\/\/belovedlingerie.com\/hr\/#website","url":"https:\/\/belovedlingerie.com\/hr\/","name":"Beloved Lingerie","description":"Your beloved fashion store!","potentialAction":[{"@type":"SearchAction","target":{"@type":"EntryPoint","urlTemplate":"https:\/\/belovedlingerie.com\/hr\/?s={search_term_string}"},"query-input":"required name=search_term_string"}],"inLanguage":"hr"}]}},"_links":{"self":[{"href":"https:\/\/belovedlingerie.com\/hr\/wp-json\/wp\/v2\/pages\/436","targetHints":{"allow":["GET"]}}],"collection":[{"href":"https:\/\/belovedlingerie.com\/hr\/wp-json\/wp\/v2\/pages"}],"about":[{"href":"https:\/\/belovedlingerie.com\/hr\/wp-json\/wp\/v2\/types\/page"}],"author":[{"embeddable":true,"href":"https:\/\/belovedlingerie.com\/hr\/wp-json\/wp\/v2\/users\/1"}],"replies":[{"embeddable":true,"href":"https:\/\/belovedlingerie.com\/hr\/wp-json\/wp\/v2\/comments?post=436"}],"version-history":[{"count":0,"href":"https:\/\/belovedlingerie.com\/hr\/wp-json\/wp\/v2\/pages\/436\/revisions"}],"wp:attachment":[{"href":"https:\/\/belovedlingerie.com\/hr\/wp-json\/wp\/v2\/media?parent=436"}],"curies":[{"name":"wp","href":"https:\/\/api.w.org\/{rel}","templated":true}]}}