{"id":10060720,"date":"2024-04-05T07:16:40","date_gmt":"2024-04-05T05:16:40","guid":{"rendered":"https:\/\/belovedlingerie.com\/hr\/izdelek\/bezicni-grudnjak-s-cipkom-grace-bez\/"},"modified":"2026-04-02T09:56:27","modified_gmt":"2026-04-02T07:56:27","slug":"bezicni-grudnjak-s-cipkom-grace-bez","status":"publish","type":"product","link":"https:\/\/belovedlingerie.com\/hr\/izdelek\/bezicni-grudnjak-s-cipkom-grace-bez\/","title":{"rendered":"Be\u017ei\u010dni grudnjak s \u010dipkom GRACE be\u017e"},"content":{"rendered":"<ul>\n<li><a href=\"https:\/\/belovedlingerie.com\/si\/kategorija\/back-to-basics-kolekcija\/nedrcki\/\" target=\"_blank\" rel=\"noopener\">Wireless grudnjak<\/a> s \u010dipkom od udobnih materijala.<\/li>\n<li>Budu\u0107i da ne sadr\u017ei potpornu \u017eicu, udoban je za svakodnevno no\u0161enje i nevidljiv ispod odje\u0107e.<\/li>\n<li><a href=\"https:\/\/www.beloved.si\/back-to-basics-udobno-brezsivno-spodnje-perilo-za-sakdanje-udobje \/\" target=\"_blank\" rel=\"noopener\">Udoban<\/a> i elegantan.<\/li>\n<li>Podesive naramenice.<\/li>\n<li>Trake se mogu ukloniti.<\/li>\n<li>Podstavljeni jastu\u010di\u0107i.<\/li>\n<li>Zatvaranje na kuku.<\/li>\n<li>Prekrasan detalj od \u010dipke.<\/li>\n<li>Boja: be\u017e.<\/li>\n<li>Model nosi odjevni predmet broj S.<\/li>\n<li>Izra\u0111en od mekanih materijala ugodnih za ko\u017eu.<\/li>\n<li>Boje <a href=\"https:\/\/belovedlingerie.com\/si\/kategorija\/spodnje-perilo\/\" target=\"_blank\" rel=\"noopener\">donjeg rublja<\/a> na slikama mogu se malo razlikovati od stvarnih boja, zbog postavki telefona ili ra\u010dunala.<\/li>\n<li>Sastav: Jastu\u010di\u0107: 82% najlon, 18% spandex; Vanjski dio 1: 90% modal, 10% spandex, vanjski dio 2: 83% najlon, 17% spandex.<\/li>\n<\/ul>\n","protected":false},"excerpt":{"rendered":"<p>Wireless grudnjak s \u010dipkom od udobnih materijala. Budu\u0107i da ne sadr\u017ei potpornu \u017eicu, udoban je za svakodnevno no\u0161enje i nevidljiv ispod odje\u0107e. Udoban i elegantan. Podesive naramenice. Trake se mogu ukloniti. Podstavljeni jastu\u010di\u0107i. Zatvaranje na kuku. Prekrasan detalj od \u010dipke. Boja: be\u017e. Model nosi odjevni predmet broj S. Izra\u0111en od mekanih materijala ugodnih za ko\u017eu. [&#8230;]\n","protected":false},"featured_media":10059146,"comment_status":"closed","ping_status":"closed","template":"","meta":{"_acf_changed":false},"product_cat":[202,287,158,208,288],"product_tag":[],"class_list":{"0":"post-10060720","1":"product","2":"type-product","3":"status-publish","4":"has-post-thumbnail","6":"product_cat-back-to-basics","7":"product_cat-besavno-donje-rublje-2","8":"product_cat-bestsellers","9":"product_cat-grudnjaci","10":"product_cat-grudnjaci-besavno-donje-rublje-2","12":"first","13":"instock","14":"taxable","15":"shipping-taxable","16":"purchasable","17":"product-type-variable"},"acf":[],"yoast_head":"<!-- This site is optimized with the Yoast SEO plugin v22.3 - https:\/\/yoast.com\/wordpress\/plugins\/seo\/ -->\n<title>Be\u017ei\u010dni grudnjak s \u010dipkom GRACE be\u017e - Beloved Lingerie<\/title>\n<meta name=\"robots\" content=\"index, follow, max-snippet:-1, max-image-preview:large, max-video-preview:-1\" \/>\n<link rel=\"canonical\" href=\"https:\/\/belovedlingerie.com\/hr\/izdelek\/bezicni-grudnjak-s-cipkom-grace-bez\/\" \/>\n<meta property=\"og:locale\" content=\"hr_HR\" \/>\n<meta property=\"og:type\" content=\"article\" \/>\n<meta property=\"og:title\" content=\"Be\u017ei\u010dni grudnjak s \u010dipkom GRACE be\u017e - Beloved Lingerie\" \/>\n<meta property=\"og:description\" content=\"Wireless grudnjak s \u010dipkom od udobnih materijala. Budu\u0107i da ne sadr\u017ei potpornu \u017eicu, udoban je za svakodnevno no\u0161enje i nevidljiv ispod odje\u0107e. Udoban i elegantan. Podesive naramenice. Trake se mogu ukloniti. Podstavljeni jastu\u010di\u0107i. Zatvaranje na kuku. Prekrasan detalj od \u010dipke. Boja: be\u017e. Model nosi odjevni predmet broj S. Izra\u0111en od mekanih materijala ugodnih za ko\u017eu. [...]\" \/>\n<meta property=\"og:url\" content=\"https:\/\/belovedlingerie.com\/hr\/izdelek\/bezicni-grudnjak-s-cipkom-grace-bez\/\" \/>\n<meta property=\"og:site_name\" content=\"Beloved Lingerie\" \/>\n<meta property=\"article:modified_time\" content=\"2026-04-02T07:56:27+00:00\" \/>\n<meta property=\"og:image\" content=\"https:\/\/belovedlingerie.com\/hr\/wp-content\/uploads\/2024\/03\/Brezzicni-nedrcek-s-cipko-GRACE-bez-7.jpg\" \/>\n\t<meta property=\"og:image:width\" content=\"1605\" \/>\n\t<meta property=\"og:image:height\" content=\"2407\" \/>\n\t<meta property=\"og:image:type\" content=\"image\/jpeg\" \/>\n<meta name=\"twitter:card\" content=\"summary_large_image\" \/>\n<meta name=\"twitter:label1\" content=\"Procijenjeno vrijeme \u010ditanja\" \/>\n\t<meta name=\"twitter:data1\" content=\"1 minuta\" \/>\n<script type=\"application\/ld+json\" class=\"yoast-schema-graph\">{\"@context\":\"https:\/\/schema.org\",\"@graph\":[{\"@type\":\"WebPage\",\"@id\":\"https:\/\/belovedlingerie.com\/hr\/izdelek\/bezicni-grudnjak-s-cipkom-grace-bez\/\",\"url\":\"https:\/\/belovedlingerie.com\/hr\/izdelek\/bezicni-grudnjak-s-cipkom-grace-bez\/\",\"name\":\"Be\u017ei\u010dni grudnjak s \u010dipkom GRACE be\u017e - Beloved Lingerie\",\"isPartOf\":{\"@id\":\"https:\/\/belovedlingerie.com\/hr\/#website\"},\"primaryImageOfPage\":{\"@id\":\"https:\/\/belovedlingerie.com\/hr\/izdelek\/bezicni-grudnjak-s-cipkom-grace-bez\/#primaryimage\"},\"image\":{\"@id\":\"https:\/\/belovedlingerie.com\/hr\/izdelek\/bezicni-grudnjak-s-cipkom-grace-bez\/#primaryimage\"},\"thumbnailUrl\":\"https:\/\/belovedlingerie.com\/hr\/wp-content\/uploads\/2024\/03\/Brezzicni-nedrcek-s-cipko-GRACE-bez-7.jpg\",\"datePublished\":\"2024-04-05T05:16:40+00:00\",\"dateModified\":\"2026-04-02T07:56:27+00:00\",\"breadcrumb\":{\"@id\":\"https:\/\/belovedlingerie.com\/hr\/izdelek\/bezicni-grudnjak-s-cipkom-grace-bez\/#breadcrumb\"},\"inLanguage\":\"hr\",\"potentialAction\":[{\"@type\":\"ReadAction\",\"target\":[\"https:\/\/belovedlingerie.com\/hr\/izdelek\/bezicni-grudnjak-s-cipkom-grace-bez\/\"]}]},{\"@type\":\"ImageObject\",\"inLanguage\":\"hr\",\"@id\":\"https:\/\/belovedlingerie.com\/hr\/izdelek\/bezicni-grudnjak-s-cipkom-grace-bez\/#primaryimage\",\"url\":\"https:\/\/belovedlingerie.com\/hr\/wp-content\/uploads\/2024\/03\/Brezzicni-nedrcek-s-cipko-GRACE-bez-7.jpg\",\"contentUrl\":\"https:\/\/belovedlingerie.com\/hr\/wp-content\/uploads\/2024\/03\/Brezzicni-nedrcek-s-cipko-GRACE-bez-7.jpg\",\"width\":1605,\"height\":2407},{\"@type\":\"BreadcrumbList\",\"@id\":\"https:\/\/belovedlingerie.com\/hr\/izdelek\/bezicni-grudnjak-s-cipkom-grace-bez\/#breadcrumb\",\"itemListElement\":[{\"@type\":\"ListItem\",\"position\":1,\"name\":\"Home\",\"item\":\"https:\/\/belovedlingerie.com\/hr\/\"},{\"@type\":\"ListItem\",\"position\":2,\"name\":\"Shop\",\"item\":\"https:\/\/belovedlingerie.com\/hr\/shop\/\"},{\"@type\":\"ListItem\",\"position\":3,\"name\":\"Be\u017ei\u010dni grudnjak s \u010dipkom GRACE be\u017e\"}]},{\"@type\":\"WebSite\",\"@id\":\"https:\/\/belovedlingerie.com\/hr\/#website\",\"url\":\"https:\/\/belovedlingerie.com\/hr\/\",\"name\":\"Beloved Lingerie\",\"description\":\"Your beloved fashion store!\",\"potentialAction\":[{\"@type\":\"SearchAction\",\"target\":{\"@type\":\"EntryPoint\",\"urlTemplate\":\"https:\/\/belovedlingerie.com\/hr\/?s={search_term_string}\"},\"query-input\":\"required name=search_term_string\"}],\"inLanguage\":\"hr\"}]}<\/script>\n<!-- \/ Yoast SEO plugin. -->","yoast_head_json":{"title":"Be\u017ei\u010dni grudnjak s \u010dipkom GRACE be\u017e - Beloved Lingerie","robots":{"index":"index","follow":"follow","max-snippet":"max-snippet:-1","max-image-preview":"max-image-preview:large","max-video-preview":"max-video-preview:-1"},"canonical":"https:\/\/belovedlingerie.com\/hr\/izdelek\/bezicni-grudnjak-s-cipkom-grace-bez\/","og_locale":"hr_HR","og_type":"article","og_title":"Be\u017ei\u010dni grudnjak s \u010dipkom GRACE be\u017e - Beloved Lingerie","og_description":"Wireless grudnjak s \u010dipkom od udobnih materijala. Budu\u0107i da ne sadr\u017ei potpornu \u017eicu, udoban je za svakodnevno no\u0161enje i nevidljiv ispod odje\u0107e. Udoban i elegantan. Podesive naramenice. Trake se mogu ukloniti. Podstavljeni jastu\u010di\u0107i. Zatvaranje na kuku. Prekrasan detalj od \u010dipke. Boja: be\u017e. Model nosi odjevni predmet broj S. Izra\u0111en od mekanih materijala ugodnih za ko\u017eu. [...]","og_url":"https:\/\/belovedlingerie.com\/hr\/izdelek\/bezicni-grudnjak-s-cipkom-grace-bez\/","og_site_name":"Beloved Lingerie","article_modified_time":"2026-04-02T07:56:27+00:00","og_image":[{"width":1605,"height":2407,"url":"https:\/\/belovedlingerie.com\/hr\/wp-content\/uploads\/2024\/03\/Brezzicni-nedrcek-s-cipko-GRACE-bez-7.jpg","type":"image\/jpeg"}],"twitter_card":"summary_large_image","twitter_misc":{"Procijenjeno vrijeme \u010ditanja":"1 minuta"},"schema":{"@context":"https:\/\/schema.org","@graph":[{"@type":"WebPage","@id":"https:\/\/belovedlingerie.com\/hr\/izdelek\/bezicni-grudnjak-s-cipkom-grace-bez\/","url":"https:\/\/belovedlingerie.com\/hr\/izdelek\/bezicni-grudnjak-s-cipkom-grace-bez\/","name":"Be\u017ei\u010dni grudnjak s \u010dipkom GRACE be\u017e - Beloved Lingerie","isPartOf":{"@id":"https:\/\/belovedlingerie.com\/hr\/#website"},"primaryImageOfPage":{"@id":"https:\/\/belovedlingerie.com\/hr\/izdelek\/bezicni-grudnjak-s-cipkom-grace-bez\/#primaryimage"},"image":{"@id":"https:\/\/belovedlingerie.com\/hr\/izdelek\/bezicni-grudnjak-s-cipkom-grace-bez\/#primaryimage"},"thumbnailUrl":"https:\/\/belovedlingerie.com\/hr\/wp-content\/uploads\/2024\/03\/Brezzicni-nedrcek-s-cipko-GRACE-bez-7.jpg","datePublished":"2024-04-05T05:16:40+00:00","dateModified":"2026-04-02T07:56:27+00:00","breadcrumb":{"@id":"https:\/\/belovedlingerie.com\/hr\/izdelek\/bezicni-grudnjak-s-cipkom-grace-bez\/#breadcrumb"},"inLanguage":"hr","potentialAction":[{"@type":"ReadAction","target":["https:\/\/belovedlingerie.com\/hr\/izdelek\/bezicni-grudnjak-s-cipkom-grace-bez\/"]}]},{"@type":"ImageObject","inLanguage":"hr","@id":"https:\/\/belovedlingerie.com\/hr\/izdelek\/bezicni-grudnjak-s-cipkom-grace-bez\/#primaryimage","url":"https:\/\/belovedlingerie.com\/hr\/wp-content\/uploads\/2024\/03\/Brezzicni-nedrcek-s-cipko-GRACE-bez-7.jpg","contentUrl":"https:\/\/belovedlingerie.com\/hr\/wp-content\/uploads\/2024\/03\/Brezzicni-nedrcek-s-cipko-GRACE-bez-7.jpg","width":1605,"height":2407},{"@type":"BreadcrumbList","@id":"https:\/\/belovedlingerie.com\/hr\/izdelek\/bezicni-grudnjak-s-cipkom-grace-bez\/#breadcrumb","itemListElement":[{"@type":"ListItem","position":1,"name":"Home","item":"https:\/\/belovedlingerie.com\/hr\/"},{"@type":"ListItem","position":2,"name":"Shop","item":"https:\/\/belovedlingerie.com\/hr\/shop\/"},{"@type":"ListItem","position":3,"name":"Be\u017ei\u010dni grudnjak s \u010dipkom GRACE be\u017e"}]},{"@type":"WebSite","@id":"https:\/\/belovedlingerie.com\/hr\/#website","url":"https:\/\/belovedlingerie.com\/hr\/","name":"Beloved Lingerie","description":"Your beloved fashion store!","potentialAction":[{"@type":"SearchAction","target":{"@type":"EntryPoint","urlTemplate":"https:\/\/belovedlingerie.com\/hr\/?s={search_term_string}"},"query-input":"required name=search_term_string"}],"inLanguage":"hr"}]}},"_links":{"self":[{"href":"https:\/\/belovedlingerie.com\/hr\/wp-json\/wp\/v2\/product\/10060720","targetHints":{"allow":["GET"]}}],"collection":[{"href":"https:\/\/belovedlingerie.com\/hr\/wp-json\/wp\/v2\/product"}],"about":[{"href":"https:\/\/belovedlingerie.com\/hr\/wp-json\/wp\/v2\/types\/product"}],"replies":[{"embeddable":true,"href":"https:\/\/belovedlingerie.com\/hr\/wp-json\/wp\/v2\/comments?post=10060720"}],"wp:featuredmedia":[{"embeddable":true,"href":"https:\/\/belovedlingerie.com\/hr\/wp-json\/wp\/v2\/media\/10059146"}],"wp:attachment":[{"href":"https:\/\/belovedlingerie.com\/hr\/wp-json\/wp\/v2\/media?parent=10060720"}],"wp:term":[{"taxonomy":"product_cat","embeddable":true,"href":"https:\/\/belovedlingerie.com\/hr\/wp-json\/wp\/v2\/product_cat?post=10060720"},{"taxonomy":"product_tag","embeddable":true,"href":"https:\/\/belovedlingerie.com\/hr\/wp-json\/wp\/v2\/product_tag?post=10060720"}],"curies":[{"name":"wp","href":"https:\/\/api.w.org\/{rel}","templated":true}]}}