{"id":10060898,"date":"2024-04-05T07:13:25","date_gmt":"2024-04-05T05:13:25","guid":{"rendered":"https:\/\/belovedlingerie.com\/hr\/izdelek\/komplet-besavnog-donjeg-rublja-eleanora-blush\/"},"modified":"2026-04-10T07:59:06","modified_gmt":"2026-04-10T05:59:06","slug":"komplet-besavnog-donjeg-rublja-eleanora-blush","status":"publish","type":"product","link":"https:\/\/belovedlingerie.com\/hr\/izdelek\/komplet-besavnog-donjeg-rublja-eleanora-blush\/","title":{"rendered":"Komplet be\u0161avnog donjeg rublja ELEANORA blush"},"content":{"rendered":"<ul>\n<li><a href=\"https:\/\/belovedlingerie.com\/si\/category\/underwear\/two-part-sets\/\" target=\"_blank\" rel=\"noopener\">Be\u0161avni komplet donjeg rublja<\/a>.&lt; \/ li&gt;<\/li>\n<li><a href=\"https:\/\/www.beloved.si\/back-to-basics-udobno-brezsivno-spodnje-perilo-za-sakdanje-udobje \/\" target=\"_blank\" rel=\"noopener\">Udobne<\/a> za svakodnevno no\u0161enje i nevidljive ispod odje\u0107e.<\/li>\n<li>Izra\u0111en od mekanih materijala ugodnih za ko\u017eu.<\/li>\n<li>Grudnjak ima podesive naramenice.<\/li>\n<li><a href=\"https:\/\/belovedlingerie.com\/si\/category\/back-to-basics-kolekcija\/spodnje-hlacke\/\" target=\"_blank\" rel=\"noopener\">Vrsta ga\u0107ica&lt;\/a &gt; : Brazilke.<\/a><\/li>\n<li>Boja: ru\u017ei\u010dasta.<\/li>\n<li>Model nosi odjevni predmet broj S.<\/li>\n<li>Boje donjeg rublja na slikama mogu malo odstupati od stvarnih boja zbog postavki telefona ili ra\u010dunala.<\/li>\n<li>Sastav: 85% poliamid, 15% elastan.<\/li>\n<\/ul>\n","protected":false},"excerpt":{"rendered":"<p>Be\u0161avni komplet donjeg rublja.&lt; \/ li&gt; Udobne za svakodnevno no\u0161enje i nevidljive ispod odje\u0107e. Izra\u0111en od mekanih materijala ugodnih za ko\u017eu. Grudnjak ima podesive naramenice. Vrsta ga\u0107ica&lt;\/a &gt; : Brazilke. Boja: ru\u017ei\u010dasta. Model nosi odjevni predmet broj S. Boje donjeg rublja na slikama mogu malo odstupati od stvarnih boja zbog postavki telefona ili ra\u010dunala. Sastav: [&#8230;]\n","protected":false},"featured_media":10059576,"comment_status":"closed","ping_status":"closed","template":"","meta":{"_acf_changed":false},"product_cat":[202,287,158,211],"product_tag":[],"class_list":{"0":"post-10060898","1":"product","2":"type-product","3":"status-publish","4":"has-post-thumbnail","6":"product_cat-back-to-basics","7":"product_cat-besavno-donje-rublje-2","8":"product_cat-bestsellers","9":"product_cat-setovi","11":"first","12":"instock","13":"taxable","14":"shipping-taxable","15":"purchasable","16":"product-type-variable"},"acf":[],"yoast_head":"<!-- This site is optimized with the Yoast SEO plugin v22.3 - https:\/\/yoast.com\/wordpress\/plugins\/seo\/ -->\n<title>Komplet be\u0161avnog donjeg rublja ELEANORA blush - Beloved Lingerie<\/title>\n<meta name=\"robots\" content=\"index, follow, max-snippet:-1, max-image-preview:large, max-video-preview:-1\" \/>\n<link rel=\"canonical\" href=\"https:\/\/belovedlingerie.com\/hr\/izdelek\/komplet-besavnog-donjeg-rublja-eleanora-blush\/\" \/>\n<meta property=\"og:locale\" content=\"hr_HR\" \/>\n<meta property=\"og:type\" content=\"article\" \/>\n<meta property=\"og:title\" content=\"Komplet be\u0161avnog donjeg rublja ELEANORA blush - Beloved Lingerie\" \/>\n<meta property=\"og:description\" content=\"Be\u0161avni komplet donjeg rublja.&lt; \/ li&gt; Udobne za svakodnevno no\u0161enje i nevidljive ispod odje\u0107e. Izra\u0111en od mekanih materijala ugodnih za ko\u017eu. Grudnjak ima podesive naramenice. Vrsta ga\u0107ica&lt;\/a &gt; : Brazilke. Boja: ru\u017ei\u010dasta. Model nosi odjevni predmet broj S. Boje donjeg rublja na slikama mogu malo odstupati od stvarnih boja zbog postavki telefona ili ra\u010dunala. Sastav: [...]\" \/>\n<meta property=\"og:url\" content=\"https:\/\/belovedlingerie.com\/hr\/izdelek\/komplet-besavnog-donjeg-rublja-eleanora-blush\/\" \/>\n<meta property=\"og:site_name\" content=\"Beloved Lingerie\" \/>\n<meta property=\"article:modified_time\" content=\"2026-04-10T05:59:06+00:00\" \/>\n<meta property=\"og:image\" content=\"https:\/\/belovedlingerie.com\/hr\/wp-content\/uploads\/2024\/03\/Komplet-brezsivnega-spodnjega-perila-ELEANORA-blush-5.jpg\" \/>\n\t<meta property=\"og:image:width\" content=\"1605\" \/>\n\t<meta property=\"og:image:height\" content=\"2407\" \/>\n\t<meta property=\"og:image:type\" content=\"image\/jpeg\" \/>\n<meta name=\"twitter:card\" content=\"summary_large_image\" \/>\n<meta name=\"twitter:label1\" content=\"Procijenjeno vrijeme \u010ditanja\" \/>\n\t<meta name=\"twitter:data1\" content=\"1 minuta\" \/>\n<script type=\"application\/ld+json\" class=\"yoast-schema-graph\">{\"@context\":\"https:\/\/schema.org\",\"@graph\":[{\"@type\":\"WebPage\",\"@id\":\"https:\/\/belovedlingerie.com\/hr\/izdelek\/komplet-besavnog-donjeg-rublja-eleanora-blush\/\",\"url\":\"https:\/\/belovedlingerie.com\/hr\/izdelek\/komplet-besavnog-donjeg-rublja-eleanora-blush\/\",\"name\":\"Komplet be\u0161avnog donjeg rublja ELEANORA blush - Beloved Lingerie\",\"isPartOf\":{\"@id\":\"https:\/\/belovedlingerie.com\/hr\/#website\"},\"primaryImageOfPage\":{\"@id\":\"https:\/\/belovedlingerie.com\/hr\/izdelek\/komplet-besavnog-donjeg-rublja-eleanora-blush\/#primaryimage\"},\"image\":{\"@id\":\"https:\/\/belovedlingerie.com\/hr\/izdelek\/komplet-besavnog-donjeg-rublja-eleanora-blush\/#primaryimage\"},\"thumbnailUrl\":\"https:\/\/belovedlingerie.com\/hr\/wp-content\/uploads\/2024\/03\/Komplet-brezsivnega-spodnjega-perila-ELEANORA-blush-5.jpg\",\"datePublished\":\"2024-04-05T05:13:25+00:00\",\"dateModified\":\"2026-04-10T05:59:06+00:00\",\"breadcrumb\":{\"@id\":\"https:\/\/belovedlingerie.com\/hr\/izdelek\/komplet-besavnog-donjeg-rublja-eleanora-blush\/#breadcrumb\"},\"inLanguage\":\"hr\",\"potentialAction\":[{\"@type\":\"ReadAction\",\"target\":[\"https:\/\/belovedlingerie.com\/hr\/izdelek\/komplet-besavnog-donjeg-rublja-eleanora-blush\/\"]}]},{\"@type\":\"ImageObject\",\"inLanguage\":\"hr\",\"@id\":\"https:\/\/belovedlingerie.com\/hr\/izdelek\/komplet-besavnog-donjeg-rublja-eleanora-blush\/#primaryimage\",\"url\":\"https:\/\/belovedlingerie.com\/hr\/wp-content\/uploads\/2024\/03\/Komplet-brezsivnega-spodnjega-perila-ELEANORA-blush-5.jpg\",\"contentUrl\":\"https:\/\/belovedlingerie.com\/hr\/wp-content\/uploads\/2024\/03\/Komplet-brezsivnega-spodnjega-perila-ELEANORA-blush-5.jpg\",\"width\":1605,\"height\":2407},{\"@type\":\"BreadcrumbList\",\"@id\":\"https:\/\/belovedlingerie.com\/hr\/izdelek\/komplet-besavnog-donjeg-rublja-eleanora-blush\/#breadcrumb\",\"itemListElement\":[{\"@type\":\"ListItem\",\"position\":1,\"name\":\"Home\",\"item\":\"https:\/\/belovedlingerie.com\/hr\/\"},{\"@type\":\"ListItem\",\"position\":2,\"name\":\"Shop\",\"item\":\"https:\/\/belovedlingerie.com\/hr\/shop\/\"},{\"@type\":\"ListItem\",\"position\":3,\"name\":\"Komplet be\u0161avnog donjeg rublja ELEANORA blush\"}]},{\"@type\":\"WebSite\",\"@id\":\"https:\/\/belovedlingerie.com\/hr\/#website\",\"url\":\"https:\/\/belovedlingerie.com\/hr\/\",\"name\":\"Beloved Lingerie\",\"description\":\"Your beloved fashion store!\",\"potentialAction\":[{\"@type\":\"SearchAction\",\"target\":{\"@type\":\"EntryPoint\",\"urlTemplate\":\"https:\/\/belovedlingerie.com\/hr\/?s={search_term_string}\"},\"query-input\":\"required name=search_term_string\"}],\"inLanguage\":\"hr\"}]}<\/script>\n<!-- \/ Yoast SEO plugin. -->","yoast_head_json":{"title":"Komplet be\u0161avnog donjeg rublja ELEANORA blush - Beloved Lingerie","robots":{"index":"index","follow":"follow","max-snippet":"max-snippet:-1","max-image-preview":"max-image-preview:large","max-video-preview":"max-video-preview:-1"},"canonical":"https:\/\/belovedlingerie.com\/hr\/izdelek\/komplet-besavnog-donjeg-rublja-eleanora-blush\/","og_locale":"hr_HR","og_type":"article","og_title":"Komplet be\u0161avnog donjeg rublja ELEANORA blush - Beloved Lingerie","og_description":"Be\u0161avni komplet donjeg rublja.&lt; \/ li&gt; Udobne za svakodnevno no\u0161enje i nevidljive ispod odje\u0107e. Izra\u0111en od mekanih materijala ugodnih za ko\u017eu. Grudnjak ima podesive naramenice. Vrsta ga\u0107ica&lt;\/a &gt; : Brazilke. Boja: ru\u017ei\u010dasta. Model nosi odjevni predmet broj S. Boje donjeg rublja na slikama mogu malo odstupati od stvarnih boja zbog postavki telefona ili ra\u010dunala. Sastav: [...]","og_url":"https:\/\/belovedlingerie.com\/hr\/izdelek\/komplet-besavnog-donjeg-rublja-eleanora-blush\/","og_site_name":"Beloved Lingerie","article_modified_time":"2026-04-10T05:59:06+00:00","og_image":[{"width":1605,"height":2407,"url":"https:\/\/belovedlingerie.com\/hr\/wp-content\/uploads\/2024\/03\/Komplet-brezsivnega-spodnjega-perila-ELEANORA-blush-5.jpg","type":"image\/jpeg"}],"twitter_card":"summary_large_image","twitter_misc":{"Procijenjeno vrijeme \u010ditanja":"1 minuta"},"schema":{"@context":"https:\/\/schema.org","@graph":[{"@type":"WebPage","@id":"https:\/\/belovedlingerie.com\/hr\/izdelek\/komplet-besavnog-donjeg-rublja-eleanora-blush\/","url":"https:\/\/belovedlingerie.com\/hr\/izdelek\/komplet-besavnog-donjeg-rublja-eleanora-blush\/","name":"Komplet be\u0161avnog donjeg rublja ELEANORA blush - Beloved Lingerie","isPartOf":{"@id":"https:\/\/belovedlingerie.com\/hr\/#website"},"primaryImageOfPage":{"@id":"https:\/\/belovedlingerie.com\/hr\/izdelek\/komplet-besavnog-donjeg-rublja-eleanora-blush\/#primaryimage"},"image":{"@id":"https:\/\/belovedlingerie.com\/hr\/izdelek\/komplet-besavnog-donjeg-rublja-eleanora-blush\/#primaryimage"},"thumbnailUrl":"https:\/\/belovedlingerie.com\/hr\/wp-content\/uploads\/2024\/03\/Komplet-brezsivnega-spodnjega-perila-ELEANORA-blush-5.jpg","datePublished":"2024-04-05T05:13:25+00:00","dateModified":"2026-04-10T05:59:06+00:00","breadcrumb":{"@id":"https:\/\/belovedlingerie.com\/hr\/izdelek\/komplet-besavnog-donjeg-rublja-eleanora-blush\/#breadcrumb"},"inLanguage":"hr","potentialAction":[{"@type":"ReadAction","target":["https:\/\/belovedlingerie.com\/hr\/izdelek\/komplet-besavnog-donjeg-rublja-eleanora-blush\/"]}]},{"@type":"ImageObject","inLanguage":"hr","@id":"https:\/\/belovedlingerie.com\/hr\/izdelek\/komplet-besavnog-donjeg-rublja-eleanora-blush\/#primaryimage","url":"https:\/\/belovedlingerie.com\/hr\/wp-content\/uploads\/2024\/03\/Komplet-brezsivnega-spodnjega-perila-ELEANORA-blush-5.jpg","contentUrl":"https:\/\/belovedlingerie.com\/hr\/wp-content\/uploads\/2024\/03\/Komplet-brezsivnega-spodnjega-perila-ELEANORA-blush-5.jpg","width":1605,"height":2407},{"@type":"BreadcrumbList","@id":"https:\/\/belovedlingerie.com\/hr\/izdelek\/komplet-besavnog-donjeg-rublja-eleanora-blush\/#breadcrumb","itemListElement":[{"@type":"ListItem","position":1,"name":"Home","item":"https:\/\/belovedlingerie.com\/hr\/"},{"@type":"ListItem","position":2,"name":"Shop","item":"https:\/\/belovedlingerie.com\/hr\/shop\/"},{"@type":"ListItem","position":3,"name":"Komplet be\u0161avnog donjeg rublja ELEANORA blush"}]},{"@type":"WebSite","@id":"https:\/\/belovedlingerie.com\/hr\/#website","url":"https:\/\/belovedlingerie.com\/hr\/","name":"Beloved Lingerie","description":"Your beloved fashion store!","potentialAction":[{"@type":"SearchAction","target":{"@type":"EntryPoint","urlTemplate":"https:\/\/belovedlingerie.com\/hr\/?s={search_term_string}"},"query-input":"required name=search_term_string"}],"inLanguage":"hr"}]}},"_links":{"self":[{"href":"https:\/\/belovedlingerie.com\/hr\/wp-json\/wp\/v2\/product\/10060898","targetHints":{"allow":["GET"]}}],"collection":[{"href":"https:\/\/belovedlingerie.com\/hr\/wp-json\/wp\/v2\/product"}],"about":[{"href":"https:\/\/belovedlingerie.com\/hr\/wp-json\/wp\/v2\/types\/product"}],"replies":[{"embeddable":true,"href":"https:\/\/belovedlingerie.com\/hr\/wp-json\/wp\/v2\/comments?post=10060898"}],"wp:featuredmedia":[{"embeddable":true,"href":"https:\/\/belovedlingerie.com\/hr\/wp-json\/wp\/v2\/media\/10059576"}],"wp:attachment":[{"href":"https:\/\/belovedlingerie.com\/hr\/wp-json\/wp\/v2\/media?parent=10060898"}],"wp:term":[{"taxonomy":"product_cat","embeddable":true,"href":"https:\/\/belovedlingerie.com\/hr\/wp-json\/wp\/v2\/product_cat?post=10060898"},{"taxonomy":"product_tag","embeddable":true,"href":"https:\/\/belovedlingerie.com\/hr\/wp-json\/wp\/v2\/product_tag?post=10060898"}],"curies":[{"name":"wp","href":"https:\/\/api.w.org\/{rel}","templated":true}]}}