{"id":10063173,"date":"2024-09-17T09:08:17","date_gmt":"2024-09-17T07:08:17","guid":{"rendered":"https:\/\/belovedlingerie.com\/hr\/?post_type=product&#038;p=10063173"},"modified":"2026-01-05T14:01:16","modified_gmt":"2026-01-05T13:01:16","slug":"shapewear-body-leo-crni","status":"publish","type":"product","link":"https:\/\/belovedlingerie.com\/hr\/izdelek\/shapewear-body-leo-crni\/","title":{"rendered":"Shapewear body LEO crni"},"content":{"rendered":"<ul>\n<li class=\"uspikona\">Izuzetno mek materijal, prijatan na dodir.<\/li>\n<li class=\"uspikona\">Izuzetno rastegljiv i vrlo izdr\u017eljiv materijal.<\/li>\n<li class=\"uspikona\">Posebno pletenje za podr\u0161ku i oblikovanje grudi.<\/li>\n<li class=\"uspikona\">Podesive naramenice.<\/li>\n<li class=\"uspikona\">Oblikuje stomak.<\/li>\n<li>Tip ga\u0107ica: tange.<\/li>\n<li>Boja: crna.<\/li>\n<li class=\"uspikona\">Kop\u010danje s drukerima u me\u0111uno\u017eju.<\/li>\n<li>Model nosi konfekcijski broj S.<\/li>\n<li>Boje donjeg rublja na slikama mogu se malo razlikovati od stvarnih boja, zbog postavki telefona ili ra\u010dunara.<\/li>\n<li>Sastav: 85% poliamid, 15% elastan.<\/li>\n<\/ul>\n","protected":false},"excerpt":{"rendered":"<p>Izuzetno mek materijal, prijatan na dodir. Izuzetno rastegljiv i vrlo izdr\u017eljiv materijal. Posebno pletenje za podr\u0161ku i oblikovanje grudi. Podesive naramenice. Oblikuje stomak. Tip ga\u0107ica: tange. Boja: crna. Kop\u010danje s drukerima u me\u0111uno\u017eju. Model nosi konfekcijski broj S. Boje donjeg rublja na slikama mogu se malo razlikovati od stvarnih boja, zbog postavki telefona ili ra\u010dunara. [&#8230;]\n","protected":false},"featured_media":10063174,"comment_status":"closed","ping_status":"closed","template":"","meta":{"_acf_changed":false},"product_cat":[292],"product_tag":[],"class_list":{"0":"post-10063173","1":"product","2":"type-product","3":"status-publish","4":"has-post-thumbnail","6":"product_cat-donje-rublje-za-oblikovanje-tijela","8":"first","9":"instock","10":"taxable","11":"shipping-taxable","12":"purchasable","13":"product-type-variable"},"acf":[],"yoast_head":"<!-- This site is optimized with the Yoast SEO plugin v22.3 - https:\/\/yoast.com\/wordpress\/plugins\/seo\/ -->\n<title>Shapewear body LEO crni - Beloved Lingerie<\/title>\n<meta name=\"robots\" content=\"index, follow, max-snippet:-1, max-image-preview:large, max-video-preview:-1\" \/>\n<link rel=\"canonical\" href=\"https:\/\/belovedlingerie.com\/hr\/izdelek\/shapewear-body-leo-crni\/\" \/>\n<meta property=\"og:locale\" content=\"hr_HR\" \/>\n<meta property=\"og:type\" content=\"article\" \/>\n<meta property=\"og:title\" content=\"Shapewear body LEO crni - Beloved Lingerie\" \/>\n<meta property=\"og:description\" content=\"Izuzetno mek materijal, prijatan na dodir. Izuzetno rastegljiv i vrlo izdr\u017eljiv materijal. Posebno pletenje za podr\u0161ku i oblikovanje grudi. Podesive naramenice. Oblikuje stomak. Tip ga\u0107ica: tange. Boja: crna. Kop\u010danje s drukerima u me\u0111uno\u017eju. Model nosi konfekcijski broj S. Boje donjeg rublja na slikama mogu se malo razlikovati od stvarnih boja, zbog postavki telefona ili ra\u010dunara. [...]\" \/>\n<meta property=\"og:url\" content=\"https:\/\/belovedlingerie.com\/hr\/izdelek\/shapewear-body-leo-crni\/\" \/>\n<meta property=\"og:site_name\" content=\"Beloved Lingerie\" \/>\n<meta property=\"article:modified_time\" content=\"2026-01-05T13:01:16+00:00\" \/>\n<meta property=\"og:image\" content=\"https:\/\/belovedlingerie.com\/hr\/wp-content\/uploads\/2024\/09\/Shapewear-bodi-LEO-crn-5-scaled-e1725264048627.jpg\" \/>\n\t<meta property=\"og:image:width\" content=\"1617\" \/>\n\t<meta property=\"og:image:height\" content=\"1958\" \/>\n\t<meta property=\"og:image:type\" content=\"image\/jpeg\" \/>\n<meta name=\"twitter:card\" content=\"summary_large_image\" \/>\n<script type=\"application\/ld+json\" class=\"yoast-schema-graph\">{\"@context\":\"https:\/\/schema.org\",\"@graph\":[{\"@type\":\"WebPage\",\"@id\":\"https:\/\/belovedlingerie.com\/hr\/izdelek\/shapewear-body-leo-crni\/\",\"url\":\"https:\/\/belovedlingerie.com\/hr\/izdelek\/shapewear-body-leo-crni\/\",\"name\":\"Shapewear body LEO crni - Beloved Lingerie\",\"isPartOf\":{\"@id\":\"https:\/\/belovedlingerie.com\/hr\/#website\"},\"primaryImageOfPage\":{\"@id\":\"https:\/\/belovedlingerie.com\/hr\/izdelek\/shapewear-body-leo-crni\/#primaryimage\"},\"image\":{\"@id\":\"https:\/\/belovedlingerie.com\/hr\/izdelek\/shapewear-body-leo-crni\/#primaryimage\"},\"thumbnailUrl\":\"https:\/\/belovedlingerie.com\/hr\/wp-content\/uploads\/2024\/09\/Shapewear-bodi-LEO-crn-5-scaled-e1725264048627.jpg\",\"datePublished\":\"2024-09-17T07:08:17+00:00\",\"dateModified\":\"2026-01-05T13:01:16+00:00\",\"breadcrumb\":{\"@id\":\"https:\/\/belovedlingerie.com\/hr\/izdelek\/shapewear-body-leo-crni\/#breadcrumb\"},\"inLanguage\":\"hr\",\"potentialAction\":[{\"@type\":\"ReadAction\",\"target\":[\"https:\/\/belovedlingerie.com\/hr\/izdelek\/shapewear-body-leo-crni\/\"]}]},{\"@type\":\"ImageObject\",\"inLanguage\":\"hr\",\"@id\":\"https:\/\/belovedlingerie.com\/hr\/izdelek\/shapewear-body-leo-crni\/#primaryimage\",\"url\":\"https:\/\/belovedlingerie.com\/hr\/wp-content\/uploads\/2024\/09\/Shapewear-bodi-LEO-crn-5-scaled-e1725264048627.jpg\",\"contentUrl\":\"https:\/\/belovedlingerie.com\/hr\/wp-content\/uploads\/2024\/09\/Shapewear-bodi-LEO-crn-5-scaled-e1725264048627.jpg\",\"width\":1617,\"height\":1958},{\"@type\":\"BreadcrumbList\",\"@id\":\"https:\/\/belovedlingerie.com\/hr\/izdelek\/shapewear-body-leo-crni\/#breadcrumb\",\"itemListElement\":[{\"@type\":\"ListItem\",\"position\":1,\"name\":\"Home\",\"item\":\"https:\/\/belovedlingerie.com\/hr\/\"},{\"@type\":\"ListItem\",\"position\":2,\"name\":\"Shop\",\"item\":\"https:\/\/belovedlingerie.com\/hr\/shop\/\"},{\"@type\":\"ListItem\",\"position\":3,\"name\":\"Shapewear body LEO crni\"}]},{\"@type\":\"WebSite\",\"@id\":\"https:\/\/belovedlingerie.com\/hr\/#website\",\"url\":\"https:\/\/belovedlingerie.com\/hr\/\",\"name\":\"Beloved Lingerie\",\"description\":\"Your beloved fashion store!\",\"potentialAction\":[{\"@type\":\"SearchAction\",\"target\":{\"@type\":\"EntryPoint\",\"urlTemplate\":\"https:\/\/belovedlingerie.com\/hr\/?s={search_term_string}\"},\"query-input\":\"required name=search_term_string\"}],\"inLanguage\":\"hr\"}]}<\/script>\n<!-- \/ Yoast SEO plugin. -->","yoast_head_json":{"title":"Shapewear body LEO crni - Beloved Lingerie","robots":{"index":"index","follow":"follow","max-snippet":"max-snippet:-1","max-image-preview":"max-image-preview:large","max-video-preview":"max-video-preview:-1"},"canonical":"https:\/\/belovedlingerie.com\/hr\/izdelek\/shapewear-body-leo-crni\/","og_locale":"hr_HR","og_type":"article","og_title":"Shapewear body LEO crni - Beloved Lingerie","og_description":"Izuzetno mek materijal, prijatan na dodir. Izuzetno rastegljiv i vrlo izdr\u017eljiv materijal. Posebno pletenje za podr\u0161ku i oblikovanje grudi. Podesive naramenice. Oblikuje stomak. Tip ga\u0107ica: tange. Boja: crna. Kop\u010danje s drukerima u me\u0111uno\u017eju. Model nosi konfekcijski broj S. Boje donjeg rublja na slikama mogu se malo razlikovati od stvarnih boja, zbog postavki telefona ili ra\u010dunara. [...]","og_url":"https:\/\/belovedlingerie.com\/hr\/izdelek\/shapewear-body-leo-crni\/","og_site_name":"Beloved Lingerie","article_modified_time":"2026-01-05T13:01:16+00:00","og_image":[{"width":1617,"height":1958,"url":"https:\/\/belovedlingerie.com\/hr\/wp-content\/uploads\/2024\/09\/Shapewear-bodi-LEO-crn-5-scaled-e1725264048627.jpg","type":"image\/jpeg"}],"twitter_card":"summary_large_image","schema":{"@context":"https:\/\/schema.org","@graph":[{"@type":"WebPage","@id":"https:\/\/belovedlingerie.com\/hr\/izdelek\/shapewear-body-leo-crni\/","url":"https:\/\/belovedlingerie.com\/hr\/izdelek\/shapewear-body-leo-crni\/","name":"Shapewear body LEO crni - Beloved Lingerie","isPartOf":{"@id":"https:\/\/belovedlingerie.com\/hr\/#website"},"primaryImageOfPage":{"@id":"https:\/\/belovedlingerie.com\/hr\/izdelek\/shapewear-body-leo-crni\/#primaryimage"},"image":{"@id":"https:\/\/belovedlingerie.com\/hr\/izdelek\/shapewear-body-leo-crni\/#primaryimage"},"thumbnailUrl":"https:\/\/belovedlingerie.com\/hr\/wp-content\/uploads\/2024\/09\/Shapewear-bodi-LEO-crn-5-scaled-e1725264048627.jpg","datePublished":"2024-09-17T07:08:17+00:00","dateModified":"2026-01-05T13:01:16+00:00","breadcrumb":{"@id":"https:\/\/belovedlingerie.com\/hr\/izdelek\/shapewear-body-leo-crni\/#breadcrumb"},"inLanguage":"hr","potentialAction":[{"@type":"ReadAction","target":["https:\/\/belovedlingerie.com\/hr\/izdelek\/shapewear-body-leo-crni\/"]}]},{"@type":"ImageObject","inLanguage":"hr","@id":"https:\/\/belovedlingerie.com\/hr\/izdelek\/shapewear-body-leo-crni\/#primaryimage","url":"https:\/\/belovedlingerie.com\/hr\/wp-content\/uploads\/2024\/09\/Shapewear-bodi-LEO-crn-5-scaled-e1725264048627.jpg","contentUrl":"https:\/\/belovedlingerie.com\/hr\/wp-content\/uploads\/2024\/09\/Shapewear-bodi-LEO-crn-5-scaled-e1725264048627.jpg","width":1617,"height":1958},{"@type":"BreadcrumbList","@id":"https:\/\/belovedlingerie.com\/hr\/izdelek\/shapewear-body-leo-crni\/#breadcrumb","itemListElement":[{"@type":"ListItem","position":1,"name":"Home","item":"https:\/\/belovedlingerie.com\/hr\/"},{"@type":"ListItem","position":2,"name":"Shop","item":"https:\/\/belovedlingerie.com\/hr\/shop\/"},{"@type":"ListItem","position":3,"name":"Shapewear body LEO crni"}]},{"@type":"WebSite","@id":"https:\/\/belovedlingerie.com\/hr\/#website","url":"https:\/\/belovedlingerie.com\/hr\/","name":"Beloved Lingerie","description":"Your beloved fashion store!","potentialAction":[{"@type":"SearchAction","target":{"@type":"EntryPoint","urlTemplate":"https:\/\/belovedlingerie.com\/hr\/?s={search_term_string}"},"query-input":"required name=search_term_string"}],"inLanguage":"hr"}]}},"_links":{"self":[{"href":"https:\/\/belovedlingerie.com\/hr\/wp-json\/wp\/v2\/product\/10063173","targetHints":{"allow":["GET"]}}],"collection":[{"href":"https:\/\/belovedlingerie.com\/hr\/wp-json\/wp\/v2\/product"}],"about":[{"href":"https:\/\/belovedlingerie.com\/hr\/wp-json\/wp\/v2\/types\/product"}],"replies":[{"embeddable":true,"href":"https:\/\/belovedlingerie.com\/hr\/wp-json\/wp\/v2\/comments?post=10063173"}],"wp:featuredmedia":[{"embeddable":true,"href":"https:\/\/belovedlingerie.com\/hr\/wp-json\/wp\/v2\/media\/10063174"}],"wp:attachment":[{"href":"https:\/\/belovedlingerie.com\/hr\/wp-json\/wp\/v2\/media?parent=10063173"}],"wp:term":[{"taxonomy":"product_cat","embeddable":true,"href":"https:\/\/belovedlingerie.com\/hr\/wp-json\/wp\/v2\/product_cat?post=10063173"},{"taxonomy":"product_tag","embeddable":true,"href":"https:\/\/belovedlingerie.com\/hr\/wp-json\/wp\/v2\/product_tag?post=10063173"}],"curies":[{"name":"wp","href":"https:\/\/api.w.org\/{rel}","templated":true}]}}