{"id":10063387,"date":"2024-09-17T09:07:43","date_gmt":"2024-09-17T07:07:43","guid":{"rendered":"https:\/\/belovedlingerie.com\/hr\/?post_type=product&#038;p=10063387"},"modified":"2026-02-18T07:43:03","modified_gmt":"2026-02-18T06:43:03","slug":"shapewear-gacice-hourglass-bez","status":"publish","type":"product","link":"https:\/\/belovedlingerie.com\/hr\/izdelek\/shapewear-gacice-hourglass-bez\/","title":{"rendered":"Shapewear ga\u0107ice HOURGLASS be\u017e"},"content":{"rendered":"<ul>\n<li class=\"uspikona\">Svilenkasto mekan materijal, ugodan na dodir<\/li>\n<li class=\"uspikona\">Izuzetno rastezljiv i vrlo izdr\u017eljiv materijal<\/li>\n<li class=\"uspikona\">Visok struk<\/li>\n<li class=\"uspikona\">Oblikuje trbuh i struk.<\/li>\n<li>Boja: be\u017e<\/li>\n<li>Tip ga\u0107ica: tange.<\/li>\n<li class=\"uspikona\">Silikonska traka na unutarnjoj strani sprje\u010dava uvijanje<\/li>\n<li class=\"uspikona\">Ciljana kompresija za vitku \u017eensku siluetu.<\/li>\n<li>Model nosi konfekcijski broj S.<\/li>\n<li>Boje donjeg rublja na slikama mogu se malo razlikovati od stvarnih boja, zbog postavki telefona ili ra\u010dunala.<\/li>\n<li>Sastav: 90% poliester, 10% spandex.<\/li>\n<\/ul>\n","protected":false},"excerpt":{"rendered":"<p>Svilenkasto mekan materijal, ugodan na dodir Izuzetno rastezljiv i vrlo izdr\u017eljiv materijal Visok struk Oblikuje trbuh i struk. Boja: be\u017e Tip ga\u0107ica: tange. Silikonska traka na unutarnjoj strani sprje\u010dava uvijanje Ciljana kompresija za vitku \u017eensku siluetu. Model nosi konfekcijski broj S. Boje donjeg rublja na slikama mogu se malo razlikovati od stvarnih boja, zbog postavki [&#8230;]\n","protected":false},"featured_media":10063388,"comment_status":"closed","ping_status":"closed","template":"","meta":{"_acf_changed":false},"product_cat":[292],"product_tag":[],"class_list":{"0":"post-10063387","1":"product","2":"type-product","3":"status-publish","4":"has-post-thumbnail","6":"product_cat-donje-rublje-za-oblikovanje-tijela","8":"first","9":"instock","10":"taxable","11":"shipping-taxable","12":"purchasable","13":"product-type-variable"},"acf":[],"yoast_head":"<!-- This site is optimized with the Yoast SEO plugin v22.3 - https:\/\/yoast.com\/wordpress\/plugins\/seo\/ -->\n<title>Shapewear ga\u0107ice HOURGLASS be\u017e - Beloved Lingerie<\/title>\n<meta name=\"robots\" content=\"index, follow, max-snippet:-1, max-image-preview:large, max-video-preview:-1\" \/>\n<link rel=\"canonical\" href=\"https:\/\/belovedlingerie.com\/hr\/izdelek\/shapewear-gacice-hourglass-bez\/\" \/>\n<meta property=\"og:locale\" content=\"hr_HR\" \/>\n<meta property=\"og:type\" content=\"article\" \/>\n<meta property=\"og:title\" content=\"Shapewear ga\u0107ice HOURGLASS be\u017e - Beloved Lingerie\" \/>\n<meta property=\"og:description\" content=\"Svilenkasto mekan materijal, ugodan na dodir Izuzetno rastezljiv i vrlo izdr\u017eljiv materijal Visok struk Oblikuje trbuh i struk. Boja: be\u017e Tip ga\u0107ica: tange. Silikonska traka na unutarnjoj strani sprje\u010dava uvijanje Ciljana kompresija za vitku \u017eensku siluetu. Model nosi konfekcijski broj S. Boje donjeg rublja na slikama mogu se malo razlikovati od stvarnih boja, zbog postavki [...]\" \/>\n<meta property=\"og:url\" content=\"https:\/\/belovedlingerie.com\/hr\/izdelek\/shapewear-gacice-hourglass-bez\/\" \/>\n<meta property=\"og:site_name\" content=\"Beloved Lingerie\" \/>\n<meta property=\"article:modified_time\" content=\"2026-02-18T06:43:03+00:00\" \/>\n<meta property=\"og:image\" content=\"https:\/\/belovedlingerie.com\/hr\/wp-content\/uploads\/2024\/09\/Shapewear-hlacke-HOURGLASS-bez-3-scaled-4.jpg\" \/>\n\t<meta property=\"og:image:width\" content=\"1707\" \/>\n\t<meta property=\"og:image:height\" content=\"2560\" \/>\n\t<meta property=\"og:image:type\" content=\"image\/jpeg\" \/>\n<meta name=\"twitter:card\" content=\"summary_large_image\" \/>\n<script type=\"application\/ld+json\" class=\"yoast-schema-graph\">{\"@context\":\"https:\/\/schema.org\",\"@graph\":[{\"@type\":\"WebPage\",\"@id\":\"https:\/\/belovedlingerie.com\/hr\/izdelek\/shapewear-gacice-hourglass-bez\/\",\"url\":\"https:\/\/belovedlingerie.com\/hr\/izdelek\/shapewear-gacice-hourglass-bez\/\",\"name\":\"Shapewear ga\u0107ice HOURGLASS be\u017e - Beloved Lingerie\",\"isPartOf\":{\"@id\":\"https:\/\/belovedlingerie.com\/hr\/#website\"},\"primaryImageOfPage\":{\"@id\":\"https:\/\/belovedlingerie.com\/hr\/izdelek\/shapewear-gacice-hourglass-bez\/#primaryimage\"},\"image\":{\"@id\":\"https:\/\/belovedlingerie.com\/hr\/izdelek\/shapewear-gacice-hourglass-bez\/#primaryimage\"},\"thumbnailUrl\":\"https:\/\/belovedlingerie.com\/hr\/wp-content\/uploads\/2024\/09\/Shapewear-hlacke-HOURGLASS-bez-3-scaled-4.jpg\",\"datePublished\":\"2024-09-17T07:07:43+00:00\",\"dateModified\":\"2026-02-18T06:43:03+00:00\",\"breadcrumb\":{\"@id\":\"https:\/\/belovedlingerie.com\/hr\/izdelek\/shapewear-gacice-hourglass-bez\/#breadcrumb\"},\"inLanguage\":\"hr\",\"potentialAction\":[{\"@type\":\"ReadAction\",\"target\":[\"https:\/\/belovedlingerie.com\/hr\/izdelek\/shapewear-gacice-hourglass-bez\/\"]}]},{\"@type\":\"ImageObject\",\"inLanguage\":\"hr\",\"@id\":\"https:\/\/belovedlingerie.com\/hr\/izdelek\/shapewear-gacice-hourglass-bez\/#primaryimage\",\"url\":\"https:\/\/belovedlingerie.com\/hr\/wp-content\/uploads\/2024\/09\/Shapewear-hlacke-HOURGLASS-bez-3-scaled-4.jpg\",\"contentUrl\":\"https:\/\/belovedlingerie.com\/hr\/wp-content\/uploads\/2024\/09\/Shapewear-hlacke-HOURGLASS-bez-3-scaled-4.jpg\",\"width\":1707,\"height\":2560},{\"@type\":\"BreadcrumbList\",\"@id\":\"https:\/\/belovedlingerie.com\/hr\/izdelek\/shapewear-gacice-hourglass-bez\/#breadcrumb\",\"itemListElement\":[{\"@type\":\"ListItem\",\"position\":1,\"name\":\"Home\",\"item\":\"https:\/\/belovedlingerie.com\/hr\/\"},{\"@type\":\"ListItem\",\"position\":2,\"name\":\"Shop\",\"item\":\"https:\/\/belovedlingerie.com\/hr\/shop\/\"},{\"@type\":\"ListItem\",\"position\":3,\"name\":\"Shapewear ga\u0107ice HOURGLASS be\u017e\"}]},{\"@type\":\"WebSite\",\"@id\":\"https:\/\/belovedlingerie.com\/hr\/#website\",\"url\":\"https:\/\/belovedlingerie.com\/hr\/\",\"name\":\"Beloved Lingerie\",\"description\":\"Your beloved fashion store!\",\"potentialAction\":[{\"@type\":\"SearchAction\",\"target\":{\"@type\":\"EntryPoint\",\"urlTemplate\":\"https:\/\/belovedlingerie.com\/hr\/?s={search_term_string}\"},\"query-input\":\"required name=search_term_string\"}],\"inLanguage\":\"hr\"}]}<\/script>\n<!-- \/ Yoast SEO plugin. -->","yoast_head_json":{"title":"Shapewear ga\u0107ice HOURGLASS be\u017e - Beloved Lingerie","robots":{"index":"index","follow":"follow","max-snippet":"max-snippet:-1","max-image-preview":"max-image-preview:large","max-video-preview":"max-video-preview:-1"},"canonical":"https:\/\/belovedlingerie.com\/hr\/izdelek\/shapewear-gacice-hourglass-bez\/","og_locale":"hr_HR","og_type":"article","og_title":"Shapewear ga\u0107ice HOURGLASS be\u017e - Beloved Lingerie","og_description":"Svilenkasto mekan materijal, ugodan na dodir Izuzetno rastezljiv i vrlo izdr\u017eljiv materijal Visok struk Oblikuje trbuh i struk. Boja: be\u017e Tip ga\u0107ica: tange. Silikonska traka na unutarnjoj strani sprje\u010dava uvijanje Ciljana kompresija za vitku \u017eensku siluetu. Model nosi konfekcijski broj S. Boje donjeg rublja na slikama mogu se malo razlikovati od stvarnih boja, zbog postavki [...]","og_url":"https:\/\/belovedlingerie.com\/hr\/izdelek\/shapewear-gacice-hourglass-bez\/","og_site_name":"Beloved Lingerie","article_modified_time":"2026-02-18T06:43:03+00:00","og_image":[{"width":1707,"height":2560,"url":"https:\/\/belovedlingerie.com\/hr\/wp-content\/uploads\/2024\/09\/Shapewear-hlacke-HOURGLASS-bez-3-scaled-4.jpg","type":"image\/jpeg"}],"twitter_card":"summary_large_image","schema":{"@context":"https:\/\/schema.org","@graph":[{"@type":"WebPage","@id":"https:\/\/belovedlingerie.com\/hr\/izdelek\/shapewear-gacice-hourglass-bez\/","url":"https:\/\/belovedlingerie.com\/hr\/izdelek\/shapewear-gacice-hourglass-bez\/","name":"Shapewear ga\u0107ice HOURGLASS be\u017e - Beloved Lingerie","isPartOf":{"@id":"https:\/\/belovedlingerie.com\/hr\/#website"},"primaryImageOfPage":{"@id":"https:\/\/belovedlingerie.com\/hr\/izdelek\/shapewear-gacice-hourglass-bez\/#primaryimage"},"image":{"@id":"https:\/\/belovedlingerie.com\/hr\/izdelek\/shapewear-gacice-hourglass-bez\/#primaryimage"},"thumbnailUrl":"https:\/\/belovedlingerie.com\/hr\/wp-content\/uploads\/2024\/09\/Shapewear-hlacke-HOURGLASS-bez-3-scaled-4.jpg","datePublished":"2024-09-17T07:07:43+00:00","dateModified":"2026-02-18T06:43:03+00:00","breadcrumb":{"@id":"https:\/\/belovedlingerie.com\/hr\/izdelek\/shapewear-gacice-hourglass-bez\/#breadcrumb"},"inLanguage":"hr","potentialAction":[{"@type":"ReadAction","target":["https:\/\/belovedlingerie.com\/hr\/izdelek\/shapewear-gacice-hourglass-bez\/"]}]},{"@type":"ImageObject","inLanguage":"hr","@id":"https:\/\/belovedlingerie.com\/hr\/izdelek\/shapewear-gacice-hourglass-bez\/#primaryimage","url":"https:\/\/belovedlingerie.com\/hr\/wp-content\/uploads\/2024\/09\/Shapewear-hlacke-HOURGLASS-bez-3-scaled-4.jpg","contentUrl":"https:\/\/belovedlingerie.com\/hr\/wp-content\/uploads\/2024\/09\/Shapewear-hlacke-HOURGLASS-bez-3-scaled-4.jpg","width":1707,"height":2560},{"@type":"BreadcrumbList","@id":"https:\/\/belovedlingerie.com\/hr\/izdelek\/shapewear-gacice-hourglass-bez\/#breadcrumb","itemListElement":[{"@type":"ListItem","position":1,"name":"Home","item":"https:\/\/belovedlingerie.com\/hr\/"},{"@type":"ListItem","position":2,"name":"Shop","item":"https:\/\/belovedlingerie.com\/hr\/shop\/"},{"@type":"ListItem","position":3,"name":"Shapewear ga\u0107ice HOURGLASS be\u017e"}]},{"@type":"WebSite","@id":"https:\/\/belovedlingerie.com\/hr\/#website","url":"https:\/\/belovedlingerie.com\/hr\/","name":"Beloved Lingerie","description":"Your beloved fashion store!","potentialAction":[{"@type":"SearchAction","target":{"@type":"EntryPoint","urlTemplate":"https:\/\/belovedlingerie.com\/hr\/?s={search_term_string}"},"query-input":"required name=search_term_string"}],"inLanguage":"hr"}]}},"_links":{"self":[{"href":"https:\/\/belovedlingerie.com\/hr\/wp-json\/wp\/v2\/product\/10063387","targetHints":{"allow":["GET"]}}],"collection":[{"href":"https:\/\/belovedlingerie.com\/hr\/wp-json\/wp\/v2\/product"}],"about":[{"href":"https:\/\/belovedlingerie.com\/hr\/wp-json\/wp\/v2\/types\/product"}],"replies":[{"embeddable":true,"href":"https:\/\/belovedlingerie.com\/hr\/wp-json\/wp\/v2\/comments?post=10063387"}],"wp:featuredmedia":[{"embeddable":true,"href":"https:\/\/belovedlingerie.com\/hr\/wp-json\/wp\/v2\/media\/10063388"}],"wp:attachment":[{"href":"https:\/\/belovedlingerie.com\/hr\/wp-json\/wp\/v2\/media?parent=10063387"}],"wp:term":[{"taxonomy":"product_cat","embeddable":true,"href":"https:\/\/belovedlingerie.com\/hr\/wp-json\/wp\/v2\/product_cat?post=10063387"},{"taxonomy":"product_tag","embeddable":true,"href":"https:\/\/belovedlingerie.com\/hr\/wp-json\/wp\/v2\/product_tag?post=10063387"}],"curies":[{"name":"wp","href":"https:\/\/api.w.org\/{rel}","templated":true}]}}