{"id":57736,"date":"2023-03-07T13:19:09","date_gmt":"2023-03-07T12:19:09","guid":{"rendered":"https:\/\/belovedlingerie.com\/hr\/?post_type=product&#038;p=57736"},"modified":"2026-01-26T07:20:54","modified_gmt":"2026-01-26T06:20:54","slug":"bodi-naomi","status":"publish","type":"product","link":"https:\/\/belovedlingerie.com\/hr\/izdelek\/bodi-naomi\/","title":{"rendered":"Bodi NAOMI"},"content":{"rendered":"<p><strong>Bodi NAOMI<\/strong><\/p>\n<ul>\n<li>Nje\u017ena, \u017eenstvena i zavodljiva \u010dipka.<\/li>\n<li>Ko\u0161arice sa \u017ei\u010danom potporom.<\/li>\n<li>Neprozirne ko\u0161arice.<\/li>\n<li>Prilagodljive naramenice.<\/li>\n<li>Vrsta ga\u0107ica: tange visokog struka.<\/li>\n<li>Zatvaranje s pomo\u0107u gumba.<\/li>\n<li>Djelomi\u010dno prozirno.<\/li>\n<li>Dva na\u010dina no\u0161enja bodija: kao donje rublje ili umjesto majice.<\/li>\n<li>Boja: crna.<\/li>\n<li>Nika nosi veli\u010dinu XS.<\/li>\n<li>Boje donjeg rublja na slikama mogu se malo razlikovati od stvarnih boja zbog postavki va\u0161eg mobilnog telefona ili ra\u010dunala.<\/li>\n<li>Sastav: 95 % poliester, 5 % elastan.<\/li>\n<\/ul>\n","protected":false},"excerpt":{"rendered":"<p>Bodi NAOMI Nje\u017ena, \u017eenstvena i zavodljiva \u010dipka. Ko\u0161arice sa \u017ei\u010danom potporom. Neprozirne ko\u0161arice. Prilagodljive naramenice. Vrsta ga\u0107ica: tange visokog struka. Zatvaranje s pomo\u0107u gumba. Djelomi\u010dno prozirno. Dva na\u010dina no\u0161enja bodija: kao donje rublje ili umjesto majice. Boja: crna. Nika nosi veli\u010dinu XS. Boje donjeg rublja na slikama mogu se malo razlikovati od stvarnih boja zbog [&#8230;]\n","protected":false},"featured_media":57638,"comment_status":"closed","ping_status":"open","template":"","meta":{"_acf_changed":false},"product_cat":[158,190,187],"product_tag":[],"class_list":{"0":"post-57736","1":"product","2":"type-product","3":"status-publish","4":"has-post-thumbnail","6":"product_cat-bestsellers","7":"product_cat-body","8":"product_cat-donje-rublje","10":"first","11":"instock","12":"taxable","13":"shipping-taxable","14":"purchasable","15":"product-type-variable"},"acf":[],"yoast_head":"<!-- This site is optimized with the Yoast SEO plugin v22.3 - https:\/\/yoast.com\/wordpress\/plugins\/seo\/ -->\n<title>Bodi NAOMI - Beloved Lingerie<\/title>\n<meta name=\"description\" content=\"Bodi NAOMI z ne\u017eno, \u017eenstveno in zapeljivo \u010dipko. Ko\u0161arica z \u017ei\u010dno oporo in nastavljive naramnice. Zapiranje z gumbi pritiska\u010di. Delno transparenten.\" \/>\n<meta name=\"robots\" content=\"index, follow, max-snippet:-1, max-image-preview:large, max-video-preview:-1\" \/>\n<link rel=\"canonical\" href=\"https:\/\/belovedlingerie.com\/hr\/izdelek\/bodi-naomi\/\" \/>\n<meta property=\"og:locale\" content=\"hr_HR\" \/>\n<meta property=\"og:type\" content=\"article\" \/>\n<meta property=\"og:title\" content=\"Bodi NAOMI - Beloved Lingerie\" \/>\n<meta property=\"og:description\" content=\"Bodi NAOMI z ne\u017eno, \u017eenstveno in zapeljivo \u010dipko. Ko\u0161arica z \u017ei\u010dno oporo in nastavljive naramnice. Zapiranje z gumbi pritiska\u010di. Delno transparenten.\" \/>\n<meta property=\"og:url\" content=\"https:\/\/belovedlingerie.com\/hr\/izdelek\/bodi-naomi\/\" \/>\n<meta property=\"og:site_name\" content=\"Beloved Lingerie\" \/>\n<meta property=\"article:modified_time\" content=\"2026-01-26T06:20:54+00:00\" \/>\n<meta property=\"og:image\" content=\"https:\/\/belovedlingerie.com\/hr\/wp-content\/uploads\/2023\/02\/DSC08138.jpg\" \/>\n\t<meta property=\"og:image:width\" content=\"1365\" \/>\n\t<meta property=\"og:image:height\" content=\"2048\" \/>\n\t<meta property=\"og:image:type\" content=\"image\/jpeg\" \/>\n<meta name=\"twitter:card\" content=\"summary_large_image\" \/>\n<meta name=\"twitter:label1\" content=\"Procijenjeno vrijeme \u010ditanja\" \/>\n\t<meta name=\"twitter:data1\" content=\"1 minuta\" \/>\n<script type=\"application\/ld+json\" class=\"yoast-schema-graph\">{\"@context\":\"https:\/\/schema.org\",\"@graph\":[{\"@type\":\"WebPage\",\"@id\":\"https:\/\/belovedlingerie.com\/hr\/izdelek\/bodi-naomi\/\",\"url\":\"https:\/\/belovedlingerie.com\/hr\/izdelek\/bodi-naomi\/\",\"name\":\"Bodi NAOMI - Beloved Lingerie\",\"isPartOf\":{\"@id\":\"https:\/\/belovedlingerie.com\/hr\/#website\"},\"primaryImageOfPage\":{\"@id\":\"https:\/\/belovedlingerie.com\/hr\/izdelek\/bodi-naomi\/#primaryimage\"},\"image\":{\"@id\":\"https:\/\/belovedlingerie.com\/hr\/izdelek\/bodi-naomi\/#primaryimage\"},\"thumbnailUrl\":\"https:\/\/belovedlingerie.com\/hr\/wp-content\/uploads\/2023\/02\/DSC08138.jpg\",\"datePublished\":\"2023-03-07T12:19:09+00:00\",\"dateModified\":\"2026-01-26T06:20:54+00:00\",\"description\":\"Bodi NAOMI z ne\u017eno, \u017eenstveno in zapeljivo \u010dipko. Ko\u0161arica z \u017ei\u010dno oporo in nastavljive naramnice. Zapiranje z gumbi pritiska\u010di. Delno transparenten.\",\"breadcrumb\":{\"@id\":\"https:\/\/belovedlingerie.com\/hr\/izdelek\/bodi-naomi\/#breadcrumb\"},\"inLanguage\":\"hr\",\"potentialAction\":[{\"@type\":\"ReadAction\",\"target\":[\"https:\/\/belovedlingerie.com\/hr\/izdelek\/bodi-naomi\/\"]}]},{\"@type\":\"ImageObject\",\"inLanguage\":\"hr\",\"@id\":\"https:\/\/belovedlingerie.com\/hr\/izdelek\/bodi-naomi\/#primaryimage\",\"url\":\"https:\/\/belovedlingerie.com\/hr\/wp-content\/uploads\/2023\/02\/DSC08138.jpg\",\"contentUrl\":\"https:\/\/belovedlingerie.com\/hr\/wp-content\/uploads\/2023\/02\/DSC08138.jpg\",\"width\":1365,\"height\":2048,\"caption\":\"Bodi NAOMI\"},{\"@type\":\"BreadcrumbList\",\"@id\":\"https:\/\/belovedlingerie.com\/hr\/izdelek\/bodi-naomi\/#breadcrumb\",\"itemListElement\":[{\"@type\":\"ListItem\",\"position\":1,\"name\":\"Home\",\"item\":\"https:\/\/belovedlingerie.com\/hr\/\"},{\"@type\":\"ListItem\",\"position\":2,\"name\":\"Shop\",\"item\":\"https:\/\/belovedlingerie.com\/hr\/shop\/\"},{\"@type\":\"ListItem\",\"position\":3,\"name\":\"Bodi NAOMI\"}]},{\"@type\":\"WebSite\",\"@id\":\"https:\/\/belovedlingerie.com\/hr\/#website\",\"url\":\"https:\/\/belovedlingerie.com\/hr\/\",\"name\":\"Beloved Lingerie\",\"description\":\"Your beloved fashion store!\",\"potentialAction\":[{\"@type\":\"SearchAction\",\"target\":{\"@type\":\"EntryPoint\",\"urlTemplate\":\"https:\/\/belovedlingerie.com\/hr\/?s={search_term_string}\"},\"query-input\":\"required name=search_term_string\"}],\"inLanguage\":\"hr\"}]}<\/script>\n<!-- \/ Yoast SEO plugin. -->","yoast_head_json":{"title":"Bodi NAOMI - Beloved Lingerie","description":"Bodi NAOMI z ne\u017eno, \u017eenstveno in zapeljivo \u010dipko. Ko\u0161arica z \u017ei\u010dno oporo in nastavljive naramnice. Zapiranje z gumbi pritiska\u010di. Delno transparenten.","robots":{"index":"index","follow":"follow","max-snippet":"max-snippet:-1","max-image-preview":"max-image-preview:large","max-video-preview":"max-video-preview:-1"},"canonical":"https:\/\/belovedlingerie.com\/hr\/izdelek\/bodi-naomi\/","og_locale":"hr_HR","og_type":"article","og_title":"Bodi NAOMI - Beloved Lingerie","og_description":"Bodi NAOMI z ne\u017eno, \u017eenstveno in zapeljivo \u010dipko. Ko\u0161arica z \u017ei\u010dno oporo in nastavljive naramnice. Zapiranje z gumbi pritiska\u010di. Delno transparenten.","og_url":"https:\/\/belovedlingerie.com\/hr\/izdelek\/bodi-naomi\/","og_site_name":"Beloved Lingerie","article_modified_time":"2026-01-26T06:20:54+00:00","og_image":[{"width":1365,"height":2048,"url":"https:\/\/belovedlingerie.com\/hr\/wp-content\/uploads\/2023\/02\/DSC08138.jpg","type":"image\/jpeg"}],"twitter_card":"summary_large_image","twitter_misc":{"Procijenjeno vrijeme \u010ditanja":"1 minuta"},"schema":{"@context":"https:\/\/schema.org","@graph":[{"@type":"WebPage","@id":"https:\/\/belovedlingerie.com\/hr\/izdelek\/bodi-naomi\/","url":"https:\/\/belovedlingerie.com\/hr\/izdelek\/bodi-naomi\/","name":"Bodi NAOMI - Beloved Lingerie","isPartOf":{"@id":"https:\/\/belovedlingerie.com\/hr\/#website"},"primaryImageOfPage":{"@id":"https:\/\/belovedlingerie.com\/hr\/izdelek\/bodi-naomi\/#primaryimage"},"image":{"@id":"https:\/\/belovedlingerie.com\/hr\/izdelek\/bodi-naomi\/#primaryimage"},"thumbnailUrl":"https:\/\/belovedlingerie.com\/hr\/wp-content\/uploads\/2023\/02\/DSC08138.jpg","datePublished":"2023-03-07T12:19:09+00:00","dateModified":"2026-01-26T06:20:54+00:00","description":"Bodi NAOMI z ne\u017eno, \u017eenstveno in zapeljivo \u010dipko. Ko\u0161arica z \u017ei\u010dno oporo in nastavljive naramnice. Zapiranje z gumbi pritiska\u010di. Delno transparenten.","breadcrumb":{"@id":"https:\/\/belovedlingerie.com\/hr\/izdelek\/bodi-naomi\/#breadcrumb"},"inLanguage":"hr","potentialAction":[{"@type":"ReadAction","target":["https:\/\/belovedlingerie.com\/hr\/izdelek\/bodi-naomi\/"]}]},{"@type":"ImageObject","inLanguage":"hr","@id":"https:\/\/belovedlingerie.com\/hr\/izdelek\/bodi-naomi\/#primaryimage","url":"https:\/\/belovedlingerie.com\/hr\/wp-content\/uploads\/2023\/02\/DSC08138.jpg","contentUrl":"https:\/\/belovedlingerie.com\/hr\/wp-content\/uploads\/2023\/02\/DSC08138.jpg","width":1365,"height":2048,"caption":"Bodi NAOMI"},{"@type":"BreadcrumbList","@id":"https:\/\/belovedlingerie.com\/hr\/izdelek\/bodi-naomi\/#breadcrumb","itemListElement":[{"@type":"ListItem","position":1,"name":"Home","item":"https:\/\/belovedlingerie.com\/hr\/"},{"@type":"ListItem","position":2,"name":"Shop","item":"https:\/\/belovedlingerie.com\/hr\/shop\/"},{"@type":"ListItem","position":3,"name":"Bodi NAOMI"}]},{"@type":"WebSite","@id":"https:\/\/belovedlingerie.com\/hr\/#website","url":"https:\/\/belovedlingerie.com\/hr\/","name":"Beloved Lingerie","description":"Your beloved fashion store!","potentialAction":[{"@type":"SearchAction","target":{"@type":"EntryPoint","urlTemplate":"https:\/\/belovedlingerie.com\/hr\/?s={search_term_string}"},"query-input":"required name=search_term_string"}],"inLanguage":"hr"}]}},"_links":{"self":[{"href":"https:\/\/belovedlingerie.com\/hr\/wp-json\/wp\/v2\/product\/57736","targetHints":{"allow":["GET"]}}],"collection":[{"href":"https:\/\/belovedlingerie.com\/hr\/wp-json\/wp\/v2\/product"}],"about":[{"href":"https:\/\/belovedlingerie.com\/hr\/wp-json\/wp\/v2\/types\/product"}],"replies":[{"embeddable":true,"href":"https:\/\/belovedlingerie.com\/hr\/wp-json\/wp\/v2\/comments?post=57736"}],"wp:featuredmedia":[{"embeddable":true,"href":"https:\/\/belovedlingerie.com\/hr\/wp-json\/wp\/v2\/media\/57638"}],"wp:attachment":[{"href":"https:\/\/belovedlingerie.com\/hr\/wp-json\/wp\/v2\/media?parent=57736"}],"wp:term":[{"taxonomy":"product_cat","embeddable":true,"href":"https:\/\/belovedlingerie.com\/hr\/wp-json\/wp\/v2\/product_cat?post=57736"},{"taxonomy":"product_tag","embeddable":true,"href":"https:\/\/belovedlingerie.com\/hr\/wp-json\/wp\/v2\/product_tag?post=57736"}],"curies":[{"name":"wp","href":"https:\/\/api.w.org\/{rel}","templated":true}]}}