{"id":57864,"date":"2023-03-07T09:16:18","date_gmt":"2023-03-07T08:16:18","guid":{"rendered":"https:\/\/belovedlingerie.com\/hr\/?post_type=product&#038;p=57864"},"modified":"2026-01-26T07:20:52","modified_gmt":"2026-01-26T06:20:52","slug":"komplet-spodnjega-perila-amora","status":"publish","type":"product","link":"https:\/\/belovedlingerie.com\/hr\/izdelek\/komplet-spodnjega-perila-amora\/","title":{"rendered":"Komplet donjeg rublja AMORA"},"content":{"rendered":"<p><strong>Komplet donjeg rublja AMORA<\/strong><\/p>\n<ul>\n<li><a href=\"https:\/\/belovedlingerie.com\/si\/kategorija\/spodnje-perilo\/tridelni-kompleti\/\">Trodijelni komplet<\/a> uklju\u010duje: grudnjak, ga\u0107ice i halter.<\/li>\n<li>Lagani grudnjak sa \u017ei\u010danom potporom.<\/li>\n<li>Nepodstavljeno.<\/li>\n<li>Mre\u017easti materijal s uzorkom srca.<\/li>\n<li>Prilagodljive naramenice.<\/li>\n<li>Prilagodljivi grudnjak i halter.<\/li>\n<li>Prilagodljive ga\u0107ice.<\/li>\n<li>Prilagodljive trake haltera.<\/li>\n<li>Djelomi\u010dno prozirne ga\u0107ice.<\/li>\n<li>Vrsta ga\u0107ica: tange.<\/li>\n<li>Preporu\u010dujemo kombiniranje sa <a href=\"https:\/\/belovedlingerie.com\/si\/kategorija\/samostojece-nogavice\/\">samostoje\u0107im \u010darapama<\/a>.<\/li>\n<li>Boja: ru\u017ei\u010dasta.<\/li>\n<li>Nika nosi veli\u010dinu S.<\/li>\n<li>Boje donjeg rublja na slikama mogu se malo razlikovati od stvarnih boja zbog postavki va\u0161eg mobilnog telefona ili ra\u010dunala.<\/li>\n<li>Sastav: 95 % poliester, 5 % elastan.<\/li>\n<\/ul>\n","protected":false},"excerpt":{"rendered":"<p>Komplet donjeg rublja AMORA Trodijelni komplet uklju\u010duje: grudnjak, ga\u0107ice i halter. Lagani grudnjak sa \u017ei\u010danom potporom. Nepodstavljeno. Mre\u017easti materijal s uzorkom srca. Prilagodljive naramenice. Prilagodljivi grudnjak i halter. Prilagodljive ga\u0107ice. Prilagodljive trake haltera. Djelomi\u010dno prozirne ga\u0107ice. Vrsta ga\u0107ica: tange. Preporu\u010dujemo kombiniranje sa samostoje\u0107im \u010darapama. Boja: ru\u017ei\u010dasta. Nika nosi veli\u010dinu S. Boje donjeg rublja na slikama [&#8230;]\n","protected":false},"featured_media":57569,"comment_status":"closed","ping_status":"open","template":"","meta":{"_acf_changed":false},"product_cat":[187,189],"product_tag":[],"class_list":{"0":"post-57864","1":"product","2":"type-product","3":"status-publish","4":"has-post-thumbnail","6":"product_cat-donje-rublje","7":"product_cat-trodijelni-kompleti","9":"first","10":"instock","11":"taxable","12":"shipping-taxable","13":"purchasable","14":"product-type-variable"},"acf":[],"yoast_head":"<!-- This site is optimized with the Yoast SEO plugin v22.3 - https:\/\/yoast.com\/wordpress\/plugins\/seo\/ -->\n<title>Komplet donjeg rublja AMORA - Beloved Lingerie<\/title>\n<meta name=\"description\" content=\"Komplet spodnjega perila AMORA je tridelni komplet. Vklju\u010duje modr\u010dek, spodnje hla\u010dke in pas z dr\u017eki za nogavice. Mre\u017east material s sr\u010dkastim vzorcem.\" \/>\n<meta name=\"robots\" content=\"index, follow, max-snippet:-1, max-image-preview:large, max-video-preview:-1\" \/>\n<link rel=\"canonical\" href=\"https:\/\/belovedlingerie.com\/hr\/izdelek\/komplet-spodnjega-perila-amora\/\" \/>\n<meta property=\"og:locale\" content=\"hr_HR\" \/>\n<meta property=\"og:type\" content=\"article\" \/>\n<meta property=\"og:title\" content=\"Komplet donjeg rublja AMORA - Beloved Lingerie\" \/>\n<meta property=\"og:description\" content=\"Komplet spodnjega perila AMORA je tridelni komplet. Vklju\u010duje modr\u010dek, spodnje hla\u010dke in pas z dr\u017eki za nogavice. Mre\u017east material s sr\u010dkastim vzorcem.\" \/>\n<meta property=\"og:url\" content=\"https:\/\/belovedlingerie.com\/hr\/izdelek\/komplet-spodnjega-perila-amora\/\" \/>\n<meta property=\"og:site_name\" content=\"Beloved Lingerie\" \/>\n<meta property=\"article:modified_time\" content=\"2026-01-26T06:20:52+00:00\" \/>\n<meta property=\"og:image\" content=\"https:\/\/belovedlingerie.com\/hr\/wp-content\/uploads\/2023\/02\/DSC05718.jpg\" \/>\n\t<meta property=\"og:image:width\" content=\"1365\" \/>\n\t<meta property=\"og:image:height\" content=\"2048\" \/>\n\t<meta property=\"og:image:type\" content=\"image\/jpeg\" \/>\n<meta name=\"twitter:card\" content=\"summary_large_image\" \/>\n<meta name=\"twitter:label1\" content=\"Procijenjeno vrijeme \u010ditanja\" \/>\n\t<meta name=\"twitter:data1\" content=\"1 minuta\" \/>\n<script type=\"application\/ld+json\" class=\"yoast-schema-graph\">{\"@context\":\"https:\/\/schema.org\",\"@graph\":[{\"@type\":\"WebPage\",\"@id\":\"https:\/\/belovedlingerie.com\/hr\/izdelek\/komplet-spodnjega-perila-amora\/\",\"url\":\"https:\/\/belovedlingerie.com\/hr\/izdelek\/komplet-spodnjega-perila-amora\/\",\"name\":\"Komplet donjeg rublja AMORA - Beloved Lingerie\",\"isPartOf\":{\"@id\":\"https:\/\/belovedlingerie.com\/hr\/#website\"},\"primaryImageOfPage\":{\"@id\":\"https:\/\/belovedlingerie.com\/hr\/izdelek\/komplet-spodnjega-perila-amora\/#primaryimage\"},\"image\":{\"@id\":\"https:\/\/belovedlingerie.com\/hr\/izdelek\/komplet-spodnjega-perila-amora\/#primaryimage\"},\"thumbnailUrl\":\"https:\/\/belovedlingerie.com\/hr\/wp-content\/uploads\/2023\/02\/DSC05718.jpg\",\"datePublished\":\"2023-03-07T08:16:18+00:00\",\"dateModified\":\"2026-01-26T06:20:52+00:00\",\"description\":\"Komplet spodnjega perila AMORA je tridelni komplet. Vklju\u010duje modr\u010dek, spodnje hla\u010dke in pas z dr\u017eki za nogavice. Mre\u017east material s sr\u010dkastim vzorcem.\",\"breadcrumb\":{\"@id\":\"https:\/\/belovedlingerie.com\/hr\/izdelek\/komplet-spodnjega-perila-amora\/#breadcrumb\"},\"inLanguage\":\"hr\",\"potentialAction\":[{\"@type\":\"ReadAction\",\"target\":[\"https:\/\/belovedlingerie.com\/hr\/izdelek\/komplet-spodnjega-perila-amora\/\"]}]},{\"@type\":\"ImageObject\",\"inLanguage\":\"hr\",\"@id\":\"https:\/\/belovedlingerie.com\/hr\/izdelek\/komplet-spodnjega-perila-amora\/#primaryimage\",\"url\":\"https:\/\/belovedlingerie.com\/hr\/wp-content\/uploads\/2023\/02\/DSC05718.jpg\",\"contentUrl\":\"https:\/\/belovedlingerie.com\/hr\/wp-content\/uploads\/2023\/02\/DSC05718.jpg\",\"width\":1365,\"height\":2048,\"caption\":\"Komplet spodnjega perila AMORA\"},{\"@type\":\"BreadcrumbList\",\"@id\":\"https:\/\/belovedlingerie.com\/hr\/izdelek\/komplet-spodnjega-perila-amora\/#breadcrumb\",\"itemListElement\":[{\"@type\":\"ListItem\",\"position\":1,\"name\":\"Home\",\"item\":\"https:\/\/belovedlingerie.com\/hr\/\"},{\"@type\":\"ListItem\",\"position\":2,\"name\":\"Shop\",\"item\":\"https:\/\/belovedlingerie.com\/hr\/shop\/\"},{\"@type\":\"ListItem\",\"position\":3,\"name\":\"Komplet donjeg rublja AMORA\"}]},{\"@type\":\"WebSite\",\"@id\":\"https:\/\/belovedlingerie.com\/hr\/#website\",\"url\":\"https:\/\/belovedlingerie.com\/hr\/\",\"name\":\"Beloved Lingerie\",\"description\":\"Your beloved fashion store!\",\"potentialAction\":[{\"@type\":\"SearchAction\",\"target\":{\"@type\":\"EntryPoint\",\"urlTemplate\":\"https:\/\/belovedlingerie.com\/hr\/?s={search_term_string}\"},\"query-input\":\"required name=search_term_string\"}],\"inLanguage\":\"hr\"}]}<\/script>\n<!-- \/ Yoast SEO plugin. -->","yoast_head_json":{"title":"Komplet donjeg rublja AMORA - Beloved Lingerie","description":"Komplet spodnjega perila AMORA je tridelni komplet. Vklju\u010duje modr\u010dek, spodnje hla\u010dke in pas z dr\u017eki za nogavice. Mre\u017east material s sr\u010dkastim vzorcem.","robots":{"index":"index","follow":"follow","max-snippet":"max-snippet:-1","max-image-preview":"max-image-preview:large","max-video-preview":"max-video-preview:-1"},"canonical":"https:\/\/belovedlingerie.com\/hr\/izdelek\/komplet-spodnjega-perila-amora\/","og_locale":"hr_HR","og_type":"article","og_title":"Komplet donjeg rublja AMORA - Beloved Lingerie","og_description":"Komplet spodnjega perila AMORA je tridelni komplet. Vklju\u010duje modr\u010dek, spodnje hla\u010dke in pas z dr\u017eki za nogavice. Mre\u017east material s sr\u010dkastim vzorcem.","og_url":"https:\/\/belovedlingerie.com\/hr\/izdelek\/komplet-spodnjega-perila-amora\/","og_site_name":"Beloved Lingerie","article_modified_time":"2026-01-26T06:20:52+00:00","og_image":[{"width":1365,"height":2048,"url":"https:\/\/belovedlingerie.com\/hr\/wp-content\/uploads\/2023\/02\/DSC05718.jpg","type":"image\/jpeg"}],"twitter_card":"summary_large_image","twitter_misc":{"Procijenjeno vrijeme \u010ditanja":"1 minuta"},"schema":{"@context":"https:\/\/schema.org","@graph":[{"@type":"WebPage","@id":"https:\/\/belovedlingerie.com\/hr\/izdelek\/komplet-spodnjega-perila-amora\/","url":"https:\/\/belovedlingerie.com\/hr\/izdelek\/komplet-spodnjega-perila-amora\/","name":"Komplet donjeg rublja AMORA - Beloved Lingerie","isPartOf":{"@id":"https:\/\/belovedlingerie.com\/hr\/#website"},"primaryImageOfPage":{"@id":"https:\/\/belovedlingerie.com\/hr\/izdelek\/komplet-spodnjega-perila-amora\/#primaryimage"},"image":{"@id":"https:\/\/belovedlingerie.com\/hr\/izdelek\/komplet-spodnjega-perila-amora\/#primaryimage"},"thumbnailUrl":"https:\/\/belovedlingerie.com\/hr\/wp-content\/uploads\/2023\/02\/DSC05718.jpg","datePublished":"2023-03-07T08:16:18+00:00","dateModified":"2026-01-26T06:20:52+00:00","description":"Komplet spodnjega perila AMORA je tridelni komplet. Vklju\u010duje modr\u010dek, spodnje hla\u010dke in pas z dr\u017eki za nogavice. Mre\u017east material s sr\u010dkastim vzorcem.","breadcrumb":{"@id":"https:\/\/belovedlingerie.com\/hr\/izdelek\/komplet-spodnjega-perila-amora\/#breadcrumb"},"inLanguage":"hr","potentialAction":[{"@type":"ReadAction","target":["https:\/\/belovedlingerie.com\/hr\/izdelek\/komplet-spodnjega-perila-amora\/"]}]},{"@type":"ImageObject","inLanguage":"hr","@id":"https:\/\/belovedlingerie.com\/hr\/izdelek\/komplet-spodnjega-perila-amora\/#primaryimage","url":"https:\/\/belovedlingerie.com\/hr\/wp-content\/uploads\/2023\/02\/DSC05718.jpg","contentUrl":"https:\/\/belovedlingerie.com\/hr\/wp-content\/uploads\/2023\/02\/DSC05718.jpg","width":1365,"height":2048,"caption":"Komplet spodnjega perila AMORA"},{"@type":"BreadcrumbList","@id":"https:\/\/belovedlingerie.com\/hr\/izdelek\/komplet-spodnjega-perila-amora\/#breadcrumb","itemListElement":[{"@type":"ListItem","position":1,"name":"Home","item":"https:\/\/belovedlingerie.com\/hr\/"},{"@type":"ListItem","position":2,"name":"Shop","item":"https:\/\/belovedlingerie.com\/hr\/shop\/"},{"@type":"ListItem","position":3,"name":"Komplet donjeg rublja AMORA"}]},{"@type":"WebSite","@id":"https:\/\/belovedlingerie.com\/hr\/#website","url":"https:\/\/belovedlingerie.com\/hr\/","name":"Beloved Lingerie","description":"Your beloved fashion store!","potentialAction":[{"@type":"SearchAction","target":{"@type":"EntryPoint","urlTemplate":"https:\/\/belovedlingerie.com\/hr\/?s={search_term_string}"},"query-input":"required name=search_term_string"}],"inLanguage":"hr"}]}},"_links":{"self":[{"href":"https:\/\/belovedlingerie.com\/hr\/wp-json\/wp\/v2\/product\/57864","targetHints":{"allow":["GET"]}}],"collection":[{"href":"https:\/\/belovedlingerie.com\/hr\/wp-json\/wp\/v2\/product"}],"about":[{"href":"https:\/\/belovedlingerie.com\/hr\/wp-json\/wp\/v2\/types\/product"}],"replies":[{"embeddable":true,"href":"https:\/\/belovedlingerie.com\/hr\/wp-json\/wp\/v2\/comments?post=57864"}],"wp:featuredmedia":[{"embeddable":true,"href":"https:\/\/belovedlingerie.com\/hr\/wp-json\/wp\/v2\/media\/57569"}],"wp:attachment":[{"href":"https:\/\/belovedlingerie.com\/hr\/wp-json\/wp\/v2\/media?parent=57864"}],"wp:term":[{"taxonomy":"product_cat","embeddable":true,"href":"https:\/\/belovedlingerie.com\/hr\/wp-json\/wp\/v2\/product_cat?post=57864"},{"taxonomy":"product_tag","embeddable":true,"href":"https:\/\/belovedlingerie.com\/hr\/wp-json\/wp\/v2\/product_tag?post=57864"}],"curies":[{"name":"wp","href":"https:\/\/api.w.org\/{rel}","templated":true}]}}