{"id":58081,"date":"2023-02-28T17:04:21","date_gmt":"2023-02-28T16:04:21","guid":{"rendered":"https:\/\/belovedlingerie.com\/hr\/?post_type=product&#038;p=58081"},"modified":"2026-02-02T14:08:25","modified_gmt":"2026-02-02T13:08:25","slug":"bodi-milani","status":"publish","type":"product","link":"https:\/\/belovedlingerie.com\/hr\/izdelek\/bodi-milani\/","title":{"rendered":"Bodi MILANI"},"content":{"rendered":"<p><strong>Bodi MILANI<\/strong><\/p>\n<ul>\n<li>Nje\u017ena, \u017eenstvena i zavodljiva \u010dipka.<\/li>\n<li>Grudnjak bez \u017eice s elasti\u010dnim naramenicama.<\/li>\n<li>Prilagodljive naramenice i le\u0111a.<\/li>\n<li>Vrsta ga\u0107ica: Brazilske.<\/li>\n<li>Djelomi\u010dno prozirno.<\/li>\n<li>Dva na\u010dina no\u0161enja bodija: kao donje rublje ili umjesto majice.<\/li>\n<li>Boja: crna.<\/li>\n<li>Nika nosi veli\u010dinu S.<\/li>\n<li>Boje donjeg rublja na slikama mogu se malo razlikovati od stvarnih boja zbog postavki va\u0161eg mobilnog telefona ili ra\u010dunala.<\/li>\n<li>Sastav: 95 % poliester, 5 % elastan.<\/li>\n<\/ul>\n","protected":false},"excerpt":{"rendered":"<p>Bodi MILANI Nje\u017ena, \u017eenstvena i zavodljiva \u010dipka. Grudnjak bez \u017eice s elasti\u010dnim naramenicama. Prilagodljive naramenice i le\u0111a. Vrsta ga\u0107ica: Brazilske. Djelomi\u010dno prozirno. Dva na\u010dina no\u0161enja bodija: kao donje rublje ili umjesto majice. Boja: crna. Nika nosi veli\u010dinu S. Boje donjeg rublja na slikama mogu se malo razlikovati od stvarnih boja zbog postavki va\u0161eg mobilnog telefona [&#8230;]\n","protected":false},"featured_media":57531,"comment_status":"closed","ping_status":"open","template":"","meta":{"_acf_changed":false},"product_cat":[190,187],"product_tag":[],"class_list":{"0":"post-58081","1":"product","2":"type-product","3":"status-publish","4":"has-post-thumbnail","6":"product_cat-body","7":"product_cat-donje-rublje","9":"first","10":"instock","11":"taxable","12":"shipping-taxable","13":"purchasable","14":"product-type-variable"},"acf":[],"yoast_head":"<!-- This site is optimized with the Yoast SEO plugin v22.3 - https:\/\/yoast.com\/wordpress\/plugins\/seo\/ -->\n<title>Bodi MILANI - Beloved Lingerie<\/title>\n<meta name=\"description\" content=\"Bodi MILANI z ne\u017eno, \u017eenstveno in zapeljivo \u010dipko. Brez\u017ei\u010dne ko\u0161arice z elasti\u010dnimi trakovi in nastavljive naramnice. Delno transparenten. Brazilke.\" \/>\n<meta name=\"robots\" content=\"index, follow, max-snippet:-1, max-image-preview:large, max-video-preview:-1\" \/>\n<link rel=\"canonical\" href=\"https:\/\/belovedlingerie.com\/hr\/izdelek\/bodi-milani\/\" \/>\n<meta property=\"og:locale\" content=\"hr_HR\" \/>\n<meta property=\"og:type\" content=\"article\" \/>\n<meta property=\"og:title\" content=\"Bodi MILANI - Beloved Lingerie\" \/>\n<meta property=\"og:description\" content=\"Bodi MILANI z ne\u017eno, \u017eenstveno in zapeljivo \u010dipko. Brez\u017ei\u010dne ko\u0161arice z elasti\u010dnimi trakovi in nastavljive naramnice. Delno transparenten. Brazilke.\" \/>\n<meta property=\"og:url\" content=\"https:\/\/belovedlingerie.com\/hr\/izdelek\/bodi-milani\/\" \/>\n<meta property=\"og:site_name\" content=\"Beloved Lingerie\" \/>\n<meta property=\"article:modified_time\" content=\"2026-02-02T13:08:25+00:00\" \/>\n<meta property=\"og:image\" content=\"https:\/\/belovedlingerie.com\/hr\/wp-content\/uploads\/2023\/02\/DSC01137.jpg\" \/>\n\t<meta property=\"og:image:width\" content=\"1365\" \/>\n\t<meta property=\"og:image:height\" content=\"2048\" \/>\n\t<meta property=\"og:image:type\" content=\"image\/jpeg\" \/>\n<meta name=\"twitter:card\" content=\"summary_large_image\" \/>\n<meta name=\"twitter:label1\" content=\"Procijenjeno vrijeme \u010ditanja\" \/>\n\t<meta name=\"twitter:data1\" content=\"1 minuta\" \/>\n<script type=\"application\/ld+json\" class=\"yoast-schema-graph\">{\"@context\":\"https:\/\/schema.org\",\"@graph\":[{\"@type\":\"WebPage\",\"@id\":\"https:\/\/belovedlingerie.com\/hr\/izdelek\/bodi-milani\/\",\"url\":\"https:\/\/belovedlingerie.com\/hr\/izdelek\/bodi-milani\/\",\"name\":\"Bodi MILANI - Beloved Lingerie\",\"isPartOf\":{\"@id\":\"https:\/\/belovedlingerie.com\/hr\/#website\"},\"primaryImageOfPage\":{\"@id\":\"https:\/\/belovedlingerie.com\/hr\/izdelek\/bodi-milani\/#primaryimage\"},\"image\":{\"@id\":\"https:\/\/belovedlingerie.com\/hr\/izdelek\/bodi-milani\/#primaryimage\"},\"thumbnailUrl\":\"https:\/\/belovedlingerie.com\/hr\/wp-content\/uploads\/2023\/02\/DSC01137.jpg\",\"datePublished\":\"2023-02-28T16:04:21+00:00\",\"dateModified\":\"2026-02-02T13:08:25+00:00\",\"description\":\"Bodi MILANI z ne\u017eno, \u017eenstveno in zapeljivo \u010dipko. Brez\u017ei\u010dne ko\u0161arice z elasti\u010dnimi trakovi in nastavljive naramnice. Delno transparenten. Brazilke.\",\"breadcrumb\":{\"@id\":\"https:\/\/belovedlingerie.com\/hr\/izdelek\/bodi-milani\/#breadcrumb\"},\"inLanguage\":\"hr\",\"potentialAction\":[{\"@type\":\"ReadAction\",\"target\":[\"https:\/\/belovedlingerie.com\/hr\/izdelek\/bodi-milani\/\"]}]},{\"@type\":\"ImageObject\",\"inLanguage\":\"hr\",\"@id\":\"https:\/\/belovedlingerie.com\/hr\/izdelek\/bodi-milani\/#primaryimage\",\"url\":\"https:\/\/belovedlingerie.com\/hr\/wp-content\/uploads\/2023\/02\/DSC01137.jpg\",\"contentUrl\":\"https:\/\/belovedlingerie.com\/hr\/wp-content\/uploads\/2023\/02\/DSC01137.jpg\",\"width\":1365,\"height\":2048,\"caption\":\"Bodi MILANI\"},{\"@type\":\"BreadcrumbList\",\"@id\":\"https:\/\/belovedlingerie.com\/hr\/izdelek\/bodi-milani\/#breadcrumb\",\"itemListElement\":[{\"@type\":\"ListItem\",\"position\":1,\"name\":\"Home\",\"item\":\"https:\/\/belovedlingerie.com\/hr\/\"},{\"@type\":\"ListItem\",\"position\":2,\"name\":\"Shop\",\"item\":\"https:\/\/belovedlingerie.com\/hr\/shop\/\"},{\"@type\":\"ListItem\",\"position\":3,\"name\":\"Bodi MILANI\"}]},{\"@type\":\"WebSite\",\"@id\":\"https:\/\/belovedlingerie.com\/hr\/#website\",\"url\":\"https:\/\/belovedlingerie.com\/hr\/\",\"name\":\"Beloved Lingerie\",\"description\":\"Your beloved fashion store!\",\"potentialAction\":[{\"@type\":\"SearchAction\",\"target\":{\"@type\":\"EntryPoint\",\"urlTemplate\":\"https:\/\/belovedlingerie.com\/hr\/?s={search_term_string}\"},\"query-input\":\"required name=search_term_string\"}],\"inLanguage\":\"hr\"}]}<\/script>\n<!-- \/ Yoast SEO plugin. -->","yoast_head_json":{"title":"Bodi MILANI - Beloved Lingerie","description":"Bodi MILANI z ne\u017eno, \u017eenstveno in zapeljivo \u010dipko. Brez\u017ei\u010dne ko\u0161arice z elasti\u010dnimi trakovi in nastavljive naramnice. Delno transparenten. Brazilke.","robots":{"index":"index","follow":"follow","max-snippet":"max-snippet:-1","max-image-preview":"max-image-preview:large","max-video-preview":"max-video-preview:-1"},"canonical":"https:\/\/belovedlingerie.com\/hr\/izdelek\/bodi-milani\/","og_locale":"hr_HR","og_type":"article","og_title":"Bodi MILANI - Beloved Lingerie","og_description":"Bodi MILANI z ne\u017eno, \u017eenstveno in zapeljivo \u010dipko. Brez\u017ei\u010dne ko\u0161arice z elasti\u010dnimi trakovi in nastavljive naramnice. Delno transparenten. Brazilke.","og_url":"https:\/\/belovedlingerie.com\/hr\/izdelek\/bodi-milani\/","og_site_name":"Beloved Lingerie","article_modified_time":"2026-02-02T13:08:25+00:00","og_image":[{"width":1365,"height":2048,"url":"https:\/\/belovedlingerie.com\/hr\/wp-content\/uploads\/2023\/02\/DSC01137.jpg","type":"image\/jpeg"}],"twitter_card":"summary_large_image","twitter_misc":{"Procijenjeno vrijeme \u010ditanja":"1 minuta"},"schema":{"@context":"https:\/\/schema.org","@graph":[{"@type":"WebPage","@id":"https:\/\/belovedlingerie.com\/hr\/izdelek\/bodi-milani\/","url":"https:\/\/belovedlingerie.com\/hr\/izdelek\/bodi-milani\/","name":"Bodi MILANI - Beloved Lingerie","isPartOf":{"@id":"https:\/\/belovedlingerie.com\/hr\/#website"},"primaryImageOfPage":{"@id":"https:\/\/belovedlingerie.com\/hr\/izdelek\/bodi-milani\/#primaryimage"},"image":{"@id":"https:\/\/belovedlingerie.com\/hr\/izdelek\/bodi-milani\/#primaryimage"},"thumbnailUrl":"https:\/\/belovedlingerie.com\/hr\/wp-content\/uploads\/2023\/02\/DSC01137.jpg","datePublished":"2023-02-28T16:04:21+00:00","dateModified":"2026-02-02T13:08:25+00:00","description":"Bodi MILANI z ne\u017eno, \u017eenstveno in zapeljivo \u010dipko. Brez\u017ei\u010dne ko\u0161arice z elasti\u010dnimi trakovi in nastavljive naramnice. Delno transparenten. Brazilke.","breadcrumb":{"@id":"https:\/\/belovedlingerie.com\/hr\/izdelek\/bodi-milani\/#breadcrumb"},"inLanguage":"hr","potentialAction":[{"@type":"ReadAction","target":["https:\/\/belovedlingerie.com\/hr\/izdelek\/bodi-milani\/"]}]},{"@type":"ImageObject","inLanguage":"hr","@id":"https:\/\/belovedlingerie.com\/hr\/izdelek\/bodi-milani\/#primaryimage","url":"https:\/\/belovedlingerie.com\/hr\/wp-content\/uploads\/2023\/02\/DSC01137.jpg","contentUrl":"https:\/\/belovedlingerie.com\/hr\/wp-content\/uploads\/2023\/02\/DSC01137.jpg","width":1365,"height":2048,"caption":"Bodi MILANI"},{"@type":"BreadcrumbList","@id":"https:\/\/belovedlingerie.com\/hr\/izdelek\/bodi-milani\/#breadcrumb","itemListElement":[{"@type":"ListItem","position":1,"name":"Home","item":"https:\/\/belovedlingerie.com\/hr\/"},{"@type":"ListItem","position":2,"name":"Shop","item":"https:\/\/belovedlingerie.com\/hr\/shop\/"},{"@type":"ListItem","position":3,"name":"Bodi MILANI"}]},{"@type":"WebSite","@id":"https:\/\/belovedlingerie.com\/hr\/#website","url":"https:\/\/belovedlingerie.com\/hr\/","name":"Beloved Lingerie","description":"Your beloved fashion store!","potentialAction":[{"@type":"SearchAction","target":{"@type":"EntryPoint","urlTemplate":"https:\/\/belovedlingerie.com\/hr\/?s={search_term_string}"},"query-input":"required name=search_term_string"}],"inLanguage":"hr"}]}},"_links":{"self":[{"href":"https:\/\/belovedlingerie.com\/hr\/wp-json\/wp\/v2\/product\/58081","targetHints":{"allow":["GET"]}}],"collection":[{"href":"https:\/\/belovedlingerie.com\/hr\/wp-json\/wp\/v2\/product"}],"about":[{"href":"https:\/\/belovedlingerie.com\/hr\/wp-json\/wp\/v2\/types\/product"}],"replies":[{"embeddable":true,"href":"https:\/\/belovedlingerie.com\/hr\/wp-json\/wp\/v2\/comments?post=58081"}],"wp:featuredmedia":[{"embeddable":true,"href":"https:\/\/belovedlingerie.com\/hr\/wp-json\/wp\/v2\/media\/57531"}],"wp:attachment":[{"href":"https:\/\/belovedlingerie.com\/hr\/wp-json\/wp\/v2\/media?parent=58081"}],"wp:term":[{"taxonomy":"product_cat","embeddable":true,"href":"https:\/\/belovedlingerie.com\/hr\/wp-json\/wp\/v2\/product_cat?post=58081"},{"taxonomy":"product_tag","embeddable":true,"href":"https:\/\/belovedlingerie.com\/hr\/wp-json\/wp\/v2\/product_tag?post=58081"}],"curies":[{"name":"wp","href":"https:\/\/api.w.org\/{rel}","templated":true}]}}