{"id":58107,"date":"2023-02-28T19:11:18","date_gmt":"2023-02-28T18:11:18","guid":{"rendered":"https:\/\/belovedlingerie.com\/hr\/?post_type=product&#038;p=58107"},"modified":"2025-12-08T07:28:36","modified_gmt":"2025-12-08T06:28:36","slug":"bodi-nicole","status":"publish","type":"product","link":"https:\/\/belovedlingerie.com\/hr\/izdelek\/bodi-nicole\/","title":{"rendered":"Bodi NICOLE"},"content":{"rendered":"<p><strong>Bodi NICOLE<\/strong><\/p>\n<ul>\n<li>Nje\u017ena, \u017eenstvena i zavodljiva \u010dipka.<\/li>\n<li>Grudnjak bez \u017eice.<\/li>\n<li>Prilagodljiva naramenica koja ide oko vrata.<\/li>\n<li>Prilagodljive elasti\u010dne naramenice na le\u0111ima.<\/li>\n<li>Vrsta ga\u0107ica: tange.<\/li>\n<li>Djelomi\u010dno prozirno.<\/li>\n<li>Dva na\u010dina no\u0161enja bodija: kao donje rublje ili umjesto majice.<\/li>\n<li>Boja: crna<\/li>\n<li>Nika nosi veli\u010dinu S.<\/li>\n<li>Boje donjeg rublja na slikama mogu se malo razlikovati od stvarnih boja zbog postavki va\u0161eg mobilnog telefona ili ra\u010dunala.<\/li>\n<li>Sastav: 95 % poliester, 5 % elastan.<\/li>\n<\/ul>\n","protected":false},"excerpt":{"rendered":"<p>Bodi NICOLE Nje\u017ena, \u017eenstvena i zavodljiva \u010dipka. Grudnjak bez \u017eice. Prilagodljiva naramenica koja ide oko vrata. Prilagodljive elasti\u010dne naramenice na le\u0111ima. Vrsta ga\u0107ica: tange. Djelomi\u010dno prozirno. Dva na\u010dina no\u0161enja bodija: kao donje rublje ili umjesto majice. Boja: crna Nika nosi veli\u010dinu S. Boje donjeg rublja na slikama mogu se malo razlikovati od stvarnih boja zbog [&#8230;]\n","protected":false},"featured_media":57576,"comment_status":"closed","ping_status":"closed","template":"","meta":{"_acf_changed":false},"product_cat":[190,187],"product_tag":[],"class_list":{"0":"post-58107","1":"product","2":"type-product","3":"status-publish","4":"has-post-thumbnail","6":"product_cat-body","7":"product_cat-donje-rublje","9":"first","10":"outofstock","11":"taxable","12":"shipping-taxable","13":"purchasable","14":"product-type-variable"},"acf":[],"yoast_head":"<!-- This site is optimized with the Yoast SEO plugin v22.3 - https:\/\/yoast.com\/wordpress\/plugins\/seo\/ -->\n<title>Bodi NICOLE - Beloved Lingerie<\/title>\n<meta name=\"description\" content=\"Bodi NICOLE z ne\u017eno, \u017eenstveno in zapeljivo \u010dipko. Brez\u017ei\u010dne ko\u0161arice z elasti\u010dnimi trakovi na hrbtu in nastavljive naramnice. Delno transparenten.\" \/>\n<meta name=\"robots\" content=\"index, follow, max-snippet:-1, max-image-preview:large, max-video-preview:-1\" \/>\n<link rel=\"canonical\" href=\"https:\/\/belovedlingerie.com\/hr\/izdelek\/bodi-nicole\/\" \/>\n<meta property=\"og:locale\" content=\"hr_HR\" \/>\n<meta property=\"og:type\" content=\"article\" \/>\n<meta property=\"og:title\" content=\"Bodi NICOLE - Beloved Lingerie\" \/>\n<meta property=\"og:description\" content=\"Bodi NICOLE z ne\u017eno, \u017eenstveno in zapeljivo \u010dipko. Brez\u017ei\u010dne ko\u0161arice z elasti\u010dnimi trakovi na hrbtu in nastavljive naramnice. Delno transparenten.\" \/>\n<meta property=\"og:url\" content=\"https:\/\/belovedlingerie.com\/hr\/izdelek\/bodi-nicole\/\" \/>\n<meta property=\"og:site_name\" content=\"Beloved Lingerie\" \/>\n<meta property=\"article:modified_time\" content=\"2025-12-08T06:28:36+00:00\" \/>\n<meta property=\"og:image\" content=\"https:\/\/belovedlingerie.com\/hr\/wp-content\/uploads\/2023\/02\/DSC05954.jpg\" \/>\n\t<meta property=\"og:image:width\" content=\"1365\" \/>\n\t<meta property=\"og:image:height\" content=\"2048\" \/>\n\t<meta property=\"og:image:type\" content=\"image\/jpeg\" \/>\n<meta name=\"twitter:card\" content=\"summary_large_image\" \/>\n<meta name=\"twitter:label1\" content=\"Procijenjeno vrijeme \u010ditanja\" \/>\n\t<meta name=\"twitter:data1\" content=\"1 minuta\" \/>\n<script type=\"application\/ld+json\" class=\"yoast-schema-graph\">{\"@context\":\"https:\/\/schema.org\",\"@graph\":[{\"@type\":\"WebPage\",\"@id\":\"https:\/\/belovedlingerie.com\/hr\/izdelek\/bodi-nicole\/\",\"url\":\"https:\/\/belovedlingerie.com\/hr\/izdelek\/bodi-nicole\/\",\"name\":\"Bodi NICOLE - Beloved Lingerie\",\"isPartOf\":{\"@id\":\"https:\/\/belovedlingerie.com\/hr\/#website\"},\"primaryImageOfPage\":{\"@id\":\"https:\/\/belovedlingerie.com\/hr\/izdelek\/bodi-nicole\/#primaryimage\"},\"image\":{\"@id\":\"https:\/\/belovedlingerie.com\/hr\/izdelek\/bodi-nicole\/#primaryimage\"},\"thumbnailUrl\":\"https:\/\/belovedlingerie.com\/hr\/wp-content\/uploads\/2023\/02\/DSC05954.jpg\",\"datePublished\":\"2023-02-28T18:11:18+00:00\",\"dateModified\":\"2025-12-08T06:28:36+00:00\",\"description\":\"Bodi NICOLE z ne\u017eno, \u017eenstveno in zapeljivo \u010dipko. Brez\u017ei\u010dne ko\u0161arice z elasti\u010dnimi trakovi na hrbtu in nastavljive naramnice. Delno transparenten.\",\"breadcrumb\":{\"@id\":\"https:\/\/belovedlingerie.com\/hr\/izdelek\/bodi-nicole\/#breadcrumb\"},\"inLanguage\":\"hr\",\"potentialAction\":[{\"@type\":\"ReadAction\",\"target\":[\"https:\/\/belovedlingerie.com\/hr\/izdelek\/bodi-nicole\/\"]}]},{\"@type\":\"ImageObject\",\"inLanguage\":\"hr\",\"@id\":\"https:\/\/belovedlingerie.com\/hr\/izdelek\/bodi-nicole\/#primaryimage\",\"url\":\"https:\/\/belovedlingerie.com\/hr\/wp-content\/uploads\/2023\/02\/DSC05954.jpg\",\"contentUrl\":\"https:\/\/belovedlingerie.com\/hr\/wp-content\/uploads\/2023\/02\/DSC05954.jpg\",\"width\":1365,\"height\":2048,\"caption\":\"Bodi NICOLE\"},{\"@type\":\"BreadcrumbList\",\"@id\":\"https:\/\/belovedlingerie.com\/hr\/izdelek\/bodi-nicole\/#breadcrumb\",\"itemListElement\":[{\"@type\":\"ListItem\",\"position\":1,\"name\":\"Home\",\"item\":\"https:\/\/belovedlingerie.com\/hr\/\"},{\"@type\":\"ListItem\",\"position\":2,\"name\":\"Shop\",\"item\":\"https:\/\/belovedlingerie.com\/hr\/shop\/\"},{\"@type\":\"ListItem\",\"position\":3,\"name\":\"Bodi NICOLE\"}]},{\"@type\":\"WebSite\",\"@id\":\"https:\/\/belovedlingerie.com\/hr\/#website\",\"url\":\"https:\/\/belovedlingerie.com\/hr\/\",\"name\":\"Beloved Lingerie\",\"description\":\"Your beloved fashion store!\",\"potentialAction\":[{\"@type\":\"SearchAction\",\"target\":{\"@type\":\"EntryPoint\",\"urlTemplate\":\"https:\/\/belovedlingerie.com\/hr\/?s={search_term_string}\"},\"query-input\":\"required name=search_term_string\"}],\"inLanguage\":\"hr\"}]}<\/script>\n<!-- \/ Yoast SEO plugin. -->","yoast_head_json":{"title":"Bodi NICOLE - Beloved Lingerie","description":"Bodi NICOLE z ne\u017eno, \u017eenstveno in zapeljivo \u010dipko. Brez\u017ei\u010dne ko\u0161arice z elasti\u010dnimi trakovi na hrbtu in nastavljive naramnice. Delno transparenten.","robots":{"index":"index","follow":"follow","max-snippet":"max-snippet:-1","max-image-preview":"max-image-preview:large","max-video-preview":"max-video-preview:-1"},"canonical":"https:\/\/belovedlingerie.com\/hr\/izdelek\/bodi-nicole\/","og_locale":"hr_HR","og_type":"article","og_title":"Bodi NICOLE - Beloved Lingerie","og_description":"Bodi NICOLE z ne\u017eno, \u017eenstveno in zapeljivo \u010dipko. Brez\u017ei\u010dne ko\u0161arice z elasti\u010dnimi trakovi na hrbtu in nastavljive naramnice. Delno transparenten.","og_url":"https:\/\/belovedlingerie.com\/hr\/izdelek\/bodi-nicole\/","og_site_name":"Beloved Lingerie","article_modified_time":"2025-12-08T06:28:36+00:00","og_image":[{"width":1365,"height":2048,"url":"https:\/\/belovedlingerie.com\/hr\/wp-content\/uploads\/2023\/02\/DSC05954.jpg","type":"image\/jpeg"}],"twitter_card":"summary_large_image","twitter_misc":{"Procijenjeno vrijeme \u010ditanja":"1 minuta"},"schema":{"@context":"https:\/\/schema.org","@graph":[{"@type":"WebPage","@id":"https:\/\/belovedlingerie.com\/hr\/izdelek\/bodi-nicole\/","url":"https:\/\/belovedlingerie.com\/hr\/izdelek\/bodi-nicole\/","name":"Bodi NICOLE - Beloved Lingerie","isPartOf":{"@id":"https:\/\/belovedlingerie.com\/hr\/#website"},"primaryImageOfPage":{"@id":"https:\/\/belovedlingerie.com\/hr\/izdelek\/bodi-nicole\/#primaryimage"},"image":{"@id":"https:\/\/belovedlingerie.com\/hr\/izdelek\/bodi-nicole\/#primaryimage"},"thumbnailUrl":"https:\/\/belovedlingerie.com\/hr\/wp-content\/uploads\/2023\/02\/DSC05954.jpg","datePublished":"2023-02-28T18:11:18+00:00","dateModified":"2025-12-08T06:28:36+00:00","description":"Bodi NICOLE z ne\u017eno, \u017eenstveno in zapeljivo \u010dipko. Brez\u017ei\u010dne ko\u0161arice z elasti\u010dnimi trakovi na hrbtu in nastavljive naramnice. Delno transparenten.","breadcrumb":{"@id":"https:\/\/belovedlingerie.com\/hr\/izdelek\/bodi-nicole\/#breadcrumb"},"inLanguage":"hr","potentialAction":[{"@type":"ReadAction","target":["https:\/\/belovedlingerie.com\/hr\/izdelek\/bodi-nicole\/"]}]},{"@type":"ImageObject","inLanguage":"hr","@id":"https:\/\/belovedlingerie.com\/hr\/izdelek\/bodi-nicole\/#primaryimage","url":"https:\/\/belovedlingerie.com\/hr\/wp-content\/uploads\/2023\/02\/DSC05954.jpg","contentUrl":"https:\/\/belovedlingerie.com\/hr\/wp-content\/uploads\/2023\/02\/DSC05954.jpg","width":1365,"height":2048,"caption":"Bodi NICOLE"},{"@type":"BreadcrumbList","@id":"https:\/\/belovedlingerie.com\/hr\/izdelek\/bodi-nicole\/#breadcrumb","itemListElement":[{"@type":"ListItem","position":1,"name":"Home","item":"https:\/\/belovedlingerie.com\/hr\/"},{"@type":"ListItem","position":2,"name":"Shop","item":"https:\/\/belovedlingerie.com\/hr\/shop\/"},{"@type":"ListItem","position":3,"name":"Bodi NICOLE"}]},{"@type":"WebSite","@id":"https:\/\/belovedlingerie.com\/hr\/#website","url":"https:\/\/belovedlingerie.com\/hr\/","name":"Beloved Lingerie","description":"Your beloved fashion store!","potentialAction":[{"@type":"SearchAction","target":{"@type":"EntryPoint","urlTemplate":"https:\/\/belovedlingerie.com\/hr\/?s={search_term_string}"},"query-input":"required name=search_term_string"}],"inLanguage":"hr"}]}},"_links":{"self":[{"href":"https:\/\/belovedlingerie.com\/hr\/wp-json\/wp\/v2\/product\/58107","targetHints":{"allow":["GET"]}}],"collection":[{"href":"https:\/\/belovedlingerie.com\/hr\/wp-json\/wp\/v2\/product"}],"about":[{"href":"https:\/\/belovedlingerie.com\/hr\/wp-json\/wp\/v2\/types\/product"}],"replies":[{"embeddable":true,"href":"https:\/\/belovedlingerie.com\/hr\/wp-json\/wp\/v2\/comments?post=58107"}],"wp:featuredmedia":[{"embeddable":true,"href":"https:\/\/belovedlingerie.com\/hr\/wp-json\/wp\/v2\/media\/57576"}],"wp:attachment":[{"href":"https:\/\/belovedlingerie.com\/hr\/wp-json\/wp\/v2\/media?parent=58107"}],"wp:term":[{"taxonomy":"product_cat","embeddable":true,"href":"https:\/\/belovedlingerie.com\/hr\/wp-json\/wp\/v2\/product_cat?post=58107"},{"taxonomy":"product_tag","embeddable":true,"href":"https:\/\/belovedlingerie.com\/hr\/wp-json\/wp\/v2\/product_tag?post=58107"}],"curies":[{"name":"wp","href":"https:\/\/api.w.org\/{rel}","templated":true}]}}