{"id":58160,"date":"2023-03-07T09:03:36","date_gmt":"2023-03-07T08:03:36","guid":{"rendered":"https:\/\/belovedlingerie.com\/hr\/?post_type=product&#038;p=58160"},"modified":"2025-05-29T07:25:29","modified_gmt":"2025-05-29T05:25:29","slug":"komplet-spodnjega-perila-margot","status":"publish","type":"product","link":"https:\/\/belovedlingerie.com\/hr\/izdelek\/komplet-spodnjega-perila-margot\/","title":{"rendered":"Komplet donjeg rublja MARGOT"},"content":{"rendered":"<p><strong>Komplet donjeg rublja MARGOT<\/strong><\/p>\n<ul>\n<li><a href=\"https:\/\/belovedlingerie.com\/si\/kategorija\/spodnje-perilo\/dvodelni-kompleti\/\">Dvodijelni komplet<\/a> uklju\u010duje: grudnjak i ga\u0107ice.<\/li>\n<li>Grudnjak bez \u017eice.<\/li>\n<li>Nje\u017ena, \u017eenstvena i zavodljiva \u010dipka.<\/li>\n<li>Nepodstavljeno.<\/li>\n<li>Prilagodljive naramenice.<\/li>\n<li>Vrsta ga\u0107ica: Brazilske.<\/li>\n<li>Djelomi\u010dno prozirno.<\/li>\n<li>Boja: crna.<\/li>\n<li>Nika nosi veli\u010dinu S.<\/li>\n<li>Boje donjeg rublja na slikama mogu se malo razlikovati od stvarnih boja zbog postavki va\u0161eg mobilnog telefona ili ra\u010dunala.<\/li>\n<li>Sastav: 95 % poliester, 5 % elastan.<\/li>\n<\/ul>\n","protected":false},"excerpt":{"rendered":"<p>Komplet donjeg rublja MARGOT Dvodijelni komplet uklju\u010duje: grudnjak i ga\u0107ice. Grudnjak bez \u017eice. Nje\u017ena, \u017eenstvena i zavodljiva \u010dipka. Nepodstavljeno. Prilagodljive naramenice. Vrsta ga\u0107ica: Brazilske. Djelomi\u010dno prozirno. Boja: crna. Nika nosi veli\u010dinu S. Boje donjeg rublja na slikama mogu se malo razlikovati od stvarnih boja zbog postavki va\u0161eg mobilnog telefona ili ra\u010dunala. Sastav: 95 % poliester, [&#8230;]\n","protected":false},"featured_media":57538,"comment_status":"closed","ping_status":"open","template":"","meta":{"_acf_changed":false},"product_cat":[187,188],"product_tag":[],"class_list":{"0":"post-58160","1":"product","2":"type-product","3":"status-publish","4":"has-post-thumbnail","6":"product_cat-donje-rublje","7":"product_cat-dvodijelni-kompleti","9":"first","10":"outofstock","11":"taxable","12":"shipping-taxable","13":"purchasable","14":"product-type-variable"},"acf":[],"yoast_head":"<!-- This site is optimized with the Yoast SEO plugin v22.3 - https:\/\/yoast.com\/wordpress\/plugins\/seo\/ -->\n<title>Komplet donjeg rublja MARGOT - Beloved Lingerie<\/title>\n<meta name=\"description\" content=\"Komplet spodnjega perila MARGOT je dvodelni komplet. Vklju\u010duje modr\u010dek in spodnje hla\u010dke. Brez\u017ei\u010dni modr\u010dek. Ne\u017ena, \u017eenstvena in zapeljiva \u010dipka. Brazilke.\" \/>\n<meta name=\"robots\" content=\"index, follow, max-snippet:-1, max-image-preview:large, max-video-preview:-1\" \/>\n<link rel=\"canonical\" href=\"https:\/\/belovedlingerie.com\/hr\/izdelek\/komplet-spodnjega-perila-margot\/\" \/>\n<meta property=\"og:locale\" content=\"hr_HR\" \/>\n<meta property=\"og:type\" content=\"article\" \/>\n<meta property=\"og:title\" content=\"Komplet donjeg rublja MARGOT - Beloved Lingerie\" \/>\n<meta property=\"og:description\" content=\"Komplet spodnjega perila MARGOT je dvodelni komplet. Vklju\u010duje modr\u010dek in spodnje hla\u010dke. Brez\u017ei\u010dni modr\u010dek. Ne\u017ena, \u017eenstvena in zapeljiva \u010dipka. Brazilke.\" \/>\n<meta property=\"og:url\" content=\"https:\/\/belovedlingerie.com\/hr\/izdelek\/komplet-spodnjega-perila-margot\/\" \/>\n<meta property=\"og:site_name\" content=\"Beloved Lingerie\" \/>\n<meta property=\"article:modified_time\" content=\"2025-05-29T05:25:29+00:00\" \/>\n<meta property=\"og:image\" content=\"https:\/\/belovedlingerie.com\/hr\/wp-content\/uploads\/2023\/02\/DSC01395.jpg\" \/>\n\t<meta property=\"og:image:width\" content=\"1365\" \/>\n\t<meta property=\"og:image:height\" content=\"2048\" \/>\n\t<meta property=\"og:image:type\" content=\"image\/jpeg\" \/>\n<meta name=\"twitter:card\" content=\"summary_large_image\" \/>\n<meta name=\"twitter:label1\" content=\"Procijenjeno vrijeme \u010ditanja\" \/>\n\t<meta name=\"twitter:data1\" content=\"1 minuta\" \/>\n<script type=\"application\/ld+json\" class=\"yoast-schema-graph\">{\"@context\":\"https:\/\/schema.org\",\"@graph\":[{\"@type\":\"WebPage\",\"@id\":\"https:\/\/belovedlingerie.com\/hr\/izdelek\/komplet-spodnjega-perila-margot\/\",\"url\":\"https:\/\/belovedlingerie.com\/hr\/izdelek\/komplet-spodnjega-perila-margot\/\",\"name\":\"Komplet donjeg rublja MARGOT - Beloved Lingerie\",\"isPartOf\":{\"@id\":\"https:\/\/belovedlingerie.com\/hr\/#website\"},\"primaryImageOfPage\":{\"@id\":\"https:\/\/belovedlingerie.com\/hr\/izdelek\/komplet-spodnjega-perila-margot\/#primaryimage\"},\"image\":{\"@id\":\"https:\/\/belovedlingerie.com\/hr\/izdelek\/komplet-spodnjega-perila-margot\/#primaryimage\"},\"thumbnailUrl\":\"https:\/\/belovedlingerie.com\/hr\/wp-content\/uploads\/2023\/02\/DSC01395.jpg\",\"datePublished\":\"2023-03-07T08:03:36+00:00\",\"dateModified\":\"2025-05-29T05:25:29+00:00\",\"description\":\"Komplet spodnjega perila MARGOT je dvodelni komplet. Vklju\u010duje modr\u010dek in spodnje hla\u010dke. Brez\u017ei\u010dni modr\u010dek. Ne\u017ena, \u017eenstvena in zapeljiva \u010dipka. Brazilke.\",\"breadcrumb\":{\"@id\":\"https:\/\/belovedlingerie.com\/hr\/izdelek\/komplet-spodnjega-perila-margot\/#breadcrumb\"},\"inLanguage\":\"hr\",\"potentialAction\":[{\"@type\":\"ReadAction\",\"target\":[\"https:\/\/belovedlingerie.com\/hr\/izdelek\/komplet-spodnjega-perila-margot\/\"]}]},{\"@type\":\"ImageObject\",\"inLanguage\":\"hr\",\"@id\":\"https:\/\/belovedlingerie.com\/hr\/izdelek\/komplet-spodnjega-perila-margot\/#primaryimage\",\"url\":\"https:\/\/belovedlingerie.com\/hr\/wp-content\/uploads\/2023\/02\/DSC01395.jpg\",\"contentUrl\":\"https:\/\/belovedlingerie.com\/hr\/wp-content\/uploads\/2023\/02\/DSC01395.jpg\",\"width\":1365,\"height\":2048,\"caption\":\"Komplet spodnjega perila MARGOT\"},{\"@type\":\"BreadcrumbList\",\"@id\":\"https:\/\/belovedlingerie.com\/hr\/izdelek\/komplet-spodnjega-perila-margot\/#breadcrumb\",\"itemListElement\":[{\"@type\":\"ListItem\",\"position\":1,\"name\":\"Home\",\"item\":\"https:\/\/belovedlingerie.com\/hr\/\"},{\"@type\":\"ListItem\",\"position\":2,\"name\":\"Shop\",\"item\":\"https:\/\/belovedlingerie.com\/hr\/shop\/\"},{\"@type\":\"ListItem\",\"position\":3,\"name\":\"Komplet donjeg rublja MARGOT\"}]},{\"@type\":\"WebSite\",\"@id\":\"https:\/\/belovedlingerie.com\/hr\/#website\",\"url\":\"https:\/\/belovedlingerie.com\/hr\/\",\"name\":\"Beloved Lingerie\",\"description\":\"Your beloved fashion store!\",\"potentialAction\":[{\"@type\":\"SearchAction\",\"target\":{\"@type\":\"EntryPoint\",\"urlTemplate\":\"https:\/\/belovedlingerie.com\/hr\/?s={search_term_string}\"},\"query-input\":\"required name=search_term_string\"}],\"inLanguage\":\"hr\"}]}<\/script>\n<!-- \/ Yoast SEO plugin. -->","yoast_head_json":{"title":"Komplet donjeg rublja MARGOT - Beloved Lingerie","description":"Komplet spodnjega perila MARGOT je dvodelni komplet. Vklju\u010duje modr\u010dek in spodnje hla\u010dke. Brez\u017ei\u010dni modr\u010dek. Ne\u017ena, \u017eenstvena in zapeljiva \u010dipka. Brazilke.","robots":{"index":"index","follow":"follow","max-snippet":"max-snippet:-1","max-image-preview":"max-image-preview:large","max-video-preview":"max-video-preview:-1"},"canonical":"https:\/\/belovedlingerie.com\/hr\/izdelek\/komplet-spodnjega-perila-margot\/","og_locale":"hr_HR","og_type":"article","og_title":"Komplet donjeg rublja MARGOT - Beloved Lingerie","og_description":"Komplet spodnjega perila MARGOT je dvodelni komplet. Vklju\u010duje modr\u010dek in spodnje hla\u010dke. Brez\u017ei\u010dni modr\u010dek. Ne\u017ena, \u017eenstvena in zapeljiva \u010dipka. Brazilke.","og_url":"https:\/\/belovedlingerie.com\/hr\/izdelek\/komplet-spodnjega-perila-margot\/","og_site_name":"Beloved Lingerie","article_modified_time":"2025-05-29T05:25:29+00:00","og_image":[{"width":1365,"height":2048,"url":"https:\/\/belovedlingerie.com\/hr\/wp-content\/uploads\/2023\/02\/DSC01395.jpg","type":"image\/jpeg"}],"twitter_card":"summary_large_image","twitter_misc":{"Procijenjeno vrijeme \u010ditanja":"1 minuta"},"schema":{"@context":"https:\/\/schema.org","@graph":[{"@type":"WebPage","@id":"https:\/\/belovedlingerie.com\/hr\/izdelek\/komplet-spodnjega-perila-margot\/","url":"https:\/\/belovedlingerie.com\/hr\/izdelek\/komplet-spodnjega-perila-margot\/","name":"Komplet donjeg rublja MARGOT - Beloved Lingerie","isPartOf":{"@id":"https:\/\/belovedlingerie.com\/hr\/#website"},"primaryImageOfPage":{"@id":"https:\/\/belovedlingerie.com\/hr\/izdelek\/komplet-spodnjega-perila-margot\/#primaryimage"},"image":{"@id":"https:\/\/belovedlingerie.com\/hr\/izdelek\/komplet-spodnjega-perila-margot\/#primaryimage"},"thumbnailUrl":"https:\/\/belovedlingerie.com\/hr\/wp-content\/uploads\/2023\/02\/DSC01395.jpg","datePublished":"2023-03-07T08:03:36+00:00","dateModified":"2025-05-29T05:25:29+00:00","description":"Komplet spodnjega perila MARGOT je dvodelni komplet. Vklju\u010duje modr\u010dek in spodnje hla\u010dke. Brez\u017ei\u010dni modr\u010dek. Ne\u017ena, \u017eenstvena in zapeljiva \u010dipka. Brazilke.","breadcrumb":{"@id":"https:\/\/belovedlingerie.com\/hr\/izdelek\/komplet-spodnjega-perila-margot\/#breadcrumb"},"inLanguage":"hr","potentialAction":[{"@type":"ReadAction","target":["https:\/\/belovedlingerie.com\/hr\/izdelek\/komplet-spodnjega-perila-margot\/"]}]},{"@type":"ImageObject","inLanguage":"hr","@id":"https:\/\/belovedlingerie.com\/hr\/izdelek\/komplet-spodnjega-perila-margot\/#primaryimage","url":"https:\/\/belovedlingerie.com\/hr\/wp-content\/uploads\/2023\/02\/DSC01395.jpg","contentUrl":"https:\/\/belovedlingerie.com\/hr\/wp-content\/uploads\/2023\/02\/DSC01395.jpg","width":1365,"height":2048,"caption":"Komplet spodnjega perila MARGOT"},{"@type":"BreadcrumbList","@id":"https:\/\/belovedlingerie.com\/hr\/izdelek\/komplet-spodnjega-perila-margot\/#breadcrumb","itemListElement":[{"@type":"ListItem","position":1,"name":"Home","item":"https:\/\/belovedlingerie.com\/hr\/"},{"@type":"ListItem","position":2,"name":"Shop","item":"https:\/\/belovedlingerie.com\/hr\/shop\/"},{"@type":"ListItem","position":3,"name":"Komplet donjeg rublja MARGOT"}]},{"@type":"WebSite","@id":"https:\/\/belovedlingerie.com\/hr\/#website","url":"https:\/\/belovedlingerie.com\/hr\/","name":"Beloved Lingerie","description":"Your beloved fashion store!","potentialAction":[{"@type":"SearchAction","target":{"@type":"EntryPoint","urlTemplate":"https:\/\/belovedlingerie.com\/hr\/?s={search_term_string}"},"query-input":"required name=search_term_string"}],"inLanguage":"hr"}]}},"_links":{"self":[{"href":"https:\/\/belovedlingerie.com\/hr\/wp-json\/wp\/v2\/product\/58160","targetHints":{"allow":["GET"]}}],"collection":[{"href":"https:\/\/belovedlingerie.com\/hr\/wp-json\/wp\/v2\/product"}],"about":[{"href":"https:\/\/belovedlingerie.com\/hr\/wp-json\/wp\/v2\/types\/product"}],"replies":[{"embeddable":true,"href":"https:\/\/belovedlingerie.com\/hr\/wp-json\/wp\/v2\/comments?post=58160"}],"wp:featuredmedia":[{"embeddable":true,"href":"https:\/\/belovedlingerie.com\/hr\/wp-json\/wp\/v2\/media\/57538"}],"wp:attachment":[{"href":"https:\/\/belovedlingerie.com\/hr\/wp-json\/wp\/v2\/media?parent=58160"}],"wp:term":[{"taxonomy":"product_cat","embeddable":true,"href":"https:\/\/belovedlingerie.com\/hr\/wp-json\/wp\/v2\/product_cat?post=58160"},{"taxonomy":"product_tag","embeddable":true,"href":"https:\/\/belovedlingerie.com\/hr\/wp-json\/wp\/v2\/product_tag?post=58160"}],"curies":[{"name":"wp","href":"https:\/\/api.w.org\/{rel}","templated":true}]}}