{"id":383,"date":"2018-05-21T14:16:53","date_gmt":"2018-05-21T12:16:53","guid":{"rendered":"http:\/\/www.beloved.si\/?page_id=383"},"modified":"2023-03-15T18:35:05","modified_gmt":"2023-03-15T17:35:05","slug":"adatvedelmi-iranyelvek-2","status":"publish","type":"page","link":"https:\/\/belovedlingerie.com\/hu\/adatvedelmi-iranyelvek-2\/","title":{"rendered":"Adatv\u00e9delmi ir\u00e1nyelvek"},"content":{"rendered":"<div class=\"container section-title-container\" ><h3 class=\"section-title section-title-center\"><b><\/b><span class=\"section-title-main\" ><i class=\"icon-heart\" ><\/i>ADATV\u00c9DELMI IR\u00c1NYELVEK<\/span><b><\/b><\/h3><\/div>\n<ol>\n<li><strong>\u00c1ltal\u00e1nos<\/strong><\/li>\n<\/ol>\n<p>A v\u00e1llalat elk\u00f6telezi mag\u00e1t, hogy a Szem\u00e9lyes adatok v\u00e9delm\u00e9r\u0151l sz\u00f3l\u00f3 t\u00f6rv\u00e9ny alapj\u00e1n megv\u00e9di a szem\u00e9lyes adatok titkoss\u00e1g\u00e1t \u00e9s a Belovedfashion.hu online \u00e1ruh\u00e1z felhaszn\u00e1l\u00f3inak mag\u00e1n\u00e9let\u00e9t. A v\u00e1llalatban a szem\u00e9lyes adatok csak akkor ker\u00fclnek gy\u0171jt\u00e9sre, amikor a felhaszn\u00e1l\u00f3 \u00f6nk\u00e9nt megadja azokat, \u00e9s al\u00e1\u00edrja a nyilatkozatot, amellyel enged\u00e9lyezi a szem\u00e9lyes adatok gy\u0171jt\u00e9s\u00e9t, t\u00e1rol\u00e1s\u00e1t \u00e9s feldolgoz\u00e1s\u00e1t a jogszab\u00e1lyoknak megfelel\u0151en. A v\u00e1llalat v\u00e1llalja, hogy az \u00f6sszegy\u0171jt\u00f6tt adatokat csak addig t\u00e1rolja \u00e9s haszn\u00e1lja, am\u00edg azok a c\u00e9l el\u00e9r\u00e9s\u00e9hez sz\u00fcks\u00e9gesek. A v\u00e1llalat nem tov\u00e1bb\u00edtja a felhaszn\u00e1l\u00f3k szem\u00e9lyes adatait m\u00e1s term\u00e9szetes vagy jogi szem\u00e9lyeknek.<\/p>\n<ol start=\"2\">\n<li><strong>A szem\u00e9lyes adatok felhaszn\u00e1l\u00e1sa<\/strong><\/li>\n<\/ol>\n<p>A v\u00e1llalat az \u00e1ltala k\u00edn\u00e1lt szolg\u00e1ltat\u00e1sok ny\u00fajt\u00e1s\u00e1nak sz\u00fcks\u00e9gleteire a k\u00f6vetkez\u0151 felhaszn\u00e1l\u00f3i adatokat gy\u0171jti, kezeli, dolgozza fel \u00e9s t\u00e1rolja:<\/p>\n<ul>\n<li>vezet\u00e9kn\u00e9v \u00e9s keresztn\u00e9v;<\/li>\n<li>sz\u00e1ll\u00edt\u00e1si c\u00edmek;<\/li>\n<li>v\u00e1llalat ill. a jogi szem\u00e9ly neve (ha a felhaszn\u00e1l\u00f3 jogi szem\u00e9ly);<\/li>\n<li>a jogi szem\u00e9ly ad\u00f3sz\u00e1ma (ha a felhaszn\u00e1l\u00f3 jogi szem\u00e9ly);<\/li>\n<li>e-mail c\u00edm (felhaszn\u00e1l\u00f3n\u00e9v);<\/li>\n<li>jelsz\u00f3 titkos\u00edtott form\u00e1ban;<\/li>\n<li>kapcsolattart\u00f3 telefonsz\u00e1m;<\/li>\n<li>orsz\u00e1g;<\/li>\n<li>egy\u00e9b adatok, amelyeket a felhaszn\u00e1l\u00f3 \u00f6nk\u00e9nt ad meg az online \u00e1ruh\u00e1z \u0171rlapjaiban;<\/li>\n<li>egy\u00e9b adatok, amelyeket a felhaszn\u00e1l\u00f3 k\u00e9s\u0151bb \u00f6nk\u00e9nt hozz\u00e1ad a profilj\u00e1hoz.<\/li>\n<\/ul>\n<p>A v\u00e1llalat nem felel\u0151s a felhaszn\u00e1l\u00f3k \u00e1ltal bevitt adatok helyess\u00e9g\u00e9\u00e9rt, teljess\u00e9g\u00e9\u00e9rt \u00e9s naprak\u00e9szs\u00e9g\u00e9\u00e9rt.<\/p>\n<p>A v\u00e1llalat minden felhaszn\u00e1l\u00f3hoz s\u00fctit (\u00fan. \u201ccookie\u201d) rendel hozz\u00e1 az online \u00e1ruh\u00e1z minden haszn\u00e1lata kezdet\u00e9n a kos\u00e1r azonos\u00edt\u00e1s\u00e1hoz, fel\u00fcgyel\u00e9s\u00e9hez \u00e9s a nyomon k\u00f6vethet\u0151s\u00e9g biztos\u00edt\u00e1sa\u00a0 \u00e9rdek\u00e9ben, amely a szerver mem\u00f3ri\u00e1j\u00e1ban csak az online \u00e1ruh\u00e1z l\u00e1togat\u00e1sa ideje alatt t\u00e1rol\u00f3dik, \u00e9s egy \u00f3ra inaktivit\u00e1s ut\u00e1n t\u00f6rl\u0151dik. A v\u00e1llalat bizonyos \u00e1lland\u00f3 s\u00fctiket is t\u00e1rolhat a felhaszn\u00e1l\u00f3 sz\u00e1m\u00edt\u00f3g\u00e9p\u00e9n, mint p\u00e9ld\u00e1ul a felhaszn\u00e1l\u00f3 azonos\u00edt\u00f3 sz\u00e1ma titkos\u00edtott form\u00e1ban az online \u00e1ruh\u00e1zba val\u00f3 k\u00f6vetkez\u0151 bel\u00e9p\u00e9s azonos\u00edt\u00e1sa \u00e9rdek\u00e9ben vagy az elemek \u00e9rt\u00e9kel\u00e9se, hogy a felhaszn\u00e1l\u00f3 tudja, mely elemeket \u00e9rt\u00e9kelte m\u00e1r, k\u00f6zvetett m\u00f3don pedig a Google Analytics k\u00fcls\u0151 szolg\u00e1ltat\u00e1s s\u00fctijeit is, amelyek a webhelyl\u00e1togat\u00e1sok elemz\u00e9s\u00e9re szolg\u00e1lnak. A v\u00e1llalat ezeket az adatokat anonimiz\u00e1lt \u00f6sszefoglal\u00f3 form\u00e1ban felhaszn\u00e1lhatja statisztikai elemz\u00e9s c\u00e9lj\u00e1b\u00f3l. Az online biztons\u00e1g biztos\u00edt\u00e1sa \u00e9rdek\u00e9ben a v\u00e1llalat \u00f6sszegy\u0171jti azokat az IP-c\u00edmeket is, amelyekr\u0151l a felhaszn\u00e1l\u00f3k hozz\u00e1f\u00e9rnek az online \u00e1ruh\u00e1zhoz.<\/p>\n<ol start=\"3\">\n<li><strong>A felhaszn\u00e1l\u00e1s c\u00e9lja<\/strong><\/li>\n<\/ol>\n<p>A www.belovedfashion.hu weboldalon kereszt\u00fcl az online v\u00e1s\u00e1rl\u00e1s c\u00e9lj\u00e1b\u00f3l megszerzett szem\u00e9lyes adatok, kiz\u00e1r\u00f3lag a megrendel\u00e9s teljes\u00edt\u00e9s\u00e9re \u00e9s k\u00e9zbes\u00edt\u00e9s\u00e9re szolg\u00e1lnak.<\/p>\n<p>A szem\u00e9lyes adatok t\u00e1rol\u00e1s\u00e1t, feldolgoz\u00e1s\u00e1t \u00e9s tov\u00e1bb\u00edt\u00e1s\u00e1t a felhaszn\u00e1l\u00f3 a\u00a0 nyerem\u00e9nyj\u00e1t\u00e9kokban val\u00f3 r\u00e9szv\u00e9tellel vagy e-mail h\u00edrlevelekre val\u00f3 feliratkoz\u00e1ssal\u00a0 j\u00f3v\u00e1hagyja \u00e9s enged\u00e9lyezi a Beloved d.o.o. v\u00e1llalatnak, hogy a megadott szem\u00e9lyes adatokat a Szem\u00e9lyes adatok v\u00e9delm\u00e9r\u0151l sz\u00f3l\u00f3 t\u00f6rv\u00e9ny szerint dolgozza\u00a0 fel \u00e9s t\u00e1rolja. A megadott j\u00f3v\u00e1hagy\u00e1ssal a felhaszn\u00e1l\u00f3 enged\u00e9lyezi a Beloved d.o.o. v\u00e1llalatnak, hogy mint a szem\u00e9lyes adatok gy\u0171jtem\u00e9ny kezel\u0151je az \u00f6sszegy\u0171jt\u00f6tt szem\u00e9lyes adatokat a k\u00f6vetkez\u0151 c\u00e9lokra\u00a0 haszn\u00e1lja fel: mintav\u00e9tel, felm\u00e9r\u00e9s \u00e9s statisztikai adatfeldolgoz\u00e1s, a szolg\u00e1ltat\u00e1sok ig\u00e9nybev\u00e9tel\u00e9nek meghat\u00e1roz\u00e1sa, az aj\u00e1nlat \u00e9s a szegment\u00e1l\u00e1s m\u00f3dos\u00edt\u00e1sa, piackutat\u00e1s, az aj\u00e1nlatr\u00f3l, a h\u00edrekr\u0151l \u00e9s a kedvezm\u00e9nyekr\u0151l t\u00f6rt\u00e9n\u0151 t\u00e1j\u00e9koztat\u00e1s, h\u00edreklevelek k\u00fcld\u00e9se e-mailben, telefonsz\u00e1mon \u00e9s egy\u00e9b rekl\u00e1manyagon kereszt\u00fcl, felhaszn\u00e1l\u00f3k t\u00e1j\u00e9koztat\u00e1sa a Belovedfashion.hu online \u00e1ruh\u00e1z \u00e9s a Beloved d.o.o. v\u00e1llalat szolg\u00e1ltat\u00e1sair\u00f3l, valamint a megadott adatok egy\u00e9b felhaszn\u00e1l\u00e1si form\u00e1ihoz, amelyekhez a weboldal felhaszn\u00e1l\u00f3ja kifejezetten hozz\u00e1j\u00e1rul. Az \u00f6sszegy\u0171jt\u00f6tt adatokat nem tov\u00e1bb\u00edtjuk harmadik feleknek.<\/p>\n<p>A felt\u00fcntetett adatokat a Beloved d.o.o. v\u00e1llalat saj\u00e1t sz\u00fcks\u00e9gletei c\u00e9lj\u00e1b\u00f3l dolgozhatja fel a j\u00f3v\u00e1hagy\u00e1s visszavon\u00e1s\u00e1ig a szem\u00e9lyes adatok adatb\u00e1zisb\u00f3l t\u00f6rt\u00e9n\u0151 elt\u00e1vol\u00edt\u00e1s\u00e1nak k\u00e9relm\u00e9vel, egy\u00e9bk\u00e9nt viszont csak addig, am\u00edg azok felt\u00e9tlen\u00fcl sz\u00fcks\u00e9gesek az adatgy\u0171jt\u00e9s c\u00e9lj\u00e1nak el\u00e9r\u00e9s\u00e9hez, azaz 10 \u00e9v a www.belovedfashion.hu weboldal regisztr\u00e1lt felhaszn\u00e1l\u00f3i sz\u00e1m\u00e1ra, 10 h\u00f3nap a nyerem\u00e9nyj\u00e1t\u00e9kok r\u00e9sztvev\u0151i sz\u00e1m\u00e1ra, 10 \u00e9v a nyerem\u00e9nyj\u00e1t\u00e9kok nyertesei sz\u00e1m\u00e1ra, \u00e9s mindaddig, am\u00edg az el\u0151fizet\u0151 le nem iratkozik a h\u00edrlevelekr\u0151l vagy am\u00edg az \u00fczemeltet\u0151 nem sz\u00fcnteti meg tev\u00e9kenys\u00e9g\u00e9t a piacon. A szem\u00e9lyes adatok kezel\u00e9se sor\u00e1n az egy\u00e9nnek lehet\u0151s\u00e9ge van k\u00e9r\u00e9sre megtekinteni \u00e9s friss\u00edteni az adatb\u00e1zisban l\u00e9v\u0151 adatokat.<\/p>\n<ol start=\"4\">\n<li><strong>Adatfelhaszn\u00e1l\u00f3k<\/strong><\/li>\n<\/ol>\n<p>A fenti jogalap alapj\u00e1n \u00f6sszegy\u0171jt\u00f6tt \u00f6sszes adatot a gy\u0171jt\u00e9s c\u00e9lj\u00e1nak megfelel\u0151en fogjuk felhaszn\u00e1lni, \u00e9s az \u00d6n beleegyez\u00e9se n\u00e9lk\u00fcl nem tov\u00e1bb\u00edtjuk harmadik feleknek.<\/p>\n<p>A jogi hat\u00e1sk\u00f6r keretein bel\u00fcl az \u00d6n szem\u00e9lyes adatai a k\u00f6vetkez\u0151 adatfelhaszn\u00e1l\u00f3knak lesznek tov\u00e1bb\u00edtva:<\/p>\n<ul>\n<li>postai szolg\u00e1ltat\u00f3k, sz\u00e1ll\u00edt\u00e1si szolg\u00e1ltat\u00f3k, f\u00e1jl- \u00e9s adatmegsemmis\u00edt\u0151 szolg\u00e1ltat\u00f3k;<\/li>\n<li>informatikai szolg\u00e1ltat\u00f3k a szoftverek szervizel\u00e9s\u00e9vel \u00e9s karbantart\u00e1s\u00e1val \u00f6sszef\u00fcgg\u00e9sben;<\/li>\n<li>a webhely adminisztr\u00e1ci\u00f3ja \u00e9s rendszergazd\u00e1ja.<\/li>\n<\/ul>\n<p>A v\u00e1llalat elk\u00f6telezi mag\u00e1t, hogy nem tov\u00e1bb\u00edtja az \u00d6n szem\u00e9lyes adatait harmadik orsz\u00e1gnak vagy nemzetk\u00f6zi szervezetnek.<\/p>\n<ol start=\"5\">\n<li><strong>Adatv\u00e9delmi ir\u00e1nyelvek v\u00e9grehajt\u00e1sa<\/strong><\/li>\n<\/ol>\n<p>A v\u00e1llalat minden teljes vagy r\u00e9szmunkaid\u0151s alkalmazottja, aki hozz\u00e1f\u00e9r a szem\u00e9lyes \u00e9s egy\u00e9b felhaszn\u00e1l\u00f3i adatokhoz, tiszt\u00e1ban van a szem\u00e9lyes \u00e9s egy\u00e9b adatok v\u00e9delm\u00e9nek k\u00f6telezetts\u00e9g\u00e9vel, \u00e9s k\u00f6teles betartani a szem\u00e9lyes adatok titkoss\u00e1g\u00e1ra \u00e9s az online \u00e1ruh\u00e1z felhaszn\u00e1l\u00f3i mag\u00e1n\u00e9let\u00e9nek v\u00e9delm\u00e9re vonatkoz\u00f3 rendelkez\u00e9seket. A szem\u00e9lyes \u00e9s egy\u00e9b adatok v\u00e9delm\u00e9nek k\u00f6telezetts\u00e9ge a v\u00e1llalattal fenn\u00e1ll\u00f3 kapcsolat megsz\u0171n\u00e9se ut\u00e1n is korl\u00e1tlanul \u00e9rv\u00e9nyes.<\/p>\n<p>A regisztr\u00e1lt felhaszn\u00e1l\u00f3k b\u00e1rmikor felhagyhatnak az online \u00e1ruh\u00e1z haszn\u00e1lat\u00e1val \u00e9s t\u00f6r\u00f6lhetik a regisztr\u00e1ci\u00f3t. Ezt \u00fagy tehetik meg, hogy \u00edr\u00e1sban \u00e9rtes\u00edtik a v\u00e1llalatot a regisztr\u00e1ci\u00f3 t\u00f6rl\u00e9s\u00e9r\u0151l. A regisztr\u00e1ci\u00f3 t\u00f6rl\u00e9s\u00e9r\u0151l sz\u00f3l\u00f3 nyilatkozat beny\u00fajt\u00e1sa el\u0151tt a felhaszn\u00e1l\u00f3nak ki kell egyenl\u00edtenie a v\u00e1llalattal szemben fenn\u00e1ll\u00f3 \u00f6sszes k\u00f6telezetts\u00e9get a Belovedfashion.hu online \u00e1ruh\u00e1zban v\u00e9grehajtott v\u00e1s\u00e1rl\u00e1sokb\u00f3l. A v\u00e1llalat a regisztr\u00e1ci\u00f3 t\u00f6rl\u00e9se eset\u00e9n is megv\u00e9di a szem\u00e9lyes adatok titkoss\u00e1g\u00e1t \u00e9s az online \u00e1ruh\u00e1z felhaszn\u00e1l\u00f3i mag\u00e1n\u00e9let\u00e9t ezen adatv\u00e9delmi ir\u00e1nyelvek keret\u00e9ben.<\/p>\n<ol start=\"6\">\n<li><strong>Tov\u00e1bbi magyar\u00e1zatok<\/strong><\/li>\n<\/ol>\n<p>Az adatok bizalmass\u00e1g\u00e1val, az adatgy\u0171jt\u00e9s \u00e9s feldolgoz\u00e1s m\u00f3dj\u00e1val vagy az adataival kapcsolatos jogok gyakorl\u00e1s\u00e1val kapcsolatos minden k\u00e9rd\u00e9s\u00e9t az\u00a0 info@belovedlingerie.com e-mail c\u00edmre k\u00fcldheti el.<\/p>\n","protected":false},"excerpt":{"rendered":"<p>\u00c1ltal\u00e1nos A v\u00e1llalat elk\u00f6telezi mag\u00e1t, hogy a Szem\u00e9lyes adatok v\u00e9delm\u00e9r\u0151l sz\u00f3l\u00f3 t\u00f6rv\u00e9ny alapj\u00e1n megv\u00e9di a szem\u00e9lyes adatok titkoss\u00e1g\u00e1t \u00e9s a Belovedfashion.hu online \u00e1ruh\u00e1z felhaszn\u00e1l\u00f3inak mag\u00e1n\u00e9let\u00e9t. A v\u00e1llalatban a szem\u00e9lyes adatok csak akkor ker\u00fclnek gy\u0171jt\u00e9sre, amikor a felhaszn\u00e1l\u00f3 \u00f6nk\u00e9nt megadja azokat, \u00e9s al\u00e1\u00edrja a nyilatkozatot, amellyel enged\u00e9lyezi a szem\u00e9lyes adatok gy\u0171jt\u00e9s\u00e9t, t\u00e1rol\u00e1s\u00e1t \u00e9s feldolgoz\u00e1s\u00e1t a jogszab\u00e1lyoknak [&#8230;]\n","protected":false},"author":1,"featured_media":0,"parent":0,"menu_order":0,"comment_status":"closed","ping_status":"closed","template":"","meta":{"_acf_changed":false,"footnotes":""},"class_list":["post-383","page","type-page","status-publish","hentry"],"acf":[],"yoast_head":"<!-- This site is optimized with the Yoast SEO plugin v22.3 - https:\/\/yoast.com\/wordpress\/plugins\/seo\/ -->\n<title>Adatv\u00e9delmi ir\u00e1nyelvek - Beloved Lingerie<\/title>\n<meta name=\"robots\" content=\"index, follow, max-snippet:-1, max-image-preview:large, max-video-preview:-1\" \/>\n<link rel=\"canonical\" href=\"https:\/\/belovedlingerie.com\/hu\/adatvedelmi-iranyelvek-2\/\" \/>\n<meta property=\"og:locale\" content=\"hu_HU\" \/>\n<meta property=\"og:type\" content=\"article\" \/>\n<meta property=\"og:title\" content=\"Adatv\u00e9delmi ir\u00e1nyelvek - Beloved Lingerie\" \/>\n<meta property=\"og:description\" content=\"\u00c1ltal\u00e1nos A v\u00e1llalat elk\u00f6telezi mag\u00e1t, hogy a Szem\u00e9lyes adatok v\u00e9delm\u00e9r\u0151l sz\u00f3l\u00f3 t\u00f6rv\u00e9ny alapj\u00e1n megv\u00e9di a szem\u00e9lyes adatok titkoss\u00e1g\u00e1t \u00e9s a Belovedfashion.hu online \u00e1ruh\u00e1z felhaszn\u00e1l\u00f3inak mag\u00e1n\u00e9let\u00e9t. A v\u00e1llalatban a szem\u00e9lyes adatok csak akkor ker\u00fclnek gy\u0171jt\u00e9sre, amikor a felhaszn\u00e1l\u00f3 \u00f6nk\u00e9nt megadja azokat, \u00e9s al\u00e1\u00edrja a nyilatkozatot, amellyel enged\u00e9lyezi a szem\u00e9lyes adatok gy\u0171jt\u00e9s\u00e9t, t\u00e1rol\u00e1s\u00e1t \u00e9s feldolgoz\u00e1s\u00e1t a jogszab\u00e1lyoknak [...]\" \/>\n<meta property=\"og:url\" content=\"https:\/\/belovedlingerie.com\/hu\/adatvedelmi-iranyelvek-2\/\" \/>\n<meta property=\"og:site_name\" content=\"Beloved Lingerie\" \/>\n<meta property=\"article:modified_time\" content=\"2023-03-15T17:35:05+00:00\" \/>\n<meta name=\"twitter:card\" content=\"summary_large_image\" \/>\n<meta name=\"twitter:label1\" content=\"Becs\u00fclt olvas\u00e1si id\u0151\" \/>\n\t<meta name=\"twitter:data1\" content=\"5 perc\" \/>\n<script type=\"application\/ld+json\" class=\"yoast-schema-graph\">{\"@context\":\"https:\/\/schema.org\",\"@graph\":[{\"@type\":\"WebPage\",\"@id\":\"https:\/\/belovedlingerie.com\/hu\/adatvedelmi-iranyelvek-2\/\",\"url\":\"https:\/\/belovedlingerie.com\/hu\/adatvedelmi-iranyelvek-2\/\",\"name\":\"Adatv\u00e9delmi ir\u00e1nyelvek - Beloved Lingerie\",\"isPartOf\":{\"@id\":\"https:\/\/belovedlingerie.com\/hu\/#website\"},\"datePublished\":\"2018-05-21T12:16:53+00:00\",\"dateModified\":\"2023-03-15T17:35:05+00:00\",\"breadcrumb\":{\"@id\":\"https:\/\/belovedlingerie.com\/hu\/adatvedelmi-iranyelvek-2\/#breadcrumb\"},\"inLanguage\":\"hu\",\"potentialAction\":[{\"@type\":\"ReadAction\",\"target\":[\"https:\/\/belovedlingerie.com\/hu\/adatvedelmi-iranyelvek-2\/\"]}]},{\"@type\":\"BreadcrumbList\",\"@id\":\"https:\/\/belovedlingerie.com\/hu\/adatvedelmi-iranyelvek-2\/#breadcrumb\",\"itemListElement\":[{\"@type\":\"ListItem\",\"position\":1,\"name\":\"Home\",\"item\":\"https:\/\/belovedlingerie.com\/hu\/\"},{\"@type\":\"ListItem\",\"position\":2,\"name\":\"Adatv\u00e9delmi ir\u00e1nyelvek\"}]},{\"@type\":\"WebSite\",\"@id\":\"https:\/\/belovedlingerie.com\/hu\/#website\",\"url\":\"https:\/\/belovedlingerie.com\/hu\/\",\"name\":\"Beloved Lingerie\",\"description\":\"Your beloved fashion store!\",\"potentialAction\":[{\"@type\":\"SearchAction\",\"target\":{\"@type\":\"EntryPoint\",\"urlTemplate\":\"https:\/\/belovedlingerie.com\/hu\/?s={search_term_string}\"},\"query-input\":\"required name=search_term_string\"}],\"inLanguage\":\"hu\"}]}<\/script>\n<!-- \/ Yoast SEO plugin. -->","yoast_head_json":{"title":"Adatv\u00e9delmi ir\u00e1nyelvek - Beloved Lingerie","robots":{"index":"index","follow":"follow","max-snippet":"max-snippet:-1","max-image-preview":"max-image-preview:large","max-video-preview":"max-video-preview:-1"},"canonical":"https:\/\/belovedlingerie.com\/hu\/adatvedelmi-iranyelvek-2\/","og_locale":"hu_HU","og_type":"article","og_title":"Adatv\u00e9delmi ir\u00e1nyelvek - Beloved Lingerie","og_description":"\u00c1ltal\u00e1nos A v\u00e1llalat elk\u00f6telezi mag\u00e1t, hogy a Szem\u00e9lyes adatok v\u00e9delm\u00e9r\u0151l sz\u00f3l\u00f3 t\u00f6rv\u00e9ny alapj\u00e1n megv\u00e9di a szem\u00e9lyes adatok titkoss\u00e1g\u00e1t \u00e9s a Belovedfashion.hu online \u00e1ruh\u00e1z felhaszn\u00e1l\u00f3inak mag\u00e1n\u00e9let\u00e9t. A v\u00e1llalatban a szem\u00e9lyes adatok csak akkor ker\u00fclnek gy\u0171jt\u00e9sre, amikor a felhaszn\u00e1l\u00f3 \u00f6nk\u00e9nt megadja azokat, \u00e9s al\u00e1\u00edrja a nyilatkozatot, amellyel enged\u00e9lyezi a szem\u00e9lyes adatok gy\u0171jt\u00e9s\u00e9t, t\u00e1rol\u00e1s\u00e1t \u00e9s feldolgoz\u00e1s\u00e1t a jogszab\u00e1lyoknak [...]","og_url":"https:\/\/belovedlingerie.com\/hu\/adatvedelmi-iranyelvek-2\/","og_site_name":"Beloved Lingerie","article_modified_time":"2023-03-15T17:35:05+00:00","twitter_card":"summary_large_image","twitter_misc":{"Becs\u00fclt olvas\u00e1si id\u0151":"5 perc"},"schema":{"@context":"https:\/\/schema.org","@graph":[{"@type":"WebPage","@id":"https:\/\/belovedlingerie.com\/hu\/adatvedelmi-iranyelvek-2\/","url":"https:\/\/belovedlingerie.com\/hu\/adatvedelmi-iranyelvek-2\/","name":"Adatv\u00e9delmi ir\u00e1nyelvek - Beloved Lingerie","isPartOf":{"@id":"https:\/\/belovedlingerie.com\/hu\/#website"},"datePublished":"2018-05-21T12:16:53+00:00","dateModified":"2023-03-15T17:35:05+00:00","breadcrumb":{"@id":"https:\/\/belovedlingerie.com\/hu\/adatvedelmi-iranyelvek-2\/#breadcrumb"},"inLanguage":"hu","potentialAction":[{"@type":"ReadAction","target":["https:\/\/belovedlingerie.com\/hu\/adatvedelmi-iranyelvek-2\/"]}]},{"@type":"BreadcrumbList","@id":"https:\/\/belovedlingerie.com\/hu\/adatvedelmi-iranyelvek-2\/#breadcrumb","itemListElement":[{"@type":"ListItem","position":1,"name":"Home","item":"https:\/\/belovedlingerie.com\/hu\/"},{"@type":"ListItem","position":2,"name":"Adatv\u00e9delmi ir\u00e1nyelvek"}]},{"@type":"WebSite","@id":"https:\/\/belovedlingerie.com\/hu\/#website","url":"https:\/\/belovedlingerie.com\/hu\/","name":"Beloved Lingerie","description":"Your beloved fashion store!","potentialAction":[{"@type":"SearchAction","target":{"@type":"EntryPoint","urlTemplate":"https:\/\/belovedlingerie.com\/hu\/?s={search_term_string}"},"query-input":"required name=search_term_string"}],"inLanguage":"hu"}]}},"_links":{"self":[{"href":"https:\/\/belovedlingerie.com\/hu\/wp-json\/wp\/v2\/pages\/383","targetHints":{"allow":["GET"]}}],"collection":[{"href":"https:\/\/belovedlingerie.com\/hu\/wp-json\/wp\/v2\/pages"}],"about":[{"href":"https:\/\/belovedlingerie.com\/hu\/wp-json\/wp\/v2\/types\/page"}],"author":[{"embeddable":true,"href":"https:\/\/belovedlingerie.com\/hu\/wp-json\/wp\/v2\/users\/1"}],"replies":[{"embeddable":true,"href":"https:\/\/belovedlingerie.com\/hu\/wp-json\/wp\/v2\/comments?post=383"}],"version-history":[{"count":0,"href":"https:\/\/belovedlingerie.com\/hu\/wp-json\/wp\/v2\/pages\/383\/revisions"}],"wp:attachment":[{"href":"https:\/\/belovedlingerie.com\/hu\/wp-json\/wp\/v2\/media?parent=383"}],"curies":[{"name":"wp","href":"https:\/\/api.w.org\/{rel}","templated":true}]}}