{"id":436,"date":"2018-05-22T11:09:01","date_gmt":"2018-05-22T09:09:01","guid":{"rendered":"http:\/\/www.beloved.si\/?page_id=436"},"modified":"2025-03-07T08:11:38","modified_gmt":"2025-03-07T07:11:38","slug":"kapcsolat","status":"publish","type":"page","link":"https:\/\/belovedlingerie.com\/hu\/kapcsolat\/","title":{"rendered":"Kapcsolat"},"content":{"rendered":"<div class=\"container section-title-container\" ><h3 class=\"section-title section-title-center\"><b><\/b><span class=\"section-title-main\" ><i class=\"icon-heart\" ><\/i>Kapcsolatba l\u00e9pni<\/span><b><\/b><\/h3><\/div>\n<div class=\"row align-equal row-box-shadow-3\"  id=\"row-2086267270\">\n<\/div>\n<p style=\"text-align: justify;\">Ha b\u00e1rmilyen k\u00e9rd\u00e9sed van vagy tan\u00e1csra van sz\u00fcks\u00e9ged, mindig el\u00e9rhet\u0151k vagyunk sz\u00e1modra az al\u00e1bbi el\u00e9rhet\u0151s\u00e9geken:<\/p>\n<p>\u00a0<\/p>\n<p>V\u00e1llalat sz\u00e9khelye: BELOVED d.o.o., Jezdarska ulica 8a, 2000 Maribor, Szlov\u00e9nia<\/p>\n<p>K\u00f6z\u00f6ss\u00e9gi ad\u00f3sz\u00e1m: SI65892267<\/p>\n<p>Nyilv\u00e1ntart\u00e1si sz\u00e1m: 8563349000<\/p>\n<p>IBAN SI56 0400 0026 6060 853 (a Nova KBM d.d.-n\u00e9l van megny\u00edtva)<\/p>\n<p>\u00a0<\/p>\n<p>E-mail: <strong>info@belovedlingerie.com<\/strong><\/p>\n<p>Az e-mailre a lehet\u0151 leghamarabb, de legk\u00e9s\u0151bb 24 \u00f3r\u00e1n bel\u00fcl v\u00e1laszolunk.<\/p>\n<p>\u00a0<\/p>\n<p style=\"text-align: justify;\">Facebook: <strong>@belovedlingerie<\/strong><\/p>\n<p>Az e-mailre a lehet\u0151 leghamarabb, de legk\u00e9s\u0151bb 24 \u00f3r\u00e1n bel\u00fcl v\u00e1laszolunk.<\/p>\n<p>\u00a0<\/p>\n<p>Instagram: <strong>@yourbelovedlingerie<\/strong><\/p>\n<p>Az e-mailre a lehet\u0151 leghamarabb, de legk\u00e9s\u0151bb 24 \u00f3r\u00e1n bel\u00fcl v\u00e1laszolunk.<\/p>\n<p>\u00a0<\/p>\n","protected":false},"excerpt":{"rendered":"<p>Ha b\u00e1rmilyen k\u00e9rd\u00e9sed van vagy tan\u00e1csra van sz\u00fcks\u00e9ged, mindig el\u00e9rhet\u0151k vagyunk sz\u00e1modra az al\u00e1bbi el\u00e9rhet\u0151s\u00e9geken: \u00a0 V\u00e1llalat sz\u00e9khelye: BELOVED d.o.o., Jezdarska ulica 8a, 2000 Maribor, Szlov\u00e9nia K\u00f6z\u00f6ss\u00e9gi ad\u00f3sz\u00e1m: SI65892267 Nyilv\u00e1ntart\u00e1si sz\u00e1m: 8563349000 IBAN SI56 0400 0026 6060 853 (a Nova KBM d.d.-n\u00e9l van megny\u00edtva) \u00a0 E-mail: info@belovedlingerie.com Az e-mailre a lehet\u0151 leghamarabb, de legk\u00e9s\u0151bb 24 [&#8230;]\n","protected":false},"author":1,"featured_media":0,"parent":0,"menu_order":0,"comment_status":"closed","ping_status":"closed","template":"","meta":{"_acf_changed":false,"footnotes":""},"class_list":["post-436","page","type-page","status-publish","hentry"],"acf":[],"yoast_head":"<!-- This site is optimized with the Yoast SEO plugin v22.3 - https:\/\/yoast.com\/wordpress\/plugins\/seo\/ -->\n<title>Kapcsolat - Beloved Lingerie<\/title>\n<meta name=\"robots\" content=\"index, follow, max-snippet:-1, max-image-preview:large, max-video-preview:-1\" \/>\n<link rel=\"canonical\" href=\"https:\/\/belovedlingerie.com\/hu\/kapcsolat\/\" \/>\n<meta property=\"og:locale\" content=\"hu_HU\" \/>\n<meta property=\"og:type\" content=\"article\" \/>\n<meta property=\"og:title\" content=\"Kapcsolat - Beloved Lingerie\" \/>\n<meta property=\"og:description\" content=\"Ha b\u00e1rmilyen k\u00e9rd\u00e9sed van vagy tan\u00e1csra van sz\u00fcks\u00e9ged, mindig el\u00e9rhet\u0151k vagyunk sz\u00e1modra az al\u00e1bbi el\u00e9rhet\u0151s\u00e9geken: \u00a0 V\u00e1llalat sz\u00e9khelye: BELOVED d.o.o., Jezdarska ulica 8a, 2000 Maribor, Szlov\u00e9nia K\u00f6z\u00f6ss\u00e9gi ad\u00f3sz\u00e1m: SI65892267 Nyilv\u00e1ntart\u00e1si sz\u00e1m: 8563349000 IBAN SI56 0400 0026 6060 853 (a Nova KBM d.d.-n\u00e9l van megny\u00edtva) \u00a0 E-mail: info@belovedlingerie.com Az e-mailre a lehet\u0151 leghamarabb, de legk\u00e9s\u0151bb 24 [...]\" \/>\n<meta property=\"og:url\" content=\"https:\/\/belovedlingerie.com\/hu\/kapcsolat\/\" \/>\n<meta property=\"og:site_name\" content=\"Beloved Lingerie\" \/>\n<meta property=\"article:modified_time\" content=\"2025-03-07T07:11:38+00:00\" \/>\n<meta name=\"twitter:card\" content=\"summary_large_image\" \/>\n<meta name=\"twitter:label1\" content=\"Becs\u00fclt olvas\u00e1si id\u0151\" \/>\n\t<meta name=\"twitter:data1\" content=\"1 perc\" \/>\n<script type=\"application\/ld+json\" class=\"yoast-schema-graph\">{\"@context\":\"https:\/\/schema.org\",\"@graph\":[{\"@type\":\"WebPage\",\"@id\":\"https:\/\/belovedlingerie.com\/hu\/kapcsolat\/\",\"url\":\"https:\/\/belovedlingerie.com\/hu\/kapcsolat\/\",\"name\":\"Kapcsolat - Beloved Lingerie\",\"isPartOf\":{\"@id\":\"https:\/\/belovedlingerie.com\/hu\/#website\"},\"datePublished\":\"2018-05-22T09:09:01+00:00\",\"dateModified\":\"2025-03-07T07:11:38+00:00\",\"breadcrumb\":{\"@id\":\"https:\/\/belovedlingerie.com\/hu\/kapcsolat\/#breadcrumb\"},\"inLanguage\":\"hu\",\"potentialAction\":[{\"@type\":\"ReadAction\",\"target\":[\"https:\/\/belovedlingerie.com\/hu\/kapcsolat\/\"]}]},{\"@type\":\"BreadcrumbList\",\"@id\":\"https:\/\/belovedlingerie.com\/hu\/kapcsolat\/#breadcrumb\",\"itemListElement\":[{\"@type\":\"ListItem\",\"position\":1,\"name\":\"Home\",\"item\":\"https:\/\/belovedlingerie.com\/hu\/\"},{\"@type\":\"ListItem\",\"position\":2,\"name\":\"Kapcsolat\"}]},{\"@type\":\"WebSite\",\"@id\":\"https:\/\/belovedlingerie.com\/hu\/#website\",\"url\":\"https:\/\/belovedlingerie.com\/hu\/\",\"name\":\"Beloved Lingerie\",\"description\":\"Your beloved fashion store!\",\"potentialAction\":[{\"@type\":\"SearchAction\",\"target\":{\"@type\":\"EntryPoint\",\"urlTemplate\":\"https:\/\/belovedlingerie.com\/hu\/?s={search_term_string}\"},\"query-input\":\"required name=search_term_string\"}],\"inLanguage\":\"hu\"}]}<\/script>\n<!-- \/ Yoast SEO plugin. -->","yoast_head_json":{"title":"Kapcsolat - Beloved Lingerie","robots":{"index":"index","follow":"follow","max-snippet":"max-snippet:-1","max-image-preview":"max-image-preview:large","max-video-preview":"max-video-preview:-1"},"canonical":"https:\/\/belovedlingerie.com\/hu\/kapcsolat\/","og_locale":"hu_HU","og_type":"article","og_title":"Kapcsolat - Beloved Lingerie","og_description":"Ha b\u00e1rmilyen k\u00e9rd\u00e9sed van vagy tan\u00e1csra van sz\u00fcks\u00e9ged, mindig el\u00e9rhet\u0151k vagyunk sz\u00e1modra az al\u00e1bbi el\u00e9rhet\u0151s\u00e9geken: \u00a0 V\u00e1llalat sz\u00e9khelye: BELOVED d.o.o., Jezdarska ulica 8a, 2000 Maribor, Szlov\u00e9nia K\u00f6z\u00f6ss\u00e9gi ad\u00f3sz\u00e1m: SI65892267 Nyilv\u00e1ntart\u00e1si sz\u00e1m: 8563349000 IBAN SI56 0400 0026 6060 853 (a Nova KBM d.d.-n\u00e9l van megny\u00edtva) \u00a0 E-mail: info@belovedlingerie.com Az e-mailre a lehet\u0151 leghamarabb, de legk\u00e9s\u0151bb 24 [...]","og_url":"https:\/\/belovedlingerie.com\/hu\/kapcsolat\/","og_site_name":"Beloved Lingerie","article_modified_time":"2025-03-07T07:11:38+00:00","twitter_card":"summary_large_image","twitter_misc":{"Becs\u00fclt olvas\u00e1si id\u0151":"1 perc"},"schema":{"@context":"https:\/\/schema.org","@graph":[{"@type":"WebPage","@id":"https:\/\/belovedlingerie.com\/hu\/kapcsolat\/","url":"https:\/\/belovedlingerie.com\/hu\/kapcsolat\/","name":"Kapcsolat - Beloved Lingerie","isPartOf":{"@id":"https:\/\/belovedlingerie.com\/hu\/#website"},"datePublished":"2018-05-22T09:09:01+00:00","dateModified":"2025-03-07T07:11:38+00:00","breadcrumb":{"@id":"https:\/\/belovedlingerie.com\/hu\/kapcsolat\/#breadcrumb"},"inLanguage":"hu","potentialAction":[{"@type":"ReadAction","target":["https:\/\/belovedlingerie.com\/hu\/kapcsolat\/"]}]},{"@type":"BreadcrumbList","@id":"https:\/\/belovedlingerie.com\/hu\/kapcsolat\/#breadcrumb","itemListElement":[{"@type":"ListItem","position":1,"name":"Home","item":"https:\/\/belovedlingerie.com\/hu\/"},{"@type":"ListItem","position":2,"name":"Kapcsolat"}]},{"@type":"WebSite","@id":"https:\/\/belovedlingerie.com\/hu\/#website","url":"https:\/\/belovedlingerie.com\/hu\/","name":"Beloved Lingerie","description":"Your beloved fashion store!","potentialAction":[{"@type":"SearchAction","target":{"@type":"EntryPoint","urlTemplate":"https:\/\/belovedlingerie.com\/hu\/?s={search_term_string}"},"query-input":"required name=search_term_string"}],"inLanguage":"hu"}]}},"_links":{"self":[{"href":"https:\/\/belovedlingerie.com\/hu\/wp-json\/wp\/v2\/pages\/436","targetHints":{"allow":["GET"]}}],"collection":[{"href":"https:\/\/belovedlingerie.com\/hu\/wp-json\/wp\/v2\/pages"}],"about":[{"href":"https:\/\/belovedlingerie.com\/hu\/wp-json\/wp\/v2\/types\/page"}],"author":[{"embeddable":true,"href":"https:\/\/belovedlingerie.com\/hu\/wp-json\/wp\/v2\/users\/1"}],"replies":[{"embeddable":true,"href":"https:\/\/belovedlingerie.com\/hu\/wp-json\/wp\/v2\/comments?post=436"}],"version-history":[{"count":1,"href":"https:\/\/belovedlingerie.com\/hu\/wp-json\/wp\/v2\/pages\/436\/revisions"}],"predecessor-version":[{"id":10063144,"href":"https:\/\/belovedlingerie.com\/hu\/wp-json\/wp\/v2\/pages\/436\/revisions\/10063144"}],"wp:attachment":[{"href":"https:\/\/belovedlingerie.com\/hu\/wp-json\/wp\/v2\/media?parent=436"}],"curies":[{"name":"wp","href":"https:\/\/api.w.org\/{rel}","templated":true}]}}