{"id":10059149,"date":"2024-04-05T07:18:36","date_gmt":"2024-04-05T05:18:36","guid":{"rendered":"https:\/\/belovedlingerie.com\/hu\/?post_type=product&#038;p=10059149"},"modified":"2026-01-20T13:51:23","modified_gmt":"2026-01-20T12:51:23","slug":"merevito-nelkuli-melltarto-ella-feher","status":"publish","type":"product","link":"https:\/\/belovedlingerie.com\/hu\/termek\/merevito-nelkuli-melltarto-ella-feher\/","title":{"rendered":"Merev\u00edt\u0151 n\u00e9lk\u00fcli melltart\u00f3 ELLA feh\u00e9r"},"content":{"rendered":"<ul>\n<li><a href=\"https:\/\/belovedlingerie.com\/hu\/kategoria\/back-to-basics\/melltartok\/\" target=\"_blank\" rel=\"noopener\">Breastless melltart\u00f3<\/a> k\u00e9nyelmes anyagokb\u00f3l.<\/li>\n<li>Mivel nem tartalmaz tart\u00f3sz\u00e1lat, k\u00e9nyelmes a mindennapi viselethez \u00e9s l\u00e1thatatlan a ruh\u00e1k alatt.<\/li>\n<li><a href=\"https:\/\/belovedlingerie.com\/hu\/kategoria\/fehernemu\/\" target=\"_blank\" rel=\"noopener\">K\u00e9nyelmes<\/a> \u00e9s eleg\u00e1ns.<\/li>\n<li>Szab\u00e1lyozhat\u00f3 v\u00e1llp\u00e1ntok.<\/li>\n<li>Szab\u00e1lyozhat\u00f3 melltart\u00f3 \u00e9s der\u00e9kp\u00e1nt \u00e1ll\u00edthat\u00f3 p\u00e1ntokkal.<\/li>\n<li>Hosszabb\u00edtott p\u00e1rn\u00e1k.<\/li>\n<li>Sz\u00edne: feh\u00e9r.<\/li>\n<li>Puha, b\u0151rbar\u00e1t anyagokb\u00f3l k\u00e9sz\u00fclt.<\/li>\n<li>A modell az S sz\u00e1m\u00fa ruh\u00e1t viseli.<\/li>\n<li>A k\u00e9peken l\u00e1that\u00f3 <a href=\"https:\/\/belovedlingerie.com\/hu\/kategoria\/back-to-basics\/\" target=\"_blank\" rel=\"noopener\">als\u00f3ruh\u00e1zat<\/a> sz\u00ednei a telefon vagy a sz\u00e1m\u00edt\u00f3g\u00e9p be\u00e1ll\u00edt\u00e1sai miatt kiss\u00e9 elt\u00e9rhetnek a t\u00e9nyleges sz\u00ednekt\u0151l.<\/li>\n<li>\u00f6sszet\u00e9tel: Pad: 82% nylon, 18% spandex; K\u00fcls\u0151 1: 90% mod\u00e1l, 10% spandex, K\u00fcls\u0151 2: 83% nylon, 17% spandex.<\/li>\n<\/ul>\n","protected":false},"excerpt":{"rendered":"<p>Breastless melltart\u00f3 k\u00e9nyelmes anyagokb\u00f3l. Mivel nem tartalmaz tart\u00f3sz\u00e1lat, k\u00e9nyelmes a mindennapi viselethez \u00e9s l\u00e1thatatlan a ruh\u00e1k alatt. K\u00e9nyelmes \u00e9s eleg\u00e1ns. Szab\u00e1lyozhat\u00f3 v\u00e1llp\u00e1ntok. Szab\u00e1lyozhat\u00f3 melltart\u00f3 \u00e9s der\u00e9kp\u00e1nt \u00e1ll\u00edthat\u00f3 p\u00e1ntokkal. Hosszabb\u00edtott p\u00e1rn\u00e1k. Sz\u00edne: feh\u00e9r. Puha, b\u0151rbar\u00e1t anyagokb\u00f3l k\u00e9sz\u00fclt. A modell az S sz\u00e1m\u00fa ruh\u00e1t viseli. A k\u00e9peken l\u00e1that\u00f3 als\u00f3ruh\u00e1zat sz\u00ednei a telefon vagy a sz\u00e1m\u00edt\u00f3g\u00e9p be\u00e1ll\u00edt\u00e1sai miatt [&#8230;]\n","protected":false},"featured_media":10059286,"comment_status":"closed","ping_status":"closed","template":"","meta":{"_acf_changed":false},"product_cat":[216,197,158,214,252],"product_tag":[],"class_list":{"0":"post-10059149","1":"product","2":"type-product","3":"status-publish","4":"has-post-thumbnail","6":"product_cat-varrat-nelkuli-fehernemu","7":"product_cat-back-to-basics","8":"product_cat-bestsellers","9":"product_cat-melltartok","10":"product_cat-melltartok-varrat-nelkuli-fehernemu","12":"first","13":"instock","14":"taxable","15":"shipping-taxable","16":"purchasable","17":"product-type-variable"},"acf":[],"yoast_head":"<!-- This site is optimized with the Yoast SEO plugin v22.3 - https:\/\/yoast.com\/wordpress\/plugins\/seo\/ -->\n<title>Merev\u00edt\u0151 n\u00e9lk\u00fcli melltart\u00f3 ELLA feh\u00e9r - Beloved Lingerie<\/title>\n<meta name=\"robots\" content=\"index, follow, max-snippet:-1, max-image-preview:large, max-video-preview:-1\" \/>\n<link rel=\"canonical\" href=\"https:\/\/belovedlingerie.com\/hu\/termek\/merevito-nelkuli-melltarto-ella-feher\/\" \/>\n<meta property=\"og:locale\" content=\"hu_HU\" \/>\n<meta property=\"og:type\" content=\"article\" \/>\n<meta property=\"og:title\" content=\"Merev\u00edt\u0151 n\u00e9lk\u00fcli melltart\u00f3 ELLA feh\u00e9r - Beloved Lingerie\" \/>\n<meta property=\"og:description\" content=\"Breastless melltart\u00f3 k\u00e9nyelmes anyagokb\u00f3l. Mivel nem tartalmaz tart\u00f3sz\u00e1lat, k\u00e9nyelmes a mindennapi viselethez \u00e9s l\u00e1thatatlan a ruh\u00e1k alatt. K\u00e9nyelmes \u00e9s eleg\u00e1ns. Szab\u00e1lyozhat\u00f3 v\u00e1llp\u00e1ntok. Szab\u00e1lyozhat\u00f3 melltart\u00f3 \u00e9s der\u00e9kp\u00e1nt \u00e1ll\u00edthat\u00f3 p\u00e1ntokkal. Hosszabb\u00edtott p\u00e1rn\u00e1k. Sz\u00edne: feh\u00e9r. Puha, b\u0151rbar\u00e1t anyagokb\u00f3l k\u00e9sz\u00fclt. A modell az S sz\u00e1m\u00fa ruh\u00e1t viseli. A k\u00e9peken l\u00e1that\u00f3 als\u00f3ruh\u00e1zat sz\u00ednei a telefon vagy a sz\u00e1m\u00edt\u00f3g\u00e9p be\u00e1ll\u00edt\u00e1sai miatt [...]\" \/>\n<meta property=\"og:url\" content=\"https:\/\/belovedlingerie.com\/hu\/termek\/merevito-nelkuli-melltarto-ella-feher\/\" \/>\n<meta property=\"og:site_name\" content=\"Beloved Lingerie\" \/>\n<meta property=\"article:modified_time\" content=\"2026-01-20T12:51:23+00:00\" \/>\n<meta property=\"og:image\" content=\"https:\/\/belovedlingerie.com\/hu\/wp-content\/uploads\/2024\/03\/Brezzicni-nedrcek-ELLA-bez10.jpg\" \/>\n\t<meta property=\"og:image:width\" content=\"1605\" \/>\n\t<meta property=\"og:image:height\" content=\"2407\" \/>\n\t<meta property=\"og:image:type\" content=\"image\/jpeg\" \/>\n<meta name=\"twitter:card\" content=\"summary_large_image\" \/>\n<meta name=\"twitter:label1\" content=\"Becs\u00fclt olvas\u00e1si id\u0151\" \/>\n\t<meta name=\"twitter:data1\" content=\"1 perc\" \/>\n<script type=\"application\/ld+json\" class=\"yoast-schema-graph\">{\"@context\":\"https:\/\/schema.org\",\"@graph\":[{\"@type\":\"WebPage\",\"@id\":\"https:\/\/belovedlingerie.com\/hu\/termek\/merevito-nelkuli-melltarto-ella-feher\/\",\"url\":\"https:\/\/belovedlingerie.com\/hu\/termek\/merevito-nelkuli-melltarto-ella-feher\/\",\"name\":\"Merev\u00edt\u0151 n\u00e9lk\u00fcli melltart\u00f3 ELLA feh\u00e9r - Beloved Lingerie\",\"isPartOf\":{\"@id\":\"https:\/\/belovedlingerie.com\/hu\/#website\"},\"primaryImageOfPage\":{\"@id\":\"https:\/\/belovedlingerie.com\/hu\/termek\/merevito-nelkuli-melltarto-ella-feher\/#primaryimage\"},\"image\":{\"@id\":\"https:\/\/belovedlingerie.com\/hu\/termek\/merevito-nelkuli-melltarto-ella-feher\/#primaryimage\"},\"thumbnailUrl\":\"https:\/\/belovedlingerie.com\/hu\/wp-content\/uploads\/2024\/03\/Brezzicni-nedrcek-ELLA-bez10.jpg\",\"datePublished\":\"2024-04-05T05:18:36+00:00\",\"dateModified\":\"2026-01-20T12:51:23+00:00\",\"breadcrumb\":{\"@id\":\"https:\/\/belovedlingerie.com\/hu\/termek\/merevito-nelkuli-melltarto-ella-feher\/#breadcrumb\"},\"inLanguage\":\"hu\",\"potentialAction\":[{\"@type\":\"ReadAction\",\"target\":[\"https:\/\/belovedlingerie.com\/hu\/termek\/merevito-nelkuli-melltarto-ella-feher\/\"]}]},{\"@type\":\"ImageObject\",\"inLanguage\":\"hu\",\"@id\":\"https:\/\/belovedlingerie.com\/hu\/termek\/merevito-nelkuli-melltarto-ella-feher\/#primaryimage\",\"url\":\"https:\/\/belovedlingerie.com\/hu\/wp-content\/uploads\/2024\/03\/Brezzicni-nedrcek-ELLA-bez10.jpg\",\"contentUrl\":\"https:\/\/belovedlingerie.com\/hu\/wp-content\/uploads\/2024\/03\/Brezzicni-nedrcek-ELLA-bez10.jpg\",\"width\":1605,\"height\":2407},{\"@type\":\"BreadcrumbList\",\"@id\":\"https:\/\/belovedlingerie.com\/hu\/termek\/merevito-nelkuli-melltarto-ella-feher\/#breadcrumb\",\"itemListElement\":[{\"@type\":\"ListItem\",\"position\":1,\"name\":\"Home\",\"item\":\"https:\/\/belovedlingerie.com\/hu\/\"},{\"@type\":\"ListItem\",\"position\":2,\"name\":\"Shop\",\"item\":\"https:\/\/belovedlingerie.com\/hu\/shop\/\"},{\"@type\":\"ListItem\",\"position\":3,\"name\":\"Merev\u00edt\u0151 n\u00e9lk\u00fcli melltart\u00f3 ELLA feh\u00e9r\"}]},{\"@type\":\"WebSite\",\"@id\":\"https:\/\/belovedlingerie.com\/hu\/#website\",\"url\":\"https:\/\/belovedlingerie.com\/hu\/\",\"name\":\"Beloved Lingerie\",\"description\":\"Your beloved fashion store!\",\"potentialAction\":[{\"@type\":\"SearchAction\",\"target\":{\"@type\":\"EntryPoint\",\"urlTemplate\":\"https:\/\/belovedlingerie.com\/hu\/?s={search_term_string}\"},\"query-input\":\"required name=search_term_string\"}],\"inLanguage\":\"hu\"}]}<\/script>\n<!-- \/ Yoast SEO plugin. -->","yoast_head_json":{"title":"Merev\u00edt\u0151 n\u00e9lk\u00fcli melltart\u00f3 ELLA feh\u00e9r - Beloved Lingerie","robots":{"index":"index","follow":"follow","max-snippet":"max-snippet:-1","max-image-preview":"max-image-preview:large","max-video-preview":"max-video-preview:-1"},"canonical":"https:\/\/belovedlingerie.com\/hu\/termek\/merevito-nelkuli-melltarto-ella-feher\/","og_locale":"hu_HU","og_type":"article","og_title":"Merev\u00edt\u0151 n\u00e9lk\u00fcli melltart\u00f3 ELLA feh\u00e9r - Beloved Lingerie","og_description":"Breastless melltart\u00f3 k\u00e9nyelmes anyagokb\u00f3l. Mivel nem tartalmaz tart\u00f3sz\u00e1lat, k\u00e9nyelmes a mindennapi viselethez \u00e9s l\u00e1thatatlan a ruh\u00e1k alatt. K\u00e9nyelmes \u00e9s eleg\u00e1ns. Szab\u00e1lyozhat\u00f3 v\u00e1llp\u00e1ntok. Szab\u00e1lyozhat\u00f3 melltart\u00f3 \u00e9s der\u00e9kp\u00e1nt \u00e1ll\u00edthat\u00f3 p\u00e1ntokkal. Hosszabb\u00edtott p\u00e1rn\u00e1k. Sz\u00edne: feh\u00e9r. Puha, b\u0151rbar\u00e1t anyagokb\u00f3l k\u00e9sz\u00fclt. A modell az S sz\u00e1m\u00fa ruh\u00e1t viseli. A k\u00e9peken l\u00e1that\u00f3 als\u00f3ruh\u00e1zat sz\u00ednei a telefon vagy a sz\u00e1m\u00edt\u00f3g\u00e9p be\u00e1ll\u00edt\u00e1sai miatt [...]","og_url":"https:\/\/belovedlingerie.com\/hu\/termek\/merevito-nelkuli-melltarto-ella-feher\/","og_site_name":"Beloved Lingerie","article_modified_time":"2026-01-20T12:51:23+00:00","og_image":[{"width":1605,"height":2407,"url":"https:\/\/belovedlingerie.com\/hu\/wp-content\/uploads\/2024\/03\/Brezzicni-nedrcek-ELLA-bez10.jpg","type":"image\/jpeg"}],"twitter_card":"summary_large_image","twitter_misc":{"Becs\u00fclt olvas\u00e1si id\u0151":"1 perc"},"schema":{"@context":"https:\/\/schema.org","@graph":[{"@type":"WebPage","@id":"https:\/\/belovedlingerie.com\/hu\/termek\/merevito-nelkuli-melltarto-ella-feher\/","url":"https:\/\/belovedlingerie.com\/hu\/termek\/merevito-nelkuli-melltarto-ella-feher\/","name":"Merev\u00edt\u0151 n\u00e9lk\u00fcli melltart\u00f3 ELLA feh\u00e9r - Beloved Lingerie","isPartOf":{"@id":"https:\/\/belovedlingerie.com\/hu\/#website"},"primaryImageOfPage":{"@id":"https:\/\/belovedlingerie.com\/hu\/termek\/merevito-nelkuli-melltarto-ella-feher\/#primaryimage"},"image":{"@id":"https:\/\/belovedlingerie.com\/hu\/termek\/merevito-nelkuli-melltarto-ella-feher\/#primaryimage"},"thumbnailUrl":"https:\/\/belovedlingerie.com\/hu\/wp-content\/uploads\/2024\/03\/Brezzicni-nedrcek-ELLA-bez10.jpg","datePublished":"2024-04-05T05:18:36+00:00","dateModified":"2026-01-20T12:51:23+00:00","breadcrumb":{"@id":"https:\/\/belovedlingerie.com\/hu\/termek\/merevito-nelkuli-melltarto-ella-feher\/#breadcrumb"},"inLanguage":"hu","potentialAction":[{"@type":"ReadAction","target":["https:\/\/belovedlingerie.com\/hu\/termek\/merevito-nelkuli-melltarto-ella-feher\/"]}]},{"@type":"ImageObject","inLanguage":"hu","@id":"https:\/\/belovedlingerie.com\/hu\/termek\/merevito-nelkuli-melltarto-ella-feher\/#primaryimage","url":"https:\/\/belovedlingerie.com\/hu\/wp-content\/uploads\/2024\/03\/Brezzicni-nedrcek-ELLA-bez10.jpg","contentUrl":"https:\/\/belovedlingerie.com\/hu\/wp-content\/uploads\/2024\/03\/Brezzicni-nedrcek-ELLA-bez10.jpg","width":1605,"height":2407},{"@type":"BreadcrumbList","@id":"https:\/\/belovedlingerie.com\/hu\/termek\/merevito-nelkuli-melltarto-ella-feher\/#breadcrumb","itemListElement":[{"@type":"ListItem","position":1,"name":"Home","item":"https:\/\/belovedlingerie.com\/hu\/"},{"@type":"ListItem","position":2,"name":"Shop","item":"https:\/\/belovedlingerie.com\/hu\/shop\/"},{"@type":"ListItem","position":3,"name":"Merev\u00edt\u0151 n\u00e9lk\u00fcli melltart\u00f3 ELLA feh\u00e9r"}]},{"@type":"WebSite","@id":"https:\/\/belovedlingerie.com\/hu\/#website","url":"https:\/\/belovedlingerie.com\/hu\/","name":"Beloved Lingerie","description":"Your beloved fashion store!","potentialAction":[{"@type":"SearchAction","target":{"@type":"EntryPoint","urlTemplate":"https:\/\/belovedlingerie.com\/hu\/?s={search_term_string}"},"query-input":"required name=search_term_string"}],"inLanguage":"hu"}]}},"_links":{"self":[{"href":"https:\/\/belovedlingerie.com\/hu\/wp-json\/wp\/v2\/product\/10059149","targetHints":{"allow":["GET"]}}],"collection":[{"href":"https:\/\/belovedlingerie.com\/hu\/wp-json\/wp\/v2\/product"}],"about":[{"href":"https:\/\/belovedlingerie.com\/hu\/wp-json\/wp\/v2\/types\/product"}],"replies":[{"embeddable":true,"href":"https:\/\/belovedlingerie.com\/hu\/wp-json\/wp\/v2\/comments?post=10059149"}],"wp:featuredmedia":[{"embeddable":true,"href":"https:\/\/belovedlingerie.com\/hu\/wp-json\/wp\/v2\/media\/10059286"}],"wp:attachment":[{"href":"https:\/\/belovedlingerie.com\/hu\/wp-json\/wp\/v2\/media?parent=10059149"}],"wp:term":[{"taxonomy":"product_cat","embeddable":true,"href":"https:\/\/belovedlingerie.com\/hu\/wp-json\/wp\/v2\/product_cat?post=10059149"},{"taxonomy":"product_tag","embeddable":true,"href":"https:\/\/belovedlingerie.com\/hu\/wp-json\/wp\/v2\/product_tag?post=10059149"}],"curies":[{"name":"wp","href":"https:\/\/api.w.org\/{rel}","templated":true}]}}