{"id":10059171,"date":"2024-04-05T07:03:13","date_gmt":"2024-04-05T05:03:13","guid":{"rendered":"https:\/\/belovedlingerie.com\/hu\/?post_type=product&#038;p=10059171"},"modified":"2026-04-10T12:54:09","modified_gmt":"2026-04-10T10:54:09","slug":"varrasmentes-also-tilly","status":"publish","type":"product","link":"https:\/\/belovedlingerie.com\/hu\/termek\/varrasmentes-also-tilly\/","title":{"rendered":"Varr\u00e1smentes als\u00f3 TILLY"},"content":{"rendered":"<ul>\n<li dir=\"auto\">Ingyenes feh\u00e9rnem\u0171 k\u00e9nyelmes anyagb\u00f3l.<\/li>\n<li dir=\"auto\">K\u00e9nyelmes a mindennapi viselethez \u00e9s l\u00e1thatatlan a ruh\u00e1k alatt.<\/li>\n<li>L\u00e1gy, b\u0151rbar\u00e1t anyagokb\u00f3l k\u00e9sz\u00fclt.<\/li>\n<li>Bugyi t\u00edpusa: brazil r\u00f6vidnadr\u00e1g.<\/li>\n<li>Sz\u00edne: b\u00e9zs.<\/li>\n<li>A modell S-es ruham\u00e9retet visel.<\/li>\n<li>A k\u00e9peken l\u00e1that\u00f3 feh\u00e9rnem\u0171 sz\u00ednei a telefon vagy a sz\u00e1m\u00edt\u00f3g\u00e9p be\u00e1ll\u00edt\u00e1sai miatt kiss\u00e9 elt\u00e9rhetnek a t\u00e9nyleges sz\u00ednekt\u0151l.<\/li>\n<li>\u00f6sszet\u00e9tel: 85% poliamid, 15% elaszt\u00e1n.<\/li>\n<\/ul>\n","protected":false},"excerpt":{"rendered":"<p>Ingyenes feh\u00e9rnem\u0171 k\u00e9nyelmes anyagb\u00f3l. K\u00e9nyelmes a mindennapi viselethez \u00e9s l\u00e1thatatlan a ruh\u00e1k alatt. L\u00e1gy, b\u0151rbar\u00e1t anyagokb\u00f3l k\u00e9sz\u00fclt. Bugyi t\u00edpusa: brazil r\u00f6vidnadr\u00e1g. Sz\u00edne: b\u00e9zs. A modell S-es ruham\u00e9retet visel. A k\u00e9peken l\u00e1that\u00f3 feh\u00e9rnem\u0171 sz\u00ednei a telefon vagy a sz\u00e1m\u00edt\u00f3g\u00e9p be\u00e1ll\u00edt\u00e1sai miatt kiss\u00e9 elt\u00e9rhetnek a t\u00e9nyleges sz\u00ednekt\u0151l. \u00f6sszet\u00e9tel: 85% poliamid, 15% elaszt\u00e1n.<\/p>\n","protected":false},"featured_media":10059352,"comment_status":"closed","ping_status":"closed","template":"","meta":{"_acf_changed":false},"product_cat":[217,216,213,197],"product_tag":[],"class_list":{"0":"post-10059171","1":"product","2":"type-product","3":"status-publish","4":"has-post-thumbnail","6":"product_cat-alsok1","7":"product_cat-varrat-nelkuli-fehernemu","8":"product_cat-alsok","9":"product_cat-back-to-basics","11":"first","12":"instock","13":"taxable","14":"shipping-taxable","15":"purchasable","16":"product-type-variable"},"acf":[],"yoast_head":"<!-- This site is optimized with the Yoast SEO plugin v22.3 - https:\/\/yoast.com\/wordpress\/plugins\/seo\/ -->\n<title>Varr\u00e1smentes als\u00f3 TILLY - Beloved Lingerie<\/title>\n<meta name=\"robots\" content=\"index, follow, max-snippet:-1, max-image-preview:large, max-video-preview:-1\" \/>\n<link rel=\"canonical\" href=\"https:\/\/belovedlingerie.com\/hu\/termek\/varrasmentes-also-tilly\/\" \/>\n<meta property=\"og:locale\" content=\"hu_HU\" \/>\n<meta property=\"og:type\" content=\"article\" \/>\n<meta property=\"og:title\" content=\"Varr\u00e1smentes als\u00f3 TILLY - Beloved Lingerie\" \/>\n<meta property=\"og:description\" content=\"Ingyenes feh\u00e9rnem\u0171 k\u00e9nyelmes anyagb\u00f3l. K\u00e9nyelmes a mindennapi viselethez \u00e9s l\u00e1thatatlan a ruh\u00e1k alatt. L\u00e1gy, b\u0151rbar\u00e1t anyagokb\u00f3l k\u00e9sz\u00fclt. Bugyi t\u00edpusa: brazil r\u00f6vidnadr\u00e1g. Sz\u00edne: b\u00e9zs. A modell S-es ruham\u00e9retet visel. A k\u00e9peken l\u00e1that\u00f3 feh\u00e9rnem\u0171 sz\u00ednei a telefon vagy a sz\u00e1m\u00edt\u00f3g\u00e9p be\u00e1ll\u00edt\u00e1sai miatt kiss\u00e9 elt\u00e9rhetnek a t\u00e9nyleges sz\u00ednekt\u0151l. \u00f6sszet\u00e9tel: 85% poliamid, 15% elaszt\u00e1n.\" \/>\n<meta property=\"og:url\" content=\"https:\/\/belovedlingerie.com\/hu\/termek\/varrasmentes-also-tilly\/\" \/>\n<meta property=\"og:site_name\" content=\"Beloved Lingerie\" \/>\n<meta property=\"article:modified_time\" content=\"2026-04-10T10:54:09+00:00\" \/>\n<meta property=\"og:image\" content=\"https:\/\/belovedlingerie.com\/hu\/wp-content\/uploads\/2024\/03\/Brezsivne-spodnje-hlacke-TILLY-5.jpg\" \/>\n\t<meta property=\"og:image:width\" content=\"1568\" \/>\n\t<meta property=\"og:image:height\" content=\"2352\" \/>\n\t<meta property=\"og:image:type\" content=\"image\/jpeg\" \/>\n<meta name=\"twitter:card\" content=\"summary_large_image\" \/>\n<meta name=\"twitter:label1\" content=\"Becs\u00fclt olvas\u00e1si id\u0151\" \/>\n\t<meta name=\"twitter:data1\" content=\"1 perc\" \/>\n<script type=\"application\/ld+json\" class=\"yoast-schema-graph\">{\"@context\":\"https:\/\/schema.org\",\"@graph\":[{\"@type\":\"WebPage\",\"@id\":\"https:\/\/belovedlingerie.com\/hu\/termek\/varrasmentes-also-tilly\/\",\"url\":\"https:\/\/belovedlingerie.com\/hu\/termek\/varrasmentes-also-tilly\/\",\"name\":\"Varr\u00e1smentes als\u00f3 TILLY - Beloved Lingerie\",\"isPartOf\":{\"@id\":\"https:\/\/belovedlingerie.com\/hu\/#website\"},\"primaryImageOfPage\":{\"@id\":\"https:\/\/belovedlingerie.com\/hu\/termek\/varrasmentes-also-tilly\/#primaryimage\"},\"image\":{\"@id\":\"https:\/\/belovedlingerie.com\/hu\/termek\/varrasmentes-also-tilly\/#primaryimage\"},\"thumbnailUrl\":\"https:\/\/belovedlingerie.com\/hu\/wp-content\/uploads\/2024\/03\/Brezsivne-spodnje-hlacke-TILLY-5.jpg\",\"datePublished\":\"2024-04-05T05:03:13+00:00\",\"dateModified\":\"2026-04-10T10:54:09+00:00\",\"breadcrumb\":{\"@id\":\"https:\/\/belovedlingerie.com\/hu\/termek\/varrasmentes-also-tilly\/#breadcrumb\"},\"inLanguage\":\"hu\",\"potentialAction\":[{\"@type\":\"ReadAction\",\"target\":[\"https:\/\/belovedlingerie.com\/hu\/termek\/varrasmentes-also-tilly\/\"]}]},{\"@type\":\"ImageObject\",\"inLanguage\":\"hu\",\"@id\":\"https:\/\/belovedlingerie.com\/hu\/termek\/varrasmentes-also-tilly\/#primaryimage\",\"url\":\"https:\/\/belovedlingerie.com\/hu\/wp-content\/uploads\/2024\/03\/Brezsivne-spodnje-hlacke-TILLY-5.jpg\",\"contentUrl\":\"https:\/\/belovedlingerie.com\/hu\/wp-content\/uploads\/2024\/03\/Brezsivne-spodnje-hlacke-TILLY-5.jpg\",\"width\":1568,\"height\":2352},{\"@type\":\"BreadcrumbList\",\"@id\":\"https:\/\/belovedlingerie.com\/hu\/termek\/varrasmentes-also-tilly\/#breadcrumb\",\"itemListElement\":[{\"@type\":\"ListItem\",\"position\":1,\"name\":\"Home\",\"item\":\"https:\/\/belovedlingerie.com\/hu\/\"},{\"@type\":\"ListItem\",\"position\":2,\"name\":\"Shop\",\"item\":\"https:\/\/belovedlingerie.com\/hu\/shop\/\"},{\"@type\":\"ListItem\",\"position\":3,\"name\":\"Varr\u00e1smentes als\u00f3 TILLY\"}]},{\"@type\":\"WebSite\",\"@id\":\"https:\/\/belovedlingerie.com\/hu\/#website\",\"url\":\"https:\/\/belovedlingerie.com\/hu\/\",\"name\":\"Beloved Lingerie\",\"description\":\"Your beloved fashion store!\",\"potentialAction\":[{\"@type\":\"SearchAction\",\"target\":{\"@type\":\"EntryPoint\",\"urlTemplate\":\"https:\/\/belovedlingerie.com\/hu\/?s={search_term_string}\"},\"query-input\":\"required name=search_term_string\"}],\"inLanguage\":\"hu\"}]}<\/script>\n<!-- \/ Yoast SEO plugin. -->","yoast_head_json":{"title":"Varr\u00e1smentes als\u00f3 TILLY - Beloved Lingerie","robots":{"index":"index","follow":"follow","max-snippet":"max-snippet:-1","max-image-preview":"max-image-preview:large","max-video-preview":"max-video-preview:-1"},"canonical":"https:\/\/belovedlingerie.com\/hu\/termek\/varrasmentes-also-tilly\/","og_locale":"hu_HU","og_type":"article","og_title":"Varr\u00e1smentes als\u00f3 TILLY - Beloved Lingerie","og_description":"Ingyenes feh\u00e9rnem\u0171 k\u00e9nyelmes anyagb\u00f3l. K\u00e9nyelmes a mindennapi viselethez \u00e9s l\u00e1thatatlan a ruh\u00e1k alatt. L\u00e1gy, b\u0151rbar\u00e1t anyagokb\u00f3l k\u00e9sz\u00fclt. Bugyi t\u00edpusa: brazil r\u00f6vidnadr\u00e1g. Sz\u00edne: b\u00e9zs. A modell S-es ruham\u00e9retet visel. A k\u00e9peken l\u00e1that\u00f3 feh\u00e9rnem\u0171 sz\u00ednei a telefon vagy a sz\u00e1m\u00edt\u00f3g\u00e9p be\u00e1ll\u00edt\u00e1sai miatt kiss\u00e9 elt\u00e9rhetnek a t\u00e9nyleges sz\u00ednekt\u0151l. \u00f6sszet\u00e9tel: 85% poliamid, 15% elaszt\u00e1n.","og_url":"https:\/\/belovedlingerie.com\/hu\/termek\/varrasmentes-also-tilly\/","og_site_name":"Beloved Lingerie","article_modified_time":"2026-04-10T10:54:09+00:00","og_image":[{"width":1568,"height":2352,"url":"https:\/\/belovedlingerie.com\/hu\/wp-content\/uploads\/2024\/03\/Brezsivne-spodnje-hlacke-TILLY-5.jpg","type":"image\/jpeg"}],"twitter_card":"summary_large_image","twitter_misc":{"Becs\u00fclt olvas\u00e1si id\u0151":"1 perc"},"schema":{"@context":"https:\/\/schema.org","@graph":[{"@type":"WebPage","@id":"https:\/\/belovedlingerie.com\/hu\/termek\/varrasmentes-also-tilly\/","url":"https:\/\/belovedlingerie.com\/hu\/termek\/varrasmentes-also-tilly\/","name":"Varr\u00e1smentes als\u00f3 TILLY - Beloved Lingerie","isPartOf":{"@id":"https:\/\/belovedlingerie.com\/hu\/#website"},"primaryImageOfPage":{"@id":"https:\/\/belovedlingerie.com\/hu\/termek\/varrasmentes-also-tilly\/#primaryimage"},"image":{"@id":"https:\/\/belovedlingerie.com\/hu\/termek\/varrasmentes-also-tilly\/#primaryimage"},"thumbnailUrl":"https:\/\/belovedlingerie.com\/hu\/wp-content\/uploads\/2024\/03\/Brezsivne-spodnje-hlacke-TILLY-5.jpg","datePublished":"2024-04-05T05:03:13+00:00","dateModified":"2026-04-10T10:54:09+00:00","breadcrumb":{"@id":"https:\/\/belovedlingerie.com\/hu\/termek\/varrasmentes-also-tilly\/#breadcrumb"},"inLanguage":"hu","potentialAction":[{"@type":"ReadAction","target":["https:\/\/belovedlingerie.com\/hu\/termek\/varrasmentes-also-tilly\/"]}]},{"@type":"ImageObject","inLanguage":"hu","@id":"https:\/\/belovedlingerie.com\/hu\/termek\/varrasmentes-also-tilly\/#primaryimage","url":"https:\/\/belovedlingerie.com\/hu\/wp-content\/uploads\/2024\/03\/Brezsivne-spodnje-hlacke-TILLY-5.jpg","contentUrl":"https:\/\/belovedlingerie.com\/hu\/wp-content\/uploads\/2024\/03\/Brezsivne-spodnje-hlacke-TILLY-5.jpg","width":1568,"height":2352},{"@type":"BreadcrumbList","@id":"https:\/\/belovedlingerie.com\/hu\/termek\/varrasmentes-also-tilly\/#breadcrumb","itemListElement":[{"@type":"ListItem","position":1,"name":"Home","item":"https:\/\/belovedlingerie.com\/hu\/"},{"@type":"ListItem","position":2,"name":"Shop","item":"https:\/\/belovedlingerie.com\/hu\/shop\/"},{"@type":"ListItem","position":3,"name":"Varr\u00e1smentes als\u00f3 TILLY"}]},{"@type":"WebSite","@id":"https:\/\/belovedlingerie.com\/hu\/#website","url":"https:\/\/belovedlingerie.com\/hu\/","name":"Beloved Lingerie","description":"Your beloved fashion store!","potentialAction":[{"@type":"SearchAction","target":{"@type":"EntryPoint","urlTemplate":"https:\/\/belovedlingerie.com\/hu\/?s={search_term_string}"},"query-input":"required name=search_term_string"}],"inLanguage":"hu"}]}},"_links":{"self":[{"href":"https:\/\/belovedlingerie.com\/hu\/wp-json\/wp\/v2\/product\/10059171","targetHints":{"allow":["GET"]}}],"collection":[{"href":"https:\/\/belovedlingerie.com\/hu\/wp-json\/wp\/v2\/product"}],"about":[{"href":"https:\/\/belovedlingerie.com\/hu\/wp-json\/wp\/v2\/types\/product"}],"replies":[{"embeddable":true,"href":"https:\/\/belovedlingerie.com\/hu\/wp-json\/wp\/v2\/comments?post=10059171"}],"wp:featuredmedia":[{"embeddable":true,"href":"https:\/\/belovedlingerie.com\/hu\/wp-json\/wp\/v2\/media\/10059352"}],"wp:attachment":[{"href":"https:\/\/belovedlingerie.com\/hu\/wp-json\/wp\/v2\/media?parent=10059171"}],"wp:term":[{"taxonomy":"product_cat","embeddable":true,"href":"https:\/\/belovedlingerie.com\/hu\/wp-json\/wp\/v2\/product_cat?post=10059171"},{"taxonomy":"product_tag","embeddable":true,"href":"https:\/\/belovedlingerie.com\/hu\/wp-json\/wp\/v2\/product_tag?post=10059171"}],"curies":[{"name":"wp","href":"https:\/\/api.w.org\/{rel}","templated":true}]}}