{"id":10061299,"date":"2024-09-17T08:43:24","date_gmt":"2024-09-17T06:43:24","guid":{"rendered":"https:\/\/belovedlingerie.com\/hu\/termek\/varrat-nelkuli-melltarto-beatrice-rozsaszin\/"},"modified":"2026-04-19T01:45:49","modified_gmt":"2026-04-18T23:45:49","slug":"varrat-nelkuli-melltarto-beatrice-rozsaszin","status":"publish","type":"product","link":"https:\/\/belovedlingerie.com\/hu\/termek\/varrat-nelkuli-melltarto-beatrice-rozsaszin\/","title":{"rendered":"Varrat n\u00e9lk\u00fcli melltart\u00f3 BEATRICE r\u00f3zsasz\u00edn"},"content":{"rendered":"<ul>\n<li>Brez\u017ei\u010dni melltart\u00f3 k\u00e9nyelmes anyagokb\u00f3l.<\/li>\n<li>Mivel nem tartalmaz merev\u00edt\u0151t, k\u00e9nyelmes a mindennapi viselethez \u00e9s l\u00e1thatatlan a ruh\u00e1k alatt.<\/li>\n<li>K\u00e9nyelmes \u00e9s eleg\u00e1ns.<\/li>\n<li>\u00c1ll\u00edthat\u00f3 p\u00e1ntok.<\/li>\n<li>Sz\u00edn: r\u00f3zsasz\u00edn.<\/li>\n<li>Puh\u00e1k, b\u0151rbar\u00e1t anyagokb\u00f3l k\u00e9sz\u00fclt.<\/li>\n<li>A modell S m\u00e9retet visel.<\/li>\n<li>Az als\u00f3nem\u0171 sz\u00ednei a k\u00e9peken kiss\u00e9 elt\u00e9rhetnek a val\u00f3s sz\u00ednekt\u0151l a telefon vagy a sz\u00e1m\u00edt\u00f3g\u00e9p be\u00e1ll\u00edt\u00e1sai miatt.<\/li>\n<li>\u00d6sszet\u00e9tel: P\u00e1rna: 82% nejlon, 18% spandex; K\u00fcls\u0151 1: 90% modal, 10% spandex, K\u00fcls\u0151 2: 83% nejlon, 17% spandex.<\/li>\n<\/ul>\n","protected":false},"excerpt":{"rendered":"<p>Brez\u017ei\u010dni melltart\u00f3 k\u00e9nyelmes anyagokb\u00f3l. Mivel nem tartalmaz merev\u00edt\u0151t, k\u00e9nyelmes a mindennapi viselethez \u00e9s l\u00e1thatatlan a ruh\u00e1k alatt. K\u00e9nyelmes \u00e9s eleg\u00e1ns. \u00c1ll\u00edthat\u00f3 p\u00e1ntok. Sz\u00edn: r\u00f3zsasz\u00edn. Puh\u00e1k, b\u0151rbar\u00e1t anyagokb\u00f3l k\u00e9sz\u00fclt. A modell S m\u00e9retet visel. Az als\u00f3nem\u0171 sz\u00ednei a k\u00e9peken kiss\u00e9 elt\u00e9rhetnek a val\u00f3s sz\u00ednekt\u0151l a telefon vagy a sz\u00e1m\u00edt\u00f3g\u00e9p be\u00e1ll\u00edt\u00e1sai miatt. \u00d6sszet\u00e9tel: P\u00e1rna: 82% nejlon, 18% [&#8230;]\n","protected":false},"featured_media":10062090,"comment_status":"closed","ping_status":"closed","template":"","meta":{"_acf_changed":false},"product_cat":[244,237,216,197,252,214],"product_tag":[],"class_list":{"0":"post-10061299","1":"product","2":"type-product","3":"status-publish","4":"has-post-thumbnail","6":"product_cat-melltartok-nagyobb-melltartokhoz","7":"product_cat-nagyobb-mellhoz","8":"product_cat-varrat-nelkuli-fehernemu","9":"product_cat-back-to-basics","10":"product_cat-melltartok-varrat-nelkuli-fehernemu","11":"product_cat-melltartok","13":"first","14":"instock","15":"taxable","16":"shipping-taxable","17":"purchasable","18":"product-type-variable"},"acf":[],"yoast_head":"<!-- This site is optimized with the Yoast SEO plugin v22.3 - https:\/\/yoast.com\/wordpress\/plugins\/seo\/ -->\n<title>Varrat n\u00e9lk\u00fcli melltart\u00f3 BEATRICE r\u00f3zsasz\u00edn - Beloved Lingerie<\/title>\n<meta name=\"robots\" content=\"index, follow, max-snippet:-1, max-image-preview:large, max-video-preview:-1\" \/>\n<link rel=\"canonical\" href=\"https:\/\/belovedlingerie.com\/hu\/termek\/varrat-nelkuli-melltarto-beatrice-rozsaszin\/\" \/>\n<meta property=\"og:locale\" content=\"hu_HU\" \/>\n<meta property=\"og:type\" content=\"article\" \/>\n<meta property=\"og:title\" content=\"Varrat n\u00e9lk\u00fcli melltart\u00f3 BEATRICE r\u00f3zsasz\u00edn - Beloved Lingerie\" \/>\n<meta property=\"og:description\" content=\"Brez\u017ei\u010dni melltart\u00f3 k\u00e9nyelmes anyagokb\u00f3l. Mivel nem tartalmaz merev\u00edt\u0151t, k\u00e9nyelmes a mindennapi viselethez \u00e9s l\u00e1thatatlan a ruh\u00e1k alatt. K\u00e9nyelmes \u00e9s eleg\u00e1ns. \u00c1ll\u00edthat\u00f3 p\u00e1ntok. Sz\u00edn: r\u00f3zsasz\u00edn. Puh\u00e1k, b\u0151rbar\u00e1t anyagokb\u00f3l k\u00e9sz\u00fclt. A modell S m\u00e9retet visel. Az als\u00f3nem\u0171 sz\u00ednei a k\u00e9peken kiss\u00e9 elt\u00e9rhetnek a val\u00f3s sz\u00ednekt\u0151l a telefon vagy a sz\u00e1m\u00edt\u00f3g\u00e9p be\u00e1ll\u00edt\u00e1sai miatt. \u00d6sszet\u00e9tel: P\u00e1rna: 82% nejlon, 18% [...]\" \/>\n<meta property=\"og:url\" content=\"https:\/\/belovedlingerie.com\/hu\/termek\/varrat-nelkuli-melltarto-beatrice-rozsaszin\/\" \/>\n<meta property=\"og:site_name\" content=\"Beloved Lingerie\" \/>\n<meta property=\"article:modified_time\" content=\"2026-04-18T23:45:49+00:00\" \/>\n<meta property=\"og:image\" content=\"https:\/\/belovedlingerie.com\/hu\/wp-content\/uploads\/2024\/09\/Brezsivni-nedrcek-BEATRICE-roza-4-scaled-2.jpg\" \/>\n\t<meta property=\"og:image:width\" content=\"1707\" \/>\n\t<meta property=\"og:image:height\" content=\"2560\" \/>\n\t<meta property=\"og:image:type\" content=\"image\/jpeg\" \/>\n<meta name=\"twitter:card\" content=\"summary_large_image\" \/>\n<meta name=\"twitter:label1\" content=\"Becs\u00fclt olvas\u00e1si id\u0151\" \/>\n\t<meta name=\"twitter:data1\" content=\"1 perc\" \/>\n<script type=\"application\/ld+json\" class=\"yoast-schema-graph\">{\"@context\":\"https:\/\/schema.org\",\"@graph\":[{\"@type\":\"WebPage\",\"@id\":\"https:\/\/belovedlingerie.com\/hu\/termek\/varrat-nelkuli-melltarto-beatrice-rozsaszin\/\",\"url\":\"https:\/\/belovedlingerie.com\/hu\/termek\/varrat-nelkuli-melltarto-beatrice-rozsaszin\/\",\"name\":\"Varrat n\u00e9lk\u00fcli melltart\u00f3 BEATRICE r\u00f3zsasz\u00edn - Beloved Lingerie\",\"isPartOf\":{\"@id\":\"https:\/\/belovedlingerie.com\/hu\/#website\"},\"primaryImageOfPage\":{\"@id\":\"https:\/\/belovedlingerie.com\/hu\/termek\/varrat-nelkuli-melltarto-beatrice-rozsaszin\/#primaryimage\"},\"image\":{\"@id\":\"https:\/\/belovedlingerie.com\/hu\/termek\/varrat-nelkuli-melltarto-beatrice-rozsaszin\/#primaryimage\"},\"thumbnailUrl\":\"https:\/\/belovedlingerie.com\/hu\/wp-content\/uploads\/2024\/09\/Brezsivni-nedrcek-BEATRICE-roza-4-scaled-2.jpg\",\"datePublished\":\"2024-09-17T06:43:24+00:00\",\"dateModified\":\"2026-04-18T23:45:49+00:00\",\"breadcrumb\":{\"@id\":\"https:\/\/belovedlingerie.com\/hu\/termek\/varrat-nelkuli-melltarto-beatrice-rozsaszin\/#breadcrumb\"},\"inLanguage\":\"hu\",\"potentialAction\":[{\"@type\":\"ReadAction\",\"target\":[\"https:\/\/belovedlingerie.com\/hu\/termek\/varrat-nelkuli-melltarto-beatrice-rozsaszin\/\"]}]},{\"@type\":\"ImageObject\",\"inLanguage\":\"hu\",\"@id\":\"https:\/\/belovedlingerie.com\/hu\/termek\/varrat-nelkuli-melltarto-beatrice-rozsaszin\/#primaryimage\",\"url\":\"https:\/\/belovedlingerie.com\/hu\/wp-content\/uploads\/2024\/09\/Brezsivni-nedrcek-BEATRICE-roza-4-scaled-2.jpg\",\"contentUrl\":\"https:\/\/belovedlingerie.com\/hu\/wp-content\/uploads\/2024\/09\/Brezsivni-nedrcek-BEATRICE-roza-4-scaled-2.jpg\",\"width\":1707,\"height\":2560},{\"@type\":\"BreadcrumbList\",\"@id\":\"https:\/\/belovedlingerie.com\/hu\/termek\/varrat-nelkuli-melltarto-beatrice-rozsaszin\/#breadcrumb\",\"itemListElement\":[{\"@type\":\"ListItem\",\"position\":1,\"name\":\"Home\",\"item\":\"https:\/\/belovedlingerie.com\/hu\/\"},{\"@type\":\"ListItem\",\"position\":2,\"name\":\"Shop\",\"item\":\"https:\/\/belovedlingerie.com\/hu\/shop\/\"},{\"@type\":\"ListItem\",\"position\":3,\"name\":\"Varrat n\u00e9lk\u00fcli melltart\u00f3 BEATRICE r\u00f3zsasz\u00edn\"}]},{\"@type\":\"WebSite\",\"@id\":\"https:\/\/belovedlingerie.com\/hu\/#website\",\"url\":\"https:\/\/belovedlingerie.com\/hu\/\",\"name\":\"Beloved Lingerie\",\"description\":\"Your beloved fashion store!\",\"potentialAction\":[{\"@type\":\"SearchAction\",\"target\":{\"@type\":\"EntryPoint\",\"urlTemplate\":\"https:\/\/belovedlingerie.com\/hu\/?s={search_term_string}\"},\"query-input\":\"required name=search_term_string\"}],\"inLanguage\":\"hu\"}]}<\/script>\n<!-- \/ Yoast SEO plugin. -->","yoast_head_json":{"title":"Varrat n\u00e9lk\u00fcli melltart\u00f3 BEATRICE r\u00f3zsasz\u00edn - Beloved Lingerie","robots":{"index":"index","follow":"follow","max-snippet":"max-snippet:-1","max-image-preview":"max-image-preview:large","max-video-preview":"max-video-preview:-1"},"canonical":"https:\/\/belovedlingerie.com\/hu\/termek\/varrat-nelkuli-melltarto-beatrice-rozsaszin\/","og_locale":"hu_HU","og_type":"article","og_title":"Varrat n\u00e9lk\u00fcli melltart\u00f3 BEATRICE r\u00f3zsasz\u00edn - Beloved Lingerie","og_description":"Brez\u017ei\u010dni melltart\u00f3 k\u00e9nyelmes anyagokb\u00f3l. Mivel nem tartalmaz merev\u00edt\u0151t, k\u00e9nyelmes a mindennapi viselethez \u00e9s l\u00e1thatatlan a ruh\u00e1k alatt. K\u00e9nyelmes \u00e9s eleg\u00e1ns. \u00c1ll\u00edthat\u00f3 p\u00e1ntok. Sz\u00edn: r\u00f3zsasz\u00edn. Puh\u00e1k, b\u0151rbar\u00e1t anyagokb\u00f3l k\u00e9sz\u00fclt. A modell S m\u00e9retet visel. Az als\u00f3nem\u0171 sz\u00ednei a k\u00e9peken kiss\u00e9 elt\u00e9rhetnek a val\u00f3s sz\u00ednekt\u0151l a telefon vagy a sz\u00e1m\u00edt\u00f3g\u00e9p be\u00e1ll\u00edt\u00e1sai miatt. \u00d6sszet\u00e9tel: P\u00e1rna: 82% nejlon, 18% [...]","og_url":"https:\/\/belovedlingerie.com\/hu\/termek\/varrat-nelkuli-melltarto-beatrice-rozsaszin\/","og_site_name":"Beloved Lingerie","article_modified_time":"2026-04-18T23:45:49+00:00","og_image":[{"width":1707,"height":2560,"url":"https:\/\/belovedlingerie.com\/hu\/wp-content\/uploads\/2024\/09\/Brezsivni-nedrcek-BEATRICE-roza-4-scaled-2.jpg","type":"image\/jpeg"}],"twitter_card":"summary_large_image","twitter_misc":{"Becs\u00fclt olvas\u00e1si id\u0151":"1 perc"},"schema":{"@context":"https:\/\/schema.org","@graph":[{"@type":"WebPage","@id":"https:\/\/belovedlingerie.com\/hu\/termek\/varrat-nelkuli-melltarto-beatrice-rozsaszin\/","url":"https:\/\/belovedlingerie.com\/hu\/termek\/varrat-nelkuli-melltarto-beatrice-rozsaszin\/","name":"Varrat n\u00e9lk\u00fcli melltart\u00f3 BEATRICE r\u00f3zsasz\u00edn - Beloved Lingerie","isPartOf":{"@id":"https:\/\/belovedlingerie.com\/hu\/#website"},"primaryImageOfPage":{"@id":"https:\/\/belovedlingerie.com\/hu\/termek\/varrat-nelkuli-melltarto-beatrice-rozsaszin\/#primaryimage"},"image":{"@id":"https:\/\/belovedlingerie.com\/hu\/termek\/varrat-nelkuli-melltarto-beatrice-rozsaszin\/#primaryimage"},"thumbnailUrl":"https:\/\/belovedlingerie.com\/hu\/wp-content\/uploads\/2024\/09\/Brezsivni-nedrcek-BEATRICE-roza-4-scaled-2.jpg","datePublished":"2024-09-17T06:43:24+00:00","dateModified":"2026-04-18T23:45:49+00:00","breadcrumb":{"@id":"https:\/\/belovedlingerie.com\/hu\/termek\/varrat-nelkuli-melltarto-beatrice-rozsaszin\/#breadcrumb"},"inLanguage":"hu","potentialAction":[{"@type":"ReadAction","target":["https:\/\/belovedlingerie.com\/hu\/termek\/varrat-nelkuli-melltarto-beatrice-rozsaszin\/"]}]},{"@type":"ImageObject","inLanguage":"hu","@id":"https:\/\/belovedlingerie.com\/hu\/termek\/varrat-nelkuli-melltarto-beatrice-rozsaszin\/#primaryimage","url":"https:\/\/belovedlingerie.com\/hu\/wp-content\/uploads\/2024\/09\/Brezsivni-nedrcek-BEATRICE-roza-4-scaled-2.jpg","contentUrl":"https:\/\/belovedlingerie.com\/hu\/wp-content\/uploads\/2024\/09\/Brezsivni-nedrcek-BEATRICE-roza-4-scaled-2.jpg","width":1707,"height":2560},{"@type":"BreadcrumbList","@id":"https:\/\/belovedlingerie.com\/hu\/termek\/varrat-nelkuli-melltarto-beatrice-rozsaszin\/#breadcrumb","itemListElement":[{"@type":"ListItem","position":1,"name":"Home","item":"https:\/\/belovedlingerie.com\/hu\/"},{"@type":"ListItem","position":2,"name":"Shop","item":"https:\/\/belovedlingerie.com\/hu\/shop\/"},{"@type":"ListItem","position":3,"name":"Varrat n\u00e9lk\u00fcli melltart\u00f3 BEATRICE r\u00f3zsasz\u00edn"}]},{"@type":"WebSite","@id":"https:\/\/belovedlingerie.com\/hu\/#website","url":"https:\/\/belovedlingerie.com\/hu\/","name":"Beloved Lingerie","description":"Your beloved fashion store!","potentialAction":[{"@type":"SearchAction","target":{"@type":"EntryPoint","urlTemplate":"https:\/\/belovedlingerie.com\/hu\/?s={search_term_string}"},"query-input":"required name=search_term_string"}],"inLanguage":"hu"}]}},"_links":{"self":[{"href":"https:\/\/belovedlingerie.com\/hu\/wp-json\/wp\/v2\/product\/10061299","targetHints":{"allow":["GET"]}}],"collection":[{"href":"https:\/\/belovedlingerie.com\/hu\/wp-json\/wp\/v2\/product"}],"about":[{"href":"https:\/\/belovedlingerie.com\/hu\/wp-json\/wp\/v2\/types\/product"}],"replies":[{"embeddable":true,"href":"https:\/\/belovedlingerie.com\/hu\/wp-json\/wp\/v2\/comments?post=10061299"}],"wp:featuredmedia":[{"embeddable":true,"href":"https:\/\/belovedlingerie.com\/hu\/wp-json\/wp\/v2\/media\/10062090"}],"wp:attachment":[{"href":"https:\/\/belovedlingerie.com\/hu\/wp-json\/wp\/v2\/media?parent=10061299"}],"wp:term":[{"taxonomy":"product_cat","embeddable":true,"href":"https:\/\/belovedlingerie.com\/hu\/wp-json\/wp\/v2\/product_cat?post=10061299"},{"taxonomy":"product_tag","embeddable":true,"href":"https:\/\/belovedlingerie.com\/hu\/wp-json\/wp\/v2\/product_tag?post=10061299"}],"curies":[{"name":"wp","href":"https:\/\/api.w.org\/{rel}","templated":true}]}}