{"id":10061354,"date":"2024-09-17T08:43:24","date_gmt":"2024-09-17T06:43:24","guid":{"rendered":"https:\/\/belovedlingerie.com\/hu\/termek\/varrat-nelkuli-melltarto-amanda-bezs\/"},"modified":"2026-04-15T07:36:17","modified_gmt":"2026-04-15T05:36:17","slug":"varrat-nelkuli-melltarto-amanda-bezs","status":"publish","type":"product","link":"https:\/\/belovedlingerie.com\/hu\/termek\/varrat-nelkuli-melltarto-amanda-bezs\/","title":{"rendered":"Varrat n\u00e9lk\u00fcli melltart\u00f3 AMANDA b\u00e9zs"},"content":{"rendered":"<ul>\n<li>Brez\u0161ivni nedr\u010dek iz udobnih materialov.<\/li>\n<li>Ker ne vsebuje podporne \u017eice, je udoben za vsakodnevno no\u0161enje in neviden pod obla\u010dili.\u00a0<\/li>\n<li>Udoben in eleganten.<\/li>\n<li>Nastavljive naramnice.<\/li>\n<li>Naramnice se lahko snamejo.<\/li>\n<li>Mo\u017enost reguliranja obsega modr\u010dka in pasu z dr\u017eki.<\/li>\n<li>Podlo\u017eene blazinice.<\/li>\n<li>Zapiranje na kavelj\u010dke.<\/li>\n<li>Barva: be\u017e.<\/li>\n<li>Narejen iz mehkih, ko\u017ei prijaznih materialov.<\/li>\n<li>Model nosi konfekcijsko \u0161tevilko M.<\/li>\n<li>Barve spodnjega perila na slikah se lahko nekoliko razlikujejo od dejanskih barv, zaradi nastavitev telefona ali ra\u010dunalnika.<\/li>\n<li>Sestava: Blazinica: 82% najlon, 18% spandex; Zunanjost 1: 90% modal, 10% spandex, Zunanjost 2: 83% najlon, 17% spandex.<\/li>\n<\/ul>\n","protected":false},"excerpt":{"rendered":"<p>Brez\u0161ivni nedr\u010dek iz udobnih materialov. Ker ne vsebuje podporne \u017eice, je udoben za vsakodnevno no\u0161enje in neviden pod obla\u010dili.\u00a0 Udoben in eleganten. Nastavljive naramnice. Naramnice se lahko snamejo. Mo\u017enost reguliranja obsega modr\u010dka in pasu z dr\u017eki. Podlo\u017eene blazinice. Zapiranje na kavelj\u010dke. Barva: be\u017e. Narejen iz mehkih, ko\u017ei prijaznih materialov. Model nosi konfekcijsko \u0161tevilko M. Barve [&#8230;]\n","protected":false},"featured_media":10062117,"comment_status":"closed","ping_status":"closed","template":"","meta":{"_acf_changed":false},"product_cat":[244,237,216,197,252,214],"product_tag":[],"class_list":{"0":"post-10061354","1":"product","2":"type-product","3":"status-publish","4":"has-post-thumbnail","6":"product_cat-melltartok-nagyobb-melltartokhoz","7":"product_cat-nagyobb-mellhoz","8":"product_cat-varrat-nelkuli-fehernemu","9":"product_cat-back-to-basics","10":"product_cat-melltartok-varrat-nelkuli-fehernemu","11":"product_cat-melltartok","13":"first","14":"instock","15":"taxable","16":"shipping-taxable","17":"purchasable","18":"product-type-variable"},"acf":[],"yoast_head":"<!-- This site is optimized with the Yoast SEO plugin v22.3 - https:\/\/yoast.com\/wordpress\/plugins\/seo\/ -->\n<title>Varrat n\u00e9lk\u00fcli melltart\u00f3 AMANDA b\u00e9zs - Beloved Lingerie<\/title>\n<meta name=\"robots\" content=\"index, follow, max-snippet:-1, max-image-preview:large, max-video-preview:-1\" \/>\n<link rel=\"canonical\" href=\"https:\/\/belovedlingerie.com\/hu\/termek\/varrat-nelkuli-melltarto-amanda-bezs\/\" \/>\n<meta property=\"og:locale\" content=\"hu_HU\" \/>\n<meta property=\"og:type\" content=\"article\" \/>\n<meta property=\"og:title\" content=\"Varrat n\u00e9lk\u00fcli melltart\u00f3 AMANDA b\u00e9zs - Beloved Lingerie\" \/>\n<meta property=\"og:description\" content=\"Brez\u0161ivni nedr\u010dek iz udobnih materialov. Ker ne vsebuje podporne \u017eice, je udoben za vsakodnevno no\u0161enje in neviden pod obla\u010dili.\u00a0 Udoben in eleganten. Nastavljive naramnice. Naramnice se lahko snamejo. Mo\u017enost reguliranja obsega modr\u010dka in pasu z dr\u017eki. Podlo\u017eene blazinice. Zapiranje na kavelj\u010dke. Barva: be\u017e. Narejen iz mehkih, ko\u017ei prijaznih materialov. Model nosi konfekcijsko \u0161tevilko M. Barve [...]\" \/>\n<meta property=\"og:url\" content=\"https:\/\/belovedlingerie.com\/hu\/termek\/varrat-nelkuli-melltarto-amanda-bezs\/\" \/>\n<meta property=\"og:site_name\" content=\"Beloved Lingerie\" \/>\n<meta property=\"article:modified_time\" content=\"2026-04-15T05:36:17+00:00\" \/>\n<meta property=\"og:image\" content=\"https:\/\/belovedlingerie.com\/hu\/wp-content\/uploads\/2024\/09\/Brezsivni-nedrcek-AMANDA-bez-5-scaled-3.jpg\" \/>\n\t<meta property=\"og:image:width\" content=\"1707\" \/>\n\t<meta property=\"og:image:height\" content=\"2560\" \/>\n\t<meta property=\"og:image:type\" content=\"image\/jpeg\" \/>\n<meta name=\"twitter:card\" content=\"summary_large_image\" \/>\n<script type=\"application\/ld+json\" class=\"yoast-schema-graph\">{\"@context\":\"https:\/\/schema.org\",\"@graph\":[{\"@type\":\"WebPage\",\"@id\":\"https:\/\/belovedlingerie.com\/hu\/termek\/varrat-nelkuli-melltarto-amanda-bezs\/\",\"url\":\"https:\/\/belovedlingerie.com\/hu\/termek\/varrat-nelkuli-melltarto-amanda-bezs\/\",\"name\":\"Varrat n\u00e9lk\u00fcli melltart\u00f3 AMANDA b\u00e9zs - Beloved Lingerie\",\"isPartOf\":{\"@id\":\"https:\/\/belovedlingerie.com\/hu\/#website\"},\"primaryImageOfPage\":{\"@id\":\"https:\/\/belovedlingerie.com\/hu\/termek\/varrat-nelkuli-melltarto-amanda-bezs\/#primaryimage\"},\"image\":{\"@id\":\"https:\/\/belovedlingerie.com\/hu\/termek\/varrat-nelkuli-melltarto-amanda-bezs\/#primaryimage\"},\"thumbnailUrl\":\"https:\/\/belovedlingerie.com\/hu\/wp-content\/uploads\/2024\/09\/Brezsivni-nedrcek-AMANDA-bez-5-scaled-3.jpg\",\"datePublished\":\"2024-09-17T06:43:24+00:00\",\"dateModified\":\"2026-04-15T05:36:17+00:00\",\"breadcrumb\":{\"@id\":\"https:\/\/belovedlingerie.com\/hu\/termek\/varrat-nelkuli-melltarto-amanda-bezs\/#breadcrumb\"},\"inLanguage\":\"hu\",\"potentialAction\":[{\"@type\":\"ReadAction\",\"target\":[\"https:\/\/belovedlingerie.com\/hu\/termek\/varrat-nelkuli-melltarto-amanda-bezs\/\"]}]},{\"@type\":\"ImageObject\",\"inLanguage\":\"hu\",\"@id\":\"https:\/\/belovedlingerie.com\/hu\/termek\/varrat-nelkuli-melltarto-amanda-bezs\/#primaryimage\",\"url\":\"https:\/\/belovedlingerie.com\/hu\/wp-content\/uploads\/2024\/09\/Brezsivni-nedrcek-AMANDA-bez-5-scaled-3.jpg\",\"contentUrl\":\"https:\/\/belovedlingerie.com\/hu\/wp-content\/uploads\/2024\/09\/Brezsivni-nedrcek-AMANDA-bez-5-scaled-3.jpg\",\"width\":1707,\"height\":2560},{\"@type\":\"BreadcrumbList\",\"@id\":\"https:\/\/belovedlingerie.com\/hu\/termek\/varrat-nelkuli-melltarto-amanda-bezs\/#breadcrumb\",\"itemListElement\":[{\"@type\":\"ListItem\",\"position\":1,\"name\":\"Home\",\"item\":\"https:\/\/belovedlingerie.com\/hu\/\"},{\"@type\":\"ListItem\",\"position\":2,\"name\":\"Shop\",\"item\":\"https:\/\/belovedlingerie.com\/hu\/shop\/\"},{\"@type\":\"ListItem\",\"position\":3,\"name\":\"Varrat n\u00e9lk\u00fcli melltart\u00f3 AMANDA b\u00e9zs\"}]},{\"@type\":\"WebSite\",\"@id\":\"https:\/\/belovedlingerie.com\/hu\/#website\",\"url\":\"https:\/\/belovedlingerie.com\/hu\/\",\"name\":\"Beloved Lingerie\",\"description\":\"Your beloved fashion store!\",\"potentialAction\":[{\"@type\":\"SearchAction\",\"target\":{\"@type\":\"EntryPoint\",\"urlTemplate\":\"https:\/\/belovedlingerie.com\/hu\/?s={search_term_string}\"},\"query-input\":\"required name=search_term_string\"}],\"inLanguage\":\"hu\"}]}<\/script>\n<!-- \/ Yoast SEO plugin. -->","yoast_head_json":{"title":"Varrat n\u00e9lk\u00fcli melltart\u00f3 AMANDA b\u00e9zs - Beloved Lingerie","robots":{"index":"index","follow":"follow","max-snippet":"max-snippet:-1","max-image-preview":"max-image-preview:large","max-video-preview":"max-video-preview:-1"},"canonical":"https:\/\/belovedlingerie.com\/hu\/termek\/varrat-nelkuli-melltarto-amanda-bezs\/","og_locale":"hu_HU","og_type":"article","og_title":"Varrat n\u00e9lk\u00fcli melltart\u00f3 AMANDA b\u00e9zs - Beloved Lingerie","og_description":"Brez\u0161ivni nedr\u010dek iz udobnih materialov. Ker ne vsebuje podporne \u017eice, je udoben za vsakodnevno no\u0161enje in neviden pod obla\u010dili.\u00a0 Udoben in eleganten. Nastavljive naramnice. Naramnice se lahko snamejo. Mo\u017enost reguliranja obsega modr\u010dka in pasu z dr\u017eki. Podlo\u017eene blazinice. Zapiranje na kavelj\u010dke. Barva: be\u017e. Narejen iz mehkih, ko\u017ei prijaznih materialov. Model nosi konfekcijsko \u0161tevilko M. Barve [...]","og_url":"https:\/\/belovedlingerie.com\/hu\/termek\/varrat-nelkuli-melltarto-amanda-bezs\/","og_site_name":"Beloved Lingerie","article_modified_time":"2026-04-15T05:36:17+00:00","og_image":[{"width":1707,"height":2560,"url":"https:\/\/belovedlingerie.com\/hu\/wp-content\/uploads\/2024\/09\/Brezsivni-nedrcek-AMANDA-bez-5-scaled-3.jpg","type":"image\/jpeg"}],"twitter_card":"summary_large_image","schema":{"@context":"https:\/\/schema.org","@graph":[{"@type":"WebPage","@id":"https:\/\/belovedlingerie.com\/hu\/termek\/varrat-nelkuli-melltarto-amanda-bezs\/","url":"https:\/\/belovedlingerie.com\/hu\/termek\/varrat-nelkuli-melltarto-amanda-bezs\/","name":"Varrat n\u00e9lk\u00fcli melltart\u00f3 AMANDA b\u00e9zs - Beloved Lingerie","isPartOf":{"@id":"https:\/\/belovedlingerie.com\/hu\/#website"},"primaryImageOfPage":{"@id":"https:\/\/belovedlingerie.com\/hu\/termek\/varrat-nelkuli-melltarto-amanda-bezs\/#primaryimage"},"image":{"@id":"https:\/\/belovedlingerie.com\/hu\/termek\/varrat-nelkuli-melltarto-amanda-bezs\/#primaryimage"},"thumbnailUrl":"https:\/\/belovedlingerie.com\/hu\/wp-content\/uploads\/2024\/09\/Brezsivni-nedrcek-AMANDA-bez-5-scaled-3.jpg","datePublished":"2024-09-17T06:43:24+00:00","dateModified":"2026-04-15T05:36:17+00:00","breadcrumb":{"@id":"https:\/\/belovedlingerie.com\/hu\/termek\/varrat-nelkuli-melltarto-amanda-bezs\/#breadcrumb"},"inLanguage":"hu","potentialAction":[{"@type":"ReadAction","target":["https:\/\/belovedlingerie.com\/hu\/termek\/varrat-nelkuli-melltarto-amanda-bezs\/"]}]},{"@type":"ImageObject","inLanguage":"hu","@id":"https:\/\/belovedlingerie.com\/hu\/termek\/varrat-nelkuli-melltarto-amanda-bezs\/#primaryimage","url":"https:\/\/belovedlingerie.com\/hu\/wp-content\/uploads\/2024\/09\/Brezsivni-nedrcek-AMANDA-bez-5-scaled-3.jpg","contentUrl":"https:\/\/belovedlingerie.com\/hu\/wp-content\/uploads\/2024\/09\/Brezsivni-nedrcek-AMANDA-bez-5-scaled-3.jpg","width":1707,"height":2560},{"@type":"BreadcrumbList","@id":"https:\/\/belovedlingerie.com\/hu\/termek\/varrat-nelkuli-melltarto-amanda-bezs\/#breadcrumb","itemListElement":[{"@type":"ListItem","position":1,"name":"Home","item":"https:\/\/belovedlingerie.com\/hu\/"},{"@type":"ListItem","position":2,"name":"Shop","item":"https:\/\/belovedlingerie.com\/hu\/shop\/"},{"@type":"ListItem","position":3,"name":"Varrat n\u00e9lk\u00fcli melltart\u00f3 AMANDA b\u00e9zs"}]},{"@type":"WebSite","@id":"https:\/\/belovedlingerie.com\/hu\/#website","url":"https:\/\/belovedlingerie.com\/hu\/","name":"Beloved Lingerie","description":"Your beloved fashion store!","potentialAction":[{"@type":"SearchAction","target":{"@type":"EntryPoint","urlTemplate":"https:\/\/belovedlingerie.com\/hu\/?s={search_term_string}"},"query-input":"required name=search_term_string"}],"inLanguage":"hu"}]}},"_links":{"self":[{"href":"https:\/\/belovedlingerie.com\/hu\/wp-json\/wp\/v2\/product\/10061354","targetHints":{"allow":["GET"]}}],"collection":[{"href":"https:\/\/belovedlingerie.com\/hu\/wp-json\/wp\/v2\/product"}],"about":[{"href":"https:\/\/belovedlingerie.com\/hu\/wp-json\/wp\/v2\/types\/product"}],"replies":[{"embeddable":true,"href":"https:\/\/belovedlingerie.com\/hu\/wp-json\/wp\/v2\/comments?post=10061354"}],"wp:featuredmedia":[{"embeddable":true,"href":"https:\/\/belovedlingerie.com\/hu\/wp-json\/wp\/v2\/media\/10062117"}],"wp:attachment":[{"href":"https:\/\/belovedlingerie.com\/hu\/wp-json\/wp\/v2\/media?parent=10061354"}],"wp:term":[{"taxonomy":"product_cat","embeddable":true,"href":"https:\/\/belovedlingerie.com\/hu\/wp-json\/wp\/v2\/product_cat?post=10061354"},{"taxonomy":"product_tag","embeddable":true,"href":"https:\/\/belovedlingerie.com\/hu\/wp-json\/wp\/v2\/product_tag?post=10061354"}],"curies":[{"name":"wp","href":"https:\/\/api.w.org\/{rel}","templated":true}]}}