{"id":10061971,"date":"2024-09-17T08:44:50","date_gmt":"2024-09-17T06:44:50","guid":{"rendered":"https:\/\/belovedlingerie.com\/hu\/termek\/alakformalo-bugyi-hourglass-bezs\/"},"modified":"2026-02-18T07:42:56","modified_gmt":"2026-02-18T06:42:56","slug":"alakformalo-bugyi-hourglass-bezs","status":"publish","type":"product","link":"https:\/\/belovedlingerie.com\/hu\/termek\/alakformalo-bugyi-hourglass-bezs\/","title":{"rendered":"Alakform\u00e1l\u00f3 bugyi HOURGLASS b\u00e9zs"},"content":{"rendered":"<ul>\n<li class=\"uspikona\">Selymesen puha anyag, kellemes tapint\u00e1s\u00fa<\/li>\n<li class=\"uspikona\">Rendk\u00edv\u00fcl rugalmas \u00e9s nagyon tart\u00f3s anyag<\/li>\n<li class=\"uspikona\">Magas der\u00e9k<\/li>\n<li class=\"uspikona\">Form\u00e1lja a hasat \u00e9s a derekat.<\/li>\n<li>Sz\u00edn: b\u00e9zs<\/li>\n<li>Bugyi t\u00edpus: tanga.<\/li>\n<li class=\"uspikona\">A bels\u0151 oldalon l\u00e9v\u0151 szilikon szalag megakad\u00e1lyozza a felcsavarod\u00e1st<\/li>\n<li class=\"uspikona\">C\u00e9lzott kompresszi\u00f3 a karcs\u00fa n\u0151i sziluett\u00e9rt.<\/li>\n<li>A modell S m\u00e9retet visel.<\/li>\n<li>A k\u00e9peken l\u00e1that\u00f3 feh\u00e9rnem\u0171 sz\u00ednei kiss\u00e9 elt\u00e9rhetnek a val\u00f3s sz\u00ednekt\u0151l a telefon vagy a sz\u00e1m\u00edt\u00f3g\u00e9p be\u00e1ll\u00edt\u00e1sai miatt.<\/li>\n<li>\u00d6sszet\u00e9tel: 90% poli\u00e9szter, 10% spandex.<\/li>\n<\/ul>\n","protected":false},"excerpt":{"rendered":"<p>Selymesen puha anyag, kellemes tapint\u00e1s\u00fa Rendk\u00edv\u00fcl rugalmas \u00e9s nagyon tart\u00f3s anyag Magas der\u00e9k Form\u00e1lja a hasat \u00e9s a derekat. Sz\u00edn: b\u00e9zs Bugyi t\u00edpus: tanga. A bels\u0151 oldalon l\u00e9v\u0151 szilikon szalag megakad\u00e1lyozza a felcsavarod\u00e1st C\u00e9lzott kompresszi\u00f3 a karcs\u00fa n\u0151i sziluett\u00e9rt. A modell S m\u00e9retet visel. A k\u00e9peken l\u00e1that\u00f3 feh\u00e9rnem\u0171 sz\u00ednei kiss\u00e9 elt\u00e9rhetnek a val\u00f3s sz\u00ednekt\u0151l a [&#8230;]\n","protected":false},"featured_media":10062519,"comment_status":"closed","ping_status":"open","template":"","meta":{"_acf_changed":false},"product_cat":[238],"product_tag":[],"class_list":{"0":"post-10061971","1":"product","2":"type-product","3":"status-publish","4":"has-post-thumbnail","6":"product_cat-alakformalo-fehernemu","8":"first","9":"instock","10":"taxable","11":"shipping-taxable","12":"purchasable","13":"product-type-variable"},"acf":[],"yoast_head":"<!-- This site is optimized with the Yoast SEO plugin v22.3 - https:\/\/yoast.com\/wordpress\/plugins\/seo\/ -->\n<title>Alakform\u00e1l\u00f3 bugyi HOURGLASS b\u00e9zs - Beloved Lingerie<\/title>\n<meta name=\"robots\" content=\"index, follow, max-snippet:-1, max-image-preview:large, max-video-preview:-1\" \/>\n<link rel=\"canonical\" href=\"https:\/\/belovedlingerie.com\/hu\/termek\/alakformalo-bugyi-hourglass-bezs\/\" \/>\n<meta property=\"og:locale\" content=\"hu_HU\" \/>\n<meta property=\"og:type\" content=\"article\" \/>\n<meta property=\"og:title\" content=\"Alakform\u00e1l\u00f3 bugyi HOURGLASS b\u00e9zs - Beloved Lingerie\" \/>\n<meta property=\"og:description\" content=\"Selymesen puha anyag, kellemes tapint\u00e1s\u00fa Rendk\u00edv\u00fcl rugalmas \u00e9s nagyon tart\u00f3s anyag Magas der\u00e9k Form\u00e1lja a hasat \u00e9s a derekat. Sz\u00edn: b\u00e9zs Bugyi t\u00edpus: tanga. A bels\u0151 oldalon l\u00e9v\u0151 szilikon szalag megakad\u00e1lyozza a felcsavarod\u00e1st C\u00e9lzott kompresszi\u00f3 a karcs\u00fa n\u0151i sziluett\u00e9rt. A modell S m\u00e9retet visel. A k\u00e9peken l\u00e1that\u00f3 feh\u00e9rnem\u0171 sz\u00ednei kiss\u00e9 elt\u00e9rhetnek a val\u00f3s sz\u00ednekt\u0151l a [...]\" \/>\n<meta property=\"og:url\" content=\"https:\/\/belovedlingerie.com\/hu\/termek\/alakformalo-bugyi-hourglass-bezs\/\" \/>\n<meta property=\"og:site_name\" content=\"Beloved Lingerie\" \/>\n<meta property=\"article:modified_time\" content=\"2026-02-18T06:42:56+00:00\" \/>\n<meta property=\"og:image\" content=\"https:\/\/belovedlingerie.com\/hu\/wp-content\/uploads\/2024\/09\/Shapewear-hlacke-HOURGLASS-bez-3-scaled-2.jpg\" \/>\n\t<meta property=\"og:image:width\" content=\"1707\" \/>\n\t<meta property=\"og:image:height\" content=\"2560\" \/>\n\t<meta property=\"og:image:type\" content=\"image\/jpeg\" \/>\n<meta name=\"twitter:card\" content=\"summary_large_image\" \/>\n<script type=\"application\/ld+json\" class=\"yoast-schema-graph\">{\"@context\":\"https:\/\/schema.org\",\"@graph\":[{\"@type\":\"WebPage\",\"@id\":\"https:\/\/belovedlingerie.com\/hu\/termek\/alakformalo-bugyi-hourglass-bezs\/\",\"url\":\"https:\/\/belovedlingerie.com\/hu\/termek\/alakformalo-bugyi-hourglass-bezs\/\",\"name\":\"Alakform\u00e1l\u00f3 bugyi HOURGLASS b\u00e9zs - Beloved Lingerie\",\"isPartOf\":{\"@id\":\"https:\/\/belovedlingerie.com\/hu\/#website\"},\"primaryImageOfPage\":{\"@id\":\"https:\/\/belovedlingerie.com\/hu\/termek\/alakformalo-bugyi-hourglass-bezs\/#primaryimage\"},\"image\":{\"@id\":\"https:\/\/belovedlingerie.com\/hu\/termek\/alakformalo-bugyi-hourglass-bezs\/#primaryimage\"},\"thumbnailUrl\":\"https:\/\/belovedlingerie.com\/hu\/wp-content\/uploads\/2024\/09\/Shapewear-hlacke-HOURGLASS-bez-3-scaled-2.jpg\",\"datePublished\":\"2024-09-17T06:44:50+00:00\",\"dateModified\":\"2026-02-18T06:42:56+00:00\",\"breadcrumb\":{\"@id\":\"https:\/\/belovedlingerie.com\/hu\/termek\/alakformalo-bugyi-hourglass-bezs\/#breadcrumb\"},\"inLanguage\":\"hu\",\"potentialAction\":[{\"@type\":\"ReadAction\",\"target\":[\"https:\/\/belovedlingerie.com\/hu\/termek\/alakformalo-bugyi-hourglass-bezs\/\"]}]},{\"@type\":\"ImageObject\",\"inLanguage\":\"hu\",\"@id\":\"https:\/\/belovedlingerie.com\/hu\/termek\/alakformalo-bugyi-hourglass-bezs\/#primaryimage\",\"url\":\"https:\/\/belovedlingerie.com\/hu\/wp-content\/uploads\/2024\/09\/Shapewear-hlacke-HOURGLASS-bez-3-scaled-2.jpg\",\"contentUrl\":\"https:\/\/belovedlingerie.com\/hu\/wp-content\/uploads\/2024\/09\/Shapewear-hlacke-HOURGLASS-bez-3-scaled-2.jpg\",\"width\":1707,\"height\":2560},{\"@type\":\"BreadcrumbList\",\"@id\":\"https:\/\/belovedlingerie.com\/hu\/termek\/alakformalo-bugyi-hourglass-bezs\/#breadcrumb\",\"itemListElement\":[{\"@type\":\"ListItem\",\"position\":1,\"name\":\"Home\",\"item\":\"https:\/\/belovedlingerie.com\/hu\/\"},{\"@type\":\"ListItem\",\"position\":2,\"name\":\"Shop\",\"item\":\"https:\/\/belovedlingerie.com\/hu\/shop\/\"},{\"@type\":\"ListItem\",\"position\":3,\"name\":\"Alakform\u00e1l\u00f3 bugyi HOURGLASS b\u00e9zs\"}]},{\"@type\":\"WebSite\",\"@id\":\"https:\/\/belovedlingerie.com\/hu\/#website\",\"url\":\"https:\/\/belovedlingerie.com\/hu\/\",\"name\":\"Beloved Lingerie\",\"description\":\"Your beloved fashion store!\",\"potentialAction\":[{\"@type\":\"SearchAction\",\"target\":{\"@type\":\"EntryPoint\",\"urlTemplate\":\"https:\/\/belovedlingerie.com\/hu\/?s={search_term_string}\"},\"query-input\":\"required name=search_term_string\"}],\"inLanguage\":\"hu\"}]}<\/script>\n<!-- \/ Yoast SEO plugin. -->","yoast_head_json":{"title":"Alakform\u00e1l\u00f3 bugyi HOURGLASS b\u00e9zs - Beloved Lingerie","robots":{"index":"index","follow":"follow","max-snippet":"max-snippet:-1","max-image-preview":"max-image-preview:large","max-video-preview":"max-video-preview:-1"},"canonical":"https:\/\/belovedlingerie.com\/hu\/termek\/alakformalo-bugyi-hourglass-bezs\/","og_locale":"hu_HU","og_type":"article","og_title":"Alakform\u00e1l\u00f3 bugyi HOURGLASS b\u00e9zs - Beloved Lingerie","og_description":"Selymesen puha anyag, kellemes tapint\u00e1s\u00fa Rendk\u00edv\u00fcl rugalmas \u00e9s nagyon tart\u00f3s anyag Magas der\u00e9k Form\u00e1lja a hasat \u00e9s a derekat. Sz\u00edn: b\u00e9zs Bugyi t\u00edpus: tanga. A bels\u0151 oldalon l\u00e9v\u0151 szilikon szalag megakad\u00e1lyozza a felcsavarod\u00e1st C\u00e9lzott kompresszi\u00f3 a karcs\u00fa n\u0151i sziluett\u00e9rt. A modell S m\u00e9retet visel. A k\u00e9peken l\u00e1that\u00f3 feh\u00e9rnem\u0171 sz\u00ednei kiss\u00e9 elt\u00e9rhetnek a val\u00f3s sz\u00ednekt\u0151l a [...]","og_url":"https:\/\/belovedlingerie.com\/hu\/termek\/alakformalo-bugyi-hourglass-bezs\/","og_site_name":"Beloved Lingerie","article_modified_time":"2026-02-18T06:42:56+00:00","og_image":[{"width":1707,"height":2560,"url":"https:\/\/belovedlingerie.com\/hu\/wp-content\/uploads\/2024\/09\/Shapewear-hlacke-HOURGLASS-bez-3-scaled-2.jpg","type":"image\/jpeg"}],"twitter_card":"summary_large_image","schema":{"@context":"https:\/\/schema.org","@graph":[{"@type":"WebPage","@id":"https:\/\/belovedlingerie.com\/hu\/termek\/alakformalo-bugyi-hourglass-bezs\/","url":"https:\/\/belovedlingerie.com\/hu\/termek\/alakformalo-bugyi-hourglass-bezs\/","name":"Alakform\u00e1l\u00f3 bugyi HOURGLASS b\u00e9zs - Beloved Lingerie","isPartOf":{"@id":"https:\/\/belovedlingerie.com\/hu\/#website"},"primaryImageOfPage":{"@id":"https:\/\/belovedlingerie.com\/hu\/termek\/alakformalo-bugyi-hourglass-bezs\/#primaryimage"},"image":{"@id":"https:\/\/belovedlingerie.com\/hu\/termek\/alakformalo-bugyi-hourglass-bezs\/#primaryimage"},"thumbnailUrl":"https:\/\/belovedlingerie.com\/hu\/wp-content\/uploads\/2024\/09\/Shapewear-hlacke-HOURGLASS-bez-3-scaled-2.jpg","datePublished":"2024-09-17T06:44:50+00:00","dateModified":"2026-02-18T06:42:56+00:00","breadcrumb":{"@id":"https:\/\/belovedlingerie.com\/hu\/termek\/alakformalo-bugyi-hourglass-bezs\/#breadcrumb"},"inLanguage":"hu","potentialAction":[{"@type":"ReadAction","target":["https:\/\/belovedlingerie.com\/hu\/termek\/alakformalo-bugyi-hourglass-bezs\/"]}]},{"@type":"ImageObject","inLanguage":"hu","@id":"https:\/\/belovedlingerie.com\/hu\/termek\/alakformalo-bugyi-hourglass-bezs\/#primaryimage","url":"https:\/\/belovedlingerie.com\/hu\/wp-content\/uploads\/2024\/09\/Shapewear-hlacke-HOURGLASS-bez-3-scaled-2.jpg","contentUrl":"https:\/\/belovedlingerie.com\/hu\/wp-content\/uploads\/2024\/09\/Shapewear-hlacke-HOURGLASS-bez-3-scaled-2.jpg","width":1707,"height":2560},{"@type":"BreadcrumbList","@id":"https:\/\/belovedlingerie.com\/hu\/termek\/alakformalo-bugyi-hourglass-bezs\/#breadcrumb","itemListElement":[{"@type":"ListItem","position":1,"name":"Home","item":"https:\/\/belovedlingerie.com\/hu\/"},{"@type":"ListItem","position":2,"name":"Shop","item":"https:\/\/belovedlingerie.com\/hu\/shop\/"},{"@type":"ListItem","position":3,"name":"Alakform\u00e1l\u00f3 bugyi HOURGLASS b\u00e9zs"}]},{"@type":"WebSite","@id":"https:\/\/belovedlingerie.com\/hu\/#website","url":"https:\/\/belovedlingerie.com\/hu\/","name":"Beloved Lingerie","description":"Your beloved fashion store!","potentialAction":[{"@type":"SearchAction","target":{"@type":"EntryPoint","urlTemplate":"https:\/\/belovedlingerie.com\/hu\/?s={search_term_string}"},"query-input":"required name=search_term_string"}],"inLanguage":"hu"}]}},"_links":{"self":[{"href":"https:\/\/belovedlingerie.com\/hu\/wp-json\/wp\/v2\/product\/10061971","targetHints":{"allow":["GET"]}}],"collection":[{"href":"https:\/\/belovedlingerie.com\/hu\/wp-json\/wp\/v2\/product"}],"about":[{"href":"https:\/\/belovedlingerie.com\/hu\/wp-json\/wp\/v2\/types\/product"}],"replies":[{"embeddable":true,"href":"https:\/\/belovedlingerie.com\/hu\/wp-json\/wp\/v2\/comments?post=10061971"}],"wp:featuredmedia":[{"embeddable":true,"href":"https:\/\/belovedlingerie.com\/hu\/wp-json\/wp\/v2\/media\/10062519"}],"wp:attachment":[{"href":"https:\/\/belovedlingerie.com\/hu\/wp-json\/wp\/v2\/media?parent=10061971"}],"wp:term":[{"taxonomy":"product_cat","embeddable":true,"href":"https:\/\/belovedlingerie.com\/hu\/wp-json\/wp\/v2\/product_cat?post=10061971"},{"taxonomy":"product_tag","embeddable":true,"href":"https:\/\/belovedlingerie.com\/hu\/wp-json\/wp\/v2\/product_tag?post=10061971"}],"curies":[{"name":"wp","href":"https:\/\/api.w.org\/{rel}","templated":true}]}}