{"id":10063200,"date":"2025-04-28T20:32:56","date_gmt":"2025-04-28T18:32:56","guid":{"rendered":"https:\/\/belovedlingerie.com\/hu\/?post_type=product&#038;p=10063200"},"modified":"2025-05-07T17:44:27","modified_gmt":"2025-05-07T15:44:27","slug":"ketreszes-furdoruha-acapulco","status":"publish","type":"product","link":"https:\/\/belovedlingerie.com\/hu\/termek\/ketreszes-furdoruha-acapulco\/","title":{"rendered":"K\u00e9tr\u00e9szes f\u00fcrd\u0151ruha ACAPULCO"},"content":{"rendered":"<ul>\n<li>Divatos k\u00e9tr\u00e9szes f\u00fcrd\u0151ruha \u00e1ll\u00edthat\u00f3 p\u00e1ntokkal.<\/li>\n<li>A kosarak p\u00e1rn\u00e1zottak \u00e9s t\u00e1maszt\u00e9kkal rendelkeznek.<\/li>\n<li>\u00d6sszet\u00e9tel: 82% poli\u00e9szter, 18% spandex<\/li>\n<\/ul>\n","protected":false},"excerpt":{"rendered":"<p>Divatos k\u00e9tr\u00e9szes f\u00fcrd\u0151ruha \u00e1ll\u00edthat\u00f3 p\u00e1ntokkal. A kosarak p\u00e1rn\u00e1zottak \u00e9s t\u00e1maszt\u00e9kkal rendelkeznek. \u00d6sszet\u00e9tel: 82% poli\u00e9szter, 18% spandex<\/p>\n","protected":false},"featured_media":10063375,"comment_status":"closed","ping_status":"closed","template":"","meta":{"_acf_changed":false},"product_cat":[255,253],"product_tag":[],"class_list":{"0":"post-10063200","1":"product","2":"type-product","3":"status-publish","4":"has-post-thumbnail","6":"product_cat-furdoruhak","7":"product_cat-tulum-kollekcio","9":"first","10":"instock","11":"taxable","12":"shipping-taxable","13":"purchasable","14":"product-type-variable"},"acf":[],"yoast_head":"<!-- This site is optimized with the Yoast SEO plugin v22.3 - https:\/\/yoast.com\/wordpress\/plugins\/seo\/ -->\n<title>K\u00e9tr\u00e9szes f\u00fcrd\u0151ruha ACAPULCO - Beloved Lingerie<\/title>\n<meta name=\"robots\" content=\"index, follow, max-snippet:-1, max-image-preview:large, max-video-preview:-1\" \/>\n<link rel=\"canonical\" href=\"https:\/\/belovedlingerie.com\/hu\/termek\/ketreszes-furdoruha-acapulco\/\" \/>\n<meta property=\"og:locale\" content=\"hu_HU\" \/>\n<meta property=\"og:type\" content=\"article\" \/>\n<meta property=\"og:title\" content=\"K\u00e9tr\u00e9szes f\u00fcrd\u0151ruha ACAPULCO - Beloved Lingerie\" \/>\n<meta property=\"og:description\" content=\"Divatos k\u00e9tr\u00e9szes f\u00fcrd\u0151ruha \u00e1ll\u00edthat\u00f3 p\u00e1ntokkal. A kosarak p\u00e1rn\u00e1zottak \u00e9s t\u00e1maszt\u00e9kkal rendelkeznek. \u00d6sszet\u00e9tel: 82% poli\u00e9szter, 18% spandex\" \/>\n<meta property=\"og:url\" content=\"https:\/\/belovedlingerie.com\/hu\/termek\/ketreszes-furdoruha-acapulco\/\" \/>\n<meta property=\"og:site_name\" content=\"Beloved Lingerie\" \/>\n<meta property=\"article:modified_time\" content=\"2025-05-07T15:44:27+00:00\" \/>\n<meta property=\"og:image\" content=\"https:\/\/belovedlingerie.com\/hu\/wp-content\/uploads\/2025\/04\/ketreszes-furdoruha-2.jpg\" \/>\n\t<meta property=\"og:image:width\" content=\"1468\" \/>\n\t<meta property=\"og:image:height\" content=\"2189\" \/>\n\t<meta property=\"og:image:type\" content=\"image\/jpeg\" \/>\n<meta name=\"twitter:card\" content=\"summary_large_image\" \/>\n<meta name=\"twitter:label1\" content=\"Becs\u00fclt olvas\u00e1si id\u0151\" \/>\n\t<meta name=\"twitter:data1\" content=\"1 perc\" \/>\n<script type=\"application\/ld+json\" class=\"yoast-schema-graph\">{\"@context\":\"https:\/\/schema.org\",\"@graph\":[{\"@type\":\"WebPage\",\"@id\":\"https:\/\/belovedlingerie.com\/hu\/termek\/ketreszes-furdoruha-acapulco\/\",\"url\":\"https:\/\/belovedlingerie.com\/hu\/termek\/ketreszes-furdoruha-acapulco\/\",\"name\":\"K\u00e9tr\u00e9szes f\u00fcrd\u0151ruha ACAPULCO - Beloved Lingerie\",\"isPartOf\":{\"@id\":\"https:\/\/belovedlingerie.com\/hu\/#website\"},\"primaryImageOfPage\":{\"@id\":\"https:\/\/belovedlingerie.com\/hu\/termek\/ketreszes-furdoruha-acapulco\/#primaryimage\"},\"image\":{\"@id\":\"https:\/\/belovedlingerie.com\/hu\/termek\/ketreszes-furdoruha-acapulco\/#primaryimage\"},\"thumbnailUrl\":\"https:\/\/belovedlingerie.com\/hu\/wp-content\/uploads\/2025\/04\/ketreszes-furdoruha-2.jpg\",\"datePublished\":\"2025-04-28T18:32:56+00:00\",\"dateModified\":\"2025-05-07T15:44:27+00:00\",\"breadcrumb\":{\"@id\":\"https:\/\/belovedlingerie.com\/hu\/termek\/ketreszes-furdoruha-acapulco\/#breadcrumb\"},\"inLanguage\":\"hu\",\"potentialAction\":[{\"@type\":\"ReadAction\",\"target\":[\"https:\/\/belovedlingerie.com\/hu\/termek\/ketreszes-furdoruha-acapulco\/\"]}]},{\"@type\":\"ImageObject\",\"inLanguage\":\"hu\",\"@id\":\"https:\/\/belovedlingerie.com\/hu\/termek\/ketreszes-furdoruha-acapulco\/#primaryimage\",\"url\":\"https:\/\/belovedlingerie.com\/hu\/wp-content\/uploads\/2025\/04\/ketreszes-furdoruha-2.jpg\",\"contentUrl\":\"https:\/\/belovedlingerie.com\/hu\/wp-content\/uploads\/2025\/04\/ketreszes-furdoruha-2.jpg\",\"width\":1468,\"height\":2189},{\"@type\":\"BreadcrumbList\",\"@id\":\"https:\/\/belovedlingerie.com\/hu\/termek\/ketreszes-furdoruha-acapulco\/#breadcrumb\",\"itemListElement\":[{\"@type\":\"ListItem\",\"position\":1,\"name\":\"Home\",\"item\":\"https:\/\/belovedlingerie.com\/hu\/\"},{\"@type\":\"ListItem\",\"position\":2,\"name\":\"Shop\",\"item\":\"https:\/\/belovedlingerie.com\/hu\/shop\/\"},{\"@type\":\"ListItem\",\"position\":3,\"name\":\"K\u00e9tr\u00e9szes f\u00fcrd\u0151ruha ACAPULCO\"}]},{\"@type\":\"WebSite\",\"@id\":\"https:\/\/belovedlingerie.com\/hu\/#website\",\"url\":\"https:\/\/belovedlingerie.com\/hu\/\",\"name\":\"Beloved Lingerie\",\"description\":\"Your beloved fashion store!\",\"potentialAction\":[{\"@type\":\"SearchAction\",\"target\":{\"@type\":\"EntryPoint\",\"urlTemplate\":\"https:\/\/belovedlingerie.com\/hu\/?s={search_term_string}\"},\"query-input\":\"required name=search_term_string\"}],\"inLanguage\":\"hu\"}]}<\/script>\n<!-- \/ Yoast SEO plugin. -->","yoast_head_json":{"title":"K\u00e9tr\u00e9szes f\u00fcrd\u0151ruha ACAPULCO - Beloved Lingerie","robots":{"index":"index","follow":"follow","max-snippet":"max-snippet:-1","max-image-preview":"max-image-preview:large","max-video-preview":"max-video-preview:-1"},"canonical":"https:\/\/belovedlingerie.com\/hu\/termek\/ketreszes-furdoruha-acapulco\/","og_locale":"hu_HU","og_type":"article","og_title":"K\u00e9tr\u00e9szes f\u00fcrd\u0151ruha ACAPULCO - Beloved Lingerie","og_description":"Divatos k\u00e9tr\u00e9szes f\u00fcrd\u0151ruha \u00e1ll\u00edthat\u00f3 p\u00e1ntokkal. A kosarak p\u00e1rn\u00e1zottak \u00e9s t\u00e1maszt\u00e9kkal rendelkeznek. \u00d6sszet\u00e9tel: 82% poli\u00e9szter, 18% spandex","og_url":"https:\/\/belovedlingerie.com\/hu\/termek\/ketreszes-furdoruha-acapulco\/","og_site_name":"Beloved Lingerie","article_modified_time":"2025-05-07T15:44:27+00:00","og_image":[{"width":1468,"height":2189,"url":"https:\/\/belovedlingerie.com\/hu\/wp-content\/uploads\/2025\/04\/ketreszes-furdoruha-2.jpg","type":"image\/jpeg"}],"twitter_card":"summary_large_image","twitter_misc":{"Becs\u00fclt olvas\u00e1si id\u0151":"1 perc"},"schema":{"@context":"https:\/\/schema.org","@graph":[{"@type":"WebPage","@id":"https:\/\/belovedlingerie.com\/hu\/termek\/ketreszes-furdoruha-acapulco\/","url":"https:\/\/belovedlingerie.com\/hu\/termek\/ketreszes-furdoruha-acapulco\/","name":"K\u00e9tr\u00e9szes f\u00fcrd\u0151ruha ACAPULCO - Beloved Lingerie","isPartOf":{"@id":"https:\/\/belovedlingerie.com\/hu\/#website"},"primaryImageOfPage":{"@id":"https:\/\/belovedlingerie.com\/hu\/termek\/ketreszes-furdoruha-acapulco\/#primaryimage"},"image":{"@id":"https:\/\/belovedlingerie.com\/hu\/termek\/ketreszes-furdoruha-acapulco\/#primaryimage"},"thumbnailUrl":"https:\/\/belovedlingerie.com\/hu\/wp-content\/uploads\/2025\/04\/ketreszes-furdoruha-2.jpg","datePublished":"2025-04-28T18:32:56+00:00","dateModified":"2025-05-07T15:44:27+00:00","breadcrumb":{"@id":"https:\/\/belovedlingerie.com\/hu\/termek\/ketreszes-furdoruha-acapulco\/#breadcrumb"},"inLanguage":"hu","potentialAction":[{"@type":"ReadAction","target":["https:\/\/belovedlingerie.com\/hu\/termek\/ketreszes-furdoruha-acapulco\/"]}]},{"@type":"ImageObject","inLanguage":"hu","@id":"https:\/\/belovedlingerie.com\/hu\/termek\/ketreszes-furdoruha-acapulco\/#primaryimage","url":"https:\/\/belovedlingerie.com\/hu\/wp-content\/uploads\/2025\/04\/ketreszes-furdoruha-2.jpg","contentUrl":"https:\/\/belovedlingerie.com\/hu\/wp-content\/uploads\/2025\/04\/ketreszes-furdoruha-2.jpg","width":1468,"height":2189},{"@type":"BreadcrumbList","@id":"https:\/\/belovedlingerie.com\/hu\/termek\/ketreszes-furdoruha-acapulco\/#breadcrumb","itemListElement":[{"@type":"ListItem","position":1,"name":"Home","item":"https:\/\/belovedlingerie.com\/hu\/"},{"@type":"ListItem","position":2,"name":"Shop","item":"https:\/\/belovedlingerie.com\/hu\/shop\/"},{"@type":"ListItem","position":3,"name":"K\u00e9tr\u00e9szes f\u00fcrd\u0151ruha ACAPULCO"}]},{"@type":"WebSite","@id":"https:\/\/belovedlingerie.com\/hu\/#website","url":"https:\/\/belovedlingerie.com\/hu\/","name":"Beloved Lingerie","description":"Your beloved fashion store!","potentialAction":[{"@type":"SearchAction","target":{"@type":"EntryPoint","urlTemplate":"https:\/\/belovedlingerie.com\/hu\/?s={search_term_string}"},"query-input":"required name=search_term_string"}],"inLanguage":"hu"}]}},"_links":{"self":[{"href":"https:\/\/belovedlingerie.com\/hu\/wp-json\/wp\/v2\/product\/10063200","targetHints":{"allow":["GET"]}}],"collection":[{"href":"https:\/\/belovedlingerie.com\/hu\/wp-json\/wp\/v2\/product"}],"about":[{"href":"https:\/\/belovedlingerie.com\/hu\/wp-json\/wp\/v2\/types\/product"}],"replies":[{"embeddable":true,"href":"https:\/\/belovedlingerie.com\/hu\/wp-json\/wp\/v2\/comments?post=10063200"}],"wp:featuredmedia":[{"embeddable":true,"href":"https:\/\/belovedlingerie.com\/hu\/wp-json\/wp\/v2\/media\/10063375"}],"wp:attachment":[{"href":"https:\/\/belovedlingerie.com\/hu\/wp-json\/wp\/v2\/media?parent=10063200"}],"wp:term":[{"taxonomy":"product_cat","embeddable":true,"href":"https:\/\/belovedlingerie.com\/hu\/wp-json\/wp\/v2\/product_cat?post=10063200"},{"taxonomy":"product_tag","embeddable":true,"href":"https:\/\/belovedlingerie.com\/hu\/wp-json\/wp\/v2\/product_tag?post=10063200"}],"curies":[{"name":"wp","href":"https:\/\/api.w.org\/{rel}","templated":true}]}}