{"id":10063259,"date":"2025-04-28T20:33:49","date_gmt":"2025-04-28T18:33:49","guid":{"rendered":"https:\/\/belovedlingerie.com\/hu\/?post_type=product&#038;p=10063259"},"modified":"2026-04-10T14:34:08","modified_gmt":"2026-04-10T12:34:08","slug":"ketreszes-furdoruha-saint-lucia-piros","status":"publish","type":"product","link":"https:\/\/belovedlingerie.com\/hu\/termek\/ketreszes-furdoruha-saint-lucia-piros\/","title":{"rendered":"K\u00e9tr\u00e9szes f\u00fcrd\u0151ruha SAINT LUCIA piros"},"content":{"rendered":"<ul>\n<li>Modni dvodelni kopalke brez naramnic.<\/li>\n<li>Podlo\u017een kosarak.<\/li>\n<li>\u00c1ll\u00edthat\u00f3 megk\u00f6t\u00e9ssel.<\/li>\n<li>\u00d6sszet\u00e9tel: 80% nejlon, 20% spandex<\/li>\n<\/ul>\n","protected":false},"excerpt":{"rendered":"<p>Modni dvodelni kopalke brez naramnic. Podlo\u017een kosarak. \u00c1ll\u00edthat\u00f3 megk\u00f6t\u00e9ssel. \u00d6sszet\u00e9tel: 80% nejlon, 20% spandex<\/p>\n","protected":false},"featured_media":10063462,"comment_status":"closed","ping_status":"closed","template":"","meta":{"_acf_changed":false},"product_cat":[255,253],"product_tag":[],"class_list":{"0":"post-10063259","1":"product","2":"type-product","3":"status-publish","4":"has-post-thumbnail","6":"product_cat-furdoruhak","7":"product_cat-tulum-kollekcio","9":"first","10":"instock","11":"taxable","12":"shipping-taxable","13":"purchasable","14":"product-type-variable"},"acf":[],"yoast_head":"<!-- This site is optimized with the Yoast SEO plugin v22.3 - https:\/\/yoast.com\/wordpress\/plugins\/seo\/ -->\n<title>K\u00e9tr\u00e9szes f\u00fcrd\u0151ruha SAINT LUCIA piros - Beloved Lingerie<\/title>\n<meta name=\"robots\" content=\"index, follow, max-snippet:-1, max-image-preview:large, max-video-preview:-1\" \/>\n<link rel=\"canonical\" href=\"https:\/\/belovedlingerie.com\/hu\/termek\/ketreszes-furdoruha-saint-lucia-piros\/\" \/>\n<meta property=\"og:locale\" content=\"hu_HU\" \/>\n<meta property=\"og:type\" content=\"article\" \/>\n<meta property=\"og:title\" content=\"K\u00e9tr\u00e9szes f\u00fcrd\u0151ruha SAINT LUCIA piros - Beloved Lingerie\" \/>\n<meta property=\"og:description\" content=\"Modni dvodelni kopalke brez naramnic. Podlo\u017een kosarak. \u00c1ll\u00edthat\u00f3 megk\u00f6t\u00e9ssel. \u00d6sszet\u00e9tel: 80% nejlon, 20% spandex\" \/>\n<meta property=\"og:url\" content=\"https:\/\/belovedlingerie.com\/hu\/termek\/ketreszes-furdoruha-saint-lucia-piros\/\" \/>\n<meta property=\"og:site_name\" content=\"Beloved Lingerie\" \/>\n<meta property=\"article:modified_time\" content=\"2026-04-10T12:34:08+00:00\" \/>\n<meta property=\"og:image\" content=\"https:\/\/belovedlingerie.com\/hu\/wp-content\/uploads\/2025\/04\/ketreszes-furdoruha-89.jpg\" \/>\n\t<meta property=\"og:image:width\" content=\"1482\" \/>\n\t<meta property=\"og:image:height\" content=\"2210\" \/>\n\t<meta property=\"og:image:type\" content=\"image\/jpeg\" \/>\n<meta name=\"twitter:card\" content=\"summary_large_image\" \/>\n<meta name=\"twitter:label1\" content=\"Becs\u00fclt olvas\u00e1si id\u0151\" \/>\n\t<meta name=\"twitter:data1\" content=\"1 perc\" \/>\n<script type=\"application\/ld+json\" class=\"yoast-schema-graph\">{\"@context\":\"https:\/\/schema.org\",\"@graph\":[{\"@type\":\"WebPage\",\"@id\":\"https:\/\/belovedlingerie.com\/hu\/termek\/ketreszes-furdoruha-saint-lucia-piros\/\",\"url\":\"https:\/\/belovedlingerie.com\/hu\/termek\/ketreszes-furdoruha-saint-lucia-piros\/\",\"name\":\"K\u00e9tr\u00e9szes f\u00fcrd\u0151ruha SAINT LUCIA piros - Beloved Lingerie\",\"isPartOf\":{\"@id\":\"https:\/\/belovedlingerie.com\/hu\/#website\"},\"primaryImageOfPage\":{\"@id\":\"https:\/\/belovedlingerie.com\/hu\/termek\/ketreszes-furdoruha-saint-lucia-piros\/#primaryimage\"},\"image\":{\"@id\":\"https:\/\/belovedlingerie.com\/hu\/termek\/ketreszes-furdoruha-saint-lucia-piros\/#primaryimage\"},\"thumbnailUrl\":\"https:\/\/belovedlingerie.com\/hu\/wp-content\/uploads\/2025\/04\/ketreszes-furdoruha-89.jpg\",\"datePublished\":\"2025-04-28T18:33:49+00:00\",\"dateModified\":\"2026-04-10T12:34:08+00:00\",\"breadcrumb\":{\"@id\":\"https:\/\/belovedlingerie.com\/hu\/termek\/ketreszes-furdoruha-saint-lucia-piros\/#breadcrumb\"},\"inLanguage\":\"hu\",\"potentialAction\":[{\"@type\":\"ReadAction\",\"target\":[\"https:\/\/belovedlingerie.com\/hu\/termek\/ketreszes-furdoruha-saint-lucia-piros\/\"]}]},{\"@type\":\"ImageObject\",\"inLanguage\":\"hu\",\"@id\":\"https:\/\/belovedlingerie.com\/hu\/termek\/ketreszes-furdoruha-saint-lucia-piros\/#primaryimage\",\"url\":\"https:\/\/belovedlingerie.com\/hu\/wp-content\/uploads\/2025\/04\/ketreszes-furdoruha-89.jpg\",\"contentUrl\":\"https:\/\/belovedlingerie.com\/hu\/wp-content\/uploads\/2025\/04\/ketreszes-furdoruha-89.jpg\",\"width\":1482,\"height\":2210},{\"@type\":\"BreadcrumbList\",\"@id\":\"https:\/\/belovedlingerie.com\/hu\/termek\/ketreszes-furdoruha-saint-lucia-piros\/#breadcrumb\",\"itemListElement\":[{\"@type\":\"ListItem\",\"position\":1,\"name\":\"Home\",\"item\":\"https:\/\/belovedlingerie.com\/hu\/\"},{\"@type\":\"ListItem\",\"position\":2,\"name\":\"Shop\",\"item\":\"https:\/\/belovedlingerie.com\/hu\/shop\/\"},{\"@type\":\"ListItem\",\"position\":3,\"name\":\"K\u00e9tr\u00e9szes f\u00fcrd\u0151ruha SAINT LUCIA piros\"}]},{\"@type\":\"WebSite\",\"@id\":\"https:\/\/belovedlingerie.com\/hu\/#website\",\"url\":\"https:\/\/belovedlingerie.com\/hu\/\",\"name\":\"Beloved Lingerie\",\"description\":\"Your beloved fashion store!\",\"potentialAction\":[{\"@type\":\"SearchAction\",\"target\":{\"@type\":\"EntryPoint\",\"urlTemplate\":\"https:\/\/belovedlingerie.com\/hu\/?s={search_term_string}\"},\"query-input\":\"required name=search_term_string\"}],\"inLanguage\":\"hu\"}]}<\/script>\n<!-- \/ Yoast SEO plugin. -->","yoast_head_json":{"title":"K\u00e9tr\u00e9szes f\u00fcrd\u0151ruha SAINT LUCIA piros - Beloved Lingerie","robots":{"index":"index","follow":"follow","max-snippet":"max-snippet:-1","max-image-preview":"max-image-preview:large","max-video-preview":"max-video-preview:-1"},"canonical":"https:\/\/belovedlingerie.com\/hu\/termek\/ketreszes-furdoruha-saint-lucia-piros\/","og_locale":"hu_HU","og_type":"article","og_title":"K\u00e9tr\u00e9szes f\u00fcrd\u0151ruha SAINT LUCIA piros - Beloved Lingerie","og_description":"Modni dvodelni kopalke brez naramnic. Podlo\u017een kosarak. \u00c1ll\u00edthat\u00f3 megk\u00f6t\u00e9ssel. \u00d6sszet\u00e9tel: 80% nejlon, 20% spandex","og_url":"https:\/\/belovedlingerie.com\/hu\/termek\/ketreszes-furdoruha-saint-lucia-piros\/","og_site_name":"Beloved Lingerie","article_modified_time":"2026-04-10T12:34:08+00:00","og_image":[{"width":1482,"height":2210,"url":"https:\/\/belovedlingerie.com\/hu\/wp-content\/uploads\/2025\/04\/ketreszes-furdoruha-89.jpg","type":"image\/jpeg"}],"twitter_card":"summary_large_image","twitter_misc":{"Becs\u00fclt olvas\u00e1si id\u0151":"1 perc"},"schema":{"@context":"https:\/\/schema.org","@graph":[{"@type":"WebPage","@id":"https:\/\/belovedlingerie.com\/hu\/termek\/ketreszes-furdoruha-saint-lucia-piros\/","url":"https:\/\/belovedlingerie.com\/hu\/termek\/ketreszes-furdoruha-saint-lucia-piros\/","name":"K\u00e9tr\u00e9szes f\u00fcrd\u0151ruha SAINT LUCIA piros - Beloved Lingerie","isPartOf":{"@id":"https:\/\/belovedlingerie.com\/hu\/#website"},"primaryImageOfPage":{"@id":"https:\/\/belovedlingerie.com\/hu\/termek\/ketreszes-furdoruha-saint-lucia-piros\/#primaryimage"},"image":{"@id":"https:\/\/belovedlingerie.com\/hu\/termek\/ketreszes-furdoruha-saint-lucia-piros\/#primaryimage"},"thumbnailUrl":"https:\/\/belovedlingerie.com\/hu\/wp-content\/uploads\/2025\/04\/ketreszes-furdoruha-89.jpg","datePublished":"2025-04-28T18:33:49+00:00","dateModified":"2026-04-10T12:34:08+00:00","breadcrumb":{"@id":"https:\/\/belovedlingerie.com\/hu\/termek\/ketreszes-furdoruha-saint-lucia-piros\/#breadcrumb"},"inLanguage":"hu","potentialAction":[{"@type":"ReadAction","target":["https:\/\/belovedlingerie.com\/hu\/termek\/ketreszes-furdoruha-saint-lucia-piros\/"]}]},{"@type":"ImageObject","inLanguage":"hu","@id":"https:\/\/belovedlingerie.com\/hu\/termek\/ketreszes-furdoruha-saint-lucia-piros\/#primaryimage","url":"https:\/\/belovedlingerie.com\/hu\/wp-content\/uploads\/2025\/04\/ketreszes-furdoruha-89.jpg","contentUrl":"https:\/\/belovedlingerie.com\/hu\/wp-content\/uploads\/2025\/04\/ketreszes-furdoruha-89.jpg","width":1482,"height":2210},{"@type":"BreadcrumbList","@id":"https:\/\/belovedlingerie.com\/hu\/termek\/ketreszes-furdoruha-saint-lucia-piros\/#breadcrumb","itemListElement":[{"@type":"ListItem","position":1,"name":"Home","item":"https:\/\/belovedlingerie.com\/hu\/"},{"@type":"ListItem","position":2,"name":"Shop","item":"https:\/\/belovedlingerie.com\/hu\/shop\/"},{"@type":"ListItem","position":3,"name":"K\u00e9tr\u00e9szes f\u00fcrd\u0151ruha SAINT LUCIA piros"}]},{"@type":"WebSite","@id":"https:\/\/belovedlingerie.com\/hu\/#website","url":"https:\/\/belovedlingerie.com\/hu\/","name":"Beloved Lingerie","description":"Your beloved fashion store!","potentialAction":[{"@type":"SearchAction","target":{"@type":"EntryPoint","urlTemplate":"https:\/\/belovedlingerie.com\/hu\/?s={search_term_string}"},"query-input":"required name=search_term_string"}],"inLanguage":"hu"}]}},"_links":{"self":[{"href":"https:\/\/belovedlingerie.com\/hu\/wp-json\/wp\/v2\/product\/10063259","targetHints":{"allow":["GET"]}}],"collection":[{"href":"https:\/\/belovedlingerie.com\/hu\/wp-json\/wp\/v2\/product"}],"about":[{"href":"https:\/\/belovedlingerie.com\/hu\/wp-json\/wp\/v2\/types\/product"}],"replies":[{"embeddable":true,"href":"https:\/\/belovedlingerie.com\/hu\/wp-json\/wp\/v2\/comments?post=10063259"}],"wp:featuredmedia":[{"embeddable":true,"href":"https:\/\/belovedlingerie.com\/hu\/wp-json\/wp\/v2\/media\/10063462"}],"wp:attachment":[{"href":"https:\/\/belovedlingerie.com\/hu\/wp-json\/wp\/v2\/media?parent=10063259"}],"wp:term":[{"taxonomy":"product_cat","embeddable":true,"href":"https:\/\/belovedlingerie.com\/hu\/wp-json\/wp\/v2\/product_cat?post=10063259"},{"taxonomy":"product_tag","embeddable":true,"href":"https:\/\/belovedlingerie.com\/hu\/wp-json\/wp\/v2\/product_tag?post=10063259"}],"curies":[{"name":"wp","href":"https:\/\/api.w.org\/{rel}","templated":true}]}}