{"id":10063319,"date":"2025-04-28T20:34:17","date_gmt":"2025-04-28T18:34:17","guid":{"rendered":"https:\/\/belovedlingerie.com\/hu\/?post_type=product&#038;p=10063319"},"modified":"2026-04-17T14:18:01","modified_gmt":"2026-04-17T12:18:01","slug":"ketreszes-furdoruha-honolulu-smaragd","status":"publish","type":"product","link":"https:\/\/belovedlingerie.com\/hu\/termek\/ketreszes-furdoruha-honolulu-smaragd\/","title":{"rendered":"K\u00e9tr\u00e9szes f\u00fcrd\u0151ruha HONOLULU smaragd"},"content":{"rendered":"<ul>\n<li>Divatos k\u00e9tr\u00e9szes f\u00fcrd\u0151ruha.<\/li>\n<li>\u00c1ll\u00edthat\u00f3 p\u00e1ntok.<\/li>\n<li>Szivacsos kosarak, amelyek ig\u00e9ny szerint elt\u00e1vol\u00edthat\u00f3k.<\/li>\n<li>Sz\u00edn: smaragd.<\/li>\n<li>\u00d6sszet\u00e9tel: 82% poliamid, 18% elaszt\u00e1n.<\/li>\n<\/ul>\n","protected":false},"excerpt":{"rendered":"<p>Divatos k\u00e9tr\u00e9szes f\u00fcrd\u0151ruha. \u00c1ll\u00edthat\u00f3 p\u00e1ntok. Szivacsos kosarak, amelyek ig\u00e9ny szerint elt\u00e1vol\u00edthat\u00f3k. Sz\u00edn: smaragd. \u00d6sszet\u00e9tel: 82% poliamid, 18% elaszt\u00e1n.<\/p>\n","protected":false},"featured_media":10063393,"comment_status":"closed","ping_status":"closed","template":"","meta":{"_acf_changed":false},"product_cat":[255,253],"product_tag":[],"class_list":{"0":"post-10063319","1":"product","2":"type-product","3":"status-publish","4":"has-post-thumbnail","6":"product_cat-furdoruhak","7":"product_cat-tulum-kollekcio","9":"first","10":"instock","11":"taxable","12":"shipping-taxable","13":"purchasable","14":"product-type-variable"},"acf":[],"yoast_head":"<!-- This site is optimized with the Yoast SEO plugin v22.3 - https:\/\/yoast.com\/wordpress\/plugins\/seo\/ -->\n<title>K\u00e9tr\u00e9szes f\u00fcrd\u0151ruha HONOLULU smaragd - Beloved Lingerie<\/title>\n<meta name=\"robots\" content=\"index, follow, max-snippet:-1, max-image-preview:large, max-video-preview:-1\" \/>\n<link rel=\"canonical\" href=\"https:\/\/belovedlingerie.com\/hu\/termek\/ketreszes-furdoruha-honolulu-smaragd\/\" \/>\n<meta property=\"og:locale\" content=\"hu_HU\" \/>\n<meta property=\"og:type\" content=\"article\" \/>\n<meta property=\"og:title\" content=\"K\u00e9tr\u00e9szes f\u00fcrd\u0151ruha HONOLULU smaragd - Beloved Lingerie\" \/>\n<meta property=\"og:description\" content=\"Divatos k\u00e9tr\u00e9szes f\u00fcrd\u0151ruha. \u00c1ll\u00edthat\u00f3 p\u00e1ntok. Szivacsos kosarak, amelyek ig\u00e9ny szerint elt\u00e1vol\u00edthat\u00f3k. Sz\u00edn: smaragd. \u00d6sszet\u00e9tel: 82% poliamid, 18% elaszt\u00e1n.\" \/>\n<meta property=\"og:url\" content=\"https:\/\/belovedlingerie.com\/hu\/termek\/ketreszes-furdoruha-honolulu-smaragd\/\" \/>\n<meta property=\"og:site_name\" content=\"Beloved Lingerie\" \/>\n<meta property=\"article:modified_time\" content=\"2026-04-17T12:18:01+00:00\" \/>\n<meta property=\"og:image\" content=\"https:\/\/belovedlingerie.com\/hu\/wp-content\/uploads\/2025\/04\/ketreszes-furdoruha-20.jpg\" \/>\n\t<meta property=\"og:image:width\" content=\"1470\" \/>\n\t<meta property=\"og:image:height\" content=\"2156\" \/>\n\t<meta property=\"og:image:type\" content=\"image\/jpeg\" \/>\n<meta name=\"twitter:card\" content=\"summary_large_image\" \/>\n<meta name=\"twitter:label1\" content=\"Becs\u00fclt olvas\u00e1si id\u0151\" \/>\n\t<meta name=\"twitter:data1\" content=\"1 perc\" \/>\n<script type=\"application\/ld+json\" class=\"yoast-schema-graph\">{\"@context\":\"https:\/\/schema.org\",\"@graph\":[{\"@type\":\"WebPage\",\"@id\":\"https:\/\/belovedlingerie.com\/hu\/termek\/ketreszes-furdoruha-honolulu-smaragd\/\",\"url\":\"https:\/\/belovedlingerie.com\/hu\/termek\/ketreszes-furdoruha-honolulu-smaragd\/\",\"name\":\"K\u00e9tr\u00e9szes f\u00fcrd\u0151ruha HONOLULU smaragd - Beloved Lingerie\",\"isPartOf\":{\"@id\":\"https:\/\/belovedlingerie.com\/hu\/#website\"},\"primaryImageOfPage\":{\"@id\":\"https:\/\/belovedlingerie.com\/hu\/termek\/ketreszes-furdoruha-honolulu-smaragd\/#primaryimage\"},\"image\":{\"@id\":\"https:\/\/belovedlingerie.com\/hu\/termek\/ketreszes-furdoruha-honolulu-smaragd\/#primaryimage\"},\"thumbnailUrl\":\"https:\/\/belovedlingerie.com\/hu\/wp-content\/uploads\/2025\/04\/ketreszes-furdoruha-20.jpg\",\"datePublished\":\"2025-04-28T18:34:17+00:00\",\"dateModified\":\"2026-04-17T12:18:01+00:00\",\"breadcrumb\":{\"@id\":\"https:\/\/belovedlingerie.com\/hu\/termek\/ketreszes-furdoruha-honolulu-smaragd\/#breadcrumb\"},\"inLanguage\":\"hu\",\"potentialAction\":[{\"@type\":\"ReadAction\",\"target\":[\"https:\/\/belovedlingerie.com\/hu\/termek\/ketreszes-furdoruha-honolulu-smaragd\/\"]}]},{\"@type\":\"ImageObject\",\"inLanguage\":\"hu\",\"@id\":\"https:\/\/belovedlingerie.com\/hu\/termek\/ketreszes-furdoruha-honolulu-smaragd\/#primaryimage\",\"url\":\"https:\/\/belovedlingerie.com\/hu\/wp-content\/uploads\/2025\/04\/ketreszes-furdoruha-20.jpg\",\"contentUrl\":\"https:\/\/belovedlingerie.com\/hu\/wp-content\/uploads\/2025\/04\/ketreszes-furdoruha-20.jpg\",\"width\":1470,\"height\":2156},{\"@type\":\"BreadcrumbList\",\"@id\":\"https:\/\/belovedlingerie.com\/hu\/termek\/ketreszes-furdoruha-honolulu-smaragd\/#breadcrumb\",\"itemListElement\":[{\"@type\":\"ListItem\",\"position\":1,\"name\":\"Home\",\"item\":\"https:\/\/belovedlingerie.com\/hu\/\"},{\"@type\":\"ListItem\",\"position\":2,\"name\":\"Shop\",\"item\":\"https:\/\/belovedlingerie.com\/hu\/shop\/\"},{\"@type\":\"ListItem\",\"position\":3,\"name\":\"K\u00e9tr\u00e9szes f\u00fcrd\u0151ruha HONOLULU smaragd\"}]},{\"@type\":\"WebSite\",\"@id\":\"https:\/\/belovedlingerie.com\/hu\/#website\",\"url\":\"https:\/\/belovedlingerie.com\/hu\/\",\"name\":\"Beloved Lingerie\",\"description\":\"Your beloved fashion store!\",\"potentialAction\":[{\"@type\":\"SearchAction\",\"target\":{\"@type\":\"EntryPoint\",\"urlTemplate\":\"https:\/\/belovedlingerie.com\/hu\/?s={search_term_string}\"},\"query-input\":\"required name=search_term_string\"}],\"inLanguage\":\"hu\"}]}<\/script>\n<!-- \/ Yoast SEO plugin. -->","yoast_head_json":{"title":"K\u00e9tr\u00e9szes f\u00fcrd\u0151ruha HONOLULU smaragd - Beloved Lingerie","robots":{"index":"index","follow":"follow","max-snippet":"max-snippet:-1","max-image-preview":"max-image-preview:large","max-video-preview":"max-video-preview:-1"},"canonical":"https:\/\/belovedlingerie.com\/hu\/termek\/ketreszes-furdoruha-honolulu-smaragd\/","og_locale":"hu_HU","og_type":"article","og_title":"K\u00e9tr\u00e9szes f\u00fcrd\u0151ruha HONOLULU smaragd - Beloved Lingerie","og_description":"Divatos k\u00e9tr\u00e9szes f\u00fcrd\u0151ruha. \u00c1ll\u00edthat\u00f3 p\u00e1ntok. Szivacsos kosarak, amelyek ig\u00e9ny szerint elt\u00e1vol\u00edthat\u00f3k. Sz\u00edn: smaragd. \u00d6sszet\u00e9tel: 82% poliamid, 18% elaszt\u00e1n.","og_url":"https:\/\/belovedlingerie.com\/hu\/termek\/ketreszes-furdoruha-honolulu-smaragd\/","og_site_name":"Beloved Lingerie","article_modified_time":"2026-04-17T12:18:01+00:00","og_image":[{"width":1470,"height":2156,"url":"https:\/\/belovedlingerie.com\/hu\/wp-content\/uploads\/2025\/04\/ketreszes-furdoruha-20.jpg","type":"image\/jpeg"}],"twitter_card":"summary_large_image","twitter_misc":{"Becs\u00fclt olvas\u00e1si id\u0151":"1 perc"},"schema":{"@context":"https:\/\/schema.org","@graph":[{"@type":"WebPage","@id":"https:\/\/belovedlingerie.com\/hu\/termek\/ketreszes-furdoruha-honolulu-smaragd\/","url":"https:\/\/belovedlingerie.com\/hu\/termek\/ketreszes-furdoruha-honolulu-smaragd\/","name":"K\u00e9tr\u00e9szes f\u00fcrd\u0151ruha HONOLULU smaragd - Beloved Lingerie","isPartOf":{"@id":"https:\/\/belovedlingerie.com\/hu\/#website"},"primaryImageOfPage":{"@id":"https:\/\/belovedlingerie.com\/hu\/termek\/ketreszes-furdoruha-honolulu-smaragd\/#primaryimage"},"image":{"@id":"https:\/\/belovedlingerie.com\/hu\/termek\/ketreszes-furdoruha-honolulu-smaragd\/#primaryimage"},"thumbnailUrl":"https:\/\/belovedlingerie.com\/hu\/wp-content\/uploads\/2025\/04\/ketreszes-furdoruha-20.jpg","datePublished":"2025-04-28T18:34:17+00:00","dateModified":"2026-04-17T12:18:01+00:00","breadcrumb":{"@id":"https:\/\/belovedlingerie.com\/hu\/termek\/ketreszes-furdoruha-honolulu-smaragd\/#breadcrumb"},"inLanguage":"hu","potentialAction":[{"@type":"ReadAction","target":["https:\/\/belovedlingerie.com\/hu\/termek\/ketreszes-furdoruha-honolulu-smaragd\/"]}]},{"@type":"ImageObject","inLanguage":"hu","@id":"https:\/\/belovedlingerie.com\/hu\/termek\/ketreszes-furdoruha-honolulu-smaragd\/#primaryimage","url":"https:\/\/belovedlingerie.com\/hu\/wp-content\/uploads\/2025\/04\/ketreszes-furdoruha-20.jpg","contentUrl":"https:\/\/belovedlingerie.com\/hu\/wp-content\/uploads\/2025\/04\/ketreszes-furdoruha-20.jpg","width":1470,"height":2156},{"@type":"BreadcrumbList","@id":"https:\/\/belovedlingerie.com\/hu\/termek\/ketreszes-furdoruha-honolulu-smaragd\/#breadcrumb","itemListElement":[{"@type":"ListItem","position":1,"name":"Home","item":"https:\/\/belovedlingerie.com\/hu\/"},{"@type":"ListItem","position":2,"name":"Shop","item":"https:\/\/belovedlingerie.com\/hu\/shop\/"},{"@type":"ListItem","position":3,"name":"K\u00e9tr\u00e9szes f\u00fcrd\u0151ruha HONOLULU smaragd"}]},{"@type":"WebSite","@id":"https:\/\/belovedlingerie.com\/hu\/#website","url":"https:\/\/belovedlingerie.com\/hu\/","name":"Beloved Lingerie","description":"Your beloved fashion store!","potentialAction":[{"@type":"SearchAction","target":{"@type":"EntryPoint","urlTemplate":"https:\/\/belovedlingerie.com\/hu\/?s={search_term_string}"},"query-input":"required name=search_term_string"}],"inLanguage":"hu"}]}},"_links":{"self":[{"href":"https:\/\/belovedlingerie.com\/hu\/wp-json\/wp\/v2\/product\/10063319","targetHints":{"allow":["GET"]}}],"collection":[{"href":"https:\/\/belovedlingerie.com\/hu\/wp-json\/wp\/v2\/product"}],"about":[{"href":"https:\/\/belovedlingerie.com\/hu\/wp-json\/wp\/v2\/types\/product"}],"replies":[{"embeddable":true,"href":"https:\/\/belovedlingerie.com\/hu\/wp-json\/wp\/v2\/comments?post=10063319"}],"wp:featuredmedia":[{"embeddable":true,"href":"https:\/\/belovedlingerie.com\/hu\/wp-json\/wp\/v2\/media\/10063393"}],"wp:attachment":[{"href":"https:\/\/belovedlingerie.com\/hu\/wp-json\/wp\/v2\/media?parent=10063319"}],"wp:term":[{"taxonomy":"product_cat","embeddable":true,"href":"https:\/\/belovedlingerie.com\/hu\/wp-json\/wp\/v2\/product_cat?post=10063319"},{"taxonomy":"product_tag","embeddable":true,"href":"https:\/\/belovedlingerie.com\/hu\/wp-json\/wp\/v2\/product_tag?post=10063319"}],"curies":[{"name":"wp","href":"https:\/\/api.w.org\/{rel}","templated":true}]}}