{"id":57978,"date":"2023-02-27T16:59:01","date_gmt":"2023-02-27T15:59:01","guid":{"rendered":"https:\/\/belovedlingerie.com\/hu\/?post_type=product&#038;p=57978"},"modified":"2026-04-01T14:37:28","modified_gmt":"2026-04-01T12:37:28","slug":"lola-fehernemu-szett","status":"publish","type":"product","link":"https:\/\/belovedlingerie.com\/hu\/termek\/lola-fehernemu-szett\/","title":{"rendered":"LOLA feh\u00e9rnem\u0171 szett"},"content":{"rendered":"<p><strong>LOLA feh\u00e9rnem\u0171 szett<\/strong><\/p>\n<ul>\n<li><a href=\"https:\/\/belovedlingerie.com\/hu\/kategoria\/fehernemu\/\/tridelni-kompleti\/\">H\u00e1romr\u00e9szes k\u00e9szlet<\/a> tartalma: melltart\u00f3, bugyi \u00e9s harisnyatart\u00f3 \u00f6v.<\/li>\n<li>K\u00f6nny\u0171 melltart\u00f3 dr\u00f3tos merev\u00edt\u00e9ssel.<\/li>\n<li>Nem p\u00e1rn\u00e1zott.<\/li>\n<li>H\u00e1l\u00f3s anyag finom, n\u0151ies \u00e9s cs\u00e1b\u00edt\u00f3 csipk\u00e9vel kombin\u00e1lva.<\/li>\n<li>\u00c1ll\u00edthat\u00f3 v\u00e1llp\u00e1ntok.<\/li>\n<li>\u00c1ll\u00edthat\u00f3 melltart\u00f3 \u00e9s nadr\u00e1gtart\u00f3 \u00f6v.<\/li>\n<li>\u00c1ll\u00edthat\u00f3 bugyi.<\/li>\n<li>\u00c1ll\u00edthat\u00f3 nadr\u00e1gtart\u00f3 \u00f6vp\u00e1ntok.<\/li>\n<li>R\u00e9szben \u00e1tl\u00e1tsz\u00f3.<\/li>\n<li>Bugyi t\u00edpusa: tanga.<\/li>\n<li>Javasoljuk, hogy kombin\u00e1lja<a href=\"https:\/\/belovedlingerie.com\/hu\/kategoria\/alvo-program\/\">harisnyatart\u00f3s harisny\u00e1kkal<\/a>.<\/li>\n<li>Sz\u00edn: r\u00f3zsasz\u00edn \u00e9s fekete.<\/li>\n<li>Fanni S-es m\u00e9retet visel.<\/li>\n<li>A k\u00e9peken l\u00e1that\u00f3 feh\u00e9rnem\u0171k sz\u00ednei a telefon vagy a sz\u00e1m\u00edt\u00f3g\u00e9p be\u00e1ll\u00edt\u00e1sai miatt kiss\u00e9 elt\u00e9rhetnek term\u00e9k a t\u00e9nyleges sz\u00edn\u00e9t\u0151l.<\/li>\n<li>\u00d6sszet\u00e9tel: 95% poli\u00e9szter, 5% elaszt\u00e1n.<\/li>\n<\/ul>\n","protected":false},"excerpt":{"rendered":"<p>LOLA feh\u00e9rnem\u0171 szett H\u00e1romr\u00e9szes k\u00e9szlet tartalma: melltart\u00f3, bugyi \u00e9s harisnyatart\u00f3 \u00f6v. K\u00f6nny\u0171 melltart\u00f3 dr\u00f3tos merev\u00edt\u00e9ssel. Nem p\u00e1rn\u00e1zott. H\u00e1l\u00f3s anyag finom, n\u0151ies \u00e9s cs\u00e1b\u00edt\u00f3 csipk\u00e9vel kombin\u00e1lva. \u00c1ll\u00edthat\u00f3 v\u00e1llp\u00e1ntok. \u00c1ll\u00edthat\u00f3 melltart\u00f3 \u00e9s nadr\u00e1gtart\u00f3 \u00f6v. \u00c1ll\u00edthat\u00f3 bugyi. \u00c1ll\u00edthat\u00f3 nadr\u00e1gtart\u00f3 \u00f6vp\u00e1ntok. R\u00e9szben \u00e1tl\u00e1tsz\u00f3. Bugyi t\u00edpusa: tanga. Javasoljuk, hogy kombin\u00e1ljaharisnyatart\u00f3s harisny\u00e1kkal. Sz\u00edn: r\u00f3zsasz\u00edn \u00e9s fekete. Fanni S-es m\u00e9retet visel. A [&#8230;]\n","protected":false},"featured_media":57545,"comment_status":"closed","ping_status":"closed","template":"","meta":{"_acf_changed":false},"product_cat":[187,189],"product_tag":[],"class_list":{"0":"post-57978","1":"product","2":"type-product","3":"status-publish","4":"has-post-thumbnail","6":"product_cat-fehernemu","7":"product_cat-haromreszes-szettek","9":"first","10":"instock","11":"taxable","12":"shipping-taxable","13":"purchasable","14":"product-type-variable"},"acf":[],"yoast_head":"<!-- This site is optimized with the Yoast SEO plugin v22.3 - https:\/\/yoast.com\/wordpress\/plugins\/seo\/ -->\n<title>LOLA feh\u00e9rnem\u0171 szett - Beloved Lingerie<\/title>\n<meta name=\"description\" content=\"H\u00e1romr\u00e9szes k\u00e9szlet tartalma: melltart\u00f3, bugyi \u00e9s harisnyatart\u00f3 \u00f6v. K\u00f6nny\u0171 melltart\u00f3 dr\u00f3tos merev\u00edt\u00e9ssel. H\u00e1l\u00f3s anyag finom csipk\u00e9vel kombin\u00e1lva.\" \/>\n<meta name=\"robots\" content=\"index, follow, max-snippet:-1, max-image-preview:large, max-video-preview:-1\" \/>\n<link rel=\"canonical\" href=\"https:\/\/belovedlingerie.com\/hu\/termek\/lola-fehernemu-szett\/\" \/>\n<meta property=\"og:locale\" content=\"hu_HU\" \/>\n<meta property=\"og:type\" content=\"article\" \/>\n<meta property=\"og:title\" content=\"LOLA feh\u00e9rnem\u0171 szett - Beloved Lingerie\" \/>\n<meta property=\"og:description\" content=\"H\u00e1romr\u00e9szes k\u00e9szlet tartalma: melltart\u00f3, bugyi \u00e9s harisnyatart\u00f3 \u00f6v. K\u00f6nny\u0171 melltart\u00f3 dr\u00f3tos merev\u00edt\u00e9ssel. H\u00e1l\u00f3s anyag finom csipk\u00e9vel kombin\u00e1lva.\" \/>\n<meta property=\"og:url\" content=\"https:\/\/belovedlingerie.com\/hu\/termek\/lola-fehernemu-szett\/\" \/>\n<meta property=\"og:site_name\" content=\"Beloved Lingerie\" \/>\n<meta property=\"article:modified_time\" content=\"2026-04-01T12:37:28+00:00\" \/>\n<meta property=\"og:image\" content=\"https:\/\/belovedlingerie.com\/hu\/wp-content\/uploads\/2023\/02\/DSC01560.jpg\" \/>\n\t<meta property=\"og:image:width\" content=\"1365\" \/>\n\t<meta property=\"og:image:height\" content=\"2048\" \/>\n\t<meta property=\"og:image:type\" content=\"image\/jpeg\" \/>\n<meta name=\"twitter:card\" content=\"summary_large_image\" \/>\n<meta name=\"twitter:label1\" content=\"Becs\u00fclt olvas\u00e1si id\u0151\" \/>\n\t<meta name=\"twitter:data1\" content=\"1 perc\" \/>\n<script type=\"application\/ld+json\" class=\"yoast-schema-graph\">{\"@context\":\"https:\/\/schema.org\",\"@graph\":[{\"@type\":\"WebPage\",\"@id\":\"https:\/\/belovedlingerie.com\/hu\/termek\/lola-fehernemu-szett\/\",\"url\":\"https:\/\/belovedlingerie.com\/hu\/termek\/lola-fehernemu-szett\/\",\"name\":\"LOLA feh\u00e9rnem\u0171 szett - Beloved Lingerie\",\"isPartOf\":{\"@id\":\"https:\/\/belovedlingerie.com\/hu\/#website\"},\"primaryImageOfPage\":{\"@id\":\"https:\/\/belovedlingerie.com\/hu\/termek\/lola-fehernemu-szett\/#primaryimage\"},\"image\":{\"@id\":\"https:\/\/belovedlingerie.com\/hu\/termek\/lola-fehernemu-szett\/#primaryimage\"},\"thumbnailUrl\":\"https:\/\/belovedlingerie.com\/hu\/wp-content\/uploads\/2023\/02\/DSC01560.jpg\",\"datePublished\":\"2023-02-27T15:59:01+00:00\",\"dateModified\":\"2026-04-01T12:37:28+00:00\",\"description\":\"H\u00e1romr\u00e9szes k\u00e9szlet tartalma: melltart\u00f3, bugyi \u00e9s harisnyatart\u00f3 \u00f6v. K\u00f6nny\u0171 melltart\u00f3 dr\u00f3tos merev\u00edt\u00e9ssel. H\u00e1l\u00f3s anyag finom csipk\u00e9vel kombin\u00e1lva.\",\"breadcrumb\":{\"@id\":\"https:\/\/belovedlingerie.com\/hu\/termek\/lola-fehernemu-szett\/#breadcrumb\"},\"inLanguage\":\"hu\",\"potentialAction\":[{\"@type\":\"ReadAction\",\"target\":[\"https:\/\/belovedlingerie.com\/hu\/termek\/lola-fehernemu-szett\/\"]}]},{\"@type\":\"ImageObject\",\"inLanguage\":\"hu\",\"@id\":\"https:\/\/belovedlingerie.com\/hu\/termek\/lola-fehernemu-szett\/#primaryimage\",\"url\":\"https:\/\/belovedlingerie.com\/hu\/wp-content\/uploads\/2023\/02\/DSC01560.jpg\",\"contentUrl\":\"https:\/\/belovedlingerie.com\/hu\/wp-content\/uploads\/2023\/02\/DSC01560.jpg\",\"width\":1365,\"height\":2048,\"caption\":\"LOLA feh\u00e9rnem\u0171 szett\"},{\"@type\":\"BreadcrumbList\",\"@id\":\"https:\/\/belovedlingerie.com\/hu\/termek\/lola-fehernemu-szett\/#breadcrumb\",\"itemListElement\":[{\"@type\":\"ListItem\",\"position\":1,\"name\":\"Home\",\"item\":\"https:\/\/belovedlingerie.com\/hu\/\"},{\"@type\":\"ListItem\",\"position\":2,\"name\":\"Shop\",\"item\":\"https:\/\/belovedlingerie.com\/hu\/shop\/\"},{\"@type\":\"ListItem\",\"position\":3,\"name\":\"LOLA feh\u00e9rnem\u0171 szett\"}]},{\"@type\":\"WebSite\",\"@id\":\"https:\/\/belovedlingerie.com\/hu\/#website\",\"url\":\"https:\/\/belovedlingerie.com\/hu\/\",\"name\":\"Beloved Lingerie\",\"description\":\"Your beloved fashion store!\",\"potentialAction\":[{\"@type\":\"SearchAction\",\"target\":{\"@type\":\"EntryPoint\",\"urlTemplate\":\"https:\/\/belovedlingerie.com\/hu\/?s={search_term_string}\"},\"query-input\":\"required name=search_term_string\"}],\"inLanguage\":\"hu\"}]}<\/script>\n<!-- \/ Yoast SEO plugin. -->","yoast_head_json":{"title":"LOLA feh\u00e9rnem\u0171 szett - Beloved Lingerie","description":"H\u00e1romr\u00e9szes k\u00e9szlet tartalma: melltart\u00f3, bugyi \u00e9s harisnyatart\u00f3 \u00f6v. K\u00f6nny\u0171 melltart\u00f3 dr\u00f3tos merev\u00edt\u00e9ssel. H\u00e1l\u00f3s anyag finom csipk\u00e9vel kombin\u00e1lva.","robots":{"index":"index","follow":"follow","max-snippet":"max-snippet:-1","max-image-preview":"max-image-preview:large","max-video-preview":"max-video-preview:-1"},"canonical":"https:\/\/belovedlingerie.com\/hu\/termek\/lola-fehernemu-szett\/","og_locale":"hu_HU","og_type":"article","og_title":"LOLA feh\u00e9rnem\u0171 szett - Beloved Lingerie","og_description":"H\u00e1romr\u00e9szes k\u00e9szlet tartalma: melltart\u00f3, bugyi \u00e9s harisnyatart\u00f3 \u00f6v. K\u00f6nny\u0171 melltart\u00f3 dr\u00f3tos merev\u00edt\u00e9ssel. H\u00e1l\u00f3s anyag finom csipk\u00e9vel kombin\u00e1lva.","og_url":"https:\/\/belovedlingerie.com\/hu\/termek\/lola-fehernemu-szett\/","og_site_name":"Beloved Lingerie","article_modified_time":"2026-04-01T12:37:28+00:00","og_image":[{"width":1365,"height":2048,"url":"https:\/\/belovedlingerie.com\/hu\/wp-content\/uploads\/2023\/02\/DSC01560.jpg","type":"image\/jpeg"}],"twitter_card":"summary_large_image","twitter_misc":{"Becs\u00fclt olvas\u00e1si id\u0151":"1 perc"},"schema":{"@context":"https:\/\/schema.org","@graph":[{"@type":"WebPage","@id":"https:\/\/belovedlingerie.com\/hu\/termek\/lola-fehernemu-szett\/","url":"https:\/\/belovedlingerie.com\/hu\/termek\/lola-fehernemu-szett\/","name":"LOLA feh\u00e9rnem\u0171 szett - Beloved Lingerie","isPartOf":{"@id":"https:\/\/belovedlingerie.com\/hu\/#website"},"primaryImageOfPage":{"@id":"https:\/\/belovedlingerie.com\/hu\/termek\/lola-fehernemu-szett\/#primaryimage"},"image":{"@id":"https:\/\/belovedlingerie.com\/hu\/termek\/lola-fehernemu-szett\/#primaryimage"},"thumbnailUrl":"https:\/\/belovedlingerie.com\/hu\/wp-content\/uploads\/2023\/02\/DSC01560.jpg","datePublished":"2023-02-27T15:59:01+00:00","dateModified":"2026-04-01T12:37:28+00:00","description":"H\u00e1romr\u00e9szes k\u00e9szlet tartalma: melltart\u00f3, bugyi \u00e9s harisnyatart\u00f3 \u00f6v. K\u00f6nny\u0171 melltart\u00f3 dr\u00f3tos merev\u00edt\u00e9ssel. H\u00e1l\u00f3s anyag finom csipk\u00e9vel kombin\u00e1lva.","breadcrumb":{"@id":"https:\/\/belovedlingerie.com\/hu\/termek\/lola-fehernemu-szett\/#breadcrumb"},"inLanguage":"hu","potentialAction":[{"@type":"ReadAction","target":["https:\/\/belovedlingerie.com\/hu\/termek\/lola-fehernemu-szett\/"]}]},{"@type":"ImageObject","inLanguage":"hu","@id":"https:\/\/belovedlingerie.com\/hu\/termek\/lola-fehernemu-szett\/#primaryimage","url":"https:\/\/belovedlingerie.com\/hu\/wp-content\/uploads\/2023\/02\/DSC01560.jpg","contentUrl":"https:\/\/belovedlingerie.com\/hu\/wp-content\/uploads\/2023\/02\/DSC01560.jpg","width":1365,"height":2048,"caption":"LOLA feh\u00e9rnem\u0171 szett"},{"@type":"BreadcrumbList","@id":"https:\/\/belovedlingerie.com\/hu\/termek\/lola-fehernemu-szett\/#breadcrumb","itemListElement":[{"@type":"ListItem","position":1,"name":"Home","item":"https:\/\/belovedlingerie.com\/hu\/"},{"@type":"ListItem","position":2,"name":"Shop","item":"https:\/\/belovedlingerie.com\/hu\/shop\/"},{"@type":"ListItem","position":3,"name":"LOLA feh\u00e9rnem\u0171 szett"}]},{"@type":"WebSite","@id":"https:\/\/belovedlingerie.com\/hu\/#website","url":"https:\/\/belovedlingerie.com\/hu\/","name":"Beloved Lingerie","description":"Your beloved fashion store!","potentialAction":[{"@type":"SearchAction","target":{"@type":"EntryPoint","urlTemplate":"https:\/\/belovedlingerie.com\/hu\/?s={search_term_string}"},"query-input":"required name=search_term_string"}],"inLanguage":"hu"}]}},"_links":{"self":[{"href":"https:\/\/belovedlingerie.com\/hu\/wp-json\/wp\/v2\/product\/57978","targetHints":{"allow":["GET"]}}],"collection":[{"href":"https:\/\/belovedlingerie.com\/hu\/wp-json\/wp\/v2\/product"}],"about":[{"href":"https:\/\/belovedlingerie.com\/hu\/wp-json\/wp\/v2\/types\/product"}],"replies":[{"embeddable":true,"href":"https:\/\/belovedlingerie.com\/hu\/wp-json\/wp\/v2\/comments?post=57978"}],"wp:featuredmedia":[{"embeddable":true,"href":"https:\/\/belovedlingerie.com\/hu\/wp-json\/wp\/v2\/media\/57545"}],"wp:attachment":[{"href":"https:\/\/belovedlingerie.com\/hu\/wp-json\/wp\/v2\/media?parent=57978"}],"wp:term":[{"taxonomy":"product_cat","embeddable":true,"href":"https:\/\/belovedlingerie.com\/hu\/wp-json\/wp\/v2\/product_cat?post=57978"},{"taxonomy":"product_tag","embeddable":true,"href":"https:\/\/belovedlingerie.com\/hu\/wp-json\/wp\/v2\/product_tag?post=57978"}],"curies":[{"name":"wp","href":"https:\/\/api.w.org\/{rel}","templated":true}]}}