{"id":58107,"date":"2023-02-28T19:11:18","date_gmt":"2023-02-28T19:11:18","guid":{"rendered":"https:\/\/belovedlingerie.com\/hu\/?post_type=product&#038;p=58107"},"modified":"2025-12-08T07:28:31","modified_gmt":"2025-12-08T06:28:31","slug":"nicole-body","status":"publish","type":"product","link":"https:\/\/belovedlingerie.com\/hu\/termek\/nicole-body\/","title":{"rendered":"NICOLE body"},"content":{"rendered":"<p><strong>NICOLE body<\/strong><\/p>\n<ul>\n<li>Finom, n\u0151ies \u00e9s cs\u00e1b\u00edt\u00f3 csipke.<\/li>\n<li>Merev\u00edt\u00e9s n\u00e9lk\u00fcli melltart\u00f3.<\/li>\n<li>\u00c1ll\u00edthat\u00f3 v\u00e1llp\u00e1nt, amely a nyak k\u00f6r\u00e9 ker\u00fcl.<\/li>\n<li>\u00c1ll\u00edthat\u00f3 rugalmas p\u00e1ntok a h\u00e1ton.<\/li>\n<li>Bugyi t\u00edpusa: tanga.<\/li>\n<li>R\u00e9szben \u00e1tl\u00e1tsz\u00f3.<\/li>\n<li>A body 2f\u00e9lek\u00e9ppen hordhat\u00f3: als\u00f3nem\u0171k\u00e9nt vagy mindennapi viseletk\u00e9nt.<\/li>\n<li>Sz\u00edn: fekete<\/li>\n<li>Niki S-es m\u00e9retet visel.<\/li>\n<li>A k\u00e9peken l\u00e1that\u00f3 feh\u00e9rnem\u0171k sz\u00ednei a telefon vagy a sz\u00e1m\u00edt\u00f3g\u00e9p be\u00e1ll\u00edt\u00e1sai miatt kiss\u00e9 elt\u00e9rhetnek term\u00e9k a t\u00e9nyleges sz\u00edn\u00e9t\u0151l.<\/li>\n<li>\u00d6sszet\u00e9tel: 95% poli\u00e9szter, 5% elaszt\u00e1n.<\/li>\n<\/ul>\n","protected":false},"excerpt":{"rendered":"<p>NICOLE body Finom, n\u0151ies \u00e9s cs\u00e1b\u00edt\u00f3 csipke. Merev\u00edt\u00e9s n\u00e9lk\u00fcli melltart\u00f3. \u00c1ll\u00edthat\u00f3 v\u00e1llp\u00e1nt, amely a nyak k\u00f6r\u00e9 ker\u00fcl. \u00c1ll\u00edthat\u00f3 rugalmas p\u00e1ntok a h\u00e1ton. Bugyi t\u00edpusa: tanga. R\u00e9szben \u00e1tl\u00e1tsz\u00f3. A body 2f\u00e9lek\u00e9ppen hordhat\u00f3: als\u00f3nem\u0171k\u00e9nt vagy mindennapi viseletk\u00e9nt. Sz\u00edn: fekete Niki S-es m\u00e9retet visel. A k\u00e9peken l\u00e1that\u00f3 feh\u00e9rnem\u0171k sz\u00ednei a telefon vagy a sz\u00e1m\u00edt\u00f3g\u00e9p be\u00e1ll\u00edt\u00e1sai miatt kiss\u00e9 elt\u00e9rhetnek [&#8230;]\n","protected":false},"featured_media":57576,"comment_status":"closed","ping_status":"closed","template":"","meta":{"_acf_changed":false},"product_cat":[190,187],"product_tag":[],"class_list":{"0":"post-58107","1":"product","2":"type-product","3":"status-publish","4":"has-post-thumbnail","6":"product_cat-body","7":"product_cat-fehernemu","9":"first","10":"outofstock","11":"taxable","12":"shipping-taxable","13":"purchasable","14":"product-type-variable"},"acf":[],"yoast_head":"<!-- This site is optimized with the Yoast SEO plugin v22.3 - https:\/\/yoast.com\/wordpress\/plugins\/seo\/ -->\n<title>NICOLE body - Beloved Lingerie<\/title>\n<meta name=\"description\" content=\"Finom, n\u0151ies \u00e9s cs\u00e1b\u00edt\u00f3 csipke. Merev\u00edt\u00e9s n\u00e9lk\u00fcli melltart\u00f3. \u00c1ll\u00edthat\u00f3 v\u00e1llp\u00e1nt, amely a nyak k\u00f6r\u00e9 ker\u00fcl. \u00c1ll\u00edthat\u00f3 rugalmas p\u00e1ntok a h\u00e1ton.\" \/>\n<meta name=\"robots\" content=\"index, follow, max-snippet:-1, max-image-preview:large, max-video-preview:-1\" \/>\n<link rel=\"canonical\" href=\"https:\/\/belovedlingerie.com\/hu\/termek\/nicole-body\/\" \/>\n<meta property=\"og:locale\" content=\"hu_HU\" \/>\n<meta property=\"og:type\" content=\"article\" \/>\n<meta property=\"og:title\" content=\"NICOLE body - Beloved Lingerie\" \/>\n<meta property=\"og:description\" content=\"Finom, n\u0151ies \u00e9s cs\u00e1b\u00edt\u00f3 csipke. Merev\u00edt\u00e9s n\u00e9lk\u00fcli melltart\u00f3. \u00c1ll\u00edthat\u00f3 v\u00e1llp\u00e1nt, amely a nyak k\u00f6r\u00e9 ker\u00fcl. \u00c1ll\u00edthat\u00f3 rugalmas p\u00e1ntok a h\u00e1ton.\" \/>\n<meta property=\"og:url\" content=\"https:\/\/belovedlingerie.com\/hu\/termek\/nicole-body\/\" \/>\n<meta property=\"og:site_name\" content=\"Beloved Lingerie\" \/>\n<meta property=\"article:modified_time\" content=\"2025-12-08T06:28:31+00:00\" \/>\n<meta property=\"og:image\" content=\"https:\/\/belovedlingerie.com\/hu\/wp-content\/uploads\/2023\/02\/DSC05954.jpg\" \/>\n\t<meta property=\"og:image:width\" content=\"1365\" \/>\n\t<meta property=\"og:image:height\" content=\"2048\" \/>\n\t<meta property=\"og:image:type\" content=\"image\/jpeg\" \/>\n<meta name=\"twitter:card\" content=\"summary_large_image\" \/>\n<meta name=\"twitter:label1\" content=\"Becs\u00fclt olvas\u00e1si id\u0151\" \/>\n\t<meta name=\"twitter:data1\" content=\"1 perc\" \/>\n<script type=\"application\/ld+json\" class=\"yoast-schema-graph\">{\"@context\":\"https:\/\/schema.org\",\"@graph\":[{\"@type\":\"WebPage\",\"@id\":\"https:\/\/belovedlingerie.com\/hu\/termek\/nicole-body\/\",\"url\":\"https:\/\/belovedlingerie.com\/hu\/termek\/nicole-body\/\",\"name\":\"NICOLE body - Beloved Lingerie\",\"isPartOf\":{\"@id\":\"https:\/\/belovedlingerie.com\/hu\/#website\"},\"primaryImageOfPage\":{\"@id\":\"https:\/\/belovedlingerie.com\/hu\/termek\/nicole-body\/#primaryimage\"},\"image\":{\"@id\":\"https:\/\/belovedlingerie.com\/hu\/termek\/nicole-body\/#primaryimage\"},\"thumbnailUrl\":\"https:\/\/belovedlingerie.com\/hu\/wp-content\/uploads\/2023\/02\/DSC05954.jpg\",\"datePublished\":\"2023-02-28T19:11:18+00:00\",\"dateModified\":\"2025-12-08T06:28:31+00:00\",\"description\":\"Finom, n\u0151ies \u00e9s cs\u00e1b\u00edt\u00f3 csipke. Merev\u00edt\u00e9s n\u00e9lk\u00fcli melltart\u00f3. \u00c1ll\u00edthat\u00f3 v\u00e1llp\u00e1nt, amely a nyak k\u00f6r\u00e9 ker\u00fcl. \u00c1ll\u00edthat\u00f3 rugalmas p\u00e1ntok a h\u00e1ton.\",\"breadcrumb\":{\"@id\":\"https:\/\/belovedlingerie.com\/hu\/termek\/nicole-body\/#breadcrumb\"},\"inLanguage\":\"hu\",\"potentialAction\":[{\"@type\":\"ReadAction\",\"target\":[\"https:\/\/belovedlingerie.com\/hu\/termek\/nicole-body\/\"]}]},{\"@type\":\"ImageObject\",\"inLanguage\":\"hu\",\"@id\":\"https:\/\/belovedlingerie.com\/hu\/termek\/nicole-body\/#primaryimage\",\"url\":\"https:\/\/belovedlingerie.com\/hu\/wp-content\/uploads\/2023\/02\/DSC05954.jpg\",\"contentUrl\":\"https:\/\/belovedlingerie.com\/hu\/wp-content\/uploads\/2023\/02\/DSC05954.jpg\",\"width\":1365,\"height\":2048,\"caption\":\"NICOLE body\"},{\"@type\":\"BreadcrumbList\",\"@id\":\"https:\/\/belovedlingerie.com\/hu\/termek\/nicole-body\/#breadcrumb\",\"itemListElement\":[{\"@type\":\"ListItem\",\"position\":1,\"name\":\"Home\",\"item\":\"https:\/\/belovedlingerie.com\/hu\/\"},{\"@type\":\"ListItem\",\"position\":2,\"name\":\"Shop\",\"item\":\"https:\/\/belovedlingerie.com\/hu\/shop\/\"},{\"@type\":\"ListItem\",\"position\":3,\"name\":\"NICOLE body\"}]},{\"@type\":\"WebSite\",\"@id\":\"https:\/\/belovedlingerie.com\/hu\/#website\",\"url\":\"https:\/\/belovedlingerie.com\/hu\/\",\"name\":\"Beloved Lingerie\",\"description\":\"Your beloved fashion store!\",\"potentialAction\":[{\"@type\":\"SearchAction\",\"target\":{\"@type\":\"EntryPoint\",\"urlTemplate\":\"https:\/\/belovedlingerie.com\/hu\/?s={search_term_string}\"},\"query-input\":\"required name=search_term_string\"}],\"inLanguage\":\"hu\"}]}<\/script>\n<!-- \/ Yoast SEO plugin. -->","yoast_head_json":{"title":"NICOLE body - Beloved Lingerie","description":"Finom, n\u0151ies \u00e9s cs\u00e1b\u00edt\u00f3 csipke. Merev\u00edt\u00e9s n\u00e9lk\u00fcli melltart\u00f3. \u00c1ll\u00edthat\u00f3 v\u00e1llp\u00e1nt, amely a nyak k\u00f6r\u00e9 ker\u00fcl. \u00c1ll\u00edthat\u00f3 rugalmas p\u00e1ntok a h\u00e1ton.","robots":{"index":"index","follow":"follow","max-snippet":"max-snippet:-1","max-image-preview":"max-image-preview:large","max-video-preview":"max-video-preview:-1"},"canonical":"https:\/\/belovedlingerie.com\/hu\/termek\/nicole-body\/","og_locale":"hu_HU","og_type":"article","og_title":"NICOLE body - Beloved Lingerie","og_description":"Finom, n\u0151ies \u00e9s cs\u00e1b\u00edt\u00f3 csipke. Merev\u00edt\u00e9s n\u00e9lk\u00fcli melltart\u00f3. \u00c1ll\u00edthat\u00f3 v\u00e1llp\u00e1nt, amely a nyak k\u00f6r\u00e9 ker\u00fcl. \u00c1ll\u00edthat\u00f3 rugalmas p\u00e1ntok a h\u00e1ton.","og_url":"https:\/\/belovedlingerie.com\/hu\/termek\/nicole-body\/","og_site_name":"Beloved Lingerie","article_modified_time":"2025-12-08T06:28:31+00:00","og_image":[{"width":1365,"height":2048,"url":"https:\/\/belovedlingerie.com\/hu\/wp-content\/uploads\/2023\/02\/DSC05954.jpg","type":"image\/jpeg"}],"twitter_card":"summary_large_image","twitter_misc":{"Becs\u00fclt olvas\u00e1si id\u0151":"1 perc"},"schema":{"@context":"https:\/\/schema.org","@graph":[{"@type":"WebPage","@id":"https:\/\/belovedlingerie.com\/hu\/termek\/nicole-body\/","url":"https:\/\/belovedlingerie.com\/hu\/termek\/nicole-body\/","name":"NICOLE body - Beloved Lingerie","isPartOf":{"@id":"https:\/\/belovedlingerie.com\/hu\/#website"},"primaryImageOfPage":{"@id":"https:\/\/belovedlingerie.com\/hu\/termek\/nicole-body\/#primaryimage"},"image":{"@id":"https:\/\/belovedlingerie.com\/hu\/termek\/nicole-body\/#primaryimage"},"thumbnailUrl":"https:\/\/belovedlingerie.com\/hu\/wp-content\/uploads\/2023\/02\/DSC05954.jpg","datePublished":"2023-02-28T19:11:18+00:00","dateModified":"2025-12-08T06:28:31+00:00","description":"Finom, n\u0151ies \u00e9s cs\u00e1b\u00edt\u00f3 csipke. Merev\u00edt\u00e9s n\u00e9lk\u00fcli melltart\u00f3. \u00c1ll\u00edthat\u00f3 v\u00e1llp\u00e1nt, amely a nyak k\u00f6r\u00e9 ker\u00fcl. \u00c1ll\u00edthat\u00f3 rugalmas p\u00e1ntok a h\u00e1ton.","breadcrumb":{"@id":"https:\/\/belovedlingerie.com\/hu\/termek\/nicole-body\/#breadcrumb"},"inLanguage":"hu","potentialAction":[{"@type":"ReadAction","target":["https:\/\/belovedlingerie.com\/hu\/termek\/nicole-body\/"]}]},{"@type":"ImageObject","inLanguage":"hu","@id":"https:\/\/belovedlingerie.com\/hu\/termek\/nicole-body\/#primaryimage","url":"https:\/\/belovedlingerie.com\/hu\/wp-content\/uploads\/2023\/02\/DSC05954.jpg","contentUrl":"https:\/\/belovedlingerie.com\/hu\/wp-content\/uploads\/2023\/02\/DSC05954.jpg","width":1365,"height":2048,"caption":"NICOLE body"},{"@type":"BreadcrumbList","@id":"https:\/\/belovedlingerie.com\/hu\/termek\/nicole-body\/#breadcrumb","itemListElement":[{"@type":"ListItem","position":1,"name":"Home","item":"https:\/\/belovedlingerie.com\/hu\/"},{"@type":"ListItem","position":2,"name":"Shop","item":"https:\/\/belovedlingerie.com\/hu\/shop\/"},{"@type":"ListItem","position":3,"name":"NICOLE body"}]},{"@type":"WebSite","@id":"https:\/\/belovedlingerie.com\/hu\/#website","url":"https:\/\/belovedlingerie.com\/hu\/","name":"Beloved Lingerie","description":"Your beloved fashion store!","potentialAction":[{"@type":"SearchAction","target":{"@type":"EntryPoint","urlTemplate":"https:\/\/belovedlingerie.com\/hu\/?s={search_term_string}"},"query-input":"required name=search_term_string"}],"inLanguage":"hu"}]}},"_links":{"self":[{"href":"https:\/\/belovedlingerie.com\/hu\/wp-json\/wp\/v2\/product\/58107","targetHints":{"allow":["GET"]}}],"collection":[{"href":"https:\/\/belovedlingerie.com\/hu\/wp-json\/wp\/v2\/product"}],"about":[{"href":"https:\/\/belovedlingerie.com\/hu\/wp-json\/wp\/v2\/types\/product"}],"replies":[{"embeddable":true,"href":"https:\/\/belovedlingerie.com\/hu\/wp-json\/wp\/v2\/comments?post=58107"}],"wp:featuredmedia":[{"embeddable":true,"href":"https:\/\/belovedlingerie.com\/hu\/wp-json\/wp\/v2\/media\/57576"}],"wp:attachment":[{"href":"https:\/\/belovedlingerie.com\/hu\/wp-json\/wp\/v2\/media?parent=58107"}],"wp:term":[{"taxonomy":"product_cat","embeddable":true,"href":"https:\/\/belovedlingerie.com\/hu\/wp-json\/wp\/v2\/product_cat?post=58107"},{"taxonomy":"product_tag","embeddable":true,"href":"https:\/\/belovedlingerie.com\/hu\/wp-json\/wp\/v2\/product_tag?post=58107"}],"curies":[{"name":"wp","href":"https:\/\/api.w.org\/{rel}","templated":true}]}}