{"id":385,"date":"2018-05-21T14:18:51","date_gmt":"2018-05-21T12:18:51","guid":{"rendered":"http:\/\/www.beloved.si\/?page_id=385"},"modified":"2024-04-19T14:15:02","modified_gmt":"2024-04-19T12:15:02","slug":"placilo-in-dostava","status":"publish","type":"page","link":"https:\/\/belovedlingerie.com\/si\/placilo-in-dostava\/","title":{"rendered":"Pla\u010dilo in dostava"},"content":{"rendered":"<div class=\"container section-title-container\" ><h3 class=\"section-title section-title-center\"><b><\/b><span class=\"section-title-main\" ><i class=\"icon-heart\" ><\/i>Pla\u010dilo in dostava<\/span><b><\/b><\/h3><\/div>\n<div class=\"box-simple-html\">\n<h3 style=\"text-align: justify;\"><strong>Pla\u010dilo<\/strong><\/h3>\n<\/div>\n<div class=\"box-simple-html\" style=\"text-align: justify;\">\n<p>Na\u010din pla\u010dila si lahko izberete v procesu nakupa:<\/p>\n<ul>\n<li><strong>Pla\u010dilo po povzetju<\/strong>\u00a0(z gotovino ob prevzemu); \u010de ste navedli za dostavo drug naslov, pla\u010dilo po povzetju ni mo\u017eno.<\/li>\n<li><strong>Po predra\u010dunu<\/strong> (z nakazilom na ra\u010dun upravitelja spletne strani <a href=\"https:\/\/belovedlingerie.com\/si\/\">Belovedlingerie.com<\/a> \u2013 Beloved d.o.o.).<\/li>\n<li>Pla\u010dilo preko sistema <strong>PayPal<\/strong>.<\/li>\n<li>Pla\u010dilo <strong>s pla\u010dilnimi karticami<\/strong>.<\/li>\n<\/ul>\n<p>Ob naro\u010dilu izdelkov v vrednosti nad 50,00 EUR so stro\u0161ki pakiranja in dostave brezpla\u010dni.<\/p>\n<p>Ob naro\u010dilu izdelkov v vrednosti do 50,00 EUR zna\u0161ajo stro\u0161ki pakiranja in dostave 3,50 EUR.<\/p>\n<p>Opozorilo: ti pogoji ter stro\u0161ki pakiranja in dostave veljajo samo za Slovenijo. Za morebitno dostavo v druge dr\u017eave se zara\u010dunajo stro\u0161ki dostave po ceniku dostavnega podjetja. Prav tako kupec nosi morebitne stro\u0161ke dajatev v dr\u017eavah izven Slovenije.<\/p>\n<\/div>\n<div class=\"box-simple-html\">\n<h2><\/h2>\n<h3 class=\"box-title\" style=\"text-align: justify;\"><strong>Dostava<\/strong><\/h3>\n<p style=\"text-align: justify;\">Dostavljamo z dostavno slu\u017ebo GLS ter Po\u0161to Slovenije.\u00a0Dostavni \u010das za izdelke na zalogi je 1-3 delovne dni od dneva oddaje naro\u010dila. Ve\u010dina paketov je dostavljena naslednji delovni dan. Pridr\u017eujemo si pravico izbrati drugo dostavno slu\u017ebo, \u010de bi s tem lahko naro\u010dilo izpolnili u\u010dinkoviteje. V primeru prevzema izdelkov s pla\u010dilom po povzetju pla\u010da kupec tudi po\u0161tne stro\u0161ke, ki jih zara\u010duna Po\u0161ta Slovenije. Cenik po\u0161tnih storitev lahko najdete tukaj: <a href=\"https:\/\/www.posta.si\/ceniki\">https:\/\/www.posta.si\/ceniki<\/a><\/p>\n<\/div>\n","protected":false},"excerpt":{"rendered":"<p>Pla\u010dilo Na\u010din pla\u010dila si lahko izberete v procesu nakupa: Pla\u010dilo po povzetju\u00a0(z gotovino ob prevzemu); \u010de ste navedli za dostavo drug naslov, pla\u010dilo po povzetju ni mo\u017eno. Po predra\u010dunu (z nakazilom na ra\u010dun upravitelja spletne strani Belovedlingerie.com \u2013 Beloved d.o.o.). Pla\u010dilo preko sistema PayPal. Pla\u010dilo s pla\u010dilnimi karticami. Ob naro\u010dilu izdelkov v vrednosti nad 50,00 [&#8230;]\n","protected":false},"author":1,"featured_media":0,"parent":0,"menu_order":0,"comment_status":"closed","ping_status":"closed","template":"","meta":{"footnotes":""},"class_list":["post-385","page","type-page","status-publish","hentry"],"acf":[],"yoast_head":"<!-- This site is optimized with the Yoast SEO plugin v22.3 - https:\/\/yoast.com\/wordpress\/plugins\/seo\/ -->\n<title>Pla\u010dilo in dostava - Beloved Lingerie<\/title>\n<meta name=\"robots\" content=\"index, follow, max-snippet:-1, max-image-preview:large, max-video-preview:-1\" \/>\n<link rel=\"canonical\" href=\"https:\/\/belovedlingerie.com\/si\/placilo-in-dostava\/\" \/>\n<meta property=\"og:locale\" content=\"sl_SI\" \/>\n<meta property=\"og:type\" content=\"article\" \/>\n<meta property=\"og:title\" content=\"Pla\u010dilo in dostava - Beloved Lingerie\" \/>\n<meta property=\"og:description\" content=\"Pla\u010dilo Na\u010din pla\u010dila si lahko izberete v procesu nakupa: Pla\u010dilo po povzetju\u00a0(z gotovino ob prevzemu); \u010de ste navedli za dostavo drug naslov, pla\u010dilo po povzetju ni mo\u017eno. Po predra\u010dunu (z nakazilom na ra\u010dun upravitelja spletne strani Belovedlingerie.com \u2013 Beloved d.o.o.). Pla\u010dilo preko sistema PayPal. Pla\u010dilo s pla\u010dilnimi karticami. Ob naro\u010dilu izdelkov v vrednosti nad 50,00 [...]\" \/>\n<meta property=\"og:url\" content=\"https:\/\/belovedlingerie.com\/si\/placilo-in-dostava\/\" \/>\n<meta property=\"og:site_name\" content=\"Beloved Lingerie\" \/>\n<meta property=\"article:modified_time\" content=\"2024-04-19T12:15:02+00:00\" \/>\n<meta name=\"twitter:card\" content=\"summary_large_image\" \/>\n<meta name=\"twitter:label1\" content=\"Est. reading time\" \/>\n\t<meta name=\"twitter:data1\" content=\"2 minuti\" \/>\n<script type=\"application\/ld+json\" class=\"yoast-schema-graph\">{\"@context\":\"https:\/\/schema.org\",\"@graph\":[{\"@type\":\"WebPage\",\"@id\":\"https:\/\/belovedlingerie.com\/si\/placilo-in-dostava\/\",\"url\":\"https:\/\/belovedlingerie.com\/si\/placilo-in-dostava\/\",\"name\":\"Pla\u010dilo in dostava - Beloved Lingerie\",\"isPartOf\":{\"@id\":\"https:\/\/belovedlingerie.com\/si\/#website\"},\"datePublished\":\"2018-05-21T12:18:51+00:00\",\"dateModified\":\"2024-04-19T12:15:02+00:00\",\"breadcrumb\":{\"@id\":\"https:\/\/belovedlingerie.com\/si\/placilo-in-dostava\/#breadcrumb\"},\"inLanguage\":\"sl-SI\",\"potentialAction\":[{\"@type\":\"ReadAction\",\"target\":[\"https:\/\/belovedlingerie.com\/si\/placilo-in-dostava\/\"]}]},{\"@type\":\"BreadcrumbList\",\"@id\":\"https:\/\/belovedlingerie.com\/si\/placilo-in-dostava\/#breadcrumb\",\"itemListElement\":[{\"@type\":\"ListItem\",\"position\":1,\"name\":\"Home\",\"item\":\"https:\/\/belovedlingerie.com\/si\/\"},{\"@type\":\"ListItem\",\"position\":2,\"name\":\"Pla\u010dilo in dostava\"}]},{\"@type\":\"WebSite\",\"@id\":\"https:\/\/belovedlingerie.com\/si\/#website\",\"url\":\"https:\/\/belovedlingerie.com\/si\/\",\"name\":\"Beloved Lingerie\",\"description\":\"Your beloved fashion store!\",\"potentialAction\":[{\"@type\":\"SearchAction\",\"target\":{\"@type\":\"EntryPoint\",\"urlTemplate\":\"https:\/\/belovedlingerie.com\/si\/?s={search_term_string}\"},\"query-input\":\"required name=search_term_string\"}],\"inLanguage\":\"sl-SI\"}]}<\/script>\n<!-- \/ Yoast SEO plugin. -->","yoast_head_json":{"title":"Pla\u010dilo in dostava - Beloved Lingerie","robots":{"index":"index","follow":"follow","max-snippet":"max-snippet:-1","max-image-preview":"max-image-preview:large","max-video-preview":"max-video-preview:-1"},"canonical":"https:\/\/belovedlingerie.com\/si\/placilo-in-dostava\/","og_locale":"sl_SI","og_type":"article","og_title":"Pla\u010dilo in dostava - Beloved Lingerie","og_description":"Pla\u010dilo Na\u010din pla\u010dila si lahko izberete v procesu nakupa: Pla\u010dilo po povzetju\u00a0(z gotovino ob prevzemu); \u010de ste navedli za dostavo drug naslov, pla\u010dilo po povzetju ni mo\u017eno. Po predra\u010dunu (z nakazilom na ra\u010dun upravitelja spletne strani Belovedlingerie.com \u2013 Beloved d.o.o.). Pla\u010dilo preko sistema PayPal. Pla\u010dilo s pla\u010dilnimi karticami. Ob naro\u010dilu izdelkov v vrednosti nad 50,00 [...]","og_url":"https:\/\/belovedlingerie.com\/si\/placilo-in-dostava\/","og_site_name":"Beloved Lingerie","article_modified_time":"2024-04-19T12:15:02+00:00","twitter_card":"summary_large_image","twitter_misc":{"Est. reading time":"2 minuti"},"schema":{"@context":"https:\/\/schema.org","@graph":[{"@type":"WebPage","@id":"https:\/\/belovedlingerie.com\/si\/placilo-in-dostava\/","url":"https:\/\/belovedlingerie.com\/si\/placilo-in-dostava\/","name":"Pla\u010dilo in dostava - Beloved Lingerie","isPartOf":{"@id":"https:\/\/belovedlingerie.com\/si\/#website"},"datePublished":"2018-05-21T12:18:51+00:00","dateModified":"2024-04-19T12:15:02+00:00","breadcrumb":{"@id":"https:\/\/belovedlingerie.com\/si\/placilo-in-dostava\/#breadcrumb"},"inLanguage":"sl-SI","potentialAction":[{"@type":"ReadAction","target":["https:\/\/belovedlingerie.com\/si\/placilo-in-dostava\/"]}]},{"@type":"BreadcrumbList","@id":"https:\/\/belovedlingerie.com\/si\/placilo-in-dostava\/#breadcrumb","itemListElement":[{"@type":"ListItem","position":1,"name":"Home","item":"https:\/\/belovedlingerie.com\/si\/"},{"@type":"ListItem","position":2,"name":"Pla\u010dilo in dostava"}]},{"@type":"WebSite","@id":"https:\/\/belovedlingerie.com\/si\/#website","url":"https:\/\/belovedlingerie.com\/si\/","name":"Beloved Lingerie","description":"Your beloved fashion store!","potentialAction":[{"@type":"SearchAction","target":{"@type":"EntryPoint","urlTemplate":"https:\/\/belovedlingerie.com\/si\/?s={search_term_string}"},"query-input":"required name=search_term_string"}],"inLanguage":"sl-SI"}]}},"_links":{"self":[{"href":"https:\/\/belovedlingerie.com\/si\/wp-json\/wp\/v2\/pages\/385","targetHints":{"allow":["GET"]}}],"collection":[{"href":"https:\/\/belovedlingerie.com\/si\/wp-json\/wp\/v2\/pages"}],"about":[{"href":"https:\/\/belovedlingerie.com\/si\/wp-json\/wp\/v2\/types\/page"}],"author":[{"embeddable":true,"href":"https:\/\/belovedlingerie.com\/si\/wp-json\/wp\/v2\/users\/1"}],"replies":[{"embeddable":true,"href":"https:\/\/belovedlingerie.com\/si\/wp-json\/wp\/v2\/comments?post=385"}],"version-history":[{"count":1,"href":"https:\/\/belovedlingerie.com\/si\/wp-json\/wp\/v2\/pages\/385\/revisions"}],"predecessor-version":[{"id":10061993,"href":"https:\/\/belovedlingerie.com\/si\/wp-json\/wp\/v2\/pages\/385\/revisions\/10061993"}],"wp:attachment":[{"href":"https:\/\/belovedlingerie.com\/si\/wp-json\/wp\/v2\/media?parent=385"}],"curies":[{"name":"wp","href":"https:\/\/api.w.org\/{rel}","templated":true}]}}