{"id":10060478,"date":"2023-11-17T06:12:24","date_gmt":"2023-11-17T05:12:24","guid":{"rendered":"https:\/\/belovedlingerie.com\/si\/?post_type=product&#038;p=10060478"},"modified":"2026-04-15T08:01:51","modified_gmt":"2026-04-15T06:01:51","slug":"brezzicni-nedrcek-milla-crn","status":"publish","type":"product","link":"https:\/\/belovedlingerie.com\/si\/izdelek\/brezzicni-nedrcek-milla-crn\/","title":{"rendered":"Brez\u017ei\u010dni nedr\u010dek MILLA \u010drn"},"content":{"rendered":"<ul>\n<li><span class=\"Y2IQFc\" lang=\"sl\">Brez\u017ei\u010dni <a href=\"https:\/\/belovedlingerie.com\/si\/kategorija\/back-to-basics-kolekcija\/nedrcki\/\" target=\"_blank\" rel=\"noopener\">nedr\u010dek<\/a> iz udobnih materialov. <\/span><\/li>\n<li><span class=\"Y2IQFc\" lang=\"sl\">Ker ne vsebuje podporne \u017eice, je udoben za vsakodnevno no\u0161enje in neviden pod obla\u010dili.\u00a0<\/span><\/li>\n<li><span class=\"Y2IQFc\" lang=\"sl\"><a href=\"https:\/\/www.beloved.si\/back-to-basics-udobno-brezsivno-spodnje-perilo-za-vsakdanje-udobje\/\" target=\"_blank\" rel=\"noopener\">Udoben<\/a> in eleganten.<\/span><\/li>\n<li>Barva: \u010drna.<\/li>\n<li><span class=\"Y2IQFc\" lang=\"sl\">Narejen iz mehkih, ko\u017ei prijaznih materialov.<\/span><\/li>\n<li>Model nosi konfekcijsko \u0161tevilko S.<\/li>\n<li>Barve <a href=\"https:\/\/belovedlingerie.com\/si\/kategorija\/spodnje-perilo\/\" target=\"_blank\" rel=\"noopener\">spodnjega perila<\/a> na slikah se lahko nekoliko razlikujejo od dejanskih barv, zaradi nastavitev telefona ali ra\u010dunalnika.<\/li>\n<li>Sestava: Blazinica: 82% najlon, 18% spandex; Zunanjost 1: 90% modal, 10% spandex, Zunanjost 2: 83% najlon, 17% spandex.<\/li>\n<\/ul>\n","protected":false},"excerpt":{"rendered":"<p>Brez\u017ei\u010dni nedr\u010dek iz udobnih materialov. Ker ne vsebuje podporne \u017eice, je udoben za vsakodnevno no\u0161enje in neviden pod obla\u010dili.\u00a0 Udoben in eleganten. Barva: \u010drna. Narejen iz mehkih, ko\u017ei prijaznih materialov. Model nosi konfekcijsko \u0161tevilko S. Barve spodnjega perila na slikah se lahko nekoliko razlikujejo od dejanskih barv, zaradi nastavitev telefona ali ra\u010dunalnika. Sestava: Blazinica: 82% [&#8230;]\n","protected":false},"featured_media":10060487,"comment_status":"open","ping_status":"closed","template":"","meta":[],"product_cat":[197,198],"product_tag":[],"class_list":{"0":"post-10060478","1":"product","2":"type-product","3":"status-publish","4":"has-post-thumbnail","6":"product_cat-back-to-basics-kolekcija","7":"product_cat-nedrcki","9":"first","10":"instock","11":"taxable","12":"shipping-taxable","13":"purchasable","14":"product-type-variable"},"bundled_by":[],"bundle_stock_status":"instock","bundle_stock_quantity":null,"bundle_virtual":false,"bundle_layout":"","bundle_add_to_cart_form_location":"","bundle_editable_in_cart":false,"bundle_sold_individually_context":"","bundle_item_grouping":"","bundle_min_size":"","bundle_max_size":"","bundle_price":[],"bundled_items":[],"bundle_sell_ids":[],"acf":[],"yoast_head":"<!-- This site is optimized with the Yoast SEO plugin v22.3 - https:\/\/yoast.com\/wordpress\/plugins\/seo\/ -->\n<title>Brez\u017ei\u010dni nedr\u010dek MILLA \u010drn - Beloved Lingerie<\/title>\n<meta name=\"description\" content=\"Brez\u017ei\u010dni nedr\u010dek iz udobnih materialov MILLA \u010drn. Ker ne vsebuje podporne \u017eice, je udoben za vsakodnevno no\u0161enje in neviden pod obla\u010dili.\u00a0\" \/>\n<meta name=\"robots\" content=\"index, follow, max-snippet:-1, max-image-preview:large, max-video-preview:-1\" \/>\n<link rel=\"canonical\" href=\"https:\/\/belovedlingerie.com\/si\/izdelek\/brezzicni-nedrcek-milla-crn\/\" \/>\n<meta property=\"og:locale\" content=\"sl_SI\" \/>\n<meta property=\"og:type\" content=\"article\" \/>\n<meta property=\"og:title\" content=\"Brez\u017ei\u010dni nedr\u010dek MILLA \u010drn - Beloved Lingerie\" \/>\n<meta property=\"og:description\" content=\"Brez\u017ei\u010dni nedr\u010dek iz udobnih materialov MILLA \u010drn. Ker ne vsebuje podporne \u017eice, je udoben za vsakodnevno no\u0161enje in neviden pod obla\u010dili.\u00a0\" \/>\n<meta property=\"og:url\" content=\"https:\/\/belovedlingerie.com\/si\/izdelek\/brezzicni-nedrcek-milla-crn\/\" \/>\n<meta property=\"og:site_name\" content=\"Beloved Lingerie\" \/>\n<meta property=\"article:modified_time\" content=\"2026-04-15T06:01:51+00:00\" \/>\n<meta property=\"og:image\" content=\"https:\/\/belovedlingerie.com\/si\/wp-content\/uploads\/2024\/03\/Brezzicni-nedrcek-MILLA-crn-2.jpg\" \/>\n\t<meta property=\"og:image:width\" content=\"1605\" \/>\n\t<meta property=\"og:image:height\" content=\"2408\" \/>\n\t<meta property=\"og:image:type\" content=\"image\/jpeg\" \/>\n<meta name=\"twitter:card\" content=\"summary_large_image\" \/>\n<meta name=\"twitter:label1\" content=\"Est. reading time\" \/>\n\t<meta name=\"twitter:data1\" content=\"1 minuta\" \/>\n<script type=\"application\/ld+json\" class=\"yoast-schema-graph\">{\"@context\":\"https:\/\/schema.org\",\"@graph\":[{\"@type\":\"WebPage\",\"@id\":\"https:\/\/belovedlingerie.com\/si\/izdelek\/brezzicni-nedrcek-milla-crn\/\",\"url\":\"https:\/\/belovedlingerie.com\/si\/izdelek\/brezzicni-nedrcek-milla-crn\/\",\"name\":\"Brez\u017ei\u010dni nedr\u010dek MILLA \u010drn - Beloved Lingerie\",\"isPartOf\":{\"@id\":\"https:\/\/belovedlingerie.com\/si\/#website\"},\"primaryImageOfPage\":{\"@id\":\"https:\/\/belovedlingerie.com\/si\/izdelek\/brezzicni-nedrcek-milla-crn\/#primaryimage\"},\"image\":{\"@id\":\"https:\/\/belovedlingerie.com\/si\/izdelek\/brezzicni-nedrcek-milla-crn\/#primaryimage\"},\"thumbnailUrl\":\"https:\/\/belovedlingerie.com\/si\/wp-content\/uploads\/2024\/03\/Brezzicni-nedrcek-MILLA-crn-2.jpg\",\"datePublished\":\"2023-11-17T05:12:24+00:00\",\"dateModified\":\"2026-04-15T06:01:51+00:00\",\"description\":\"Brez\u017ei\u010dni nedr\u010dek iz udobnih materialov MILLA \u010drn. Ker ne vsebuje podporne \u017eice, je udoben za vsakodnevno no\u0161enje in neviden pod obla\u010dili.\u00a0\",\"breadcrumb\":{\"@id\":\"https:\/\/belovedlingerie.com\/si\/izdelek\/brezzicni-nedrcek-milla-crn\/#breadcrumb\"},\"inLanguage\":\"sl-SI\",\"potentialAction\":[{\"@type\":\"ReadAction\",\"target\":[\"https:\/\/belovedlingerie.com\/si\/izdelek\/brezzicni-nedrcek-milla-crn\/\"]}]},{\"@type\":\"ImageObject\",\"inLanguage\":\"sl-SI\",\"@id\":\"https:\/\/belovedlingerie.com\/si\/izdelek\/brezzicni-nedrcek-milla-crn\/#primaryimage\",\"url\":\"https:\/\/belovedlingerie.com\/si\/wp-content\/uploads\/2024\/03\/Brezzicni-nedrcek-MILLA-crn-2.jpg\",\"contentUrl\":\"https:\/\/belovedlingerie.com\/si\/wp-content\/uploads\/2024\/03\/Brezzicni-nedrcek-MILLA-crn-2.jpg\",\"width\":1605,\"height\":2408,\"caption\":\"Brez\u017ei\u010dni nedr\u010dek MILLA \u010drn\"},{\"@type\":\"BreadcrumbList\",\"@id\":\"https:\/\/belovedlingerie.com\/si\/izdelek\/brezzicni-nedrcek-milla-crn\/#breadcrumb\",\"itemListElement\":[{\"@type\":\"ListItem\",\"position\":1,\"name\":\"Home\",\"item\":\"https:\/\/belovedlingerie.com\/si\/\"},{\"@type\":\"ListItem\",\"position\":2,\"name\":\"Shop\",\"item\":\"https:\/\/belovedlingerie.com\/si\/shop\/\"},{\"@type\":\"ListItem\",\"position\":3,\"name\":\"Brez\u017ei\u010dni nedr\u010dek MILLA \u010drn\"}]},{\"@type\":\"WebSite\",\"@id\":\"https:\/\/belovedlingerie.com\/si\/#website\",\"url\":\"https:\/\/belovedlingerie.com\/si\/\",\"name\":\"Beloved Lingerie\",\"description\":\"Your beloved fashion store!\",\"potentialAction\":[{\"@type\":\"SearchAction\",\"target\":{\"@type\":\"EntryPoint\",\"urlTemplate\":\"https:\/\/belovedlingerie.com\/si\/?s={search_term_string}\"},\"query-input\":\"required name=search_term_string\"}],\"inLanguage\":\"sl-SI\"}]}<\/script>\n<!-- \/ Yoast SEO plugin. -->","yoast_head_json":{"title":"Brez\u017ei\u010dni nedr\u010dek MILLA \u010drn - Beloved Lingerie","description":"Brez\u017ei\u010dni nedr\u010dek iz udobnih materialov MILLA \u010drn. Ker ne vsebuje podporne \u017eice, je udoben za vsakodnevno no\u0161enje in neviden pod obla\u010dili.\u00a0","robots":{"index":"index","follow":"follow","max-snippet":"max-snippet:-1","max-image-preview":"max-image-preview:large","max-video-preview":"max-video-preview:-1"},"canonical":"https:\/\/belovedlingerie.com\/si\/izdelek\/brezzicni-nedrcek-milla-crn\/","og_locale":"sl_SI","og_type":"article","og_title":"Brez\u017ei\u010dni nedr\u010dek MILLA \u010drn - Beloved Lingerie","og_description":"Brez\u017ei\u010dni nedr\u010dek iz udobnih materialov MILLA \u010drn. Ker ne vsebuje podporne \u017eice, je udoben za vsakodnevno no\u0161enje in neviden pod obla\u010dili.\u00a0","og_url":"https:\/\/belovedlingerie.com\/si\/izdelek\/brezzicni-nedrcek-milla-crn\/","og_site_name":"Beloved Lingerie","article_modified_time":"2026-04-15T06:01:51+00:00","og_image":[{"width":1605,"height":2408,"url":"https:\/\/belovedlingerie.com\/si\/wp-content\/uploads\/2024\/03\/Brezzicni-nedrcek-MILLA-crn-2.jpg","type":"image\/jpeg"}],"twitter_card":"summary_large_image","twitter_misc":{"Est. reading time":"1 minuta"},"schema":{"@context":"https:\/\/schema.org","@graph":[{"@type":"WebPage","@id":"https:\/\/belovedlingerie.com\/si\/izdelek\/brezzicni-nedrcek-milla-crn\/","url":"https:\/\/belovedlingerie.com\/si\/izdelek\/brezzicni-nedrcek-milla-crn\/","name":"Brez\u017ei\u010dni nedr\u010dek MILLA \u010drn - Beloved Lingerie","isPartOf":{"@id":"https:\/\/belovedlingerie.com\/si\/#website"},"primaryImageOfPage":{"@id":"https:\/\/belovedlingerie.com\/si\/izdelek\/brezzicni-nedrcek-milla-crn\/#primaryimage"},"image":{"@id":"https:\/\/belovedlingerie.com\/si\/izdelek\/brezzicni-nedrcek-milla-crn\/#primaryimage"},"thumbnailUrl":"https:\/\/belovedlingerie.com\/si\/wp-content\/uploads\/2024\/03\/Brezzicni-nedrcek-MILLA-crn-2.jpg","datePublished":"2023-11-17T05:12:24+00:00","dateModified":"2026-04-15T06:01:51+00:00","description":"Brez\u017ei\u010dni nedr\u010dek iz udobnih materialov MILLA \u010drn. Ker ne vsebuje podporne \u017eice, je udoben za vsakodnevno no\u0161enje in neviden pod obla\u010dili.\u00a0","breadcrumb":{"@id":"https:\/\/belovedlingerie.com\/si\/izdelek\/brezzicni-nedrcek-milla-crn\/#breadcrumb"},"inLanguage":"sl-SI","potentialAction":[{"@type":"ReadAction","target":["https:\/\/belovedlingerie.com\/si\/izdelek\/brezzicni-nedrcek-milla-crn\/"]}]},{"@type":"ImageObject","inLanguage":"sl-SI","@id":"https:\/\/belovedlingerie.com\/si\/izdelek\/brezzicni-nedrcek-milla-crn\/#primaryimage","url":"https:\/\/belovedlingerie.com\/si\/wp-content\/uploads\/2024\/03\/Brezzicni-nedrcek-MILLA-crn-2.jpg","contentUrl":"https:\/\/belovedlingerie.com\/si\/wp-content\/uploads\/2024\/03\/Brezzicni-nedrcek-MILLA-crn-2.jpg","width":1605,"height":2408,"caption":"Brez\u017ei\u010dni nedr\u010dek MILLA \u010drn"},{"@type":"BreadcrumbList","@id":"https:\/\/belovedlingerie.com\/si\/izdelek\/brezzicni-nedrcek-milla-crn\/#breadcrumb","itemListElement":[{"@type":"ListItem","position":1,"name":"Home","item":"https:\/\/belovedlingerie.com\/si\/"},{"@type":"ListItem","position":2,"name":"Shop","item":"https:\/\/belovedlingerie.com\/si\/shop\/"},{"@type":"ListItem","position":3,"name":"Brez\u017ei\u010dni nedr\u010dek MILLA \u010drn"}]},{"@type":"WebSite","@id":"https:\/\/belovedlingerie.com\/si\/#website","url":"https:\/\/belovedlingerie.com\/si\/","name":"Beloved Lingerie","description":"Your beloved fashion store!","potentialAction":[{"@type":"SearchAction","target":{"@type":"EntryPoint","urlTemplate":"https:\/\/belovedlingerie.com\/si\/?s={search_term_string}"},"query-input":"required name=search_term_string"}],"inLanguage":"sl-SI"}]}},"_links":{"self":[{"href":"https:\/\/belovedlingerie.com\/si\/wp-json\/wp\/v2\/product\/10060478","targetHints":{"allow":["GET"]}}],"collection":[{"href":"https:\/\/belovedlingerie.com\/si\/wp-json\/wp\/v2\/product"}],"about":[{"href":"https:\/\/belovedlingerie.com\/si\/wp-json\/wp\/v2\/types\/product"}],"replies":[{"embeddable":true,"href":"https:\/\/belovedlingerie.com\/si\/wp-json\/wp\/v2\/comments?post=10060478"}],"wp:featuredmedia":[{"embeddable":true,"href":"https:\/\/belovedlingerie.com\/si\/wp-json\/wp\/v2\/media\/10060487"}],"wp:attachment":[{"href":"https:\/\/belovedlingerie.com\/si\/wp-json\/wp\/v2\/media?parent=10060478"}],"wp:term":[{"taxonomy":"product_cat","embeddable":true,"href":"https:\/\/belovedlingerie.com\/si\/wp-json\/wp\/v2\/product_cat?post=10060478"},{"taxonomy":"product_tag","embeddable":true,"href":"https:\/\/belovedlingerie.com\/si\/wp-json\/wp\/v2\/product_tag?post=10060478"}],"curies":[{"name":"wp","href":"https:\/\/api.w.org\/{rel}","templated":true}]}}