{"id":10060649,"date":"2024-11-17T09:03:07","date_gmt":"2024-11-17T08:03:07","guid":{"rendered":"https:\/\/belovedlingerie.com\/si\/?post_type=product&#038;p=10060649"},"modified":"2026-04-17T14:18:06","modified_gmt":"2026-04-17T12:18:06","slug":"brezsivni-nedrcek-celine-bel","status":"publish","type":"product","link":"https:\/\/belovedlingerie.com\/si\/izdelek\/brezsivni-nedrcek-celine-bel\/","title":{"rendered":"Brez\u0161ivni nedr\u010dek CELINE bel"},"content":{"rendered":"<ul>\n<li><span class=\"Y2IQFc\" lang=\"sl\"><a href=\"https:\/\/belovedlingerie.com\/si\/kategorija\/back-to-basics-kolekcija\/nedrcki\/\" target=\"_blank\" rel=\"noopener\">Brez\u0161ivni nedr\u010dek<\/a> iz udobnih materialov. <\/span><\/li>\n<li><span class=\"Y2IQFc\" lang=\"sl\">Ker ne vsebuje podporne \u017eice, je udoben za vsakodnevno no\u0161enje in neviden pod obla\u010dili.\u00a0<\/span><\/li>\n<li><span class=\"Y2IQFc\" lang=\"sl\"><a href=\"https:\/\/www.beloved.si\/back-to-basics-udobno-brezsivno-spodnje-perilo-za-vsakdanje-udobje\/\" target=\"_blank\" rel=\"noopener\">Udoben<\/a> in eleganten.<\/span><\/li>\n<li>Nastavljive naramnice.<\/li>\n<li>Mo\u017enost reguliranja obsega modr\u010dka in pasu z dr\u017eki.<\/li>\n<li>Podlo\u017eene blazinice.<\/li>\n<li>Zapiranje na kavelj\u010dke.<\/li>\n<li>Barva: bela.<\/li>\n<li><span class=\"Y2IQFc\" lang=\"sl\">Narejen iz mehkih, ko\u017ei prijaznih materialov.<\/span><\/li>\n<li>Model nosi konfekcijsko \u0161tevilko S.<\/li>\n<li>Barve <a href=\"https:\/\/belovedlingerie.com\/si\/kategorija\/back-to-basics-kolekcija\/nedrcki\/\" target=\"_blank\" rel=\"noopener\">spodnjega perila<\/a> na slikah se lahko nekoliko razlikujejo od dejanskih barv, zaradi nastavitev telefona ali ra\u010dunalnika.<\/li>\n<li>Sestava: Blazinica: 82% najlon, 18% spandex; Zunanjost 1: 90% modal, 10% spandex, Zunanjost 2: 83% najlon, 17% spandex.<\/li>\n<\/ul>\n","protected":false},"excerpt":{"rendered":"<p>Brez\u0161ivni nedr\u010dek iz udobnih materialov. Ker ne vsebuje podporne \u017eice, je udoben za vsakodnevno no\u0161enje in neviden pod obla\u010dili.\u00a0 Udoben in eleganten. Nastavljive naramnice. Mo\u017enost reguliranja obsega modr\u010dka in pasu z dr\u017eki. Podlo\u017eene blazinice. Zapiranje na kavelj\u010dke. Barva: bela. Narejen iz mehkih, ko\u017ei prijaznih materialov. Model nosi konfekcijsko \u0161tevilko S. Barve spodnjega perila na slikah [&#8230;]\n","protected":false},"featured_media":10060633,"comment_status":"open","ping_status":"closed","template":"","meta":[],"product_cat":[197,198,158],"product_tag":[],"class_list":{"0":"post-10060649","1":"product","2":"type-product","3":"status-publish","4":"has-post-thumbnail","6":"product_cat-back-to-basics-kolekcija","7":"product_cat-nedrcki","8":"product_cat-bestsellers","10":"first","11":"instock","12":"taxable","13":"shipping-taxable","14":"purchasable","15":"product-type-variable"},"bundled_by":["10067335"],"bundle_stock_status":"instock","bundle_stock_quantity":null,"bundle_virtual":false,"bundle_layout":"","bundle_add_to_cart_form_location":"","bundle_editable_in_cart":false,"bundle_sold_individually_context":"","bundle_item_grouping":"","bundle_min_size":"","bundle_max_size":"","bundle_price":[],"bundled_items":[],"bundle_sell_ids":[],"acf":[],"yoast_head":"<!-- This site is optimized with the Yoast SEO plugin v22.3 - https:\/\/yoast.com\/wordpress\/plugins\/seo\/ -->\n<title>Brez\u0161ivni nedr\u010dek CELINE bel - Beloved Lingerie<\/title>\n<meta name=\"description\" content=\"Brez\u0161ivni nedr\u010dek iz udobnih materialov ne vsebuje podporne \u017eice, je udoben za vsakodnevno no\u0161enje in neviden pod obla\u010dili.\u00a0\" \/>\n<meta name=\"robots\" content=\"index, follow, max-snippet:-1, max-image-preview:large, max-video-preview:-1\" \/>\n<link rel=\"canonical\" href=\"https:\/\/belovedlingerie.com\/si\/izdelek\/brezsivni-nedrcek-celine-bel\/\" \/>\n<meta property=\"og:locale\" content=\"sl_SI\" \/>\n<meta property=\"og:type\" content=\"article\" \/>\n<meta property=\"og:title\" content=\"Brez\u0161ivni nedr\u010dek CELINE bel - Beloved Lingerie\" \/>\n<meta property=\"og:description\" content=\"Brez\u0161ivni nedr\u010dek iz udobnih materialov ne vsebuje podporne \u017eice, je udoben za vsakodnevno no\u0161enje in neviden pod obla\u010dili.\u00a0\" \/>\n<meta property=\"og:url\" content=\"https:\/\/belovedlingerie.com\/si\/izdelek\/brezsivni-nedrcek-celine-bel\/\" \/>\n<meta property=\"og:site_name\" content=\"Beloved Lingerie\" \/>\n<meta property=\"article:modified_time\" content=\"2026-04-17T12:18:06+00:00\" \/>\n<meta property=\"og:image\" content=\"https:\/\/belovedlingerie.com\/si\/wp-content\/uploads\/2024\/03\/Brezsivni-nedrcek-CELINE-bel-5.jpg\" \/>\n\t<meta property=\"og:image:width\" content=\"1605\" \/>\n\t<meta property=\"og:image:height\" content=\"2408\" \/>\n\t<meta property=\"og:image:type\" content=\"image\/jpeg\" \/>\n<meta name=\"twitter:card\" content=\"summary_large_image\" \/>\n<meta name=\"twitter:label1\" content=\"Est. reading time\" \/>\n\t<meta name=\"twitter:data1\" content=\"1 minuta\" \/>\n<script type=\"application\/ld+json\" class=\"yoast-schema-graph\">{\"@context\":\"https:\/\/schema.org\",\"@graph\":[{\"@type\":\"WebPage\",\"@id\":\"https:\/\/belovedlingerie.com\/si\/izdelek\/brezsivni-nedrcek-celine-bel\/\",\"url\":\"https:\/\/belovedlingerie.com\/si\/izdelek\/brezsivni-nedrcek-celine-bel\/\",\"name\":\"Brez\u0161ivni nedr\u010dek CELINE bel - Beloved Lingerie\",\"isPartOf\":{\"@id\":\"https:\/\/belovedlingerie.com\/si\/#website\"},\"primaryImageOfPage\":{\"@id\":\"https:\/\/belovedlingerie.com\/si\/izdelek\/brezsivni-nedrcek-celine-bel\/#primaryimage\"},\"image\":{\"@id\":\"https:\/\/belovedlingerie.com\/si\/izdelek\/brezsivni-nedrcek-celine-bel\/#primaryimage\"},\"thumbnailUrl\":\"https:\/\/belovedlingerie.com\/si\/wp-content\/uploads\/2024\/03\/Brezsivni-nedrcek-CELINE-bel-5.jpg\",\"datePublished\":\"2024-11-17T08:03:07+00:00\",\"dateModified\":\"2026-04-17T12:18:06+00:00\",\"description\":\"Brez\u0161ivni nedr\u010dek iz udobnih materialov ne vsebuje podporne \u017eice, je udoben za vsakodnevno no\u0161enje in neviden pod obla\u010dili.\u00a0\",\"breadcrumb\":{\"@id\":\"https:\/\/belovedlingerie.com\/si\/izdelek\/brezsivni-nedrcek-celine-bel\/#breadcrumb\"},\"inLanguage\":\"sl-SI\",\"potentialAction\":[{\"@type\":\"ReadAction\",\"target\":[\"https:\/\/belovedlingerie.com\/si\/izdelek\/brezsivni-nedrcek-celine-bel\/\"]}]},{\"@type\":\"ImageObject\",\"inLanguage\":\"sl-SI\",\"@id\":\"https:\/\/belovedlingerie.com\/si\/izdelek\/brezsivni-nedrcek-celine-bel\/#primaryimage\",\"url\":\"https:\/\/belovedlingerie.com\/si\/wp-content\/uploads\/2024\/03\/Brezsivni-nedrcek-CELINE-bel-5.jpg\",\"contentUrl\":\"https:\/\/belovedlingerie.com\/si\/wp-content\/uploads\/2024\/03\/Brezsivni-nedrcek-CELINE-bel-5.jpg\",\"width\":1605,\"height\":2408,\"caption\":\"Brez\u0161ivni nedr\u010dek CELINE bel\"},{\"@type\":\"BreadcrumbList\",\"@id\":\"https:\/\/belovedlingerie.com\/si\/izdelek\/brezsivni-nedrcek-celine-bel\/#breadcrumb\",\"itemListElement\":[{\"@type\":\"ListItem\",\"position\":1,\"name\":\"Home\",\"item\":\"https:\/\/belovedlingerie.com\/si\/\"},{\"@type\":\"ListItem\",\"position\":2,\"name\":\"Shop\",\"item\":\"https:\/\/belovedlingerie.com\/si\/shop\/\"},{\"@type\":\"ListItem\",\"position\":3,\"name\":\"Brez\u0161ivni nedr\u010dek CELINE bel\"}]},{\"@type\":\"WebSite\",\"@id\":\"https:\/\/belovedlingerie.com\/si\/#website\",\"url\":\"https:\/\/belovedlingerie.com\/si\/\",\"name\":\"Beloved Lingerie\",\"description\":\"Your beloved fashion store!\",\"potentialAction\":[{\"@type\":\"SearchAction\",\"target\":{\"@type\":\"EntryPoint\",\"urlTemplate\":\"https:\/\/belovedlingerie.com\/si\/?s={search_term_string}\"},\"query-input\":\"required name=search_term_string\"}],\"inLanguage\":\"sl-SI\"}]}<\/script>\n<!-- \/ Yoast SEO plugin. -->","yoast_head_json":{"title":"Brez\u0161ivni nedr\u010dek CELINE bel - Beloved Lingerie","description":"Brez\u0161ivni nedr\u010dek iz udobnih materialov ne vsebuje podporne \u017eice, je udoben za vsakodnevno no\u0161enje in neviden pod obla\u010dili.\u00a0","robots":{"index":"index","follow":"follow","max-snippet":"max-snippet:-1","max-image-preview":"max-image-preview:large","max-video-preview":"max-video-preview:-1"},"canonical":"https:\/\/belovedlingerie.com\/si\/izdelek\/brezsivni-nedrcek-celine-bel\/","og_locale":"sl_SI","og_type":"article","og_title":"Brez\u0161ivni nedr\u010dek CELINE bel - Beloved Lingerie","og_description":"Brez\u0161ivni nedr\u010dek iz udobnih materialov ne vsebuje podporne \u017eice, je udoben za vsakodnevno no\u0161enje in neviden pod obla\u010dili.\u00a0","og_url":"https:\/\/belovedlingerie.com\/si\/izdelek\/brezsivni-nedrcek-celine-bel\/","og_site_name":"Beloved Lingerie","article_modified_time":"2026-04-17T12:18:06+00:00","og_image":[{"width":1605,"height":2408,"url":"https:\/\/belovedlingerie.com\/si\/wp-content\/uploads\/2024\/03\/Brezsivni-nedrcek-CELINE-bel-5.jpg","type":"image\/jpeg"}],"twitter_card":"summary_large_image","twitter_misc":{"Est. reading time":"1 minuta"},"schema":{"@context":"https:\/\/schema.org","@graph":[{"@type":"WebPage","@id":"https:\/\/belovedlingerie.com\/si\/izdelek\/brezsivni-nedrcek-celine-bel\/","url":"https:\/\/belovedlingerie.com\/si\/izdelek\/brezsivni-nedrcek-celine-bel\/","name":"Brez\u0161ivni nedr\u010dek CELINE bel - Beloved Lingerie","isPartOf":{"@id":"https:\/\/belovedlingerie.com\/si\/#website"},"primaryImageOfPage":{"@id":"https:\/\/belovedlingerie.com\/si\/izdelek\/brezsivni-nedrcek-celine-bel\/#primaryimage"},"image":{"@id":"https:\/\/belovedlingerie.com\/si\/izdelek\/brezsivni-nedrcek-celine-bel\/#primaryimage"},"thumbnailUrl":"https:\/\/belovedlingerie.com\/si\/wp-content\/uploads\/2024\/03\/Brezsivni-nedrcek-CELINE-bel-5.jpg","datePublished":"2024-11-17T08:03:07+00:00","dateModified":"2026-04-17T12:18:06+00:00","description":"Brez\u0161ivni nedr\u010dek iz udobnih materialov ne vsebuje podporne \u017eice, je udoben za vsakodnevno no\u0161enje in neviden pod obla\u010dili.\u00a0","breadcrumb":{"@id":"https:\/\/belovedlingerie.com\/si\/izdelek\/brezsivni-nedrcek-celine-bel\/#breadcrumb"},"inLanguage":"sl-SI","potentialAction":[{"@type":"ReadAction","target":["https:\/\/belovedlingerie.com\/si\/izdelek\/brezsivni-nedrcek-celine-bel\/"]}]},{"@type":"ImageObject","inLanguage":"sl-SI","@id":"https:\/\/belovedlingerie.com\/si\/izdelek\/brezsivni-nedrcek-celine-bel\/#primaryimage","url":"https:\/\/belovedlingerie.com\/si\/wp-content\/uploads\/2024\/03\/Brezsivni-nedrcek-CELINE-bel-5.jpg","contentUrl":"https:\/\/belovedlingerie.com\/si\/wp-content\/uploads\/2024\/03\/Brezsivni-nedrcek-CELINE-bel-5.jpg","width":1605,"height":2408,"caption":"Brez\u0161ivni nedr\u010dek CELINE bel"},{"@type":"BreadcrumbList","@id":"https:\/\/belovedlingerie.com\/si\/izdelek\/brezsivni-nedrcek-celine-bel\/#breadcrumb","itemListElement":[{"@type":"ListItem","position":1,"name":"Home","item":"https:\/\/belovedlingerie.com\/si\/"},{"@type":"ListItem","position":2,"name":"Shop","item":"https:\/\/belovedlingerie.com\/si\/shop\/"},{"@type":"ListItem","position":3,"name":"Brez\u0161ivni nedr\u010dek CELINE bel"}]},{"@type":"WebSite","@id":"https:\/\/belovedlingerie.com\/si\/#website","url":"https:\/\/belovedlingerie.com\/si\/","name":"Beloved Lingerie","description":"Your beloved fashion store!","potentialAction":[{"@type":"SearchAction","target":{"@type":"EntryPoint","urlTemplate":"https:\/\/belovedlingerie.com\/si\/?s={search_term_string}"},"query-input":"required name=search_term_string"}],"inLanguage":"sl-SI"}]}},"_links":{"self":[{"href":"https:\/\/belovedlingerie.com\/si\/wp-json\/wp\/v2\/product\/10060649","targetHints":{"allow":["GET"]}}],"collection":[{"href":"https:\/\/belovedlingerie.com\/si\/wp-json\/wp\/v2\/product"}],"about":[{"href":"https:\/\/belovedlingerie.com\/si\/wp-json\/wp\/v2\/types\/product"}],"replies":[{"embeddable":true,"href":"https:\/\/belovedlingerie.com\/si\/wp-json\/wp\/v2\/comments?post=10060649"}],"wp:featuredmedia":[{"embeddable":true,"href":"https:\/\/belovedlingerie.com\/si\/wp-json\/wp\/v2\/media\/10060633"}],"wp:attachment":[{"href":"https:\/\/belovedlingerie.com\/si\/wp-json\/wp\/v2\/media?parent=10060649"}],"wp:term":[{"taxonomy":"product_cat","embeddable":true,"href":"https:\/\/belovedlingerie.com\/si\/wp-json\/wp\/v2\/product_cat?post=10060649"},{"taxonomy":"product_tag","embeddable":true,"href":"https:\/\/belovedlingerie.com\/si\/wp-json\/wp\/v2\/product_tag?post=10060649"}],"curies":[{"name":"wp","href":"https:\/\/api.w.org\/{rel}","templated":true}]}}