{"id":10060654,"date":"2024-11-17T09:03:16","date_gmt":"2024-11-17T08:03:16","guid":{"rendered":"https:\/\/belovedlingerie.com\/si\/?post_type=product&#038;p=10060654"},"modified":"2026-04-17T20:08:06","modified_gmt":"2026-04-17T18:08:06","slug":"brezsivni-nedrcek-celine-crn","status":"publish","type":"product","link":"https:\/\/belovedlingerie.com\/si\/izdelek\/brezsivni-nedrcek-celine-crn\/","title":{"rendered":"Brez\u0161ivni nedr\u010dek CELINE \u010drn"},"content":{"rendered":"<p><strong>Brez\u0161ivni nedr\u010dek CELINE \u010drn<\/strong><\/p>\n<ul>\n<li><span class=\"Y2IQFc\" lang=\"sl\">Brez\u017ei\u010dni <a href=\"https:\/\/belovedlingerie.com\/si\/kategorija\/back-to-basics-kolekcija\/nedrcki\/\" target=\"_blank\" rel=\"noopener\">nedr\u010dek<\/a> iz udobnih materialov. <\/span><\/li>\n<li><span class=\"Y2IQFc\" lang=\"sl\">Ker ne vsebuje podporne \u017eice, je udoben za vsakodnevno no\u0161enje in neviden pod obla\u010dili.\u00a0<\/span><\/li>\n<li>Nastavljive naramnice.<\/li>\n<li><a href=\"https:\/\/www.beloved.si\/back-to-basics-udobno-brezsivno-spodnje-perilo-za-vsakdanje-udobje\/\" target=\"_blank\" rel=\"noopener\">Udoben<\/a> in eleganten.<\/li>\n<li>Mo\u017enost reguliranja obsega modr\u010dka in pasu z dr\u017eki.<\/li>\n<li>Podlo\u017eene blazinice.<\/li>\n<li>Zapiranje na kavelj\u010dke.<\/li>\n<li>Barva: \u010drna.<\/li>\n<li><span class=\"Y2IQFc\" lang=\"sl\">Narejen iz mehkih, ko\u017ei prijaznih materialov.<\/span><\/li>\n<li>Model nosi konfekcijsko \u0161tevilko S.<\/li>\n<li>Barve <a href=\"https:\/\/belovedlingerie.com\/si\/kategorija\/spodnje-perilo\/\" target=\"_blank\" rel=\"noopener\">spodnjega perila<\/a> na slikah se lahko nekoliko razlikujejo od dejanskih barv, zaradi nastavitev telefona ali ra\u010dunalnika.<\/li>\n<li>Sestava: Blazinica: 82% najlon, 18% spandex; Zunanjost 1: 90% modal, 10% spandex, Zunanjost 2: 83% najlon, 17% spandex.<\/li>\n<\/ul>\n","protected":false},"excerpt":{"rendered":"<p>Brez\u0161ivni nedr\u010dek CELINE \u010drn Brez\u017ei\u010dni nedr\u010dek iz udobnih materialov. Ker ne vsebuje podporne \u017eice, je udoben za vsakodnevno no\u0161enje in neviden pod obla\u010dili.\u00a0 Nastavljive naramnice. Udoben in eleganten. Mo\u017enost reguliranja obsega modr\u010dka in pasu z dr\u017eki. Podlo\u017eene blazinice. Zapiranje na kavelj\u010dke. Barva: \u010drna. Narejen iz mehkih, ko\u017ei prijaznih materialov. Model nosi konfekcijsko \u0161tevilko S. Barve [&#8230;]\n","protected":false},"featured_media":10060643,"comment_status":"open","ping_status":"closed","template":"","meta":[],"product_cat":[197,198,158],"product_tag":[],"class_list":{"0":"post-10060654","1":"product","2":"type-product","3":"status-publish","4":"has-post-thumbnail","6":"product_cat-back-to-basics-kolekcija","7":"product_cat-nedrcki","8":"product_cat-bestsellers","10":"first","11":"instock","12":"taxable","13":"shipping-taxable","14":"purchasable","15":"product-type-variable"},"bundled_by":["10067335"],"bundle_stock_status":"instock","bundle_stock_quantity":null,"bundle_virtual":false,"bundle_layout":"","bundle_add_to_cart_form_location":"","bundle_editable_in_cart":false,"bundle_sold_individually_context":"","bundle_item_grouping":"","bundle_min_size":"","bundle_max_size":"","bundle_price":[],"bundled_items":[],"bundle_sell_ids":[],"acf":[],"yoast_head":"<!-- This site is optimized with the Yoast SEO plugin v22.3 - https:\/\/yoast.com\/wordpress\/plugins\/seo\/ -->\n<title>Brez\u0161ivni nedr\u010dek CELINE \u010drn - Beloved Lingerie<\/title>\n<meta name=\"description\" content=\"Brez\u0161ivni nedr\u010dek iz udobnih materialov ne vsebuje podporne \u017eice, je udoben za vsakodnevno no\u0161enje in neviden pod obla\u010dili.\u00a0\" \/>\n<meta name=\"robots\" content=\"index, follow, max-snippet:-1, max-image-preview:large, max-video-preview:-1\" \/>\n<link rel=\"canonical\" href=\"https:\/\/belovedlingerie.com\/si\/izdelek\/brezsivni-nedrcek-celine-crn\/\" \/>\n<meta property=\"og:locale\" content=\"sl_SI\" \/>\n<meta property=\"og:type\" content=\"article\" \/>\n<meta property=\"og:title\" content=\"Brez\u0161ivni nedr\u010dek CELINE \u010drn - Beloved Lingerie\" \/>\n<meta property=\"og:description\" content=\"Brez\u0161ivni nedr\u010dek iz udobnih materialov ne vsebuje podporne \u017eice, je udoben za vsakodnevno no\u0161enje in neviden pod obla\u010dili.\u00a0\" \/>\n<meta property=\"og:url\" content=\"https:\/\/belovedlingerie.com\/si\/izdelek\/brezsivni-nedrcek-celine-crn\/\" \/>\n<meta property=\"og:site_name\" content=\"Beloved Lingerie\" \/>\n<meta property=\"article:modified_time\" content=\"2026-04-17T18:08:06+00:00\" \/>\n<meta property=\"og:image\" content=\"https:\/\/belovedlingerie.com\/si\/wp-content\/uploads\/2024\/03\/Brezsivni-nedrcek-CELINE-crn-4.jpg\" \/>\n\t<meta property=\"og:image:width\" content=\"1605\" \/>\n\t<meta property=\"og:image:height\" content=\"2407\" \/>\n\t<meta property=\"og:image:type\" content=\"image\/jpeg\" \/>\n<meta name=\"twitter:card\" content=\"summary_large_image\" \/>\n<meta name=\"twitter:label1\" content=\"Est. reading time\" \/>\n\t<meta name=\"twitter:data1\" content=\"1 minuta\" \/>\n<script type=\"application\/ld+json\" class=\"yoast-schema-graph\">{\"@context\":\"https:\/\/schema.org\",\"@graph\":[{\"@type\":\"WebPage\",\"@id\":\"https:\/\/belovedlingerie.com\/si\/izdelek\/brezsivni-nedrcek-celine-crn\/\",\"url\":\"https:\/\/belovedlingerie.com\/si\/izdelek\/brezsivni-nedrcek-celine-crn\/\",\"name\":\"Brez\u0161ivni nedr\u010dek CELINE \u010drn - Beloved Lingerie\",\"isPartOf\":{\"@id\":\"https:\/\/belovedlingerie.com\/si\/#website\"},\"primaryImageOfPage\":{\"@id\":\"https:\/\/belovedlingerie.com\/si\/izdelek\/brezsivni-nedrcek-celine-crn\/#primaryimage\"},\"image\":{\"@id\":\"https:\/\/belovedlingerie.com\/si\/izdelek\/brezsivni-nedrcek-celine-crn\/#primaryimage\"},\"thumbnailUrl\":\"https:\/\/belovedlingerie.com\/si\/wp-content\/uploads\/2024\/03\/Brezsivni-nedrcek-CELINE-crn-4.jpg\",\"datePublished\":\"2024-11-17T08:03:16+00:00\",\"dateModified\":\"2026-04-17T18:08:06+00:00\",\"description\":\"Brez\u0161ivni nedr\u010dek iz udobnih materialov ne vsebuje podporne \u017eice, je udoben za vsakodnevno no\u0161enje in neviden pod obla\u010dili.\u00a0\",\"breadcrumb\":{\"@id\":\"https:\/\/belovedlingerie.com\/si\/izdelek\/brezsivni-nedrcek-celine-crn\/#breadcrumb\"},\"inLanguage\":\"sl-SI\",\"potentialAction\":[{\"@type\":\"ReadAction\",\"target\":[\"https:\/\/belovedlingerie.com\/si\/izdelek\/brezsivni-nedrcek-celine-crn\/\"]}]},{\"@type\":\"ImageObject\",\"inLanguage\":\"sl-SI\",\"@id\":\"https:\/\/belovedlingerie.com\/si\/izdelek\/brezsivni-nedrcek-celine-crn\/#primaryimage\",\"url\":\"https:\/\/belovedlingerie.com\/si\/wp-content\/uploads\/2024\/03\/Brezsivni-nedrcek-CELINE-crn-4.jpg\",\"contentUrl\":\"https:\/\/belovedlingerie.com\/si\/wp-content\/uploads\/2024\/03\/Brezsivni-nedrcek-CELINE-crn-4.jpg\",\"width\":1605,\"height\":2407,\"caption\":\"Brez\u0161ivni nedr\u010dek CELINE \u010drn\"},{\"@type\":\"BreadcrumbList\",\"@id\":\"https:\/\/belovedlingerie.com\/si\/izdelek\/brezsivni-nedrcek-celine-crn\/#breadcrumb\",\"itemListElement\":[{\"@type\":\"ListItem\",\"position\":1,\"name\":\"Home\",\"item\":\"https:\/\/belovedlingerie.com\/si\/\"},{\"@type\":\"ListItem\",\"position\":2,\"name\":\"Shop\",\"item\":\"https:\/\/belovedlingerie.com\/si\/shop\/\"},{\"@type\":\"ListItem\",\"position\":3,\"name\":\"Brez\u0161ivni nedr\u010dek CELINE \u010drn\"}]},{\"@type\":\"WebSite\",\"@id\":\"https:\/\/belovedlingerie.com\/si\/#website\",\"url\":\"https:\/\/belovedlingerie.com\/si\/\",\"name\":\"Beloved Lingerie\",\"description\":\"Your beloved fashion store!\",\"potentialAction\":[{\"@type\":\"SearchAction\",\"target\":{\"@type\":\"EntryPoint\",\"urlTemplate\":\"https:\/\/belovedlingerie.com\/si\/?s={search_term_string}\"},\"query-input\":\"required name=search_term_string\"}],\"inLanguage\":\"sl-SI\"}]}<\/script>\n<!-- \/ Yoast SEO plugin. -->","yoast_head_json":{"title":"Brez\u0161ivni nedr\u010dek CELINE \u010drn - Beloved Lingerie","description":"Brez\u0161ivni nedr\u010dek iz udobnih materialov ne vsebuje podporne \u017eice, je udoben za vsakodnevno no\u0161enje in neviden pod obla\u010dili.\u00a0","robots":{"index":"index","follow":"follow","max-snippet":"max-snippet:-1","max-image-preview":"max-image-preview:large","max-video-preview":"max-video-preview:-1"},"canonical":"https:\/\/belovedlingerie.com\/si\/izdelek\/brezsivni-nedrcek-celine-crn\/","og_locale":"sl_SI","og_type":"article","og_title":"Brez\u0161ivni nedr\u010dek CELINE \u010drn - Beloved Lingerie","og_description":"Brez\u0161ivni nedr\u010dek iz udobnih materialov ne vsebuje podporne \u017eice, je udoben za vsakodnevno no\u0161enje in neviden pod obla\u010dili.\u00a0","og_url":"https:\/\/belovedlingerie.com\/si\/izdelek\/brezsivni-nedrcek-celine-crn\/","og_site_name":"Beloved Lingerie","article_modified_time":"2026-04-17T18:08:06+00:00","og_image":[{"width":1605,"height":2407,"url":"https:\/\/belovedlingerie.com\/si\/wp-content\/uploads\/2024\/03\/Brezsivni-nedrcek-CELINE-crn-4.jpg","type":"image\/jpeg"}],"twitter_card":"summary_large_image","twitter_misc":{"Est. reading time":"1 minuta"},"schema":{"@context":"https:\/\/schema.org","@graph":[{"@type":"WebPage","@id":"https:\/\/belovedlingerie.com\/si\/izdelek\/brezsivni-nedrcek-celine-crn\/","url":"https:\/\/belovedlingerie.com\/si\/izdelek\/brezsivni-nedrcek-celine-crn\/","name":"Brez\u0161ivni nedr\u010dek CELINE \u010drn - Beloved Lingerie","isPartOf":{"@id":"https:\/\/belovedlingerie.com\/si\/#website"},"primaryImageOfPage":{"@id":"https:\/\/belovedlingerie.com\/si\/izdelek\/brezsivni-nedrcek-celine-crn\/#primaryimage"},"image":{"@id":"https:\/\/belovedlingerie.com\/si\/izdelek\/brezsivni-nedrcek-celine-crn\/#primaryimage"},"thumbnailUrl":"https:\/\/belovedlingerie.com\/si\/wp-content\/uploads\/2024\/03\/Brezsivni-nedrcek-CELINE-crn-4.jpg","datePublished":"2024-11-17T08:03:16+00:00","dateModified":"2026-04-17T18:08:06+00:00","description":"Brez\u0161ivni nedr\u010dek iz udobnih materialov ne vsebuje podporne \u017eice, je udoben za vsakodnevno no\u0161enje in neviden pod obla\u010dili.\u00a0","breadcrumb":{"@id":"https:\/\/belovedlingerie.com\/si\/izdelek\/brezsivni-nedrcek-celine-crn\/#breadcrumb"},"inLanguage":"sl-SI","potentialAction":[{"@type":"ReadAction","target":["https:\/\/belovedlingerie.com\/si\/izdelek\/brezsivni-nedrcek-celine-crn\/"]}]},{"@type":"ImageObject","inLanguage":"sl-SI","@id":"https:\/\/belovedlingerie.com\/si\/izdelek\/brezsivni-nedrcek-celine-crn\/#primaryimage","url":"https:\/\/belovedlingerie.com\/si\/wp-content\/uploads\/2024\/03\/Brezsivni-nedrcek-CELINE-crn-4.jpg","contentUrl":"https:\/\/belovedlingerie.com\/si\/wp-content\/uploads\/2024\/03\/Brezsivni-nedrcek-CELINE-crn-4.jpg","width":1605,"height":2407,"caption":"Brez\u0161ivni nedr\u010dek CELINE \u010drn"},{"@type":"BreadcrumbList","@id":"https:\/\/belovedlingerie.com\/si\/izdelek\/brezsivni-nedrcek-celine-crn\/#breadcrumb","itemListElement":[{"@type":"ListItem","position":1,"name":"Home","item":"https:\/\/belovedlingerie.com\/si\/"},{"@type":"ListItem","position":2,"name":"Shop","item":"https:\/\/belovedlingerie.com\/si\/shop\/"},{"@type":"ListItem","position":3,"name":"Brez\u0161ivni nedr\u010dek CELINE \u010drn"}]},{"@type":"WebSite","@id":"https:\/\/belovedlingerie.com\/si\/#website","url":"https:\/\/belovedlingerie.com\/si\/","name":"Beloved Lingerie","description":"Your beloved fashion store!","potentialAction":[{"@type":"SearchAction","target":{"@type":"EntryPoint","urlTemplate":"https:\/\/belovedlingerie.com\/si\/?s={search_term_string}"},"query-input":"required name=search_term_string"}],"inLanguage":"sl-SI"}]}},"_links":{"self":[{"href":"https:\/\/belovedlingerie.com\/si\/wp-json\/wp\/v2\/product\/10060654","targetHints":{"allow":["GET"]}}],"collection":[{"href":"https:\/\/belovedlingerie.com\/si\/wp-json\/wp\/v2\/product"}],"about":[{"href":"https:\/\/belovedlingerie.com\/si\/wp-json\/wp\/v2\/types\/product"}],"replies":[{"embeddable":true,"href":"https:\/\/belovedlingerie.com\/si\/wp-json\/wp\/v2\/comments?post=10060654"}],"wp:featuredmedia":[{"embeddable":true,"href":"https:\/\/belovedlingerie.com\/si\/wp-json\/wp\/v2\/media\/10060643"}],"wp:attachment":[{"href":"https:\/\/belovedlingerie.com\/si\/wp-json\/wp\/v2\/media?parent=10060654"}],"wp:term":[{"taxonomy":"product_cat","embeddable":true,"href":"https:\/\/belovedlingerie.com\/si\/wp-json\/wp\/v2\/product_cat?post=10060654"},{"taxonomy":"product_tag","embeddable":true,"href":"https:\/\/belovedlingerie.com\/si\/wp-json\/wp\/v2\/product_tag?post=10060654"}],"curies":[{"name":"wp","href":"https:\/\/api.w.org\/{rel}","templated":true}]}}