{"id":10060860,"date":"2024-03-26T08:16:09","date_gmt":"2024-03-26T07:16:09","guid":{"rendered":"https:\/\/belovedlingerie.com\/si\/?post_type=product&#038;p=10060860"},"modified":"2026-02-16T12:01:40","modified_gmt":"2026-02-16T11:01:40","slug":"komplet-brezsivnega-spodnjega-perila-eleanora-crn","status":"publish","type":"product","link":"https:\/\/belovedlingerie.com\/si\/izdelek\/komplet-brezsivnega-spodnjega-perila-eleanora-crn\/","title":{"rendered":"Komplet brez\u0161ivnega spodnjega perila ELEANORA \u010drn"},"content":{"rendered":"<ul>\n<li><a href=\"https:\/\/belovedlingerie.com\/si\/kategorija\/spodnje-perilo\/dvodelni-kompleti\/\" target=\"_blank\" rel=\"noopener\">Komplet brez\u0161ivnega spodnjega perila<\/a>.<\/li>\n<li><span class=\"Y2IQFc\" lang=\"sl\"><a href=\"https:\/\/www.beloved.si\/back-to-basics-udobno-brezsivno-spodnje-perilo-za-vsakdanje-udobje\/\" target=\"_blank\" rel=\"noopener\">Udobne<\/a> za vsakodnevno no\u0161enje in nevidne pod obla\u010dili.\u00a0<\/span><\/li>\n<li><span class=\"Y2IQFc\" lang=\"sl\">Narejen iz mehkih, ko\u017ei prijaznih materialov.<\/span><\/li>\n<li>Nedr\u010dek ima nastavljive naramnice.<\/li>\n<li><a href=\"https:\/\/belovedlingerie.com\/si\/kategorija\/back-to-basics-kolekcija\/spodnje-hlacke\/\" target=\"_blank\" rel=\"noopener\">Tip hla\u010dk<\/a>: brazilke.<\/li>\n<li>Barva: \u010drna.<\/li>\n<li>Model nosi konfekcijsko \u0161tevilko S.<\/li>\n<li>Barve spodnjega perila na slikah se lahko nekoliko razlikujejo od dejanskih barv, zaradi nastavitev telefona ali ra\u010dunalnika.<\/li>\n<li>Sestava: 85% poliamid, 15% elastan.<\/li>\n<\/ul>\n","protected":false},"excerpt":{"rendered":"<p>Komplet brez\u0161ivnega spodnjega perila. Udobne za vsakodnevno no\u0161enje in nevidne pod obla\u010dili.\u00a0 Narejen iz mehkih, ko\u017ei prijaznih materialov. Nedr\u010dek ima nastavljive naramnice. Tip hla\u010dk: brazilke. Barva: \u010drna. Model nosi konfekcijsko \u0161tevilko S. Barve spodnjega perila na slikah se lahko nekoliko razlikujejo od dejanskih barv, zaradi nastavitev telefona ali ra\u010dunalnika. Sestava: 85% poliamid, 15% elastan.<\/p>\n","protected":false},"featured_media":10060853,"comment_status":"open","ping_status":"closed","template":"","meta":[],"product_cat":[197,200,158],"product_tag":[],"class_list":{"0":"post-10060860","1":"product","2":"type-product","3":"status-publish","4":"has-post-thumbnail","6":"product_cat-back-to-basics-kolekcija","7":"product_cat-kompleti","8":"product_cat-bestsellers","10":"first","11":"instock","12":"taxable","13":"shipping-taxable","14":"purchasable","15":"product-type-variable"},"bundled_by":["10068419"],"bundle_stock_status":"instock","bundle_stock_quantity":null,"bundle_virtual":false,"bundle_layout":"","bundle_add_to_cart_form_location":"","bundle_editable_in_cart":false,"bundle_sold_individually_context":"","bundle_item_grouping":"","bundle_min_size":"","bundle_max_size":"","bundle_price":[],"bundled_items":[],"bundle_sell_ids":[],"acf":[],"yoast_head":"<!-- This site is optimized with the Yoast SEO plugin v22.3 - https:\/\/yoast.com\/wordpress\/plugins\/seo\/ -->\n<title>Komplet brez\u0161ivnega spodnjega perila ELEANORA \u010drn - Beloved Lingerie<\/title>\n<meta name=\"description\" content=\"Komplet brez\u0161ivnega spodnjega perila. Udoben za vsakodnevno no\u0161enje in neviden pod obla\u010dili.\u00a0Narejen iz mehkih, ko\u017ei prijaznih materialov.\" \/>\n<meta name=\"robots\" content=\"index, follow, max-snippet:-1, max-image-preview:large, max-video-preview:-1\" \/>\n<link rel=\"canonical\" href=\"https:\/\/belovedlingerie.com\/si\/izdelek\/komplet-brezsivnega-spodnjega-perila-eleanora-crn\/\" \/>\n<meta property=\"og:locale\" content=\"sl_SI\" \/>\n<meta property=\"og:type\" content=\"article\" \/>\n<meta property=\"og:title\" content=\"Komplet brez\u0161ivnega spodnjega perila ELEANORA \u010drn - Beloved Lingerie\" \/>\n<meta property=\"og:description\" content=\"Komplet brez\u0161ivnega spodnjega perila. Udoben za vsakodnevno no\u0161enje in neviden pod obla\u010dili.\u00a0Narejen iz mehkih, ko\u017ei prijaznih materialov.\" \/>\n<meta property=\"og:url\" content=\"https:\/\/belovedlingerie.com\/si\/izdelek\/komplet-brezsivnega-spodnjega-perila-eleanora-crn\/\" \/>\n<meta property=\"og:site_name\" content=\"Beloved Lingerie\" \/>\n<meta property=\"article:modified_time\" content=\"2026-02-16T11:01:40+00:00\" \/>\n<meta property=\"og:image\" content=\"https:\/\/belovedlingerie.com\/si\/wp-content\/uploads\/2024\/03\/Komplet-brezsivnega-spodnjega-perila-ELEANORA-crn-3.jpg\" \/>\n\t<meta property=\"og:image:width\" content=\"1605\" \/>\n\t<meta property=\"og:image:height\" content=\"2407\" \/>\n\t<meta property=\"og:image:type\" content=\"image\/jpeg\" \/>\n<meta name=\"twitter:card\" content=\"summary_large_image\" \/>\n<meta name=\"twitter:label1\" content=\"Est. reading time\" \/>\n\t<meta name=\"twitter:data1\" content=\"1 minuta\" \/>\n<script type=\"application\/ld+json\" class=\"yoast-schema-graph\">{\"@context\":\"https:\/\/schema.org\",\"@graph\":[{\"@type\":\"WebPage\",\"@id\":\"https:\/\/belovedlingerie.com\/si\/izdelek\/komplet-brezsivnega-spodnjega-perila-eleanora-crn\/\",\"url\":\"https:\/\/belovedlingerie.com\/si\/izdelek\/komplet-brezsivnega-spodnjega-perila-eleanora-crn\/\",\"name\":\"Komplet brez\u0161ivnega spodnjega perila ELEANORA \u010drn - Beloved Lingerie\",\"isPartOf\":{\"@id\":\"https:\/\/belovedlingerie.com\/si\/#website\"},\"primaryImageOfPage\":{\"@id\":\"https:\/\/belovedlingerie.com\/si\/izdelek\/komplet-brezsivnega-spodnjega-perila-eleanora-crn\/#primaryimage\"},\"image\":{\"@id\":\"https:\/\/belovedlingerie.com\/si\/izdelek\/komplet-brezsivnega-spodnjega-perila-eleanora-crn\/#primaryimage\"},\"thumbnailUrl\":\"https:\/\/belovedlingerie.com\/si\/wp-content\/uploads\/2024\/03\/Komplet-brezsivnega-spodnjega-perila-ELEANORA-crn-3.jpg\",\"datePublished\":\"2024-03-26T07:16:09+00:00\",\"dateModified\":\"2026-02-16T11:01:40+00:00\",\"description\":\"Komplet brez\u0161ivnega spodnjega perila. Udoben za vsakodnevno no\u0161enje in neviden pod obla\u010dili.\u00a0Narejen iz mehkih, ko\u017ei prijaznih materialov.\",\"breadcrumb\":{\"@id\":\"https:\/\/belovedlingerie.com\/si\/izdelek\/komplet-brezsivnega-spodnjega-perila-eleanora-crn\/#breadcrumb\"},\"inLanguage\":\"sl-SI\",\"potentialAction\":[{\"@type\":\"ReadAction\",\"target\":[\"https:\/\/belovedlingerie.com\/si\/izdelek\/komplet-brezsivnega-spodnjega-perila-eleanora-crn\/\"]}]},{\"@type\":\"ImageObject\",\"inLanguage\":\"sl-SI\",\"@id\":\"https:\/\/belovedlingerie.com\/si\/izdelek\/komplet-brezsivnega-spodnjega-perila-eleanora-crn\/#primaryimage\",\"url\":\"https:\/\/belovedlingerie.com\/si\/wp-content\/uploads\/2024\/03\/Komplet-brezsivnega-spodnjega-perila-ELEANORA-crn-3.jpg\",\"contentUrl\":\"https:\/\/belovedlingerie.com\/si\/wp-content\/uploads\/2024\/03\/Komplet-brezsivnega-spodnjega-perila-ELEANORA-crn-3.jpg\",\"width\":1605,\"height\":2407,\"caption\":\"Komplet brez\u0161ivnega spodnjega perila ELEANORA \u010drn\"},{\"@type\":\"BreadcrumbList\",\"@id\":\"https:\/\/belovedlingerie.com\/si\/izdelek\/komplet-brezsivnega-spodnjega-perila-eleanora-crn\/#breadcrumb\",\"itemListElement\":[{\"@type\":\"ListItem\",\"position\":1,\"name\":\"Home\",\"item\":\"https:\/\/belovedlingerie.com\/si\/\"},{\"@type\":\"ListItem\",\"position\":2,\"name\":\"Shop\",\"item\":\"https:\/\/belovedlingerie.com\/si\/shop\/\"},{\"@type\":\"ListItem\",\"position\":3,\"name\":\"Komplet brez\u0161ivnega spodnjega perila ELEANORA \u010drn\"}]},{\"@type\":\"WebSite\",\"@id\":\"https:\/\/belovedlingerie.com\/si\/#website\",\"url\":\"https:\/\/belovedlingerie.com\/si\/\",\"name\":\"Beloved Lingerie\",\"description\":\"Your beloved fashion store!\",\"potentialAction\":[{\"@type\":\"SearchAction\",\"target\":{\"@type\":\"EntryPoint\",\"urlTemplate\":\"https:\/\/belovedlingerie.com\/si\/?s={search_term_string}\"},\"query-input\":\"required name=search_term_string\"}],\"inLanguage\":\"sl-SI\"}]}<\/script>\n<!-- \/ Yoast SEO plugin. -->","yoast_head_json":{"title":"Komplet brez\u0161ivnega spodnjega perila ELEANORA \u010drn - Beloved Lingerie","description":"Komplet brez\u0161ivnega spodnjega perila. Udoben za vsakodnevno no\u0161enje in neviden pod obla\u010dili.\u00a0Narejen iz mehkih, ko\u017ei prijaznih materialov.","robots":{"index":"index","follow":"follow","max-snippet":"max-snippet:-1","max-image-preview":"max-image-preview:large","max-video-preview":"max-video-preview:-1"},"canonical":"https:\/\/belovedlingerie.com\/si\/izdelek\/komplet-brezsivnega-spodnjega-perila-eleanora-crn\/","og_locale":"sl_SI","og_type":"article","og_title":"Komplet brez\u0161ivnega spodnjega perila ELEANORA \u010drn - Beloved Lingerie","og_description":"Komplet brez\u0161ivnega spodnjega perila. Udoben za vsakodnevno no\u0161enje in neviden pod obla\u010dili.\u00a0Narejen iz mehkih, ko\u017ei prijaznih materialov.","og_url":"https:\/\/belovedlingerie.com\/si\/izdelek\/komplet-brezsivnega-spodnjega-perila-eleanora-crn\/","og_site_name":"Beloved Lingerie","article_modified_time":"2026-02-16T11:01:40+00:00","og_image":[{"width":1605,"height":2407,"url":"https:\/\/belovedlingerie.com\/si\/wp-content\/uploads\/2024\/03\/Komplet-brezsivnega-spodnjega-perila-ELEANORA-crn-3.jpg","type":"image\/jpeg"}],"twitter_card":"summary_large_image","twitter_misc":{"Est. reading time":"1 minuta"},"schema":{"@context":"https:\/\/schema.org","@graph":[{"@type":"WebPage","@id":"https:\/\/belovedlingerie.com\/si\/izdelek\/komplet-brezsivnega-spodnjega-perila-eleanora-crn\/","url":"https:\/\/belovedlingerie.com\/si\/izdelek\/komplet-brezsivnega-spodnjega-perila-eleanora-crn\/","name":"Komplet brez\u0161ivnega spodnjega perila ELEANORA \u010drn - Beloved Lingerie","isPartOf":{"@id":"https:\/\/belovedlingerie.com\/si\/#website"},"primaryImageOfPage":{"@id":"https:\/\/belovedlingerie.com\/si\/izdelek\/komplet-brezsivnega-spodnjega-perila-eleanora-crn\/#primaryimage"},"image":{"@id":"https:\/\/belovedlingerie.com\/si\/izdelek\/komplet-brezsivnega-spodnjega-perila-eleanora-crn\/#primaryimage"},"thumbnailUrl":"https:\/\/belovedlingerie.com\/si\/wp-content\/uploads\/2024\/03\/Komplet-brezsivnega-spodnjega-perila-ELEANORA-crn-3.jpg","datePublished":"2024-03-26T07:16:09+00:00","dateModified":"2026-02-16T11:01:40+00:00","description":"Komplet brez\u0161ivnega spodnjega perila. Udoben za vsakodnevno no\u0161enje in neviden pod obla\u010dili.\u00a0Narejen iz mehkih, ko\u017ei prijaznih materialov.","breadcrumb":{"@id":"https:\/\/belovedlingerie.com\/si\/izdelek\/komplet-brezsivnega-spodnjega-perila-eleanora-crn\/#breadcrumb"},"inLanguage":"sl-SI","potentialAction":[{"@type":"ReadAction","target":["https:\/\/belovedlingerie.com\/si\/izdelek\/komplet-brezsivnega-spodnjega-perila-eleanora-crn\/"]}]},{"@type":"ImageObject","inLanguage":"sl-SI","@id":"https:\/\/belovedlingerie.com\/si\/izdelek\/komplet-brezsivnega-spodnjega-perila-eleanora-crn\/#primaryimage","url":"https:\/\/belovedlingerie.com\/si\/wp-content\/uploads\/2024\/03\/Komplet-brezsivnega-spodnjega-perila-ELEANORA-crn-3.jpg","contentUrl":"https:\/\/belovedlingerie.com\/si\/wp-content\/uploads\/2024\/03\/Komplet-brezsivnega-spodnjega-perila-ELEANORA-crn-3.jpg","width":1605,"height":2407,"caption":"Komplet brez\u0161ivnega spodnjega perila ELEANORA \u010drn"},{"@type":"BreadcrumbList","@id":"https:\/\/belovedlingerie.com\/si\/izdelek\/komplet-brezsivnega-spodnjega-perila-eleanora-crn\/#breadcrumb","itemListElement":[{"@type":"ListItem","position":1,"name":"Home","item":"https:\/\/belovedlingerie.com\/si\/"},{"@type":"ListItem","position":2,"name":"Shop","item":"https:\/\/belovedlingerie.com\/si\/shop\/"},{"@type":"ListItem","position":3,"name":"Komplet brez\u0161ivnega spodnjega perila ELEANORA \u010drn"}]},{"@type":"WebSite","@id":"https:\/\/belovedlingerie.com\/si\/#website","url":"https:\/\/belovedlingerie.com\/si\/","name":"Beloved Lingerie","description":"Your beloved fashion store!","potentialAction":[{"@type":"SearchAction","target":{"@type":"EntryPoint","urlTemplate":"https:\/\/belovedlingerie.com\/si\/?s={search_term_string}"},"query-input":"required name=search_term_string"}],"inLanguage":"sl-SI"}]}},"_links":{"self":[{"href":"https:\/\/belovedlingerie.com\/si\/wp-json\/wp\/v2\/product\/10060860","targetHints":{"allow":["GET"]}}],"collection":[{"href":"https:\/\/belovedlingerie.com\/si\/wp-json\/wp\/v2\/product"}],"about":[{"href":"https:\/\/belovedlingerie.com\/si\/wp-json\/wp\/v2\/types\/product"}],"replies":[{"embeddable":true,"href":"https:\/\/belovedlingerie.com\/si\/wp-json\/wp\/v2\/comments?post=10060860"}],"wp:featuredmedia":[{"embeddable":true,"href":"https:\/\/belovedlingerie.com\/si\/wp-json\/wp\/v2\/media\/10060853"}],"wp:attachment":[{"href":"https:\/\/belovedlingerie.com\/si\/wp-json\/wp\/v2\/media?parent=10060860"}],"wp:term":[{"taxonomy":"product_cat","embeddable":true,"href":"https:\/\/belovedlingerie.com\/si\/wp-json\/wp\/v2\/product_cat?post=10060860"},{"taxonomy":"product_tag","embeddable":true,"href":"https:\/\/belovedlingerie.com\/si\/wp-json\/wp\/v2\/product_tag?post=10060860"}],"curies":[{"name":"wp","href":"https:\/\/api.w.org\/{rel}","templated":true}]}}