{"id":10063963,"date":"2024-12-23T10:12:40","date_gmt":"2024-12-23T09:12:40","guid":{"rendered":"https:\/\/belovedlingerie.com\/si\/?post_type=product&#038;p=10063963"},"modified":"2026-04-18T03:18:36","modified_gmt":"2026-04-18T01:18:36","slug":"brezsivni-nedrcek-beatrice-roza","status":"publish","type":"product","link":"https:\/\/belovedlingerie.com\/si\/izdelek\/brezsivni-nedrcek-beatrice-roza\/","title":{"rendered":"Brez\u0161ivni nedr\u010dek BEATRICE roza"},"content":{"rendered":"<ul>\n<li><span class=\"Y2IQFc\" lang=\"sl\">Brez\u017ei\u010dni nedr\u010dek iz udobnih materialov.<\/span><\/li>\n<li><span class=\"Y2IQFc\" lang=\"sl\">Ne vsebuje podporne \u017eice, zato je udoben za vsakodnevno no\u0161enje in neviden pod obla\u010dili.\u00a0<\/span><\/li>\n<li><span class=\"Y2IQFc\" lang=\"sl\">Udoben in eleganten.<\/span><\/li>\n<li>Nastavljive naramnice.<\/li>\n<li>Ko\u0161arice imajo integrirano podlogo, ki je ni mogo\u010de odstraniti.<\/li>\n<li>Barva: roza.<\/li>\n<li><span class=\"Y2IQFc\" lang=\"sl\">Narejen iz mehkih, ko\u017ei prijaznih materialov.<\/span><\/li>\n<li>Model nosi konfekcijsko \u0161tevilko S.<\/li>\n<li>Barve spodnjega perila na slikah se lahko nekoliko razlikujejo od dejanskih barv, zaradi nastavitev telefona ali ra\u010dunalnika.<\/li>\n<li>Sestava: Blazinica: 82% najlon, 18% spandex; Zunanjost 1: 90% modal, 10% spandex, Zunanjost 2: 83% najlon, 17% spandex.<\/li>\n<\/ul>\n","protected":false},"excerpt":{"rendered":"<p>Brez\u017ei\u010dni nedr\u010dek iz udobnih materialov. Ne vsebuje podporne \u017eice, zato je udoben za vsakodnevno no\u0161enje in neviden pod obla\u010dili.\u00a0 Udoben in eleganten. Nastavljive naramnice. Ko\u0161arice imajo integrirano podlogo, ki je ni mogo\u010de odstraniti. Barva: roza. Narejen iz mehkih, ko\u017ei prijaznih materialov. Model nosi konfekcijsko \u0161tevilko S. Barve spodnjega perila na slikah se lahko nekoliko razlikujejo [&#8230;]\n","protected":false},"featured_media":10064681,"comment_status":"open","ping_status":"closed","template":"","meta":[],"product_cat":[221,197,198,220,158],"product_tag":[],"class_list":{"0":"post-10063963","1":"product","2":"type-product","3":"status-publish","4":"has-post-thumbnail","6":"product_cat-do-xxl","7":"product_cat-back-to-basics-kolekcija","8":"product_cat-nedrcki","9":"product_cat-nedrcki-za-vecje-oprsje","10":"product_cat-bestsellers","12":"first","13":"instock","14":"taxable","15":"shipping-taxable","16":"purchasable","17":"product-type-variable"},"bundled_by":["10067329"],"bundle_stock_status":"instock","bundle_stock_quantity":null,"bundle_virtual":false,"bundle_layout":"","bundle_add_to_cart_form_location":"","bundle_editable_in_cart":false,"bundle_sold_individually_context":"","bundle_item_grouping":"","bundle_min_size":"","bundle_max_size":"","bundle_price":[],"bundled_items":[],"bundle_sell_ids":[],"acf":[],"yoast_head":"<!-- This site is optimized with the Yoast SEO plugin v22.3 - https:\/\/yoast.com\/wordpress\/plugins\/seo\/ -->\n<title>Brez\u0161ivni nedr\u010dek BEATRICE roza - Beloved Lingerie<\/title>\n<meta name=\"robots\" content=\"index, follow, max-snippet:-1, max-image-preview:large, max-video-preview:-1\" \/>\n<link rel=\"canonical\" href=\"https:\/\/belovedlingerie.com\/si\/izdelek\/brezsivni-nedrcek-beatrice-roza\/\" \/>\n<meta property=\"og:locale\" content=\"sl_SI\" \/>\n<meta property=\"og:type\" content=\"article\" \/>\n<meta property=\"og:title\" content=\"Brez\u0161ivni nedr\u010dek BEATRICE roza - Beloved Lingerie\" \/>\n<meta property=\"og:description\" content=\"Brez\u017ei\u010dni nedr\u010dek iz udobnih materialov. Ne vsebuje podporne \u017eice, zato je udoben za vsakodnevno no\u0161enje in neviden pod obla\u010dili.\u00a0 Udoben in eleganten. Nastavljive naramnice. Ko\u0161arice imajo integrirano podlogo, ki je ni mogo\u010de odstraniti. Barva: roza. Narejen iz mehkih, ko\u017ei prijaznih materialov. Model nosi konfekcijsko \u0161tevilko S. Barve spodnjega perila na slikah se lahko nekoliko razlikujejo [...]\" \/>\n<meta property=\"og:url\" content=\"https:\/\/belovedlingerie.com\/si\/izdelek\/brezsivni-nedrcek-beatrice-roza\/\" \/>\n<meta property=\"og:site_name\" content=\"Beloved Lingerie\" \/>\n<meta property=\"article:modified_time\" content=\"2026-04-18T01:18:36+00:00\" \/>\n<meta property=\"og:image\" content=\"https:\/\/belovedlingerie.com\/si\/wp-content\/uploads\/2024\/08\/Brezsivni-nedrcek-BEATRICE-roza-4-scaled.jpg\" \/>\n\t<meta property=\"og:image:width\" content=\"1707\" \/>\n\t<meta property=\"og:image:height\" content=\"2560\" \/>\n\t<meta property=\"og:image:type\" content=\"image\/jpeg\" \/>\n<meta name=\"twitter:card\" content=\"summary_large_image\" \/>\n<meta name=\"twitter:label1\" content=\"Est. reading time\" \/>\n\t<meta name=\"twitter:data1\" content=\"1 minuta\" \/>\n<script type=\"application\/ld+json\" class=\"yoast-schema-graph\">{\"@context\":\"https:\/\/schema.org\",\"@graph\":[{\"@type\":\"WebPage\",\"@id\":\"https:\/\/belovedlingerie.com\/si\/izdelek\/brezsivni-nedrcek-beatrice-roza\/\",\"url\":\"https:\/\/belovedlingerie.com\/si\/izdelek\/brezsivni-nedrcek-beatrice-roza\/\",\"name\":\"Brez\u0161ivni nedr\u010dek BEATRICE roza - Beloved Lingerie\",\"isPartOf\":{\"@id\":\"https:\/\/belovedlingerie.com\/si\/#website\"},\"primaryImageOfPage\":{\"@id\":\"https:\/\/belovedlingerie.com\/si\/izdelek\/brezsivni-nedrcek-beatrice-roza\/#primaryimage\"},\"image\":{\"@id\":\"https:\/\/belovedlingerie.com\/si\/izdelek\/brezsivni-nedrcek-beatrice-roza\/#primaryimage\"},\"thumbnailUrl\":\"https:\/\/belovedlingerie.com\/si\/wp-content\/uploads\/2024\/08\/Brezsivni-nedrcek-BEATRICE-roza-4-scaled.jpg\",\"datePublished\":\"2024-12-23T09:12:40+00:00\",\"dateModified\":\"2026-04-18T01:18:36+00:00\",\"breadcrumb\":{\"@id\":\"https:\/\/belovedlingerie.com\/si\/izdelek\/brezsivni-nedrcek-beatrice-roza\/#breadcrumb\"},\"inLanguage\":\"sl-SI\",\"potentialAction\":[{\"@type\":\"ReadAction\",\"target\":[\"https:\/\/belovedlingerie.com\/si\/izdelek\/brezsivni-nedrcek-beatrice-roza\/\"]}]},{\"@type\":\"ImageObject\",\"inLanguage\":\"sl-SI\",\"@id\":\"https:\/\/belovedlingerie.com\/si\/izdelek\/brezsivni-nedrcek-beatrice-roza\/#primaryimage\",\"url\":\"https:\/\/belovedlingerie.com\/si\/wp-content\/uploads\/2024\/08\/Brezsivni-nedrcek-BEATRICE-roza-4-scaled.jpg\",\"contentUrl\":\"https:\/\/belovedlingerie.com\/si\/wp-content\/uploads\/2024\/08\/Brezsivni-nedrcek-BEATRICE-roza-4-scaled.jpg\",\"width\":1707,\"height\":2560},{\"@type\":\"BreadcrumbList\",\"@id\":\"https:\/\/belovedlingerie.com\/si\/izdelek\/brezsivni-nedrcek-beatrice-roza\/#breadcrumb\",\"itemListElement\":[{\"@type\":\"ListItem\",\"position\":1,\"name\":\"Home\",\"item\":\"https:\/\/belovedlingerie.com\/si\/\"},{\"@type\":\"ListItem\",\"position\":2,\"name\":\"Shop\",\"item\":\"https:\/\/belovedlingerie.com\/si\/shop\/\"},{\"@type\":\"ListItem\",\"position\":3,\"name\":\"Brez\u0161ivni nedr\u010dek BEATRICE roza\"}]},{\"@type\":\"WebSite\",\"@id\":\"https:\/\/belovedlingerie.com\/si\/#website\",\"url\":\"https:\/\/belovedlingerie.com\/si\/\",\"name\":\"Beloved Lingerie\",\"description\":\"Your beloved fashion store!\",\"potentialAction\":[{\"@type\":\"SearchAction\",\"target\":{\"@type\":\"EntryPoint\",\"urlTemplate\":\"https:\/\/belovedlingerie.com\/si\/?s={search_term_string}\"},\"query-input\":\"required name=search_term_string\"}],\"inLanguage\":\"sl-SI\"}]}<\/script>\n<!-- \/ Yoast SEO plugin. -->","yoast_head_json":{"title":"Brez\u0161ivni nedr\u010dek BEATRICE roza - Beloved Lingerie","robots":{"index":"index","follow":"follow","max-snippet":"max-snippet:-1","max-image-preview":"max-image-preview:large","max-video-preview":"max-video-preview:-1"},"canonical":"https:\/\/belovedlingerie.com\/si\/izdelek\/brezsivni-nedrcek-beatrice-roza\/","og_locale":"sl_SI","og_type":"article","og_title":"Brez\u0161ivni nedr\u010dek BEATRICE roza - Beloved Lingerie","og_description":"Brez\u017ei\u010dni nedr\u010dek iz udobnih materialov. Ne vsebuje podporne \u017eice, zato je udoben za vsakodnevno no\u0161enje in neviden pod obla\u010dili.\u00a0 Udoben in eleganten. Nastavljive naramnice. Ko\u0161arice imajo integrirano podlogo, ki je ni mogo\u010de odstraniti. Barva: roza. Narejen iz mehkih, ko\u017ei prijaznih materialov. Model nosi konfekcijsko \u0161tevilko S. Barve spodnjega perila na slikah se lahko nekoliko razlikujejo [...]","og_url":"https:\/\/belovedlingerie.com\/si\/izdelek\/brezsivni-nedrcek-beatrice-roza\/","og_site_name":"Beloved Lingerie","article_modified_time":"2026-04-18T01:18:36+00:00","og_image":[{"width":1707,"height":2560,"url":"https:\/\/belovedlingerie.com\/si\/wp-content\/uploads\/2024\/08\/Brezsivni-nedrcek-BEATRICE-roza-4-scaled.jpg","type":"image\/jpeg"}],"twitter_card":"summary_large_image","twitter_misc":{"Est. reading time":"1 minuta"},"schema":{"@context":"https:\/\/schema.org","@graph":[{"@type":"WebPage","@id":"https:\/\/belovedlingerie.com\/si\/izdelek\/brezsivni-nedrcek-beatrice-roza\/","url":"https:\/\/belovedlingerie.com\/si\/izdelek\/brezsivni-nedrcek-beatrice-roza\/","name":"Brez\u0161ivni nedr\u010dek BEATRICE roza - Beloved Lingerie","isPartOf":{"@id":"https:\/\/belovedlingerie.com\/si\/#website"},"primaryImageOfPage":{"@id":"https:\/\/belovedlingerie.com\/si\/izdelek\/brezsivni-nedrcek-beatrice-roza\/#primaryimage"},"image":{"@id":"https:\/\/belovedlingerie.com\/si\/izdelek\/brezsivni-nedrcek-beatrice-roza\/#primaryimage"},"thumbnailUrl":"https:\/\/belovedlingerie.com\/si\/wp-content\/uploads\/2024\/08\/Brezsivni-nedrcek-BEATRICE-roza-4-scaled.jpg","datePublished":"2024-12-23T09:12:40+00:00","dateModified":"2026-04-18T01:18:36+00:00","breadcrumb":{"@id":"https:\/\/belovedlingerie.com\/si\/izdelek\/brezsivni-nedrcek-beatrice-roza\/#breadcrumb"},"inLanguage":"sl-SI","potentialAction":[{"@type":"ReadAction","target":["https:\/\/belovedlingerie.com\/si\/izdelek\/brezsivni-nedrcek-beatrice-roza\/"]}]},{"@type":"ImageObject","inLanguage":"sl-SI","@id":"https:\/\/belovedlingerie.com\/si\/izdelek\/brezsivni-nedrcek-beatrice-roza\/#primaryimage","url":"https:\/\/belovedlingerie.com\/si\/wp-content\/uploads\/2024\/08\/Brezsivni-nedrcek-BEATRICE-roza-4-scaled.jpg","contentUrl":"https:\/\/belovedlingerie.com\/si\/wp-content\/uploads\/2024\/08\/Brezsivni-nedrcek-BEATRICE-roza-4-scaled.jpg","width":1707,"height":2560},{"@type":"BreadcrumbList","@id":"https:\/\/belovedlingerie.com\/si\/izdelek\/brezsivni-nedrcek-beatrice-roza\/#breadcrumb","itemListElement":[{"@type":"ListItem","position":1,"name":"Home","item":"https:\/\/belovedlingerie.com\/si\/"},{"@type":"ListItem","position":2,"name":"Shop","item":"https:\/\/belovedlingerie.com\/si\/shop\/"},{"@type":"ListItem","position":3,"name":"Brez\u0161ivni nedr\u010dek BEATRICE roza"}]},{"@type":"WebSite","@id":"https:\/\/belovedlingerie.com\/si\/#website","url":"https:\/\/belovedlingerie.com\/si\/","name":"Beloved Lingerie","description":"Your beloved fashion store!","potentialAction":[{"@type":"SearchAction","target":{"@type":"EntryPoint","urlTemplate":"https:\/\/belovedlingerie.com\/si\/?s={search_term_string}"},"query-input":"required name=search_term_string"}],"inLanguage":"sl-SI"}]}},"_links":{"self":[{"href":"https:\/\/belovedlingerie.com\/si\/wp-json\/wp\/v2\/product\/10063963","targetHints":{"allow":["GET"]}}],"collection":[{"href":"https:\/\/belovedlingerie.com\/si\/wp-json\/wp\/v2\/product"}],"about":[{"href":"https:\/\/belovedlingerie.com\/si\/wp-json\/wp\/v2\/types\/product"}],"replies":[{"embeddable":true,"href":"https:\/\/belovedlingerie.com\/si\/wp-json\/wp\/v2\/comments?post=10063963"}],"wp:featuredmedia":[{"embeddable":true,"href":"https:\/\/belovedlingerie.com\/si\/wp-json\/wp\/v2\/media\/10064681"}],"wp:attachment":[{"href":"https:\/\/belovedlingerie.com\/si\/wp-json\/wp\/v2\/media?parent=10063963"}],"wp:term":[{"taxonomy":"product_cat","embeddable":true,"href":"https:\/\/belovedlingerie.com\/si\/wp-json\/wp\/v2\/product_cat?post=10063963"},{"taxonomy":"product_tag","embeddable":true,"href":"https:\/\/belovedlingerie.com\/si\/wp-json\/wp\/v2\/product_tag?post=10063963"}],"curies":[{"name":"wp","href":"https:\/\/api.w.org\/{rel}","templated":true}]}}