{"id":10064154,"date":"2026-03-17T09:33:31","date_gmt":"2026-03-17T08:33:31","guid":{"rendered":"https:\/\/belovedlingerie.com\/si\/?post_type=product&#038;p=10064154"},"modified":"2026-04-08T12:16:33","modified_gmt":"2026-04-08T10:16:33","slug":"brezsivne-spodnje-hlacke-lea-blush","status":"publish","type":"product","link":"https:\/\/belovedlingerie.com\/si\/izdelek\/brezsivne-spodnje-hlacke-lea-blush\/","title":{"rendered":"Brez\u0161ivne spodnje hla\u010dke LEA blush"},"content":{"rendered":"<ul>\n<li dir=\"auto\">Brez\u0161ivno spodnje perilo iz udobnih materialov.<\/li>\n<li dir=\"auto\"><span class=\"Y2IQFc\" lang=\"sl\">Udobne za vsakodnevno no\u0161enje in nevidne pod obla\u010dili.\u00a0<\/span><\/li>\n<li><span class=\"Y2IQFc\" lang=\"sl\">Narejen iz mehkih, ko\u017ei prijaznih materialov.<\/span><\/li>\n<li>Tip hla\u010dk: brazilke.<\/li>\n<li>Barva: blush.<\/li>\n<li>Model nosi konfekcijsko \u0161tevilko S.<\/li>\n<li>Barve spodnjega perila na slikah se lahko nekoliko razlikujejo od dejanskih barv, zaradi nastavitev telefona ali ra\u010dunalnika.<\/li>\n<li>Sestava: 70% najlon, 21% spandex; Podloga: 100% bomba\u017e.<\/li>\n<\/ul>\n","protected":false},"excerpt":{"rendered":"<p>Brez\u0161ivno spodnje perilo iz udobnih materialov. Udobne za vsakodnevno no\u0161enje in nevidne pod obla\u010dili.\u00a0 Narejen iz mehkih, ko\u017ei prijaznih materialov. Tip hla\u010dk: brazilke. Barva: blush. Model nosi konfekcijsko \u0161tevilko S. Barve spodnjega perila na slikah se lahko nekoliko razlikujejo od dejanskih barv, zaradi nastavitev telefona ali ra\u010dunalnika. Sestava: 70% najlon, 21% spandex; Podloga: 100% bomba\u017e.<\/p>\n","protected":false},"featured_media":10064424,"comment_status":"open","ping_status":"closed","template":"","meta":[],"product_cat":[197,199,158],"product_tag":[],"class_list":{"0":"post-10064154","1":"product","2":"type-product","3":"status-publish","4":"has-post-thumbnail","6":"product_cat-back-to-basics-kolekcija","7":"product_cat-spodnje-hlacke","8":"product_cat-bestsellers","10":"first","11":"instock","12":"taxable","13":"shipping-taxable","14":"purchasable","15":"product-type-variable"},"bundled_by":["10070193"],"bundle_stock_status":"instock","bundle_stock_quantity":null,"bundle_virtual":false,"bundle_layout":"","bundle_add_to_cart_form_location":"","bundle_editable_in_cart":false,"bundle_sold_individually_context":"","bundle_item_grouping":"","bundle_min_size":"","bundle_max_size":"","bundle_price":[],"bundled_items":[],"bundle_sell_ids":[],"acf":[],"yoast_head":"<!-- This site is optimized with the Yoast SEO plugin v22.3 - https:\/\/yoast.com\/wordpress\/plugins\/seo\/ -->\n<title>Brez\u0161ivne spodnje hla\u010dke LEA blush - Beloved Lingerie<\/title>\n<meta name=\"robots\" content=\"index, follow, max-snippet:-1, max-image-preview:large, max-video-preview:-1\" \/>\n<link rel=\"canonical\" href=\"https:\/\/belovedlingerie.com\/si\/izdelek\/brezsivne-spodnje-hlacke-lea-blush\/\" \/>\n<meta property=\"og:locale\" content=\"sl_SI\" \/>\n<meta property=\"og:type\" content=\"article\" \/>\n<meta property=\"og:title\" content=\"Brez\u0161ivne spodnje hla\u010dke LEA blush - Beloved Lingerie\" \/>\n<meta property=\"og:description\" content=\"Brez\u0161ivno spodnje perilo iz udobnih materialov. Udobne za vsakodnevno no\u0161enje in nevidne pod obla\u010dili.\u00a0 Narejen iz mehkih, ko\u017ei prijaznih materialov. Tip hla\u010dk: brazilke. Barva: blush. Model nosi konfekcijsko \u0161tevilko S. Barve spodnjega perila na slikah se lahko nekoliko razlikujejo od dejanskih barv, zaradi nastavitev telefona ali ra\u010dunalnika. Sestava: 70% najlon, 21% spandex; Podloga: 100% bomba\u017e.\" \/>\n<meta property=\"og:url\" content=\"https:\/\/belovedlingerie.com\/si\/izdelek\/brezsivne-spodnje-hlacke-lea-blush\/\" \/>\n<meta property=\"og:site_name\" content=\"Beloved Lingerie\" \/>\n<meta property=\"article:modified_time\" content=\"2026-04-08T10:16:33+00:00\" \/>\n<meta property=\"og:image\" content=\"https:\/\/belovedlingerie.com\/si\/wp-content\/uploads\/2024\/08\/Brezsivne-spodnje-hlacke-LEA-nude-10-scaled.jpg\" \/>\n\t<meta property=\"og:image:width\" content=\"1707\" \/>\n\t<meta property=\"og:image:height\" content=\"2560\" \/>\n\t<meta property=\"og:image:type\" content=\"image\/jpeg\" \/>\n<meta name=\"twitter:card\" content=\"summary_large_image\" \/>\n<meta name=\"twitter:label1\" content=\"Est. reading time\" \/>\n\t<meta name=\"twitter:data1\" content=\"1 minuta\" \/>\n<script type=\"application\/ld+json\" class=\"yoast-schema-graph\">{\"@context\":\"https:\/\/schema.org\",\"@graph\":[{\"@type\":\"WebPage\",\"@id\":\"https:\/\/belovedlingerie.com\/si\/izdelek\/brezsivne-spodnje-hlacke-lea-blush\/\",\"url\":\"https:\/\/belovedlingerie.com\/si\/izdelek\/brezsivne-spodnje-hlacke-lea-blush\/\",\"name\":\"Brez\u0161ivne spodnje hla\u010dke LEA blush - Beloved Lingerie\",\"isPartOf\":{\"@id\":\"https:\/\/belovedlingerie.com\/si\/#website\"},\"primaryImageOfPage\":{\"@id\":\"https:\/\/belovedlingerie.com\/si\/izdelek\/brezsivne-spodnje-hlacke-lea-blush\/#primaryimage\"},\"image\":{\"@id\":\"https:\/\/belovedlingerie.com\/si\/izdelek\/brezsivne-spodnje-hlacke-lea-blush\/#primaryimage\"},\"thumbnailUrl\":\"https:\/\/belovedlingerie.com\/si\/wp-content\/uploads\/2024\/08\/Brezsivne-spodnje-hlacke-LEA-nude-10-scaled.jpg\",\"datePublished\":\"2026-03-17T08:33:31+00:00\",\"dateModified\":\"2026-04-08T10:16:33+00:00\",\"breadcrumb\":{\"@id\":\"https:\/\/belovedlingerie.com\/si\/izdelek\/brezsivne-spodnje-hlacke-lea-blush\/#breadcrumb\"},\"inLanguage\":\"sl-SI\",\"potentialAction\":[{\"@type\":\"ReadAction\",\"target\":[\"https:\/\/belovedlingerie.com\/si\/izdelek\/brezsivne-spodnje-hlacke-lea-blush\/\"]}]},{\"@type\":\"ImageObject\",\"inLanguage\":\"sl-SI\",\"@id\":\"https:\/\/belovedlingerie.com\/si\/izdelek\/brezsivne-spodnje-hlacke-lea-blush\/#primaryimage\",\"url\":\"https:\/\/belovedlingerie.com\/si\/wp-content\/uploads\/2024\/08\/Brezsivne-spodnje-hlacke-LEA-nude-10-scaled.jpg\",\"contentUrl\":\"https:\/\/belovedlingerie.com\/si\/wp-content\/uploads\/2024\/08\/Brezsivne-spodnje-hlacke-LEA-nude-10-scaled.jpg\",\"width\":1707,\"height\":2560},{\"@type\":\"BreadcrumbList\",\"@id\":\"https:\/\/belovedlingerie.com\/si\/izdelek\/brezsivne-spodnje-hlacke-lea-blush\/#breadcrumb\",\"itemListElement\":[{\"@type\":\"ListItem\",\"position\":1,\"name\":\"Home\",\"item\":\"https:\/\/belovedlingerie.com\/si\/\"},{\"@type\":\"ListItem\",\"position\":2,\"name\":\"Shop\",\"item\":\"https:\/\/belovedlingerie.com\/si\/shop\/\"},{\"@type\":\"ListItem\",\"position\":3,\"name\":\"Brez\u0161ivne spodnje hla\u010dke LEA blush\"}]},{\"@type\":\"WebSite\",\"@id\":\"https:\/\/belovedlingerie.com\/si\/#website\",\"url\":\"https:\/\/belovedlingerie.com\/si\/\",\"name\":\"Beloved Lingerie\",\"description\":\"Your beloved fashion store!\",\"potentialAction\":[{\"@type\":\"SearchAction\",\"target\":{\"@type\":\"EntryPoint\",\"urlTemplate\":\"https:\/\/belovedlingerie.com\/si\/?s={search_term_string}\"},\"query-input\":\"required name=search_term_string\"}],\"inLanguage\":\"sl-SI\"}]}<\/script>\n<!-- \/ Yoast SEO plugin. -->","yoast_head_json":{"title":"Brez\u0161ivne spodnje hla\u010dke LEA blush - Beloved Lingerie","robots":{"index":"index","follow":"follow","max-snippet":"max-snippet:-1","max-image-preview":"max-image-preview:large","max-video-preview":"max-video-preview:-1"},"canonical":"https:\/\/belovedlingerie.com\/si\/izdelek\/brezsivne-spodnje-hlacke-lea-blush\/","og_locale":"sl_SI","og_type":"article","og_title":"Brez\u0161ivne spodnje hla\u010dke LEA blush - Beloved Lingerie","og_description":"Brez\u0161ivno spodnje perilo iz udobnih materialov. Udobne za vsakodnevno no\u0161enje in nevidne pod obla\u010dili.\u00a0 Narejen iz mehkih, ko\u017ei prijaznih materialov. Tip hla\u010dk: brazilke. Barva: blush. Model nosi konfekcijsko \u0161tevilko S. Barve spodnjega perila na slikah se lahko nekoliko razlikujejo od dejanskih barv, zaradi nastavitev telefona ali ra\u010dunalnika. Sestava: 70% najlon, 21% spandex; Podloga: 100% bomba\u017e.","og_url":"https:\/\/belovedlingerie.com\/si\/izdelek\/brezsivne-spodnje-hlacke-lea-blush\/","og_site_name":"Beloved Lingerie","article_modified_time":"2026-04-08T10:16:33+00:00","og_image":[{"width":1707,"height":2560,"url":"https:\/\/belovedlingerie.com\/si\/wp-content\/uploads\/2024\/08\/Brezsivne-spodnje-hlacke-LEA-nude-10-scaled.jpg","type":"image\/jpeg"}],"twitter_card":"summary_large_image","twitter_misc":{"Est. reading time":"1 minuta"},"schema":{"@context":"https:\/\/schema.org","@graph":[{"@type":"WebPage","@id":"https:\/\/belovedlingerie.com\/si\/izdelek\/brezsivne-spodnje-hlacke-lea-blush\/","url":"https:\/\/belovedlingerie.com\/si\/izdelek\/brezsivne-spodnje-hlacke-lea-blush\/","name":"Brez\u0161ivne spodnje hla\u010dke LEA blush - Beloved Lingerie","isPartOf":{"@id":"https:\/\/belovedlingerie.com\/si\/#website"},"primaryImageOfPage":{"@id":"https:\/\/belovedlingerie.com\/si\/izdelek\/brezsivne-spodnje-hlacke-lea-blush\/#primaryimage"},"image":{"@id":"https:\/\/belovedlingerie.com\/si\/izdelek\/brezsivne-spodnje-hlacke-lea-blush\/#primaryimage"},"thumbnailUrl":"https:\/\/belovedlingerie.com\/si\/wp-content\/uploads\/2024\/08\/Brezsivne-spodnje-hlacke-LEA-nude-10-scaled.jpg","datePublished":"2026-03-17T08:33:31+00:00","dateModified":"2026-04-08T10:16:33+00:00","breadcrumb":{"@id":"https:\/\/belovedlingerie.com\/si\/izdelek\/brezsivne-spodnje-hlacke-lea-blush\/#breadcrumb"},"inLanguage":"sl-SI","potentialAction":[{"@type":"ReadAction","target":["https:\/\/belovedlingerie.com\/si\/izdelek\/brezsivne-spodnje-hlacke-lea-blush\/"]}]},{"@type":"ImageObject","inLanguage":"sl-SI","@id":"https:\/\/belovedlingerie.com\/si\/izdelek\/brezsivne-spodnje-hlacke-lea-blush\/#primaryimage","url":"https:\/\/belovedlingerie.com\/si\/wp-content\/uploads\/2024\/08\/Brezsivne-spodnje-hlacke-LEA-nude-10-scaled.jpg","contentUrl":"https:\/\/belovedlingerie.com\/si\/wp-content\/uploads\/2024\/08\/Brezsivne-spodnje-hlacke-LEA-nude-10-scaled.jpg","width":1707,"height":2560},{"@type":"BreadcrumbList","@id":"https:\/\/belovedlingerie.com\/si\/izdelek\/brezsivne-spodnje-hlacke-lea-blush\/#breadcrumb","itemListElement":[{"@type":"ListItem","position":1,"name":"Home","item":"https:\/\/belovedlingerie.com\/si\/"},{"@type":"ListItem","position":2,"name":"Shop","item":"https:\/\/belovedlingerie.com\/si\/shop\/"},{"@type":"ListItem","position":3,"name":"Brez\u0161ivne spodnje hla\u010dke LEA blush"}]},{"@type":"WebSite","@id":"https:\/\/belovedlingerie.com\/si\/#website","url":"https:\/\/belovedlingerie.com\/si\/","name":"Beloved Lingerie","description":"Your beloved fashion store!","potentialAction":[{"@type":"SearchAction","target":{"@type":"EntryPoint","urlTemplate":"https:\/\/belovedlingerie.com\/si\/?s={search_term_string}"},"query-input":"required name=search_term_string"}],"inLanguage":"sl-SI"}]}},"_links":{"self":[{"href":"https:\/\/belovedlingerie.com\/si\/wp-json\/wp\/v2\/product\/10064154","targetHints":{"allow":["GET"]}}],"collection":[{"href":"https:\/\/belovedlingerie.com\/si\/wp-json\/wp\/v2\/product"}],"about":[{"href":"https:\/\/belovedlingerie.com\/si\/wp-json\/wp\/v2\/types\/product"}],"replies":[{"embeddable":true,"href":"https:\/\/belovedlingerie.com\/si\/wp-json\/wp\/v2\/comments?post=10064154"}],"wp:featuredmedia":[{"embeddable":true,"href":"https:\/\/belovedlingerie.com\/si\/wp-json\/wp\/v2\/media\/10064424"}],"wp:attachment":[{"href":"https:\/\/belovedlingerie.com\/si\/wp-json\/wp\/v2\/media?parent=10064154"}],"wp:term":[{"taxonomy":"product_cat","embeddable":true,"href":"https:\/\/belovedlingerie.com\/si\/wp-json\/wp\/v2\/product_cat?post=10064154"},{"taxonomy":"product_tag","embeddable":true,"href":"https:\/\/belovedlingerie.com\/si\/wp-json\/wp\/v2\/product_tag?post=10064154"}],"curies":[{"name":"wp","href":"https:\/\/api.w.org\/{rel}","templated":true}]}}