{"id":10064222,"date":"2024-08-31T09:24:58","date_gmt":"2024-08-31T07:24:58","guid":{"rendered":"https:\/\/belovedlingerie.com\/si\/?post_type=product&#038;p=10064222"},"modified":"2026-02-18T07:42:54","modified_gmt":"2026-02-18T06:42:54","slug":"shapewear-hlacke-hourglass-bez","status":"publish","type":"product","link":"https:\/\/belovedlingerie.com\/si\/izdelek\/shapewear-hlacke-hourglass-bez\/","title":{"rendered":"Shapewear hla\u010dke HOURGLASS be\u017e"},"content":{"rendered":"<ul>\n<li class=\"uspikona\">Svilnato mehek material, prijazen na otip<\/li>\n<li class=\"uspikona\">Izjemno raztegljiv in zelo vzdr\u017eljiv material<\/li>\n<li class=\"uspikona\">Visok pas<\/li>\n<li class=\"uspikona\">Oblikuje trebuh in pas.<\/li>\n<li>Barva: be\u017e<\/li>\n<li>Tip hla\u010dk: tangice.<\/li>\n<li class=\"uspikona\">Silikonski trak na notranji strani prepre\u010duje vihanje<\/li>\n<li class=\"uspikona\">Ciljana kompresija za vitko \u017eensko silhueto.<\/li>\n<li>Model nosi konfekcijsko \u0161tevilko S.<\/li>\n<li>Barve spodnjega perila na slikah se lahko nekoliko razlikujejo od dejanskih barv, zaradi nastavitev telefona ali ra\u010dunalnika.<\/li>\n<li>Sestava: 90% poliester, 10% spandex.<\/li>\n<\/ul>\n","protected":false},"excerpt":{"rendered":"<p>Svilnato mehek material, prijazen na otip Izjemno raztegljiv in zelo vzdr\u017eljiv material Visok pas Oblikuje trebuh in pas. Barva: be\u017e Tip hla\u010dk: tangice. Silikonski trak na notranji strani prepre\u010duje vihanje Ciljana kompresija za vitko \u017eensko silhueto. Model nosi konfekcijsko \u0161tevilko S. Barve spodnjega perila na slikah se lahko nekoliko razlikujejo od dejanskih barv, zaradi nastavitev [&#8230;]\n","protected":false},"featured_media":10064718,"comment_status":"open","ping_status":"closed","template":"","meta":[],"product_cat":[219],"product_tag":[],"class_list":{"0":"post-10064222","1":"product","2":"type-product","3":"status-publish","4":"has-post-thumbnail","6":"product_cat-perilo-za-oblikovanje-postave","8":"first","9":"instock","10":"taxable","11":"shipping-taxable","12":"purchasable","13":"product-type-variable"},"bundled_by":[],"bundle_stock_status":"instock","bundle_stock_quantity":null,"bundle_virtual":false,"bundle_layout":"","bundle_add_to_cart_form_location":"","bundle_editable_in_cart":false,"bundle_sold_individually_context":"","bundle_item_grouping":"","bundle_min_size":"","bundle_max_size":"","bundle_price":[],"bundled_items":[],"bundle_sell_ids":[],"acf":[],"yoast_head":"<!-- This site is optimized with the Yoast SEO plugin v22.3 - https:\/\/yoast.com\/wordpress\/plugins\/seo\/ -->\n<title>Shapewear hla\u010dke HOURGLASS be\u017e - Beloved Lingerie<\/title>\n<meta name=\"robots\" content=\"index, follow, max-snippet:-1, max-image-preview:large, max-video-preview:-1\" \/>\n<link rel=\"canonical\" href=\"https:\/\/belovedlingerie.com\/si\/izdelek\/shapewear-hlacke-hourglass-bez\/\" \/>\n<meta property=\"og:locale\" content=\"sl_SI\" \/>\n<meta property=\"og:type\" content=\"article\" \/>\n<meta property=\"og:title\" content=\"Shapewear hla\u010dke HOURGLASS be\u017e - Beloved Lingerie\" \/>\n<meta property=\"og:description\" content=\"Svilnato mehek material, prijazen na otip Izjemno raztegljiv in zelo vzdr\u017eljiv material Visok pas Oblikuje trebuh in pas. Barva: be\u017e Tip hla\u010dk: tangice. Silikonski trak na notranji strani prepre\u010duje vihanje Ciljana kompresija za vitko \u017eensko silhueto. Model nosi konfekcijsko \u0161tevilko S. Barve spodnjega perila na slikah se lahko nekoliko razlikujejo od dejanskih barv, zaradi nastavitev [...]\" \/>\n<meta property=\"og:url\" content=\"https:\/\/belovedlingerie.com\/si\/izdelek\/shapewear-hlacke-hourglass-bez\/\" \/>\n<meta property=\"og:site_name\" content=\"Beloved Lingerie\" \/>\n<meta property=\"article:modified_time\" content=\"2026-02-18T06:42:54+00:00\" \/>\n<meta property=\"og:image\" content=\"https:\/\/belovedlingerie.com\/si\/wp-content\/uploads\/2024\/08\/Shapewear-hlacke-HOURGLASS-bez-3-scaled.jpg\" \/>\n\t<meta property=\"og:image:width\" content=\"1707\" \/>\n\t<meta property=\"og:image:height\" content=\"2560\" \/>\n\t<meta property=\"og:image:type\" content=\"image\/jpeg\" \/>\n<meta name=\"twitter:card\" content=\"summary_large_image\" \/>\n<meta name=\"twitter:label1\" content=\"Est. reading time\" \/>\n\t<meta name=\"twitter:data1\" content=\"1 minuta\" \/>\n<script type=\"application\/ld+json\" class=\"yoast-schema-graph\">{\"@context\":\"https:\/\/schema.org\",\"@graph\":[{\"@type\":\"WebPage\",\"@id\":\"https:\/\/belovedlingerie.com\/si\/izdelek\/shapewear-hlacke-hourglass-bez\/\",\"url\":\"https:\/\/belovedlingerie.com\/si\/izdelek\/shapewear-hlacke-hourglass-bez\/\",\"name\":\"Shapewear hla\u010dke HOURGLASS be\u017e - Beloved Lingerie\",\"isPartOf\":{\"@id\":\"https:\/\/belovedlingerie.com\/si\/#website\"},\"primaryImageOfPage\":{\"@id\":\"https:\/\/belovedlingerie.com\/si\/izdelek\/shapewear-hlacke-hourglass-bez\/#primaryimage\"},\"image\":{\"@id\":\"https:\/\/belovedlingerie.com\/si\/izdelek\/shapewear-hlacke-hourglass-bez\/#primaryimage\"},\"thumbnailUrl\":\"https:\/\/belovedlingerie.com\/si\/wp-content\/uploads\/2024\/08\/Shapewear-hlacke-HOURGLASS-bez-3-scaled.jpg\",\"datePublished\":\"2024-08-31T07:24:58+00:00\",\"dateModified\":\"2026-02-18T06:42:54+00:00\",\"breadcrumb\":{\"@id\":\"https:\/\/belovedlingerie.com\/si\/izdelek\/shapewear-hlacke-hourglass-bez\/#breadcrumb\"},\"inLanguage\":\"sl-SI\",\"potentialAction\":[{\"@type\":\"ReadAction\",\"target\":[\"https:\/\/belovedlingerie.com\/si\/izdelek\/shapewear-hlacke-hourglass-bez\/\"]}]},{\"@type\":\"ImageObject\",\"inLanguage\":\"sl-SI\",\"@id\":\"https:\/\/belovedlingerie.com\/si\/izdelek\/shapewear-hlacke-hourglass-bez\/#primaryimage\",\"url\":\"https:\/\/belovedlingerie.com\/si\/wp-content\/uploads\/2024\/08\/Shapewear-hlacke-HOURGLASS-bez-3-scaled.jpg\",\"contentUrl\":\"https:\/\/belovedlingerie.com\/si\/wp-content\/uploads\/2024\/08\/Shapewear-hlacke-HOURGLASS-bez-3-scaled.jpg\",\"width\":1707,\"height\":2560},{\"@type\":\"BreadcrumbList\",\"@id\":\"https:\/\/belovedlingerie.com\/si\/izdelek\/shapewear-hlacke-hourglass-bez\/#breadcrumb\",\"itemListElement\":[{\"@type\":\"ListItem\",\"position\":1,\"name\":\"Home\",\"item\":\"https:\/\/belovedlingerie.com\/si\/\"},{\"@type\":\"ListItem\",\"position\":2,\"name\":\"Shop\",\"item\":\"https:\/\/belovedlingerie.com\/si\/shop\/\"},{\"@type\":\"ListItem\",\"position\":3,\"name\":\"Shapewear hla\u010dke HOURGLASS be\u017e\"}]},{\"@type\":\"WebSite\",\"@id\":\"https:\/\/belovedlingerie.com\/si\/#website\",\"url\":\"https:\/\/belovedlingerie.com\/si\/\",\"name\":\"Beloved Lingerie\",\"description\":\"Your beloved fashion store!\",\"potentialAction\":[{\"@type\":\"SearchAction\",\"target\":{\"@type\":\"EntryPoint\",\"urlTemplate\":\"https:\/\/belovedlingerie.com\/si\/?s={search_term_string}\"},\"query-input\":\"required name=search_term_string\"}],\"inLanguage\":\"sl-SI\"}]}<\/script>\n<!-- \/ Yoast SEO plugin. -->","yoast_head_json":{"title":"Shapewear hla\u010dke HOURGLASS be\u017e - Beloved Lingerie","robots":{"index":"index","follow":"follow","max-snippet":"max-snippet:-1","max-image-preview":"max-image-preview:large","max-video-preview":"max-video-preview:-1"},"canonical":"https:\/\/belovedlingerie.com\/si\/izdelek\/shapewear-hlacke-hourglass-bez\/","og_locale":"sl_SI","og_type":"article","og_title":"Shapewear hla\u010dke HOURGLASS be\u017e - Beloved Lingerie","og_description":"Svilnato mehek material, prijazen na otip Izjemno raztegljiv in zelo vzdr\u017eljiv material Visok pas Oblikuje trebuh in pas. Barva: be\u017e Tip hla\u010dk: tangice. Silikonski trak na notranji strani prepre\u010duje vihanje Ciljana kompresija za vitko \u017eensko silhueto. Model nosi konfekcijsko \u0161tevilko S. Barve spodnjega perila na slikah se lahko nekoliko razlikujejo od dejanskih barv, zaradi nastavitev [...]","og_url":"https:\/\/belovedlingerie.com\/si\/izdelek\/shapewear-hlacke-hourglass-bez\/","og_site_name":"Beloved Lingerie","article_modified_time":"2026-02-18T06:42:54+00:00","og_image":[{"width":1707,"height":2560,"url":"https:\/\/belovedlingerie.com\/si\/wp-content\/uploads\/2024\/08\/Shapewear-hlacke-HOURGLASS-bez-3-scaled.jpg","type":"image\/jpeg"}],"twitter_card":"summary_large_image","twitter_misc":{"Est. reading time":"1 minuta"},"schema":{"@context":"https:\/\/schema.org","@graph":[{"@type":"WebPage","@id":"https:\/\/belovedlingerie.com\/si\/izdelek\/shapewear-hlacke-hourglass-bez\/","url":"https:\/\/belovedlingerie.com\/si\/izdelek\/shapewear-hlacke-hourglass-bez\/","name":"Shapewear hla\u010dke HOURGLASS be\u017e - Beloved Lingerie","isPartOf":{"@id":"https:\/\/belovedlingerie.com\/si\/#website"},"primaryImageOfPage":{"@id":"https:\/\/belovedlingerie.com\/si\/izdelek\/shapewear-hlacke-hourglass-bez\/#primaryimage"},"image":{"@id":"https:\/\/belovedlingerie.com\/si\/izdelek\/shapewear-hlacke-hourglass-bez\/#primaryimage"},"thumbnailUrl":"https:\/\/belovedlingerie.com\/si\/wp-content\/uploads\/2024\/08\/Shapewear-hlacke-HOURGLASS-bez-3-scaled.jpg","datePublished":"2024-08-31T07:24:58+00:00","dateModified":"2026-02-18T06:42:54+00:00","breadcrumb":{"@id":"https:\/\/belovedlingerie.com\/si\/izdelek\/shapewear-hlacke-hourglass-bez\/#breadcrumb"},"inLanguage":"sl-SI","potentialAction":[{"@type":"ReadAction","target":["https:\/\/belovedlingerie.com\/si\/izdelek\/shapewear-hlacke-hourglass-bez\/"]}]},{"@type":"ImageObject","inLanguage":"sl-SI","@id":"https:\/\/belovedlingerie.com\/si\/izdelek\/shapewear-hlacke-hourglass-bez\/#primaryimage","url":"https:\/\/belovedlingerie.com\/si\/wp-content\/uploads\/2024\/08\/Shapewear-hlacke-HOURGLASS-bez-3-scaled.jpg","contentUrl":"https:\/\/belovedlingerie.com\/si\/wp-content\/uploads\/2024\/08\/Shapewear-hlacke-HOURGLASS-bez-3-scaled.jpg","width":1707,"height":2560},{"@type":"BreadcrumbList","@id":"https:\/\/belovedlingerie.com\/si\/izdelek\/shapewear-hlacke-hourglass-bez\/#breadcrumb","itemListElement":[{"@type":"ListItem","position":1,"name":"Home","item":"https:\/\/belovedlingerie.com\/si\/"},{"@type":"ListItem","position":2,"name":"Shop","item":"https:\/\/belovedlingerie.com\/si\/shop\/"},{"@type":"ListItem","position":3,"name":"Shapewear hla\u010dke HOURGLASS be\u017e"}]},{"@type":"WebSite","@id":"https:\/\/belovedlingerie.com\/si\/#website","url":"https:\/\/belovedlingerie.com\/si\/","name":"Beloved Lingerie","description":"Your beloved fashion store!","potentialAction":[{"@type":"SearchAction","target":{"@type":"EntryPoint","urlTemplate":"https:\/\/belovedlingerie.com\/si\/?s={search_term_string}"},"query-input":"required name=search_term_string"}],"inLanguage":"sl-SI"}]}},"_links":{"self":[{"href":"https:\/\/belovedlingerie.com\/si\/wp-json\/wp\/v2\/product\/10064222","targetHints":{"allow":["GET"]}}],"collection":[{"href":"https:\/\/belovedlingerie.com\/si\/wp-json\/wp\/v2\/product"}],"about":[{"href":"https:\/\/belovedlingerie.com\/si\/wp-json\/wp\/v2\/types\/product"}],"replies":[{"embeddable":true,"href":"https:\/\/belovedlingerie.com\/si\/wp-json\/wp\/v2\/comments?post=10064222"}],"wp:featuredmedia":[{"embeddable":true,"href":"https:\/\/belovedlingerie.com\/si\/wp-json\/wp\/v2\/media\/10064718"}],"wp:attachment":[{"href":"https:\/\/belovedlingerie.com\/si\/wp-json\/wp\/v2\/media?parent=10064222"}],"wp:term":[{"taxonomy":"product_cat","embeddable":true,"href":"https:\/\/belovedlingerie.com\/si\/wp-json\/wp\/v2\/product_cat?post=10064222"},{"taxonomy":"product_tag","embeddable":true,"href":"https:\/\/belovedlingerie.com\/si\/wp-json\/wp\/v2\/product_tag?post=10064222"}],"curies":[{"name":"wp","href":"https:\/\/api.w.org\/{rel}","templated":true}]}}