{"id":10067534,"date":"2024-11-17T08:02:33","date_gmt":"2024-11-17T07:02:33","guid":{"rendered":"https:\/\/belovedlingerie.com\/si\/?post_type=product&#038;p=10067534"},"modified":"2026-03-17T16:27:24","modified_gmt":"2026-03-17T15:27:24","slug":"komplet-3-brezsivnih-in-brezzicnih-nedrckov-grace","status":"publish","type":"product","link":"https:\/\/belovedlingerie.com\/si\/izdelek\/komplet-3-brezsivnih-in-brezzicnih-nedrckov-grace\/","title":{"rendered":"Komplet 3 brez\u0161ivnih in brez\u017ei\u010dnih nedr\u010dkov GRACE"},"content":{"rendered":"<ul>\n<li><span class=\"Y2IQFc\" lang=\"sl\"><a href=\"https:\/\/belovedlingerie.com\/si\/kategorija\/back-to-basics-kolekcija\/nedrcki\/\" target=\"_blank\" rel=\"noopener\">Komplet 3 brez\u0161ivnih nedr\u010dkov<\/a>\u00a0iz udobnih materialov.<\/span><\/li>\n<li><span class=\"Y2IQFc\" lang=\"sl\">Ker ne vsebujejo podporne \u017eice, so udobni za vsakodnevno no\u0161enje in nevidni pod obla\u010dili.\u00a0<\/span><\/li>\n<li>Detajl \u010dipke.<\/li>\n<li><span class=\"Y2IQFc\" lang=\"sl\"><a href=\"https:\/\/www.beloved.si\/back-to-basics-udobno-brezsivno-spodnje-perilo-za-vsakdanje-udobje\/\" target=\"_blank\" rel=\"noopener\">Udobni<\/a> in elegantni.<\/span><\/li>\n<li>Nastavljive naramnice.<\/li>\n<li>Naramnice se lahko odstranijo.<\/li>\n<li>Mo\u017enost reguliranja obsega modr\u010dka.<\/li>\n<li>Podlo\u017eene blazinice.<\/li>\n<li>Push-up u\u010dinek.<\/li>\n<li>Zapiranje na kavelj\u010dke.<\/li>\n<li><span class=\"Y2IQFc\" lang=\"sl\">Narejen iz mehkih, ko\u017ei prijaznih materialov.<\/span><\/li>\n<li>Model nosi konfekcijsko \u0161tevilko S.<\/li>\n<li>Barve\u00a0<a href=\"https:\/\/belovedlingerie.com\/si\/kategorija\/back-to-basics-kolekcija\/nedrcki\/\" target=\"_blank\" rel=\"noopener\">spodnjega perila<\/a>\u00a0na slikah se lahko nekoliko razlikujejo od dejanskih barv, zaradi nastavitev telefona ali ra\u010dunalnika.<\/li>\n<li>Sestava: Blazinica: 82% najlon, 18% spandex; Zunanjost 1: 90% modal, 10% spandex, Zunanjost 2: 83% najlon, 17% spandex.<\/li>\n<\/ul>\n","protected":false},"excerpt":{"rendered":"<p>Komplet 3 brez\u0161ivnih nedr\u010dkov\u00a0iz udobnih materialov. Ker ne vsebujejo podporne \u017eice, so udobni za vsakodnevno no\u0161enje in nevidni pod obla\u010dili.\u00a0 Detajl \u010dipke. Udobni in elegantni. Nastavljive naramnice. Naramnice se lahko odstranijo. Mo\u017enost reguliranja obsega modr\u010dka. Podlo\u017eene blazinice. Push-up u\u010dinek. Zapiranje na kavelj\u010dke. Narejen iz mehkih, ko\u017ei prijaznih materialov. Model nosi konfekcijsko \u0161tevilko S. Barve\u00a0spodnjega perila\u00a0na [&#8230;]\n","protected":false},"featured_media":10067485,"comment_status":"open","ping_status":"closed","template":"","meta":[],"product_cat":[228,197,198],"product_tag":[],"class_list":{"0":"post-10067534","1":"product","2":"type-product","3":"status-publish","4":"has-post-thumbnail","6":"product_cat-paketni-popusti","7":"product_cat-back-to-basics-kolekcija","8":"product_cat-nedrcki","10":"first","11":"instock","12":"sale","13":"taxable","14":"shipping-taxable","15":"purchasable","16":"product-type-bundle"},"bundled_by":[],"bundle_stock_status":"instock","bundle_stock_quantity":19,"bundle_virtual":false,"bundle_layout":"default","bundle_add_to_cart_form_location":"default","bundle_editable_in_cart":false,"bundle_sold_individually_context":"product","bundle_item_grouping":"parent","bundle_min_size":"","bundle_max_size":"","bundle_price":{"price":{"min":{"incl_tax":"92.25","excl_tax":"75.614754"},"max":{"incl_tax":"92.25","excl_tax":"75.614754"}},"regular_price":{"min":{"incl_tax":"110.7","excl_tax":"90.737705"},"max":{"incl_tax":"110.7","excl_tax":"90.737705"}}},"bundled_items":[{"bundled_item_id":23,"product_id":10060445,"menu_order":0,"quantity_min":1,"quantity_max":1,"quantity_default":1,"priced_individually":false,"shipped_individually":false,"override_title":false,"title":"Brez\u017ei\u010dni nedr\u010dek s \u010dipko GRACE be\u017e","override_description":false,"description":"","optional":false,"hide_thumbnail":false,"discount":"","override_variations":false,"allowed_variations":[],"override_default_variation_attributes":false,"default_variation_attributes":[],"single_product_visibility":"visible","cart_visibility":"visible","order_visibility":"visible","single_product_price_visibility":"visible","cart_price_visibility":"visible","order_price_visibility":"visible","stock_status":"in_stock"},{"bundled_item_id":24,"product_id":10060464,"menu_order":1,"quantity_min":1,"quantity_max":1,"quantity_default":1,"priced_individually":false,"shipped_individually":false,"override_title":false,"title":"Brez\u017ei\u010dni nedr\u010dek s \u010dipko GRACE bel","override_description":false,"description":"","optional":false,"hide_thumbnail":false,"discount":"","override_variations":false,"allowed_variations":[],"override_default_variation_attributes":false,"default_variation_attributes":[],"single_product_visibility":"visible","cart_visibility":"visible","order_visibility":"visible","single_product_price_visibility":"visible","cart_price_visibility":"visible","order_price_visibility":"visible","stock_status":"in_stock"},{"bundled_item_id":25,"product_id":10064012,"menu_order":2,"quantity_min":1,"quantity_max":1,"quantity_default":1,"priced_individually":false,"shipped_individually":false,"override_title":false,"title":"Brez\u017ei\u010dni nedr\u010dek s \u010dipko GRACE \u010drn","override_description":false,"description":"","optional":false,"hide_thumbnail":false,"discount":"","override_variations":false,"allowed_variations":[],"override_default_variation_attributes":false,"default_variation_attributes":[],"single_product_visibility":"visible","cart_visibility":"visible","order_visibility":"visible","single_product_price_visibility":"visible","cart_price_visibility":"visible","order_price_visibility":"visible","stock_status":"in_stock"}],"bundle_sell_ids":[],"acf":[],"yoast_head":"<!-- This site is optimized with the Yoast SEO plugin v22.3 - https:\/\/yoast.com\/wordpress\/plugins\/seo\/ -->\n<title>Komplet 3 brez\u0161ivnih in brez\u017ei\u010dnih nedr\u010dkov GRACE - Beloved Lingerie<\/title>\n<meta name=\"robots\" content=\"index, follow, max-snippet:-1, max-image-preview:large, max-video-preview:-1\" \/>\n<link rel=\"canonical\" href=\"https:\/\/belovedlingerie.com\/si\/izdelek\/komplet-3-brezsivnih-in-brezzicnih-nedrckov-grace\/\" \/>\n<meta property=\"og:locale\" content=\"sl_SI\" \/>\n<meta property=\"og:type\" content=\"article\" \/>\n<meta property=\"og:title\" content=\"Komplet 3 brez\u0161ivnih in brez\u017ei\u010dnih nedr\u010dkov GRACE - Beloved Lingerie\" \/>\n<meta property=\"og:description\" content=\"Komplet 3 brez\u0161ivnih nedr\u010dkov\u00a0iz udobnih materialov. Ker ne vsebujejo podporne \u017eice, so udobni za vsakodnevno no\u0161enje in nevidni pod obla\u010dili.\u00a0 Detajl \u010dipke. Udobni in elegantni. Nastavljive naramnice. Naramnice se lahko odstranijo. Mo\u017enost reguliranja obsega modr\u010dka. Podlo\u017eene blazinice. Push-up u\u010dinek. Zapiranje na kavelj\u010dke. Narejen iz mehkih, ko\u017ei prijaznih materialov. Model nosi konfekcijsko \u0161tevilko S. Barve\u00a0spodnjega perila\u00a0na [...]\" \/>\n<meta property=\"og:url\" content=\"https:\/\/belovedlingerie.com\/si\/izdelek\/komplet-3-brezsivnih-in-brezzicnih-nedrckov-grace\/\" \/>\n<meta property=\"og:site_name\" content=\"Beloved Lingerie\" \/>\n<meta property=\"article:modified_time\" content=\"2026-03-17T15:27:24+00:00\" \/>\n<meta property=\"og:image\" content=\"https:\/\/belovedlingerie.com\/si\/wp-content\/uploads\/2025\/02\/Komplet-3-brezsivnih-in-brezzicnih-nedrckov-GRACE.png\" \/>\n\t<meta property=\"og:image:width\" content=\"534\" \/>\n\t<meta property=\"og:image:height\" content=\"800\" \/>\n\t<meta property=\"og:image:type\" content=\"image\/png\" \/>\n<meta name=\"twitter:card\" content=\"summary_large_image\" \/>\n<meta name=\"twitter:label1\" content=\"Est. reading time\" \/>\n\t<meta name=\"twitter:data1\" content=\"1 minuta\" \/>\n<script type=\"application\/ld+json\" class=\"yoast-schema-graph\">{\"@context\":\"https:\/\/schema.org\",\"@graph\":[{\"@type\":\"WebPage\",\"@id\":\"https:\/\/belovedlingerie.com\/si\/izdelek\/komplet-3-brezsivnih-in-brezzicnih-nedrckov-grace\/\",\"url\":\"https:\/\/belovedlingerie.com\/si\/izdelek\/komplet-3-brezsivnih-in-brezzicnih-nedrckov-grace\/\",\"name\":\"Komplet 3 brez\u0161ivnih in brez\u017ei\u010dnih nedr\u010dkov GRACE - Beloved Lingerie\",\"isPartOf\":{\"@id\":\"https:\/\/belovedlingerie.com\/si\/#website\"},\"primaryImageOfPage\":{\"@id\":\"https:\/\/belovedlingerie.com\/si\/izdelek\/komplet-3-brezsivnih-in-brezzicnih-nedrckov-grace\/#primaryimage\"},\"image\":{\"@id\":\"https:\/\/belovedlingerie.com\/si\/izdelek\/komplet-3-brezsivnih-in-brezzicnih-nedrckov-grace\/#primaryimage\"},\"thumbnailUrl\":\"https:\/\/belovedlingerie.com\/si\/wp-content\/uploads\/2025\/02\/Komplet-3-brezsivnih-in-brezzicnih-nedrckov-GRACE.png\",\"datePublished\":\"2024-11-17T07:02:33+00:00\",\"dateModified\":\"2026-03-17T15:27:24+00:00\",\"breadcrumb\":{\"@id\":\"https:\/\/belovedlingerie.com\/si\/izdelek\/komplet-3-brezsivnih-in-brezzicnih-nedrckov-grace\/#breadcrumb\"},\"inLanguage\":\"sl-SI\",\"potentialAction\":[{\"@type\":\"ReadAction\",\"target\":[\"https:\/\/belovedlingerie.com\/si\/izdelek\/komplet-3-brezsivnih-in-brezzicnih-nedrckov-grace\/\"]}]},{\"@type\":\"ImageObject\",\"inLanguage\":\"sl-SI\",\"@id\":\"https:\/\/belovedlingerie.com\/si\/izdelek\/komplet-3-brezsivnih-in-brezzicnih-nedrckov-grace\/#primaryimage\",\"url\":\"https:\/\/belovedlingerie.com\/si\/wp-content\/uploads\/2025\/02\/Komplet-3-brezsivnih-in-brezzicnih-nedrckov-GRACE.png\",\"contentUrl\":\"https:\/\/belovedlingerie.com\/si\/wp-content\/uploads\/2025\/02\/Komplet-3-brezsivnih-in-brezzicnih-nedrckov-GRACE.png\",\"width\":534,\"height\":800},{\"@type\":\"BreadcrumbList\",\"@id\":\"https:\/\/belovedlingerie.com\/si\/izdelek\/komplet-3-brezsivnih-in-brezzicnih-nedrckov-grace\/#breadcrumb\",\"itemListElement\":[{\"@type\":\"ListItem\",\"position\":1,\"name\":\"Home\",\"item\":\"https:\/\/belovedlingerie.com\/si\/\"},{\"@type\":\"ListItem\",\"position\":2,\"name\":\"Shop\",\"item\":\"https:\/\/belovedlingerie.com\/si\/shop\/\"},{\"@type\":\"ListItem\",\"position\":3,\"name\":\"Komplet 3 brez\u0161ivnih in brez\u017ei\u010dnih nedr\u010dkov GRACE\"}]},{\"@type\":\"WebSite\",\"@id\":\"https:\/\/belovedlingerie.com\/si\/#website\",\"url\":\"https:\/\/belovedlingerie.com\/si\/\",\"name\":\"Beloved Lingerie\",\"description\":\"Your beloved fashion store!\",\"potentialAction\":[{\"@type\":\"SearchAction\",\"target\":{\"@type\":\"EntryPoint\",\"urlTemplate\":\"https:\/\/belovedlingerie.com\/si\/?s={search_term_string}\"},\"query-input\":\"required name=search_term_string\"}],\"inLanguage\":\"sl-SI\"}]}<\/script>\n<!-- \/ Yoast SEO plugin. -->","yoast_head_json":{"title":"Komplet 3 brez\u0161ivnih in brez\u017ei\u010dnih nedr\u010dkov GRACE - Beloved Lingerie","robots":{"index":"index","follow":"follow","max-snippet":"max-snippet:-1","max-image-preview":"max-image-preview:large","max-video-preview":"max-video-preview:-1"},"canonical":"https:\/\/belovedlingerie.com\/si\/izdelek\/komplet-3-brezsivnih-in-brezzicnih-nedrckov-grace\/","og_locale":"sl_SI","og_type":"article","og_title":"Komplet 3 brez\u0161ivnih in brez\u017ei\u010dnih nedr\u010dkov GRACE - Beloved Lingerie","og_description":"Komplet 3 brez\u0161ivnih nedr\u010dkov\u00a0iz udobnih materialov. Ker ne vsebujejo podporne \u017eice, so udobni za vsakodnevno no\u0161enje in nevidni pod obla\u010dili.\u00a0 Detajl \u010dipke. Udobni in elegantni. Nastavljive naramnice. Naramnice se lahko odstranijo. Mo\u017enost reguliranja obsega modr\u010dka. Podlo\u017eene blazinice. Push-up u\u010dinek. Zapiranje na kavelj\u010dke. Narejen iz mehkih, ko\u017ei prijaznih materialov. Model nosi konfekcijsko \u0161tevilko S. Barve\u00a0spodnjega perila\u00a0na [...]","og_url":"https:\/\/belovedlingerie.com\/si\/izdelek\/komplet-3-brezsivnih-in-brezzicnih-nedrckov-grace\/","og_site_name":"Beloved Lingerie","article_modified_time":"2026-03-17T15:27:24+00:00","og_image":[{"width":534,"height":800,"url":"https:\/\/belovedlingerie.com\/si\/wp-content\/uploads\/2025\/02\/Komplet-3-brezsivnih-in-brezzicnih-nedrckov-GRACE.png","type":"image\/png"}],"twitter_card":"summary_large_image","twitter_misc":{"Est. reading time":"1 minuta"},"schema":{"@context":"https:\/\/schema.org","@graph":[{"@type":"WebPage","@id":"https:\/\/belovedlingerie.com\/si\/izdelek\/komplet-3-brezsivnih-in-brezzicnih-nedrckov-grace\/","url":"https:\/\/belovedlingerie.com\/si\/izdelek\/komplet-3-brezsivnih-in-brezzicnih-nedrckov-grace\/","name":"Komplet 3 brez\u0161ivnih in brez\u017ei\u010dnih nedr\u010dkov GRACE - Beloved Lingerie","isPartOf":{"@id":"https:\/\/belovedlingerie.com\/si\/#website"},"primaryImageOfPage":{"@id":"https:\/\/belovedlingerie.com\/si\/izdelek\/komplet-3-brezsivnih-in-brezzicnih-nedrckov-grace\/#primaryimage"},"image":{"@id":"https:\/\/belovedlingerie.com\/si\/izdelek\/komplet-3-brezsivnih-in-brezzicnih-nedrckov-grace\/#primaryimage"},"thumbnailUrl":"https:\/\/belovedlingerie.com\/si\/wp-content\/uploads\/2025\/02\/Komplet-3-brezsivnih-in-brezzicnih-nedrckov-GRACE.png","datePublished":"2024-11-17T07:02:33+00:00","dateModified":"2026-03-17T15:27:24+00:00","breadcrumb":{"@id":"https:\/\/belovedlingerie.com\/si\/izdelek\/komplet-3-brezsivnih-in-brezzicnih-nedrckov-grace\/#breadcrumb"},"inLanguage":"sl-SI","potentialAction":[{"@type":"ReadAction","target":["https:\/\/belovedlingerie.com\/si\/izdelek\/komplet-3-brezsivnih-in-brezzicnih-nedrckov-grace\/"]}]},{"@type":"ImageObject","inLanguage":"sl-SI","@id":"https:\/\/belovedlingerie.com\/si\/izdelek\/komplet-3-brezsivnih-in-brezzicnih-nedrckov-grace\/#primaryimage","url":"https:\/\/belovedlingerie.com\/si\/wp-content\/uploads\/2025\/02\/Komplet-3-brezsivnih-in-brezzicnih-nedrckov-GRACE.png","contentUrl":"https:\/\/belovedlingerie.com\/si\/wp-content\/uploads\/2025\/02\/Komplet-3-brezsivnih-in-brezzicnih-nedrckov-GRACE.png","width":534,"height":800},{"@type":"BreadcrumbList","@id":"https:\/\/belovedlingerie.com\/si\/izdelek\/komplet-3-brezsivnih-in-brezzicnih-nedrckov-grace\/#breadcrumb","itemListElement":[{"@type":"ListItem","position":1,"name":"Home","item":"https:\/\/belovedlingerie.com\/si\/"},{"@type":"ListItem","position":2,"name":"Shop","item":"https:\/\/belovedlingerie.com\/si\/shop\/"},{"@type":"ListItem","position":3,"name":"Komplet 3 brez\u0161ivnih in brez\u017ei\u010dnih nedr\u010dkov GRACE"}]},{"@type":"WebSite","@id":"https:\/\/belovedlingerie.com\/si\/#website","url":"https:\/\/belovedlingerie.com\/si\/","name":"Beloved Lingerie","description":"Your beloved fashion store!","potentialAction":[{"@type":"SearchAction","target":{"@type":"EntryPoint","urlTemplate":"https:\/\/belovedlingerie.com\/si\/?s={search_term_string}"},"query-input":"required name=search_term_string"}],"inLanguage":"sl-SI"}]}},"_links":{"self":[{"href":"https:\/\/belovedlingerie.com\/si\/wp-json\/wp\/v2\/product\/10067534","targetHints":{"allow":["GET"]}}],"collection":[{"href":"https:\/\/belovedlingerie.com\/si\/wp-json\/wp\/v2\/product"}],"about":[{"href":"https:\/\/belovedlingerie.com\/si\/wp-json\/wp\/v2\/types\/product"}],"replies":[{"embeddable":true,"href":"https:\/\/belovedlingerie.com\/si\/wp-json\/wp\/v2\/comments?post=10067534"}],"wp:featuredmedia":[{"embeddable":true,"href":"https:\/\/belovedlingerie.com\/si\/wp-json\/wp\/v2\/media\/10067485"}],"wp:attachment":[{"href":"https:\/\/belovedlingerie.com\/si\/wp-json\/wp\/v2\/media?parent=10067534"}],"wp:term":[{"taxonomy":"product_cat","embeddable":true,"href":"https:\/\/belovedlingerie.com\/si\/wp-json\/wp\/v2\/product_cat?post=10067534"},{"taxonomy":"product_tag","embeddable":true,"href":"https:\/\/belovedlingerie.com\/si\/wp-json\/wp\/v2\/product_tag?post=10067534"}],"curies":[{"name":"wp","href":"https:\/\/api.w.org\/{rel}","templated":true}]}}