{"id":10067829,"date":"2025-03-26T17:58:31","date_gmt":"2025-03-26T16:58:31","guid":{"rendered":"https:\/\/belovedlingerie.com\/si\/?post_type=product&#038;p=10067829"},"modified":"2026-04-13T08:44:49","modified_gmt":"2026-04-13T06:44:49","slug":"pralna-vreca-za-nedrcke","status":"publish","type":"product","link":"https:\/\/belovedlingerie.com\/si\/izdelek\/pralna-vreca-za-nedrcke\/","title":{"rendered":"Pralna vre\u010da za nedr\u010dke"},"content":{"rendered":"<ul>\n<li><strong data-start=\"2\" data-end=\"29\" data-is-only-node=\"\">Za\u0161\u010dita pred po\u0161kodbami<\/strong>: Pralna vre\u010dka \u0161\u010diti nedr\u010dke pred deformacijami \u017ei\u010dk, raztrganjem \u010dipke in drugimi po\u0161kodbami.<\/li>\n<li data-start=\"2\" data-end=\"124\"><strong data-start=\"127\" data-end=\"148\" data-is-only-node=\"\">Ohranjanje oblike<\/strong>: Nedr\u010dki ohranijo svojo obliko in elasti\u010dnost tudi po ve\u010d pranjih.<\/li>\n<li data-start=\"218\" data-end=\"312\"><strong data-start=\"218\" data-end=\"246\" data-is-only-node=\"\">Prepre\u010devanje zapletanja<\/strong>: Vre\u010dka prepre\u010duje, da bi se nedr\u010dki zapletli z drugimi obla\u010dili.<\/li>\n<li data-start=\"315\" data-end=\"413\"><strong data-start=\"315\" data-end=\"347\" data-is-only-node=\"\">Podalj\u0161anje \u017eivljenjske dobe<\/strong>: S pranjem v pralni vre\u010dki podalj\u0161ate obstojnost svojih nedr\u010dkov.<\/li>\n<li data-start=\"416\" data-end=\"522\"><strong data-start=\"416\" data-end=\"437\" data-is-only-node=\"\">Enostavna uporaba<\/strong>: Preprosto jih postavite v vre\u010dko in vstavite v pralni stroj.<\/li>\n<\/ul>\n<p class=\"\" data-start=\"705\" data-end=\"804\">\n","protected":false},"excerpt":{"rendered":"<p>Za\u0161\u010dita pred po\u0161kodbami: Pralna vre\u010dka \u0161\u010diti nedr\u010dke pred deformacijami \u017ei\u010dk, raztrganjem \u010dipke in drugimi po\u0161kodbami. Ohranjanje oblike: Nedr\u010dki ohranijo svojo obliko in elasti\u010dnost tudi po ve\u010d pranjih. Prepre\u010devanje zapletanja: Vre\u010dka prepre\u010duje, da bi se nedr\u010dki zapletli z drugimi obla\u010dili. Podalj\u0161anje \u017eivljenjske dobe: S pranjem v pralni vre\u010dki podalj\u0161ate obstojnost svojih nedr\u010dkov. Enostavna uporaba: Preprosto jih [&#8230;]\n","protected":false},"featured_media":10067830,"comment_status":"open","ping_status":"closed","template":"","meta":[],"product_cat":[231],"product_tag":[],"class_list":{"0":"post-10067829","1":"product","2":"type-product","3":"status-publish","4":"has-post-thumbnail","6":"product_cat-dodatki","8":"first","9":"instock","10":"taxable","11":"shipping-taxable","12":"purchasable","13":"product-type-variable","14":"has-default-attributes"},"bundled_by":[],"bundle_stock_status":"instock","bundle_stock_quantity":null,"bundle_virtual":false,"bundle_layout":"","bundle_add_to_cart_form_location":"","bundle_editable_in_cart":false,"bundle_sold_individually_context":"","bundle_item_grouping":"","bundle_min_size":"","bundle_max_size":"","bundle_price":[],"bundled_items":[],"bundle_sell_ids":[],"acf":[],"yoast_head":"<!-- This site is optimized with the Yoast SEO plugin v22.3 - https:\/\/yoast.com\/wordpress\/plugins\/seo\/ -->\n<title>Pralna vre\u010da za nedr\u010dke - Beloved Lingerie<\/title>\n<meta name=\"robots\" content=\"index, follow, max-snippet:-1, max-image-preview:large, max-video-preview:-1\" \/>\n<link rel=\"canonical\" href=\"https:\/\/belovedlingerie.com\/si\/izdelek\/pralna-vreca-za-nedrcke\/\" \/>\n<meta property=\"og:locale\" content=\"sl_SI\" \/>\n<meta property=\"og:type\" content=\"article\" \/>\n<meta property=\"og:title\" content=\"Pralna vre\u010da za nedr\u010dke - Beloved Lingerie\" \/>\n<meta property=\"og:description\" content=\"Za\u0161\u010dita pred po\u0161kodbami: Pralna vre\u010dka \u0161\u010diti nedr\u010dke pred deformacijami \u017ei\u010dk, raztrganjem \u010dipke in drugimi po\u0161kodbami. Ohranjanje oblike: Nedr\u010dki ohranijo svojo obliko in elasti\u010dnost tudi po ve\u010d pranjih. Prepre\u010devanje zapletanja: Vre\u010dka prepre\u010duje, da bi se nedr\u010dki zapletli z drugimi obla\u010dili. Podalj\u0161anje \u017eivljenjske dobe: S pranjem v pralni vre\u010dki podalj\u0161ate obstojnost svojih nedr\u010dkov. Enostavna uporaba: Preprosto jih [...]\" \/>\n<meta property=\"og:url\" content=\"https:\/\/belovedlingerie.com\/si\/izdelek\/pralna-vreca-za-nedrcke\/\" \/>\n<meta property=\"og:site_name\" content=\"Beloved Lingerie\" \/>\n<meta property=\"article:modified_time\" content=\"2026-04-13T06:44:49+00:00\" \/>\n<meta property=\"og:image\" content=\"https:\/\/belovedlingerie.com\/si\/wp-content\/uploads\/2025\/03\/pralna-vrecka-1.jpg\" \/>\n\t<meta property=\"og:image:width\" content=\"800\" \/>\n\t<meta property=\"og:image:height\" content=\"800\" \/>\n\t<meta property=\"og:image:type\" content=\"image\/jpeg\" \/>\n<meta name=\"twitter:card\" content=\"summary_large_image\" \/>\n<meta name=\"twitter:label1\" content=\"Est. reading time\" \/>\n\t<meta name=\"twitter:data1\" content=\"1 minuta\" \/>\n<script type=\"application\/ld+json\" class=\"yoast-schema-graph\">{\"@context\":\"https:\/\/schema.org\",\"@graph\":[{\"@type\":\"WebPage\",\"@id\":\"https:\/\/belovedlingerie.com\/si\/izdelek\/pralna-vreca-za-nedrcke\/\",\"url\":\"https:\/\/belovedlingerie.com\/si\/izdelek\/pralna-vreca-za-nedrcke\/\",\"name\":\"Pralna vre\u010da za nedr\u010dke - Beloved Lingerie\",\"isPartOf\":{\"@id\":\"https:\/\/belovedlingerie.com\/si\/#website\"},\"primaryImageOfPage\":{\"@id\":\"https:\/\/belovedlingerie.com\/si\/izdelek\/pralna-vreca-za-nedrcke\/#primaryimage\"},\"image\":{\"@id\":\"https:\/\/belovedlingerie.com\/si\/izdelek\/pralna-vreca-za-nedrcke\/#primaryimage\"},\"thumbnailUrl\":\"https:\/\/belovedlingerie.com\/si\/wp-content\/uploads\/2025\/03\/pralna-vrecka-1.jpg\",\"datePublished\":\"2025-03-26T16:58:31+00:00\",\"dateModified\":\"2026-04-13T06:44:49+00:00\",\"breadcrumb\":{\"@id\":\"https:\/\/belovedlingerie.com\/si\/izdelek\/pralna-vreca-za-nedrcke\/#breadcrumb\"},\"inLanguage\":\"sl-SI\",\"potentialAction\":[{\"@type\":\"ReadAction\",\"target\":[\"https:\/\/belovedlingerie.com\/si\/izdelek\/pralna-vreca-za-nedrcke\/\"]}]},{\"@type\":\"ImageObject\",\"inLanguage\":\"sl-SI\",\"@id\":\"https:\/\/belovedlingerie.com\/si\/izdelek\/pralna-vreca-za-nedrcke\/#primaryimage\",\"url\":\"https:\/\/belovedlingerie.com\/si\/wp-content\/uploads\/2025\/03\/pralna-vrecka-1.jpg\",\"contentUrl\":\"https:\/\/belovedlingerie.com\/si\/wp-content\/uploads\/2025\/03\/pralna-vrecka-1.jpg\",\"width\":800,\"height\":800},{\"@type\":\"BreadcrumbList\",\"@id\":\"https:\/\/belovedlingerie.com\/si\/izdelek\/pralna-vreca-za-nedrcke\/#breadcrumb\",\"itemListElement\":[{\"@type\":\"ListItem\",\"position\":1,\"name\":\"Home\",\"item\":\"https:\/\/belovedlingerie.com\/si\/\"},{\"@type\":\"ListItem\",\"position\":2,\"name\":\"Shop\",\"item\":\"https:\/\/belovedlingerie.com\/si\/shop\/\"},{\"@type\":\"ListItem\",\"position\":3,\"name\":\"Pralna vre\u010da za nedr\u010dke\"}]},{\"@type\":\"WebSite\",\"@id\":\"https:\/\/belovedlingerie.com\/si\/#website\",\"url\":\"https:\/\/belovedlingerie.com\/si\/\",\"name\":\"Beloved Lingerie\",\"description\":\"Your beloved fashion store!\",\"potentialAction\":[{\"@type\":\"SearchAction\",\"target\":{\"@type\":\"EntryPoint\",\"urlTemplate\":\"https:\/\/belovedlingerie.com\/si\/?s={search_term_string}\"},\"query-input\":\"required name=search_term_string\"}],\"inLanguage\":\"sl-SI\"}]}<\/script>\n<!-- \/ Yoast SEO plugin. -->","yoast_head_json":{"title":"Pralna vre\u010da za nedr\u010dke - Beloved Lingerie","robots":{"index":"index","follow":"follow","max-snippet":"max-snippet:-1","max-image-preview":"max-image-preview:large","max-video-preview":"max-video-preview:-1"},"canonical":"https:\/\/belovedlingerie.com\/si\/izdelek\/pralna-vreca-za-nedrcke\/","og_locale":"sl_SI","og_type":"article","og_title":"Pralna vre\u010da za nedr\u010dke - Beloved Lingerie","og_description":"Za\u0161\u010dita pred po\u0161kodbami: Pralna vre\u010dka \u0161\u010diti nedr\u010dke pred deformacijami \u017ei\u010dk, raztrganjem \u010dipke in drugimi po\u0161kodbami. Ohranjanje oblike: Nedr\u010dki ohranijo svojo obliko in elasti\u010dnost tudi po ve\u010d pranjih. Prepre\u010devanje zapletanja: Vre\u010dka prepre\u010duje, da bi se nedr\u010dki zapletli z drugimi obla\u010dili. Podalj\u0161anje \u017eivljenjske dobe: S pranjem v pralni vre\u010dki podalj\u0161ate obstojnost svojih nedr\u010dkov. Enostavna uporaba: Preprosto jih [...]","og_url":"https:\/\/belovedlingerie.com\/si\/izdelek\/pralna-vreca-za-nedrcke\/","og_site_name":"Beloved Lingerie","article_modified_time":"2026-04-13T06:44:49+00:00","og_image":[{"width":800,"height":800,"url":"https:\/\/belovedlingerie.com\/si\/wp-content\/uploads\/2025\/03\/pralna-vrecka-1.jpg","type":"image\/jpeg"}],"twitter_card":"summary_large_image","twitter_misc":{"Est. reading time":"1 minuta"},"schema":{"@context":"https:\/\/schema.org","@graph":[{"@type":"WebPage","@id":"https:\/\/belovedlingerie.com\/si\/izdelek\/pralna-vreca-za-nedrcke\/","url":"https:\/\/belovedlingerie.com\/si\/izdelek\/pralna-vreca-za-nedrcke\/","name":"Pralna vre\u010da za nedr\u010dke - Beloved Lingerie","isPartOf":{"@id":"https:\/\/belovedlingerie.com\/si\/#website"},"primaryImageOfPage":{"@id":"https:\/\/belovedlingerie.com\/si\/izdelek\/pralna-vreca-za-nedrcke\/#primaryimage"},"image":{"@id":"https:\/\/belovedlingerie.com\/si\/izdelek\/pralna-vreca-za-nedrcke\/#primaryimage"},"thumbnailUrl":"https:\/\/belovedlingerie.com\/si\/wp-content\/uploads\/2025\/03\/pralna-vrecka-1.jpg","datePublished":"2025-03-26T16:58:31+00:00","dateModified":"2026-04-13T06:44:49+00:00","breadcrumb":{"@id":"https:\/\/belovedlingerie.com\/si\/izdelek\/pralna-vreca-za-nedrcke\/#breadcrumb"},"inLanguage":"sl-SI","potentialAction":[{"@type":"ReadAction","target":["https:\/\/belovedlingerie.com\/si\/izdelek\/pralna-vreca-za-nedrcke\/"]}]},{"@type":"ImageObject","inLanguage":"sl-SI","@id":"https:\/\/belovedlingerie.com\/si\/izdelek\/pralna-vreca-za-nedrcke\/#primaryimage","url":"https:\/\/belovedlingerie.com\/si\/wp-content\/uploads\/2025\/03\/pralna-vrecka-1.jpg","contentUrl":"https:\/\/belovedlingerie.com\/si\/wp-content\/uploads\/2025\/03\/pralna-vrecka-1.jpg","width":800,"height":800},{"@type":"BreadcrumbList","@id":"https:\/\/belovedlingerie.com\/si\/izdelek\/pralna-vreca-za-nedrcke\/#breadcrumb","itemListElement":[{"@type":"ListItem","position":1,"name":"Home","item":"https:\/\/belovedlingerie.com\/si\/"},{"@type":"ListItem","position":2,"name":"Shop","item":"https:\/\/belovedlingerie.com\/si\/shop\/"},{"@type":"ListItem","position":3,"name":"Pralna vre\u010da za nedr\u010dke"}]},{"@type":"WebSite","@id":"https:\/\/belovedlingerie.com\/si\/#website","url":"https:\/\/belovedlingerie.com\/si\/","name":"Beloved Lingerie","description":"Your beloved fashion store!","potentialAction":[{"@type":"SearchAction","target":{"@type":"EntryPoint","urlTemplate":"https:\/\/belovedlingerie.com\/si\/?s={search_term_string}"},"query-input":"required name=search_term_string"}],"inLanguage":"sl-SI"}]}},"_links":{"self":[{"href":"https:\/\/belovedlingerie.com\/si\/wp-json\/wp\/v2\/product\/10067829","targetHints":{"allow":["GET"]}}],"collection":[{"href":"https:\/\/belovedlingerie.com\/si\/wp-json\/wp\/v2\/product"}],"about":[{"href":"https:\/\/belovedlingerie.com\/si\/wp-json\/wp\/v2\/types\/product"}],"replies":[{"embeddable":true,"href":"https:\/\/belovedlingerie.com\/si\/wp-json\/wp\/v2\/comments?post=10067829"}],"wp:featuredmedia":[{"embeddable":true,"href":"https:\/\/belovedlingerie.com\/si\/wp-json\/wp\/v2\/media\/10067830"}],"wp:attachment":[{"href":"https:\/\/belovedlingerie.com\/si\/wp-json\/wp\/v2\/media?parent=10067829"}],"wp:term":[{"taxonomy":"product_cat","embeddable":true,"href":"https:\/\/belovedlingerie.com\/si\/wp-json\/wp\/v2\/product_cat?post=10067829"},{"taxonomy":"product_tag","embeddable":true,"href":"https:\/\/belovedlingerie.com\/si\/wp-json\/wp\/v2\/product_tag?post=10067829"}],"curies":[{"name":"wp","href":"https:\/\/api.w.org\/{rel}","templated":true}]}}