{"id":10070193,"date":"2026-03-17T15:49:38","date_gmt":"2026-03-17T14:49:38","guid":{"rendered":"https:\/\/belovedlingerie.com\/si\/?post_type=product&#038;p=10070193"},"modified":"2026-04-08T12:13:45","modified_gmt":"2026-04-08T10:13:45","slug":"komplet-4-brezsivnih-spodnjih-hlack-lea","status":"publish","type":"product","link":"https:\/\/belovedlingerie.com\/si\/izdelek\/komplet-4-brezsivnih-spodnjih-hlack-lea\/","title":{"rendered":"Komplet 4 brez\u0161ivnih spodnjih hla\u010dk LEA"},"content":{"rendered":"<ul>\n<li>Komplet 4 brez\u0161ivnih spodnjih hla\u010dk.<\/li>\n<li dir=\"auto\"><span class=\"Y2IQFc\" lang=\"sl\">Udobne za vsakodnevno no\u0161enje in nevidne pod obla\u010dili.\u00a0<\/span><\/li>\n<li><span class=\"Y2IQFc\" lang=\"sl\">Narejene iz mehkih, ko\u017ei prijaznih materialov.<\/span><\/li>\n<li>Tip hla\u010dk: brazilke.<\/li>\n<li>Barva: roza, bela, \u010drna, nude.<\/li>\n<li>Model nosi konfekcijsko \u0161tevilko S.<\/li>\n<li>Barve spodnjega perila na slikah se lahko nekoliko razlikujejo od dejanskih barv, zaradi nastavitev telefona ali ra\u010dunalnika.<\/li>\n<li>Sestava: 70% najlon, 21% spandex; Podloga: 100% bomba\u017e.<\/li>\n<\/ul>\n","protected":false},"excerpt":{"rendered":"<p>Komplet 4 brez\u0161ivnih spodnjih hla\u010dk. Udobne za vsakodnevno no\u0161enje in nevidne pod obla\u010dili.\u00a0 Narejene iz mehkih, ko\u017ei prijaznih materialov. Tip hla\u010dk: brazilke. Barva: roza, bela, \u010drna, nude. Model nosi konfekcijsko \u0161tevilko S. Barve spodnjega perila na slikah se lahko nekoliko razlikujejo od dejanskih barv, zaradi nastavitev telefona ali ra\u010dunalnika. Sestava: 70% najlon, 21% spandex; Podloga: [&#8230;]\n","protected":false},"featured_media":10070196,"comment_status":"open","ping_status":"closed","template":"","meta":[],"product_cat":[228,197,199],"product_tag":[],"class_list":{"0":"post-10070193","1":"product","2":"type-product","3":"status-publish","4":"has-post-thumbnail","6":"product_cat-paketni-popusti","7":"product_cat-back-to-basics-kolekcija","8":"product_cat-spodnje-hlacke","10":"first","11":"instock","12":"sale","13":"virtual","14":"taxable","15":"purchasable","16":"product-type-bundle"},"bundled_by":[],"bundle_stock_status":"instock","bundle_stock_quantity":29,"bundle_virtual":false,"bundle_layout":"default","bundle_add_to_cart_form_location":"default","bundle_editable_in_cart":false,"bundle_sold_individually_context":"product","bundle_item_grouping":"parent","bundle_min_size":"","bundle_max_size":"","bundle_price":{"price":{"min":{"incl_tax":"32.25","excl_tax":"26.434426"},"max":{"incl_tax":"32.25","excl_tax":"26.434426"}},"regular_price":{"min":{"incl_tax":"39.6","excl_tax":"32.459016"},"max":{"incl_tax":"39.6","excl_tax":"32.459016"}}},"bundled_items":[{"bundled_item_id":34,"product_id":10064151,"menu_order":0,"quantity_min":1,"quantity_max":1,"quantity_default":1,"priced_individually":false,"shipped_individually":false,"override_title":false,"title":"Brez\u0161ivne spodnje hla\u010dke LEA bele","override_description":false,"description":"","optional":false,"hide_thumbnail":false,"discount":"","override_variations":false,"allowed_variations":[],"override_default_variation_attributes":false,"default_variation_attributes":[],"single_product_visibility":"visible","cart_visibility":"visible","order_visibility":"visible","single_product_price_visibility":"visible","cart_price_visibility":"visible","order_price_visibility":"visible","stock_status":"in_stock"},{"bundled_item_id":35,"product_id":10064152,"menu_order":1,"quantity_min":1,"quantity_max":1,"quantity_default":1,"priced_individually":false,"shipped_individually":false,"override_title":false,"title":"Brez\u0161ivne spodnje hla\u010dke LEA \u010drne","override_description":false,"description":"","optional":false,"hide_thumbnail":false,"discount":"","override_variations":false,"allowed_variations":[],"override_default_variation_attributes":false,"default_variation_attributes":[],"single_product_visibility":"visible","cart_visibility":"visible","order_visibility":"visible","single_product_price_visibility":"visible","cart_price_visibility":"visible","order_price_visibility":"visible","stock_status":"in_stock"},{"bundled_item_id":36,"product_id":10064153,"menu_order":2,"quantity_min":1,"quantity_max":1,"quantity_default":1,"priced_individually":false,"shipped_individually":false,"override_title":false,"title":"Brez\u0161ivne spodnje hla\u010dke LEA nude","override_description":false,"description":"","optional":false,"hide_thumbnail":false,"discount":"","override_variations":false,"allowed_variations":[],"override_default_variation_attributes":false,"default_variation_attributes":[],"single_product_visibility":"visible","cart_visibility":"visible","order_visibility":"visible","single_product_price_visibility":"visible","cart_price_visibility":"visible","order_price_visibility":"visible","stock_status":"in_stock"},{"bundled_item_id":37,"product_id":10064154,"menu_order":3,"quantity_min":1,"quantity_max":1,"quantity_default":1,"priced_individually":false,"shipped_individually":false,"override_title":false,"title":"Brez\u0161ivne spodnje hla\u010dke LEA blush","override_description":false,"description":"","optional":false,"hide_thumbnail":false,"discount":"","override_variations":false,"allowed_variations":[],"override_default_variation_attributes":false,"default_variation_attributes":[],"single_product_visibility":"visible","cart_visibility":"visible","order_visibility":"visible","single_product_price_visibility":"visible","cart_price_visibility":"visible","order_price_visibility":"visible","stock_status":"in_stock"}],"bundle_sell_ids":[],"acf":[],"yoast_head":"<!-- This site is optimized with the Yoast SEO plugin v22.3 - https:\/\/yoast.com\/wordpress\/plugins\/seo\/ -->\n<title>Komplet 4 brez\u0161ivnih spodnjih hla\u010dk LEA - Beloved Lingerie<\/title>\n<meta name=\"robots\" content=\"index, follow, max-snippet:-1, max-image-preview:large, max-video-preview:-1\" \/>\n<link rel=\"canonical\" href=\"https:\/\/belovedlingerie.com\/si\/izdelek\/komplet-4-brezsivnih-spodnjih-hlack-lea\/\" \/>\n<meta property=\"og:locale\" content=\"sl_SI\" \/>\n<meta property=\"og:type\" content=\"article\" \/>\n<meta property=\"og:title\" content=\"Komplet 4 brez\u0161ivnih spodnjih hla\u010dk LEA - Beloved Lingerie\" \/>\n<meta property=\"og:description\" content=\"Komplet 4 brez\u0161ivnih spodnjih hla\u010dk. Udobne za vsakodnevno no\u0161enje in nevidne pod obla\u010dili.\u00a0 Narejene iz mehkih, ko\u017ei prijaznih materialov. Tip hla\u010dk: brazilke. Barva: roza, bela, \u010drna, nude. Model nosi konfekcijsko \u0161tevilko S. Barve spodnjega perila na slikah se lahko nekoliko razlikujejo od dejanskih barv, zaradi nastavitev telefona ali ra\u010dunalnika. Sestava: 70% najlon, 21% spandex; Podloga: [...]\" \/>\n<meta property=\"og:url\" content=\"https:\/\/belovedlingerie.com\/si\/izdelek\/komplet-4-brezsivnih-spodnjih-hlack-lea\/\" \/>\n<meta property=\"og:site_name\" content=\"Beloved Lingerie\" \/>\n<meta property=\"article:modified_time\" content=\"2026-04-08T10:13:45+00:00\" \/>\n<meta property=\"og:image\" content=\"https:\/\/belovedlingerie.com\/si\/wp-content\/uploads\/2026\/03\/Komplet-4-brezsivnih-spodnjih-hlack-LEA-2.png\" \/>\n\t<meta property=\"og:image:width\" content=\"534\" \/>\n\t<meta property=\"og:image:height\" content=\"800\" \/>\n\t<meta property=\"og:image:type\" content=\"image\/png\" \/>\n<meta name=\"twitter:card\" content=\"summary_large_image\" \/>\n<meta name=\"twitter:label1\" content=\"Est. reading time\" \/>\n\t<meta name=\"twitter:data1\" content=\"1 minuta\" \/>\n<script type=\"application\/ld+json\" class=\"yoast-schema-graph\">{\"@context\":\"https:\/\/schema.org\",\"@graph\":[{\"@type\":\"WebPage\",\"@id\":\"https:\/\/belovedlingerie.com\/si\/izdelek\/komplet-4-brezsivnih-spodnjih-hlack-lea\/\",\"url\":\"https:\/\/belovedlingerie.com\/si\/izdelek\/komplet-4-brezsivnih-spodnjih-hlack-lea\/\",\"name\":\"Komplet 4 brez\u0161ivnih spodnjih hla\u010dk LEA - Beloved Lingerie\",\"isPartOf\":{\"@id\":\"https:\/\/belovedlingerie.com\/si\/#website\"},\"primaryImageOfPage\":{\"@id\":\"https:\/\/belovedlingerie.com\/si\/izdelek\/komplet-4-brezsivnih-spodnjih-hlack-lea\/#primaryimage\"},\"image\":{\"@id\":\"https:\/\/belovedlingerie.com\/si\/izdelek\/komplet-4-brezsivnih-spodnjih-hlack-lea\/#primaryimage\"},\"thumbnailUrl\":\"https:\/\/belovedlingerie.com\/si\/wp-content\/uploads\/2026\/03\/Komplet-4-brezsivnih-spodnjih-hlack-LEA-2.png\",\"datePublished\":\"2026-03-17T14:49:38+00:00\",\"dateModified\":\"2026-04-08T10:13:45+00:00\",\"breadcrumb\":{\"@id\":\"https:\/\/belovedlingerie.com\/si\/izdelek\/komplet-4-brezsivnih-spodnjih-hlack-lea\/#breadcrumb\"},\"inLanguage\":\"sl-SI\",\"potentialAction\":[{\"@type\":\"ReadAction\",\"target\":[\"https:\/\/belovedlingerie.com\/si\/izdelek\/komplet-4-brezsivnih-spodnjih-hlack-lea\/\"]}]},{\"@type\":\"ImageObject\",\"inLanguage\":\"sl-SI\",\"@id\":\"https:\/\/belovedlingerie.com\/si\/izdelek\/komplet-4-brezsivnih-spodnjih-hlack-lea\/#primaryimage\",\"url\":\"https:\/\/belovedlingerie.com\/si\/wp-content\/uploads\/2026\/03\/Komplet-4-brezsivnih-spodnjih-hlack-LEA-2.png\",\"contentUrl\":\"https:\/\/belovedlingerie.com\/si\/wp-content\/uploads\/2026\/03\/Komplet-4-brezsivnih-spodnjih-hlack-LEA-2.png\",\"width\":534,\"height\":800},{\"@type\":\"BreadcrumbList\",\"@id\":\"https:\/\/belovedlingerie.com\/si\/izdelek\/komplet-4-brezsivnih-spodnjih-hlack-lea\/#breadcrumb\",\"itemListElement\":[{\"@type\":\"ListItem\",\"position\":1,\"name\":\"Home\",\"item\":\"https:\/\/belovedlingerie.com\/si\/\"},{\"@type\":\"ListItem\",\"position\":2,\"name\":\"Shop\",\"item\":\"https:\/\/belovedlingerie.com\/si\/shop\/\"},{\"@type\":\"ListItem\",\"position\":3,\"name\":\"Komplet 4 brez\u0161ivnih spodnjih hla\u010dk LEA\"}]},{\"@type\":\"WebSite\",\"@id\":\"https:\/\/belovedlingerie.com\/si\/#website\",\"url\":\"https:\/\/belovedlingerie.com\/si\/\",\"name\":\"Beloved Lingerie\",\"description\":\"Your beloved fashion store!\",\"potentialAction\":[{\"@type\":\"SearchAction\",\"target\":{\"@type\":\"EntryPoint\",\"urlTemplate\":\"https:\/\/belovedlingerie.com\/si\/?s={search_term_string}\"},\"query-input\":\"required name=search_term_string\"}],\"inLanguage\":\"sl-SI\"}]}<\/script>\n<!-- \/ Yoast SEO plugin. -->","yoast_head_json":{"title":"Komplet 4 brez\u0161ivnih spodnjih hla\u010dk LEA - Beloved Lingerie","robots":{"index":"index","follow":"follow","max-snippet":"max-snippet:-1","max-image-preview":"max-image-preview:large","max-video-preview":"max-video-preview:-1"},"canonical":"https:\/\/belovedlingerie.com\/si\/izdelek\/komplet-4-brezsivnih-spodnjih-hlack-lea\/","og_locale":"sl_SI","og_type":"article","og_title":"Komplet 4 brez\u0161ivnih spodnjih hla\u010dk LEA - Beloved Lingerie","og_description":"Komplet 4 brez\u0161ivnih spodnjih hla\u010dk. Udobne za vsakodnevno no\u0161enje in nevidne pod obla\u010dili.\u00a0 Narejene iz mehkih, ko\u017ei prijaznih materialov. Tip hla\u010dk: brazilke. Barva: roza, bela, \u010drna, nude. Model nosi konfekcijsko \u0161tevilko S. Barve spodnjega perila na slikah se lahko nekoliko razlikujejo od dejanskih barv, zaradi nastavitev telefona ali ra\u010dunalnika. Sestava: 70% najlon, 21% spandex; Podloga: [...]","og_url":"https:\/\/belovedlingerie.com\/si\/izdelek\/komplet-4-brezsivnih-spodnjih-hlack-lea\/","og_site_name":"Beloved Lingerie","article_modified_time":"2026-04-08T10:13:45+00:00","og_image":[{"width":534,"height":800,"url":"https:\/\/belovedlingerie.com\/si\/wp-content\/uploads\/2026\/03\/Komplet-4-brezsivnih-spodnjih-hlack-LEA-2.png","type":"image\/png"}],"twitter_card":"summary_large_image","twitter_misc":{"Est. reading time":"1 minuta"},"schema":{"@context":"https:\/\/schema.org","@graph":[{"@type":"WebPage","@id":"https:\/\/belovedlingerie.com\/si\/izdelek\/komplet-4-brezsivnih-spodnjih-hlack-lea\/","url":"https:\/\/belovedlingerie.com\/si\/izdelek\/komplet-4-brezsivnih-spodnjih-hlack-lea\/","name":"Komplet 4 brez\u0161ivnih spodnjih hla\u010dk LEA - Beloved Lingerie","isPartOf":{"@id":"https:\/\/belovedlingerie.com\/si\/#website"},"primaryImageOfPage":{"@id":"https:\/\/belovedlingerie.com\/si\/izdelek\/komplet-4-brezsivnih-spodnjih-hlack-lea\/#primaryimage"},"image":{"@id":"https:\/\/belovedlingerie.com\/si\/izdelek\/komplet-4-brezsivnih-spodnjih-hlack-lea\/#primaryimage"},"thumbnailUrl":"https:\/\/belovedlingerie.com\/si\/wp-content\/uploads\/2026\/03\/Komplet-4-brezsivnih-spodnjih-hlack-LEA-2.png","datePublished":"2026-03-17T14:49:38+00:00","dateModified":"2026-04-08T10:13:45+00:00","breadcrumb":{"@id":"https:\/\/belovedlingerie.com\/si\/izdelek\/komplet-4-brezsivnih-spodnjih-hlack-lea\/#breadcrumb"},"inLanguage":"sl-SI","potentialAction":[{"@type":"ReadAction","target":["https:\/\/belovedlingerie.com\/si\/izdelek\/komplet-4-brezsivnih-spodnjih-hlack-lea\/"]}]},{"@type":"ImageObject","inLanguage":"sl-SI","@id":"https:\/\/belovedlingerie.com\/si\/izdelek\/komplet-4-brezsivnih-spodnjih-hlack-lea\/#primaryimage","url":"https:\/\/belovedlingerie.com\/si\/wp-content\/uploads\/2026\/03\/Komplet-4-brezsivnih-spodnjih-hlack-LEA-2.png","contentUrl":"https:\/\/belovedlingerie.com\/si\/wp-content\/uploads\/2026\/03\/Komplet-4-brezsivnih-spodnjih-hlack-LEA-2.png","width":534,"height":800},{"@type":"BreadcrumbList","@id":"https:\/\/belovedlingerie.com\/si\/izdelek\/komplet-4-brezsivnih-spodnjih-hlack-lea\/#breadcrumb","itemListElement":[{"@type":"ListItem","position":1,"name":"Home","item":"https:\/\/belovedlingerie.com\/si\/"},{"@type":"ListItem","position":2,"name":"Shop","item":"https:\/\/belovedlingerie.com\/si\/shop\/"},{"@type":"ListItem","position":3,"name":"Komplet 4 brez\u0161ivnih spodnjih hla\u010dk LEA"}]},{"@type":"WebSite","@id":"https:\/\/belovedlingerie.com\/si\/#website","url":"https:\/\/belovedlingerie.com\/si\/","name":"Beloved Lingerie","description":"Your beloved fashion store!","potentialAction":[{"@type":"SearchAction","target":{"@type":"EntryPoint","urlTemplate":"https:\/\/belovedlingerie.com\/si\/?s={search_term_string}"},"query-input":"required name=search_term_string"}],"inLanguage":"sl-SI"}]}},"_links":{"self":[{"href":"https:\/\/belovedlingerie.com\/si\/wp-json\/wp\/v2\/product\/10070193","targetHints":{"allow":["GET"]}}],"collection":[{"href":"https:\/\/belovedlingerie.com\/si\/wp-json\/wp\/v2\/product"}],"about":[{"href":"https:\/\/belovedlingerie.com\/si\/wp-json\/wp\/v2\/types\/product"}],"replies":[{"embeddable":true,"href":"https:\/\/belovedlingerie.com\/si\/wp-json\/wp\/v2\/comments?post=10070193"}],"wp:featuredmedia":[{"embeddable":true,"href":"https:\/\/belovedlingerie.com\/si\/wp-json\/wp\/v2\/media\/10070196"}],"wp:attachment":[{"href":"https:\/\/belovedlingerie.com\/si\/wp-json\/wp\/v2\/media?parent=10070193"}],"wp:term":[{"taxonomy":"product_cat","embeddable":true,"href":"https:\/\/belovedlingerie.com\/si\/wp-json\/wp\/v2\/product_cat?post=10070193"},{"taxonomy":"product_tag","embeddable":true,"href":"https:\/\/belovedlingerie.com\/si\/wp-json\/wp\/v2\/product_tag?post=10070193"}],"curies":[{"name":"wp","href":"https:\/\/api.w.org\/{rel}","templated":true}]}}