{"id":57988,"date":"2023-02-27T17:17:02","date_gmt":"2023-02-27T17:17:02","guid":{"rendered":"https:\/\/belovedlingerie.com\/si\/?post_type=product&#038;p=57988"},"modified":"2026-03-18T09:16:06","modified_gmt":"2026-03-18T08:16:06","slug":"komplet-spodnjega-perila-gloria","status":"publish","type":"product","link":"https:\/\/belovedlingerie.com\/si\/izdelek\/komplet-spodnjega-perila-gloria\/","title":{"rendered":"Komplet spodnjega perila GLORIA"},"content":{"rendered":"<p><strong>Komplet spodnjega perila GLORIA<\/strong><\/p>\n<ul>\n<li><a href=\"https:\/\/belovedlingerie.com\/si\/kategorija\/spodnje-perilo\/tridelni-kompleti\/\" target=\"_blank\" rel=\"noopener\">Tridelni komplet<\/a> vklju\u010duje: modr\u010dek, spodnje hla\u010dke, pas z dr\u017eki za nogavice ali podvezice.<\/li>\n<li>Lahkoten modr\u010dek z \u017ei\u010dno oporo.<\/li>\n<li>Nepodlo\u017een.<\/li>\n<li>Mre\u017east material s cvetli\u010dnim vzorcem.<\/li>\n<li>Nastavljive naramnice.<\/li>\n<li>Mo\u017enost reguliranja obsega modr\u010dka in pasu z dr\u017eki.<\/li>\n<li>Mo\u017enost reguliranja obsega spodnjih hla\u010dk.<\/li>\n<li>Mo\u017enost reguliranja dol\u017eine dr\u017ekov za podvezice.<\/li>\n<li>Tip hla\u010dk: tangice.<\/li>\n<li>Transparenten.<\/li>\n<li>Svetujemo kombiniranje s <a href=\"https:\/\/belovedlingerie.com\/si\/kategorija\/samostojece-nogavice\/\" target=\"_blank\" rel=\"noopener\">samostoje\u010dimi hla\u010dnimi nogavicami<\/a>.<\/li>\n<li>Barva: rde\u010da.<\/li>\n<li>Elena nosi konfekcijsko \u0161tevilko S.<\/li>\n<li>Barve spodnjega perila na slikah se lahko nekoliko razlikujejo od dejanskih barv, zaradi nastavitev telefona ali ra\u010dunalnika.<\/li>\n<li>Sestava: 95% poliester, 5% elastan.<\/li>\n<\/ul>\n","protected":false},"excerpt":{"rendered":"<p>Komplet spodnjega perila GLORIA Tridelni komplet vklju\u010duje: modr\u010dek, spodnje hla\u010dke, pas z dr\u017eki za nogavice ali podvezice. Lahkoten modr\u010dek z \u017ei\u010dno oporo. Nepodlo\u017een. Mre\u017east material s cvetli\u010dnim vzorcem. Nastavljive naramnice. Mo\u017enost reguliranja obsega modr\u010dka in pasu z dr\u017eki. Mo\u017enost reguliranja obsega spodnjih hla\u010dk. Mo\u017enost reguliranja dol\u017eine dr\u017ekov za podvezice. Tip hla\u010dk: tangice. Transparenten. Svetujemo kombiniranje [&#8230;]\n","protected":false},"featured_media":58041,"comment_status":"open","ping_status":"closed","template":"","meta":[],"product_cat":[158,187,189],"product_tag":[],"class_list":{"0":"post-57988","1":"product","2":"type-product","3":"status-publish","4":"has-post-thumbnail","6":"product_cat-bestsellers","7":"product_cat-spodnje-perilo","8":"product_cat-tridelni-kompleti","10":"first","11":"instock","12":"taxable","13":"shipping-taxable","14":"purchasable","15":"product-type-variable"},"bundled_by":[],"bundle_stock_status":"instock","bundle_stock_quantity":null,"bundle_virtual":false,"bundle_layout":"","bundle_add_to_cart_form_location":"","bundle_editable_in_cart":false,"bundle_sold_individually_context":"","bundle_item_grouping":"","bundle_min_size":"","bundle_max_size":"","bundle_price":[],"bundled_items":[],"bundle_sell_ids":[],"acf":[],"yoast_head":"<!-- This site is optimized with the Yoast SEO plugin v22.3 - https:\/\/yoast.com\/wordpress\/plugins\/seo\/ -->\n<title>Komplet spodnjega perila GLORIA - Beloved Lingerie<\/title>\n<meta name=\"description\" content=\"Komplet spodnjega perila GLORIA je tridelni komplet. Vklju\u010duje modr\u010dek, spodnje hla\u010dke in pas z dr\u017eki za nogavice. Mre\u017east material s cvetli\u010dnim vzorcem.\" \/>\n<meta name=\"robots\" content=\"index, follow, max-snippet:-1, max-image-preview:large, max-video-preview:-1\" \/>\n<link rel=\"canonical\" href=\"https:\/\/belovedlingerie.com\/si\/izdelek\/komplet-spodnjega-perila-gloria\/\" \/>\n<meta property=\"og:locale\" content=\"sl_SI\" \/>\n<meta property=\"og:type\" content=\"article\" \/>\n<meta property=\"og:title\" content=\"Komplet spodnjega perila GLORIA - Beloved Lingerie\" \/>\n<meta property=\"og:description\" content=\"Komplet spodnjega perila GLORIA je tridelni komplet. Vklju\u010duje modr\u010dek, spodnje hla\u010dke in pas z dr\u017eki za nogavice. Mre\u017east material s cvetli\u010dnim vzorcem.\" \/>\n<meta property=\"og:url\" content=\"https:\/\/belovedlingerie.com\/si\/izdelek\/komplet-spodnjega-perila-gloria\/\" \/>\n<meta property=\"og:site_name\" content=\"Beloved Lingerie\" \/>\n<meta property=\"article:modified_time\" content=\"2026-03-18T08:16:06+00:00\" \/>\n<meta property=\"og:image\" content=\"https:\/\/belovedlingerie.com\/si\/wp-content\/uploads\/2023\/02\/DSC07174-600x900-1.jpg\" \/>\n\t<meta property=\"og:image:width\" content=\"600\" \/>\n\t<meta property=\"og:image:height\" content=\"900\" \/>\n\t<meta property=\"og:image:type\" content=\"image\/jpeg\" \/>\n<meta name=\"twitter:card\" content=\"summary_large_image\" \/>\n<meta name=\"twitter:label1\" content=\"Est. reading time\" \/>\n\t<meta name=\"twitter:data1\" content=\"1 minuta\" \/>\n<script type=\"application\/ld+json\" class=\"yoast-schema-graph\">{\"@context\":\"https:\/\/schema.org\",\"@graph\":[{\"@type\":\"WebPage\",\"@id\":\"https:\/\/belovedlingerie.com\/si\/izdelek\/komplet-spodnjega-perila-gloria\/\",\"url\":\"https:\/\/belovedlingerie.com\/si\/izdelek\/komplet-spodnjega-perila-gloria\/\",\"name\":\"Komplet spodnjega perila GLORIA - Beloved Lingerie\",\"isPartOf\":{\"@id\":\"https:\/\/belovedlingerie.com\/si\/#website\"},\"primaryImageOfPage\":{\"@id\":\"https:\/\/belovedlingerie.com\/si\/izdelek\/komplet-spodnjega-perila-gloria\/#primaryimage\"},\"image\":{\"@id\":\"https:\/\/belovedlingerie.com\/si\/izdelek\/komplet-spodnjega-perila-gloria\/#primaryimage\"},\"thumbnailUrl\":\"https:\/\/belovedlingerie.com\/si\/wp-content\/uploads\/2023\/02\/DSC07174-600x900-1.jpg\",\"datePublished\":\"2023-02-27T17:17:02+00:00\",\"dateModified\":\"2026-03-18T08:16:06+00:00\",\"description\":\"Komplet spodnjega perila GLORIA je tridelni komplet. Vklju\u010duje modr\u010dek, spodnje hla\u010dke in pas z dr\u017eki za nogavice. Mre\u017east material s cvetli\u010dnim vzorcem.\",\"breadcrumb\":{\"@id\":\"https:\/\/belovedlingerie.com\/si\/izdelek\/komplet-spodnjega-perila-gloria\/#breadcrumb\"},\"inLanguage\":\"sl-SI\",\"potentialAction\":[{\"@type\":\"ReadAction\",\"target\":[\"https:\/\/belovedlingerie.com\/si\/izdelek\/komplet-spodnjega-perila-gloria\/\"]}]},{\"@type\":\"ImageObject\",\"inLanguage\":\"sl-SI\",\"@id\":\"https:\/\/belovedlingerie.com\/si\/izdelek\/komplet-spodnjega-perila-gloria\/#primaryimage\",\"url\":\"https:\/\/belovedlingerie.com\/si\/wp-content\/uploads\/2023\/02\/DSC07174-600x900-1.jpg\",\"contentUrl\":\"https:\/\/belovedlingerie.com\/si\/wp-content\/uploads\/2023\/02\/DSC07174-600x900-1.jpg\",\"width\":600,\"height\":900,\"caption\":\"Komplet spodnjega perila GLORIA\"},{\"@type\":\"BreadcrumbList\",\"@id\":\"https:\/\/belovedlingerie.com\/si\/izdelek\/komplet-spodnjega-perila-gloria\/#breadcrumb\",\"itemListElement\":[{\"@type\":\"ListItem\",\"position\":1,\"name\":\"Home\",\"item\":\"https:\/\/belovedlingerie.com\/si\/\"},{\"@type\":\"ListItem\",\"position\":2,\"name\":\"Shop\",\"item\":\"https:\/\/belovedlingerie.com\/si\/shop\/\"},{\"@type\":\"ListItem\",\"position\":3,\"name\":\"Komplet spodnjega perila GLORIA\"}]},{\"@type\":\"WebSite\",\"@id\":\"https:\/\/belovedlingerie.com\/si\/#website\",\"url\":\"https:\/\/belovedlingerie.com\/si\/\",\"name\":\"Beloved Lingerie\",\"description\":\"Your beloved fashion store!\",\"potentialAction\":[{\"@type\":\"SearchAction\",\"target\":{\"@type\":\"EntryPoint\",\"urlTemplate\":\"https:\/\/belovedlingerie.com\/si\/?s={search_term_string}\"},\"query-input\":\"required name=search_term_string\"}],\"inLanguage\":\"sl-SI\"}]}<\/script>\n<!-- \/ Yoast SEO plugin. -->","yoast_head_json":{"title":"Komplet spodnjega perila GLORIA - Beloved Lingerie","description":"Komplet spodnjega perila GLORIA je tridelni komplet. Vklju\u010duje modr\u010dek, spodnje hla\u010dke in pas z dr\u017eki za nogavice. Mre\u017east material s cvetli\u010dnim vzorcem.","robots":{"index":"index","follow":"follow","max-snippet":"max-snippet:-1","max-image-preview":"max-image-preview:large","max-video-preview":"max-video-preview:-1"},"canonical":"https:\/\/belovedlingerie.com\/si\/izdelek\/komplet-spodnjega-perila-gloria\/","og_locale":"sl_SI","og_type":"article","og_title":"Komplet spodnjega perila GLORIA - Beloved Lingerie","og_description":"Komplet spodnjega perila GLORIA je tridelni komplet. Vklju\u010duje modr\u010dek, spodnje hla\u010dke in pas z dr\u017eki za nogavice. Mre\u017east material s cvetli\u010dnim vzorcem.","og_url":"https:\/\/belovedlingerie.com\/si\/izdelek\/komplet-spodnjega-perila-gloria\/","og_site_name":"Beloved Lingerie","article_modified_time":"2026-03-18T08:16:06+00:00","og_image":[{"width":600,"height":900,"url":"https:\/\/belovedlingerie.com\/si\/wp-content\/uploads\/2023\/02\/DSC07174-600x900-1.jpg","type":"image\/jpeg"}],"twitter_card":"summary_large_image","twitter_misc":{"Est. reading time":"1 minuta"},"schema":{"@context":"https:\/\/schema.org","@graph":[{"@type":"WebPage","@id":"https:\/\/belovedlingerie.com\/si\/izdelek\/komplet-spodnjega-perila-gloria\/","url":"https:\/\/belovedlingerie.com\/si\/izdelek\/komplet-spodnjega-perila-gloria\/","name":"Komplet spodnjega perila GLORIA - Beloved Lingerie","isPartOf":{"@id":"https:\/\/belovedlingerie.com\/si\/#website"},"primaryImageOfPage":{"@id":"https:\/\/belovedlingerie.com\/si\/izdelek\/komplet-spodnjega-perila-gloria\/#primaryimage"},"image":{"@id":"https:\/\/belovedlingerie.com\/si\/izdelek\/komplet-spodnjega-perila-gloria\/#primaryimage"},"thumbnailUrl":"https:\/\/belovedlingerie.com\/si\/wp-content\/uploads\/2023\/02\/DSC07174-600x900-1.jpg","datePublished":"2023-02-27T17:17:02+00:00","dateModified":"2026-03-18T08:16:06+00:00","description":"Komplet spodnjega perila GLORIA je tridelni komplet. Vklju\u010duje modr\u010dek, spodnje hla\u010dke in pas z dr\u017eki za nogavice. Mre\u017east material s cvetli\u010dnim vzorcem.","breadcrumb":{"@id":"https:\/\/belovedlingerie.com\/si\/izdelek\/komplet-spodnjega-perila-gloria\/#breadcrumb"},"inLanguage":"sl-SI","potentialAction":[{"@type":"ReadAction","target":["https:\/\/belovedlingerie.com\/si\/izdelek\/komplet-spodnjega-perila-gloria\/"]}]},{"@type":"ImageObject","inLanguage":"sl-SI","@id":"https:\/\/belovedlingerie.com\/si\/izdelek\/komplet-spodnjega-perila-gloria\/#primaryimage","url":"https:\/\/belovedlingerie.com\/si\/wp-content\/uploads\/2023\/02\/DSC07174-600x900-1.jpg","contentUrl":"https:\/\/belovedlingerie.com\/si\/wp-content\/uploads\/2023\/02\/DSC07174-600x900-1.jpg","width":600,"height":900,"caption":"Komplet spodnjega perila GLORIA"},{"@type":"BreadcrumbList","@id":"https:\/\/belovedlingerie.com\/si\/izdelek\/komplet-spodnjega-perila-gloria\/#breadcrumb","itemListElement":[{"@type":"ListItem","position":1,"name":"Home","item":"https:\/\/belovedlingerie.com\/si\/"},{"@type":"ListItem","position":2,"name":"Shop","item":"https:\/\/belovedlingerie.com\/si\/shop\/"},{"@type":"ListItem","position":3,"name":"Komplet spodnjega perila GLORIA"}]},{"@type":"WebSite","@id":"https:\/\/belovedlingerie.com\/si\/#website","url":"https:\/\/belovedlingerie.com\/si\/","name":"Beloved Lingerie","description":"Your beloved fashion store!","potentialAction":[{"@type":"SearchAction","target":{"@type":"EntryPoint","urlTemplate":"https:\/\/belovedlingerie.com\/si\/?s={search_term_string}"},"query-input":"required name=search_term_string"}],"inLanguage":"sl-SI"}]}},"_links":{"self":[{"href":"https:\/\/belovedlingerie.com\/si\/wp-json\/wp\/v2\/product\/57988","targetHints":{"allow":["GET"]}}],"collection":[{"href":"https:\/\/belovedlingerie.com\/si\/wp-json\/wp\/v2\/product"}],"about":[{"href":"https:\/\/belovedlingerie.com\/si\/wp-json\/wp\/v2\/types\/product"}],"replies":[{"embeddable":true,"href":"https:\/\/belovedlingerie.com\/si\/wp-json\/wp\/v2\/comments?post=57988"}],"wp:featuredmedia":[{"embeddable":true,"href":"https:\/\/belovedlingerie.com\/si\/wp-json\/wp\/v2\/media\/58041"}],"wp:attachment":[{"href":"https:\/\/belovedlingerie.com\/si\/wp-json\/wp\/v2\/media?parent=57988"}],"wp:term":[{"taxonomy":"product_cat","embeddable":true,"href":"https:\/\/belovedlingerie.com\/si\/wp-json\/wp\/v2\/product_cat?post=57988"},{"taxonomy":"product_tag","embeddable":true,"href":"https:\/\/belovedlingerie.com\/si\/wp-json\/wp\/v2\/product_tag?post=57988"}],"curies":[{"name":"wp","href":"https:\/\/api.w.org\/{rel}","templated":true}]}}