{"id":58111,"date":"2023-02-13T19:28:04","date_gmt":"2023-02-13T18:28:04","guid":{"rendered":"https:\/\/belovedlingerie.com\/si\/?post_type=product&#038;p=58111"},"modified":"2026-01-12T07:34:37","modified_gmt":"2026-01-12T06:34:37","slug":"komplet-spodnjega-perila-savannah","status":"publish","type":"product","link":"https:\/\/belovedlingerie.com\/si\/izdelek\/komplet-spodnjega-perila-savannah\/","title":{"rendered":"Komplet spodnjega perila SAVANNAH"},"content":{"rendered":"<p><strong>Komplet spodnjega perila SAVANNAH<\/strong><\/p>\n<ul>\n<li><a href=\"https:\/\/belovedlingerie.com\/si\/kategorija\/spodnje-perilo\/dvodelni-kompleti\/\" target=\"_blank\" rel=\"noopener\">Dvodelni komplet<\/a> vklju\u010duje: modr\u010dek z dr\u017eki za nogavice ali podvezice in spodnje hla\u010dke.<\/li>\n<li>Modr\u010dek z \u017ei\u010dno oporo in zlatimi veri\u017eicami.<\/li>\n<li>Nepodlo\u017een.<\/li>\n<li>Kompaktna in zapeljiva \u010dipka.<\/li>\n<li>Nastavljive naramnice in zlate veri\u017eice.<\/li>\n<li>Zlate veri\u017eice je mo\u017eno odstraniti.<\/li>\n<li>Mo\u017enost reguliranja obsega modr\u010dka.<\/li>\n<li>Mo\u017enost reguliranja dol\u017eine dr\u017ekov za podvezice.<\/li>\n<li>Tip hla\u010dk: tangice.<\/li>\n<li>Delno transparenten.<\/li>\n<li>Svetujemo kombiniranje s\u00a0<a href=\"https:\/\/belovedlingerie.com\/si\/kategorija\/samostojece-nogavice\/\" target=\"_blank\" rel=\"noopener\">samostoje\u010dimi hla\u010dnimi nogavicami<\/a>.<\/li>\n<li>Barva: \u010drna.<\/li>\n<li>Nika nosi konfekcijsko \u0161tevilko S.<\/li>\n<li>Barve spodnjega perila na slikah se lahko nekoliko razlikujejo od dejanskih barv, zaradi nastavitev telefona ali ra\u010dunalnika.<\/li>\n<li>Sestava: 95% poliester, 5% elastan.<\/li>\n<\/ul>\n","protected":false},"excerpt":{"rendered":"<p>Komplet spodnjega perila SAVANNAH Dvodelni komplet vklju\u010duje: modr\u010dek z dr\u017eki za nogavice ali podvezice in spodnje hla\u010dke. Modr\u010dek z \u017ei\u010dno oporo in zlatimi veri\u017eicami. Nepodlo\u017een. Kompaktna in zapeljiva \u010dipka. Nastavljive naramnice in zlate veri\u017eice. Zlate veri\u017eice je mo\u017eno odstraniti. Mo\u017enost reguliranja obsega modr\u010dka. Mo\u017enost reguliranja dol\u017eine dr\u017ekov za podvezice. Tip hla\u010dk: tangice. Delno transparenten. Svetujemo [&#8230;]\n","protected":false},"featured_media":57698,"comment_status":"open","ping_status":"closed","template":"","meta":[],"product_cat":[158,187,188],"product_tag":[],"class_list":{"0":"post-58111","1":"product","2":"type-product","3":"status-publish","4":"has-post-thumbnail","6":"product_cat-bestsellers","7":"product_cat-spodnje-perilo","8":"product_cat-dvodelni-kompleti","10":"first","11":"instock","12":"taxable","13":"shipping-taxable","14":"purchasable","15":"product-type-variable"},"bundled_by":[],"bundle_stock_status":"instock","bundle_stock_quantity":null,"bundle_virtual":false,"bundle_layout":"","bundle_add_to_cart_form_location":"","bundle_editable_in_cart":false,"bundle_sold_individually_context":"","bundle_item_grouping":"","bundle_min_size":"","bundle_max_size":"","bundle_price":[],"bundled_items":[],"bundle_sell_ids":[],"acf":[],"yoast_head":"<!-- This site is optimized with the Yoast SEO plugin v22.3 - https:\/\/yoast.com\/wordpress\/plugins\/seo\/ -->\n<title>Komplet spodnjega perila SAVANNAH - Beloved Lingerie<\/title>\n<meta name=\"description\" content=\"Komplet spodnjega perila SAVANNAH je dvodelni komplet. Vklju\u010duje modr\u010dek z dr\u017eki za nogavice in spodnje hla\u010dke. Zapeljiva \u010dipka in odstranljive veri\u017eice.\" \/>\n<meta name=\"robots\" content=\"index, follow, max-snippet:-1, max-image-preview:large, max-video-preview:-1\" \/>\n<link rel=\"canonical\" href=\"https:\/\/belovedlingerie.com\/si\/izdelek\/komplet-spodnjega-perila-savannah\/\" \/>\n<meta property=\"og:locale\" content=\"sl_SI\" \/>\n<meta property=\"og:type\" content=\"article\" \/>\n<meta property=\"og:title\" content=\"Komplet spodnjega perila SAVANNAH - Beloved Lingerie\" \/>\n<meta property=\"og:description\" content=\"Komplet spodnjega perila SAVANNAH je dvodelni komplet. Vklju\u010duje modr\u010dek z dr\u017eki za nogavice in spodnje hla\u010dke. Zapeljiva \u010dipka in odstranljive veri\u017eice.\" \/>\n<meta property=\"og:url\" content=\"https:\/\/belovedlingerie.com\/si\/izdelek\/komplet-spodnjega-perila-savannah\/\" \/>\n<meta property=\"og:site_name\" content=\"Beloved Lingerie\" \/>\n<meta property=\"article:modified_time\" content=\"2026-01-12T06:34:37+00:00\" \/>\n<meta property=\"og:image\" content=\"https:\/\/belovedlingerie.com\/si\/wp-content\/uploads\/2023\/02\/DSC00154.jpg\" \/>\n\t<meta property=\"og:image:width\" content=\"1365\" \/>\n\t<meta property=\"og:image:height\" content=\"2048\" \/>\n\t<meta property=\"og:image:type\" content=\"image\/jpeg\" \/>\n<meta name=\"twitter:card\" content=\"summary_large_image\" \/>\n<meta name=\"twitter:label1\" content=\"Est. reading time\" \/>\n\t<meta name=\"twitter:data1\" content=\"1 minuta\" \/>\n<script type=\"application\/ld+json\" class=\"yoast-schema-graph\">{\"@context\":\"https:\/\/schema.org\",\"@graph\":[{\"@type\":\"WebPage\",\"@id\":\"https:\/\/belovedlingerie.com\/si\/izdelek\/komplet-spodnjega-perila-savannah\/\",\"url\":\"https:\/\/belovedlingerie.com\/si\/izdelek\/komplet-spodnjega-perila-savannah\/\",\"name\":\"Komplet spodnjega perila SAVANNAH - Beloved Lingerie\",\"isPartOf\":{\"@id\":\"https:\/\/belovedlingerie.com\/si\/#website\"},\"primaryImageOfPage\":{\"@id\":\"https:\/\/belovedlingerie.com\/si\/izdelek\/komplet-spodnjega-perila-savannah\/#primaryimage\"},\"image\":{\"@id\":\"https:\/\/belovedlingerie.com\/si\/izdelek\/komplet-spodnjega-perila-savannah\/#primaryimage\"},\"thumbnailUrl\":\"https:\/\/belovedlingerie.com\/si\/wp-content\/uploads\/2023\/02\/DSC00154.jpg\",\"datePublished\":\"2023-02-13T18:28:04+00:00\",\"dateModified\":\"2026-01-12T06:34:37+00:00\",\"description\":\"Komplet spodnjega perila SAVANNAH je dvodelni komplet. Vklju\u010duje modr\u010dek z dr\u017eki za nogavice in spodnje hla\u010dke. Zapeljiva \u010dipka in odstranljive veri\u017eice.\",\"breadcrumb\":{\"@id\":\"https:\/\/belovedlingerie.com\/si\/izdelek\/komplet-spodnjega-perila-savannah\/#breadcrumb\"},\"inLanguage\":\"sl-SI\",\"potentialAction\":[{\"@type\":\"ReadAction\",\"target\":[\"https:\/\/belovedlingerie.com\/si\/izdelek\/komplet-spodnjega-perila-savannah\/\"]}]},{\"@type\":\"ImageObject\",\"inLanguage\":\"sl-SI\",\"@id\":\"https:\/\/belovedlingerie.com\/si\/izdelek\/komplet-spodnjega-perila-savannah\/#primaryimage\",\"url\":\"https:\/\/belovedlingerie.com\/si\/wp-content\/uploads\/2023\/02\/DSC00154.jpg\",\"contentUrl\":\"https:\/\/belovedlingerie.com\/si\/wp-content\/uploads\/2023\/02\/DSC00154.jpg\",\"width\":1365,\"height\":2048,\"caption\":\"Komplet spodnjega perila SAVANNAH\"},{\"@type\":\"BreadcrumbList\",\"@id\":\"https:\/\/belovedlingerie.com\/si\/izdelek\/komplet-spodnjega-perila-savannah\/#breadcrumb\",\"itemListElement\":[{\"@type\":\"ListItem\",\"position\":1,\"name\":\"Home\",\"item\":\"https:\/\/belovedlingerie.com\/si\/\"},{\"@type\":\"ListItem\",\"position\":2,\"name\":\"Shop\",\"item\":\"https:\/\/belovedlingerie.com\/si\/shop\/\"},{\"@type\":\"ListItem\",\"position\":3,\"name\":\"Komplet spodnjega perila SAVANNAH\"}]},{\"@type\":\"WebSite\",\"@id\":\"https:\/\/belovedlingerie.com\/si\/#website\",\"url\":\"https:\/\/belovedlingerie.com\/si\/\",\"name\":\"Beloved Lingerie\",\"description\":\"Your beloved fashion store!\",\"potentialAction\":[{\"@type\":\"SearchAction\",\"target\":{\"@type\":\"EntryPoint\",\"urlTemplate\":\"https:\/\/belovedlingerie.com\/si\/?s={search_term_string}\"},\"query-input\":\"required name=search_term_string\"}],\"inLanguage\":\"sl-SI\"}]}<\/script>\n<!-- \/ Yoast SEO plugin. -->","yoast_head_json":{"title":"Komplet spodnjega perila SAVANNAH - Beloved Lingerie","description":"Komplet spodnjega perila SAVANNAH je dvodelni komplet. Vklju\u010duje modr\u010dek z dr\u017eki za nogavice in spodnje hla\u010dke. Zapeljiva \u010dipka in odstranljive veri\u017eice.","robots":{"index":"index","follow":"follow","max-snippet":"max-snippet:-1","max-image-preview":"max-image-preview:large","max-video-preview":"max-video-preview:-1"},"canonical":"https:\/\/belovedlingerie.com\/si\/izdelek\/komplet-spodnjega-perila-savannah\/","og_locale":"sl_SI","og_type":"article","og_title":"Komplet spodnjega perila SAVANNAH - Beloved Lingerie","og_description":"Komplet spodnjega perila SAVANNAH je dvodelni komplet. Vklju\u010duje modr\u010dek z dr\u017eki za nogavice in spodnje hla\u010dke. Zapeljiva \u010dipka in odstranljive veri\u017eice.","og_url":"https:\/\/belovedlingerie.com\/si\/izdelek\/komplet-spodnjega-perila-savannah\/","og_site_name":"Beloved Lingerie","article_modified_time":"2026-01-12T06:34:37+00:00","og_image":[{"width":1365,"height":2048,"url":"https:\/\/belovedlingerie.com\/si\/wp-content\/uploads\/2023\/02\/DSC00154.jpg","type":"image\/jpeg"}],"twitter_card":"summary_large_image","twitter_misc":{"Est. reading time":"1 minuta"},"schema":{"@context":"https:\/\/schema.org","@graph":[{"@type":"WebPage","@id":"https:\/\/belovedlingerie.com\/si\/izdelek\/komplet-spodnjega-perila-savannah\/","url":"https:\/\/belovedlingerie.com\/si\/izdelek\/komplet-spodnjega-perila-savannah\/","name":"Komplet spodnjega perila SAVANNAH - Beloved Lingerie","isPartOf":{"@id":"https:\/\/belovedlingerie.com\/si\/#website"},"primaryImageOfPage":{"@id":"https:\/\/belovedlingerie.com\/si\/izdelek\/komplet-spodnjega-perila-savannah\/#primaryimage"},"image":{"@id":"https:\/\/belovedlingerie.com\/si\/izdelek\/komplet-spodnjega-perila-savannah\/#primaryimage"},"thumbnailUrl":"https:\/\/belovedlingerie.com\/si\/wp-content\/uploads\/2023\/02\/DSC00154.jpg","datePublished":"2023-02-13T18:28:04+00:00","dateModified":"2026-01-12T06:34:37+00:00","description":"Komplet spodnjega perila SAVANNAH je dvodelni komplet. Vklju\u010duje modr\u010dek z dr\u017eki za nogavice in spodnje hla\u010dke. Zapeljiva \u010dipka in odstranljive veri\u017eice.","breadcrumb":{"@id":"https:\/\/belovedlingerie.com\/si\/izdelek\/komplet-spodnjega-perila-savannah\/#breadcrumb"},"inLanguage":"sl-SI","potentialAction":[{"@type":"ReadAction","target":["https:\/\/belovedlingerie.com\/si\/izdelek\/komplet-spodnjega-perila-savannah\/"]}]},{"@type":"ImageObject","inLanguage":"sl-SI","@id":"https:\/\/belovedlingerie.com\/si\/izdelek\/komplet-spodnjega-perila-savannah\/#primaryimage","url":"https:\/\/belovedlingerie.com\/si\/wp-content\/uploads\/2023\/02\/DSC00154.jpg","contentUrl":"https:\/\/belovedlingerie.com\/si\/wp-content\/uploads\/2023\/02\/DSC00154.jpg","width":1365,"height":2048,"caption":"Komplet spodnjega perila SAVANNAH"},{"@type":"BreadcrumbList","@id":"https:\/\/belovedlingerie.com\/si\/izdelek\/komplet-spodnjega-perila-savannah\/#breadcrumb","itemListElement":[{"@type":"ListItem","position":1,"name":"Home","item":"https:\/\/belovedlingerie.com\/si\/"},{"@type":"ListItem","position":2,"name":"Shop","item":"https:\/\/belovedlingerie.com\/si\/shop\/"},{"@type":"ListItem","position":3,"name":"Komplet spodnjega perila SAVANNAH"}]},{"@type":"WebSite","@id":"https:\/\/belovedlingerie.com\/si\/#website","url":"https:\/\/belovedlingerie.com\/si\/","name":"Beloved Lingerie","description":"Your beloved fashion store!","potentialAction":[{"@type":"SearchAction","target":{"@type":"EntryPoint","urlTemplate":"https:\/\/belovedlingerie.com\/si\/?s={search_term_string}"},"query-input":"required name=search_term_string"}],"inLanguage":"sl-SI"}]}},"_links":{"self":[{"href":"https:\/\/belovedlingerie.com\/si\/wp-json\/wp\/v2\/product\/58111","targetHints":{"allow":["GET"]}}],"collection":[{"href":"https:\/\/belovedlingerie.com\/si\/wp-json\/wp\/v2\/product"}],"about":[{"href":"https:\/\/belovedlingerie.com\/si\/wp-json\/wp\/v2\/types\/product"}],"replies":[{"embeddable":true,"href":"https:\/\/belovedlingerie.com\/si\/wp-json\/wp\/v2\/comments?post=58111"}],"wp:featuredmedia":[{"embeddable":true,"href":"https:\/\/belovedlingerie.com\/si\/wp-json\/wp\/v2\/media\/57698"}],"wp:attachment":[{"href":"https:\/\/belovedlingerie.com\/si\/wp-json\/wp\/v2\/media?parent=58111"}],"wp:term":[{"taxonomy":"product_cat","embeddable":true,"href":"https:\/\/belovedlingerie.com\/si\/wp-json\/wp\/v2\/product_cat?post=58111"},{"taxonomy":"product_tag","embeddable":true,"href":"https:\/\/belovedlingerie.com\/si\/wp-json\/wp\/v2\/product_tag?post=58111"}],"curies":[{"name":"wp","href":"https:\/\/api.w.org\/{rel}","templated":true}]}}