{"id":10060613,"date":"2023-04-05T07:19:46","date_gmt":"2023-04-05T05:19:46","guid":{"rendered":"https:\/\/belovedlingerie.com\/sk\/izdelek\/bezdratova-podprsenka-ella-bila\/"},"modified":"2026-01-20T13:51:17","modified_gmt":"2026-01-20T12:51:17","slug":"bezdratova-podprsenka-ella-biela","status":"publish","type":"product","link":"https:\/\/belovedlingerie.com\/sk\/izdelek\/bezdratova-podprsenka-ella-biela\/","title":{"rendered":"Bezdr\u00e1tov\u00e1 podprsenka ELLA biela"},"content":{"rendered":"<ul>\n<li>Bezdr\u00f4tov\u00e1 podprsenka z pr\u00edjemn\u00fdch materi\u00e1lov.<\/li>\n<li>Stre\u010dov\u00e1 podprsenka neobsahuje podporn\u00fd dr\u00f4t, je pohodln\u00e1 na ka\u017edodenn\u00e9 nosenie a nie je vidite\u013en\u00e1 pod oble\u010den\u00edm.<\/li>\n<li>Pohodln\u00e1 a \u0161t\u00fdlov\u00e1.<\/li>\n<li>Nastavite\u013en\u00fd ramenn\u00fd popruh.<\/li>\n<li>Mo\u017enos\u0165 nastavenia podpory podprsenky a p\u00e1sku s \u00fachytmi.<\/li>\n<li>Vypchat\u00e9 podlo\u017eky.<\/li>\n<li>Farba: biela.<\/li>\n<li>Vyroben\u00e9 z m\u00e4kk\u00fdch materi\u00e1lov \u0161etrn\u00fdch k poko\u017eke.<\/li>\n<li>Modelka m\u00e1 na sebe \u010d\u00edslo S.<\/li>\n<li>Farby spodnej bielizne na obr\u00e1zkoch sa m\u00f4\u017eu mierne l\u00ed\u0161i\u0165 od skuto\u010dn\u00fdch farieb v d\u00f4sledku nastavenia telef\u00f3nu alebo po\u010d\u00edta\u010da.<\/li>\n<li>Zlo\u017eenie: Pod\u0161\u00edvka: 82% nylon, 18% spandex; Vonkaj\u0161\u00ed 1: 90 % modal, 10 % Spandex, Vonkaj\u0161\u00ed 2: 83 % Nylon, 17 % Spandex.<\/li>\n<\/ul>\n","protected":false},"excerpt":{"rendered":"<p>Bezdr\u00f4tov\u00e1 podprsenka z pr\u00edjemn\u00fdch materi\u00e1lov. Stre\u010dov\u00e1 podprsenka neobsahuje podporn\u00fd dr\u00f4t, je pohodln\u00e1 na ka\u017edodenn\u00e9 nosenie a nie je vidite\u013en\u00e1 pod oble\u010den\u00edm. Pohodln\u00e1 a \u0161t\u00fdlov\u00e1. Nastavite\u013en\u00fd ramenn\u00fd popruh. Mo\u017enos\u0165 nastavenia podpory podprsenky a p\u00e1sku s \u00fachytmi. Vypchat\u00e9 podlo\u017eky. Farba: biela. Vyroben\u00e9 z m\u00e4kk\u00fdch materi\u00e1lov \u0161etrn\u00fdch k poko\u017eke. Modelka m\u00e1 na sebe \u010d\u00edslo S. Farby spodnej bielizne [&#8230;]\n","protected":false},"featured_media":10060235,"comment_status":"open","ping_status":"closed","template":"","meta":{"_acf_changed":false},"product_brand":[],"product_cat":[198,158,227,199],"product_tag":[],"class_list":{"0":"post-10060613","1":"product","2":"type-product","3":"status-publish","4":"has-post-thumbnail","6":"product_cat-back-to-basics","7":"product_cat-bestsellers","8":"product_cat-bezesve-spodni-pradlo","9":"product_cat-podprsenky","11":"first","12":"instock","13":"taxable","14":"shipping-taxable","15":"purchasable","16":"product-type-variable"},"bundled_by":[],"bundle_stock_status":"instock","bundle_stock_quantity":null,"bundle_virtual":false,"bundle_layout":"","bundle_add_to_cart_form_location":"","bundle_editable_in_cart":false,"bundle_sold_individually_context":"","bundle_item_grouping":"","bundle_min_size":"","bundle_max_size":"","bundle_price":[],"bundled_items":[],"bundle_sell_ids":[],"acf":[],"yoast_head":"<!-- This site is optimized with the Yoast SEO plugin v24.3 - https:\/\/yoast.com\/wordpress\/plugins\/seo\/ -->\n<title>Bezdr\u00e1tov\u00e1 podprsenka ELLA biela - Beloved Lingerie<\/title>\n<meta name=\"robots\" content=\"index, follow, max-snippet:-1, max-image-preview:large, max-video-preview:-1\" \/>\n<link rel=\"canonical\" href=\"https:\/\/belovedlingerie.com\/sk\/izdelek\/bezdratova-podprsenka-ella-biela\/\" \/>\n<meta property=\"og:locale\" content=\"sk_SK\" \/>\n<meta property=\"og:type\" content=\"article\" \/>\n<meta property=\"og:title\" content=\"Bezdr\u00e1tov\u00e1 podprsenka ELLA biela - Beloved Lingerie\" \/>\n<meta property=\"og:description\" content=\"Bezdr\u00f4tov\u00e1 podprsenka z pr\u00edjemn\u00fdch materi\u00e1lov. Stre\u010dov\u00e1 podprsenka neobsahuje podporn\u00fd dr\u00f4t, je pohodln\u00e1 na ka\u017edodenn\u00e9 nosenie a nie je vidite\u013en\u00e1 pod oble\u010den\u00edm. Pohodln\u00e1 a \u0161t\u00fdlov\u00e1. Nastavite\u013en\u00fd ramenn\u00fd popruh. Mo\u017enos\u0165 nastavenia podpory podprsenky a p\u00e1sku s \u00fachytmi. Vypchat\u00e9 podlo\u017eky. Farba: biela. Vyroben\u00e9 z m\u00e4kk\u00fdch materi\u00e1lov \u0161etrn\u00fdch k poko\u017eke. Modelka m\u00e1 na sebe \u010d\u00edslo S. Farby spodnej bielizne [...]\" \/>\n<meta property=\"og:url\" content=\"https:\/\/belovedlingerie.com\/sk\/izdelek\/bezdratova-podprsenka-ella-biela\/\" \/>\n<meta property=\"og:site_name\" content=\"Beloved Lingerie\" \/>\n<meta property=\"article:modified_time\" content=\"2026-01-20T12:51:17+00:00\" \/>\n<meta property=\"og:image\" content=\"https:\/\/belovedlingerie.com\/sk\/wp-content\/uploads\/2024\/03\/Brezzicni-nedrcek-ELLA-bez10.jpg\" \/>\n\t<meta property=\"og:image:width\" content=\"1605\" \/>\n\t<meta property=\"og:image:height\" content=\"2407\" \/>\n\t<meta property=\"og:image:type\" content=\"image\/jpeg\" \/>\n<meta name=\"twitter:card\" content=\"summary_large_image\" \/>\n<meta name=\"twitter:label1\" content=\"Predpokladan\u00fd \u010das \u010d\u00edtania\" \/>\n\t<meta name=\"twitter:data1\" content=\"1 min\u00fata\" \/>\n<script type=\"application\/ld+json\" class=\"yoast-schema-graph\">{\"@context\":\"https:\/\/schema.org\",\"@graph\":[{\"@type\":\"WebPage\",\"@id\":\"https:\/\/belovedlingerie.com\/sk\/izdelek\/bezdratova-podprsenka-ella-biela\/\",\"url\":\"https:\/\/belovedlingerie.com\/sk\/izdelek\/bezdratova-podprsenka-ella-biela\/\",\"name\":\"Bezdr\u00e1tov\u00e1 podprsenka ELLA biela - Beloved Lingerie\",\"isPartOf\":{\"@id\":\"https:\/\/belovedlingerie.com\/sk\/#website\"},\"primaryImageOfPage\":{\"@id\":\"https:\/\/belovedlingerie.com\/sk\/izdelek\/bezdratova-podprsenka-ella-biela\/#primaryimage\"},\"image\":{\"@id\":\"https:\/\/belovedlingerie.com\/sk\/izdelek\/bezdratova-podprsenka-ella-biela\/#primaryimage\"},\"thumbnailUrl\":\"https:\/\/belovedlingerie.com\/sk\/wp-content\/uploads\/2024\/03\/Brezzicni-nedrcek-ELLA-bez10.jpg\",\"datePublished\":\"2023-04-05T05:19:46+00:00\",\"dateModified\":\"2026-01-20T12:51:17+00:00\",\"breadcrumb\":{\"@id\":\"https:\/\/belovedlingerie.com\/sk\/izdelek\/bezdratova-podprsenka-ella-biela\/#breadcrumb\"},\"inLanguage\":\"sk-SK\",\"potentialAction\":[{\"@type\":\"ReadAction\",\"target\":[\"https:\/\/belovedlingerie.com\/sk\/izdelek\/bezdratova-podprsenka-ella-biela\/\"]}]},{\"@type\":\"ImageObject\",\"inLanguage\":\"sk-SK\",\"@id\":\"https:\/\/belovedlingerie.com\/sk\/izdelek\/bezdratova-podprsenka-ella-biela\/#primaryimage\",\"url\":\"https:\/\/belovedlingerie.com\/sk\/wp-content\/uploads\/2024\/03\/Brezzicni-nedrcek-ELLA-bez10.jpg\",\"contentUrl\":\"https:\/\/belovedlingerie.com\/sk\/wp-content\/uploads\/2024\/03\/Brezzicni-nedrcek-ELLA-bez10.jpg\",\"width\":1605,\"height\":2407},{\"@type\":\"BreadcrumbList\",\"@id\":\"https:\/\/belovedlingerie.com\/sk\/izdelek\/bezdratova-podprsenka-ella-biela\/#breadcrumb\",\"itemListElement\":[{\"@type\":\"ListItem\",\"position\":1,\"name\":\"Home\",\"item\":\"https:\/\/belovedlingerie.com\/sk\/\"},{\"@type\":\"ListItem\",\"position\":2,\"name\":\"Shop\",\"item\":\"https:\/\/belovedlingerie.com\/sk\/shop\/\"},{\"@type\":\"ListItem\",\"position\":3,\"name\":\"Bezdr\u00e1tov\u00e1 podprsenka ELLA biela\"}]},{\"@type\":\"WebSite\",\"@id\":\"https:\/\/belovedlingerie.com\/sk\/#website\",\"url\":\"https:\/\/belovedlingerie.com\/sk\/\",\"name\":\"Beloved Lingerie\",\"description\":\"Your beloved fashion store!\",\"potentialAction\":[{\"@type\":\"SearchAction\",\"target\":{\"@type\":\"EntryPoint\",\"urlTemplate\":\"https:\/\/belovedlingerie.com\/sk\/?s={search_term_string}\"},\"query-input\":{\"@type\":\"PropertyValueSpecification\",\"valueRequired\":true,\"valueName\":\"search_term_string\"}}],\"inLanguage\":\"sk-SK\"}]}<\/script>\n<!-- \/ Yoast SEO plugin. -->","yoast_head_json":{"title":"Bezdr\u00e1tov\u00e1 podprsenka ELLA biela - Beloved Lingerie","robots":{"index":"index","follow":"follow","max-snippet":"max-snippet:-1","max-image-preview":"max-image-preview:large","max-video-preview":"max-video-preview:-1"},"canonical":"https:\/\/belovedlingerie.com\/sk\/izdelek\/bezdratova-podprsenka-ella-biela\/","og_locale":"sk_SK","og_type":"article","og_title":"Bezdr\u00e1tov\u00e1 podprsenka ELLA biela - Beloved Lingerie","og_description":"Bezdr\u00f4tov\u00e1 podprsenka z pr\u00edjemn\u00fdch materi\u00e1lov. Stre\u010dov\u00e1 podprsenka neobsahuje podporn\u00fd dr\u00f4t, je pohodln\u00e1 na ka\u017edodenn\u00e9 nosenie a nie je vidite\u013en\u00e1 pod oble\u010den\u00edm. Pohodln\u00e1 a \u0161t\u00fdlov\u00e1. Nastavite\u013en\u00fd ramenn\u00fd popruh. Mo\u017enos\u0165 nastavenia podpory podprsenky a p\u00e1sku s \u00fachytmi. Vypchat\u00e9 podlo\u017eky. Farba: biela. Vyroben\u00e9 z m\u00e4kk\u00fdch materi\u00e1lov \u0161etrn\u00fdch k poko\u017eke. Modelka m\u00e1 na sebe \u010d\u00edslo S. Farby spodnej bielizne [...]","og_url":"https:\/\/belovedlingerie.com\/sk\/izdelek\/bezdratova-podprsenka-ella-biela\/","og_site_name":"Beloved Lingerie","article_modified_time":"2026-01-20T12:51:17+00:00","og_image":[{"width":1605,"height":2407,"url":"https:\/\/belovedlingerie.com\/sk\/wp-content\/uploads\/2024\/03\/Brezzicni-nedrcek-ELLA-bez10.jpg","type":"image\/jpeg"}],"twitter_card":"summary_large_image","twitter_misc":{"Predpokladan\u00fd \u010das \u010d\u00edtania":"1 min\u00fata"},"schema":{"@context":"https:\/\/schema.org","@graph":[{"@type":"WebPage","@id":"https:\/\/belovedlingerie.com\/sk\/izdelek\/bezdratova-podprsenka-ella-biela\/","url":"https:\/\/belovedlingerie.com\/sk\/izdelek\/bezdratova-podprsenka-ella-biela\/","name":"Bezdr\u00e1tov\u00e1 podprsenka ELLA biela - Beloved Lingerie","isPartOf":{"@id":"https:\/\/belovedlingerie.com\/sk\/#website"},"primaryImageOfPage":{"@id":"https:\/\/belovedlingerie.com\/sk\/izdelek\/bezdratova-podprsenka-ella-biela\/#primaryimage"},"image":{"@id":"https:\/\/belovedlingerie.com\/sk\/izdelek\/bezdratova-podprsenka-ella-biela\/#primaryimage"},"thumbnailUrl":"https:\/\/belovedlingerie.com\/sk\/wp-content\/uploads\/2024\/03\/Brezzicni-nedrcek-ELLA-bez10.jpg","datePublished":"2023-04-05T05:19:46+00:00","dateModified":"2026-01-20T12:51:17+00:00","breadcrumb":{"@id":"https:\/\/belovedlingerie.com\/sk\/izdelek\/bezdratova-podprsenka-ella-biela\/#breadcrumb"},"inLanguage":"sk-SK","potentialAction":[{"@type":"ReadAction","target":["https:\/\/belovedlingerie.com\/sk\/izdelek\/bezdratova-podprsenka-ella-biela\/"]}]},{"@type":"ImageObject","inLanguage":"sk-SK","@id":"https:\/\/belovedlingerie.com\/sk\/izdelek\/bezdratova-podprsenka-ella-biela\/#primaryimage","url":"https:\/\/belovedlingerie.com\/sk\/wp-content\/uploads\/2024\/03\/Brezzicni-nedrcek-ELLA-bez10.jpg","contentUrl":"https:\/\/belovedlingerie.com\/sk\/wp-content\/uploads\/2024\/03\/Brezzicni-nedrcek-ELLA-bez10.jpg","width":1605,"height":2407},{"@type":"BreadcrumbList","@id":"https:\/\/belovedlingerie.com\/sk\/izdelek\/bezdratova-podprsenka-ella-biela\/#breadcrumb","itemListElement":[{"@type":"ListItem","position":1,"name":"Home","item":"https:\/\/belovedlingerie.com\/sk\/"},{"@type":"ListItem","position":2,"name":"Shop","item":"https:\/\/belovedlingerie.com\/sk\/shop\/"},{"@type":"ListItem","position":3,"name":"Bezdr\u00e1tov\u00e1 podprsenka ELLA biela"}]},{"@type":"WebSite","@id":"https:\/\/belovedlingerie.com\/sk\/#website","url":"https:\/\/belovedlingerie.com\/sk\/","name":"Beloved Lingerie","description":"Your beloved fashion store!","potentialAction":[{"@type":"SearchAction","target":{"@type":"EntryPoint","urlTemplate":"https:\/\/belovedlingerie.com\/sk\/?s={search_term_string}"},"query-input":{"@type":"PropertyValueSpecification","valueRequired":true,"valueName":"search_term_string"}}],"inLanguage":"sk-SK"}]}},"_links":{"self":[{"href":"https:\/\/belovedlingerie.com\/sk\/wp-json\/wp\/v2\/product\/10060613","targetHints":{"allow":["GET"]}}],"collection":[{"href":"https:\/\/belovedlingerie.com\/sk\/wp-json\/wp\/v2\/product"}],"about":[{"href":"https:\/\/belovedlingerie.com\/sk\/wp-json\/wp\/v2\/types\/product"}],"replies":[{"embeddable":true,"href":"https:\/\/belovedlingerie.com\/sk\/wp-json\/wp\/v2\/comments?post=10060613"}],"wp:featuredmedia":[{"embeddable":true,"href":"https:\/\/belovedlingerie.com\/sk\/wp-json\/wp\/v2\/media\/10060235"}],"wp:attachment":[{"href":"https:\/\/belovedlingerie.com\/sk\/wp-json\/wp\/v2\/media?parent=10060613"}],"wp:term":[{"taxonomy":"product_brand","embeddable":true,"href":"https:\/\/belovedlingerie.com\/sk\/wp-json\/wp\/v2\/product_brand?post=10060613"},{"taxonomy":"product_cat","embeddable":true,"href":"https:\/\/belovedlingerie.com\/sk\/wp-json\/wp\/v2\/product_cat?post=10060613"},{"taxonomy":"product_tag","embeddable":true,"href":"https:\/\/belovedlingerie.com\/sk\/wp-json\/wp\/v2\/product_tag?post=10060613"}],"curies":[{"name":"wp","href":"https:\/\/api.w.org\/{rel}","templated":true}]}}